{"id":299744,"date":"2025-02-17T17:36:09","date_gmt":"2025-02-17T16:36:09","guid":{"rendered":"https:\/\/miomiorun.com\/prodotto\/tracer-tank-donna\/"},"modified":"2025-05-14T11:12:09","modified_gmt":"2025-05-14T09:12:09","slug":"tracer-tank-femme","status":"publish","type":"product","link":"https:\/\/www.miomiorun.com\/fr\/produit\/tracer-tank-femme\/","title":{"rendered":"Tracer Tank femme"},"content":{"rendered":"<p>Les courses courtes et les entra\u00eenements rapides exigent confort et fonctionnalit\u00e9. Gr\u00e2ce \u00e0 la technologie innovante S-Caf\u00e9 int\u00e9gr\u00e9e dans ses fibres, le <strong>d\u00e9bardeur Tracer<\/strong> pour femmes r\u00e9gule naturellement les odeurs et la transpiration.<\/p>\n<p><strong>Caract\u00e9ristiques :<\/strong><\/p>\n<ul>\n<li>tissu r\u00e9sistant aux odeurs et \u00e0 s\u00e9chage rapide<\/li>\n<li>d\u00e9tails r\u00e9fl\u00e9chissants sur les \u00e9paules<\/li>\n<li>coutures r\u00e9alis\u00e9es avec la technologie flatlock anti-friction<\/li>\n<\/ul>\n<p>&nbsp;<\/p>\n<p><img decoding=\"async\" src=\"https:\/\/www.lasportiva.com\/media\/techinfo_icons\/Lightweight_75x75.png\" \/><\/p>\n<p><strong>L\u00e9g\u00e8ret\u00e9 :<\/strong><br \/>\nDes produits au poids minimum<\/p>\n<p>&nbsp;<\/p>\n<p><img decoding=\"async\" src=\"https:\/\/www.lasportiva.com\/media\/RECYCLEDfabric_Icone_75x75_1.png\" \/><\/p>\n<p>La Sportiva fabrique des produits pour la montagne depuis 1928 au pied des Dolomites, c&#8217;est pourquoi nous portons la plus grande attention \u00e0 chaque d\u00e9tail qui peut faire la diff\u00e9rence pour l&#8217;environnement. Avec les logos <strong>RECYCLED FABRIC &amp; INSULATIONS<\/strong>, nous avons identifi\u00e9 des produits \u00e9co-compatibles qui, gr\u00e2ce \u00e0 nos choix de fabrication et de construction, utilisent des mat\u00e9riaux issus de la r\u00e9utilisation du plastique, permettant ainsi au consommateur de faire un achat respectueux de l&#8217;environnement.<\/p>\n<p>&nbsp;<\/p>\n<p><img loading=\"lazy\" decoding=\"async\" class=\"\" src=\"https:\/\/www.lasportiva.com\/media\/techinfo_icons\/s\/c\/scaf__icona_125x75.png\" alt=\"La Sportiva\" width=\"93\" height=\"56\" \/><\/p>\n<p>Le S <strong>.<\/strong><strong> Caf\u00e9\u00ae<\/strong>, gr\u00e2ce \u00e0 un processus industriel \u00e0 basse temp\u00e9rature, \u00e0 haute pression et \u00e0 faible consommation d&#8217;\u00e9nergie, combine le marc de caf\u00e9 recycl\u00e9 \u00e0 la surface du fil, modifiant ainsi les caract\u00e9ristiques du filament. Gr\u00e2ce \u00e0 ce proc\u00e9d\u00e9, le tissu pr\u00e9sente des propri\u00e9t\u00e9s durables telles que le contr\u00f4le des odeurs et un s\u00e9chage rapide.<\/p>\n","protected":false},"excerpt":{"rendered":"<ul>\n<li>Tissu anti-odeur et \u00e0 s\u00e9chage rapide<\/li>\n<li>d\u00e9tails r\u00e9fl\u00e9chissants sur les \u00e9paules<\/li>\n<li>coutures r\u00e9alis\u00e9es avec la technologie flatlock anti-frottement<\/li>\n<\/ul>\n","protected":false},"featured_media":256783,"template":"","meta":{"_acf_changed":false,"inline_featured_image":false},"product_brand":[],"product_cat":[22598,22596],"product_tag":[23597,23601],"class_list":{"0":"post-299744","1":"product","2":"type-product","3":"status-publish","4":"has-post-thumbnail","6":"product_cat-gilets","7":"product_cat-vetements-pour-femmes","8":"product_tag-la-sportiva-fr","9":"product_tag-la-sportiva-femme","10":"pa_attivita-marcher","11":"pa_attivita-outdoor-fr","12":"pa_attivita-trail-fr","13":"pa_colore-tracer-tank-w-chalk-redwood-fr","14":"pa_colore-tracer-tank-w-rosebay-night-sky-fr","15":"pa_marca-la-sportiva-fr","16":"pa_sesso-femme","17":"pa_size-extra-small-fr","18":"pa_size-small-fr","19":"pa_size-medium-fr","21":"first","22":"instock","23":"sale","24":"taxable","25":"shipping-taxable","26":"purchasable","27":"product-type-variable","28":"wvs-archive-product-wrapper"},"acf":[],"yoast_head":"<!-- This site is optimized with the Yoast SEO plugin v26.8 - https:\/\/yoast.com\/product\/yoast-seo-wordpress\/ -->\n<title>La Sportiva Tracer Tank femme - d\u00e9bardeur de course - MioMioRun<\/title>\n<meta name=\"description\" content=\"Le d\u00e9bardeur Tracer pour femmes, dot\u00e9 de la technologie S-Caf\u00e9, offre confort, contr\u00f4le des odeurs, s\u00e9chage rapide et coutures anti-friction pour des s\u00e9ances d&#039;entra\u00eenement rapides.\" \/>\n<meta name=\"robots\" content=\"index, follow, max-snippet:-1, max-image-preview:large, max-video-preview:-1\" \/>\n<link rel=\"canonical\" href=\"https:\/\/www.miomiorun.com\/fr\/produit\/tracer-tank-femme\/\" \/>\n<meta property=\"og:locale\" content=\"fr_FR\" \/>\n<meta property=\"og:type\" content=\"article\" \/>\n<meta property=\"og:title\" content=\"La Sportiva Tracer Tank femme - d\u00e9bardeur de course - MioMioRun\" \/>\n<meta property=\"og:description\" content=\"Le d\u00e9bardeur Tracer pour femmes, dot\u00e9 de la technologie S-Caf\u00e9, offre confort, contr\u00f4le des odeurs, s\u00e9chage rapide et coutures anti-friction pour des s\u00e9ances d&#039;entra\u00eenement rapides.\" \/>\n<meta property=\"og:url\" content=\"https:\/\/www.miomiorun.com\/fr\/produit\/tracer-tank-femme\/\" \/>\n<meta property=\"og:site_name\" content=\"MioMioRun\" \/>\n<meta property=\"article:publisher\" content=\"https:\/\/www.facebook.com\/miomiorun\/\" \/>\n<meta property=\"article:modified_time\" content=\"2025-05-14T09:12:09+00:00\" \/>\n<meta property=\"og:image\" content=\"https:\/\/www.miomiorun.com\/app\/uploads\/2025\/02\/la-sportiva-Tracer-tank-W-rosebay-night-sky-Q52413646.webp\" \/>\n\t<meta property=\"og:image:width\" content=\"600\" \/>\n\t<meta property=\"og:image:height\" content=\"600\" \/>\n\t<meta property=\"og:image:type\" content=\"image\/webp\" \/>\n<meta name=\"twitter:card\" content=\"summary_large_image\" \/>\n<meta name=\"twitter:label1\" content=\"Est. reading time\" \/>\n\t<meta name=\"twitter:data1\" content=\"1 minute\" \/>\n<script type=\"application\/ld+json\" class=\"yoast-schema-graph\">{\"@context\":\"https:\/\/schema.org\",\"@graph\":[{\"@type\":\"WebPage\",\"@id\":\"https:\/\/www.miomiorun.com\/fr\/produit\/tracer-tank-femme\/\",\"url\":\"https:\/\/www.miomiorun.com\/fr\/produit\/tracer-tank-femme\/\",\"name\":\"La Sportiva Tracer Tank femme - d\u00e9bardeur de course - MioMioRun\",\"isPartOf\":{\"@id\":\"https:\/\/www.miomiorun.com\/fr\/#website\"},\"primaryImageOfPage\":{\"@id\":\"https:\/\/www.miomiorun.com\/fr\/produit\/tracer-tank-femme\/#primaryimage\"},\"image\":{\"@id\":\"https:\/\/www.miomiorun.com\/fr\/produit\/tracer-tank-femme\/#primaryimage\"},\"thumbnailUrl\":\"https:\/\/www.miomiorun.com\/app\/uploads\/2025\/02\/la-sportiva-Tracer-tank-W-rosebay-night-sky-Q52413646.webp\",\"datePublished\":\"2025-02-17T16:36:09+00:00\",\"dateModified\":\"2025-05-14T09:12:09+00:00\",\"description\":\"Le d\u00e9bardeur Tracer pour femmes, dot\u00e9 de la technologie S-Caf\u00e9, offre confort, contr\u00f4le des odeurs, s\u00e9chage rapide et coutures anti-friction pour des s\u00e9ances d'entra\u00eenement rapides.\",\"breadcrumb\":{\"@id\":\"https:\/\/www.miomiorun.com\/fr\/produit\/tracer-tank-femme\/#breadcrumb\"},\"inLanguage\":\"fr-FR\",\"potentialAction\":[{\"@type\":\"ReadAction\",\"target\":[\"https:\/\/www.miomiorun.com\/fr\/produit\/tracer-tank-femme\/\"]}]},{\"@type\":\"ImageObject\",\"inLanguage\":\"fr-FR\",\"@id\":\"https:\/\/www.miomiorun.com\/fr\/produit\/tracer-tank-femme\/#primaryimage\",\"url\":\"https:\/\/www.miomiorun.com\/app\/uploads\/2025\/02\/la-sportiva-Tracer-tank-W-rosebay-night-sky-Q52413646.webp\",\"contentUrl\":\"https:\/\/www.miomiorun.com\/app\/uploads\/2025\/02\/la-sportiva-Tracer-tank-W-rosebay-night-sky-Q52413646.webp\",\"width\":600,\"height\":600,\"caption\":\"la sportiva Tracer tank W rosebay night sky Q52413646\"},{\"@type\":\"BreadcrumbList\",\"@id\":\"https:\/\/www.miomiorun.com\/fr\/produit\/tracer-tank-femme\/#breadcrumb\",\"itemListElement\":[{\"@type\":\"ListItem\",\"position\":1,\"name\":\"Home\",\"item\":\"https:\/\/www.miomiorun.com\/fr\/home-page\/\"},{\"@type\":\"ListItem\",\"position\":2,\"name\":\"Shop\",\"item\":\"https:\/\/www.miomiorun.com\/shop\/\"},{\"@type\":\"ListItem\",\"position\":3,\"name\":\"Tracer Tank femme\"}]},{\"@type\":\"WebSite\",\"@id\":\"https:\/\/www.miomiorun.com\/fr\/#website\",\"url\":\"https:\/\/www.miomiorun.com\/fr\/\",\"name\":\"MioMioRun\",\"description\":\"Boutique 100% running et trail\",\"publisher\":{\"@id\":\"https:\/\/www.miomiorun.com\/fr\/#organization\"},\"potentialAction\":[{\"@type\":\"SearchAction\",\"target\":{\"@type\":\"EntryPoint\",\"urlTemplate\":\"https:\/\/www.miomiorun.com\/fr\/?s={search_term_string}\"},\"query-input\":{\"@type\":\"PropertyValueSpecification\",\"valueRequired\":true,\"valueName\":\"search_term_string\"}}],\"inLanguage\":\"fr-FR\"},{\"@type\":\"Organization\",\"@id\":\"https:\/\/www.miomiorun.com\/fr\/#organization\",\"name\":\"MioMio Run\",\"url\":\"https:\/\/www.miomiorun.com\/fr\/\",\"logo\":{\"@type\":\"ImageObject\",\"inLanguage\":\"fr-FR\",\"@id\":\"https:\/\/www.miomiorun.com\/fr\/#\/schema\/logo\/image\/\",\"url\":\"https:\/\/www.miomiorun.com\/app\/uploads\/2019\/12\/logomio.png\",\"contentUrl\":\"https:\/\/www.miomiorun.com\/app\/uploads\/2019\/12\/logomio.png\",\"width\":115,\"height\":82,\"caption\":\"MioMio Run\"},\"image\":{\"@id\":\"https:\/\/www.miomiorun.com\/fr\/#\/schema\/logo\/image\/\"},\"sameAs\":[\"https:\/\/www.facebook.com\/miomiorun\/\",\"https:\/\/www.instagram.com\/miomiorun\/\"]}]}<\/script>\n<!-- \/ Yoast SEO plugin. -->","yoast_head_json":{"title":"La Sportiva Tracer Tank femme - d\u00e9bardeur de course - MioMioRun","description":"Le d\u00e9bardeur Tracer pour femmes, dot\u00e9 de la technologie S-Caf\u00e9, offre confort, contr\u00f4le des odeurs, s\u00e9chage rapide et coutures anti-friction pour des s\u00e9ances d'entra\u00eenement rapides.","robots":{"index":"index","follow":"follow","max-snippet":"max-snippet:-1","max-image-preview":"max-image-preview:large","max-video-preview":"max-video-preview:-1"},"canonical":"https:\/\/www.miomiorun.com\/fr\/produit\/tracer-tank-femme\/","og_locale":"fr_FR","og_type":"article","og_title":"La Sportiva Tracer Tank femme - d\u00e9bardeur de course - MioMioRun","og_description":"Le d\u00e9bardeur Tracer pour femmes, dot\u00e9 de la technologie S-Caf\u00e9, offre confort, contr\u00f4le des odeurs, s\u00e9chage rapide et coutures anti-friction pour des s\u00e9ances d'entra\u00eenement rapides.","og_url":"https:\/\/www.miomiorun.com\/fr\/produit\/tracer-tank-femme\/","og_site_name":"MioMioRun","article_publisher":"https:\/\/www.facebook.com\/miomiorun\/","article_modified_time":"2025-05-14T09:12:09+00:00","og_image":[{"width":600,"height":600,"url":"https:\/\/www.miomiorun.com\/app\/uploads\/2025\/02\/la-sportiva-Tracer-tank-W-rosebay-night-sky-Q52413646.webp","type":"image\/webp"}],"twitter_card":"summary_large_image","twitter_misc":{"Est. reading time":"1 minute"},"schema":{"@context":"https:\/\/schema.org","@graph":[{"@type":"WebPage","@id":"https:\/\/www.miomiorun.com\/fr\/produit\/tracer-tank-femme\/","url":"https:\/\/www.miomiorun.com\/fr\/produit\/tracer-tank-femme\/","name":"La Sportiva Tracer Tank femme - d\u00e9bardeur de course - MioMioRun","isPartOf":{"@id":"https:\/\/www.miomiorun.com\/fr\/#website"},"primaryImageOfPage":{"@id":"https:\/\/www.miomiorun.com\/fr\/produit\/tracer-tank-femme\/#primaryimage"},"image":{"@id":"https:\/\/www.miomiorun.com\/fr\/produit\/tracer-tank-femme\/#primaryimage"},"thumbnailUrl":"https:\/\/www.miomiorun.com\/app\/uploads\/2025\/02\/la-sportiva-Tracer-tank-W-rosebay-night-sky-Q52413646.webp","datePublished":"2025-02-17T16:36:09+00:00","dateModified":"2025-05-14T09:12:09+00:00","description":"Le d\u00e9bardeur Tracer pour femmes, dot\u00e9 de la technologie S-Caf\u00e9, offre confort, contr\u00f4le des odeurs, s\u00e9chage rapide et coutures anti-friction pour des s\u00e9ances d'entra\u00eenement rapides.","breadcrumb":{"@id":"https:\/\/www.miomiorun.com\/fr\/produit\/tracer-tank-femme\/#breadcrumb"},"inLanguage":"fr-FR","potentialAction":[{"@type":"ReadAction","target":["https:\/\/www.miomiorun.com\/fr\/produit\/tracer-tank-femme\/"]}]},{"@type":"ImageObject","inLanguage":"fr-FR","@id":"https:\/\/www.miomiorun.com\/fr\/produit\/tracer-tank-femme\/#primaryimage","url":"https:\/\/www.miomiorun.com\/app\/uploads\/2025\/02\/la-sportiva-Tracer-tank-W-rosebay-night-sky-Q52413646.webp","contentUrl":"https:\/\/www.miomiorun.com\/app\/uploads\/2025\/02\/la-sportiva-Tracer-tank-W-rosebay-night-sky-Q52413646.webp","width":600,"height":600,"caption":"la sportiva Tracer tank W rosebay night sky Q52413646"},{"@type":"BreadcrumbList","@id":"https:\/\/www.miomiorun.com\/fr\/produit\/tracer-tank-femme\/#breadcrumb","itemListElement":[{"@type":"ListItem","position":1,"name":"Home","item":"https:\/\/www.miomiorun.com\/fr\/home-page\/"},{"@type":"ListItem","position":2,"name":"Shop","item":"https:\/\/www.miomiorun.com\/shop\/"},{"@type":"ListItem","position":3,"name":"Tracer Tank femme"}]},{"@type":"WebSite","@id":"https:\/\/www.miomiorun.com\/fr\/#website","url":"https:\/\/www.miomiorun.com\/fr\/","name":"MioMioRun","description":"Boutique 100% running et trail","publisher":{"@id":"https:\/\/www.miomiorun.com\/fr\/#organization"},"potentialAction":[{"@type":"SearchAction","target":{"@type":"EntryPoint","urlTemplate":"https:\/\/www.miomiorun.com\/fr\/?s={search_term_string}"},"query-input":{"@type":"PropertyValueSpecification","valueRequired":true,"valueName":"search_term_string"}}],"inLanguage":"fr-FR"},{"@type":"Organization","@id":"https:\/\/www.miomiorun.com\/fr\/#organization","name":"MioMio Run","url":"https:\/\/www.miomiorun.com\/fr\/","logo":{"@type":"ImageObject","inLanguage":"fr-FR","@id":"https:\/\/www.miomiorun.com\/fr\/#\/schema\/logo\/image\/","url":"https:\/\/www.miomiorun.com\/app\/uploads\/2019\/12\/logomio.png","contentUrl":"https:\/\/www.miomiorun.com\/app\/uploads\/2019\/12\/logomio.png","width":115,"height":82,"caption":"MioMio Run"},"image":{"@id":"https:\/\/www.miomiorun.com\/fr\/#\/schema\/logo\/image\/"},"sameAs":["https:\/\/www.facebook.com\/miomiorun\/","https:\/\/www.instagram.com\/miomiorun\/"]}]}},"_links":{"self":[{"href":"https:\/\/www.miomiorun.com\/fr\/wp-json\/wp\/v2\/product\/299744","targetHints":{"allow":["GET"]}}],"collection":[{"href":"https:\/\/www.miomiorun.com\/fr\/wp-json\/wp\/v2\/product"}],"about":[{"href":"https:\/\/www.miomiorun.com\/fr\/wp-json\/wp\/v2\/types\/product"}],"wp:featuredmedia":[{"embeddable":true,"href":"https:\/\/www.miomiorun.com\/fr\/wp-json\/wp\/v2\/media\/256783"}],"wp:attachment":[{"href":"https:\/\/www.miomiorun.com\/fr\/wp-json\/wp\/v2\/media?parent=299744"}],"wp:term":[{"taxonomy":"product_brand","embeddable":true,"href":"https:\/\/www.miomiorun.com\/fr\/wp-json\/wp\/v2\/product_brand?post=299744"},{"taxonomy":"product_cat","embeddable":true,"href":"https:\/\/www.miomiorun.com\/fr\/wp-json\/wp\/v2\/product_cat?post=299744"},{"taxonomy":"product_tag","embeddable":true,"href":"https:\/\/www.miomiorun.com\/fr\/wp-json\/wp\/v2\/product_tag?post=299744"}],"curies":[{"name":"wp","href":"https:\/\/api.w.org\/{rel}","templated":true}]}}