{"id":299698,"date":"2025-02-18T10:07:16","date_gmt":"2025-02-18T09:07:16","guid":{"rendered":"https:\/\/miomiorun.com\/prodotto\/traverse-tank-donna\/"},"modified":"2025-05-14T11:25:48","modified_gmt":"2025-05-14T09:25:48","slug":"traverse-tank-femme","status":"publish","type":"product","link":"https:\/\/www.miomiorun.com\/fr\/produit\/traverse-tank-femme\/","title":{"rendered":"Traverse Tank femme"},"content":{"rendered":"<p><strong>D\u00e9bardeur Traverse La Sportiva<\/strong><\/p>\n<p>Profitez au maximum de vos excursions en montagne avec le Traverse <em>Tank<\/em> de La Sportiva, le d\u00e9bardeur id\u00e9al pour vos excursions estivales apr\u00e8s le travail ou en dehors du travail. Con\u00e7u pour un maximum de confort et de performance, ce d\u00e9bardeur ultra-l\u00e9ger est fabriqu\u00e9 en tissu Polartec\u00ae Delta\u2122 innovant, qui garde le corps au frais et au sec m\u00eame lors d&#8217;activit\u00e9s intenses. Les empi\u00e8cements en mesh au niveau des hanches favorisent une ventilation optimale, tandis que les d\u00e9tails r\u00e9fl\u00e9chissants garantissent une excellente visibilit\u00e9, m\u00eame en cas de faible luminosit\u00e9.<\/p>\n<p>Caract\u00e9ristiques principales :<\/p>\n<ul>\n<li><strong>Tissu Polartec\u00ae Delta\u2122<\/strong>: pour une r\u00e9gulation efficace de la temp\u00e9rature et un effet rafra\u00eechissant.<\/li>\n<li><strong>Inserts en mesh sur les hanches<\/strong>: pour une meilleure circulation de l&#8217;air et une respirabilit\u00e9 sup\u00e9rieure.<\/li>\n<li><strong>D\u00e9tails r\u00e9fl\u00e9chissants<\/strong>: pour assurer la visibilit\u00e9 lors des excursions nocturnes ou matinales.<\/li>\n<li><strong>S\u00e9chage rapide<\/strong>: id\u00e9al pour les conditions m\u00e9t\u00e9orologiques variables.<\/li>\n<li><strong>Confortable et polyvalent<\/strong>: conception racerback pour une plus grande libert\u00e9 de mouvement.<\/li>\n<li><strong>L\u00e9ger<\/strong>: seulement 77g (taille M), parfait pour les randonn\u00e9es rapides et les activit\u00e9s dynamiques.<\/li>\n<\/ul>\n<p>Que vous vous attaquiez \u00e0 une ascension au coucher du soleil ou \u00e0 une course rapide sur les sentiers de montagne, le <em>Traverse Tank<\/em> vous accompagnera avec style et fonctionnalit\u00e9. Faites l&#8217;exp\u00e9rience de la qualit\u00e9 La Sportiva !<\/p>\n<p>&nbsp;<\/p>\n<p><strong>Mati\u00e8re principale<\/strong>: 70% polyester 30% lyocell<\/p>\n","protected":false},"excerpt":{"rendered":"<ul>\n<li>Tissu Polartec\u00ae Delta\u2122<\/li>\n<li>S\u00e9chage rapide<\/li>\n<li>Confortable et polyvalent<\/li>\n<\/ul>\n","protected":false},"featured_media":256836,"template":"","meta":{"_acf_changed":false,"inline_featured_image":false},"product_brand":[],"product_cat":[22598,22596,22595],"product_tag":[23597,23601],"class_list":{"0":"post-299698","1":"product","2":"type-product","3":"status-publish","4":"has-post-thumbnail","6":"product_cat-gilets","7":"product_cat-vetements-pour-femmes","8":"product_cat-femme","9":"product_tag-la-sportiva-fr","10":"product_tag-la-sportiva-femme","11":"pa_attivita-marcher","12":"pa_attivita-outdoor-fr","13":"pa_attivita-trail-fr","14":"pa_colore-traverse-tank-w-onyx-fr","15":"pa_colore-traverse-tank-w-rosebay-savana-fr","16":"pa_marca-la-sportiva-fr","17":"pa_sesso-femme","18":"pa_size-extra-small-fr","19":"pa_size-small-fr","20":"pa_size-medium-fr","22":"first","23":"instock","24":"sale","25":"taxable","26":"shipping-taxable","27":"purchasable","28":"product-type-variable","29":"wvs-archive-product-wrapper"},"acf":[],"yoast_head":"<!-- This site is optimized with the Yoast SEO plugin v26.8 - https:\/\/yoast.com\/product\/yoast-seo-wordpress\/ -->\n<title>La Sportiva Traverse Tank femme - D\u00e9bardeur de course - MioMioRun<\/title>\n<meta name=\"description\" content=\"Le Traverse Tank de La Sportiva est un d\u00e9bardeur l\u00e9ger et respirant dot\u00e9 d&#039;un tissu Polartec\u00ae Delta\u2122, de d\u00e9tails r\u00e9fl\u00e9chissants et d&#039;une polyvalence in\u00e9gal\u00e9e.\" \/>\n<meta name=\"robots\" content=\"index, follow, max-snippet:-1, max-image-preview:large, max-video-preview:-1\" \/>\n<link rel=\"canonical\" href=\"https:\/\/www.miomiorun.com\/fr\/produit\/traverse-tank-femme\/\" \/>\n<meta property=\"og:locale\" content=\"fr_FR\" \/>\n<meta property=\"og:type\" content=\"article\" \/>\n<meta property=\"og:title\" content=\"La Sportiva Traverse Tank femme - D\u00e9bardeur de course - MioMioRun\" \/>\n<meta property=\"og:description\" content=\"Le Traverse Tank de La Sportiva est un d\u00e9bardeur l\u00e9ger et respirant dot\u00e9 d&#039;un tissu Polartec\u00ae Delta\u2122, de d\u00e9tails r\u00e9fl\u00e9chissants et d&#039;une polyvalence in\u00e9gal\u00e9e.\" \/>\n<meta property=\"og:url\" content=\"https:\/\/www.miomiorun.com\/fr\/produit\/traverse-tank-femme\/\" \/>\n<meta property=\"og:site_name\" content=\"MioMioRun\" \/>\n<meta property=\"article:publisher\" content=\"https:\/\/www.facebook.com\/miomiorun\/\" \/>\n<meta property=\"article:modified_time\" content=\"2025-05-14T09:25:48+00:00\" \/>\n<meta property=\"og:image\" content=\"https:\/\/www.miomiorun.com\/app\/uploads\/2025\/02\/la-sportiva-Traverse-tank-W-onyx-Q83919919.webp\" \/>\n\t<meta property=\"og:image:width\" content=\"600\" \/>\n\t<meta property=\"og:image:height\" content=\"600\" \/>\n\t<meta property=\"og:image:type\" content=\"image\/webp\" \/>\n<meta name=\"twitter:card\" content=\"summary_large_image\" \/>\n<meta name=\"twitter:label1\" content=\"Est. reading time\" \/>\n\t<meta name=\"twitter:data1\" content=\"1 minute\" \/>\n<script type=\"application\/ld+json\" class=\"yoast-schema-graph\">{\"@context\":\"https:\/\/schema.org\",\"@graph\":[{\"@type\":\"WebPage\",\"@id\":\"https:\/\/www.miomiorun.com\/fr\/produit\/traverse-tank-femme\/\",\"url\":\"https:\/\/www.miomiorun.com\/fr\/produit\/traverse-tank-femme\/\",\"name\":\"La Sportiva Traverse Tank femme - D\u00e9bardeur de course - MioMioRun\",\"isPartOf\":{\"@id\":\"https:\/\/www.miomiorun.com\/fr\/#website\"},\"primaryImageOfPage\":{\"@id\":\"https:\/\/www.miomiorun.com\/fr\/produit\/traverse-tank-femme\/#primaryimage\"},\"image\":{\"@id\":\"https:\/\/www.miomiorun.com\/fr\/produit\/traverse-tank-femme\/#primaryimage\"},\"thumbnailUrl\":\"https:\/\/www.miomiorun.com\/app\/uploads\/2025\/02\/la-sportiva-Traverse-tank-W-onyx-Q83919919.webp\",\"datePublished\":\"2025-02-18T09:07:16+00:00\",\"dateModified\":\"2025-05-14T09:25:48+00:00\",\"description\":\"Le Traverse Tank de La Sportiva est un d\u00e9bardeur l\u00e9ger et respirant dot\u00e9 d'un tissu Polartec\u00ae Delta\u2122, de d\u00e9tails r\u00e9fl\u00e9chissants et d'une polyvalence in\u00e9gal\u00e9e.\",\"breadcrumb\":{\"@id\":\"https:\/\/www.miomiorun.com\/fr\/produit\/traverse-tank-femme\/#breadcrumb\"},\"inLanguage\":\"fr-FR\",\"potentialAction\":[{\"@type\":\"ReadAction\",\"target\":[\"https:\/\/www.miomiorun.com\/fr\/produit\/traverse-tank-femme\/\"]}]},{\"@type\":\"ImageObject\",\"inLanguage\":\"fr-FR\",\"@id\":\"https:\/\/www.miomiorun.com\/fr\/produit\/traverse-tank-femme\/#primaryimage\",\"url\":\"https:\/\/www.miomiorun.com\/app\/uploads\/2025\/02\/la-sportiva-Traverse-tank-W-onyx-Q83919919.webp\",\"contentUrl\":\"https:\/\/www.miomiorun.com\/app\/uploads\/2025\/02\/la-sportiva-Traverse-tank-W-onyx-Q83919919.webp\",\"width\":600,\"height\":600,\"caption\":\"la sportiva Traverse tank W onyx Q83919919\"},{\"@type\":\"BreadcrumbList\",\"@id\":\"https:\/\/www.miomiorun.com\/fr\/produit\/traverse-tank-femme\/#breadcrumb\",\"itemListElement\":[{\"@type\":\"ListItem\",\"position\":1,\"name\":\"Home\",\"item\":\"https:\/\/www.miomiorun.com\/fr\/home-page\/\"},{\"@type\":\"ListItem\",\"position\":2,\"name\":\"Shop\",\"item\":\"https:\/\/www.miomiorun.com\/shop\/\"},{\"@type\":\"ListItem\",\"position\":3,\"name\":\"Traverse Tank femme\"}]},{\"@type\":\"WebSite\",\"@id\":\"https:\/\/www.miomiorun.com\/fr\/#website\",\"url\":\"https:\/\/www.miomiorun.com\/fr\/\",\"name\":\"MioMioRun\",\"description\":\"Boutique 100% running et trail\",\"publisher\":{\"@id\":\"https:\/\/www.miomiorun.com\/fr\/#organization\"},\"potentialAction\":[{\"@type\":\"SearchAction\",\"target\":{\"@type\":\"EntryPoint\",\"urlTemplate\":\"https:\/\/www.miomiorun.com\/fr\/?s={search_term_string}\"},\"query-input\":{\"@type\":\"PropertyValueSpecification\",\"valueRequired\":true,\"valueName\":\"search_term_string\"}}],\"inLanguage\":\"fr-FR\"},{\"@type\":\"Organization\",\"@id\":\"https:\/\/www.miomiorun.com\/fr\/#organization\",\"name\":\"MioMio Run\",\"url\":\"https:\/\/www.miomiorun.com\/fr\/\",\"logo\":{\"@type\":\"ImageObject\",\"inLanguage\":\"fr-FR\",\"@id\":\"https:\/\/www.miomiorun.com\/fr\/#\/schema\/logo\/image\/\",\"url\":\"https:\/\/www.miomiorun.com\/app\/uploads\/2019\/12\/logomio.png\",\"contentUrl\":\"https:\/\/www.miomiorun.com\/app\/uploads\/2019\/12\/logomio.png\",\"width\":115,\"height\":82,\"caption\":\"MioMio Run\"},\"image\":{\"@id\":\"https:\/\/www.miomiorun.com\/fr\/#\/schema\/logo\/image\/\"},\"sameAs\":[\"https:\/\/www.facebook.com\/miomiorun\/\",\"https:\/\/www.instagram.com\/miomiorun\/\"]}]}<\/script>\n<!-- \/ Yoast SEO plugin. -->","yoast_head_json":{"title":"La Sportiva Traverse Tank femme - D\u00e9bardeur de course - MioMioRun","description":"Le Traverse Tank de La Sportiva est un d\u00e9bardeur l\u00e9ger et respirant dot\u00e9 d'un tissu Polartec\u00ae Delta\u2122, de d\u00e9tails r\u00e9fl\u00e9chissants et d'une polyvalence in\u00e9gal\u00e9e.","robots":{"index":"index","follow":"follow","max-snippet":"max-snippet:-1","max-image-preview":"max-image-preview:large","max-video-preview":"max-video-preview:-1"},"canonical":"https:\/\/www.miomiorun.com\/fr\/produit\/traverse-tank-femme\/","og_locale":"fr_FR","og_type":"article","og_title":"La Sportiva Traverse Tank femme - D\u00e9bardeur de course - MioMioRun","og_description":"Le Traverse Tank de La Sportiva est un d\u00e9bardeur l\u00e9ger et respirant dot\u00e9 d'un tissu Polartec\u00ae Delta\u2122, de d\u00e9tails r\u00e9fl\u00e9chissants et d'une polyvalence in\u00e9gal\u00e9e.","og_url":"https:\/\/www.miomiorun.com\/fr\/produit\/traverse-tank-femme\/","og_site_name":"MioMioRun","article_publisher":"https:\/\/www.facebook.com\/miomiorun\/","article_modified_time":"2025-05-14T09:25:48+00:00","og_image":[{"width":600,"height":600,"url":"https:\/\/www.miomiorun.com\/app\/uploads\/2025\/02\/la-sportiva-Traverse-tank-W-onyx-Q83919919.webp","type":"image\/webp"}],"twitter_card":"summary_large_image","twitter_misc":{"Est. reading time":"1 minute"},"schema":{"@context":"https:\/\/schema.org","@graph":[{"@type":"WebPage","@id":"https:\/\/www.miomiorun.com\/fr\/produit\/traverse-tank-femme\/","url":"https:\/\/www.miomiorun.com\/fr\/produit\/traverse-tank-femme\/","name":"La Sportiva Traverse Tank femme - D\u00e9bardeur de course - MioMioRun","isPartOf":{"@id":"https:\/\/www.miomiorun.com\/fr\/#website"},"primaryImageOfPage":{"@id":"https:\/\/www.miomiorun.com\/fr\/produit\/traverse-tank-femme\/#primaryimage"},"image":{"@id":"https:\/\/www.miomiorun.com\/fr\/produit\/traverse-tank-femme\/#primaryimage"},"thumbnailUrl":"https:\/\/www.miomiorun.com\/app\/uploads\/2025\/02\/la-sportiva-Traverse-tank-W-onyx-Q83919919.webp","datePublished":"2025-02-18T09:07:16+00:00","dateModified":"2025-05-14T09:25:48+00:00","description":"Le Traverse Tank de La Sportiva est un d\u00e9bardeur l\u00e9ger et respirant dot\u00e9 d'un tissu Polartec\u00ae Delta\u2122, de d\u00e9tails r\u00e9fl\u00e9chissants et d'une polyvalence in\u00e9gal\u00e9e.","breadcrumb":{"@id":"https:\/\/www.miomiorun.com\/fr\/produit\/traverse-tank-femme\/#breadcrumb"},"inLanguage":"fr-FR","potentialAction":[{"@type":"ReadAction","target":["https:\/\/www.miomiorun.com\/fr\/produit\/traverse-tank-femme\/"]}]},{"@type":"ImageObject","inLanguage":"fr-FR","@id":"https:\/\/www.miomiorun.com\/fr\/produit\/traverse-tank-femme\/#primaryimage","url":"https:\/\/www.miomiorun.com\/app\/uploads\/2025\/02\/la-sportiva-Traverse-tank-W-onyx-Q83919919.webp","contentUrl":"https:\/\/www.miomiorun.com\/app\/uploads\/2025\/02\/la-sportiva-Traverse-tank-W-onyx-Q83919919.webp","width":600,"height":600,"caption":"la sportiva Traverse tank W onyx Q83919919"},{"@type":"BreadcrumbList","@id":"https:\/\/www.miomiorun.com\/fr\/produit\/traverse-tank-femme\/#breadcrumb","itemListElement":[{"@type":"ListItem","position":1,"name":"Home","item":"https:\/\/www.miomiorun.com\/fr\/home-page\/"},{"@type":"ListItem","position":2,"name":"Shop","item":"https:\/\/www.miomiorun.com\/shop\/"},{"@type":"ListItem","position":3,"name":"Traverse Tank femme"}]},{"@type":"WebSite","@id":"https:\/\/www.miomiorun.com\/fr\/#website","url":"https:\/\/www.miomiorun.com\/fr\/","name":"MioMioRun","description":"Boutique 100% running et trail","publisher":{"@id":"https:\/\/www.miomiorun.com\/fr\/#organization"},"potentialAction":[{"@type":"SearchAction","target":{"@type":"EntryPoint","urlTemplate":"https:\/\/www.miomiorun.com\/fr\/?s={search_term_string}"},"query-input":{"@type":"PropertyValueSpecification","valueRequired":true,"valueName":"search_term_string"}}],"inLanguage":"fr-FR"},{"@type":"Organization","@id":"https:\/\/www.miomiorun.com\/fr\/#organization","name":"MioMio Run","url":"https:\/\/www.miomiorun.com\/fr\/","logo":{"@type":"ImageObject","inLanguage":"fr-FR","@id":"https:\/\/www.miomiorun.com\/fr\/#\/schema\/logo\/image\/","url":"https:\/\/www.miomiorun.com\/app\/uploads\/2019\/12\/logomio.png","contentUrl":"https:\/\/www.miomiorun.com\/app\/uploads\/2019\/12\/logomio.png","width":115,"height":82,"caption":"MioMio Run"},"image":{"@id":"https:\/\/www.miomiorun.com\/fr\/#\/schema\/logo\/image\/"},"sameAs":["https:\/\/www.facebook.com\/miomiorun\/","https:\/\/www.instagram.com\/miomiorun\/"]}]}},"_links":{"self":[{"href":"https:\/\/www.miomiorun.com\/fr\/wp-json\/wp\/v2\/product\/299698","targetHints":{"allow":["GET"]}}],"collection":[{"href":"https:\/\/www.miomiorun.com\/fr\/wp-json\/wp\/v2\/product"}],"about":[{"href":"https:\/\/www.miomiorun.com\/fr\/wp-json\/wp\/v2\/types\/product"}],"wp:featuredmedia":[{"embeddable":true,"href":"https:\/\/www.miomiorun.com\/fr\/wp-json\/wp\/v2\/media\/256836"}],"wp:attachment":[{"href":"https:\/\/www.miomiorun.com\/fr\/wp-json\/wp\/v2\/media?parent=299698"}],"wp:term":[{"taxonomy":"product_brand","embeddable":true,"href":"https:\/\/www.miomiorun.com\/fr\/wp-json\/wp\/v2\/product_brand?post=299698"},{"taxonomy":"product_cat","embeddable":true,"href":"https:\/\/www.miomiorun.com\/fr\/wp-json\/wp\/v2\/product_cat?post=299698"},{"taxonomy":"product_tag","embeddable":true,"href":"https:\/\/www.miomiorun.com\/fr\/wp-json\/wp\/v2\/product_tag?post=299698"}],"curies":[{"name":"wp","href":"https:\/\/api.w.org\/{rel}","templated":true}]}}