{"id":299689,"date":"2025-02-18T10:37:04","date_gmt":"2025-02-18T09:37:04","guid":{"rendered":"https:\/\/miomiorun.com\/prodotto\/ridge-t-shirt-donna\/"},"modified":"2025-05-14T11:27:44","modified_gmt":"2025-05-14T09:27:44","slug":"ridge-t-shirt-femme","status":"publish","type":"product","link":"https:\/\/www.miomiorun.com\/fr\/produit\/ridge-t-shirt-femme\/","title":{"rendered":"Ridge t-shirt femme"},"content":{"rendered":"<p>Le <em>Ridge<\/em> T-Shirt de La Sportiva est un T-shirt con\u00e7u pour le trail running, fabriqu\u00e9 en Polartec\u00ae Delta\u2122, un tissu innovant qui exploite le refroidissement naturel du corps, en r\u00e9gulant le temps de s\u00e9chage et en am\u00e9liorant la respirabilit\u00e9 lorsqu&#8217;il est mouill\u00e9. Gr\u00e2ce \u00e0 la technologie FRESH FACE, enrichie d&#8217;un traitement v\u00e9g\u00e9tal \u00e0 la menthe, il \u00e9limine efficacement les mauvaises odeurs pendant l&#8217;activit\u00e9 sportive. Compos\u00e9 de 70 % de polyester et de 30 % de lyocell, le T-shirt offre une excellente gestion de l&#8217;humidit\u00e9 et une coupe pr\u00e8s du corps, garantissant \u00e9lasticit\u00e9, fra\u00eecheur et confort pendant chaque course.<\/p>\n<p>Poids : 132 g.<\/p>\n","protected":false},"excerpt":{"rendered":"<ul>\n<li>Tissu anti-odeur et \u00e0 s\u00e9chage rapide<\/li>\n<li>Technologie FRESH FACE<\/li>\n<li>fabriqu\u00e9 en Polartec\u00ae Delta\u2122<\/li>\n<\/ul>\n","protected":false},"featured_media":256849,"template":"","meta":{"_acf_changed":false,"inline_featured_image":false},"product_brand":[],"product_cat":[22604,22596],"product_tag":[23597,23601],"class_list":{"0":"post-299689","1":"product","2":"type-product","3":"status-publish","4":"has-post-thumbnail","6":"product_cat-t-shirt","7":"product_cat-vetements-pour-femmes","8":"product_tag-la-sportiva-fr","9":"product_tag-la-sportiva-femme","10":"pa_attivita-marcher","11":"pa_attivita-outdoor-fr","12":"pa_attivita-trail-fr","13":"pa_colore-ridge-t-shirt-w-aspen-green-night-sky-fr","14":"pa_colore-ridge-t-shirt-w-rosebay-night-sky-fr","15":"pa_marca-la-sportiva-fr","16":"pa_sesso-femme","17":"pa_size-extra-small-fr","18":"pa_size-small-fr","19":"pa_size-medium-fr","21":"first","22":"instock","23":"sale","24":"taxable","25":"shipping-taxable","26":"purchasable","27":"product-type-variable","28":"wvs-archive-product-wrapper"},"acf":[],"yoast_head":"<!-- This site is optimized with the Yoast SEO plugin v26.8 - https:\/\/yoast.com\/product\/yoast-seo-wordpress\/ -->\n<title>La Sportiva Ridge t-shirt femme -t-shirt de course - MioMioRun<\/title>\n<meta name=\"description\" content=\"T-Shirt Ridge en Polartec\u00aeDelta\u2122, offrant fra\u00eecheur, respirabilit\u00e9 et gestion de l&#039;humidit\u00e9, avec la technologie FRESH FACE pour \u00e9liminer les odeurs.\" \/>\n<meta name=\"robots\" content=\"index, follow, max-snippet:-1, max-image-preview:large, max-video-preview:-1\" \/>\n<link rel=\"canonical\" href=\"https:\/\/www.miomiorun.com\/fr\/produit\/ridge-t-shirt-femme\/\" \/>\n<meta property=\"og:locale\" content=\"fr_FR\" \/>\n<meta property=\"og:type\" content=\"article\" \/>\n<meta property=\"og:title\" content=\"La Sportiva Ridge t-shirt femme -t-shirt de course - MioMioRun\" \/>\n<meta property=\"og:description\" content=\"T-Shirt Ridge en Polartec\u00aeDelta\u2122, offrant fra\u00eecheur, respirabilit\u00e9 et gestion de l&#039;humidit\u00e9, avec la technologie FRESH FACE pour \u00e9liminer les odeurs.\" \/>\n<meta property=\"og:url\" content=\"https:\/\/www.miomiorun.com\/fr\/produit\/ridge-t-shirt-femme\/\" \/>\n<meta property=\"og:site_name\" content=\"MioMioRun\" \/>\n<meta property=\"article:publisher\" content=\"https:\/\/www.facebook.com\/miomiorun\/\" \/>\n<meta property=\"article:modified_time\" content=\"2025-05-14T09:27:44+00:00\" \/>\n<meta property=\"og:image\" content=\"https:\/\/www.miomiorun.com\/app\/uploads\/2025\/02\/la-sportiva-Ridge-t-shirt-W-aspen-green-night-sky-Q84737646.webp\" \/>\n\t<meta property=\"og:image:width\" content=\"600\" \/>\n\t<meta property=\"og:image:height\" content=\"600\" \/>\n\t<meta property=\"og:image:type\" content=\"image\/webp\" \/>\n<meta name=\"twitter:card\" content=\"summary_large_image\" \/>\n<meta name=\"twitter:label1\" content=\"Est. reading time\" \/>\n\t<meta name=\"twitter:data1\" content=\"1 minute\" \/>\n<script type=\"application\/ld+json\" class=\"yoast-schema-graph\">{\"@context\":\"https:\/\/schema.org\",\"@graph\":[{\"@type\":\"WebPage\",\"@id\":\"https:\/\/www.miomiorun.com\/fr\/produit\/ridge-t-shirt-femme\/\",\"url\":\"https:\/\/www.miomiorun.com\/fr\/produit\/ridge-t-shirt-femme\/\",\"name\":\"La Sportiva Ridge t-shirt femme -t-shirt de course - MioMioRun\",\"isPartOf\":{\"@id\":\"https:\/\/www.miomiorun.com\/fr\/#website\"},\"primaryImageOfPage\":{\"@id\":\"https:\/\/www.miomiorun.com\/fr\/produit\/ridge-t-shirt-femme\/#primaryimage\"},\"image\":{\"@id\":\"https:\/\/www.miomiorun.com\/fr\/produit\/ridge-t-shirt-femme\/#primaryimage\"},\"thumbnailUrl\":\"https:\/\/www.miomiorun.com\/app\/uploads\/2025\/02\/la-sportiva-Ridge-t-shirt-W-aspen-green-night-sky-Q84737646.webp\",\"datePublished\":\"2025-02-18T09:37:04+00:00\",\"dateModified\":\"2025-05-14T09:27:44+00:00\",\"description\":\"T-Shirt Ridge en Polartec\u00aeDelta\u2122, offrant fra\u00eecheur, respirabilit\u00e9 et gestion de l'humidit\u00e9, avec la technologie FRESH FACE pour \u00e9liminer les odeurs.\",\"breadcrumb\":{\"@id\":\"https:\/\/www.miomiorun.com\/fr\/produit\/ridge-t-shirt-femme\/#breadcrumb\"},\"inLanguage\":\"fr-FR\",\"potentialAction\":[{\"@type\":\"ReadAction\",\"target\":[\"https:\/\/www.miomiorun.com\/fr\/produit\/ridge-t-shirt-femme\/\"]}]},{\"@type\":\"ImageObject\",\"inLanguage\":\"fr-FR\",\"@id\":\"https:\/\/www.miomiorun.com\/fr\/produit\/ridge-t-shirt-femme\/#primaryimage\",\"url\":\"https:\/\/www.miomiorun.com\/app\/uploads\/2025\/02\/la-sportiva-Ridge-t-shirt-W-aspen-green-night-sky-Q84737646.webp\",\"contentUrl\":\"https:\/\/www.miomiorun.com\/app\/uploads\/2025\/02\/la-sportiva-Ridge-t-shirt-W-aspen-green-night-sky-Q84737646.webp\",\"width\":600,\"height\":600,\"caption\":\"la sportiva Ridge t-shirt W aspen green night sky Q84737646\"},{\"@type\":\"BreadcrumbList\",\"@id\":\"https:\/\/www.miomiorun.com\/fr\/produit\/ridge-t-shirt-femme\/#breadcrumb\",\"itemListElement\":[{\"@type\":\"ListItem\",\"position\":1,\"name\":\"Home\",\"item\":\"https:\/\/www.miomiorun.com\/fr\/home-page\/\"},{\"@type\":\"ListItem\",\"position\":2,\"name\":\"Shop\",\"item\":\"https:\/\/www.miomiorun.com\/shop\/\"},{\"@type\":\"ListItem\",\"position\":3,\"name\":\"Ridge t-shirt femme\"}]},{\"@type\":\"WebSite\",\"@id\":\"https:\/\/www.miomiorun.com\/fr\/#website\",\"url\":\"https:\/\/www.miomiorun.com\/fr\/\",\"name\":\"MioMioRun\",\"description\":\"Boutique 100% running et trail\",\"publisher\":{\"@id\":\"https:\/\/www.miomiorun.com\/fr\/#organization\"},\"potentialAction\":[{\"@type\":\"SearchAction\",\"target\":{\"@type\":\"EntryPoint\",\"urlTemplate\":\"https:\/\/www.miomiorun.com\/fr\/?s={search_term_string}\"},\"query-input\":{\"@type\":\"PropertyValueSpecification\",\"valueRequired\":true,\"valueName\":\"search_term_string\"}}],\"inLanguage\":\"fr-FR\"},{\"@type\":\"Organization\",\"@id\":\"https:\/\/www.miomiorun.com\/fr\/#organization\",\"name\":\"MioMio Run\",\"url\":\"https:\/\/www.miomiorun.com\/fr\/\",\"logo\":{\"@type\":\"ImageObject\",\"inLanguage\":\"fr-FR\",\"@id\":\"https:\/\/www.miomiorun.com\/fr\/#\/schema\/logo\/image\/\",\"url\":\"https:\/\/www.miomiorun.com\/app\/uploads\/2019\/12\/logomio.png\",\"contentUrl\":\"https:\/\/www.miomiorun.com\/app\/uploads\/2019\/12\/logomio.png\",\"width\":115,\"height\":82,\"caption\":\"MioMio Run\"},\"image\":{\"@id\":\"https:\/\/www.miomiorun.com\/fr\/#\/schema\/logo\/image\/\"},\"sameAs\":[\"https:\/\/www.facebook.com\/miomiorun\/\",\"https:\/\/www.instagram.com\/miomiorun\/\"]}]}<\/script>\n<!-- \/ Yoast SEO plugin. -->","yoast_head_json":{"title":"La Sportiva Ridge t-shirt femme -t-shirt de course - MioMioRun","description":"T-Shirt Ridge en Polartec\u00aeDelta\u2122, offrant fra\u00eecheur, respirabilit\u00e9 et gestion de l'humidit\u00e9, avec la technologie FRESH FACE pour \u00e9liminer les odeurs.","robots":{"index":"index","follow":"follow","max-snippet":"max-snippet:-1","max-image-preview":"max-image-preview:large","max-video-preview":"max-video-preview:-1"},"canonical":"https:\/\/www.miomiorun.com\/fr\/produit\/ridge-t-shirt-femme\/","og_locale":"fr_FR","og_type":"article","og_title":"La Sportiva Ridge t-shirt femme -t-shirt de course - MioMioRun","og_description":"T-Shirt Ridge en Polartec\u00aeDelta\u2122, offrant fra\u00eecheur, respirabilit\u00e9 et gestion de l'humidit\u00e9, avec la technologie FRESH FACE pour \u00e9liminer les odeurs.","og_url":"https:\/\/www.miomiorun.com\/fr\/produit\/ridge-t-shirt-femme\/","og_site_name":"MioMioRun","article_publisher":"https:\/\/www.facebook.com\/miomiorun\/","article_modified_time":"2025-05-14T09:27:44+00:00","og_image":[{"width":600,"height":600,"url":"https:\/\/www.miomiorun.com\/app\/uploads\/2025\/02\/la-sportiva-Ridge-t-shirt-W-aspen-green-night-sky-Q84737646.webp","type":"image\/webp"}],"twitter_card":"summary_large_image","twitter_misc":{"Est. reading time":"1 minute"},"schema":{"@context":"https:\/\/schema.org","@graph":[{"@type":"WebPage","@id":"https:\/\/www.miomiorun.com\/fr\/produit\/ridge-t-shirt-femme\/","url":"https:\/\/www.miomiorun.com\/fr\/produit\/ridge-t-shirt-femme\/","name":"La Sportiva Ridge t-shirt femme -t-shirt de course - MioMioRun","isPartOf":{"@id":"https:\/\/www.miomiorun.com\/fr\/#website"},"primaryImageOfPage":{"@id":"https:\/\/www.miomiorun.com\/fr\/produit\/ridge-t-shirt-femme\/#primaryimage"},"image":{"@id":"https:\/\/www.miomiorun.com\/fr\/produit\/ridge-t-shirt-femme\/#primaryimage"},"thumbnailUrl":"https:\/\/www.miomiorun.com\/app\/uploads\/2025\/02\/la-sportiva-Ridge-t-shirt-W-aspen-green-night-sky-Q84737646.webp","datePublished":"2025-02-18T09:37:04+00:00","dateModified":"2025-05-14T09:27:44+00:00","description":"T-Shirt Ridge en Polartec\u00aeDelta\u2122, offrant fra\u00eecheur, respirabilit\u00e9 et gestion de l'humidit\u00e9, avec la technologie FRESH FACE pour \u00e9liminer les odeurs.","breadcrumb":{"@id":"https:\/\/www.miomiorun.com\/fr\/produit\/ridge-t-shirt-femme\/#breadcrumb"},"inLanguage":"fr-FR","potentialAction":[{"@type":"ReadAction","target":["https:\/\/www.miomiorun.com\/fr\/produit\/ridge-t-shirt-femme\/"]}]},{"@type":"ImageObject","inLanguage":"fr-FR","@id":"https:\/\/www.miomiorun.com\/fr\/produit\/ridge-t-shirt-femme\/#primaryimage","url":"https:\/\/www.miomiorun.com\/app\/uploads\/2025\/02\/la-sportiva-Ridge-t-shirt-W-aspen-green-night-sky-Q84737646.webp","contentUrl":"https:\/\/www.miomiorun.com\/app\/uploads\/2025\/02\/la-sportiva-Ridge-t-shirt-W-aspen-green-night-sky-Q84737646.webp","width":600,"height":600,"caption":"la sportiva Ridge t-shirt W aspen green night sky Q84737646"},{"@type":"BreadcrumbList","@id":"https:\/\/www.miomiorun.com\/fr\/produit\/ridge-t-shirt-femme\/#breadcrumb","itemListElement":[{"@type":"ListItem","position":1,"name":"Home","item":"https:\/\/www.miomiorun.com\/fr\/home-page\/"},{"@type":"ListItem","position":2,"name":"Shop","item":"https:\/\/www.miomiorun.com\/shop\/"},{"@type":"ListItem","position":3,"name":"Ridge t-shirt femme"}]},{"@type":"WebSite","@id":"https:\/\/www.miomiorun.com\/fr\/#website","url":"https:\/\/www.miomiorun.com\/fr\/","name":"MioMioRun","description":"Boutique 100% running et trail","publisher":{"@id":"https:\/\/www.miomiorun.com\/fr\/#organization"},"potentialAction":[{"@type":"SearchAction","target":{"@type":"EntryPoint","urlTemplate":"https:\/\/www.miomiorun.com\/fr\/?s={search_term_string}"},"query-input":{"@type":"PropertyValueSpecification","valueRequired":true,"valueName":"search_term_string"}}],"inLanguage":"fr-FR"},{"@type":"Organization","@id":"https:\/\/www.miomiorun.com\/fr\/#organization","name":"MioMio Run","url":"https:\/\/www.miomiorun.com\/fr\/","logo":{"@type":"ImageObject","inLanguage":"fr-FR","@id":"https:\/\/www.miomiorun.com\/fr\/#\/schema\/logo\/image\/","url":"https:\/\/www.miomiorun.com\/app\/uploads\/2019\/12\/logomio.png","contentUrl":"https:\/\/www.miomiorun.com\/app\/uploads\/2019\/12\/logomio.png","width":115,"height":82,"caption":"MioMio Run"},"image":{"@id":"https:\/\/www.miomiorun.com\/fr\/#\/schema\/logo\/image\/"},"sameAs":["https:\/\/www.facebook.com\/miomiorun\/","https:\/\/www.instagram.com\/miomiorun\/"]}]}},"_links":{"self":[{"href":"https:\/\/www.miomiorun.com\/fr\/wp-json\/wp\/v2\/product\/299689","targetHints":{"allow":["GET"]}}],"collection":[{"href":"https:\/\/www.miomiorun.com\/fr\/wp-json\/wp\/v2\/product"}],"about":[{"href":"https:\/\/www.miomiorun.com\/fr\/wp-json\/wp\/v2\/types\/product"}],"wp:featuredmedia":[{"embeddable":true,"href":"https:\/\/www.miomiorun.com\/fr\/wp-json\/wp\/v2\/media\/256849"}],"wp:attachment":[{"href":"https:\/\/www.miomiorun.com\/fr\/wp-json\/wp\/v2\/media?parent=299689"}],"wp:term":[{"taxonomy":"product_brand","embeddable":true,"href":"https:\/\/www.miomiorun.com\/fr\/wp-json\/wp\/v2\/product_brand?post=299689"},{"taxonomy":"product_cat","embeddable":true,"href":"https:\/\/www.miomiorun.com\/fr\/wp-json\/wp\/v2\/product_cat?post=299689"},{"taxonomy":"product_tag","embeddable":true,"href":"https:\/\/www.miomiorun.com\/fr\/wp-json\/wp\/v2\/product_tag?post=299689"}],"curies":[{"name":"wp","href":"https:\/\/api.w.org\/{rel}","templated":true}]}}