{"id":299678,"date":"2025-02-18T11:24:43","date_gmt":"2025-02-18T10:24:43","guid":{"rendered":"https:\/\/miomiorun.com\/prodotto\/lightweight-run-glove\/"},"modified":"2026-05-08T22:32:38","modified_gmt":"2026-05-08T20:32:38","slug":"lightweight-run-glove","status":"publish","type":"product","link":"https:\/\/www.miomiorun.com\/fr\/produit\/lightweight-run-glove\/","title":{"rendered":"Lightweight run glove"},"content":{"rendered":"<p>Le <em>Lightweight Run<\/em> Glove de Nike est un gant ultra-l\u00e9ger et respirant con\u00e7u pour offrir confort et protection pendant les courses par temps frais. Fabriqu\u00e9 \u00e0 partir de mat\u00e9riaux extensibles, il offre un ajustement parfait et une sensation de chaleur sans vous alourdir. La technologie avanc\u00e9e permet une prise en main s\u00fbre et une compatibilit\u00e9 avec les appareils \u00e0 \u00e9cran tactile, tandis que le design minimaliste garantit une libert\u00e9 de mouvement maximale. Id\u00e9al pour courir en toute l\u00e9g\u00e8ret\u00e9, m\u00eame les jours les plus froids.<\/p>\n<div class=\"qMOFyE\">Fermeture : \u00e9lastique<\/div>\n<div class=\"qMOFyE\">Extras : R\u00e9flecteurs<\/div>\n<p>&nbsp;<\/p>\n<p>&nbsp;<\/p>\n<p dir=\"ltr\" data-placeholder=\"Traduzione\">\n","protected":false},"excerpt":{"rendered":"<ul>\n<li>id\u00e9al pour garder vos mains au chaud pendant les activit\u00e9s<\/li>\n<li>d\u00e9tails r\u00e9fl\u00e9chissants<\/li>\n<\/ul>\n","protected":false},"featured_media":256877,"template":"","meta":{"_acf_changed":false,"inline_featured_image":false},"product_brand":[],"product_cat":[22581,22538],"product_tag":[23507,23505,23519],"class_list":{"0":"post-299678","1":"product","2":"type-product","3":"status-publish","4":"has-post-thumbnail","6":"product_cat-gants","7":"product_cat-accessoires","8":"product_tag-nike-fr","9":"product_tag-nike-femme","10":"product_tag-nike-homme","11":"pa_attivita-marcher","12":"pa_attivita-running-fr","13":"pa_marca-nike-fr","14":"pa_sesso-femme","15":"pa_sesso-homme","16":"pa_size-small-fr","17":"pa_size-medium-fr","18":"pa_size-large-fr","20":"first","21":"instock","22":"sale","23":"taxable","24":"shipping-taxable","25":"purchasable","26":"product-type-variable","27":"wvs-archive-product-wrapper"},"acf":[],"yoast_head":"<!-- This site is optimized with the Yoast SEO plugin v26.8 - https:\/\/yoast.com\/product\/yoast-seo-wordpress\/ -->\n<title>Nike Lightweight run glove - gants de course - MioMioRun.com<\/title>\n<meta name=\"description\" content=\"Le Lightweight Run Glove de Nike est un gant ultral\u00e9ger, respirant et compatible avec les \u00e9crans tactiles, id\u00e9al pour courir par temps frais.\" \/>\n<meta name=\"robots\" content=\"index, follow, max-snippet:-1, max-image-preview:large, max-video-preview:-1\" \/>\n<link rel=\"canonical\" href=\"https:\/\/www.miomiorun.com\/fr\/produit\/lightweight-run-glove\/\" \/>\n<meta property=\"og:locale\" content=\"fr_FR\" \/>\n<meta property=\"og:type\" content=\"article\" \/>\n<meta property=\"og:title\" content=\"Nike Lightweight run glove - gants de course - MioMioRun.com\" \/>\n<meta property=\"og:description\" content=\"Le Lightweight Run Glove de Nike est un gant ultral\u00e9ger, respirant et compatible avec les \u00e9crans tactiles, id\u00e9al pour courir par temps frais.\" \/>\n<meta property=\"og:url\" content=\"https:\/\/www.miomiorun.com\/fr\/produit\/lightweight-run-glove\/\" \/>\n<meta property=\"og:site_name\" content=\"MioMioRun\" \/>\n<meta property=\"article:publisher\" content=\"https:\/\/www.facebook.com\/miomiorun\/\" \/>\n<meta property=\"article:modified_time\" content=\"2026-05-08T20:32:38+00:00\" \/>\n<meta property=\"og:image\" content=\"https:\/\/www.miomiorun.com\/app\/uploads\/2025\/02\/nike-lightweight-run-glove-bk-bk-sl-NRGM0082.webp\" \/>\n\t<meta property=\"og:image:width\" content=\"600\" \/>\n\t<meta property=\"og:image:height\" content=\"600\" \/>\n\t<meta property=\"og:image:type\" content=\"image\/webp\" \/>\n<meta name=\"twitter:card\" content=\"summary_large_image\" \/>\n<script type=\"application\/ld+json\" class=\"yoast-schema-graph\">{\"@context\":\"https:\/\/schema.org\",\"@graph\":[{\"@type\":\"WebPage\",\"@id\":\"https:\/\/www.miomiorun.com\/fr\/produit\/lightweight-run-glove\/\",\"url\":\"https:\/\/www.miomiorun.com\/fr\/produit\/lightweight-run-glove\/\",\"name\":\"Nike Lightweight run glove - gants de course - MioMioRun.com\",\"isPartOf\":{\"@id\":\"https:\/\/www.miomiorun.com\/fr\/#website\"},\"primaryImageOfPage\":{\"@id\":\"https:\/\/www.miomiorun.com\/fr\/produit\/lightweight-run-glove\/#primaryimage\"},\"image\":{\"@id\":\"https:\/\/www.miomiorun.com\/fr\/produit\/lightweight-run-glove\/#primaryimage\"},\"thumbnailUrl\":\"https:\/\/www.miomiorun.com\/app\/uploads\/2025\/02\/nike-lightweight-run-glove-bk-bk-sl-NRGM0082.webp\",\"datePublished\":\"2025-02-18T10:24:43+00:00\",\"dateModified\":\"2026-05-08T20:32:38+00:00\",\"description\":\"Le Lightweight Run Glove de Nike est un gant ultral\u00e9ger, respirant et compatible avec les \u00e9crans tactiles, id\u00e9al pour courir par temps frais.\",\"breadcrumb\":{\"@id\":\"https:\/\/www.miomiorun.com\/fr\/produit\/lightweight-run-glove\/#breadcrumb\"},\"inLanguage\":\"fr-FR\",\"potentialAction\":[{\"@type\":\"ReadAction\",\"target\":[\"https:\/\/www.miomiorun.com\/fr\/produit\/lightweight-run-glove\/\"]}]},{\"@type\":\"ImageObject\",\"inLanguage\":\"fr-FR\",\"@id\":\"https:\/\/www.miomiorun.com\/fr\/produit\/lightweight-run-glove\/#primaryimage\",\"url\":\"https:\/\/www.miomiorun.com\/app\/uploads\/2025\/02\/nike-lightweight-run-glove-bk-bk-sl-NRGM0082.webp\",\"contentUrl\":\"https:\/\/www.miomiorun.com\/app\/uploads\/2025\/02\/nike-lightweight-run-glove-bk-bk-sl-NRGM0082.webp\",\"width\":600,\"height\":600,\"caption\":\"nike lightweight run glove bk bk sl NRGM0082\"},{\"@type\":\"BreadcrumbList\",\"@id\":\"https:\/\/www.miomiorun.com\/fr\/produit\/lightweight-run-glove\/#breadcrumb\",\"itemListElement\":[{\"@type\":\"ListItem\",\"position\":1,\"name\":\"Home\",\"item\":\"https:\/\/www.miomiorun.com\/fr\/home-page\/\"},{\"@type\":\"ListItem\",\"position\":2,\"name\":\"Shop\",\"item\":\"https:\/\/www.miomiorun.com\/shop\/\"},{\"@type\":\"ListItem\",\"position\":3,\"name\":\"Lightweight run glove\"}]},{\"@type\":\"WebSite\",\"@id\":\"https:\/\/www.miomiorun.com\/fr\/#website\",\"url\":\"https:\/\/www.miomiorun.com\/fr\/\",\"name\":\"MioMioRun\",\"description\":\"Boutique 100% running et trail\",\"publisher\":{\"@id\":\"https:\/\/www.miomiorun.com\/fr\/#organization\"},\"potentialAction\":[{\"@type\":\"SearchAction\",\"target\":{\"@type\":\"EntryPoint\",\"urlTemplate\":\"https:\/\/www.miomiorun.com\/fr\/?s={search_term_string}\"},\"query-input\":{\"@type\":\"PropertyValueSpecification\",\"valueRequired\":true,\"valueName\":\"search_term_string\"}}],\"inLanguage\":\"fr-FR\"},{\"@type\":\"Organization\",\"@id\":\"https:\/\/www.miomiorun.com\/fr\/#organization\",\"name\":\"MioMio Run\",\"url\":\"https:\/\/www.miomiorun.com\/fr\/\",\"logo\":{\"@type\":\"ImageObject\",\"inLanguage\":\"fr-FR\",\"@id\":\"https:\/\/www.miomiorun.com\/fr\/#\/schema\/logo\/image\/\",\"url\":\"https:\/\/www.miomiorun.com\/app\/uploads\/2019\/12\/logomio.png\",\"contentUrl\":\"https:\/\/www.miomiorun.com\/app\/uploads\/2019\/12\/logomio.png\",\"width\":115,\"height\":82,\"caption\":\"MioMio Run\"},\"image\":{\"@id\":\"https:\/\/www.miomiorun.com\/fr\/#\/schema\/logo\/image\/\"},\"sameAs\":[\"https:\/\/www.facebook.com\/miomiorun\/\",\"https:\/\/www.instagram.com\/miomiorun\/\"]}]}<\/script>\n<!-- \/ Yoast SEO plugin. -->","yoast_head_json":{"title":"Nike Lightweight run glove - gants de course - MioMioRun.com","description":"Le Lightweight Run Glove de Nike est un gant ultral\u00e9ger, respirant et compatible avec les \u00e9crans tactiles, id\u00e9al pour courir par temps frais.","robots":{"index":"index","follow":"follow","max-snippet":"max-snippet:-1","max-image-preview":"max-image-preview:large","max-video-preview":"max-video-preview:-1"},"canonical":"https:\/\/www.miomiorun.com\/fr\/produit\/lightweight-run-glove\/","og_locale":"fr_FR","og_type":"article","og_title":"Nike Lightweight run glove - gants de course - MioMioRun.com","og_description":"Le Lightweight Run Glove de Nike est un gant ultral\u00e9ger, respirant et compatible avec les \u00e9crans tactiles, id\u00e9al pour courir par temps frais.","og_url":"https:\/\/www.miomiorun.com\/fr\/produit\/lightweight-run-glove\/","og_site_name":"MioMioRun","article_publisher":"https:\/\/www.facebook.com\/miomiorun\/","article_modified_time":"2026-05-08T20:32:38+00:00","og_image":[{"width":600,"height":600,"url":"https:\/\/www.miomiorun.com\/app\/uploads\/2025\/02\/nike-lightweight-run-glove-bk-bk-sl-NRGM0082.webp","type":"image\/webp"}],"twitter_card":"summary_large_image","schema":{"@context":"https:\/\/schema.org","@graph":[{"@type":"WebPage","@id":"https:\/\/www.miomiorun.com\/fr\/produit\/lightweight-run-glove\/","url":"https:\/\/www.miomiorun.com\/fr\/produit\/lightweight-run-glove\/","name":"Nike Lightweight run glove - gants de course - MioMioRun.com","isPartOf":{"@id":"https:\/\/www.miomiorun.com\/fr\/#website"},"primaryImageOfPage":{"@id":"https:\/\/www.miomiorun.com\/fr\/produit\/lightweight-run-glove\/#primaryimage"},"image":{"@id":"https:\/\/www.miomiorun.com\/fr\/produit\/lightweight-run-glove\/#primaryimage"},"thumbnailUrl":"https:\/\/www.miomiorun.com\/app\/uploads\/2025\/02\/nike-lightweight-run-glove-bk-bk-sl-NRGM0082.webp","datePublished":"2025-02-18T10:24:43+00:00","dateModified":"2026-05-08T20:32:38+00:00","description":"Le Lightweight Run Glove de Nike est un gant ultral\u00e9ger, respirant et compatible avec les \u00e9crans tactiles, id\u00e9al pour courir par temps frais.","breadcrumb":{"@id":"https:\/\/www.miomiorun.com\/fr\/produit\/lightweight-run-glove\/#breadcrumb"},"inLanguage":"fr-FR","potentialAction":[{"@type":"ReadAction","target":["https:\/\/www.miomiorun.com\/fr\/produit\/lightweight-run-glove\/"]}]},{"@type":"ImageObject","inLanguage":"fr-FR","@id":"https:\/\/www.miomiorun.com\/fr\/produit\/lightweight-run-glove\/#primaryimage","url":"https:\/\/www.miomiorun.com\/app\/uploads\/2025\/02\/nike-lightweight-run-glove-bk-bk-sl-NRGM0082.webp","contentUrl":"https:\/\/www.miomiorun.com\/app\/uploads\/2025\/02\/nike-lightweight-run-glove-bk-bk-sl-NRGM0082.webp","width":600,"height":600,"caption":"nike lightweight run glove bk bk sl NRGM0082"},{"@type":"BreadcrumbList","@id":"https:\/\/www.miomiorun.com\/fr\/produit\/lightweight-run-glove\/#breadcrumb","itemListElement":[{"@type":"ListItem","position":1,"name":"Home","item":"https:\/\/www.miomiorun.com\/fr\/home-page\/"},{"@type":"ListItem","position":2,"name":"Shop","item":"https:\/\/www.miomiorun.com\/shop\/"},{"@type":"ListItem","position":3,"name":"Lightweight run glove"}]},{"@type":"WebSite","@id":"https:\/\/www.miomiorun.com\/fr\/#website","url":"https:\/\/www.miomiorun.com\/fr\/","name":"MioMioRun","description":"Boutique 100% running et trail","publisher":{"@id":"https:\/\/www.miomiorun.com\/fr\/#organization"},"potentialAction":[{"@type":"SearchAction","target":{"@type":"EntryPoint","urlTemplate":"https:\/\/www.miomiorun.com\/fr\/?s={search_term_string}"},"query-input":{"@type":"PropertyValueSpecification","valueRequired":true,"valueName":"search_term_string"}}],"inLanguage":"fr-FR"},{"@type":"Organization","@id":"https:\/\/www.miomiorun.com\/fr\/#organization","name":"MioMio Run","url":"https:\/\/www.miomiorun.com\/fr\/","logo":{"@type":"ImageObject","inLanguage":"fr-FR","@id":"https:\/\/www.miomiorun.com\/fr\/#\/schema\/logo\/image\/","url":"https:\/\/www.miomiorun.com\/app\/uploads\/2019\/12\/logomio.png","contentUrl":"https:\/\/www.miomiorun.com\/app\/uploads\/2019\/12\/logomio.png","width":115,"height":82,"caption":"MioMio Run"},"image":{"@id":"https:\/\/www.miomiorun.com\/fr\/#\/schema\/logo\/image\/"},"sameAs":["https:\/\/www.facebook.com\/miomiorun\/","https:\/\/www.instagram.com\/miomiorun\/"]}]}},"_links":{"self":[{"href":"https:\/\/www.miomiorun.com\/fr\/wp-json\/wp\/v2\/product\/299678","targetHints":{"allow":["GET"]}}],"collection":[{"href":"https:\/\/www.miomiorun.com\/fr\/wp-json\/wp\/v2\/product"}],"about":[{"href":"https:\/\/www.miomiorun.com\/fr\/wp-json\/wp\/v2\/types\/product"}],"wp:featuredmedia":[{"embeddable":true,"href":"https:\/\/www.miomiorun.com\/fr\/wp-json\/wp\/v2\/media\/256877"}],"wp:attachment":[{"href":"https:\/\/www.miomiorun.com\/fr\/wp-json\/wp\/v2\/media?parent=299678"}],"wp:term":[{"taxonomy":"product_brand","embeddable":true,"href":"https:\/\/www.miomiorun.com\/fr\/wp-json\/wp\/v2\/product_brand?post=299678"},{"taxonomy":"product_cat","embeddable":true,"href":"https:\/\/www.miomiorun.com\/fr\/wp-json\/wp\/v2\/product_cat?post=299678"},{"taxonomy":"product_tag","embeddable":true,"href":"https:\/\/www.miomiorun.com\/fr\/wp-json\/wp\/v2\/product_tag?post=299678"}],"curies":[{"name":"wp","href":"https:\/\/api.w.org\/{rel}","templated":true}]}}