{"id":299662,"date":"2025-02-18T17:19:42","date_gmt":"2025-02-18T16:19:42","guid":{"rendered":"https:\/\/miomiorun.com\/prodotto\/trail-bite-t-shirt-donna\/"},"modified":"2026-05-08T22:32:36","modified_gmt":"2026-05-08T20:32:36","slug":"trail-bite-t-shirt-femme","status":"publish","type":"product","link":"https:\/\/www.miomiorun.com\/fr\/produit\/trail-bite-t-shirt-femme\/","title":{"rendered":"Trail bite t-shirt femme"},"content":{"rendered":"<p>Commencez votre aventure en montagne avec le T-shirt Trail Bite pour femme, fabriqu\u00e9 \u00e0 partir de mat\u00e9riaux durables et respirants. \u00c0 cela s&#8217;ajoute un soup\u00e7on d&#8217;\u00e9lasticit\u00e9 pour maintenir une coupe ajust\u00e9e mais confortable et une l\u00e9g\u00e8ret\u00e9 telle que vous ne vous rendrez pas compte que vous le portez. Gr\u00e2ce \u00e0 sa composition de 80 % de polyester et de 12 % de cupro, il ne p\u00e8se pas plus de 100 grammes. Il est \u00e9galement dot\u00e9 de d\u00e9tails r\u00e9fl\u00e9chissants qui le rendent visible m\u00eame en cas de faible luminosit\u00e9.<\/p>\n<p>&nbsp;<\/p>\n<p>&nbsp;<\/p>\n","protected":false},"excerpt":{"rendered":"<ul>\n<li>Fibre synth\u00e9tique<\/li>\n<li>respirant, \u00e9lastique<\/li>\n<li>d\u00e9tails r\u00e9fl\u00e9chissants<\/li>\n<li>col rond<\/li>\n<\/ul>\n","protected":false},"featured_media":256747,"template":"","meta":{"_acf_changed":false,"inline_featured_image":false},"product_brand":[],"product_cat":[22604,22596],"product_tag":[23597,23601],"class_list":{"0":"post-299662","1":"product","2":"type-product","3":"status-publish","4":"has-post-thumbnail","6":"product_cat-t-shirt","7":"product_cat-vetements-pour-femmes","8":"product_tag-la-sportiva-fr","9":"product_tag-la-sportiva-femme","10":"pa_attivita-outdoor-fr","11":"pa_attivita-trail-fr","12":"pa_colore-trail-bite-t-shirt-w-chalk-onyx-fr","13":"pa_colore-trail-bite-t-shirt-w-night-sky-chalk-fr","14":"pa_marca-la-sportiva-fr","15":"pa_sesso-femme","16":"pa_size-extra-small-fr","17":"pa_size-small-fr","18":"pa_size-medium-fr","20":"first","21":"instock","22":"sale","23":"taxable","24":"shipping-taxable","25":"purchasable","26":"product-type-variable","27":"wvs-archive-product-wrapper"},"acf":[],"yoast_head":"<!-- This site is optimized with the Yoast SEO plugin v26.8 - https:\/\/yoast.com\/product\/yoast-seo-wordpress\/ -->\n<title>La Sportiva Trail bite t-shirt femme - t-shirt de course - MioMioRun<\/title>\n<meta name=\"description\" content=\"L\u00e9ger, respirant et ultra-confortable, ce T-shirt est con\u00e7u pour offrir une libert\u00e9 de mouvement et une fra\u00eecheur maximales, m\u00eame pendant les s\u00e9ances d&#039;entra\u00eenement les plus intenses.\" \/>\n<meta name=\"robots\" content=\"index, follow, max-snippet:-1, max-image-preview:large, max-video-preview:-1\" \/>\n<link rel=\"canonical\" href=\"https:\/\/www.miomiorun.com\/fr\/produit\/trail-bite-t-shirt-femme\/\" \/>\n<meta property=\"og:locale\" content=\"fr_FR\" \/>\n<meta property=\"og:type\" content=\"article\" \/>\n<meta property=\"og:title\" content=\"La Sportiva Trail bite t-shirt femme - t-shirt de course - MioMioRun\" \/>\n<meta property=\"og:description\" content=\"L\u00e9ger, respirant et ultra-confortable, ce T-shirt est con\u00e7u pour offrir une libert\u00e9 de mouvement et une fra\u00eecheur maximales, m\u00eame pendant les s\u00e9ances d&#039;entra\u00eenement les plus intenses.\" \/>\n<meta property=\"og:url\" content=\"https:\/\/www.miomiorun.com\/fr\/produit\/trail-bite-t-shirt-femme\/\" \/>\n<meta property=\"og:site_name\" content=\"MioMioRun\" \/>\n<meta property=\"article:publisher\" content=\"https:\/\/www.facebook.com\/miomiorun\/\" \/>\n<meta property=\"article:modified_time\" content=\"2026-05-08T20:32:36+00:00\" \/>\n<meta property=\"og:image\" content=\"https:\/\/www.miomiorun.com\/app\/uploads\/2025\/02\/la-sportiva-Trail-bite-t-shirt-W-night-sky-halk-Q81646004.webp\" \/>\n\t<meta property=\"og:image:width\" content=\"600\" \/>\n\t<meta property=\"og:image:height\" content=\"600\" \/>\n\t<meta property=\"og:image:type\" content=\"image\/webp\" \/>\n<meta name=\"twitter:card\" content=\"summary_large_image\" \/>\n<script type=\"application\/ld+json\" class=\"yoast-schema-graph\">{\"@context\":\"https:\/\/schema.org\",\"@graph\":[{\"@type\":\"WebPage\",\"@id\":\"https:\/\/www.miomiorun.com\/fr\/produit\/trail-bite-t-shirt-femme\/\",\"url\":\"https:\/\/www.miomiorun.com\/fr\/produit\/trail-bite-t-shirt-femme\/\",\"name\":\"La Sportiva Trail bite t-shirt femme - t-shirt de course - MioMioRun\",\"isPartOf\":{\"@id\":\"https:\/\/www.miomiorun.com\/fr\/#website\"},\"primaryImageOfPage\":{\"@id\":\"https:\/\/www.miomiorun.com\/fr\/produit\/trail-bite-t-shirt-femme\/#primaryimage\"},\"image\":{\"@id\":\"https:\/\/www.miomiorun.com\/fr\/produit\/trail-bite-t-shirt-femme\/#primaryimage\"},\"thumbnailUrl\":\"https:\/\/www.miomiorun.com\/app\/uploads\/2025\/02\/la-sportiva-Trail-bite-t-shirt-W-night-sky-halk-Q81646004.webp\",\"datePublished\":\"2025-02-18T16:19:42+00:00\",\"dateModified\":\"2026-05-08T20:32:36+00:00\",\"description\":\"L\u00e9ger, respirant et ultra-confortable, ce T-shirt est con\u00e7u pour offrir une libert\u00e9 de mouvement et une fra\u00eecheur maximales, m\u00eame pendant les s\u00e9ances d'entra\u00eenement les plus intenses.\",\"breadcrumb\":{\"@id\":\"https:\/\/www.miomiorun.com\/fr\/produit\/trail-bite-t-shirt-femme\/#breadcrumb\"},\"inLanguage\":\"fr-FR\",\"potentialAction\":[{\"@type\":\"ReadAction\",\"target\":[\"https:\/\/www.miomiorun.com\/fr\/produit\/trail-bite-t-shirt-femme\/\"]}]},{\"@type\":\"ImageObject\",\"inLanguage\":\"fr-FR\",\"@id\":\"https:\/\/www.miomiorun.com\/fr\/produit\/trail-bite-t-shirt-femme\/#primaryimage\",\"url\":\"https:\/\/www.miomiorun.com\/app\/uploads\/2025\/02\/la-sportiva-Trail-bite-t-shirt-W-night-sky-halk-Q81646004.webp\",\"contentUrl\":\"https:\/\/www.miomiorun.com\/app\/uploads\/2025\/02\/la-sportiva-Trail-bite-t-shirt-W-night-sky-halk-Q81646004.webp\",\"width\":600,\"height\":600,\"caption\":\"la sportiva Trail bite t-shirt W night sky halk Q81646004\"},{\"@type\":\"BreadcrumbList\",\"@id\":\"https:\/\/www.miomiorun.com\/fr\/produit\/trail-bite-t-shirt-femme\/#breadcrumb\",\"itemListElement\":[{\"@type\":\"ListItem\",\"position\":1,\"name\":\"Home\",\"item\":\"https:\/\/www.miomiorun.com\/fr\/home-page\/\"},{\"@type\":\"ListItem\",\"position\":2,\"name\":\"Shop\",\"item\":\"https:\/\/www.miomiorun.com\/shop\/\"},{\"@type\":\"ListItem\",\"position\":3,\"name\":\"Trail bite t-shirt femme\"}]},{\"@type\":\"WebSite\",\"@id\":\"https:\/\/www.miomiorun.com\/fr\/#website\",\"url\":\"https:\/\/www.miomiorun.com\/fr\/\",\"name\":\"MioMioRun\",\"description\":\"Boutique 100% running et trail\",\"publisher\":{\"@id\":\"https:\/\/www.miomiorun.com\/fr\/#organization\"},\"potentialAction\":[{\"@type\":\"SearchAction\",\"target\":{\"@type\":\"EntryPoint\",\"urlTemplate\":\"https:\/\/www.miomiorun.com\/fr\/?s={search_term_string}\"},\"query-input\":{\"@type\":\"PropertyValueSpecification\",\"valueRequired\":true,\"valueName\":\"search_term_string\"}}],\"inLanguage\":\"fr-FR\"},{\"@type\":\"Organization\",\"@id\":\"https:\/\/www.miomiorun.com\/fr\/#organization\",\"name\":\"MioMio Run\",\"url\":\"https:\/\/www.miomiorun.com\/fr\/\",\"logo\":{\"@type\":\"ImageObject\",\"inLanguage\":\"fr-FR\",\"@id\":\"https:\/\/www.miomiorun.com\/fr\/#\/schema\/logo\/image\/\",\"url\":\"https:\/\/www.miomiorun.com\/app\/uploads\/2019\/12\/logomio.png\",\"contentUrl\":\"https:\/\/www.miomiorun.com\/app\/uploads\/2019\/12\/logomio.png\",\"width\":115,\"height\":82,\"caption\":\"MioMio Run\"},\"image\":{\"@id\":\"https:\/\/www.miomiorun.com\/fr\/#\/schema\/logo\/image\/\"},\"sameAs\":[\"https:\/\/www.facebook.com\/miomiorun\/\",\"https:\/\/www.instagram.com\/miomiorun\/\"]}]}<\/script>\n<!-- \/ Yoast SEO plugin. -->","yoast_head_json":{"title":"La Sportiva Trail bite t-shirt femme - t-shirt de course - MioMioRun","description":"L\u00e9ger, respirant et ultra-confortable, ce T-shirt est con\u00e7u pour offrir une libert\u00e9 de mouvement et une fra\u00eecheur maximales, m\u00eame pendant les s\u00e9ances d'entra\u00eenement les plus intenses.","robots":{"index":"index","follow":"follow","max-snippet":"max-snippet:-1","max-image-preview":"max-image-preview:large","max-video-preview":"max-video-preview:-1"},"canonical":"https:\/\/www.miomiorun.com\/fr\/produit\/trail-bite-t-shirt-femme\/","og_locale":"fr_FR","og_type":"article","og_title":"La Sportiva Trail bite t-shirt femme - t-shirt de course - MioMioRun","og_description":"L\u00e9ger, respirant et ultra-confortable, ce T-shirt est con\u00e7u pour offrir une libert\u00e9 de mouvement et une fra\u00eecheur maximales, m\u00eame pendant les s\u00e9ances d'entra\u00eenement les plus intenses.","og_url":"https:\/\/www.miomiorun.com\/fr\/produit\/trail-bite-t-shirt-femme\/","og_site_name":"MioMioRun","article_publisher":"https:\/\/www.facebook.com\/miomiorun\/","article_modified_time":"2026-05-08T20:32:36+00:00","og_image":[{"width":600,"height":600,"url":"https:\/\/www.miomiorun.com\/app\/uploads\/2025\/02\/la-sportiva-Trail-bite-t-shirt-W-night-sky-halk-Q81646004.webp","type":"image\/webp"}],"twitter_card":"summary_large_image","schema":{"@context":"https:\/\/schema.org","@graph":[{"@type":"WebPage","@id":"https:\/\/www.miomiorun.com\/fr\/produit\/trail-bite-t-shirt-femme\/","url":"https:\/\/www.miomiorun.com\/fr\/produit\/trail-bite-t-shirt-femme\/","name":"La Sportiva Trail bite t-shirt femme - t-shirt de course - MioMioRun","isPartOf":{"@id":"https:\/\/www.miomiorun.com\/fr\/#website"},"primaryImageOfPage":{"@id":"https:\/\/www.miomiorun.com\/fr\/produit\/trail-bite-t-shirt-femme\/#primaryimage"},"image":{"@id":"https:\/\/www.miomiorun.com\/fr\/produit\/trail-bite-t-shirt-femme\/#primaryimage"},"thumbnailUrl":"https:\/\/www.miomiorun.com\/app\/uploads\/2025\/02\/la-sportiva-Trail-bite-t-shirt-W-night-sky-halk-Q81646004.webp","datePublished":"2025-02-18T16:19:42+00:00","dateModified":"2026-05-08T20:32:36+00:00","description":"L\u00e9ger, respirant et ultra-confortable, ce T-shirt est con\u00e7u pour offrir une libert\u00e9 de mouvement et une fra\u00eecheur maximales, m\u00eame pendant les s\u00e9ances d'entra\u00eenement les plus intenses.","breadcrumb":{"@id":"https:\/\/www.miomiorun.com\/fr\/produit\/trail-bite-t-shirt-femme\/#breadcrumb"},"inLanguage":"fr-FR","potentialAction":[{"@type":"ReadAction","target":["https:\/\/www.miomiorun.com\/fr\/produit\/trail-bite-t-shirt-femme\/"]}]},{"@type":"ImageObject","inLanguage":"fr-FR","@id":"https:\/\/www.miomiorun.com\/fr\/produit\/trail-bite-t-shirt-femme\/#primaryimage","url":"https:\/\/www.miomiorun.com\/app\/uploads\/2025\/02\/la-sportiva-Trail-bite-t-shirt-W-night-sky-halk-Q81646004.webp","contentUrl":"https:\/\/www.miomiorun.com\/app\/uploads\/2025\/02\/la-sportiva-Trail-bite-t-shirt-W-night-sky-halk-Q81646004.webp","width":600,"height":600,"caption":"la sportiva Trail bite t-shirt W night sky halk Q81646004"},{"@type":"BreadcrumbList","@id":"https:\/\/www.miomiorun.com\/fr\/produit\/trail-bite-t-shirt-femme\/#breadcrumb","itemListElement":[{"@type":"ListItem","position":1,"name":"Home","item":"https:\/\/www.miomiorun.com\/fr\/home-page\/"},{"@type":"ListItem","position":2,"name":"Shop","item":"https:\/\/www.miomiorun.com\/shop\/"},{"@type":"ListItem","position":3,"name":"Trail bite t-shirt femme"}]},{"@type":"WebSite","@id":"https:\/\/www.miomiorun.com\/fr\/#website","url":"https:\/\/www.miomiorun.com\/fr\/","name":"MioMioRun","description":"Boutique 100% running et trail","publisher":{"@id":"https:\/\/www.miomiorun.com\/fr\/#organization"},"potentialAction":[{"@type":"SearchAction","target":{"@type":"EntryPoint","urlTemplate":"https:\/\/www.miomiorun.com\/fr\/?s={search_term_string}"},"query-input":{"@type":"PropertyValueSpecification","valueRequired":true,"valueName":"search_term_string"}}],"inLanguage":"fr-FR"},{"@type":"Organization","@id":"https:\/\/www.miomiorun.com\/fr\/#organization","name":"MioMio Run","url":"https:\/\/www.miomiorun.com\/fr\/","logo":{"@type":"ImageObject","inLanguage":"fr-FR","@id":"https:\/\/www.miomiorun.com\/fr\/#\/schema\/logo\/image\/","url":"https:\/\/www.miomiorun.com\/app\/uploads\/2019\/12\/logomio.png","contentUrl":"https:\/\/www.miomiorun.com\/app\/uploads\/2019\/12\/logomio.png","width":115,"height":82,"caption":"MioMio Run"},"image":{"@id":"https:\/\/www.miomiorun.com\/fr\/#\/schema\/logo\/image\/"},"sameAs":["https:\/\/www.facebook.com\/miomiorun\/","https:\/\/www.instagram.com\/miomiorun\/"]}]}},"_links":{"self":[{"href":"https:\/\/www.miomiorun.com\/fr\/wp-json\/wp\/v2\/product\/299662","targetHints":{"allow":["GET"]}}],"collection":[{"href":"https:\/\/www.miomiorun.com\/fr\/wp-json\/wp\/v2\/product"}],"about":[{"href":"https:\/\/www.miomiorun.com\/fr\/wp-json\/wp\/v2\/types\/product"}],"wp:featuredmedia":[{"embeddable":true,"href":"https:\/\/www.miomiorun.com\/fr\/wp-json\/wp\/v2\/media\/256747"}],"wp:attachment":[{"href":"https:\/\/www.miomiorun.com\/fr\/wp-json\/wp\/v2\/media?parent=299662"}],"wp:term":[{"taxonomy":"product_brand","embeddable":true,"href":"https:\/\/www.miomiorun.com\/fr\/wp-json\/wp\/v2\/product_brand?post=299662"},{"taxonomy":"product_cat","embeddable":true,"href":"https:\/\/www.miomiorun.com\/fr\/wp-json\/wp\/v2\/product_cat?post=299662"},{"taxonomy":"product_tag","embeddable":true,"href":"https:\/\/www.miomiorun.com\/fr\/wp-json\/wp\/v2\/product_tag?post=299662"}],"curies":[{"name":"wp","href":"https:\/\/api.w.org\/{rel}","templated":true}]}}