{"id":299616,"date":"2025-02-20T12:05:58","date_gmt":"2025-02-20T11:05:58","guid":{"rendered":"https:\/\/miomiorun.com\/prodotto\/laspo-kid-backpack\/"},"modified":"2025-05-14T11:40:16","modified_gmt":"2025-05-14T09:40:16","slug":"laspo-kid-backpack","status":"publish","type":"product","link":"https:\/\/www.miomiorun.com\/fr\/produit\/laspo-kid-backpack\/","title":{"rendered":"Laspo Kid Backpack"},"content":{"rendered":"<p>Le compagnon id\u00e9al pour vos randonn\u00e9es et vos aventures en plein air. Le nouveau sac \u00e0 dos des petits amoureux de la montagne est dot\u00e9 de deux poches lat\u00e9rales pratiques pour les bouteilles d&#8217;eau, d&#8217;une poche principale spacieuse et facile d&#8217;acc\u00e8s et d&#8217;une petite poche frontale zipp\u00e9e pour vos objets de valeur. La fermeture au niveau de la poitrine et de la taille permet un ajustement ergonomique. Le dos et les bretelles rembourr\u00e9s offrent un maximum de confort et de protection.<\/p>\n<div class=\"data item title\" tabindex=\"0\" aria-selected=\"true\" aria-expanded=\"true\" data-role=\"title\">\n<h3 id=\"tab-label-techinfo\" class=\"switch-title\">Informations techniques<\/h3>\n<\/div>\n<div class=\"data item content\" aria-hidden=\"false\" data-role=\"content\" aria-labelledby=\"tab-label-techinfo\">\n<div class=\"techinfo-container\">\n<div class=\"techinfo-description\"><b>Poids :<\/b><br \/>\n302 g<br \/>\n<b>Autres caract\u00e9ristiques :<\/b><br \/>\n15L<\/div>\n<\/div>\n<\/div>\n<div><\/div>\n<div><\/div>\n<div><strong>Plus<\/strong><\/div>\n<div>\n<div class=\"data item content\" aria-hidden=\"false\" data-role=\"content\" aria-labelledby=\"tab-label-plus\">\n<div class=\"plus-container\">+ Grande poche centrale<br \/>\n+ Petite poche frontale zipp\u00e9e<br \/>\n+ Sangle de poitrine avec clip et sifflet<br \/>\n+ Poches lat\u00e9rales en filet pour la bouteille d&#8217;eau<br \/>\n+ Mati\u00e8re l\u00e9g\u00e8re et d\u00e9perlante<br \/>\n+ Dos rembourr\u00e9 avec canal de ventilation central pour une respirabilit\u00e9 optimale<br \/>\n+ Bretelles rembourr\u00e9es pour plus de confort<\/div>\n<\/div>\n<\/div>\n","protected":false},"excerpt":{"rendered":"<ul>\n<li>sac \u00e0 dos pour enfants<\/li>\n<li>plein de poches<\/li>\n<li>super doux<\/li>\n<\/ul>\n","protected":false},"featured_media":257735,"template":"","meta":{"_acf_changed":false,"inline_featured_image":false},"product_brand":[],"product_cat":[22589,22587,22538],"product_tag":[23597,24181,24188],"class_list":{"0":"post-299616","1":"product","2":"type-product","3":"status-publish","4":"has-post-thumbnail","6":"product_cat-sacs-a-dos","7":"product_cat-sacs-a-dos-et-ceintures","8":"product_cat-accessoires","9":"product_tag-la-sportiva-fr","10":"product_tag-la-sportiva-fille","11":"product_tag-la-sportiva-garcon","12":"pa_attivita-outdoor-fr","13":"pa_attivita-trail-fr","14":"pa_marca-la-sportiva-fr","15":"pa_sesso-femme","16":"pa_sesso-homme","18":"first","19":"instock","20":"sale","21":"taxable","22":"shipping-taxable","23":"purchasable","24":"product-type-simple"},"acf":[],"yoast_head":"<!-- This site is optimized with the Yoast SEO plugin v26.8 - https:\/\/yoast.com\/product\/yoast-seo-wordpress\/ -->\n<title>La Sportiva Laspo Kid Backpack - sac \u00e0 dos pour b\u00e9b\u00e9 - MioMioRun<\/title>\n<meta name=\"description\" content=\"Sac \u00e0 dos 15L pour enfants, l\u00e9ger et confortable, avec poches lat\u00e9rales, poche frontale zipp\u00e9e, dos, bretelles matelass\u00e9es et mat\u00e9riau d\u00e9perlant.\" \/>\n<meta name=\"robots\" content=\"index, follow, max-snippet:-1, max-image-preview:large, max-video-preview:-1\" \/>\n<link rel=\"canonical\" href=\"https:\/\/www.miomiorun.com\/fr\/produit\/laspo-kid-backpack\/\" \/>\n<meta property=\"og:locale\" content=\"fr_FR\" \/>\n<meta property=\"og:type\" content=\"article\" \/>\n<meta property=\"og:title\" content=\"La Sportiva Laspo Kid Backpack - sac \u00e0 dos pour b\u00e9b\u00e9 - MioMioRun\" \/>\n<meta property=\"og:description\" content=\"Sac \u00e0 dos 15L pour enfants, l\u00e9ger et confortable, avec poches lat\u00e9rales, poche frontale zipp\u00e9e, dos, bretelles matelass\u00e9es et mat\u00e9riau d\u00e9perlant.\" \/>\n<meta property=\"og:url\" content=\"https:\/\/www.miomiorun.com\/fr\/produit\/laspo-kid-backpack\/\" \/>\n<meta property=\"og:site_name\" content=\"MioMioRun\" \/>\n<meta property=\"article:publisher\" content=\"https:\/\/www.facebook.com\/miomiorun\/\" \/>\n<meta property=\"article:modified_time\" content=\"2025-05-14T09:40:16+00:00\" \/>\n<meta property=\"og:image\" content=\"https:\/\/www.miomiorun.com\/app\/uploads\/2025\/02\/la-sportiva-Kid-backpack-yellow-black-69S100999.webp\" \/>\n\t<meta property=\"og:image:width\" content=\"600\" \/>\n\t<meta property=\"og:image:height\" content=\"600\" \/>\n\t<meta property=\"og:image:type\" content=\"image\/webp\" \/>\n<meta name=\"twitter:card\" content=\"summary_large_image\" \/>\n<meta name=\"twitter:label1\" content=\"Est. reading time\" \/>\n\t<meta name=\"twitter:data1\" content=\"1 minute\" \/>\n<script type=\"application\/ld+json\" class=\"yoast-schema-graph\">{\"@context\":\"https:\/\/schema.org\",\"@graph\":[{\"@type\":\"WebPage\",\"@id\":\"https:\/\/www.miomiorun.com\/fr\/produit\/laspo-kid-backpack\/\",\"url\":\"https:\/\/www.miomiorun.com\/fr\/produit\/laspo-kid-backpack\/\",\"name\":\"La Sportiva Laspo Kid Backpack - sac \u00e0 dos pour b\u00e9b\u00e9 - MioMioRun\",\"isPartOf\":{\"@id\":\"https:\/\/www.miomiorun.com\/fr\/#website\"},\"primaryImageOfPage\":{\"@id\":\"https:\/\/www.miomiorun.com\/fr\/produit\/laspo-kid-backpack\/#primaryimage\"},\"image\":{\"@id\":\"https:\/\/www.miomiorun.com\/fr\/produit\/laspo-kid-backpack\/#primaryimage\"},\"thumbnailUrl\":\"https:\/\/www.miomiorun.com\/app\/uploads\/2025\/02\/la-sportiva-Kid-backpack-yellow-black-69S100999.webp\",\"datePublished\":\"2025-02-20T11:05:58+00:00\",\"dateModified\":\"2025-05-14T09:40:16+00:00\",\"description\":\"Sac \u00e0 dos 15L pour enfants, l\u00e9ger et confortable, avec poches lat\u00e9rales, poche frontale zipp\u00e9e, dos, bretelles matelass\u00e9es et mat\u00e9riau d\u00e9perlant.\",\"breadcrumb\":{\"@id\":\"https:\/\/www.miomiorun.com\/fr\/produit\/laspo-kid-backpack\/#breadcrumb\"},\"inLanguage\":\"fr-FR\",\"potentialAction\":[{\"@type\":\"ReadAction\",\"target\":[\"https:\/\/www.miomiorun.com\/fr\/produit\/laspo-kid-backpack\/\"]}]},{\"@type\":\"ImageObject\",\"inLanguage\":\"fr-FR\",\"@id\":\"https:\/\/www.miomiorun.com\/fr\/produit\/laspo-kid-backpack\/#primaryimage\",\"url\":\"https:\/\/www.miomiorun.com\/app\/uploads\/2025\/02\/la-sportiva-Kid-backpack-yellow-black-69S100999.webp\",\"contentUrl\":\"https:\/\/www.miomiorun.com\/app\/uploads\/2025\/02\/la-sportiva-Kid-backpack-yellow-black-69S100999.webp\",\"width\":600,\"height\":600,\"caption\":\"la sportiva Kid backpack yellow black 69S100999\"},{\"@type\":\"BreadcrumbList\",\"@id\":\"https:\/\/www.miomiorun.com\/fr\/produit\/laspo-kid-backpack\/#breadcrumb\",\"itemListElement\":[{\"@type\":\"ListItem\",\"position\":1,\"name\":\"Home\",\"item\":\"https:\/\/www.miomiorun.com\/fr\/home-page\/\"},{\"@type\":\"ListItem\",\"position\":2,\"name\":\"Shop\",\"item\":\"https:\/\/www.miomiorun.com\/shop\/\"},{\"@type\":\"ListItem\",\"position\":3,\"name\":\"Laspo Kid Backpack\"}]},{\"@type\":\"WebSite\",\"@id\":\"https:\/\/www.miomiorun.com\/fr\/#website\",\"url\":\"https:\/\/www.miomiorun.com\/fr\/\",\"name\":\"MioMioRun\",\"description\":\"Boutique 100% running et trail\",\"publisher\":{\"@id\":\"https:\/\/www.miomiorun.com\/fr\/#organization\"},\"potentialAction\":[{\"@type\":\"SearchAction\",\"target\":{\"@type\":\"EntryPoint\",\"urlTemplate\":\"https:\/\/www.miomiorun.com\/fr\/?s={search_term_string}\"},\"query-input\":{\"@type\":\"PropertyValueSpecification\",\"valueRequired\":true,\"valueName\":\"search_term_string\"}}],\"inLanguage\":\"fr-FR\"},{\"@type\":\"Organization\",\"@id\":\"https:\/\/www.miomiorun.com\/fr\/#organization\",\"name\":\"MioMio Run\",\"url\":\"https:\/\/www.miomiorun.com\/fr\/\",\"logo\":{\"@type\":\"ImageObject\",\"inLanguage\":\"fr-FR\",\"@id\":\"https:\/\/www.miomiorun.com\/fr\/#\/schema\/logo\/image\/\",\"url\":\"https:\/\/www.miomiorun.com\/app\/uploads\/2019\/12\/logomio.png\",\"contentUrl\":\"https:\/\/www.miomiorun.com\/app\/uploads\/2019\/12\/logomio.png\",\"width\":115,\"height\":82,\"caption\":\"MioMio Run\"},\"image\":{\"@id\":\"https:\/\/www.miomiorun.com\/fr\/#\/schema\/logo\/image\/\"},\"sameAs\":[\"https:\/\/www.facebook.com\/miomiorun\/\",\"https:\/\/www.instagram.com\/miomiorun\/\"]}]}<\/script>\n<!-- \/ Yoast SEO plugin. -->","yoast_head_json":{"title":"La Sportiva Laspo Kid Backpack - sac \u00e0 dos pour b\u00e9b\u00e9 - MioMioRun","description":"Sac \u00e0 dos 15L pour enfants, l\u00e9ger et confortable, avec poches lat\u00e9rales, poche frontale zipp\u00e9e, dos, bretelles matelass\u00e9es et mat\u00e9riau d\u00e9perlant.","robots":{"index":"index","follow":"follow","max-snippet":"max-snippet:-1","max-image-preview":"max-image-preview:large","max-video-preview":"max-video-preview:-1"},"canonical":"https:\/\/www.miomiorun.com\/fr\/produit\/laspo-kid-backpack\/","og_locale":"fr_FR","og_type":"article","og_title":"La Sportiva Laspo Kid Backpack - sac \u00e0 dos pour b\u00e9b\u00e9 - MioMioRun","og_description":"Sac \u00e0 dos 15L pour enfants, l\u00e9ger et confortable, avec poches lat\u00e9rales, poche frontale zipp\u00e9e, dos, bretelles matelass\u00e9es et mat\u00e9riau d\u00e9perlant.","og_url":"https:\/\/www.miomiorun.com\/fr\/produit\/laspo-kid-backpack\/","og_site_name":"MioMioRun","article_publisher":"https:\/\/www.facebook.com\/miomiorun\/","article_modified_time":"2025-05-14T09:40:16+00:00","og_image":[{"width":600,"height":600,"url":"https:\/\/www.miomiorun.com\/app\/uploads\/2025\/02\/la-sportiva-Kid-backpack-yellow-black-69S100999.webp","type":"image\/webp"}],"twitter_card":"summary_large_image","twitter_misc":{"Est. reading time":"1 minute"},"schema":{"@context":"https:\/\/schema.org","@graph":[{"@type":"WebPage","@id":"https:\/\/www.miomiorun.com\/fr\/produit\/laspo-kid-backpack\/","url":"https:\/\/www.miomiorun.com\/fr\/produit\/laspo-kid-backpack\/","name":"La Sportiva Laspo Kid Backpack - sac \u00e0 dos pour b\u00e9b\u00e9 - MioMioRun","isPartOf":{"@id":"https:\/\/www.miomiorun.com\/fr\/#website"},"primaryImageOfPage":{"@id":"https:\/\/www.miomiorun.com\/fr\/produit\/laspo-kid-backpack\/#primaryimage"},"image":{"@id":"https:\/\/www.miomiorun.com\/fr\/produit\/laspo-kid-backpack\/#primaryimage"},"thumbnailUrl":"https:\/\/www.miomiorun.com\/app\/uploads\/2025\/02\/la-sportiva-Kid-backpack-yellow-black-69S100999.webp","datePublished":"2025-02-20T11:05:58+00:00","dateModified":"2025-05-14T09:40:16+00:00","description":"Sac \u00e0 dos 15L pour enfants, l\u00e9ger et confortable, avec poches lat\u00e9rales, poche frontale zipp\u00e9e, dos, bretelles matelass\u00e9es et mat\u00e9riau d\u00e9perlant.","breadcrumb":{"@id":"https:\/\/www.miomiorun.com\/fr\/produit\/laspo-kid-backpack\/#breadcrumb"},"inLanguage":"fr-FR","potentialAction":[{"@type":"ReadAction","target":["https:\/\/www.miomiorun.com\/fr\/produit\/laspo-kid-backpack\/"]}]},{"@type":"ImageObject","inLanguage":"fr-FR","@id":"https:\/\/www.miomiorun.com\/fr\/produit\/laspo-kid-backpack\/#primaryimage","url":"https:\/\/www.miomiorun.com\/app\/uploads\/2025\/02\/la-sportiva-Kid-backpack-yellow-black-69S100999.webp","contentUrl":"https:\/\/www.miomiorun.com\/app\/uploads\/2025\/02\/la-sportiva-Kid-backpack-yellow-black-69S100999.webp","width":600,"height":600,"caption":"la sportiva Kid backpack yellow black 69S100999"},{"@type":"BreadcrumbList","@id":"https:\/\/www.miomiorun.com\/fr\/produit\/laspo-kid-backpack\/#breadcrumb","itemListElement":[{"@type":"ListItem","position":1,"name":"Home","item":"https:\/\/www.miomiorun.com\/fr\/home-page\/"},{"@type":"ListItem","position":2,"name":"Shop","item":"https:\/\/www.miomiorun.com\/shop\/"},{"@type":"ListItem","position":3,"name":"Laspo Kid Backpack"}]},{"@type":"WebSite","@id":"https:\/\/www.miomiorun.com\/fr\/#website","url":"https:\/\/www.miomiorun.com\/fr\/","name":"MioMioRun","description":"Boutique 100% running et trail","publisher":{"@id":"https:\/\/www.miomiorun.com\/fr\/#organization"},"potentialAction":[{"@type":"SearchAction","target":{"@type":"EntryPoint","urlTemplate":"https:\/\/www.miomiorun.com\/fr\/?s={search_term_string}"},"query-input":{"@type":"PropertyValueSpecification","valueRequired":true,"valueName":"search_term_string"}}],"inLanguage":"fr-FR"},{"@type":"Organization","@id":"https:\/\/www.miomiorun.com\/fr\/#organization","name":"MioMio Run","url":"https:\/\/www.miomiorun.com\/fr\/","logo":{"@type":"ImageObject","inLanguage":"fr-FR","@id":"https:\/\/www.miomiorun.com\/fr\/#\/schema\/logo\/image\/","url":"https:\/\/www.miomiorun.com\/app\/uploads\/2019\/12\/logomio.png","contentUrl":"https:\/\/www.miomiorun.com\/app\/uploads\/2019\/12\/logomio.png","width":115,"height":82,"caption":"MioMio Run"},"image":{"@id":"https:\/\/www.miomiorun.com\/fr\/#\/schema\/logo\/image\/"},"sameAs":["https:\/\/www.facebook.com\/miomiorun\/","https:\/\/www.instagram.com\/miomiorun\/"]}]}},"_links":{"self":[{"href":"https:\/\/www.miomiorun.com\/fr\/wp-json\/wp\/v2\/product\/299616","targetHints":{"allow":["GET"]}}],"collection":[{"href":"https:\/\/www.miomiorun.com\/fr\/wp-json\/wp\/v2\/product"}],"about":[{"href":"https:\/\/www.miomiorun.com\/fr\/wp-json\/wp\/v2\/types\/product"}],"wp:featuredmedia":[{"embeddable":true,"href":"https:\/\/www.miomiorun.com\/fr\/wp-json\/wp\/v2\/media\/257735"}],"wp:attachment":[{"href":"https:\/\/www.miomiorun.com\/fr\/wp-json\/wp\/v2\/media?parent=299616"}],"wp:term":[{"taxonomy":"product_brand","embeddable":true,"href":"https:\/\/www.miomiorun.com\/fr\/wp-json\/wp\/v2\/product_brand?post=299616"},{"taxonomy":"product_cat","embeddable":true,"href":"https:\/\/www.miomiorun.com\/fr\/wp-json\/wp\/v2\/product_cat?post=299616"},{"taxonomy":"product_tag","embeddable":true,"href":"https:\/\/www.miomiorun.com\/fr\/wp-json\/wp\/v2\/product_tag?post=299616"}],"curies":[{"name":"wp","href":"https:\/\/api.w.org\/{rel}","templated":true}]}}