{"id":299562,"date":"2025-02-20T12:22:56","date_gmt":"2025-02-20T11:22:56","guid":{"rendered":"https:\/\/miomiorun.com\/prodotto\/prodigio-pro-uomo\/"},"modified":"2026-05-08T22:32:29","modified_gmt":"2026-05-08T20:32:29","slug":"prodigio-pro-homme","status":"publish","type":"product","link":"https:\/\/www.miomiorun.com\/fr\/produit\/prodigio-pro-homme\/","title":{"rendered":"Prodigio Pro homme"},"content":{"rendered":"<div class=\"vc-row container\"><div class=\"vc-column\"><div class=\"vc-column-text\"><\/p>\n<p><strong>Caract\u00e9ristiques techniques<\/strong><\/p>\n<p>Cat\u00e9gorie : Amorti structur\u00e9<br \/>\nD\u00e9calage : 6 mm<br \/>\nPoids : 255 g<br \/>\nId\u00e9al pour : les coureurs de trail \u00e0 la recherche d&#8217;une chaussure performante et confortable, m\u00eame sur des parcours longs et exigeants.<br \/>\nPoids de l&#8217;athl\u00e8te : 60-80 kg<br \/>\nAllure de course : moyenne (5-6 min\/km)<br \/>\n<a href=\"https:\/\/miomiorun.com\/fr\/guide-des-specificites\/\">Guide des sp\u00e9cifications techniques<\/a><\/p>\n<p><\/div><\/div><div class=\"vc-column\"><div class=\"vc-column-text\">La <strong>Prodigio Pro<\/strong> est la chaussure de course con\u00e7ue pour les ultrarunners, les passionn\u00e9s de trail et les athl\u00e8tes de comp\u00e9tition qui ne se contentent de rien de moins que l&#8217;excellence. Gr\u00e2ce \u00e0 la <strong>technologie XFlow\u2122 Speed<\/strong>, cette chaussure red\u00e9finit les performances sur tous les types de terrain, alliant \u00e0 la perfection innovation et confort. Sa semelle interm\u00e9diaire exclusive XFlow\u2122 Speed est le r\u00e9sultat d&#8217;un m\u00e9lange unique de <strong>TPU et d&#8217;EVA double couche infus\u00e9 \u00e0 l&#8217;azote supercritique<\/strong>, qui maximise la r\u00e9activit\u00e9 et le retour d&#8217;\u00e9nergie pour des performances in\u00e9gal\u00e9es. Cette conception avanc\u00e9e permet une action fluide et r\u00e9active \u00e0 chaque foul\u00e9e, tout en conservant une excellente stabilit\u00e9, m\u00eame lors des courses les plus techniques et les plus exigeantes.<\/p>\n<p>La tige en <strong>mesh Power Wire<\/strong>, avec des renforts en <strong>TPU et en nylon<\/strong>, assure un ajustement pr\u00e9cis et s\u00fbr, tandis que le syst\u00e8me d&#8217;enveloppement du m\u00e9dio-pied offre une plus grande stabilit\u00e9, am\u00e9liorant le transfert d&#8217;\u00e9nergie \u00e0 chaque foul\u00e9e. La <strong>protection m\u00e9tatarsienne en caoutchouc<\/strong>, qui entoure la semelle interm\u00e9diaire depuis la semelle ext\u00e9rieure, offre une protection suppl\u00e9mentaire dans les passages les plus difficiles, ajoutant solidit\u00e9 et s\u00e9curit\u00e9 sur les terrains accident\u00e9s.<\/p>\n<p>Le collier interne en <strong>maille<\/strong> am\u00e9liore l&#8217;ajustement autour de la cheville, emp\u00eachant les d\u00e9bris de p\u00e9n\u00e9trer et augmentant le confort pendant les longues courses. De plus, le <strong>rocker<\/strong> am\u00e9lior\u00e9 <strong>du talon<\/strong> favorise un atterrissage et un retournement plus rapides, tandis que le <strong>rocker de l&#8217;avant-pied<\/strong> conserve la g\u00e9om\u00e9trie de la Prodigy originale, optimisant la transition d&#8217;une foul\u00e9e \u00e0 l&#8217;autre.<\/p>\n<p>La semelle <strong>FriXion\u00ae XF 2.0<\/strong>, \u00e9quip\u00e9e de crampons de 4 mm, offre une traction ultra-accrocheuse qui vous permet d&#8217;affronter les terrains les plus techniques et les plus difficiles en toute confiance. Chaque pas s&#8217;accompagne d&#8217;une adh\u00e9rence exceptionnelle, sans compromis, gr\u00e2ce au caoutchouc <strong>FriXion\u00ae<\/strong> qui garantit une adh\u00e9rence maximale dans toutes les conditions.<\/p>\n<p>Les <strong>sp\u00e9cifications de<\/strong> la Prodigio Pro sont les suivantes<\/p>\n<ul>\n<li><strong>Poids<\/strong>: 255 g (8.9 oz)<\/li>\n<li><strong>Tailles<\/strong>: 40 &#8211; 49.5 (avec demi-pointures)<\/li>\n<li><strong>Partie sup\u00e9rieure<\/strong>: PES Power Wire avec rev\u00eatement TPU et renforts TPU et nylon, lacets recycl\u00e9s<\/li>\n<li><strong>Doublure<\/strong>: 3D Mesh recycl\u00e9<\/li>\n<li><strong>Semelle ext\u00e9rieure<\/strong>: 5 mm XFlow Speed avec 100% de TPU+NITRO recycl\u00e9<\/li>\n<li><strong>Semelle interm\u00e9diaire<\/strong>: noyau int\u00e9rieur TPU+NITRO XFlow Speed, film XFlow Speed\u2122 enduit de PU, cage ext\u00e9rieure EVA+NITRO XFlow.<\/li>\n<li><strong>Semelle ext\u00e9rieure<\/strong>: FriXion\u00ae XF 2.0 avec tissu de protection FriXion\u00ae, crampons de 4 mm.<\/li>\n<\/ul>\n<p>La <strong>Prodigio Pro<\/strong> est la chaussure id\u00e9ale pour ceux qui veulent repousser leurs limites et vivre l&#8217;exaltation du trail running, avec des performances de pointe qui vous accompagneront dans tous les d\u00e9fis. Avec sa technologie innovante et son design d&#8217;avant-garde, cette chaussure est pr\u00eate \u00e0 vous pousser plus loin, \u00e0 chaque pas, pour faire de chaque course un exploit.<\/p>\n<p>&nbsp;<\/p>\n<div class=\"block-title product-technology__title\"><strong role=\"heading\" aria-level=\"2\">Technologie<\/strong><\/div>\n<div><\/div>\n<div><\/div>\n<div><img decoding=\"async\" src=\"https:\/\/lcdn.lasportivausa.com\/pub\/media\/sportiva\/technology\/FrixionWhite_TechLogo_100x100_black.png\" alt=\"FriXion\u00ae White (XF 2.0)\" \/><\/div>\n<div class=\"product-technology__wrapper\">\n<div class=\"product-technology__item\">\n<h3 class=\"product-technology__item-title\">FriXion\u00ae White (XF 2.0)<\/h3>\n<p class=\"product-technology__item-description\">Compos\u00e9 super collant, id\u00e9al pour les sorties n\u00e9cessitant une excellente adh\u00e9rence sur tous les types de terrain.<\/p>\n<p>&nbsp;<\/p>\n<\/div>\n<div class=\"product-technology__item\">\n<p><picture><source srcset=\"https:\/\/lcdn.lasportivausa.com\/pub\/media\/sportiva\/technology\/Vegan_TechLogo_100x100_black.png\" media=\"(max-width: 767px)\" \/><img decoding=\"async\" src=\"https:\/\/lcdn.lasportivausa.com\/pub\/media\/sportiva\/technology\/Vegan_TechLogo_100x100_black.png\" alt=\"Vegan\" \/><\/picture><\/p>\n<h3 class=\"product-technology__item-title\">V\u00e9g\u00e9talien<\/h3>\n<p class=\"product-technology__item-description\">Les produits sont exempts de mat\u00e9riaux d&#8217;origine animale<\/p>\n<p>&nbsp;<\/p>\n<\/div>\n<div class=\"product-technology__item\">\n<p><picture><img decoding=\"async\" src=\"https:\/\/lcdn.lasportivausa.com\/pub\/media\/sportiva\/technology\/XFlow_TechLogo_100x100_black.png\" alt=\"XFlow\" \/><\/picture><\/p>\n<h3 class=\"product-technology__item-title\">XFlow<\/h3>\n<p class=\"product-technology__item-description\">Mousse supercritique infus\u00e9e d&#8217;azote pour un amorti, une r\u00e9activit\u00e9 et une stabilit\u00e9 optimaux<\/p>\n<\/div>\n<\/div>\n<p><\/div><\/div><\/div>\n","protected":false},"excerpt":{"rendered":"<ul>\n<li>Chaussure de course con\u00e7ue pour le monde de l&#8217;ultra trail.<\/li>\n<li>Excellent amorti.<\/li>\n<\/ul>\n","protected":false},"featured_media":387853,"template":"","meta":{"_acf_changed":false,"inline_featured_image":false},"product_brand":[],"product_cat":[24448,24445],"product_tag":[23597,23599],"class_list":{"0":"post-299562","1":"product","2":"type-product","3":"status-publish","4":"has-post-thumbnail","6":"product_cat-chaussures-pour-hommes-fr","7":"product_cat-trail-fr-3","8":"product_tag-la-sportiva-fr","9":"product_tag-la-sportiva-homme","10":"pa_attivita-outdoor-fr","11":"pa_attivita-trail-fr","12":"pa_colore-prodigio-pro-hurricane-apricot-fr","13":"pa_marca-la-sportiva-fr","14":"pa_sesso-homme","15":"pa_size-41-fr","16":"pa_size-42-5-fr","17":"pa_size-43-5-fr","18":"pa_size-44-fr","19":"pa_size-45-fr","20":"pa_size-47-fr","22":"first","23":"instock","24":"sale","25":"taxable","26":"shipping-taxable","27":"purchasable","28":"product-type-variable","29":"wvs-archive-product-wrapper"},"acf":[],"yoast_head":"<!-- This site is optimized with the Yoast SEO plugin v26.8 - https:\/\/yoast.com\/product\/yoast-seo-wordpress\/ -->\n<title>La sportiva Prodigio Pro homme - Chaussures de trail pour hommes - MioMioRun<\/title>\n<meta name=\"description\" content=\"Prodigio Pro, la nouvelle chaussure pour homme d\u00e9di\u00e9e au monde du trail, un produit r\u00e9volutionnaire d\u00e9di\u00e9 au monde de l&#039;Ultra Trail par La Sportiva.\" \/>\n<meta name=\"robots\" content=\"index, follow, max-snippet:-1, max-image-preview:large, max-video-preview:-1\" \/>\n<link rel=\"canonical\" href=\"https:\/\/www.miomiorun.com\/fr\/produit\/prodigio-pro-homme\/\" \/>\n<meta property=\"og:locale\" content=\"fr_FR\" \/>\n<meta property=\"og:type\" content=\"article\" \/>\n<meta property=\"og:title\" content=\"La sportiva Prodigio Pro homme - Chaussures de trail pour hommes - MioMioRun\" \/>\n<meta property=\"og:description\" content=\"Prodigio Pro, la nouvelle chaussure pour homme d\u00e9di\u00e9e au monde du trail, un produit r\u00e9volutionnaire d\u00e9di\u00e9 au monde de l&#039;Ultra Trail par La Sportiva.\" \/>\n<meta property=\"og:url\" content=\"https:\/\/www.miomiorun.com\/fr\/produit\/prodigio-pro-homme\/\" \/>\n<meta property=\"og:site_name\" content=\"MioMioRun\" \/>\n<meta property=\"article:publisher\" content=\"https:\/\/www.facebook.com\/miomiorun\/\" \/>\n<meta property=\"article:modified_time\" content=\"2026-05-08T20:32:29+00:00\" \/>\n<meta property=\"og:image\" content=\"https:\/\/www.miomiorun.com\/app\/uploads\/2026\/01\/la-sportiva-Prodigio-Pro-hurricane-apricot-ZFRS100B42O12.webp\" \/>\n\t<meta property=\"og:image:width\" content=\"720\" \/>\n\t<meta property=\"og:image:height\" content=\"720\" \/>\n\t<meta property=\"og:image:type\" content=\"image\/webp\" \/>\n<meta name=\"twitter:card\" content=\"summary_large_image\" \/>\n<meta name=\"twitter:label1\" content=\"Est. reading time\" \/>\n\t<meta name=\"twitter:data1\" content=\"3 minutes\" \/>\n<script type=\"application\/ld+json\" class=\"yoast-schema-graph\">{\"@context\":\"https:\/\/schema.org\",\"@graph\":[{\"@type\":\"WebPage\",\"@id\":\"https:\/\/www.miomiorun.com\/fr\/produit\/prodigio-pro-homme\/\",\"url\":\"https:\/\/www.miomiorun.com\/fr\/produit\/prodigio-pro-homme\/\",\"name\":\"La sportiva Prodigio Pro homme - Chaussures de trail pour hommes - MioMioRun\",\"isPartOf\":{\"@id\":\"https:\/\/www.miomiorun.com\/fr\/#website\"},\"primaryImageOfPage\":{\"@id\":\"https:\/\/www.miomiorun.com\/fr\/produit\/prodigio-pro-homme\/#primaryimage\"},\"image\":{\"@id\":\"https:\/\/www.miomiorun.com\/fr\/produit\/prodigio-pro-homme\/#primaryimage\"},\"thumbnailUrl\":\"https:\/\/www.miomiorun.com\/app\/uploads\/2026\/01\/la-sportiva-Prodigio-Pro-hurricane-apricot-ZFRS100B42O12.webp\",\"datePublished\":\"2025-02-20T11:22:56+00:00\",\"dateModified\":\"2026-05-08T20:32:29+00:00\",\"description\":\"Prodigio Pro, la nouvelle chaussure pour homme d\u00e9di\u00e9e au monde du trail, un produit r\u00e9volutionnaire d\u00e9di\u00e9 au monde de l'Ultra Trail par La Sportiva.\",\"breadcrumb\":{\"@id\":\"https:\/\/www.miomiorun.com\/fr\/produit\/prodigio-pro-homme\/#breadcrumb\"},\"inLanguage\":\"fr-FR\",\"potentialAction\":[{\"@type\":\"ReadAction\",\"target\":[\"https:\/\/www.miomiorun.com\/fr\/produit\/prodigio-pro-homme\/\"]}]},{\"@type\":\"ImageObject\",\"inLanguage\":\"fr-FR\",\"@id\":\"https:\/\/www.miomiorun.com\/fr\/produit\/prodigio-pro-homme\/#primaryimage\",\"url\":\"https:\/\/www.miomiorun.com\/app\/uploads\/2026\/01\/la-sportiva-Prodigio-Pro-hurricane-apricot-ZFRS100B42O12.webp\",\"contentUrl\":\"https:\/\/www.miomiorun.com\/app\/uploads\/2026\/01\/la-sportiva-Prodigio-Pro-hurricane-apricot-ZFRS100B42O12.webp\",\"width\":720,\"height\":720,\"caption\":\"la sportiva Prodigio Pro hurricane apricot ZFRS100B42O12\"},{\"@type\":\"BreadcrumbList\",\"@id\":\"https:\/\/www.miomiorun.com\/fr\/produit\/prodigio-pro-homme\/#breadcrumb\",\"itemListElement\":[{\"@type\":\"ListItem\",\"position\":1,\"name\":\"Home\",\"item\":\"https:\/\/www.miomiorun.com\/fr\/home-page\/\"},{\"@type\":\"ListItem\",\"position\":2,\"name\":\"Shop\",\"item\":\"https:\/\/www.miomiorun.com\/shop\/\"},{\"@type\":\"ListItem\",\"position\":3,\"name\":\"Prodigio Pro homme\"}]},{\"@type\":\"WebSite\",\"@id\":\"https:\/\/www.miomiorun.com\/fr\/#website\",\"url\":\"https:\/\/www.miomiorun.com\/fr\/\",\"name\":\"MioMioRun\",\"description\":\"Boutique 100% running et trail\",\"publisher\":{\"@id\":\"https:\/\/www.miomiorun.com\/fr\/#organization\"},\"potentialAction\":[{\"@type\":\"SearchAction\",\"target\":{\"@type\":\"EntryPoint\",\"urlTemplate\":\"https:\/\/www.miomiorun.com\/fr\/?s={search_term_string}\"},\"query-input\":{\"@type\":\"PropertyValueSpecification\",\"valueRequired\":true,\"valueName\":\"search_term_string\"}}],\"inLanguage\":\"fr-FR\"},{\"@type\":\"Organization\",\"@id\":\"https:\/\/www.miomiorun.com\/fr\/#organization\",\"name\":\"MioMio Run\",\"url\":\"https:\/\/www.miomiorun.com\/fr\/\",\"logo\":{\"@type\":\"ImageObject\",\"inLanguage\":\"fr-FR\",\"@id\":\"https:\/\/www.miomiorun.com\/fr\/#\/schema\/logo\/image\/\",\"url\":\"https:\/\/www.miomiorun.com\/app\/uploads\/2019\/12\/logomio.png\",\"contentUrl\":\"https:\/\/www.miomiorun.com\/app\/uploads\/2019\/12\/logomio.png\",\"width\":115,\"height\":82,\"caption\":\"MioMio Run\"},\"image\":{\"@id\":\"https:\/\/www.miomiorun.com\/fr\/#\/schema\/logo\/image\/\"},\"sameAs\":[\"https:\/\/www.facebook.com\/miomiorun\/\",\"https:\/\/www.instagram.com\/miomiorun\/\"]}]}<\/script>\n<!-- \/ Yoast SEO plugin. -->","yoast_head_json":{"title":"La sportiva Prodigio Pro homme - Chaussures de trail pour hommes - MioMioRun","description":"Prodigio Pro, la nouvelle chaussure pour homme d\u00e9di\u00e9e au monde du trail, un produit r\u00e9volutionnaire d\u00e9di\u00e9 au monde de l'Ultra Trail par La Sportiva.","robots":{"index":"index","follow":"follow","max-snippet":"max-snippet:-1","max-image-preview":"max-image-preview:large","max-video-preview":"max-video-preview:-1"},"canonical":"https:\/\/www.miomiorun.com\/fr\/produit\/prodigio-pro-homme\/","og_locale":"fr_FR","og_type":"article","og_title":"La sportiva Prodigio Pro homme - Chaussures de trail pour hommes - MioMioRun","og_description":"Prodigio Pro, la nouvelle chaussure pour homme d\u00e9di\u00e9e au monde du trail, un produit r\u00e9volutionnaire d\u00e9di\u00e9 au monde de l'Ultra Trail par La Sportiva.","og_url":"https:\/\/www.miomiorun.com\/fr\/produit\/prodigio-pro-homme\/","og_site_name":"MioMioRun","article_publisher":"https:\/\/www.facebook.com\/miomiorun\/","article_modified_time":"2026-05-08T20:32:29+00:00","og_image":[{"width":720,"height":720,"url":"https:\/\/www.miomiorun.com\/app\/uploads\/2026\/01\/la-sportiva-Prodigio-Pro-hurricane-apricot-ZFRS100B42O12.webp","type":"image\/webp"}],"twitter_card":"summary_large_image","twitter_misc":{"Est. reading time":"3 minutes"},"schema":{"@context":"https:\/\/schema.org","@graph":[{"@type":"WebPage","@id":"https:\/\/www.miomiorun.com\/fr\/produit\/prodigio-pro-homme\/","url":"https:\/\/www.miomiorun.com\/fr\/produit\/prodigio-pro-homme\/","name":"La sportiva Prodigio Pro homme - Chaussures de trail pour hommes - MioMioRun","isPartOf":{"@id":"https:\/\/www.miomiorun.com\/fr\/#website"},"primaryImageOfPage":{"@id":"https:\/\/www.miomiorun.com\/fr\/produit\/prodigio-pro-homme\/#primaryimage"},"image":{"@id":"https:\/\/www.miomiorun.com\/fr\/produit\/prodigio-pro-homme\/#primaryimage"},"thumbnailUrl":"https:\/\/www.miomiorun.com\/app\/uploads\/2026\/01\/la-sportiva-Prodigio-Pro-hurricane-apricot-ZFRS100B42O12.webp","datePublished":"2025-02-20T11:22:56+00:00","dateModified":"2026-05-08T20:32:29+00:00","description":"Prodigio Pro, la nouvelle chaussure pour homme d\u00e9di\u00e9e au monde du trail, un produit r\u00e9volutionnaire d\u00e9di\u00e9 au monde de l'Ultra Trail par La Sportiva.","breadcrumb":{"@id":"https:\/\/www.miomiorun.com\/fr\/produit\/prodigio-pro-homme\/#breadcrumb"},"inLanguage":"fr-FR","potentialAction":[{"@type":"ReadAction","target":["https:\/\/www.miomiorun.com\/fr\/produit\/prodigio-pro-homme\/"]}]},{"@type":"ImageObject","inLanguage":"fr-FR","@id":"https:\/\/www.miomiorun.com\/fr\/produit\/prodigio-pro-homme\/#primaryimage","url":"https:\/\/www.miomiorun.com\/app\/uploads\/2026\/01\/la-sportiva-Prodigio-Pro-hurricane-apricot-ZFRS100B42O12.webp","contentUrl":"https:\/\/www.miomiorun.com\/app\/uploads\/2026\/01\/la-sportiva-Prodigio-Pro-hurricane-apricot-ZFRS100B42O12.webp","width":720,"height":720,"caption":"la sportiva Prodigio Pro hurricane apricot ZFRS100B42O12"},{"@type":"BreadcrumbList","@id":"https:\/\/www.miomiorun.com\/fr\/produit\/prodigio-pro-homme\/#breadcrumb","itemListElement":[{"@type":"ListItem","position":1,"name":"Home","item":"https:\/\/www.miomiorun.com\/fr\/home-page\/"},{"@type":"ListItem","position":2,"name":"Shop","item":"https:\/\/www.miomiorun.com\/shop\/"},{"@type":"ListItem","position":3,"name":"Prodigio Pro homme"}]},{"@type":"WebSite","@id":"https:\/\/www.miomiorun.com\/fr\/#website","url":"https:\/\/www.miomiorun.com\/fr\/","name":"MioMioRun","description":"Boutique 100% running et trail","publisher":{"@id":"https:\/\/www.miomiorun.com\/fr\/#organization"},"potentialAction":[{"@type":"SearchAction","target":{"@type":"EntryPoint","urlTemplate":"https:\/\/www.miomiorun.com\/fr\/?s={search_term_string}"},"query-input":{"@type":"PropertyValueSpecification","valueRequired":true,"valueName":"search_term_string"}}],"inLanguage":"fr-FR"},{"@type":"Organization","@id":"https:\/\/www.miomiorun.com\/fr\/#organization","name":"MioMio Run","url":"https:\/\/www.miomiorun.com\/fr\/","logo":{"@type":"ImageObject","inLanguage":"fr-FR","@id":"https:\/\/www.miomiorun.com\/fr\/#\/schema\/logo\/image\/","url":"https:\/\/www.miomiorun.com\/app\/uploads\/2019\/12\/logomio.png","contentUrl":"https:\/\/www.miomiorun.com\/app\/uploads\/2019\/12\/logomio.png","width":115,"height":82,"caption":"MioMio Run"},"image":{"@id":"https:\/\/www.miomiorun.com\/fr\/#\/schema\/logo\/image\/"},"sameAs":["https:\/\/www.facebook.com\/miomiorun\/","https:\/\/www.instagram.com\/miomiorun\/"]}]}},"_links":{"self":[{"href":"https:\/\/www.miomiorun.com\/fr\/wp-json\/wp\/v2\/product\/299562","targetHints":{"allow":["GET"]}}],"collection":[{"href":"https:\/\/www.miomiorun.com\/fr\/wp-json\/wp\/v2\/product"}],"about":[{"href":"https:\/\/www.miomiorun.com\/fr\/wp-json\/wp\/v2\/types\/product"}],"wp:featuredmedia":[{"embeddable":true,"href":"https:\/\/www.miomiorun.com\/fr\/wp-json\/wp\/v2\/media\/387853"}],"wp:attachment":[{"href":"https:\/\/www.miomiorun.com\/fr\/wp-json\/wp\/v2\/media?parent=299562"}],"wp:term":[{"taxonomy":"product_brand","embeddable":true,"href":"https:\/\/www.miomiorun.com\/fr\/wp-json\/wp\/v2\/product_brand?post=299562"},{"taxonomy":"product_cat","embeddable":true,"href":"https:\/\/www.miomiorun.com\/fr\/wp-json\/wp\/v2\/product_cat?post=299562"},{"taxonomy":"product_tag","embeddable":true,"href":"https:\/\/www.miomiorun.com\/fr\/wp-json\/wp\/v2\/product_tag?post=299562"}],"curies":[{"name":"wp","href":"https:\/\/api.w.org\/{rel}","templated":true}]}}