{"id":299556,"date":"2025-02-21T16:35:48","date_gmt":"2025-02-21T15:35:48","guid":{"rendered":"https:\/\/miomiorun.com\/prodotto\/kit-per-il-montaggio-sul-manubrio\/"},"modified":"2025-05-14T11:49:10","modified_gmt":"2025-05-14T09:49:10","slug":"kit-de-montage-pour-guidon","status":"publish","type":"product","link":"https:\/\/www.miomiorun.com\/fr\/produit\/kit-de-montage-pour-guidon\/","title":{"rendered":"Kit de montage pour guidon"},"content":{"rendered":"<p>Se monte n&#8217;importe o\u00f9 sur une moto compatible avec le kit de montage (support de montage vendu s\u00e9par\u00e9ment).<\/p>\n","protected":false},"excerpt":{"rendered":"<p>Se monte n&#8217;importe o\u00f9 sur une moto compatible avec le kit de montage (support de montage vendu s\u00e9par\u00e9ment).<\/p>\n","protected":false},"featured_media":258026,"template":"","meta":{"_acf_changed":false,"inline_featured_image":false},"product_brand":[],"product_cat":[22537,22566],"product_tag":[23480],"class_list":{"0":"post-299556","1":"product","2":"type-product","3":"status-publish","4":"has-post-thumbnail","6":"product_cat-garmin-fr","7":"product_cat-accessoires-fr","8":"product_tag-garmin-fr","9":"pa_marca-garmin-fr","10":"pa_sesso-femme","11":"pa_sesso-homme","13":"first","14":"instock","15":"sale","16":"taxable","17":"shipping-taxable","18":"purchasable","19":"product-type-simple"},"acf":[],"yoast_head":"<!-- This site is optimized with the Yoast SEO plugin v26.8 - https:\/\/yoast.com\/product\/yoast-seo-wordpress\/ -->\n<title>Garmin Kit de montage pour guidon - Accessoires Garmin - MioMioRun<\/title>\n<meta name=\"description\" content=\"Se monte n&#039;importe o\u00f9, compatible avec notre kit de montage (support de montage vendu s\u00e9par\u00e9ment) pour les motos et les non-motos.\" \/>\n<meta name=\"robots\" content=\"index, follow, max-snippet:-1, max-image-preview:large, max-video-preview:-1\" \/>\n<link rel=\"canonical\" href=\"https:\/\/www.miomiorun.com\/fr\/produit\/kit-de-montage-pour-guidon\/\" \/>\n<meta property=\"og:locale\" content=\"fr_FR\" \/>\n<meta property=\"og:type\" content=\"article\" \/>\n<meta property=\"og:title\" content=\"Garmin Kit de montage pour guidon - Accessoires Garmin - MioMioRun\" \/>\n<meta property=\"og:description\" content=\"Se monte n&#039;importe o\u00f9, compatible avec notre kit de montage (support de montage vendu s\u00e9par\u00e9ment) pour les motos et les non-motos.\" \/>\n<meta property=\"og:url\" content=\"https:\/\/www.miomiorun.com\/fr\/produit\/kit-de-montage-pour-guidon\/\" \/>\n<meta property=\"og:site_name\" content=\"MioMioRun\" \/>\n<meta property=\"article:publisher\" content=\"https:\/\/www.facebook.com\/miomiorun\/\" \/>\n<meta property=\"article:modified_time\" content=\"2025-05-14T09:49:10+00:00\" \/>\n<meta property=\"og:image\" content=\"https:\/\/www.miomiorun.com\/app\/uploads\/2025\/02\/garmin-Kit-per-il-montaggio-manubrio-010-10962-10.webp\" \/>\n\t<meta property=\"og:image:width\" content=\"600\" \/>\n\t<meta property=\"og:image:height\" content=\"600\" \/>\n\t<meta property=\"og:image:type\" content=\"image\/webp\" \/>\n<meta name=\"twitter:card\" content=\"summary_large_image\" \/>\n<script type=\"application\/ld+json\" class=\"yoast-schema-graph\">{\"@context\":\"https:\/\/schema.org\",\"@graph\":[{\"@type\":\"WebPage\",\"@id\":\"https:\/\/www.miomiorun.com\/fr\/produit\/kit-de-montage-pour-guidon\/\",\"url\":\"https:\/\/www.miomiorun.com\/fr\/produit\/kit-de-montage-pour-guidon\/\",\"name\":\"Garmin Kit de montage pour guidon - Accessoires Garmin - MioMioRun\",\"isPartOf\":{\"@id\":\"https:\/\/www.miomiorun.com\/fr\/#website\"},\"primaryImageOfPage\":{\"@id\":\"https:\/\/www.miomiorun.com\/fr\/produit\/kit-de-montage-pour-guidon\/#primaryimage\"},\"image\":{\"@id\":\"https:\/\/www.miomiorun.com\/fr\/produit\/kit-de-montage-pour-guidon\/#primaryimage\"},\"thumbnailUrl\":\"https:\/\/www.miomiorun.com\/app\/uploads\/2025\/02\/garmin-Kit-per-il-montaggio-manubrio-010-10962-10.webp\",\"datePublished\":\"2025-02-21T15:35:48+00:00\",\"dateModified\":\"2025-05-14T09:49:10+00:00\",\"description\":\"Se monte n'importe o\u00f9, compatible avec notre kit de montage (support de montage vendu s\u00e9par\u00e9ment) pour les motos et les non-motos.\",\"breadcrumb\":{\"@id\":\"https:\/\/www.miomiorun.com\/fr\/produit\/kit-de-montage-pour-guidon\/#breadcrumb\"},\"inLanguage\":\"fr-FR\",\"potentialAction\":[{\"@type\":\"ReadAction\",\"target\":[\"https:\/\/www.miomiorun.com\/fr\/produit\/kit-de-montage-pour-guidon\/\"]}]},{\"@type\":\"ImageObject\",\"inLanguage\":\"fr-FR\",\"@id\":\"https:\/\/www.miomiorun.com\/fr\/produit\/kit-de-montage-pour-guidon\/#primaryimage\",\"url\":\"https:\/\/www.miomiorun.com\/app\/uploads\/2025\/02\/garmin-Kit-per-il-montaggio-manubrio-010-10962-10.webp\",\"contentUrl\":\"https:\/\/www.miomiorun.com\/app\/uploads\/2025\/02\/garmin-Kit-per-il-montaggio-manubrio-010-10962-10.webp\",\"width\":600,\"height\":600,\"caption\":\"garmin Kit per il montaggio manubrio 010-10962-10\"},{\"@type\":\"BreadcrumbList\",\"@id\":\"https:\/\/www.miomiorun.com\/fr\/produit\/kit-de-montage-pour-guidon\/#breadcrumb\",\"itemListElement\":[{\"@type\":\"ListItem\",\"position\":1,\"name\":\"Home\",\"item\":\"https:\/\/www.miomiorun.com\/fr\/home-page\/\"},{\"@type\":\"ListItem\",\"position\":2,\"name\":\"Shop\",\"item\":\"https:\/\/www.miomiorun.com\/shop\/\"},{\"@type\":\"ListItem\",\"position\":3,\"name\":\"Kit de montage pour guidon\"}]},{\"@type\":\"WebSite\",\"@id\":\"https:\/\/www.miomiorun.com\/fr\/#website\",\"url\":\"https:\/\/www.miomiorun.com\/fr\/\",\"name\":\"MioMioRun\",\"description\":\"Boutique 100% running et trail\",\"publisher\":{\"@id\":\"https:\/\/www.miomiorun.com\/fr\/#organization\"},\"potentialAction\":[{\"@type\":\"SearchAction\",\"target\":{\"@type\":\"EntryPoint\",\"urlTemplate\":\"https:\/\/www.miomiorun.com\/fr\/?s={search_term_string}\"},\"query-input\":{\"@type\":\"PropertyValueSpecification\",\"valueRequired\":true,\"valueName\":\"search_term_string\"}}],\"inLanguage\":\"fr-FR\"},{\"@type\":\"Organization\",\"@id\":\"https:\/\/www.miomiorun.com\/fr\/#organization\",\"name\":\"MioMio Run\",\"url\":\"https:\/\/www.miomiorun.com\/fr\/\",\"logo\":{\"@type\":\"ImageObject\",\"inLanguage\":\"fr-FR\",\"@id\":\"https:\/\/www.miomiorun.com\/fr\/#\/schema\/logo\/image\/\",\"url\":\"https:\/\/www.miomiorun.com\/app\/uploads\/2019\/12\/logomio.png\",\"contentUrl\":\"https:\/\/www.miomiorun.com\/app\/uploads\/2019\/12\/logomio.png\",\"width\":115,\"height\":82,\"caption\":\"MioMio Run\"},\"image\":{\"@id\":\"https:\/\/www.miomiorun.com\/fr\/#\/schema\/logo\/image\/\"},\"sameAs\":[\"https:\/\/www.facebook.com\/miomiorun\/\",\"https:\/\/www.instagram.com\/miomiorun\/\"]}]}<\/script>\n<!-- \/ Yoast SEO plugin. -->","yoast_head_json":{"title":"Garmin Kit de montage pour guidon - Accessoires Garmin - MioMioRun","description":"Se monte n'importe o\u00f9, compatible avec notre kit de montage (support de montage vendu s\u00e9par\u00e9ment) pour les motos et les non-motos.","robots":{"index":"index","follow":"follow","max-snippet":"max-snippet:-1","max-image-preview":"max-image-preview:large","max-video-preview":"max-video-preview:-1"},"canonical":"https:\/\/www.miomiorun.com\/fr\/produit\/kit-de-montage-pour-guidon\/","og_locale":"fr_FR","og_type":"article","og_title":"Garmin Kit de montage pour guidon - Accessoires Garmin - MioMioRun","og_description":"Se monte n'importe o\u00f9, compatible avec notre kit de montage (support de montage vendu s\u00e9par\u00e9ment) pour les motos et les non-motos.","og_url":"https:\/\/www.miomiorun.com\/fr\/produit\/kit-de-montage-pour-guidon\/","og_site_name":"MioMioRun","article_publisher":"https:\/\/www.facebook.com\/miomiorun\/","article_modified_time":"2025-05-14T09:49:10+00:00","og_image":[{"width":600,"height":600,"url":"https:\/\/www.miomiorun.com\/app\/uploads\/2025\/02\/garmin-Kit-per-il-montaggio-manubrio-010-10962-10.webp","type":"image\/webp"}],"twitter_card":"summary_large_image","schema":{"@context":"https:\/\/schema.org","@graph":[{"@type":"WebPage","@id":"https:\/\/www.miomiorun.com\/fr\/produit\/kit-de-montage-pour-guidon\/","url":"https:\/\/www.miomiorun.com\/fr\/produit\/kit-de-montage-pour-guidon\/","name":"Garmin Kit de montage pour guidon - Accessoires Garmin - MioMioRun","isPartOf":{"@id":"https:\/\/www.miomiorun.com\/fr\/#website"},"primaryImageOfPage":{"@id":"https:\/\/www.miomiorun.com\/fr\/produit\/kit-de-montage-pour-guidon\/#primaryimage"},"image":{"@id":"https:\/\/www.miomiorun.com\/fr\/produit\/kit-de-montage-pour-guidon\/#primaryimage"},"thumbnailUrl":"https:\/\/www.miomiorun.com\/app\/uploads\/2025\/02\/garmin-Kit-per-il-montaggio-manubrio-010-10962-10.webp","datePublished":"2025-02-21T15:35:48+00:00","dateModified":"2025-05-14T09:49:10+00:00","description":"Se monte n'importe o\u00f9, compatible avec notre kit de montage (support de montage vendu s\u00e9par\u00e9ment) pour les motos et les non-motos.","breadcrumb":{"@id":"https:\/\/www.miomiorun.com\/fr\/produit\/kit-de-montage-pour-guidon\/#breadcrumb"},"inLanguage":"fr-FR","potentialAction":[{"@type":"ReadAction","target":["https:\/\/www.miomiorun.com\/fr\/produit\/kit-de-montage-pour-guidon\/"]}]},{"@type":"ImageObject","inLanguage":"fr-FR","@id":"https:\/\/www.miomiorun.com\/fr\/produit\/kit-de-montage-pour-guidon\/#primaryimage","url":"https:\/\/www.miomiorun.com\/app\/uploads\/2025\/02\/garmin-Kit-per-il-montaggio-manubrio-010-10962-10.webp","contentUrl":"https:\/\/www.miomiorun.com\/app\/uploads\/2025\/02\/garmin-Kit-per-il-montaggio-manubrio-010-10962-10.webp","width":600,"height":600,"caption":"garmin Kit per il montaggio manubrio 010-10962-10"},{"@type":"BreadcrumbList","@id":"https:\/\/www.miomiorun.com\/fr\/produit\/kit-de-montage-pour-guidon\/#breadcrumb","itemListElement":[{"@type":"ListItem","position":1,"name":"Home","item":"https:\/\/www.miomiorun.com\/fr\/home-page\/"},{"@type":"ListItem","position":2,"name":"Shop","item":"https:\/\/www.miomiorun.com\/shop\/"},{"@type":"ListItem","position":3,"name":"Kit de montage pour guidon"}]},{"@type":"WebSite","@id":"https:\/\/www.miomiorun.com\/fr\/#website","url":"https:\/\/www.miomiorun.com\/fr\/","name":"MioMioRun","description":"Boutique 100% running et trail","publisher":{"@id":"https:\/\/www.miomiorun.com\/fr\/#organization"},"potentialAction":[{"@type":"SearchAction","target":{"@type":"EntryPoint","urlTemplate":"https:\/\/www.miomiorun.com\/fr\/?s={search_term_string}"},"query-input":{"@type":"PropertyValueSpecification","valueRequired":true,"valueName":"search_term_string"}}],"inLanguage":"fr-FR"},{"@type":"Organization","@id":"https:\/\/www.miomiorun.com\/fr\/#organization","name":"MioMio Run","url":"https:\/\/www.miomiorun.com\/fr\/","logo":{"@type":"ImageObject","inLanguage":"fr-FR","@id":"https:\/\/www.miomiorun.com\/fr\/#\/schema\/logo\/image\/","url":"https:\/\/www.miomiorun.com\/app\/uploads\/2019\/12\/logomio.png","contentUrl":"https:\/\/www.miomiorun.com\/app\/uploads\/2019\/12\/logomio.png","width":115,"height":82,"caption":"MioMio Run"},"image":{"@id":"https:\/\/www.miomiorun.com\/fr\/#\/schema\/logo\/image\/"},"sameAs":["https:\/\/www.facebook.com\/miomiorun\/","https:\/\/www.instagram.com\/miomiorun\/"]}]}},"_links":{"self":[{"href":"https:\/\/www.miomiorun.com\/fr\/wp-json\/wp\/v2\/product\/299556","targetHints":{"allow":["GET"]}}],"collection":[{"href":"https:\/\/www.miomiorun.com\/fr\/wp-json\/wp\/v2\/product"}],"about":[{"href":"https:\/\/www.miomiorun.com\/fr\/wp-json\/wp\/v2\/types\/product"}],"wp:featuredmedia":[{"embeddable":true,"href":"https:\/\/www.miomiorun.com\/fr\/wp-json\/wp\/v2\/media\/258026"}],"wp:attachment":[{"href":"https:\/\/www.miomiorun.com\/fr\/wp-json\/wp\/v2\/media?parent=299556"}],"wp:term":[{"taxonomy":"product_brand","embeddable":true,"href":"https:\/\/www.miomiorun.com\/fr\/wp-json\/wp\/v2\/product_brand?post=299556"},{"taxonomy":"product_cat","embeddable":true,"href":"https:\/\/www.miomiorun.com\/fr\/wp-json\/wp\/v2\/product_cat?post=299556"},{"taxonomy":"product_tag","embeddable":true,"href":"https:\/\/www.miomiorun.com\/fr\/wp-json\/wp\/v2\/product_tag?post=299556"}],"curies":[{"name":"wp","href":"https:\/\/api.w.org\/{rel}","templated":true}]}}