{"id":299552,"date":"2025-02-21T18:38:20","date_gmt":"2025-02-21T17:38:20","guid":{"rendered":"https:\/\/miomiorun.com\/prodotto\/cinturini-instinct-2-22-mm\/"},"modified":"2026-05-08T22:32:11","modified_gmt":"2026-05-08T20:32:11","slug":"sangles-instinct-2-22-mm","status":"publish","type":"product","link":"https:\/\/www.miomiorun.com\/fr\/produit\/sangles-instinct-2-22-mm\/","title":{"rendered":"Sangles Instinct 2 (22 mm)"},"content":{"rendered":"<p>Remplacez le bracelet des smartwatches \u00e0 cornes de 22 mm telles que la s\u00e9rie Instinct ou la Descent G1 en choisissant parmi ces couleurs. En quelques instants, vous pouvez retirer le bracelet actuel de votre montre et en ajouter un nouveau pour mieux l&#8217;assortir ou simplement pour changer. Les bracelets, les attaches et les boucles sont inclus. Les couleurs individuelles sont vendues s\u00e9par\u00e9ment.<\/p>\n","protected":false},"excerpt":{"rendered":"<p>Remplacez le bracelet des smartwatches \u00e0 cornes de 22 mm telles que la s\u00e9rie Instinct ou la Descent G1 en choisissant parmi ces couleurs. En quelques instants, vous pouvez retirer le bracelet actuel de votre montre et en ajouter un nouveau pour mieux l&#8217;assortir ou simplement pour changer. Les bracelets, les attaches et les boucles &hellip; <a href=\"https:\/\/www.miomiorun.com\/fr\/produit\/sangles-instinct-2-22-mm\/\">Continued<\/a><\/p>\n","protected":false},"featured_media":422584,"template":"","meta":{"_acf_changed":false,"inline_featured_image":false},"product_brand":[],"product_cat":[22537,22566],"product_tag":[23480],"class_list":{"0":"post-299552","1":"product","2":"type-product","3":"status-publish","4":"has-post-thumbnail","6":"product_cat-garmin-fr","7":"product_cat-accessoires-fr","8":"product_tag-garmin-fr","9":"pa_colore-cinturino-instinct-electric-lime-fr","10":"pa_colore-cinturino-instinct-graphite","11":"pa_marca-garmin-fr","12":"pa_sesso-femme","13":"pa_sesso-homme","15":"first","16":"instock","17":"sale","18":"taxable","19":"shipping-taxable","20":"purchasable","21":"product-type-variable","22":"wvs-archive-product-wrapper"},"acf":[],"yoast_head":"<!-- This site is optimized with the Yoast SEO plugin v26.8 - https:\/\/yoast.com\/product\/yoast-seo-wordpress\/ -->\n<title>Garmin Sangles Instinct 2 (22 mm) - accessoires garmin - MioMioRun<\/title>\n<meta name=\"description\" content=\"Remplacez facilement le bracelet des smartwatches dot\u00e9es d&#039;une patte de 22 mm, telles que la s\u00e9rie Instinct ou la Descent G1. D\u00e9couvrez-en plus sur notre site web\" \/>\n<meta name=\"robots\" content=\"index, follow, max-snippet:-1, max-image-preview:large, max-video-preview:-1\" \/>\n<link rel=\"canonical\" href=\"https:\/\/www.miomiorun.com\/fr\/produit\/sangles-instinct-2-22-mm\/\" \/>\n<meta property=\"og:locale\" content=\"fr_FR\" \/>\n<meta property=\"og:type\" content=\"article\" \/>\n<meta property=\"og:title\" content=\"Garmin Sangles Instinct 2 (22 mm) - accessoires garmin - MioMioRun\" \/>\n<meta property=\"og:description\" content=\"Remplacez facilement le bracelet des smartwatches dot\u00e9es d&#039;une patte de 22 mm, telles que la s\u00e9rie Instinct ou la Descent G1. D\u00e9couvrez-en plus sur notre site web\" \/>\n<meta property=\"og:url\" content=\"https:\/\/www.miomiorun.com\/fr\/produit\/sangles-instinct-2-22-mm\/\" \/>\n<meta property=\"og:site_name\" content=\"MioMioRun\" \/>\n<meta property=\"article:publisher\" content=\"https:\/\/www.facebook.com\/miomiorun\/\" \/>\n<meta property=\"article:modified_time\" content=\"2026-05-08T20:32:11+00:00\" \/>\n<meta property=\"og:image\" content=\"https:\/\/www.miomiorun.com\/app\/uploads\/2026\/03\/garmin-CINTURINO-INSTINCT-GRAPHITE-010-12854-00.webp\" \/>\n\t<meta property=\"og:image:width\" content=\"720\" \/>\n\t<meta property=\"og:image:height\" content=\"720\" \/>\n\t<meta property=\"og:image:type\" content=\"image\/webp\" \/>\n<meta name=\"twitter:card\" content=\"summary_large_image\" \/>\n<script type=\"application\/ld+json\" class=\"yoast-schema-graph\">{\"@context\":\"https:\/\/schema.org\",\"@graph\":[{\"@type\":\"WebPage\",\"@id\":\"https:\/\/www.miomiorun.com\/fr\/produit\/sangles-instinct-2-22-mm\/\",\"url\":\"https:\/\/www.miomiorun.com\/fr\/produit\/sangles-instinct-2-22-mm\/\",\"name\":\"Garmin Sangles Instinct 2 (22 mm) - accessoires garmin - MioMioRun\",\"isPartOf\":{\"@id\":\"https:\/\/www.miomiorun.com\/fr\/#website\"},\"primaryImageOfPage\":{\"@id\":\"https:\/\/www.miomiorun.com\/fr\/produit\/sangles-instinct-2-22-mm\/#primaryimage\"},\"image\":{\"@id\":\"https:\/\/www.miomiorun.com\/fr\/produit\/sangles-instinct-2-22-mm\/#primaryimage\"},\"thumbnailUrl\":\"https:\/\/www.miomiorun.com\/app\/uploads\/2026\/03\/garmin-CINTURINO-INSTINCT-GRAPHITE-010-12854-00.webp\",\"datePublished\":\"2025-02-21T17:38:20+00:00\",\"dateModified\":\"2026-05-08T20:32:11+00:00\",\"description\":\"Remplacez facilement le bracelet des smartwatches dot\u00e9es d'une patte de 22 mm, telles que la s\u00e9rie Instinct ou la Descent G1. D\u00e9couvrez-en plus sur notre site web\",\"breadcrumb\":{\"@id\":\"https:\/\/www.miomiorun.com\/fr\/produit\/sangles-instinct-2-22-mm\/#breadcrumb\"},\"inLanguage\":\"fr-FR\",\"potentialAction\":[{\"@type\":\"ReadAction\",\"target\":[\"https:\/\/www.miomiorun.com\/fr\/produit\/sangles-instinct-2-22-mm\/\"]}]},{\"@type\":\"ImageObject\",\"inLanguage\":\"fr-FR\",\"@id\":\"https:\/\/www.miomiorun.com\/fr\/produit\/sangles-instinct-2-22-mm\/#primaryimage\",\"url\":\"https:\/\/www.miomiorun.com\/app\/uploads\/2026\/03\/garmin-CINTURINO-INSTINCT-GRAPHITE-010-12854-00.webp\",\"contentUrl\":\"https:\/\/www.miomiorun.com\/app\/uploads\/2026\/03\/garmin-CINTURINO-INSTINCT-GRAPHITE-010-12854-00.webp\",\"width\":720,\"height\":720,\"caption\":\"garmin CINTURINO INSTINCT GRAPHITE 010-12854-00\"},{\"@type\":\"BreadcrumbList\",\"@id\":\"https:\/\/www.miomiorun.com\/fr\/produit\/sangles-instinct-2-22-mm\/#breadcrumb\",\"itemListElement\":[{\"@type\":\"ListItem\",\"position\":1,\"name\":\"Home\",\"item\":\"https:\/\/www.miomiorun.com\/fr\/home-page\/\"},{\"@type\":\"ListItem\",\"position\":2,\"name\":\"Shop\",\"item\":\"https:\/\/www.miomiorun.com\/shop\/\"},{\"@type\":\"ListItem\",\"position\":3,\"name\":\"Sangles Instinct 2 (22 mm)\"}]},{\"@type\":\"WebSite\",\"@id\":\"https:\/\/www.miomiorun.com\/fr\/#website\",\"url\":\"https:\/\/www.miomiorun.com\/fr\/\",\"name\":\"MioMioRun\",\"description\":\"Boutique 100% running et trail\",\"publisher\":{\"@id\":\"https:\/\/www.miomiorun.com\/fr\/#organization\"},\"potentialAction\":[{\"@type\":\"SearchAction\",\"target\":{\"@type\":\"EntryPoint\",\"urlTemplate\":\"https:\/\/www.miomiorun.com\/fr\/?s={search_term_string}\"},\"query-input\":{\"@type\":\"PropertyValueSpecification\",\"valueRequired\":true,\"valueName\":\"search_term_string\"}}],\"inLanguage\":\"fr-FR\"},{\"@type\":\"Organization\",\"@id\":\"https:\/\/www.miomiorun.com\/fr\/#organization\",\"name\":\"MioMio Run\",\"url\":\"https:\/\/www.miomiorun.com\/fr\/\",\"logo\":{\"@type\":\"ImageObject\",\"inLanguage\":\"fr-FR\",\"@id\":\"https:\/\/www.miomiorun.com\/fr\/#\/schema\/logo\/image\/\",\"url\":\"https:\/\/www.miomiorun.com\/app\/uploads\/2019\/12\/logomio.png\",\"contentUrl\":\"https:\/\/www.miomiorun.com\/app\/uploads\/2019\/12\/logomio.png\",\"width\":115,\"height\":82,\"caption\":\"MioMio Run\"},\"image\":{\"@id\":\"https:\/\/www.miomiorun.com\/fr\/#\/schema\/logo\/image\/\"},\"sameAs\":[\"https:\/\/www.facebook.com\/miomiorun\/\",\"https:\/\/www.instagram.com\/miomiorun\/\"]}]}<\/script>\n<!-- \/ Yoast SEO plugin. -->","yoast_head_json":{"title":"Garmin Sangles Instinct 2 (22 mm) - accessoires garmin - MioMioRun","description":"Remplacez facilement le bracelet des smartwatches dot\u00e9es d'une patte de 22 mm, telles que la s\u00e9rie Instinct ou la Descent G1. D\u00e9couvrez-en plus sur notre site web","robots":{"index":"index","follow":"follow","max-snippet":"max-snippet:-1","max-image-preview":"max-image-preview:large","max-video-preview":"max-video-preview:-1"},"canonical":"https:\/\/www.miomiorun.com\/fr\/produit\/sangles-instinct-2-22-mm\/","og_locale":"fr_FR","og_type":"article","og_title":"Garmin Sangles Instinct 2 (22 mm) - accessoires garmin - MioMioRun","og_description":"Remplacez facilement le bracelet des smartwatches dot\u00e9es d'une patte de 22 mm, telles que la s\u00e9rie Instinct ou la Descent G1. D\u00e9couvrez-en plus sur notre site web","og_url":"https:\/\/www.miomiorun.com\/fr\/produit\/sangles-instinct-2-22-mm\/","og_site_name":"MioMioRun","article_publisher":"https:\/\/www.facebook.com\/miomiorun\/","article_modified_time":"2026-05-08T20:32:11+00:00","og_image":[{"width":720,"height":720,"url":"https:\/\/www.miomiorun.com\/app\/uploads\/2026\/03\/garmin-CINTURINO-INSTINCT-GRAPHITE-010-12854-00.webp","type":"image\/webp"}],"twitter_card":"summary_large_image","schema":{"@context":"https:\/\/schema.org","@graph":[{"@type":"WebPage","@id":"https:\/\/www.miomiorun.com\/fr\/produit\/sangles-instinct-2-22-mm\/","url":"https:\/\/www.miomiorun.com\/fr\/produit\/sangles-instinct-2-22-mm\/","name":"Garmin Sangles Instinct 2 (22 mm) - accessoires garmin - MioMioRun","isPartOf":{"@id":"https:\/\/www.miomiorun.com\/fr\/#website"},"primaryImageOfPage":{"@id":"https:\/\/www.miomiorun.com\/fr\/produit\/sangles-instinct-2-22-mm\/#primaryimage"},"image":{"@id":"https:\/\/www.miomiorun.com\/fr\/produit\/sangles-instinct-2-22-mm\/#primaryimage"},"thumbnailUrl":"https:\/\/www.miomiorun.com\/app\/uploads\/2026\/03\/garmin-CINTURINO-INSTINCT-GRAPHITE-010-12854-00.webp","datePublished":"2025-02-21T17:38:20+00:00","dateModified":"2026-05-08T20:32:11+00:00","description":"Remplacez facilement le bracelet des smartwatches dot\u00e9es d'une patte de 22 mm, telles que la s\u00e9rie Instinct ou la Descent G1. D\u00e9couvrez-en plus sur notre site web","breadcrumb":{"@id":"https:\/\/www.miomiorun.com\/fr\/produit\/sangles-instinct-2-22-mm\/#breadcrumb"},"inLanguage":"fr-FR","potentialAction":[{"@type":"ReadAction","target":["https:\/\/www.miomiorun.com\/fr\/produit\/sangles-instinct-2-22-mm\/"]}]},{"@type":"ImageObject","inLanguage":"fr-FR","@id":"https:\/\/www.miomiorun.com\/fr\/produit\/sangles-instinct-2-22-mm\/#primaryimage","url":"https:\/\/www.miomiorun.com\/app\/uploads\/2026\/03\/garmin-CINTURINO-INSTINCT-GRAPHITE-010-12854-00.webp","contentUrl":"https:\/\/www.miomiorun.com\/app\/uploads\/2026\/03\/garmin-CINTURINO-INSTINCT-GRAPHITE-010-12854-00.webp","width":720,"height":720,"caption":"garmin CINTURINO INSTINCT GRAPHITE 010-12854-00"},{"@type":"BreadcrumbList","@id":"https:\/\/www.miomiorun.com\/fr\/produit\/sangles-instinct-2-22-mm\/#breadcrumb","itemListElement":[{"@type":"ListItem","position":1,"name":"Home","item":"https:\/\/www.miomiorun.com\/fr\/home-page\/"},{"@type":"ListItem","position":2,"name":"Shop","item":"https:\/\/www.miomiorun.com\/shop\/"},{"@type":"ListItem","position":3,"name":"Sangles Instinct 2 (22 mm)"}]},{"@type":"WebSite","@id":"https:\/\/www.miomiorun.com\/fr\/#website","url":"https:\/\/www.miomiorun.com\/fr\/","name":"MioMioRun","description":"Boutique 100% running et trail","publisher":{"@id":"https:\/\/www.miomiorun.com\/fr\/#organization"},"potentialAction":[{"@type":"SearchAction","target":{"@type":"EntryPoint","urlTemplate":"https:\/\/www.miomiorun.com\/fr\/?s={search_term_string}"},"query-input":{"@type":"PropertyValueSpecification","valueRequired":true,"valueName":"search_term_string"}}],"inLanguage":"fr-FR"},{"@type":"Organization","@id":"https:\/\/www.miomiorun.com\/fr\/#organization","name":"MioMio Run","url":"https:\/\/www.miomiorun.com\/fr\/","logo":{"@type":"ImageObject","inLanguage":"fr-FR","@id":"https:\/\/www.miomiorun.com\/fr\/#\/schema\/logo\/image\/","url":"https:\/\/www.miomiorun.com\/app\/uploads\/2019\/12\/logomio.png","contentUrl":"https:\/\/www.miomiorun.com\/app\/uploads\/2019\/12\/logomio.png","width":115,"height":82,"caption":"MioMio Run"},"image":{"@id":"https:\/\/www.miomiorun.com\/fr\/#\/schema\/logo\/image\/"},"sameAs":["https:\/\/www.facebook.com\/miomiorun\/","https:\/\/www.instagram.com\/miomiorun\/"]}]}},"_links":{"self":[{"href":"https:\/\/www.miomiorun.com\/fr\/wp-json\/wp\/v2\/product\/299552","targetHints":{"allow":["GET"]}}],"collection":[{"href":"https:\/\/www.miomiorun.com\/fr\/wp-json\/wp\/v2\/product"}],"about":[{"href":"https:\/\/www.miomiorun.com\/fr\/wp-json\/wp\/v2\/types\/product"}],"wp:featuredmedia":[{"embeddable":true,"href":"https:\/\/www.miomiorun.com\/fr\/wp-json\/wp\/v2\/media\/422584"}],"wp:attachment":[{"href":"https:\/\/www.miomiorun.com\/fr\/wp-json\/wp\/v2\/media?parent=299552"}],"wp:term":[{"taxonomy":"product_brand","embeddable":true,"href":"https:\/\/www.miomiorun.com\/fr\/wp-json\/wp\/v2\/product_brand?post=299552"},{"taxonomy":"product_cat","embeddable":true,"href":"https:\/\/www.miomiorun.com\/fr\/wp-json\/wp\/v2\/product_cat?post=299552"},{"taxonomy":"product_tag","embeddable":true,"href":"https:\/\/www.miomiorun.com\/fr\/wp-json\/wp\/v2\/product_tag?post=299552"}],"curies":[{"name":"wp","href":"https:\/\/api.w.org\/{rel}","templated":true}]}}