{"id":299525,"date":"2025-02-22T10:01:49","date_gmt":"2025-02-22T09:01:49","guid":{"rendered":"https:\/\/miomiorun.com\/prodotto\/sonic-7-uomo\/"},"modified":"2025-05-14T11:56:33","modified_gmt":"2025-05-14T09:56:33","slug":"sonic-7-homme","status":"publish","type":"product","link":"https:\/\/www.miomiorun.com\/fr\/produit\/sonic-7-homme\/","title":{"rendered":"Sonic 7 homme"},"content":{"rendered":"<div class=\"vc-row container\"><div class=\"vc-column\"><div class=\"vc-column-text\"><\/p>\n<p><strong>Caract\u00e9ristiques techniques<\/strong><\/p>\n<p>Cat\u00e9gorie : amorti r\u00e9actif<br \/>\nD\u00e9calage : 8 mm<br \/>\nPoids : 258 g<br \/>\nId\u00e9al pour : les coureurs au pied neutre et \u00e0 la semelle moyenne recherchant une chaussure polyvalente, l\u00e9g\u00e8re et ultra-rapide pour aborder avec aisance les distances moyennes et m\u00eame les entra\u00eenements de qualit\u00e9.<br \/>\nPoids de l&#8217;athl\u00e8te : 60-75 kg<br \/>\nAllure de course : moyenne-rapide (4.00-5.30 min\/km)<br \/>\n<a href=\"https:\/\/miomiorun.com\/fr\/guide-des-specificites\/\">Guide de sp\u00e9cification<\/a><\/p>\n<p>.<\/div><\/div><div class=\"vc-column\"><div class=\"vc-column-text\">Imaginez courir avec l\u00e9g\u00e8ret\u00e9 et rapidit\u00e9, en \u00e9tant r\u00e9actif \u00e0 chaque pas, comme si vous aviez un \u00e9lan infini pour vous maintenir en l&#8217;air. Les chaussures SONIC 7 sont con\u00e7ues pour vous offrir cela : un amorti exceptionnel, doux et r\u00e9actif, qui r\u00e9duit l&#8217;impact \u00e0 chaque foul\u00e9e et restitue l&#8217;\u00e9nergie pour vous permettre d&#8217;aller plus loin.<\/p>\n<p>Gr\u00e2ce \u00e0 la <strong>tige en triple jacquard<\/strong>, ultra-l\u00e9g\u00e8re et respirante, le pied respire librement pendant chaque entra\u00eenement, en conservant confort et fra\u00eecheur. La <strong>semelle int\u00e9rieure moul\u00e9e en 3D<\/strong> enveloppe parfaitement le pied, offrant un ajustement qui vous donnera l&#8217;impression que la chaussure a \u00e9t\u00e9 con\u00e7ue sur mesure pour vous.<\/p>\n<p>L&#8217;amorti <strong>UA HOVR\u2122<\/strong> est non seulement doux, mais aussi extr\u00eamement <strong>r\u00e9actif<\/strong>: chaque pas est soutenu par un retour d&#8217;\u00e9nergie qui vous donne juste ce qu&#8217;il faut pour vous propulser, rendant chaque course plus fluide et plus efficace. De plus, la <strong>semelle en caoutchouc<\/strong> d&#8217;une seule pi\u00e8ce offre une <strong>r\u00e9silience extraordinaire<\/strong>.<\/p>\n<p>Avec un <strong>diff\u00e9rentiel de 8 mm<\/strong> et un <strong>poids de seulement 258 g<\/strong>, ces chaussures offrent un \u00e9quilibre parfait entre l\u00e9g\u00e8ret\u00e9 et maintien. La <strong>fermeture \u00e0 lacets standard<\/strong> assure un ajustement s\u00fbr et personnalisable.<\/p>\n<p>Parfaites pour ceux qui recherchent des performances \u00e9lev\u00e9es et un confort sans compromis, les chaussures Sonic 7 sont le compagnon id\u00e9al de ceux qui veulent aller plus loin et atteindre de nouveaux sommets en mati\u00e8re de course \u00e0 pied.<\/div><\/div><\/div>\n","protected":false},"excerpt":{"rendered":"<ul>\n<li>Chaussure l\u00e9g\u00e8re.<\/li>\n<li>Parfait pour vos entra\u00eenements rapides.<\/li>\n<\/ul>\n","protected":false},"featured_media":258660,"template":"","meta":{"_acf_changed":false,"inline_featured_image":false},"product_brand":[],"product_cat":[24448,24447],"product_tag":[23530,23574],"class_list":{"0":"post-299525","1":"product","2":"type-product","3":"status-publish","4":"has-post-thumbnail","6":"product_cat-chaussures-pour-hommes-fr","7":"product_cat-neutre-fr-3","8":"product_tag-under-armour-fr","9":"product_tag-under-armour-homme","10":"pa_attivita-fitness-fr","11":"pa_attivita-marcher","12":"pa_attivita-running-fr","13":"pa_colore-sonic-7-black-fr","14":"pa_marca-under-armour-fr","15":"pa_sesso-homme","16":"pa_size-42-5-fr","17":"pa_size-46-fr","19":"first","20":"instock","21":"sale","22":"taxable","23":"shipping-taxable","24":"purchasable","25":"product-type-variable","26":"wvs-archive-product-wrapper"},"acf":[],"yoast_head":"<!-- This site is optimized with the Yoast SEO plugin v26.8 - https:\/\/yoast.com\/product\/yoast-seo-wordpress\/ -->\n<title>Under Armour Sonic 7 homme - chaussures de course - MioMioRun<\/title>\n<meta name=\"description\" content=\"Les chaussures Sonic 7 offrent l\u00e9g\u00e8ret\u00e9, amorti et retour d&#039;\u00e9nergie exceptionnel, garantissant confort, vitesse et performance \u00e0 chaque course.\" \/>\n<meta name=\"robots\" content=\"index, follow, max-snippet:-1, max-image-preview:large, max-video-preview:-1\" \/>\n<link rel=\"canonical\" href=\"https:\/\/www.miomiorun.com\/fr\/produit\/sonic-7-homme\/\" \/>\n<meta property=\"og:locale\" content=\"fr_FR\" \/>\n<meta property=\"og:type\" content=\"article\" \/>\n<meta property=\"og:title\" content=\"Under Armour Sonic 7 homme - chaussures de course - MioMioRun\" \/>\n<meta property=\"og:description\" content=\"Les chaussures Sonic 7 offrent l\u00e9g\u00e8ret\u00e9, amorti et retour d&#039;\u00e9nergie exceptionnel, garantissant confort, vitesse et performance \u00e0 chaque course.\" \/>\n<meta property=\"og:url\" content=\"https:\/\/www.miomiorun.com\/fr\/produit\/sonic-7-homme\/\" \/>\n<meta property=\"og:site_name\" content=\"MioMioRun\" \/>\n<meta property=\"article:publisher\" content=\"https:\/\/www.facebook.com\/miomiorun\/\" \/>\n<meta property=\"article:modified_time\" content=\"2025-05-14T09:56:33+00:00\" \/>\n<meta property=\"og:image\" content=\"https:\/\/www.miomiorun.com\/app\/uploads\/2025\/02\/under-armour-Sonic-7-black-3028002-0001.webp\" \/>\n\t<meta property=\"og:image:width\" content=\"600\" \/>\n\t<meta property=\"og:image:height\" content=\"600\" \/>\n\t<meta property=\"og:image:type\" content=\"image\/webp\" \/>\n<meta name=\"twitter:card\" content=\"summary_large_image\" \/>\n<meta name=\"twitter:label1\" content=\"Est. reading time\" \/>\n\t<meta name=\"twitter:data1\" content=\"2 minutes\" \/>\n<script type=\"application\/ld+json\" class=\"yoast-schema-graph\">{\"@context\":\"https:\/\/schema.org\",\"@graph\":[{\"@type\":\"WebPage\",\"@id\":\"https:\/\/www.miomiorun.com\/fr\/produit\/sonic-7-homme\/\",\"url\":\"https:\/\/www.miomiorun.com\/fr\/produit\/sonic-7-homme\/\",\"name\":\"Under Armour Sonic 7 homme - chaussures de course - MioMioRun\",\"isPartOf\":{\"@id\":\"https:\/\/www.miomiorun.com\/fr\/#website\"},\"primaryImageOfPage\":{\"@id\":\"https:\/\/www.miomiorun.com\/fr\/produit\/sonic-7-homme\/#primaryimage\"},\"image\":{\"@id\":\"https:\/\/www.miomiorun.com\/fr\/produit\/sonic-7-homme\/#primaryimage\"},\"thumbnailUrl\":\"https:\/\/www.miomiorun.com\/app\/uploads\/2025\/02\/under-armour-Sonic-7-black-3028002-0001.webp\",\"datePublished\":\"2025-02-22T09:01:49+00:00\",\"dateModified\":\"2025-05-14T09:56:33+00:00\",\"description\":\"Les chaussures Sonic 7 offrent l\u00e9g\u00e8ret\u00e9, amorti et retour d'\u00e9nergie exceptionnel, garantissant confort, vitesse et performance \u00e0 chaque course.\",\"breadcrumb\":{\"@id\":\"https:\/\/www.miomiorun.com\/fr\/produit\/sonic-7-homme\/#breadcrumb\"},\"inLanguage\":\"fr-FR\",\"potentialAction\":[{\"@type\":\"ReadAction\",\"target\":[\"https:\/\/www.miomiorun.com\/fr\/produit\/sonic-7-homme\/\"]}]},{\"@type\":\"ImageObject\",\"inLanguage\":\"fr-FR\",\"@id\":\"https:\/\/www.miomiorun.com\/fr\/produit\/sonic-7-homme\/#primaryimage\",\"url\":\"https:\/\/www.miomiorun.com\/app\/uploads\/2025\/02\/under-armour-Sonic-7-black-3028002-0001.webp\",\"contentUrl\":\"https:\/\/www.miomiorun.com\/app\/uploads\/2025\/02\/under-armour-Sonic-7-black-3028002-0001.webp\",\"width\":600,\"height\":600,\"caption\":\"under armour Sonic 7 black 3028002 0001\"},{\"@type\":\"BreadcrumbList\",\"@id\":\"https:\/\/www.miomiorun.com\/fr\/produit\/sonic-7-homme\/#breadcrumb\",\"itemListElement\":[{\"@type\":\"ListItem\",\"position\":1,\"name\":\"Home\",\"item\":\"https:\/\/www.miomiorun.com\/fr\/home-page\/\"},{\"@type\":\"ListItem\",\"position\":2,\"name\":\"Shop\",\"item\":\"https:\/\/www.miomiorun.com\/shop\/\"},{\"@type\":\"ListItem\",\"position\":3,\"name\":\"Sonic 7 homme\"}]},{\"@type\":\"WebSite\",\"@id\":\"https:\/\/www.miomiorun.com\/fr\/#website\",\"url\":\"https:\/\/www.miomiorun.com\/fr\/\",\"name\":\"MioMioRun\",\"description\":\"Boutique 100% running et trail\",\"publisher\":{\"@id\":\"https:\/\/www.miomiorun.com\/fr\/#organization\"},\"potentialAction\":[{\"@type\":\"SearchAction\",\"target\":{\"@type\":\"EntryPoint\",\"urlTemplate\":\"https:\/\/www.miomiorun.com\/fr\/?s={search_term_string}\"},\"query-input\":{\"@type\":\"PropertyValueSpecification\",\"valueRequired\":true,\"valueName\":\"search_term_string\"}}],\"inLanguage\":\"fr-FR\"},{\"@type\":\"Organization\",\"@id\":\"https:\/\/www.miomiorun.com\/fr\/#organization\",\"name\":\"MioMio Run\",\"url\":\"https:\/\/www.miomiorun.com\/fr\/\",\"logo\":{\"@type\":\"ImageObject\",\"inLanguage\":\"fr-FR\",\"@id\":\"https:\/\/www.miomiorun.com\/fr\/#\/schema\/logo\/image\/\",\"url\":\"https:\/\/www.miomiorun.com\/app\/uploads\/2019\/12\/logomio.png\",\"contentUrl\":\"https:\/\/www.miomiorun.com\/app\/uploads\/2019\/12\/logomio.png\",\"width\":115,\"height\":82,\"caption\":\"MioMio Run\"},\"image\":{\"@id\":\"https:\/\/www.miomiorun.com\/fr\/#\/schema\/logo\/image\/\"},\"sameAs\":[\"https:\/\/www.facebook.com\/miomiorun\/\",\"https:\/\/www.instagram.com\/miomiorun\/\"]}]}<\/script>\n<!-- \/ Yoast SEO plugin. -->","yoast_head_json":{"title":"Under Armour Sonic 7 homme - chaussures de course - MioMioRun","description":"Les chaussures Sonic 7 offrent l\u00e9g\u00e8ret\u00e9, amorti et retour d'\u00e9nergie exceptionnel, garantissant confort, vitesse et performance \u00e0 chaque course.","robots":{"index":"index","follow":"follow","max-snippet":"max-snippet:-1","max-image-preview":"max-image-preview:large","max-video-preview":"max-video-preview:-1"},"canonical":"https:\/\/www.miomiorun.com\/fr\/produit\/sonic-7-homme\/","og_locale":"fr_FR","og_type":"article","og_title":"Under Armour Sonic 7 homme - chaussures de course - MioMioRun","og_description":"Les chaussures Sonic 7 offrent l\u00e9g\u00e8ret\u00e9, amorti et retour d'\u00e9nergie exceptionnel, garantissant confort, vitesse et performance \u00e0 chaque course.","og_url":"https:\/\/www.miomiorun.com\/fr\/produit\/sonic-7-homme\/","og_site_name":"MioMioRun","article_publisher":"https:\/\/www.facebook.com\/miomiorun\/","article_modified_time":"2025-05-14T09:56:33+00:00","og_image":[{"width":600,"height":600,"url":"https:\/\/www.miomiorun.com\/app\/uploads\/2025\/02\/under-armour-Sonic-7-black-3028002-0001.webp","type":"image\/webp"}],"twitter_card":"summary_large_image","twitter_misc":{"Est. reading time":"2 minutes"},"schema":{"@context":"https:\/\/schema.org","@graph":[{"@type":"WebPage","@id":"https:\/\/www.miomiorun.com\/fr\/produit\/sonic-7-homme\/","url":"https:\/\/www.miomiorun.com\/fr\/produit\/sonic-7-homme\/","name":"Under Armour Sonic 7 homme - chaussures de course - MioMioRun","isPartOf":{"@id":"https:\/\/www.miomiorun.com\/fr\/#website"},"primaryImageOfPage":{"@id":"https:\/\/www.miomiorun.com\/fr\/produit\/sonic-7-homme\/#primaryimage"},"image":{"@id":"https:\/\/www.miomiorun.com\/fr\/produit\/sonic-7-homme\/#primaryimage"},"thumbnailUrl":"https:\/\/www.miomiorun.com\/app\/uploads\/2025\/02\/under-armour-Sonic-7-black-3028002-0001.webp","datePublished":"2025-02-22T09:01:49+00:00","dateModified":"2025-05-14T09:56:33+00:00","description":"Les chaussures Sonic 7 offrent l\u00e9g\u00e8ret\u00e9, amorti et retour d'\u00e9nergie exceptionnel, garantissant confort, vitesse et performance \u00e0 chaque course.","breadcrumb":{"@id":"https:\/\/www.miomiorun.com\/fr\/produit\/sonic-7-homme\/#breadcrumb"},"inLanguage":"fr-FR","potentialAction":[{"@type":"ReadAction","target":["https:\/\/www.miomiorun.com\/fr\/produit\/sonic-7-homme\/"]}]},{"@type":"ImageObject","inLanguage":"fr-FR","@id":"https:\/\/www.miomiorun.com\/fr\/produit\/sonic-7-homme\/#primaryimage","url":"https:\/\/www.miomiorun.com\/app\/uploads\/2025\/02\/under-armour-Sonic-7-black-3028002-0001.webp","contentUrl":"https:\/\/www.miomiorun.com\/app\/uploads\/2025\/02\/under-armour-Sonic-7-black-3028002-0001.webp","width":600,"height":600,"caption":"under armour Sonic 7 black 3028002 0001"},{"@type":"BreadcrumbList","@id":"https:\/\/www.miomiorun.com\/fr\/produit\/sonic-7-homme\/#breadcrumb","itemListElement":[{"@type":"ListItem","position":1,"name":"Home","item":"https:\/\/www.miomiorun.com\/fr\/home-page\/"},{"@type":"ListItem","position":2,"name":"Shop","item":"https:\/\/www.miomiorun.com\/shop\/"},{"@type":"ListItem","position":3,"name":"Sonic 7 homme"}]},{"@type":"WebSite","@id":"https:\/\/www.miomiorun.com\/fr\/#website","url":"https:\/\/www.miomiorun.com\/fr\/","name":"MioMioRun","description":"Boutique 100% running et trail","publisher":{"@id":"https:\/\/www.miomiorun.com\/fr\/#organization"},"potentialAction":[{"@type":"SearchAction","target":{"@type":"EntryPoint","urlTemplate":"https:\/\/www.miomiorun.com\/fr\/?s={search_term_string}"},"query-input":{"@type":"PropertyValueSpecification","valueRequired":true,"valueName":"search_term_string"}}],"inLanguage":"fr-FR"},{"@type":"Organization","@id":"https:\/\/www.miomiorun.com\/fr\/#organization","name":"MioMio Run","url":"https:\/\/www.miomiorun.com\/fr\/","logo":{"@type":"ImageObject","inLanguage":"fr-FR","@id":"https:\/\/www.miomiorun.com\/fr\/#\/schema\/logo\/image\/","url":"https:\/\/www.miomiorun.com\/app\/uploads\/2019\/12\/logomio.png","contentUrl":"https:\/\/www.miomiorun.com\/app\/uploads\/2019\/12\/logomio.png","width":115,"height":82,"caption":"MioMio Run"},"image":{"@id":"https:\/\/www.miomiorun.com\/fr\/#\/schema\/logo\/image\/"},"sameAs":["https:\/\/www.facebook.com\/miomiorun\/","https:\/\/www.instagram.com\/miomiorun\/"]}]}},"_links":{"self":[{"href":"https:\/\/www.miomiorun.com\/fr\/wp-json\/wp\/v2\/product\/299525","targetHints":{"allow":["GET"]}}],"collection":[{"href":"https:\/\/www.miomiorun.com\/fr\/wp-json\/wp\/v2\/product"}],"about":[{"href":"https:\/\/www.miomiorun.com\/fr\/wp-json\/wp\/v2\/types\/product"}],"wp:featuredmedia":[{"embeddable":true,"href":"https:\/\/www.miomiorun.com\/fr\/wp-json\/wp\/v2\/media\/258660"}],"wp:attachment":[{"href":"https:\/\/www.miomiorun.com\/fr\/wp-json\/wp\/v2\/media?parent=299525"}],"wp:term":[{"taxonomy":"product_brand","embeddable":true,"href":"https:\/\/www.miomiorun.com\/fr\/wp-json\/wp\/v2\/product_brand?post=299525"},{"taxonomy":"product_cat","embeddable":true,"href":"https:\/\/www.miomiorun.com\/fr\/wp-json\/wp\/v2\/product_cat?post=299525"},{"taxonomy":"product_tag","embeddable":true,"href":"https:\/\/www.miomiorun.com\/fr\/wp-json\/wp\/v2\/product_tag?post=299525"}],"curies":[{"name":"wp","href":"https:\/\/api.w.org\/{rel}","templated":true}]}}