{"id":299494,"date":"2025-02-22T10:51:24","date_gmt":"2025-02-22T09:51:24","guid":{"rendered":"https:\/\/miomiorun.com\/prodotto\/launch-elite-singlet-uomo\/"},"modified":"2025-05-14T12:02:22","modified_gmt":"2025-05-14T10:02:22","slug":"launch-elite-singlet-homme","status":"publish","type":"product","link":"https:\/\/www.miomiorun.com\/fr\/produit\/launch-elite-singlet-homme\/","title":{"rendered":"Launch Elite Singlet homme"},"content":{"rendered":"<div class=\"vc-row container\"><div class=\"vc-column\"><div class=\"vc-column-text\">Le<strong> Singlet Launch Elite<\/strong> d&#8217;Under Armour est con\u00e7u pour vous garder au frais et \u00e0 l&#8217;aise, m\u00eame dans les conditions les plus intenses. Gr\u00e2ce au <strong>tissu<\/strong> innovant <strong>Iso-Chill<\/strong>, le v\u00eatement est capable de disperser la chaleur corporelle, cr\u00e9ant une sensation de fra\u00eecheur au toucher qui vous permet de rester au frais m\u00eame lorsque vous \u00eates en pleine action. La technologie avanc\u00e9e du tissu \u00e9vacue rapidement la chaleur de la peau, ce qui vous permet de vous sentir plus frais et pr\u00eat \u00e0 relever tous les d\u00e9fis.<\/p>\n<p>Les <strong>perforations laser strat\u00e9giques<\/strong> sur le singlet assurent une <strong>ventilation optimale<\/strong>, tandis que la mati\u00e8re extensible dans les 4 sens bouge avec vous, s&#8217;adaptant parfaitement \u00e0 chacun de vos mouvements et vous offrant libert\u00e9 et confort pendant l&#8217;activit\u00e9 physique. La capacit\u00e9 du tissu \u00e0 <strong>absorber la transpiration et \u00e0 s\u00e9cher rapidement<\/strong> est un avantage suppl\u00e9mentaire, vous permettant de rester au sec et concentr\u00e9 sans que la transpiration ne ralentisse vos performances.<\/p>\n<p>Le singlet est dot\u00e9 d&#8217;un <strong>ourlet en forme et d&#8217;a\u00e9rations lat\u00e9rales<\/strong> qui am\u00e9liorent l&#8217;ajustement et la libert\u00e9 de mouvement, tandis que <strong>la technologie de contr\u00f4le des<\/strong> odeurs minimise la formation d&#8217;odeurs d\u00e9sagr\u00e9ables, ce qui vous permet de rester frais et propre m\u00eame pendant les s\u00e9ances d&#8217;entra\u00eenement intenses. <strong>Les d\u00e9tails r\u00e9fl\u00e9chissants<\/strong> assurent la visibilit\u00e9 m\u00eame dans des conditions de faible luminosit\u00e9, ce qui en fait un v\u00eatement id\u00e9al pour ceux qui s&#8217;entra\u00eenent la nuit ou dans des environnements peu \u00e9clair\u00e9s.<\/p>\n<p>Compos\u00e9 de <strong>90 % de nylon et de 10 % d&#8217;\u00e9lasthanne<\/strong>, le <strong>singlet Launch Elite<\/strong> est durable, l\u00e9ger et performant. Pour le conserver en parfait \u00e9tat, il est recommand\u00e9 de le laver \u00e0 froid en machine, sans assouplissant et uniquement avec de l&#8217;eau de javel non chlor\u00e9e. De plus, il est dot\u00e9 d&#8217;une protection <strong>solaire UPF 30<\/strong>, qui vous aide \u00e0 vous prot\u00e9ger des rayons UV nocifs lors de vos s\u00e9ances en plein air.<\/p>\n<p>Parfait pour les athl\u00e8tes qui recherchent une combinaison de <strong>confort, de fra\u00eecheur et de performance<\/strong>, le <strong>Launch Elite Singlet<\/strong> vous accompagnera \u00e0 chaque s\u00e9ance d&#8217;entra\u00eenement, en vous apportant le soutien dont vous avez besoin pour donner le meilleur de vous-m\u00eame.<\/div><\/div><\/div>\n","protected":false},"excerpt":{"rendered":"<ul class=\"m-long-description__features\">\n<li class=\"m-long-description__feature\">D\u00e9bardeur \u00e0 s\u00e9chage rapide avec protection UV.<\/li>\n<li class=\"m-long-description__feature\">Coupe id\u00e9ale pour la course \u00e0 pied.<\/li>\n<li class=\"m-long-description__feature\">Comprend des d\u00e9tails r\u00e9fl\u00e9chissants pour une visibilit\u00e9 accrue.<\/li>\n<\/ul>\n","protected":false},"featured_media":258706,"template":"","meta":{"_acf_changed":false,"inline_featured_image":false},"product_brand":[],"product_cat":[24257,24482],"product_tag":[23530,23574],"class_list":{"0":"post-299494","1":"product","2":"type-product","3":"status-publish","4":"has-post-thumbnail","6":"product_cat-gilets-fr","7":"product_cat-vetements-pour-hommes-fr","8":"product_tag-under-armour-fr","9":"product_tag-under-armour-homme","10":"pa_attivita-fitness-fr","11":"pa_attivita-lifestyle-fr","12":"pa_attivita-marcher","13":"pa_attivita-running-fr","14":"pa_colore-launch-elite-singlet-white-fr","15":"pa_marca-under-armour-fr","16":"pa_sesso-homme","17":"pa_size-extra-small-fr","18":"pa_size-small-fr","19":"pa_size-medium-fr","20":"pa_size-large-fr","22":"first","23":"instock","24":"sale","25":"taxable","26":"shipping-taxable","27":"purchasable","28":"product-type-variable","29":"wvs-archive-product-wrapper"},"acf":[],"yoast_head":"<!-- This site is optimized with the Yoast SEO plugin v26.8 - https:\/\/yoast.com\/product\/yoast-seo-wordpress\/ -->\n<title>Under Armour Launch Elite Singlet homme - d\u00e9bardeur de course - MioMioRun<\/title>\n<meta name=\"description\" content=\"Le Singlet Launch Elite pour homme est le singlet parfait pour vos entra\u00eenements d&#039;\u00e9t\u00e9. Gr\u00e2ce \u00e0 sa protection contre les UV, il sera comme un deuxi\u00e8me bouclier.\" \/>\n<meta name=\"robots\" content=\"index, follow, max-snippet:-1, max-image-preview:large, max-video-preview:-1\" \/>\n<link rel=\"canonical\" href=\"https:\/\/www.miomiorun.com\/fr\/produit\/launch-elite-singlet-homme\/\" \/>\n<meta property=\"og:locale\" content=\"fr_FR\" \/>\n<meta property=\"og:type\" content=\"article\" \/>\n<meta property=\"og:title\" content=\"Under Armour Launch Elite Singlet homme - d\u00e9bardeur de course - MioMioRun\" \/>\n<meta property=\"og:description\" content=\"Le Singlet Launch Elite pour homme est le singlet parfait pour vos entra\u00eenements d&#039;\u00e9t\u00e9. Gr\u00e2ce \u00e0 sa protection contre les UV, il sera comme un deuxi\u00e8me bouclier.\" \/>\n<meta property=\"og:url\" content=\"https:\/\/www.miomiorun.com\/fr\/produit\/launch-elite-singlet-homme\/\" \/>\n<meta property=\"og:site_name\" content=\"MioMioRun\" \/>\n<meta property=\"article:publisher\" content=\"https:\/\/www.facebook.com\/miomiorun\/\" \/>\n<meta property=\"article:modified_time\" content=\"2025-05-14T10:02:22+00:00\" \/>\n<meta property=\"og:image\" content=\"https:\/\/www.miomiorun.com\/app\/uploads\/2025\/02\/under-armour-Launch-elite-singlet-white-1389800-0100.webp\" \/>\n\t<meta property=\"og:image:width\" content=\"600\" \/>\n\t<meta property=\"og:image:height\" content=\"600\" \/>\n\t<meta property=\"og:image:type\" content=\"image\/webp\" \/>\n<meta name=\"twitter:card\" content=\"summary_large_image\" \/>\n<meta name=\"twitter:label1\" content=\"Est. reading time\" \/>\n\t<meta name=\"twitter:data1\" content=\"2 minutes\" \/>\n<script type=\"application\/ld+json\" class=\"yoast-schema-graph\">{\"@context\":\"https:\/\/schema.org\",\"@graph\":[{\"@type\":\"WebPage\",\"@id\":\"https:\/\/www.miomiorun.com\/fr\/produit\/launch-elite-singlet-homme\/\",\"url\":\"https:\/\/www.miomiorun.com\/fr\/produit\/launch-elite-singlet-homme\/\",\"name\":\"Under Armour Launch Elite Singlet homme - d\u00e9bardeur de course - MioMioRun\",\"isPartOf\":{\"@id\":\"https:\/\/www.miomiorun.com\/fr\/#website\"},\"primaryImageOfPage\":{\"@id\":\"https:\/\/www.miomiorun.com\/fr\/produit\/launch-elite-singlet-homme\/#primaryimage\"},\"image\":{\"@id\":\"https:\/\/www.miomiorun.com\/fr\/produit\/launch-elite-singlet-homme\/#primaryimage\"},\"thumbnailUrl\":\"https:\/\/www.miomiorun.com\/app\/uploads\/2025\/02\/under-armour-Launch-elite-singlet-white-1389800-0100.webp\",\"datePublished\":\"2025-02-22T09:51:24+00:00\",\"dateModified\":\"2025-05-14T10:02:22+00:00\",\"description\":\"Le Singlet Launch Elite pour homme est le singlet parfait pour vos entra\u00eenements d'\u00e9t\u00e9. Gr\u00e2ce \u00e0 sa protection contre les UV, il sera comme un deuxi\u00e8me bouclier.\",\"breadcrumb\":{\"@id\":\"https:\/\/www.miomiorun.com\/fr\/produit\/launch-elite-singlet-homme\/#breadcrumb\"},\"inLanguage\":\"fr-FR\",\"potentialAction\":[{\"@type\":\"ReadAction\",\"target\":[\"https:\/\/www.miomiorun.com\/fr\/produit\/launch-elite-singlet-homme\/\"]}]},{\"@type\":\"ImageObject\",\"inLanguage\":\"fr-FR\",\"@id\":\"https:\/\/www.miomiorun.com\/fr\/produit\/launch-elite-singlet-homme\/#primaryimage\",\"url\":\"https:\/\/www.miomiorun.com\/app\/uploads\/2025\/02\/under-armour-Launch-elite-singlet-white-1389800-0100.webp\",\"contentUrl\":\"https:\/\/www.miomiorun.com\/app\/uploads\/2025\/02\/under-armour-Launch-elite-singlet-white-1389800-0100.webp\",\"width\":600,\"height\":600,\"caption\":\"under armour Launch elite singlet white 1389800 0100\"},{\"@type\":\"BreadcrumbList\",\"@id\":\"https:\/\/www.miomiorun.com\/fr\/produit\/launch-elite-singlet-homme\/#breadcrumb\",\"itemListElement\":[{\"@type\":\"ListItem\",\"position\":1,\"name\":\"Home\",\"item\":\"https:\/\/www.miomiorun.com\/fr\/home-page\/\"},{\"@type\":\"ListItem\",\"position\":2,\"name\":\"Shop\",\"item\":\"https:\/\/www.miomiorun.com\/shop\/\"},{\"@type\":\"ListItem\",\"position\":3,\"name\":\"Launch Elite Singlet homme\"}]},{\"@type\":\"WebSite\",\"@id\":\"https:\/\/www.miomiorun.com\/fr\/#website\",\"url\":\"https:\/\/www.miomiorun.com\/fr\/\",\"name\":\"MioMioRun\",\"description\":\"Boutique 100% running et trail\",\"publisher\":{\"@id\":\"https:\/\/www.miomiorun.com\/fr\/#organization\"},\"potentialAction\":[{\"@type\":\"SearchAction\",\"target\":{\"@type\":\"EntryPoint\",\"urlTemplate\":\"https:\/\/www.miomiorun.com\/fr\/?s={search_term_string}\"},\"query-input\":{\"@type\":\"PropertyValueSpecification\",\"valueRequired\":true,\"valueName\":\"search_term_string\"}}],\"inLanguage\":\"fr-FR\"},{\"@type\":\"Organization\",\"@id\":\"https:\/\/www.miomiorun.com\/fr\/#organization\",\"name\":\"MioMio Run\",\"url\":\"https:\/\/www.miomiorun.com\/fr\/\",\"logo\":{\"@type\":\"ImageObject\",\"inLanguage\":\"fr-FR\",\"@id\":\"https:\/\/www.miomiorun.com\/fr\/#\/schema\/logo\/image\/\",\"url\":\"https:\/\/www.miomiorun.com\/app\/uploads\/2019\/12\/logomio.png\",\"contentUrl\":\"https:\/\/www.miomiorun.com\/app\/uploads\/2019\/12\/logomio.png\",\"width\":115,\"height\":82,\"caption\":\"MioMio Run\"},\"image\":{\"@id\":\"https:\/\/www.miomiorun.com\/fr\/#\/schema\/logo\/image\/\"},\"sameAs\":[\"https:\/\/www.facebook.com\/miomiorun\/\",\"https:\/\/www.instagram.com\/miomiorun\/\"]}]}<\/script>\n<!-- \/ Yoast SEO plugin. -->","yoast_head_json":{"title":"Under Armour Launch Elite Singlet homme - d\u00e9bardeur de course - MioMioRun","description":"Le Singlet Launch Elite pour homme est le singlet parfait pour vos entra\u00eenements d'\u00e9t\u00e9. Gr\u00e2ce \u00e0 sa protection contre les UV, il sera comme un deuxi\u00e8me bouclier.","robots":{"index":"index","follow":"follow","max-snippet":"max-snippet:-1","max-image-preview":"max-image-preview:large","max-video-preview":"max-video-preview:-1"},"canonical":"https:\/\/www.miomiorun.com\/fr\/produit\/launch-elite-singlet-homme\/","og_locale":"fr_FR","og_type":"article","og_title":"Under Armour Launch Elite Singlet homme - d\u00e9bardeur de course - MioMioRun","og_description":"Le Singlet Launch Elite pour homme est le singlet parfait pour vos entra\u00eenements d'\u00e9t\u00e9. Gr\u00e2ce \u00e0 sa protection contre les UV, il sera comme un deuxi\u00e8me bouclier.","og_url":"https:\/\/www.miomiorun.com\/fr\/produit\/launch-elite-singlet-homme\/","og_site_name":"MioMioRun","article_publisher":"https:\/\/www.facebook.com\/miomiorun\/","article_modified_time":"2025-05-14T10:02:22+00:00","og_image":[{"width":600,"height":600,"url":"https:\/\/www.miomiorun.com\/app\/uploads\/2025\/02\/under-armour-Launch-elite-singlet-white-1389800-0100.webp","type":"image\/webp"}],"twitter_card":"summary_large_image","twitter_misc":{"Est. reading time":"2 minutes"},"schema":{"@context":"https:\/\/schema.org","@graph":[{"@type":"WebPage","@id":"https:\/\/www.miomiorun.com\/fr\/produit\/launch-elite-singlet-homme\/","url":"https:\/\/www.miomiorun.com\/fr\/produit\/launch-elite-singlet-homme\/","name":"Under Armour Launch Elite Singlet homme - d\u00e9bardeur de course - MioMioRun","isPartOf":{"@id":"https:\/\/www.miomiorun.com\/fr\/#website"},"primaryImageOfPage":{"@id":"https:\/\/www.miomiorun.com\/fr\/produit\/launch-elite-singlet-homme\/#primaryimage"},"image":{"@id":"https:\/\/www.miomiorun.com\/fr\/produit\/launch-elite-singlet-homme\/#primaryimage"},"thumbnailUrl":"https:\/\/www.miomiorun.com\/app\/uploads\/2025\/02\/under-armour-Launch-elite-singlet-white-1389800-0100.webp","datePublished":"2025-02-22T09:51:24+00:00","dateModified":"2025-05-14T10:02:22+00:00","description":"Le Singlet Launch Elite pour homme est le singlet parfait pour vos entra\u00eenements d'\u00e9t\u00e9. Gr\u00e2ce \u00e0 sa protection contre les UV, il sera comme un deuxi\u00e8me bouclier.","breadcrumb":{"@id":"https:\/\/www.miomiorun.com\/fr\/produit\/launch-elite-singlet-homme\/#breadcrumb"},"inLanguage":"fr-FR","potentialAction":[{"@type":"ReadAction","target":["https:\/\/www.miomiorun.com\/fr\/produit\/launch-elite-singlet-homme\/"]}]},{"@type":"ImageObject","inLanguage":"fr-FR","@id":"https:\/\/www.miomiorun.com\/fr\/produit\/launch-elite-singlet-homme\/#primaryimage","url":"https:\/\/www.miomiorun.com\/app\/uploads\/2025\/02\/under-armour-Launch-elite-singlet-white-1389800-0100.webp","contentUrl":"https:\/\/www.miomiorun.com\/app\/uploads\/2025\/02\/under-armour-Launch-elite-singlet-white-1389800-0100.webp","width":600,"height":600,"caption":"under armour Launch elite singlet white 1389800 0100"},{"@type":"BreadcrumbList","@id":"https:\/\/www.miomiorun.com\/fr\/produit\/launch-elite-singlet-homme\/#breadcrumb","itemListElement":[{"@type":"ListItem","position":1,"name":"Home","item":"https:\/\/www.miomiorun.com\/fr\/home-page\/"},{"@type":"ListItem","position":2,"name":"Shop","item":"https:\/\/www.miomiorun.com\/shop\/"},{"@type":"ListItem","position":3,"name":"Launch Elite Singlet homme"}]},{"@type":"WebSite","@id":"https:\/\/www.miomiorun.com\/fr\/#website","url":"https:\/\/www.miomiorun.com\/fr\/","name":"MioMioRun","description":"Boutique 100% running et trail","publisher":{"@id":"https:\/\/www.miomiorun.com\/fr\/#organization"},"potentialAction":[{"@type":"SearchAction","target":{"@type":"EntryPoint","urlTemplate":"https:\/\/www.miomiorun.com\/fr\/?s={search_term_string}"},"query-input":{"@type":"PropertyValueSpecification","valueRequired":true,"valueName":"search_term_string"}}],"inLanguage":"fr-FR"},{"@type":"Organization","@id":"https:\/\/www.miomiorun.com\/fr\/#organization","name":"MioMio Run","url":"https:\/\/www.miomiorun.com\/fr\/","logo":{"@type":"ImageObject","inLanguage":"fr-FR","@id":"https:\/\/www.miomiorun.com\/fr\/#\/schema\/logo\/image\/","url":"https:\/\/www.miomiorun.com\/app\/uploads\/2019\/12\/logomio.png","contentUrl":"https:\/\/www.miomiorun.com\/app\/uploads\/2019\/12\/logomio.png","width":115,"height":82,"caption":"MioMio Run"},"image":{"@id":"https:\/\/www.miomiorun.com\/fr\/#\/schema\/logo\/image\/"},"sameAs":["https:\/\/www.facebook.com\/miomiorun\/","https:\/\/www.instagram.com\/miomiorun\/"]}]}},"_links":{"self":[{"href":"https:\/\/www.miomiorun.com\/fr\/wp-json\/wp\/v2\/product\/299494","targetHints":{"allow":["GET"]}}],"collection":[{"href":"https:\/\/www.miomiorun.com\/fr\/wp-json\/wp\/v2\/product"}],"about":[{"href":"https:\/\/www.miomiorun.com\/fr\/wp-json\/wp\/v2\/types\/product"}],"wp:featuredmedia":[{"embeddable":true,"href":"https:\/\/www.miomiorun.com\/fr\/wp-json\/wp\/v2\/media\/258706"}],"wp:attachment":[{"href":"https:\/\/www.miomiorun.com\/fr\/wp-json\/wp\/v2\/media?parent=299494"}],"wp:term":[{"taxonomy":"product_brand","embeddable":true,"href":"https:\/\/www.miomiorun.com\/fr\/wp-json\/wp\/v2\/product_brand?post=299494"},{"taxonomy":"product_cat","embeddable":true,"href":"https:\/\/www.miomiorun.com\/fr\/wp-json\/wp\/v2\/product_cat?post=299494"},{"taxonomy":"product_tag","embeddable":true,"href":"https:\/\/www.miomiorun.com\/fr\/wp-json\/wp\/v2\/product_tag?post=299494"}],"curies":[{"name":"wp","href":"https:\/\/api.w.org\/{rel}","templated":true}]}}