{"id":299476,"date":"2025-02-22T12:33:07","date_gmt":"2025-02-22T11:33:07","guid":{"rendered":"https:\/\/miomiorun.com\/prodotto\/seed-hooded-jacket-donna\/"},"modified":"2025-05-14T12:04:51","modified_gmt":"2025-05-14T10:04:51","slug":"seed-hooded-jacket-femme","status":"publish","type":"product","link":"https:\/\/www.miomiorun.com\/fr\/produit\/seed-hooded-jacket-femme\/","title":{"rendered":"Seed hooded jacket femme"},"content":{"rendered":"<p>La <strong>veste \u00e0 capuche Women&#8217;s Seed<\/strong> est l&#8217;alli\u00e9e parfaite de vos aventures en plein air, qu&#8217;il s&#8217;agisse de trekking ou d&#8217;escalade. Fabriqu\u00e9e dans un tissu innovant en polyester extensible DWR avec une construction hybride double tissage et softshell, cette veste est con\u00e7ue pour vous prot\u00e9ger du vent et retenir la chaleur, vous gardant au chaud m\u00eame lorsque le temps change brusquement. Sa structure interne en grille est con\u00e7ue pour \u00e9vacuer la transpiration, assurant une r\u00e9gulation optimale de la temp\u00e9rature corporelle lors d&#8217;activit\u00e9s physiques intenses.<\/p>\n<p>Les d\u00e9tails contrast\u00e9s en nylon extensible rendent la veste durable et permettent une libert\u00e9 de mouvement maximale, tandis que la capuche r\u00e9glable, les poignets \u00e9lastiques et l&#8217;ourlet ajustable garantissent un ajustement parfait, offrant un confort maximal dans toutes les situations. Les poches zipp\u00e9es pour les mains vous permettent de garder vos objets les plus importants en s\u00e9curit\u00e9, tandis que la poche int\u00e9rieure ouverte offre un espace suppl\u00e9mentaire.<\/p>\n<p>Avec un poids de seulement 300 g, cette veste est l\u00e9g\u00e8re, mais suffisamment r\u00e9sistante pour faire face aux conditions les plus difficiles. Que vous exploriez de nouveaux sentiers ou que vous vous attaquiez \u00e0 une ascension, la veste \u00e0 capuche Seed vous offre la protection et le confort dont vous avez besoin pour relever tous les d\u00e9fis.<\/p>\n<div class=\"content__image-wrapper tw-w-fit\">\n<div><\/div>\n<div class=\"content__image tw-relative tw-w-[3.2rem]\"><img loading=\"lazy\" decoding=\"async\" class=\"tw-absolute tw-top-0 tw-left-0 tw-w-full tw-h-full\" src=\"https:\/\/www.montura.com\/cdn\/shop\/files\/004_Breathable_Black.svg?v=1709125473&amp;width=200\" srcset=\"\/\/www.montura.com\/cdn\/shop\/files\/004_Breathable_Black.svg?v=1709125473&amp;width=200 200w\" alt=\"\" width=\"84\" height=\"84\" \/><\/div>\n<\/div>\n<h4 class=\"tw-text-s tw-pt-[1.2rem] tw-pb-[0.4rem] tw-font-medium\">Respirant<\/h4>\n<div class=\"content__image-wrapper tw-w-fit\">\n<div class=\"content__image tw-relative tw-w-[3.2rem]\"><img loading=\"lazy\" decoding=\"async\" class=\"tw-absolute tw-top-0 tw-left-0 tw-w-full tw-h-full\" src=\"https:\/\/www.montura.com\/cdn\/shop\/files\/002_WaterResistantDWR_Black.svg?v=1709125500&amp;width=200\" srcset=\"\/\/www.montura.com\/cdn\/shop\/files\/002_WaterResistantDWR_Black.svg?v=1709125500&amp;width=200 200w\" alt=\"\" width=\"84\" height=\"84\" \/><\/div>\n<\/div>\n<h4 class=\"tw-text-s tw-pt-[1.2rem] tw-pb-[0.4rem] tw-font-medium\">Hydrofuge (DWR)<\/h4>\n<div class=\"content__image-wrapper tw-w-fit\">\n<div class=\"content__image tw-relative tw-w-[3.2rem]\"><img loading=\"lazy\" decoding=\"async\" class=\"tw-absolute tw-top-0 tw-left-0 tw-w-full tw-h-full\" src=\"https:\/\/www.montura.com\/cdn\/shop\/files\/012_RecycledMaterial_Black.svg?v=1709125426&amp;width=200\" srcset=\"\/\/www.montura.com\/cdn\/shop\/files\/012_RecycledMaterial_Black.svg?v=1709125426&amp;width=200 200w\" alt=\"\" width=\"84\" height=\"84\" \/><\/div>\n<\/div>\n<h4 class=\"tw-text-s tw-pt-[1.2rem] tw-pb-[0.4rem] tw-font-medium\">Mat\u00e9riaux recycl\u00e9s<\/h4>\n","protected":false},"excerpt":{"rendered":"<ul>\n<li>Veste id\u00e9ale pour vos excursions en montagne.<\/li>\n<li>Offre une excellente protection contre la pluie l\u00e9g\u00e8re et le vent.<\/li>\n<\/ul>\n","protected":false},"featured_media":258832,"template":"","meta":{"_acf_changed":false,"inline_featured_image":false},"product_brand":[],"product_cat":[22599,22596],"product_tag":[23512,23514],"class_list":{"0":"post-299476","1":"product","2":"type-product","3":"status-publish","4":"has-post-thumbnail","6":"product_cat-vestes","7":"product_cat-vetements-pour-femmes","8":"product_tag-montura-fr","9":"product_tag-montura-femme","10":"pa_attivita-marcher","11":"pa_attivita-outdoor-fr","12":"pa_colore-seed-hooded-jacket-w-black-fr","13":"pa_marca-montura-fr","14":"pa_sesso-femme","15":"pa_size-medium-fr","17":"first","18":"instock","19":"sale","20":"taxable","21":"shipping-taxable","22":"purchasable","23":"product-type-variable","24":"wvs-archive-product-wrapper"},"acf":[],"yoast_head":"<!-- This site is optimized with the Yoast SEO plugin v26.8 - https:\/\/yoast.com\/product\/yoast-seo-wordpress\/ -->\n<title>Montura Seed hooded jacket femme - Veste d&#039;\u00e9t\u00e9- MioMioRun<\/title>\n<meta name=\"description\" content=\"La veste \u00e0 capuche Seed pour femme est l\u00e9g\u00e8re, coupe-vent et d\u00e9perlante. Elle est con\u00e7ue pour offrir confort, chaleur et durabilit\u00e9 pendant les activit\u00e9s.\" \/>\n<meta name=\"robots\" content=\"index, follow, max-snippet:-1, max-image-preview:large, max-video-preview:-1\" \/>\n<link rel=\"canonical\" href=\"https:\/\/www.miomiorun.com\/fr\/produit\/seed-hooded-jacket-femme\/\" \/>\n<meta property=\"og:locale\" content=\"fr_FR\" \/>\n<meta property=\"og:type\" content=\"article\" \/>\n<meta property=\"og:title\" content=\"Montura Seed hooded jacket femme - Veste d&#039;\u00e9t\u00e9- MioMioRun\" \/>\n<meta property=\"og:description\" content=\"La veste \u00e0 capuche Seed pour femme est l\u00e9g\u00e8re, coupe-vent et d\u00e9perlante. Elle est con\u00e7ue pour offrir confort, chaleur et durabilit\u00e9 pendant les activit\u00e9s.\" \/>\n<meta property=\"og:url\" content=\"https:\/\/www.miomiorun.com\/fr\/produit\/seed-hooded-jacket-femme\/\" \/>\n<meta property=\"og:site_name\" content=\"MioMioRun\" \/>\n<meta property=\"article:publisher\" content=\"https:\/\/www.facebook.com\/miomiorun\/\" \/>\n<meta property=\"article:modified_time\" content=\"2025-05-14T10:04:51+00:00\" \/>\n<meta property=\"og:image\" content=\"https:\/\/www.miomiorun.com\/app\/uploads\/2025\/02\/montura-Seed-hooded-jacket-W-black-MJAW23W.90.webp\" \/>\n\t<meta property=\"og:image:width\" content=\"600\" \/>\n\t<meta property=\"og:image:height\" content=\"600\" \/>\n\t<meta property=\"og:image:type\" content=\"image\/webp\" \/>\n<meta name=\"twitter:card\" content=\"summary_large_image\" \/>\n<meta name=\"twitter:label1\" content=\"Est. reading time\" \/>\n\t<meta name=\"twitter:data1\" content=\"1 minute\" \/>\n<script type=\"application\/ld+json\" class=\"yoast-schema-graph\">{\"@context\":\"https:\/\/schema.org\",\"@graph\":[{\"@type\":\"WebPage\",\"@id\":\"https:\/\/www.miomiorun.com\/fr\/produit\/seed-hooded-jacket-femme\/\",\"url\":\"https:\/\/www.miomiorun.com\/fr\/produit\/seed-hooded-jacket-femme\/\",\"name\":\"Montura Seed hooded jacket femme - Veste d'\u00e9t\u00e9- MioMioRun\",\"isPartOf\":{\"@id\":\"https:\/\/www.miomiorun.com\/fr\/#website\"},\"primaryImageOfPage\":{\"@id\":\"https:\/\/www.miomiorun.com\/fr\/produit\/seed-hooded-jacket-femme\/#primaryimage\"},\"image\":{\"@id\":\"https:\/\/www.miomiorun.com\/fr\/produit\/seed-hooded-jacket-femme\/#primaryimage\"},\"thumbnailUrl\":\"https:\/\/www.miomiorun.com\/app\/uploads\/2025\/02\/montura-Seed-hooded-jacket-W-black-MJAW23W.90.webp\",\"datePublished\":\"2025-02-22T11:33:07+00:00\",\"dateModified\":\"2025-05-14T10:04:51+00:00\",\"description\":\"La veste \u00e0 capuche Seed pour femme est l\u00e9g\u00e8re, coupe-vent et d\u00e9perlante. Elle est con\u00e7ue pour offrir confort, chaleur et durabilit\u00e9 pendant les activit\u00e9s.\",\"breadcrumb\":{\"@id\":\"https:\/\/www.miomiorun.com\/fr\/produit\/seed-hooded-jacket-femme\/#breadcrumb\"},\"inLanguage\":\"fr-FR\",\"potentialAction\":[{\"@type\":\"ReadAction\",\"target\":[\"https:\/\/www.miomiorun.com\/fr\/produit\/seed-hooded-jacket-femme\/\"]}]},{\"@type\":\"ImageObject\",\"inLanguage\":\"fr-FR\",\"@id\":\"https:\/\/www.miomiorun.com\/fr\/produit\/seed-hooded-jacket-femme\/#primaryimage\",\"url\":\"https:\/\/www.miomiorun.com\/app\/uploads\/2025\/02\/montura-Seed-hooded-jacket-W-black-MJAW23W.90.webp\",\"contentUrl\":\"https:\/\/www.miomiorun.com\/app\/uploads\/2025\/02\/montura-Seed-hooded-jacket-W-black-MJAW23W.90.webp\",\"width\":600,\"height\":600,\"caption\":\"montura Seed hooded jacket W black MJAW23W.90\"},{\"@type\":\"BreadcrumbList\",\"@id\":\"https:\/\/www.miomiorun.com\/fr\/produit\/seed-hooded-jacket-femme\/#breadcrumb\",\"itemListElement\":[{\"@type\":\"ListItem\",\"position\":1,\"name\":\"Home\",\"item\":\"https:\/\/www.miomiorun.com\/fr\/home-page\/\"},{\"@type\":\"ListItem\",\"position\":2,\"name\":\"Shop\",\"item\":\"https:\/\/www.miomiorun.com\/shop\/\"},{\"@type\":\"ListItem\",\"position\":3,\"name\":\"Seed hooded jacket femme\"}]},{\"@type\":\"WebSite\",\"@id\":\"https:\/\/www.miomiorun.com\/fr\/#website\",\"url\":\"https:\/\/www.miomiorun.com\/fr\/\",\"name\":\"MioMioRun\",\"description\":\"Boutique 100% running et trail\",\"publisher\":{\"@id\":\"https:\/\/www.miomiorun.com\/fr\/#organization\"},\"potentialAction\":[{\"@type\":\"SearchAction\",\"target\":{\"@type\":\"EntryPoint\",\"urlTemplate\":\"https:\/\/www.miomiorun.com\/fr\/?s={search_term_string}\"},\"query-input\":{\"@type\":\"PropertyValueSpecification\",\"valueRequired\":true,\"valueName\":\"search_term_string\"}}],\"inLanguage\":\"fr-FR\"},{\"@type\":\"Organization\",\"@id\":\"https:\/\/www.miomiorun.com\/fr\/#organization\",\"name\":\"MioMio Run\",\"url\":\"https:\/\/www.miomiorun.com\/fr\/\",\"logo\":{\"@type\":\"ImageObject\",\"inLanguage\":\"fr-FR\",\"@id\":\"https:\/\/www.miomiorun.com\/fr\/#\/schema\/logo\/image\/\",\"url\":\"https:\/\/www.miomiorun.com\/app\/uploads\/2019\/12\/logomio.png\",\"contentUrl\":\"https:\/\/www.miomiorun.com\/app\/uploads\/2019\/12\/logomio.png\",\"width\":115,\"height\":82,\"caption\":\"MioMio Run\"},\"image\":{\"@id\":\"https:\/\/www.miomiorun.com\/fr\/#\/schema\/logo\/image\/\"},\"sameAs\":[\"https:\/\/www.facebook.com\/miomiorun\/\",\"https:\/\/www.instagram.com\/miomiorun\/\"]}]}<\/script>\n<!-- \/ Yoast SEO plugin. -->","yoast_head_json":{"title":"Montura Seed hooded jacket femme - Veste d'\u00e9t\u00e9- MioMioRun","description":"La veste \u00e0 capuche Seed pour femme est l\u00e9g\u00e8re, coupe-vent et d\u00e9perlante. Elle est con\u00e7ue pour offrir confort, chaleur et durabilit\u00e9 pendant les activit\u00e9s.","robots":{"index":"index","follow":"follow","max-snippet":"max-snippet:-1","max-image-preview":"max-image-preview:large","max-video-preview":"max-video-preview:-1"},"canonical":"https:\/\/www.miomiorun.com\/fr\/produit\/seed-hooded-jacket-femme\/","og_locale":"fr_FR","og_type":"article","og_title":"Montura Seed hooded jacket femme - Veste d'\u00e9t\u00e9- MioMioRun","og_description":"La veste \u00e0 capuche Seed pour femme est l\u00e9g\u00e8re, coupe-vent et d\u00e9perlante. Elle est con\u00e7ue pour offrir confort, chaleur et durabilit\u00e9 pendant les activit\u00e9s.","og_url":"https:\/\/www.miomiorun.com\/fr\/produit\/seed-hooded-jacket-femme\/","og_site_name":"MioMioRun","article_publisher":"https:\/\/www.facebook.com\/miomiorun\/","article_modified_time":"2025-05-14T10:04:51+00:00","og_image":[{"width":600,"height":600,"url":"https:\/\/www.miomiorun.com\/app\/uploads\/2025\/02\/montura-Seed-hooded-jacket-W-black-MJAW23W.90.webp","type":"image\/webp"}],"twitter_card":"summary_large_image","twitter_misc":{"Est. reading time":"1 minute"},"schema":{"@context":"https:\/\/schema.org","@graph":[{"@type":"WebPage","@id":"https:\/\/www.miomiorun.com\/fr\/produit\/seed-hooded-jacket-femme\/","url":"https:\/\/www.miomiorun.com\/fr\/produit\/seed-hooded-jacket-femme\/","name":"Montura Seed hooded jacket femme - Veste d'\u00e9t\u00e9- MioMioRun","isPartOf":{"@id":"https:\/\/www.miomiorun.com\/fr\/#website"},"primaryImageOfPage":{"@id":"https:\/\/www.miomiorun.com\/fr\/produit\/seed-hooded-jacket-femme\/#primaryimage"},"image":{"@id":"https:\/\/www.miomiorun.com\/fr\/produit\/seed-hooded-jacket-femme\/#primaryimage"},"thumbnailUrl":"https:\/\/www.miomiorun.com\/app\/uploads\/2025\/02\/montura-Seed-hooded-jacket-W-black-MJAW23W.90.webp","datePublished":"2025-02-22T11:33:07+00:00","dateModified":"2025-05-14T10:04:51+00:00","description":"La veste \u00e0 capuche Seed pour femme est l\u00e9g\u00e8re, coupe-vent et d\u00e9perlante. Elle est con\u00e7ue pour offrir confort, chaleur et durabilit\u00e9 pendant les activit\u00e9s.","breadcrumb":{"@id":"https:\/\/www.miomiorun.com\/fr\/produit\/seed-hooded-jacket-femme\/#breadcrumb"},"inLanguage":"fr-FR","potentialAction":[{"@type":"ReadAction","target":["https:\/\/www.miomiorun.com\/fr\/produit\/seed-hooded-jacket-femme\/"]}]},{"@type":"ImageObject","inLanguage":"fr-FR","@id":"https:\/\/www.miomiorun.com\/fr\/produit\/seed-hooded-jacket-femme\/#primaryimage","url":"https:\/\/www.miomiorun.com\/app\/uploads\/2025\/02\/montura-Seed-hooded-jacket-W-black-MJAW23W.90.webp","contentUrl":"https:\/\/www.miomiorun.com\/app\/uploads\/2025\/02\/montura-Seed-hooded-jacket-W-black-MJAW23W.90.webp","width":600,"height":600,"caption":"montura Seed hooded jacket W black MJAW23W.90"},{"@type":"BreadcrumbList","@id":"https:\/\/www.miomiorun.com\/fr\/produit\/seed-hooded-jacket-femme\/#breadcrumb","itemListElement":[{"@type":"ListItem","position":1,"name":"Home","item":"https:\/\/www.miomiorun.com\/fr\/home-page\/"},{"@type":"ListItem","position":2,"name":"Shop","item":"https:\/\/www.miomiorun.com\/shop\/"},{"@type":"ListItem","position":3,"name":"Seed hooded jacket femme"}]},{"@type":"WebSite","@id":"https:\/\/www.miomiorun.com\/fr\/#website","url":"https:\/\/www.miomiorun.com\/fr\/","name":"MioMioRun","description":"Boutique 100% running et trail","publisher":{"@id":"https:\/\/www.miomiorun.com\/fr\/#organization"},"potentialAction":[{"@type":"SearchAction","target":{"@type":"EntryPoint","urlTemplate":"https:\/\/www.miomiorun.com\/fr\/?s={search_term_string}"},"query-input":{"@type":"PropertyValueSpecification","valueRequired":true,"valueName":"search_term_string"}}],"inLanguage":"fr-FR"},{"@type":"Organization","@id":"https:\/\/www.miomiorun.com\/fr\/#organization","name":"MioMio Run","url":"https:\/\/www.miomiorun.com\/fr\/","logo":{"@type":"ImageObject","inLanguage":"fr-FR","@id":"https:\/\/www.miomiorun.com\/fr\/#\/schema\/logo\/image\/","url":"https:\/\/www.miomiorun.com\/app\/uploads\/2019\/12\/logomio.png","contentUrl":"https:\/\/www.miomiorun.com\/app\/uploads\/2019\/12\/logomio.png","width":115,"height":82,"caption":"MioMio Run"},"image":{"@id":"https:\/\/www.miomiorun.com\/fr\/#\/schema\/logo\/image\/"},"sameAs":["https:\/\/www.facebook.com\/miomiorun\/","https:\/\/www.instagram.com\/miomiorun\/"]}]}},"_links":{"self":[{"href":"https:\/\/www.miomiorun.com\/fr\/wp-json\/wp\/v2\/product\/299476","targetHints":{"allow":["GET"]}}],"collection":[{"href":"https:\/\/www.miomiorun.com\/fr\/wp-json\/wp\/v2\/product"}],"about":[{"href":"https:\/\/www.miomiorun.com\/fr\/wp-json\/wp\/v2\/types\/product"}],"wp:featuredmedia":[{"embeddable":true,"href":"https:\/\/www.miomiorun.com\/fr\/wp-json\/wp\/v2\/media\/258832"}],"wp:attachment":[{"href":"https:\/\/www.miomiorun.com\/fr\/wp-json\/wp\/v2\/media?parent=299476"}],"wp:term":[{"taxonomy":"product_brand","embeddable":true,"href":"https:\/\/www.miomiorun.com\/fr\/wp-json\/wp\/v2\/product_brand?post=299476"},{"taxonomy":"product_cat","embeddable":true,"href":"https:\/\/www.miomiorun.com\/fr\/wp-json\/wp\/v2\/product_cat?post=299476"},{"taxonomy":"product_tag","embeddable":true,"href":"https:\/\/www.miomiorun.com\/fr\/wp-json\/wp\/v2\/product_tag?post=299476"}],"curies":[{"name":"wp","href":"https:\/\/api.w.org\/{rel}","templated":true}]}}