{"id":299467,"date":"2025-02-24T17:19:36","date_gmt":"2025-02-24T16:19:36","guid":{"rendered":"https:\/\/miomiorun.com\/prodotto\/seed-vest-donna\/"},"modified":"2025-05-14T12:08:24","modified_gmt":"2025-05-14T10:08:24","slug":"seed-vest-femme","status":"publish","type":"product","link":"https:\/\/www.miomiorun.com\/fr\/produit\/seed-vest-femme\/","title":{"rendered":"Seed vest femme"},"content":{"rendered":"<p>Le <strong>gilet Seed pour femme de<\/strong> Montura est le v\u00eatement id\u00e9al pour relever les d\u00e9fis des activit\u00e9s de plein air telles que le trekking et l&#8217;escalade, garantissant confort et excellentes performances dans toutes les conditions m\u00e9t\u00e9orologiques. Fabriqu\u00e9 \u00e0 partir d&#8217;un tissu innovant \u00e0 double tissage en <strong>polyester et softshell<\/strong>, il est con\u00e7u pour \u00eatre chaud, coupe-vent et d\u00e9perlant, prot\u00e9geant du froid et des rafales de vent tout en conservant la chaleur corporelle \u00e0 l&#8217;int\u00e9rieur. <strong>L\u00e9ger<\/strong> et <strong>s\u00e9chant rapidement<\/strong>, il est id\u00e9al comme couche ext\u00e9rieure ou interm\u00e9diaire lorsque le temps est incertain.<\/p>\n<p>La <strong>mati\u00e8re<\/strong> est enrichie d&#8217;une structure interne en <strong>grille<\/strong> qui aide \u00e0 <strong>r\u00e9guler la temp\u00e9rature<\/strong> et la <strong>respirabilit\u00e9<\/strong> lors d&#8217;activit\u00e9s physiques intenses, vous gardant au sec et \u00e0 l&#8217;aise. Des d\u00e9tails contrast\u00e9s en <strong>nylon extensible DWR<\/strong> renforcent le gilet, am\u00e9liorant la <strong>durabilit\u00e9<\/strong> et la <strong>libert\u00e9 de mouvement<\/strong> sur les terrains accident\u00e9s et pendant l&#8217;escalade.<\/p>\n<p>Le <strong>col<\/strong>, les <strong>emmanchures<\/strong> et l&#8217;<strong>ourlet \u00e9lastiqu\u00e9s<\/strong> assurent un ajustement parfait, s&#8217;adaptant au corps sans compromettre le confort. Des <strong>poches zipp\u00e9es<\/strong> pour les <strong>mains<\/strong> permettent de ranger en toute s\u00e9curit\u00e9 les objets personnels, tandis qu&#8217;une <strong>poche int\u00e9rieure ouverte<\/strong> ajoute \u00e0 l&#8217;aspect pratique. L\u00e9ger (200 g seulement), ce gilet est id\u00e9al pour partir <strong>\u00e0 la d\u00e9couverte de nouveaux sentiers<\/strong>, pour les activit\u00e9s de plein air ou tout simplement pour les loisirs par tous les temps.<\/p>\n<p><strong>Principales fonctionnalit\u00e9s<\/strong>:<\/p>\n<ul>\n<li>Gilet pour femme id\u00e9al pour l&#8217;escalade et les activit\u00e9s de plein air<\/li>\n<li>Tissu <strong>polyester extensible DWR<\/strong> avec double tissage hybride et construction softshell<\/li>\n<li><strong>Nylon extensible DWR<\/strong> contrast\u00e9 pour plus de solidit\u00e9<\/li>\n<li>Int\u00e9rieur partiellement doubl\u00e9 de <strong>tissu en maille<\/strong> pour une meilleure respirabilit\u00e9<\/li>\n<li>D\u00e9tails \u00e9lastiques au col, aux emmanchures et \u00e0 l&#8217;ourlet pour un ajustement parfait<\/li>\n<li><strong>Zips<\/strong> sur les poches et la poche int\u00e9rieure pour un maximum de praticit\u00e9<\/li>\n<li>Poids : <strong>200 g<\/strong><\/li>\n<\/ul>\n<p>Explorez toutes les saisons avec le gilet Seed pour femme, le compagnon id\u00e9al pour vos aventures en plein air !<\/p>\n<p>&nbsp;<\/p>\n<div class=\"content__image-wrapper tw-w-fit\">\n<div class=\"content__image tw-relative tw-w-[3.2rem]\"><img loading=\"lazy\" decoding=\"async\" class=\"tw-absolute tw-top-0 tw-left-0 tw-w-full tw-h-full\" src=\"https:\/\/www.montura.com\/cdn\/shop\/files\/004_Breathable_Black.svg?v=1709125473&amp;width=200\" srcset=\"\/\/www.montura.com\/cdn\/shop\/files\/004_Breathable_Black.svg?v=1709125473&amp;width=200 200w\" alt=\"\" width=\"83\" height=\"83\" \/><\/div>\n<\/div>\n<h3 class=\"tw-text-s tw-pt-[1.2rem] tw-pb-[0.4rem] tw-font-medium\">Respirant<\/h3>\n<div class=\"content__image-wrapper tw-w-fit\">\n<div class=\"content__image tw-relative tw-w-[3.2rem]\"><img loading=\"lazy\" decoding=\"async\" class=\"tw-absolute tw-top-0 tw-left-0 tw-w-full tw-h-full\" src=\"https:\/\/www.montura.com\/cdn\/shop\/files\/002_WaterResistantDWR_Black.svg?v=1709125500&amp;width=200\" srcset=\"\/\/www.montura.com\/cdn\/shop\/files\/002_WaterResistantDWR_Black.svg?v=1709125500&amp;width=200 200w\" alt=\"\" width=\"83\" height=\"83\" \/><\/div>\n<\/div>\n<h3 class=\"tw-text-s tw-pt-[1.2rem] tw-pb-[0.4rem] tw-font-medium\">Hydrofuge (DWR)<\/h3>\n<div class=\"content__image-wrapper tw-w-fit\">\n<div class=\"content__image tw-relative tw-w-[3.2rem]\"><img loading=\"lazy\" decoding=\"async\" class=\"tw-absolute tw-top-0 tw-left-0 tw-w-full tw-h-full\" src=\"https:\/\/www.montura.com\/cdn\/shop\/files\/012_RecycledMaterial_Black.svg?v=1709125426&amp;width=200\" srcset=\"\/\/www.montura.com\/cdn\/shop\/files\/012_RecycledMaterial_Black.svg?v=1709125426&amp;width=200 200w\" alt=\"\" width=\"83\" height=\"83\" \/><\/div>\n<\/div>\n<h3 class=\"tw-text-s tw-pt-[1.2rem] tw-pb-[0.4rem] tw-font-medium\">Mat\u00e9riaux recycl\u00e9s<\/h3>\n","protected":false},"excerpt":{"rendered":"<ul>\n<li>GILET RESPIRANT<\/li>\n<li>HYDROFUGE<\/li>\n<li>FABRIQU\u00c9 AVEC DES MAT\u00c9RIAUX RECYCL\u00c9S<\/li>\n<\/ul>\n","protected":false},"featured_media":259026,"template":"","meta":{"_acf_changed":false,"inline_featured_image":false},"product_brand":[],"product_cat":[22599,22596,22595],"product_tag":[23512,23514],"class_list":{"0":"post-299467","1":"product","2":"type-product","3":"status-publish","4":"has-post-thumbnail","6":"product_cat-vestes","7":"product_cat-vetements-pour-femmes","8":"product_cat-femme","9":"product_tag-montura-fr","10":"product_tag-montura-femme","11":"pa_attivita-marcher","12":"pa_attivita-outdoor-fr","13":"pa_colore-seed-vest-w-black-fr","14":"pa_marca-montura-fr","15":"pa_sesso-femme","16":"pa_size-small-fr","17":"pa_size-medium-fr","19":"first","20":"instock","21":"sale","22":"taxable","23":"shipping-taxable","24":"purchasable","25":"product-type-variable","26":"wvs-archive-product-wrapper"},"acf":[],"yoast_head":"<!-- This site is optimized with the Yoast SEO plugin v26.8 - https:\/\/yoast.com\/product\/yoast-seo-wordpress\/ -->\n<title>Montura Seed vest femme - gilet pour femme- MioMioRun<\/title>\n<meta name=\"description\" content=\"Gilet Seed femme chaud, coupe-vent et d\u00e9perlant : id\u00e9al pour le trekking et l&#039;escalade. D\u00e9couvrez beaucoup plus sur notre site web\" \/>\n<meta name=\"robots\" content=\"index, follow, max-snippet:-1, max-image-preview:large, max-video-preview:-1\" \/>\n<link rel=\"canonical\" href=\"https:\/\/www.miomiorun.com\/fr\/produit\/seed-vest-femme\/\" \/>\n<meta property=\"og:locale\" content=\"fr_FR\" \/>\n<meta property=\"og:type\" content=\"article\" \/>\n<meta property=\"og:title\" content=\"Montura Seed vest femme - gilet pour femme- MioMioRun\" \/>\n<meta property=\"og:description\" content=\"Gilet Seed femme chaud, coupe-vent et d\u00e9perlant : id\u00e9al pour le trekking et l&#039;escalade. D\u00e9couvrez beaucoup plus sur notre site web\" \/>\n<meta property=\"og:url\" content=\"https:\/\/www.miomiorun.com\/fr\/produit\/seed-vest-femme\/\" \/>\n<meta property=\"og:site_name\" content=\"MioMioRun\" \/>\n<meta property=\"article:publisher\" content=\"https:\/\/www.facebook.com\/miomiorun\/\" \/>\n<meta property=\"article:modified_time\" content=\"2025-05-14T10:08:24+00:00\" \/>\n<meta property=\"og:image\" content=\"https:\/\/www.miomiorun.com\/app\/uploads\/2025\/02\/montura-Seed-vest-W-black-MVVW23W.90.webp\" \/>\n\t<meta property=\"og:image:width\" content=\"600\" \/>\n\t<meta property=\"og:image:height\" content=\"600\" \/>\n\t<meta property=\"og:image:type\" content=\"image\/webp\" \/>\n<meta name=\"twitter:card\" content=\"summary_large_image\" \/>\n<meta name=\"twitter:label1\" content=\"Est. reading time\" \/>\n\t<meta name=\"twitter:data1\" content=\"2 minutes\" \/>\n<script type=\"application\/ld+json\" class=\"yoast-schema-graph\">{\"@context\":\"https:\/\/schema.org\",\"@graph\":[{\"@type\":\"WebPage\",\"@id\":\"https:\/\/www.miomiorun.com\/fr\/produit\/seed-vest-femme\/\",\"url\":\"https:\/\/www.miomiorun.com\/fr\/produit\/seed-vest-femme\/\",\"name\":\"Montura Seed vest femme - gilet pour femme- MioMioRun\",\"isPartOf\":{\"@id\":\"https:\/\/www.miomiorun.com\/fr\/#website\"},\"primaryImageOfPage\":{\"@id\":\"https:\/\/www.miomiorun.com\/fr\/produit\/seed-vest-femme\/#primaryimage\"},\"image\":{\"@id\":\"https:\/\/www.miomiorun.com\/fr\/produit\/seed-vest-femme\/#primaryimage\"},\"thumbnailUrl\":\"https:\/\/www.miomiorun.com\/app\/uploads\/2025\/02\/montura-Seed-vest-W-black-MVVW23W.90.webp\",\"datePublished\":\"2025-02-24T16:19:36+00:00\",\"dateModified\":\"2025-05-14T10:08:24+00:00\",\"description\":\"Gilet Seed femme chaud, coupe-vent et d\u00e9perlant : id\u00e9al pour le trekking et l'escalade. D\u00e9couvrez beaucoup plus sur notre site web\",\"breadcrumb\":{\"@id\":\"https:\/\/www.miomiorun.com\/fr\/produit\/seed-vest-femme\/#breadcrumb\"},\"inLanguage\":\"fr-FR\",\"potentialAction\":[{\"@type\":\"ReadAction\",\"target\":[\"https:\/\/www.miomiorun.com\/fr\/produit\/seed-vest-femme\/\"]}]},{\"@type\":\"ImageObject\",\"inLanguage\":\"fr-FR\",\"@id\":\"https:\/\/www.miomiorun.com\/fr\/produit\/seed-vest-femme\/#primaryimage\",\"url\":\"https:\/\/www.miomiorun.com\/app\/uploads\/2025\/02\/montura-Seed-vest-W-black-MVVW23W.90.webp\",\"contentUrl\":\"https:\/\/www.miomiorun.com\/app\/uploads\/2025\/02\/montura-Seed-vest-W-black-MVVW23W.90.webp\",\"width\":600,\"height\":600,\"caption\":\"montura Seed vest W black MVVW23W.90\"},{\"@type\":\"BreadcrumbList\",\"@id\":\"https:\/\/www.miomiorun.com\/fr\/produit\/seed-vest-femme\/#breadcrumb\",\"itemListElement\":[{\"@type\":\"ListItem\",\"position\":1,\"name\":\"Home\",\"item\":\"https:\/\/www.miomiorun.com\/fr\/home-page\/\"},{\"@type\":\"ListItem\",\"position\":2,\"name\":\"Shop\",\"item\":\"https:\/\/www.miomiorun.com\/shop\/\"},{\"@type\":\"ListItem\",\"position\":3,\"name\":\"Seed vest femme\"}]},{\"@type\":\"WebSite\",\"@id\":\"https:\/\/www.miomiorun.com\/fr\/#website\",\"url\":\"https:\/\/www.miomiorun.com\/fr\/\",\"name\":\"MioMioRun\",\"description\":\"Boutique 100% running et trail\",\"publisher\":{\"@id\":\"https:\/\/www.miomiorun.com\/fr\/#organization\"},\"potentialAction\":[{\"@type\":\"SearchAction\",\"target\":{\"@type\":\"EntryPoint\",\"urlTemplate\":\"https:\/\/www.miomiorun.com\/fr\/?s={search_term_string}\"},\"query-input\":{\"@type\":\"PropertyValueSpecification\",\"valueRequired\":true,\"valueName\":\"search_term_string\"}}],\"inLanguage\":\"fr-FR\"},{\"@type\":\"Organization\",\"@id\":\"https:\/\/www.miomiorun.com\/fr\/#organization\",\"name\":\"MioMio Run\",\"url\":\"https:\/\/www.miomiorun.com\/fr\/\",\"logo\":{\"@type\":\"ImageObject\",\"inLanguage\":\"fr-FR\",\"@id\":\"https:\/\/www.miomiorun.com\/fr\/#\/schema\/logo\/image\/\",\"url\":\"https:\/\/www.miomiorun.com\/app\/uploads\/2019\/12\/logomio.png\",\"contentUrl\":\"https:\/\/www.miomiorun.com\/app\/uploads\/2019\/12\/logomio.png\",\"width\":115,\"height\":82,\"caption\":\"MioMio Run\"},\"image\":{\"@id\":\"https:\/\/www.miomiorun.com\/fr\/#\/schema\/logo\/image\/\"},\"sameAs\":[\"https:\/\/www.facebook.com\/miomiorun\/\",\"https:\/\/www.instagram.com\/miomiorun\/\"]}]}<\/script>\n<!-- \/ Yoast SEO plugin. -->","yoast_head_json":{"title":"Montura Seed vest femme - gilet pour femme- MioMioRun","description":"Gilet Seed femme chaud, coupe-vent et d\u00e9perlant : id\u00e9al pour le trekking et l'escalade. D\u00e9couvrez beaucoup plus sur notre site web","robots":{"index":"index","follow":"follow","max-snippet":"max-snippet:-1","max-image-preview":"max-image-preview:large","max-video-preview":"max-video-preview:-1"},"canonical":"https:\/\/www.miomiorun.com\/fr\/produit\/seed-vest-femme\/","og_locale":"fr_FR","og_type":"article","og_title":"Montura Seed vest femme - gilet pour femme- MioMioRun","og_description":"Gilet Seed femme chaud, coupe-vent et d\u00e9perlant : id\u00e9al pour le trekking et l'escalade. D\u00e9couvrez beaucoup plus sur notre site web","og_url":"https:\/\/www.miomiorun.com\/fr\/produit\/seed-vest-femme\/","og_site_name":"MioMioRun","article_publisher":"https:\/\/www.facebook.com\/miomiorun\/","article_modified_time":"2025-05-14T10:08:24+00:00","og_image":[{"width":600,"height":600,"url":"https:\/\/www.miomiorun.com\/app\/uploads\/2025\/02\/montura-Seed-vest-W-black-MVVW23W.90.webp","type":"image\/webp"}],"twitter_card":"summary_large_image","twitter_misc":{"Est. reading time":"2 minutes"},"schema":{"@context":"https:\/\/schema.org","@graph":[{"@type":"WebPage","@id":"https:\/\/www.miomiorun.com\/fr\/produit\/seed-vest-femme\/","url":"https:\/\/www.miomiorun.com\/fr\/produit\/seed-vest-femme\/","name":"Montura Seed vest femme - gilet pour femme- MioMioRun","isPartOf":{"@id":"https:\/\/www.miomiorun.com\/fr\/#website"},"primaryImageOfPage":{"@id":"https:\/\/www.miomiorun.com\/fr\/produit\/seed-vest-femme\/#primaryimage"},"image":{"@id":"https:\/\/www.miomiorun.com\/fr\/produit\/seed-vest-femme\/#primaryimage"},"thumbnailUrl":"https:\/\/www.miomiorun.com\/app\/uploads\/2025\/02\/montura-Seed-vest-W-black-MVVW23W.90.webp","datePublished":"2025-02-24T16:19:36+00:00","dateModified":"2025-05-14T10:08:24+00:00","description":"Gilet Seed femme chaud, coupe-vent et d\u00e9perlant : id\u00e9al pour le trekking et l'escalade. D\u00e9couvrez beaucoup plus sur notre site web","breadcrumb":{"@id":"https:\/\/www.miomiorun.com\/fr\/produit\/seed-vest-femme\/#breadcrumb"},"inLanguage":"fr-FR","potentialAction":[{"@type":"ReadAction","target":["https:\/\/www.miomiorun.com\/fr\/produit\/seed-vest-femme\/"]}]},{"@type":"ImageObject","inLanguage":"fr-FR","@id":"https:\/\/www.miomiorun.com\/fr\/produit\/seed-vest-femme\/#primaryimage","url":"https:\/\/www.miomiorun.com\/app\/uploads\/2025\/02\/montura-Seed-vest-W-black-MVVW23W.90.webp","contentUrl":"https:\/\/www.miomiorun.com\/app\/uploads\/2025\/02\/montura-Seed-vest-W-black-MVVW23W.90.webp","width":600,"height":600,"caption":"montura Seed vest W black MVVW23W.90"},{"@type":"BreadcrumbList","@id":"https:\/\/www.miomiorun.com\/fr\/produit\/seed-vest-femme\/#breadcrumb","itemListElement":[{"@type":"ListItem","position":1,"name":"Home","item":"https:\/\/www.miomiorun.com\/fr\/home-page\/"},{"@type":"ListItem","position":2,"name":"Shop","item":"https:\/\/www.miomiorun.com\/shop\/"},{"@type":"ListItem","position":3,"name":"Seed vest femme"}]},{"@type":"WebSite","@id":"https:\/\/www.miomiorun.com\/fr\/#website","url":"https:\/\/www.miomiorun.com\/fr\/","name":"MioMioRun","description":"Boutique 100% running et trail","publisher":{"@id":"https:\/\/www.miomiorun.com\/fr\/#organization"},"potentialAction":[{"@type":"SearchAction","target":{"@type":"EntryPoint","urlTemplate":"https:\/\/www.miomiorun.com\/fr\/?s={search_term_string}"},"query-input":{"@type":"PropertyValueSpecification","valueRequired":true,"valueName":"search_term_string"}}],"inLanguage":"fr-FR"},{"@type":"Organization","@id":"https:\/\/www.miomiorun.com\/fr\/#organization","name":"MioMio Run","url":"https:\/\/www.miomiorun.com\/fr\/","logo":{"@type":"ImageObject","inLanguage":"fr-FR","@id":"https:\/\/www.miomiorun.com\/fr\/#\/schema\/logo\/image\/","url":"https:\/\/www.miomiorun.com\/app\/uploads\/2019\/12\/logomio.png","contentUrl":"https:\/\/www.miomiorun.com\/app\/uploads\/2019\/12\/logomio.png","width":115,"height":82,"caption":"MioMio Run"},"image":{"@id":"https:\/\/www.miomiorun.com\/fr\/#\/schema\/logo\/image\/"},"sameAs":["https:\/\/www.facebook.com\/miomiorun\/","https:\/\/www.instagram.com\/miomiorun\/"]}]}},"_links":{"self":[{"href":"https:\/\/www.miomiorun.com\/fr\/wp-json\/wp\/v2\/product\/299467","targetHints":{"allow":["GET"]}}],"collection":[{"href":"https:\/\/www.miomiorun.com\/fr\/wp-json\/wp\/v2\/product"}],"about":[{"href":"https:\/\/www.miomiorun.com\/fr\/wp-json\/wp\/v2\/types\/product"}],"wp:featuredmedia":[{"embeddable":true,"href":"https:\/\/www.miomiorun.com\/fr\/wp-json\/wp\/v2\/media\/259026"}],"wp:attachment":[{"href":"https:\/\/www.miomiorun.com\/fr\/wp-json\/wp\/v2\/media?parent=299467"}],"wp:term":[{"taxonomy":"product_brand","embeddable":true,"href":"https:\/\/www.miomiorun.com\/fr\/wp-json\/wp\/v2\/product_brand?post=299467"},{"taxonomy":"product_cat","embeddable":true,"href":"https:\/\/www.miomiorun.com\/fr\/wp-json\/wp\/v2\/product_cat?post=299467"},{"taxonomy":"product_tag","embeddable":true,"href":"https:\/\/www.miomiorun.com\/fr\/wp-json\/wp\/v2\/product_tag?post=299467"}],"curies":[{"name":"wp","href":"https:\/\/api.w.org\/{rel}","templated":true}]}}