{"id":299459,"date":"2025-02-25T10:21:19","date_gmt":"2025-02-25T09:21:19","guid":{"rendered":"https:\/\/miomiorun.com\/prodotto\/rise-bermuda-uomo\/"},"modified":"2025-05-14T12:10:08","modified_gmt":"2025-05-14T10:10:08","slug":"rise-bermuda-homme","status":"publish","type":"product","link":"https:\/\/www.miomiorun.com\/fr\/produit\/rise-bermuda-homme\/","title":{"rendered":"Rise bermuda homme"},"content":{"rendered":"<p>Le bermuda pour homme Rise de Montura est le choix id\u00e9al pour les activit\u00e9s de plein air par temps chaud. Fabriqu\u00e9 en nylon extensible dans les 4 sens, ce bermuda est l\u00e9ger, extensible et offre une libert\u00e9 de mouvement totale, parfaite pour les sports d&#8217;endurance et les randonn\u00e9es en tout confort. Le traitement DWR sans PFAS conf\u00e8re au tissu une grande durabilit\u00e9, vous prot\u00e9geant des pluies l\u00e9g\u00e8res et vous gardant au sec m\u00eame lorsque le temps est incertain.<\/p>\n<p>La taille \u00e9lastiqu\u00e9e avec syst\u00e8me de traction garantit un ajustement parfait et permet d&#8217;enfiler et d&#8217;enlever facilement le short. Les poches ouvertes pour les mains, la poche arri\u00e8re et la poche lat\u00e9rale zipp\u00e9e offrent suffisamment d&#8217;espace pour vos petits objets et vous permettent de tout garder \u00e0 port\u00e9e de main.<\/p>\n<p>L\u00e9ger et fonctionnel, le bermuda Rise est id\u00e9al pour un large \u00e9ventail d&#8217;activit\u00e9s de plein air telles que la randonn\u00e9e, la course \u00e0 pied, le fitness ou la promenade. Ne pesant que 130 g, ce bermuda vous accompagne dans le confort et la fra\u00eecheur tout au long de la journ\u00e9e, m\u00eame pendant les chaudes journ\u00e9es d&#8217;\u00e9t\u00e9.<\/p>\n<p>Parfait pour toute aventure en plein air !<\/p>\n<p>&nbsp;<\/p>\n<div class=\"content__image-wrapper tw-w-fit\">\n<div class=\"content__image tw-relative tw-w-[3.2rem]\"><img loading=\"lazy\" decoding=\"async\" class=\"tw-absolute tw-top-0 tw-left-0 tw-w-full tw-h-full\" src=\"https:\/\/www.montura.com\/cdn\/shop\/files\/004_Breathable_Black.svg?v=1709125473&amp;width=200\" srcset=\"\/\/www.montura.com\/cdn\/shop\/files\/004_Breathable_Black.svg?v=1709125473&amp;width=200 200w\" alt=\"\" width=\"83\" height=\"83\" \/><\/div>\n<\/div>\n<h3 class=\"tw-text-s tw-pt-[1.2rem] tw-pb-[0.4rem] tw-font-medium\">Respirant<\/h3>\n<div class=\"content__image-wrapper tw-w-fit\">\n<div class=\"content__image tw-relative tw-w-[3.2rem]\"><img loading=\"lazy\" decoding=\"async\" class=\"tw-absolute tw-top-0 tw-left-0 tw-w-full tw-h-full\" src=\"https:\/\/www.montura.com\/cdn\/shop\/files\/002_WaterResistantDWR_Black.svg?v=1709125500&amp;width=200\" srcset=\"\/\/www.montura.com\/cdn\/shop\/files\/002_WaterResistantDWR_Black.svg?v=1709125500&amp;width=200 200w\" alt=\"\" width=\"80\" height=\"80\" \/><\/div>\n<\/div>\n<h3 class=\"tw-text-s tw-pt-[1.2rem] tw-pb-[0.4rem] tw-font-medium\">D\u00e9perlant (DWR)<\/h3>\n","protected":false},"excerpt":{"rendered":"<ul>\n<li>l\u00e9ger et \u00e9lastique<\/li>\n<li>parfait pour les sports d&#8217;endurance en \u00e9t\u00e9<\/li>\n<li>hydrofuge<\/li>\n<\/ul>\n","protected":false},"featured_media":259041,"template":"","meta":{"_acf_changed":false,"inline_featured_image":false},"product_brand":[],"product_cat":[24477,24482],"product_tag":[23512,23524],"class_list":{"0":"post-299459","1":"product","2":"type-product","3":"status-publish","4":"has-post-thumbnail","6":"product_cat-pantalon-court-fr-3","7":"product_cat-vetements-pour-hommes-fr","8":"product_tag-montura-fr","9":"product_tag-montura-homme","10":"pa_attivita-marcher","11":"pa_attivita-outdoor-fr","12":"pa_colore-rise-bermuda-antracite-fr","13":"pa_marca-montura-fr","14":"pa_sesso-homme","15":"pa_size-medium-fr","16":"pa_size-large-fr","18":"first","19":"instock","20":"sale","21":"taxable","22":"shipping-taxable","23":"purchasable","24":"product-type-variable","25":"wvs-archive-product-wrapper"},"acf":[],"yoast_head":"<!-- This site is optimized with the Yoast SEO plugin v26.8 - https:\/\/yoast.com\/product\/yoast-seo-wordpress\/ -->\n<title>Montura Rise bermuda homme - Bermuda pour homme - MioMioRun<\/title>\n<meta name=\"description\" content=\"Le bermuda Montura Rise pour homme est l\u00e9ger, extensible et durable. Il est id\u00e9al pour les activit\u00e9s estivales en plein air gr\u00e2ce \u00e0 ses poches pratiques et \u00e0 sa l\u00e9g\u00e8re protection contre la pluie.\" \/>\n<meta name=\"robots\" content=\"index, follow, max-snippet:-1, max-image-preview:large, max-video-preview:-1\" \/>\n<link rel=\"canonical\" href=\"https:\/\/www.miomiorun.com\/fr\/produit\/rise-bermuda-homme\/\" \/>\n<meta property=\"og:locale\" content=\"fr_FR\" \/>\n<meta property=\"og:type\" content=\"article\" \/>\n<meta property=\"og:title\" content=\"Montura Rise bermuda homme - Bermuda pour homme - MioMioRun\" \/>\n<meta property=\"og:description\" content=\"Le bermuda Montura Rise pour homme est l\u00e9ger, extensible et durable. Il est id\u00e9al pour les activit\u00e9s estivales en plein air gr\u00e2ce \u00e0 ses poches pratiques et \u00e0 sa l\u00e9g\u00e8re protection contre la pluie.\" \/>\n<meta property=\"og:url\" content=\"https:\/\/www.miomiorun.com\/fr\/produit\/rise-bermuda-homme\/\" \/>\n<meta property=\"og:site_name\" content=\"MioMioRun\" \/>\n<meta property=\"article:publisher\" content=\"https:\/\/www.facebook.com\/miomiorun\/\" \/>\n<meta property=\"article:modified_time\" content=\"2025-05-14T10:10:08+00:00\" \/>\n<meta property=\"og:image\" content=\"https:\/\/www.miomiorun.com\/app\/uploads\/2025\/02\/montura-Rise-bermuda-verde-salvia-sunny-lime-MPBR81X.49202.webp\" \/>\n\t<meta property=\"og:image:width\" content=\"600\" \/>\n\t<meta property=\"og:image:height\" content=\"600\" \/>\n\t<meta property=\"og:image:type\" content=\"image\/webp\" \/>\n<meta name=\"twitter:card\" content=\"summary_large_image\" \/>\n<meta name=\"twitter:label1\" content=\"Est. reading time\" \/>\n\t<meta name=\"twitter:data1\" content=\"1 minute\" \/>\n<script type=\"application\/ld+json\" class=\"yoast-schema-graph\">{\"@context\":\"https:\/\/schema.org\",\"@graph\":[{\"@type\":\"WebPage\",\"@id\":\"https:\/\/www.miomiorun.com\/fr\/produit\/rise-bermuda-homme\/\",\"url\":\"https:\/\/www.miomiorun.com\/fr\/produit\/rise-bermuda-homme\/\",\"name\":\"Montura Rise bermuda homme - Bermuda pour homme - MioMioRun\",\"isPartOf\":{\"@id\":\"https:\/\/www.miomiorun.com\/fr\/#website\"},\"primaryImageOfPage\":{\"@id\":\"https:\/\/www.miomiorun.com\/fr\/produit\/rise-bermuda-homme\/#primaryimage\"},\"image\":{\"@id\":\"https:\/\/www.miomiorun.com\/fr\/produit\/rise-bermuda-homme\/#primaryimage\"},\"thumbnailUrl\":\"https:\/\/www.miomiorun.com\/app\/uploads\/2025\/02\/montura-Rise-bermuda-verde-salvia-sunny-lime-MPBR81X.49202.webp\",\"datePublished\":\"2025-02-25T09:21:19+00:00\",\"dateModified\":\"2025-05-14T10:10:08+00:00\",\"description\":\"Le bermuda Montura Rise pour homme est l\u00e9ger, extensible et durable. Il est id\u00e9al pour les activit\u00e9s estivales en plein air gr\u00e2ce \u00e0 ses poches pratiques et \u00e0 sa l\u00e9g\u00e8re protection contre la pluie.\",\"breadcrumb\":{\"@id\":\"https:\/\/www.miomiorun.com\/fr\/produit\/rise-bermuda-homme\/#breadcrumb\"},\"inLanguage\":\"fr-FR\",\"potentialAction\":[{\"@type\":\"ReadAction\",\"target\":[\"https:\/\/www.miomiorun.com\/fr\/produit\/rise-bermuda-homme\/\"]}]},{\"@type\":\"ImageObject\",\"inLanguage\":\"fr-FR\",\"@id\":\"https:\/\/www.miomiorun.com\/fr\/produit\/rise-bermuda-homme\/#primaryimage\",\"url\":\"https:\/\/www.miomiorun.com\/app\/uploads\/2025\/02\/montura-Rise-bermuda-verde-salvia-sunny-lime-MPBR81X.49202.webp\",\"contentUrl\":\"https:\/\/www.miomiorun.com\/app\/uploads\/2025\/02\/montura-Rise-bermuda-verde-salvia-sunny-lime-MPBR81X.49202.webp\",\"width\":600,\"height\":600,\"caption\":\"montura Rise bermuda verde salvia sunny lime MPBR81X.49202\"},{\"@type\":\"BreadcrumbList\",\"@id\":\"https:\/\/www.miomiorun.com\/fr\/produit\/rise-bermuda-homme\/#breadcrumb\",\"itemListElement\":[{\"@type\":\"ListItem\",\"position\":1,\"name\":\"Home\",\"item\":\"https:\/\/www.miomiorun.com\/fr\/home-page\/\"},{\"@type\":\"ListItem\",\"position\":2,\"name\":\"Shop\",\"item\":\"https:\/\/www.miomiorun.com\/shop\/\"},{\"@type\":\"ListItem\",\"position\":3,\"name\":\"Rise bermuda homme\"}]},{\"@type\":\"WebSite\",\"@id\":\"https:\/\/www.miomiorun.com\/fr\/#website\",\"url\":\"https:\/\/www.miomiorun.com\/fr\/\",\"name\":\"MioMioRun\",\"description\":\"Boutique 100% running et trail\",\"publisher\":{\"@id\":\"https:\/\/www.miomiorun.com\/fr\/#organization\"},\"potentialAction\":[{\"@type\":\"SearchAction\",\"target\":{\"@type\":\"EntryPoint\",\"urlTemplate\":\"https:\/\/www.miomiorun.com\/fr\/?s={search_term_string}\"},\"query-input\":{\"@type\":\"PropertyValueSpecification\",\"valueRequired\":true,\"valueName\":\"search_term_string\"}}],\"inLanguage\":\"fr-FR\"},{\"@type\":\"Organization\",\"@id\":\"https:\/\/www.miomiorun.com\/fr\/#organization\",\"name\":\"MioMio Run\",\"url\":\"https:\/\/www.miomiorun.com\/fr\/\",\"logo\":{\"@type\":\"ImageObject\",\"inLanguage\":\"fr-FR\",\"@id\":\"https:\/\/www.miomiorun.com\/fr\/#\/schema\/logo\/image\/\",\"url\":\"https:\/\/www.miomiorun.com\/app\/uploads\/2019\/12\/logomio.png\",\"contentUrl\":\"https:\/\/www.miomiorun.com\/app\/uploads\/2019\/12\/logomio.png\",\"width\":115,\"height\":82,\"caption\":\"MioMio Run\"},\"image\":{\"@id\":\"https:\/\/www.miomiorun.com\/fr\/#\/schema\/logo\/image\/\"},\"sameAs\":[\"https:\/\/www.facebook.com\/miomiorun\/\",\"https:\/\/www.instagram.com\/miomiorun\/\"]}]}<\/script>\n<!-- \/ Yoast SEO plugin. -->","yoast_head_json":{"title":"Montura Rise bermuda homme - Bermuda pour homme - MioMioRun","description":"Le bermuda Montura Rise pour homme est l\u00e9ger, extensible et durable. Il est id\u00e9al pour les activit\u00e9s estivales en plein air gr\u00e2ce \u00e0 ses poches pratiques et \u00e0 sa l\u00e9g\u00e8re protection contre la pluie.","robots":{"index":"index","follow":"follow","max-snippet":"max-snippet:-1","max-image-preview":"max-image-preview:large","max-video-preview":"max-video-preview:-1"},"canonical":"https:\/\/www.miomiorun.com\/fr\/produit\/rise-bermuda-homme\/","og_locale":"fr_FR","og_type":"article","og_title":"Montura Rise bermuda homme - Bermuda pour homme - MioMioRun","og_description":"Le bermuda Montura Rise pour homme est l\u00e9ger, extensible et durable. Il est id\u00e9al pour les activit\u00e9s estivales en plein air gr\u00e2ce \u00e0 ses poches pratiques et \u00e0 sa l\u00e9g\u00e8re protection contre la pluie.","og_url":"https:\/\/www.miomiorun.com\/fr\/produit\/rise-bermuda-homme\/","og_site_name":"MioMioRun","article_publisher":"https:\/\/www.facebook.com\/miomiorun\/","article_modified_time":"2025-05-14T10:10:08+00:00","og_image":[{"width":600,"height":600,"url":"https:\/\/www.miomiorun.com\/app\/uploads\/2025\/02\/montura-Rise-bermuda-verde-salvia-sunny-lime-MPBR81X.49202.webp","type":"image\/webp"}],"twitter_card":"summary_large_image","twitter_misc":{"Est. reading time":"1 minute"},"schema":{"@context":"https:\/\/schema.org","@graph":[{"@type":"WebPage","@id":"https:\/\/www.miomiorun.com\/fr\/produit\/rise-bermuda-homme\/","url":"https:\/\/www.miomiorun.com\/fr\/produit\/rise-bermuda-homme\/","name":"Montura Rise bermuda homme - Bermuda pour homme - MioMioRun","isPartOf":{"@id":"https:\/\/www.miomiorun.com\/fr\/#website"},"primaryImageOfPage":{"@id":"https:\/\/www.miomiorun.com\/fr\/produit\/rise-bermuda-homme\/#primaryimage"},"image":{"@id":"https:\/\/www.miomiorun.com\/fr\/produit\/rise-bermuda-homme\/#primaryimage"},"thumbnailUrl":"https:\/\/www.miomiorun.com\/app\/uploads\/2025\/02\/montura-Rise-bermuda-verde-salvia-sunny-lime-MPBR81X.49202.webp","datePublished":"2025-02-25T09:21:19+00:00","dateModified":"2025-05-14T10:10:08+00:00","description":"Le bermuda Montura Rise pour homme est l\u00e9ger, extensible et durable. Il est id\u00e9al pour les activit\u00e9s estivales en plein air gr\u00e2ce \u00e0 ses poches pratiques et \u00e0 sa l\u00e9g\u00e8re protection contre la pluie.","breadcrumb":{"@id":"https:\/\/www.miomiorun.com\/fr\/produit\/rise-bermuda-homme\/#breadcrumb"},"inLanguage":"fr-FR","potentialAction":[{"@type":"ReadAction","target":["https:\/\/www.miomiorun.com\/fr\/produit\/rise-bermuda-homme\/"]}]},{"@type":"ImageObject","inLanguage":"fr-FR","@id":"https:\/\/www.miomiorun.com\/fr\/produit\/rise-bermuda-homme\/#primaryimage","url":"https:\/\/www.miomiorun.com\/app\/uploads\/2025\/02\/montura-Rise-bermuda-verde-salvia-sunny-lime-MPBR81X.49202.webp","contentUrl":"https:\/\/www.miomiorun.com\/app\/uploads\/2025\/02\/montura-Rise-bermuda-verde-salvia-sunny-lime-MPBR81X.49202.webp","width":600,"height":600,"caption":"montura Rise bermuda verde salvia sunny lime MPBR81X.49202"},{"@type":"BreadcrumbList","@id":"https:\/\/www.miomiorun.com\/fr\/produit\/rise-bermuda-homme\/#breadcrumb","itemListElement":[{"@type":"ListItem","position":1,"name":"Home","item":"https:\/\/www.miomiorun.com\/fr\/home-page\/"},{"@type":"ListItem","position":2,"name":"Shop","item":"https:\/\/www.miomiorun.com\/shop\/"},{"@type":"ListItem","position":3,"name":"Rise bermuda homme"}]},{"@type":"WebSite","@id":"https:\/\/www.miomiorun.com\/fr\/#website","url":"https:\/\/www.miomiorun.com\/fr\/","name":"MioMioRun","description":"Boutique 100% running et trail","publisher":{"@id":"https:\/\/www.miomiorun.com\/fr\/#organization"},"potentialAction":[{"@type":"SearchAction","target":{"@type":"EntryPoint","urlTemplate":"https:\/\/www.miomiorun.com\/fr\/?s={search_term_string}"},"query-input":{"@type":"PropertyValueSpecification","valueRequired":true,"valueName":"search_term_string"}}],"inLanguage":"fr-FR"},{"@type":"Organization","@id":"https:\/\/www.miomiorun.com\/fr\/#organization","name":"MioMio Run","url":"https:\/\/www.miomiorun.com\/fr\/","logo":{"@type":"ImageObject","inLanguage":"fr-FR","@id":"https:\/\/www.miomiorun.com\/fr\/#\/schema\/logo\/image\/","url":"https:\/\/www.miomiorun.com\/app\/uploads\/2019\/12\/logomio.png","contentUrl":"https:\/\/www.miomiorun.com\/app\/uploads\/2019\/12\/logomio.png","width":115,"height":82,"caption":"MioMio Run"},"image":{"@id":"https:\/\/www.miomiorun.com\/fr\/#\/schema\/logo\/image\/"},"sameAs":["https:\/\/www.facebook.com\/miomiorun\/","https:\/\/www.instagram.com\/miomiorun\/"]}]}},"_links":{"self":[{"href":"https:\/\/www.miomiorun.com\/fr\/wp-json\/wp\/v2\/product\/299459","targetHints":{"allow":["GET"]}}],"collection":[{"href":"https:\/\/www.miomiorun.com\/fr\/wp-json\/wp\/v2\/product"}],"about":[{"href":"https:\/\/www.miomiorun.com\/fr\/wp-json\/wp\/v2\/types\/product"}],"wp:featuredmedia":[{"embeddable":true,"href":"https:\/\/www.miomiorun.com\/fr\/wp-json\/wp\/v2\/media\/259041"}],"wp:attachment":[{"href":"https:\/\/www.miomiorun.com\/fr\/wp-json\/wp\/v2\/media?parent=299459"}],"wp:term":[{"taxonomy":"product_brand","embeddable":true,"href":"https:\/\/www.miomiorun.com\/fr\/wp-json\/wp\/v2\/product_brand?post=299459"},{"taxonomy":"product_cat","embeddable":true,"href":"https:\/\/www.miomiorun.com\/fr\/wp-json\/wp\/v2\/product_cat?post=299459"},{"taxonomy":"product_tag","embeddable":true,"href":"https:\/\/www.miomiorun.com\/fr\/wp-json\/wp\/v2\/product_tag?post=299459"}],"curies":[{"name":"wp","href":"https:\/\/api.w.org\/{rel}","templated":true}]}}