{"id":299421,"date":"2025-02-25T11:55:12","date_gmt":"2025-02-25T10:55:12","guid":{"rendered":"https:\/\/miomiorun.com\/prodotto\/kaha-3-low-gtx-donna\/"},"modified":"2026-05-08T22:31:37","modified_gmt":"2026-05-08T20:31:37","slug":"kaha-3-low-gtx-femme","status":"publish","type":"product","link":"https:\/\/www.miomiorun.com\/fr\/produit\/kaha-3-low-gtx-femme\/","title":{"rendered":"Kaha 3 Low GTX femme"},"content":{"rendered":"<div class=\"vc-row container\"><div class=\"vc-column\"><div class=\"vc-column-text\"><\/p>\n<p><strong>Caract\u00e9ristiques techniques<\/strong><\/p>\n<p>Cat\u00e9gorie : amorti sup\u00e9rieur<br \/>\nD\u00e9calage : 7 mm<br \/>\nPoids : 394 g<br \/>\nId\u00e9al pour : randonneurs en montagne, \u00e0 la recherche d&#8217;un mod\u00e8le structur\u00e9 mais bien amorti et protecteur, capable de transmettre un maximum de confort sur de longues distances.<br \/>\nPoids de l&#8217;athl\u00e8te : 70-90 kg<br \/>\nAllure de course : moyenne-lente (6.00-7.00 min\/km<a href=\"https:\/\/miomiorun.com\/fr\/guide-des-specificites\/\">)<\/a><br \/>\n<a href=\"https:\/\/miomiorun.com\/fr\/guide-des-specificites\/\">Guide des sp\u00e9cifications<\/a><\/p>\n<p><\/div><div style=\"height:32px\" class=\"vc-empty-space\"><\/div><div class=\"vc-column-text\"><\/p>\n<p><div style=\"width: 1298px;\" class=\"wp-video\"><video class=\"wp-video-shortcode\" id=\"video-299421-1\" width=\"1298\" height=\"1200\" loop autoplay preload=\"metadata\" controls=\"controls\"><source type=\"video\/webm\" src=\"https:\/\/miomiorun.com\/wp-content\/uploads\/2025\/02\/kaha-3-video.webm?_=1\" \/><a href=\"https:\/\/miomiorun.com\/wp-content\/uploads\/2025\/02\/kaha-3-video.webm\">https:\/\/miomiorun.com\/wp-content\/uploads\/2025\/02\/kaha-3-video.webm<\/a><\/video><\/div><\/p>\n<p><\/div><\/div><div class=\"vc-column\"><div class=\"vc-column-text\">Si vous \u00eates un randonneur passionn\u00e9 et que vous recherchez une chaussure de randonn\u00e9e qui allie souplesse, durabilit\u00e9 et confort, la <strong>Kaha 3 Low GORE-TEX<\/strong> est faite pour vous. Parfaite pour les randonn\u00e9es d&#8217;une journ\u00e9e ou les aventures plus longues, cette chaussure est con\u00e7ue pour offrir un maximum de confort et de protection dans toutes les conditions m\u00e9t\u00e9orologiques.<\/p>\n<p>Son design innovant a \u00e9t\u00e9 perfectionn\u00e9 gr\u00e2ce \u00e0 la technologie <strong>GORE-TEX Invisible Fit<\/strong>, qui assure un ajustement plus confortable, gardant les pieds au sec m\u00eame dans les conditions les plus humides. La semelle int\u00e9rieure souple et la semelle interm\u00e9diaire en <strong>EVA de canne \u00e0 sucre \u00e0 double densit\u00e9<\/strong> offrent une \u00e9lasticit\u00e9 sup\u00e9rieure \u00e0 celle des mod\u00e8les pr\u00e9c\u00e9dents, ce qui r\u00e9duit la fatigue du pied pendant les longues marches.<\/p>\n<p>La <strong>Kaha 3 Low<\/strong> est dot\u00e9e d&#8217;un grand nombre de caract\u00e9ristiques avanc\u00e9es pour garantir des performances exceptionnelles : la <strong>semelle Vibram\u00ae Megagrip<\/strong> offre une traction d\u00e9cisive sur les terrains souples, tandis que le renforcement durable des orteils et le contrefort du talon qui soulage la pression vous prot\u00e8gent des d\u00e9bris et des obstacles sur le sentier. Gr\u00e2ce \u00e0 la <strong>conception monobloc<\/strong> de la semelle, la durabilit\u00e9 est consid\u00e9rablement accrue, tandis que le contrefort du talon et le renfort moul\u00e9 en TPU au niveau des orteils am\u00e9liorent la durabilit\u00e9 et la stabilit\u00e9.<\/p>\n<p>Fabriqu\u00e9e \u00e0 partir de mat\u00e9riaux durables, comme un <strong>tissu ext\u00e9rieur en polyester recycl\u00e9<\/strong> et une <strong>semelle int\u00e9rieure en PU bio-renouvelable<\/strong>, la chaussure Kaha 3 Low est un parfait \u00e9quilibre entre performance et respect de l&#8217;environnement. De plus, la <strong>semelle Vibram\u00ae Megagrip<\/strong> est con\u00e7ue pour une traction maximale gr\u00e2ce aux <strong>crampons de 4 mm<\/strong> et au <strong>Traction Lug<\/strong>.<\/p>\n<p>Avec son design \u00e9l\u00e9gant et ses am\u00e9liorations pour un ajustement parfait, la <strong>Kaha 3 Low GORE-TEX<\/strong> est pr\u00eate \u00e0 vous accompagner dans toutes vos aventures, qu&#8217;il s&#8217;agisse de randonn\u00e9es l\u00e9g\u00e8res ou de sentiers difficiles. Ce n&#8217;est pas seulement un alli\u00e9 id\u00e9al pour la randonn\u00e9e, mais aussi une chaussure confortable, durable et polyvalente pour tous les types de terrains et de conditions m\u00e9t\u00e9orologiques.<\/p>\n<div class=\"col-12 p-0 col-sm-3\"><img loading=\"lazy\" decoding=\"async\" class=\"\" src=\"https:\/\/www.hoka.com\/on\/demandware.static\/-\/Library-Sites-HOKA-EMEA-SHARED\/default\/dwb1edf833\/images\/landing\/2024\/kaha-3-gtx-pdp\/cushion.svg\" alt=\"\" width=\"83\" height=\"81\" \/><\/div>\n<div class=\"col-12 p-0 col-sm-3\">Semelle interm\u00e9diaire matelass\u00e9e<\/div>\n<div><\/div>\n<div class=\"col-12 p-0 col-sm-3\"><img loading=\"lazy\" decoding=\"async\" class=\"\" src=\"https:\/\/www.hoka.com\/on\/demandware.static\/-\/Library-Sites-HOKA-EMEA-SHARED\/default\/dwa65279cb\/images\/landing\/2024\/kaha-3-gtx-pdp\/metarocker.svg\" alt=\"\" width=\"105\" height=\"67\" \/><\/div>\n<div class=\"col-12 p-0 col-sm-3\">Fluide MetaRocker\u2122<\/div>\n<div><\/div>\n<div class=\"col-12 p-0 col-sm-3\"><img loading=\"lazy\" decoding=\"async\" class=\"\" src=\"https:\/\/www.hoka.com\/on\/demandware.static\/-\/Library-Sites-HOKA-EMEA-SHARED\/default\/dw3f34fdf7\/images\/landing\/2024\/kaha-3-gtx-pdp\/gore-tex.svg\" alt=\"\" width=\"84\" height=\"84\" \/><\/div>\n<div class=\"col-12 p-0 col-sm-3\">GORE-TEX Invisible Fit<\/div>\n<div><\/div>\n<div class=\"col-12 p-0 col-sm-3\"><img loading=\"lazy\" decoding=\"async\" class=\"\" src=\"https:\/\/www.hoka.com\/on\/demandware.static\/-\/Library-Sites-HOKA-EMEA-SHARED\/default\/dwfab44800\/images\/landing\/2024\/kaha-3-gtx-pdp\/vibram.svg\" alt=\"\" width=\"115\" height=\"63\" \/><\/div>\n<div class=\"col-12 p-0 col-sm-3\">Vibram\u00ae Megagrip<\/div>\n<p><\/div><\/div><\/div>\n","protected":false},"excerpt":{"rendered":"<ul>\n<li>Chaussure id\u00e9ale pour la randonn\u00e9e.<\/li>\n<li>Semelle Vibram\u00ae Megagrip avec crampon de traction.<\/li>\n<li>GORE-TEX<\/li>\n<\/ul>\n","protected":false},"featured_media":259102,"template":"","meta":{"_acf_changed":false,"inline_featured_image":false},"product_brand":[],"product_cat":[22605,22608],"product_tag":[23478,23494],"class_list":{"0":"post-299421","1":"product","2":"type-product","3":"status-publish","4":"has-post-thumbnail","6":"product_cat-chaussures-pour-femmes","7":"product_cat-trail-fr","8":"product_tag-hoka-one-one-fr","9":"product_tag-hoka-femme","10":"pa_attivita-outdoor-fr","11":"pa_colore-kaha-3-low-gtx-w-vanilla-mint-fluorite-fr","12":"pa_marca-hoka-fr","13":"pa_sesso-femme","14":"pa_size-38-fr","15":"pa_size-41-fr","16":"pa_size-42-fr","18":"first","19":"instock","20":"sale","21":"taxable","22":"shipping-taxable","23":"purchasable","24":"product-type-variable","25":"wvs-archive-product-wrapper"},"acf":[],"yoast_head":"<!-- This site is optimized with the Yoast SEO plugin v26.8 - https:\/\/yoast.com\/product\/yoast-seo-wordpress\/ -->\n<title>HokaKaha 3 Low GTX femme - chaussures de randonn\u00e9e- MioMioRun.com<\/title>\n<meta name=\"description\" content=\"La Kaha 3 Low GORE-TEX est une chaussure de trekking confortable, r\u00e9sistante et durable, id\u00e9ale pour les randonn\u00e9es en tout genre et par tous les temps.\" \/>\n<meta name=\"robots\" content=\"index, follow, max-snippet:-1, max-image-preview:large, max-video-preview:-1\" \/>\n<link rel=\"canonical\" href=\"https:\/\/www.miomiorun.com\/fr\/produit\/kaha-3-low-gtx-femme\/\" \/>\n<meta property=\"og:locale\" content=\"fr_FR\" \/>\n<meta property=\"og:type\" content=\"article\" \/>\n<meta property=\"og:title\" content=\"HokaKaha 3 Low GTX femme - chaussures de randonn\u00e9e- MioMioRun.com\" \/>\n<meta property=\"og:description\" content=\"La Kaha 3 Low GORE-TEX est une chaussure de trekking confortable, r\u00e9sistante et durable, id\u00e9ale pour les randonn\u00e9es en tout genre et par tous les temps.\" \/>\n<meta property=\"og:url\" content=\"https:\/\/www.miomiorun.com\/fr\/produit\/kaha-3-low-gtx-femme\/\" \/>\n<meta property=\"og:site_name\" content=\"MioMioRun\" \/>\n<meta property=\"article:publisher\" content=\"https:\/\/www.facebook.com\/miomiorun\/\" \/>\n<meta property=\"article:modified_time\" content=\"2026-05-08T20:31:37+00:00\" \/>\n<meta property=\"og:image\" content=\"https:\/\/www.miomiorun.com\/app\/uploads\/2025\/02\/hoka-Kaha-3-low-GTX-W-vanilla-mint-fluorite-1162533-VLM.webp\" \/>\n\t<meta property=\"og:image:width\" content=\"600\" \/>\n\t<meta property=\"og:image:height\" content=\"600\" \/>\n\t<meta property=\"og:image:type\" content=\"image\/webp\" \/>\n<meta name=\"twitter:card\" content=\"summary_large_image\" \/>\n<meta name=\"twitter:label1\" content=\"Est. reading time\" \/>\n\t<meta name=\"twitter:data1\" content=\"3 minutes\" \/>\n<script type=\"application\/ld+json\" class=\"yoast-schema-graph\">{\"@context\":\"https:\/\/schema.org\",\"@graph\":[{\"@type\":\"WebPage\",\"@id\":\"https:\/\/www.miomiorun.com\/fr\/produit\/kaha-3-low-gtx-femme\/\",\"url\":\"https:\/\/www.miomiorun.com\/fr\/produit\/kaha-3-low-gtx-femme\/\",\"name\":\"HokaKaha 3 Low GTX femme - chaussures de randonn\u00e9e- MioMioRun.com\",\"isPartOf\":{\"@id\":\"https:\/\/www.miomiorun.com\/fr\/#website\"},\"primaryImageOfPage\":{\"@id\":\"https:\/\/www.miomiorun.com\/fr\/produit\/kaha-3-low-gtx-femme\/#primaryimage\"},\"image\":{\"@id\":\"https:\/\/www.miomiorun.com\/fr\/produit\/kaha-3-low-gtx-femme\/#primaryimage\"},\"thumbnailUrl\":\"https:\/\/www.miomiorun.com\/app\/uploads\/2025\/02\/hoka-Kaha-3-low-GTX-W-vanilla-mint-fluorite-1162533-VLM.webp\",\"datePublished\":\"2025-02-25T10:55:12+00:00\",\"dateModified\":\"2026-05-08T20:31:37+00:00\",\"description\":\"La Kaha 3 Low GORE-TEX est une chaussure de trekking confortable, r\u00e9sistante et durable, id\u00e9ale pour les randonn\u00e9es en tout genre et par tous les temps.\",\"breadcrumb\":{\"@id\":\"https:\/\/www.miomiorun.com\/fr\/produit\/kaha-3-low-gtx-femme\/#breadcrumb\"},\"inLanguage\":\"fr-FR\",\"potentialAction\":[{\"@type\":\"ReadAction\",\"target\":[\"https:\/\/www.miomiorun.com\/fr\/produit\/kaha-3-low-gtx-femme\/\"]}]},{\"@type\":\"ImageObject\",\"inLanguage\":\"fr-FR\",\"@id\":\"https:\/\/www.miomiorun.com\/fr\/produit\/kaha-3-low-gtx-femme\/#primaryimage\",\"url\":\"https:\/\/www.miomiorun.com\/app\/uploads\/2025\/02\/hoka-Kaha-3-low-GTX-W-vanilla-mint-fluorite-1162533-VLM.webp\",\"contentUrl\":\"https:\/\/www.miomiorun.com\/app\/uploads\/2025\/02\/hoka-Kaha-3-low-GTX-W-vanilla-mint-fluorite-1162533-VLM.webp\",\"width\":600,\"height\":600,\"caption\":\"hoka Kaha 3 low GTX W vanilla mint fluorite 1162533 VLM\"},{\"@type\":\"BreadcrumbList\",\"@id\":\"https:\/\/www.miomiorun.com\/fr\/produit\/kaha-3-low-gtx-femme\/#breadcrumb\",\"itemListElement\":[{\"@type\":\"ListItem\",\"position\":1,\"name\":\"Home\",\"item\":\"https:\/\/www.miomiorun.com\/fr\/home-page\/\"},{\"@type\":\"ListItem\",\"position\":2,\"name\":\"Shop\",\"item\":\"https:\/\/www.miomiorun.com\/shop\/\"},{\"@type\":\"ListItem\",\"position\":3,\"name\":\"Kaha 3 Low GTX femme\"}]},{\"@type\":\"WebSite\",\"@id\":\"https:\/\/www.miomiorun.com\/fr\/#website\",\"url\":\"https:\/\/www.miomiorun.com\/fr\/\",\"name\":\"MioMioRun\",\"description\":\"Boutique 100% running et trail\",\"publisher\":{\"@id\":\"https:\/\/www.miomiorun.com\/fr\/#organization\"},\"potentialAction\":[{\"@type\":\"SearchAction\",\"target\":{\"@type\":\"EntryPoint\",\"urlTemplate\":\"https:\/\/www.miomiorun.com\/fr\/?s={search_term_string}\"},\"query-input\":{\"@type\":\"PropertyValueSpecification\",\"valueRequired\":true,\"valueName\":\"search_term_string\"}}],\"inLanguage\":\"fr-FR\"},{\"@type\":\"Organization\",\"@id\":\"https:\/\/www.miomiorun.com\/fr\/#organization\",\"name\":\"MioMio Run\",\"url\":\"https:\/\/www.miomiorun.com\/fr\/\",\"logo\":{\"@type\":\"ImageObject\",\"inLanguage\":\"fr-FR\",\"@id\":\"https:\/\/www.miomiorun.com\/fr\/#\/schema\/logo\/image\/\",\"url\":\"https:\/\/www.miomiorun.com\/app\/uploads\/2019\/12\/logomio.png\",\"contentUrl\":\"https:\/\/www.miomiorun.com\/app\/uploads\/2019\/12\/logomio.png\",\"width\":115,\"height\":82,\"caption\":\"MioMio Run\"},\"image\":{\"@id\":\"https:\/\/www.miomiorun.com\/fr\/#\/schema\/logo\/image\/\"},\"sameAs\":[\"https:\/\/www.facebook.com\/miomiorun\/\",\"https:\/\/www.instagram.com\/miomiorun\/\"]}]}<\/script>\n<!-- \/ Yoast SEO plugin. -->","yoast_head_json":{"title":"HokaKaha 3 Low GTX femme - chaussures de randonn\u00e9e- MioMioRun.com","description":"La Kaha 3 Low GORE-TEX est une chaussure de trekking confortable, r\u00e9sistante et durable, id\u00e9ale pour les randonn\u00e9es en tout genre et par tous les temps.","robots":{"index":"index","follow":"follow","max-snippet":"max-snippet:-1","max-image-preview":"max-image-preview:large","max-video-preview":"max-video-preview:-1"},"canonical":"https:\/\/www.miomiorun.com\/fr\/produit\/kaha-3-low-gtx-femme\/","og_locale":"fr_FR","og_type":"article","og_title":"HokaKaha 3 Low GTX femme - chaussures de randonn\u00e9e- MioMioRun.com","og_description":"La Kaha 3 Low GORE-TEX est une chaussure de trekking confortable, r\u00e9sistante et durable, id\u00e9ale pour les randonn\u00e9es en tout genre et par tous les temps.","og_url":"https:\/\/www.miomiorun.com\/fr\/produit\/kaha-3-low-gtx-femme\/","og_site_name":"MioMioRun","article_publisher":"https:\/\/www.facebook.com\/miomiorun\/","article_modified_time":"2026-05-08T20:31:37+00:00","og_image":[{"width":600,"height":600,"url":"https:\/\/www.miomiorun.com\/app\/uploads\/2025\/02\/hoka-Kaha-3-low-GTX-W-vanilla-mint-fluorite-1162533-VLM.webp","type":"image\/webp"}],"twitter_card":"summary_large_image","twitter_misc":{"Est. reading time":"3 minutes"},"schema":{"@context":"https:\/\/schema.org","@graph":[{"@type":"WebPage","@id":"https:\/\/www.miomiorun.com\/fr\/produit\/kaha-3-low-gtx-femme\/","url":"https:\/\/www.miomiorun.com\/fr\/produit\/kaha-3-low-gtx-femme\/","name":"HokaKaha 3 Low GTX femme - chaussures de randonn\u00e9e- MioMioRun.com","isPartOf":{"@id":"https:\/\/www.miomiorun.com\/fr\/#website"},"primaryImageOfPage":{"@id":"https:\/\/www.miomiorun.com\/fr\/produit\/kaha-3-low-gtx-femme\/#primaryimage"},"image":{"@id":"https:\/\/www.miomiorun.com\/fr\/produit\/kaha-3-low-gtx-femme\/#primaryimage"},"thumbnailUrl":"https:\/\/www.miomiorun.com\/app\/uploads\/2025\/02\/hoka-Kaha-3-low-GTX-W-vanilla-mint-fluorite-1162533-VLM.webp","datePublished":"2025-02-25T10:55:12+00:00","dateModified":"2026-05-08T20:31:37+00:00","description":"La Kaha 3 Low GORE-TEX est une chaussure de trekking confortable, r\u00e9sistante et durable, id\u00e9ale pour les randonn\u00e9es en tout genre et par tous les temps.","breadcrumb":{"@id":"https:\/\/www.miomiorun.com\/fr\/produit\/kaha-3-low-gtx-femme\/#breadcrumb"},"inLanguage":"fr-FR","potentialAction":[{"@type":"ReadAction","target":["https:\/\/www.miomiorun.com\/fr\/produit\/kaha-3-low-gtx-femme\/"]}]},{"@type":"ImageObject","inLanguage":"fr-FR","@id":"https:\/\/www.miomiorun.com\/fr\/produit\/kaha-3-low-gtx-femme\/#primaryimage","url":"https:\/\/www.miomiorun.com\/app\/uploads\/2025\/02\/hoka-Kaha-3-low-GTX-W-vanilla-mint-fluorite-1162533-VLM.webp","contentUrl":"https:\/\/www.miomiorun.com\/app\/uploads\/2025\/02\/hoka-Kaha-3-low-GTX-W-vanilla-mint-fluorite-1162533-VLM.webp","width":600,"height":600,"caption":"hoka Kaha 3 low GTX W vanilla mint fluorite 1162533 VLM"},{"@type":"BreadcrumbList","@id":"https:\/\/www.miomiorun.com\/fr\/produit\/kaha-3-low-gtx-femme\/#breadcrumb","itemListElement":[{"@type":"ListItem","position":1,"name":"Home","item":"https:\/\/www.miomiorun.com\/fr\/home-page\/"},{"@type":"ListItem","position":2,"name":"Shop","item":"https:\/\/www.miomiorun.com\/shop\/"},{"@type":"ListItem","position":3,"name":"Kaha 3 Low GTX femme"}]},{"@type":"WebSite","@id":"https:\/\/www.miomiorun.com\/fr\/#website","url":"https:\/\/www.miomiorun.com\/fr\/","name":"MioMioRun","description":"Boutique 100% running et trail","publisher":{"@id":"https:\/\/www.miomiorun.com\/fr\/#organization"},"potentialAction":[{"@type":"SearchAction","target":{"@type":"EntryPoint","urlTemplate":"https:\/\/www.miomiorun.com\/fr\/?s={search_term_string}"},"query-input":{"@type":"PropertyValueSpecification","valueRequired":true,"valueName":"search_term_string"}}],"inLanguage":"fr-FR"},{"@type":"Organization","@id":"https:\/\/www.miomiorun.com\/fr\/#organization","name":"MioMio Run","url":"https:\/\/www.miomiorun.com\/fr\/","logo":{"@type":"ImageObject","inLanguage":"fr-FR","@id":"https:\/\/www.miomiorun.com\/fr\/#\/schema\/logo\/image\/","url":"https:\/\/www.miomiorun.com\/app\/uploads\/2019\/12\/logomio.png","contentUrl":"https:\/\/www.miomiorun.com\/app\/uploads\/2019\/12\/logomio.png","width":115,"height":82,"caption":"MioMio Run"},"image":{"@id":"https:\/\/www.miomiorun.com\/fr\/#\/schema\/logo\/image\/"},"sameAs":["https:\/\/www.facebook.com\/miomiorun\/","https:\/\/www.instagram.com\/miomiorun\/"]}]}},"_links":{"self":[{"href":"https:\/\/www.miomiorun.com\/fr\/wp-json\/wp\/v2\/product\/299421","targetHints":{"allow":["GET"]}}],"collection":[{"href":"https:\/\/www.miomiorun.com\/fr\/wp-json\/wp\/v2\/product"}],"about":[{"href":"https:\/\/www.miomiorun.com\/fr\/wp-json\/wp\/v2\/types\/product"}],"wp:featuredmedia":[{"embeddable":true,"href":"https:\/\/www.miomiorun.com\/fr\/wp-json\/wp\/v2\/media\/259102"}],"wp:attachment":[{"href":"https:\/\/www.miomiorun.com\/fr\/wp-json\/wp\/v2\/media?parent=299421"}],"wp:term":[{"taxonomy":"product_brand","embeddable":true,"href":"https:\/\/www.miomiorun.com\/fr\/wp-json\/wp\/v2\/product_brand?post=299421"},{"taxonomy":"product_cat","embeddable":true,"href":"https:\/\/www.miomiorun.com\/fr\/wp-json\/wp\/v2\/product_cat?post=299421"},{"taxonomy":"product_tag","embeddable":true,"href":"https:\/\/www.miomiorun.com\/fr\/wp-json\/wp\/v2\/product_tag?post=299421"}],"curies":[{"name":"wp","href":"https:\/\/api.w.org\/{rel}","templated":true}]}}