{"id":299419,"date":"2025-02-27T10:07:34","date_gmt":"2025-02-27T09:07:34","guid":{"rendered":"https:\/\/miomiorun.com\/prodotto\/staffa-edge-frontale\/"},"modified":"2025-05-14T16:01:28","modified_gmt":"2025-05-14T14:01:28","slug":"support-front-edge","status":"publish","type":"product","link":"https:\/\/www.miomiorun.com\/fr\/produit\/support-front-edge\/","title":{"rendered":"Support Front Edge\u00ae"},"content":{"rendered":"<p>Restez en t\u00eate du peloton gr\u00e2ce \u00e0 ce support de guidon avant \u00e9tendu, qui vous permet de profiter de tous les avantages de votre Edge\u00ae compatible sans compromettre votre conduite \u00e0 v\u00e9lo. Ce support de bras \u00e9tendu vous permet de rester dans une position droite et confortable pour une surveillance plus facile et une s\u00e9curit\u00e9 accrue. Compatible avec les guidons de 25,4 mm, 26 mm, 31,8 mm et 35 mm et le support motoris\u00e9 Edge.<\/p>\n","protected":false},"excerpt":{"rendered":"<p>Restez en t\u00eate du peloton gr\u00e2ce \u00e0 ce support de guidon avant \u00e9tendu, qui vous permet de profiter de tous les avantages de votre Edge\u00ae compatible sans compromettre votre conduite \u00e0 v\u00e9lo. Ce support de bras \u00e9tendu vous permet de rester dans une position droite et confortable pour une surveillance plus facile et une s\u00e9curit\u00e9 &hellip; <a href=\"https:\/\/www.miomiorun.com\/fr\/produit\/support-front-edge\/\">Continued<\/a><\/p>\n","protected":false},"featured_media":265099,"template":"","meta":{"_acf_changed":false,"inline_featured_image":false},"product_brand":[],"product_cat":[22537,22566],"product_tag":[23480],"class_list":{"0":"post-299419","1":"product","2":"type-product","3":"status-publish","4":"has-post-thumbnail","6":"product_cat-garmin-fr","7":"product_cat-accessoires-fr","8":"product_tag-garmin-fr","9":"pa_marca-garmin-fr","10":"pa_sesso-femme","11":"pa_sesso-homme","13":"first","14":"instock","15":"sale","16":"taxable","17":"shipping-taxable","18":"purchasable","19":"product-type-simple"},"acf":[],"yoast_head":"<!-- This site is optimized with the Yoast SEO plugin v26.8 - https:\/\/yoast.com\/product\/yoast-seo-wordpress\/ -->\n<title>Garmin Support Front Edge\u00ae - accessoires pour v\u00e9los - MioMioRun<\/title>\n<meta name=\"description\" content=\"Restez en t\u00eate de peloton gr\u00e2ce \u00e0 ce support de guidon avant allong\u00e9, qui vous permet de profiter de tous les avantages de votre Edge.\" \/>\n<meta name=\"robots\" content=\"index, follow, max-snippet:-1, max-image-preview:large, max-video-preview:-1\" \/>\n<link rel=\"canonical\" href=\"https:\/\/www.miomiorun.com\/fr\/produit\/support-front-edge\/\" \/>\n<meta property=\"og:locale\" content=\"fr_FR\" \/>\n<meta property=\"og:type\" content=\"article\" \/>\n<meta property=\"og:title\" content=\"Garmin Support Front Edge\u00ae - accessoires pour v\u00e9los - MioMioRun\" \/>\n<meta property=\"og:description\" content=\"Restez en t\u00eate de peloton gr\u00e2ce \u00e0 ce support de guidon avant allong\u00e9, qui vous permet de profiter de tous les avantages de votre Edge.\" \/>\n<meta property=\"og:url\" content=\"https:\/\/www.miomiorun.com\/fr\/produit\/support-front-edge\/\" \/>\n<meta property=\"og:site_name\" content=\"MioMioRun\" \/>\n<meta property=\"article:publisher\" content=\"https:\/\/www.facebook.com\/miomiorun\/\" \/>\n<meta property=\"article:modified_time\" content=\"2025-05-14T14:01:28+00:00\" \/>\n<meta property=\"og:image\" content=\"https:\/\/www.miomiorun.com\/app\/uploads\/2025\/02\/garmin-Staffa-a-filo-frontale-010-13152-00.webp\" \/>\n\t<meta property=\"og:image:width\" content=\"600\" \/>\n\t<meta property=\"og:image:height\" content=\"600\" \/>\n\t<meta property=\"og:image:type\" content=\"image\/webp\" \/>\n<meta name=\"twitter:card\" content=\"summary_large_image\" \/>\n<script type=\"application\/ld+json\" class=\"yoast-schema-graph\">{\"@context\":\"https:\/\/schema.org\",\"@graph\":[{\"@type\":\"WebPage\",\"@id\":\"https:\/\/www.miomiorun.com\/fr\/produit\/support-front-edge\/\",\"url\":\"https:\/\/www.miomiorun.com\/fr\/produit\/support-front-edge\/\",\"name\":\"Garmin Support Front Edge\u00ae - accessoires pour v\u00e9los - MioMioRun\",\"isPartOf\":{\"@id\":\"https:\/\/www.miomiorun.com\/fr\/#website\"},\"primaryImageOfPage\":{\"@id\":\"https:\/\/www.miomiorun.com\/fr\/produit\/support-front-edge\/#primaryimage\"},\"image\":{\"@id\":\"https:\/\/www.miomiorun.com\/fr\/produit\/support-front-edge\/#primaryimage\"},\"thumbnailUrl\":\"https:\/\/www.miomiorun.com\/app\/uploads\/2025\/02\/garmin-Staffa-a-filo-frontale-010-13152-00.webp\",\"datePublished\":\"2025-02-27T09:07:34+00:00\",\"dateModified\":\"2025-05-14T14:01:28+00:00\",\"description\":\"Restez en t\u00eate de peloton gr\u00e2ce \u00e0 ce support de guidon avant allong\u00e9, qui vous permet de profiter de tous les avantages de votre Edge.\",\"breadcrumb\":{\"@id\":\"https:\/\/www.miomiorun.com\/fr\/produit\/support-front-edge\/#breadcrumb\"},\"inLanguage\":\"fr-FR\",\"potentialAction\":[{\"@type\":\"ReadAction\",\"target\":[\"https:\/\/www.miomiorun.com\/fr\/produit\/support-front-edge\/\"]}]},{\"@type\":\"ImageObject\",\"inLanguage\":\"fr-FR\",\"@id\":\"https:\/\/www.miomiorun.com\/fr\/produit\/support-front-edge\/#primaryimage\",\"url\":\"https:\/\/www.miomiorun.com\/app\/uploads\/2025\/02\/garmin-Staffa-a-filo-frontale-010-13152-00.webp\",\"contentUrl\":\"https:\/\/www.miomiorun.com\/app\/uploads\/2025\/02\/garmin-Staffa-a-filo-frontale-010-13152-00.webp\",\"width\":600,\"height\":600,\"caption\":\"garmin Staffa a filo frontale 010-13152-00\"},{\"@type\":\"BreadcrumbList\",\"@id\":\"https:\/\/www.miomiorun.com\/fr\/produit\/support-front-edge\/#breadcrumb\",\"itemListElement\":[{\"@type\":\"ListItem\",\"position\":1,\"name\":\"Home\",\"item\":\"https:\/\/www.miomiorun.com\/fr\/home-page\/\"},{\"@type\":\"ListItem\",\"position\":2,\"name\":\"Shop\",\"item\":\"https:\/\/www.miomiorun.com\/shop\/\"},{\"@type\":\"ListItem\",\"position\":3,\"name\":\"Support Front Edge\u00ae\"}]},{\"@type\":\"WebSite\",\"@id\":\"https:\/\/www.miomiorun.com\/fr\/#website\",\"url\":\"https:\/\/www.miomiorun.com\/fr\/\",\"name\":\"MioMioRun\",\"description\":\"Boutique 100% running et trail\",\"publisher\":{\"@id\":\"https:\/\/www.miomiorun.com\/fr\/#organization\"},\"potentialAction\":[{\"@type\":\"SearchAction\",\"target\":{\"@type\":\"EntryPoint\",\"urlTemplate\":\"https:\/\/www.miomiorun.com\/fr\/?s={search_term_string}\"},\"query-input\":{\"@type\":\"PropertyValueSpecification\",\"valueRequired\":true,\"valueName\":\"search_term_string\"}}],\"inLanguage\":\"fr-FR\"},{\"@type\":\"Organization\",\"@id\":\"https:\/\/www.miomiorun.com\/fr\/#organization\",\"name\":\"MioMio Run\",\"url\":\"https:\/\/www.miomiorun.com\/fr\/\",\"logo\":{\"@type\":\"ImageObject\",\"inLanguage\":\"fr-FR\",\"@id\":\"https:\/\/www.miomiorun.com\/fr\/#\/schema\/logo\/image\/\",\"url\":\"https:\/\/www.miomiorun.com\/app\/uploads\/2019\/12\/logomio.png\",\"contentUrl\":\"https:\/\/www.miomiorun.com\/app\/uploads\/2019\/12\/logomio.png\",\"width\":115,\"height\":82,\"caption\":\"MioMio Run\"},\"image\":{\"@id\":\"https:\/\/www.miomiorun.com\/fr\/#\/schema\/logo\/image\/\"},\"sameAs\":[\"https:\/\/www.facebook.com\/miomiorun\/\",\"https:\/\/www.instagram.com\/miomiorun\/\"]}]}<\/script>\n<!-- \/ Yoast SEO plugin. -->","yoast_head_json":{"title":"Garmin Support Front Edge\u00ae - accessoires pour v\u00e9los - MioMioRun","description":"Restez en t\u00eate de peloton gr\u00e2ce \u00e0 ce support de guidon avant allong\u00e9, qui vous permet de profiter de tous les avantages de votre Edge.","robots":{"index":"index","follow":"follow","max-snippet":"max-snippet:-1","max-image-preview":"max-image-preview:large","max-video-preview":"max-video-preview:-1"},"canonical":"https:\/\/www.miomiorun.com\/fr\/produit\/support-front-edge\/","og_locale":"fr_FR","og_type":"article","og_title":"Garmin Support Front Edge\u00ae - accessoires pour v\u00e9los - MioMioRun","og_description":"Restez en t\u00eate de peloton gr\u00e2ce \u00e0 ce support de guidon avant allong\u00e9, qui vous permet de profiter de tous les avantages de votre Edge.","og_url":"https:\/\/www.miomiorun.com\/fr\/produit\/support-front-edge\/","og_site_name":"MioMioRun","article_publisher":"https:\/\/www.facebook.com\/miomiorun\/","article_modified_time":"2025-05-14T14:01:28+00:00","og_image":[{"width":600,"height":600,"url":"https:\/\/www.miomiorun.com\/app\/uploads\/2025\/02\/garmin-Staffa-a-filo-frontale-010-13152-00.webp","type":"image\/webp"}],"twitter_card":"summary_large_image","schema":{"@context":"https:\/\/schema.org","@graph":[{"@type":"WebPage","@id":"https:\/\/www.miomiorun.com\/fr\/produit\/support-front-edge\/","url":"https:\/\/www.miomiorun.com\/fr\/produit\/support-front-edge\/","name":"Garmin Support Front Edge\u00ae - accessoires pour v\u00e9los - MioMioRun","isPartOf":{"@id":"https:\/\/www.miomiorun.com\/fr\/#website"},"primaryImageOfPage":{"@id":"https:\/\/www.miomiorun.com\/fr\/produit\/support-front-edge\/#primaryimage"},"image":{"@id":"https:\/\/www.miomiorun.com\/fr\/produit\/support-front-edge\/#primaryimage"},"thumbnailUrl":"https:\/\/www.miomiorun.com\/app\/uploads\/2025\/02\/garmin-Staffa-a-filo-frontale-010-13152-00.webp","datePublished":"2025-02-27T09:07:34+00:00","dateModified":"2025-05-14T14:01:28+00:00","description":"Restez en t\u00eate de peloton gr\u00e2ce \u00e0 ce support de guidon avant allong\u00e9, qui vous permet de profiter de tous les avantages de votre Edge.","breadcrumb":{"@id":"https:\/\/www.miomiorun.com\/fr\/produit\/support-front-edge\/#breadcrumb"},"inLanguage":"fr-FR","potentialAction":[{"@type":"ReadAction","target":["https:\/\/www.miomiorun.com\/fr\/produit\/support-front-edge\/"]}]},{"@type":"ImageObject","inLanguage":"fr-FR","@id":"https:\/\/www.miomiorun.com\/fr\/produit\/support-front-edge\/#primaryimage","url":"https:\/\/www.miomiorun.com\/app\/uploads\/2025\/02\/garmin-Staffa-a-filo-frontale-010-13152-00.webp","contentUrl":"https:\/\/www.miomiorun.com\/app\/uploads\/2025\/02\/garmin-Staffa-a-filo-frontale-010-13152-00.webp","width":600,"height":600,"caption":"garmin Staffa a filo frontale 010-13152-00"},{"@type":"BreadcrumbList","@id":"https:\/\/www.miomiorun.com\/fr\/produit\/support-front-edge\/#breadcrumb","itemListElement":[{"@type":"ListItem","position":1,"name":"Home","item":"https:\/\/www.miomiorun.com\/fr\/home-page\/"},{"@type":"ListItem","position":2,"name":"Shop","item":"https:\/\/www.miomiorun.com\/shop\/"},{"@type":"ListItem","position":3,"name":"Support Front Edge\u00ae"}]},{"@type":"WebSite","@id":"https:\/\/www.miomiorun.com\/fr\/#website","url":"https:\/\/www.miomiorun.com\/fr\/","name":"MioMioRun","description":"Boutique 100% running et trail","publisher":{"@id":"https:\/\/www.miomiorun.com\/fr\/#organization"},"potentialAction":[{"@type":"SearchAction","target":{"@type":"EntryPoint","urlTemplate":"https:\/\/www.miomiorun.com\/fr\/?s={search_term_string}"},"query-input":{"@type":"PropertyValueSpecification","valueRequired":true,"valueName":"search_term_string"}}],"inLanguage":"fr-FR"},{"@type":"Organization","@id":"https:\/\/www.miomiorun.com\/fr\/#organization","name":"MioMio Run","url":"https:\/\/www.miomiorun.com\/fr\/","logo":{"@type":"ImageObject","inLanguage":"fr-FR","@id":"https:\/\/www.miomiorun.com\/fr\/#\/schema\/logo\/image\/","url":"https:\/\/www.miomiorun.com\/app\/uploads\/2019\/12\/logomio.png","contentUrl":"https:\/\/www.miomiorun.com\/app\/uploads\/2019\/12\/logomio.png","width":115,"height":82,"caption":"MioMio Run"},"image":{"@id":"https:\/\/www.miomiorun.com\/fr\/#\/schema\/logo\/image\/"},"sameAs":["https:\/\/www.facebook.com\/miomiorun\/","https:\/\/www.instagram.com\/miomiorun\/"]}]}},"_links":{"self":[{"href":"https:\/\/www.miomiorun.com\/fr\/wp-json\/wp\/v2\/product\/299419","targetHints":{"allow":["GET"]}}],"collection":[{"href":"https:\/\/www.miomiorun.com\/fr\/wp-json\/wp\/v2\/product"}],"about":[{"href":"https:\/\/www.miomiorun.com\/fr\/wp-json\/wp\/v2\/types\/product"}],"wp:featuredmedia":[{"embeddable":true,"href":"https:\/\/www.miomiorun.com\/fr\/wp-json\/wp\/v2\/media\/265099"}],"wp:attachment":[{"href":"https:\/\/www.miomiorun.com\/fr\/wp-json\/wp\/v2\/media?parent=299419"}],"wp:term":[{"taxonomy":"product_brand","embeddable":true,"href":"https:\/\/www.miomiorun.com\/fr\/wp-json\/wp\/v2\/product_brand?post=299419"},{"taxonomy":"product_cat","embeddable":true,"href":"https:\/\/www.miomiorun.com\/fr\/wp-json\/wp\/v2\/product_cat?post=299419"},{"taxonomy":"product_tag","embeddable":true,"href":"https:\/\/www.miomiorun.com\/fr\/wp-json\/wp\/v2\/product_tag?post=299419"}],"curies":[{"name":"wp","href":"https:\/\/api.w.org\/{rel}","templated":true}]}}