{"id":299387,"date":"2025-03-04T10:17:54","date_gmt":"2025-03-04T09:17:54","guid":{"rendered":"https:\/\/miomiorun.com\/prodotto\/atmosphere-short-sleeve-3-0-uomo\/"},"modified":"2026-05-08T22:31:15","modified_gmt":"2026-05-08T20:31:15","slug":"atmosphere-short-sleeve-3-0-homme","status":"publish","type":"product","link":"https:\/\/www.miomiorun.com\/fr\/produit\/atmosphere-short-sleeve-3-0-homme\/","title":{"rendered":"Atmosphere Short Sleeve 3.0 homme"},"content":{"rendered":"<p><strong>&#8220;Affrontez la chaleur avec un maximum de confort gr\u00e2ce au T-shirt Atmosphere Short Sleeve 3.0 de Brooks.<\/strong><\/p>\n<p>Avec ce t-shirt de running, la chaleur ne sera plus un obstacle \u00e0 vos performances. Con\u00e7u pour vous offrir une protection solaire efficace, ce v\u00eatement est fabriqu\u00e9 dans un tissu extensible qui s\u00e8che rapidement, vous permettant de rester au frais et au sec tout au long de votre course. De plus, la technologie anti-odeurs vous assure un confort durable, m\u00eame lors des s\u00e9ances les plus intenses.<\/p>\n<p>La conception <strong>semi-ajust\u00e9e<\/strong> vous offre un ajustement parfait, alliant libert\u00e9 de mouvement et maintien. Il n&#8217;est pas seulement fonctionnel, il est aussi pratique : pour pr\u00e9server au mieux son aspect et ses performances, il suffit de le laver s\u00e9par\u00e9ment en machine, d&#8217;\u00e9viter l&#8217;utilisation d&#8217;assouplissants et de le s\u00e9cher \u00e0 basse temp\u00e9rature.<\/p>\n<p>Choisissez l&#8217;Atmosphere Short Sleeve 3.0 de Brooks pour profiter pleinement de chaque course, sans sacrifier le confort et la fra\u00eecheur !<\/p>\n","protected":false},"excerpt":{"rendered":"<ul>\n<li>Respirant<\/li>\n<li>Protection solaire<\/li>\n<li>R\u00e9sistant aux odeurs<\/li>\n<\/ul>\n","protected":false},"featured_media":260909,"template":"","meta":{"_acf_changed":false,"inline_featured_image":false},"product_brand":[],"product_cat":[24449,24482],"product_tag":[23462,23655],"class_list":{"0":"post-299387","1":"product","2":"type-product","3":"status-publish","4":"has-post-thumbnail","6":"product_cat-t-shirt-fr-3","7":"product_cat-vetements-pour-hommes-fr","8":"product_tag-brooks-fr","9":"product_tag-brooks-homme","10":"pa_attivita-fitness-fr","11":"pa_attivita-marcher","12":"pa_attivita-running-fr","13":"pa_colore-atmosphere-short-sleeve-3-0-black-fr","14":"pa_colore-atmosphere-short-sleeve-3-0-white-shadow","15":"pa_marca-brooks-fr","16":"pa_sesso-homme","17":"pa_size-small-fr","18":"pa_size-medium-fr","19":"pa_size-large-fr","21":"first","22":"instock","23":"sale","24":"taxable","25":"shipping-taxable","26":"purchasable","27":"product-type-variable","28":"wvs-archive-product-wrapper"},"acf":[],"yoast_head":"<!-- This site is optimized with the Yoast SEO plugin v26.8 - https:\/\/yoast.com\/product\/yoast-seo-wordpress\/ -->\n<title>Brooks Atmosphere Short Sleeve 3.0 homme - T-shirt de course - MioMioRun<\/title>\n<meta name=\"description\" content=\"Le T-shirt de course \u00e0 pied Atmosphere Short Sleeve 3.0 offre une protection solaire, une r\u00e9sistance aux odeurs et un tissu qui s\u00e8che rapidement.\" \/>\n<meta name=\"robots\" content=\"index, follow, max-snippet:-1, max-image-preview:large, max-video-preview:-1\" \/>\n<link rel=\"canonical\" href=\"https:\/\/www.miomiorun.com\/fr\/produit\/atmosphere-short-sleeve-3-0-homme\/\" \/>\n<meta property=\"og:locale\" content=\"fr_FR\" \/>\n<meta property=\"og:type\" content=\"article\" \/>\n<meta property=\"og:title\" content=\"Brooks Atmosphere Short Sleeve 3.0 homme - T-shirt de course - MioMioRun\" \/>\n<meta property=\"og:description\" content=\"Le T-shirt de course \u00e0 pied Atmosphere Short Sleeve 3.0 offre une protection solaire, une r\u00e9sistance aux odeurs et un tissu qui s\u00e8che rapidement.\" \/>\n<meta property=\"og:url\" content=\"https:\/\/www.miomiorun.com\/fr\/produit\/atmosphere-short-sleeve-3-0-homme\/\" \/>\n<meta property=\"og:site_name\" content=\"MioMioRun\" \/>\n<meta property=\"article:publisher\" content=\"https:\/\/www.facebook.com\/miomiorun\/\" \/>\n<meta property=\"article:modified_time\" content=\"2026-05-08T20:31:15+00:00\" \/>\n<meta property=\"og:image\" content=\"https:\/\/www.miomiorun.com\/app\/uploads\/2025\/03\/brooks-Atmosphere-short-sleeve-3.0-black-211538001.webp\" \/>\n\t<meta property=\"og:image:width\" content=\"600\" \/>\n\t<meta property=\"og:image:height\" content=\"600\" \/>\n\t<meta property=\"og:image:type\" content=\"image\/webp\" \/>\n<meta name=\"twitter:card\" content=\"summary_large_image\" \/>\n<meta name=\"twitter:label1\" content=\"Est. reading time\" \/>\n\t<meta name=\"twitter:data1\" content=\"1 minute\" \/>\n<script type=\"application\/ld+json\" class=\"yoast-schema-graph\">{\"@context\":\"https:\/\/schema.org\",\"@graph\":[{\"@type\":\"WebPage\",\"@id\":\"https:\/\/www.miomiorun.com\/fr\/produit\/atmosphere-short-sleeve-3-0-homme\/\",\"url\":\"https:\/\/www.miomiorun.com\/fr\/produit\/atmosphere-short-sleeve-3-0-homme\/\",\"name\":\"Brooks Atmosphere Short Sleeve 3.0 homme - T-shirt de course - MioMioRun\",\"isPartOf\":{\"@id\":\"https:\/\/www.miomiorun.com\/fr\/#website\"},\"primaryImageOfPage\":{\"@id\":\"https:\/\/www.miomiorun.com\/fr\/produit\/atmosphere-short-sleeve-3-0-homme\/#primaryimage\"},\"image\":{\"@id\":\"https:\/\/www.miomiorun.com\/fr\/produit\/atmosphere-short-sleeve-3-0-homme\/#primaryimage\"},\"thumbnailUrl\":\"https:\/\/www.miomiorun.com\/app\/uploads\/2025\/03\/brooks-Atmosphere-short-sleeve-3.0-black-211538001.webp\",\"datePublished\":\"2025-03-04T09:17:54+00:00\",\"dateModified\":\"2026-05-08T20:31:15+00:00\",\"description\":\"Le T-shirt de course \u00e0 pied Atmosphere Short Sleeve 3.0 offre une protection solaire, une r\u00e9sistance aux odeurs et un tissu qui s\u00e8che rapidement.\",\"breadcrumb\":{\"@id\":\"https:\/\/www.miomiorun.com\/fr\/produit\/atmosphere-short-sleeve-3-0-homme\/#breadcrumb\"},\"inLanguage\":\"fr-FR\",\"potentialAction\":[{\"@type\":\"ReadAction\",\"target\":[\"https:\/\/www.miomiorun.com\/fr\/produit\/atmosphere-short-sleeve-3-0-homme\/\"]}]},{\"@type\":\"ImageObject\",\"inLanguage\":\"fr-FR\",\"@id\":\"https:\/\/www.miomiorun.com\/fr\/produit\/atmosphere-short-sleeve-3-0-homme\/#primaryimage\",\"url\":\"https:\/\/www.miomiorun.com\/app\/uploads\/2025\/03\/brooks-Atmosphere-short-sleeve-3.0-black-211538001.webp\",\"contentUrl\":\"https:\/\/www.miomiorun.com\/app\/uploads\/2025\/03\/brooks-Atmosphere-short-sleeve-3.0-black-211538001.webp\",\"width\":600,\"height\":600,\"caption\":\"brooks Atmosphere short sleeve 3.0 black 211538001\"},{\"@type\":\"BreadcrumbList\",\"@id\":\"https:\/\/www.miomiorun.com\/fr\/produit\/atmosphere-short-sleeve-3-0-homme\/#breadcrumb\",\"itemListElement\":[{\"@type\":\"ListItem\",\"position\":1,\"name\":\"Home\",\"item\":\"https:\/\/www.miomiorun.com\/fr\/home-page\/\"},{\"@type\":\"ListItem\",\"position\":2,\"name\":\"Shop\",\"item\":\"https:\/\/www.miomiorun.com\/shop\/\"},{\"@type\":\"ListItem\",\"position\":3,\"name\":\"Atmosphere Short Sleeve 3.0 homme\"}]},{\"@type\":\"WebSite\",\"@id\":\"https:\/\/www.miomiorun.com\/fr\/#website\",\"url\":\"https:\/\/www.miomiorun.com\/fr\/\",\"name\":\"MioMioRun\",\"description\":\"Boutique 100% running et trail\",\"publisher\":{\"@id\":\"https:\/\/www.miomiorun.com\/fr\/#organization\"},\"potentialAction\":[{\"@type\":\"SearchAction\",\"target\":{\"@type\":\"EntryPoint\",\"urlTemplate\":\"https:\/\/www.miomiorun.com\/fr\/?s={search_term_string}\"},\"query-input\":{\"@type\":\"PropertyValueSpecification\",\"valueRequired\":true,\"valueName\":\"search_term_string\"}}],\"inLanguage\":\"fr-FR\"},{\"@type\":\"Organization\",\"@id\":\"https:\/\/www.miomiorun.com\/fr\/#organization\",\"name\":\"MioMio Run\",\"url\":\"https:\/\/www.miomiorun.com\/fr\/\",\"logo\":{\"@type\":\"ImageObject\",\"inLanguage\":\"fr-FR\",\"@id\":\"https:\/\/www.miomiorun.com\/fr\/#\/schema\/logo\/image\/\",\"url\":\"https:\/\/www.miomiorun.com\/app\/uploads\/2019\/12\/logomio.png\",\"contentUrl\":\"https:\/\/www.miomiorun.com\/app\/uploads\/2019\/12\/logomio.png\",\"width\":115,\"height\":82,\"caption\":\"MioMio Run\"},\"image\":{\"@id\":\"https:\/\/www.miomiorun.com\/fr\/#\/schema\/logo\/image\/\"},\"sameAs\":[\"https:\/\/www.facebook.com\/miomiorun\/\",\"https:\/\/www.instagram.com\/miomiorun\/\"]}]}<\/script>\n<!-- \/ Yoast SEO plugin. -->","yoast_head_json":{"title":"Brooks Atmosphere Short Sleeve 3.0 homme - T-shirt de course - MioMioRun","description":"Le T-shirt de course \u00e0 pied Atmosphere Short Sleeve 3.0 offre une protection solaire, une r\u00e9sistance aux odeurs et un tissu qui s\u00e8che rapidement.","robots":{"index":"index","follow":"follow","max-snippet":"max-snippet:-1","max-image-preview":"max-image-preview:large","max-video-preview":"max-video-preview:-1"},"canonical":"https:\/\/www.miomiorun.com\/fr\/produit\/atmosphere-short-sleeve-3-0-homme\/","og_locale":"fr_FR","og_type":"article","og_title":"Brooks Atmosphere Short Sleeve 3.0 homme - T-shirt de course - MioMioRun","og_description":"Le T-shirt de course \u00e0 pied Atmosphere Short Sleeve 3.0 offre une protection solaire, une r\u00e9sistance aux odeurs et un tissu qui s\u00e8che rapidement.","og_url":"https:\/\/www.miomiorun.com\/fr\/produit\/atmosphere-short-sleeve-3-0-homme\/","og_site_name":"MioMioRun","article_publisher":"https:\/\/www.facebook.com\/miomiorun\/","article_modified_time":"2026-05-08T20:31:15+00:00","og_image":[{"width":600,"height":600,"url":"https:\/\/www.miomiorun.com\/app\/uploads\/2025\/03\/brooks-Atmosphere-short-sleeve-3.0-black-211538001.webp","type":"image\/webp"}],"twitter_card":"summary_large_image","twitter_misc":{"Est. reading time":"1 minute"},"schema":{"@context":"https:\/\/schema.org","@graph":[{"@type":"WebPage","@id":"https:\/\/www.miomiorun.com\/fr\/produit\/atmosphere-short-sleeve-3-0-homme\/","url":"https:\/\/www.miomiorun.com\/fr\/produit\/atmosphere-short-sleeve-3-0-homme\/","name":"Brooks Atmosphere Short Sleeve 3.0 homme - T-shirt de course - MioMioRun","isPartOf":{"@id":"https:\/\/www.miomiorun.com\/fr\/#website"},"primaryImageOfPage":{"@id":"https:\/\/www.miomiorun.com\/fr\/produit\/atmosphere-short-sleeve-3-0-homme\/#primaryimage"},"image":{"@id":"https:\/\/www.miomiorun.com\/fr\/produit\/atmosphere-short-sleeve-3-0-homme\/#primaryimage"},"thumbnailUrl":"https:\/\/www.miomiorun.com\/app\/uploads\/2025\/03\/brooks-Atmosphere-short-sleeve-3.0-black-211538001.webp","datePublished":"2025-03-04T09:17:54+00:00","dateModified":"2026-05-08T20:31:15+00:00","description":"Le T-shirt de course \u00e0 pied Atmosphere Short Sleeve 3.0 offre une protection solaire, une r\u00e9sistance aux odeurs et un tissu qui s\u00e8che rapidement.","breadcrumb":{"@id":"https:\/\/www.miomiorun.com\/fr\/produit\/atmosphere-short-sleeve-3-0-homme\/#breadcrumb"},"inLanguage":"fr-FR","potentialAction":[{"@type":"ReadAction","target":["https:\/\/www.miomiorun.com\/fr\/produit\/atmosphere-short-sleeve-3-0-homme\/"]}]},{"@type":"ImageObject","inLanguage":"fr-FR","@id":"https:\/\/www.miomiorun.com\/fr\/produit\/atmosphere-short-sleeve-3-0-homme\/#primaryimage","url":"https:\/\/www.miomiorun.com\/app\/uploads\/2025\/03\/brooks-Atmosphere-short-sleeve-3.0-black-211538001.webp","contentUrl":"https:\/\/www.miomiorun.com\/app\/uploads\/2025\/03\/brooks-Atmosphere-short-sleeve-3.0-black-211538001.webp","width":600,"height":600,"caption":"brooks Atmosphere short sleeve 3.0 black 211538001"},{"@type":"BreadcrumbList","@id":"https:\/\/www.miomiorun.com\/fr\/produit\/atmosphere-short-sleeve-3-0-homme\/#breadcrumb","itemListElement":[{"@type":"ListItem","position":1,"name":"Home","item":"https:\/\/www.miomiorun.com\/fr\/home-page\/"},{"@type":"ListItem","position":2,"name":"Shop","item":"https:\/\/www.miomiorun.com\/shop\/"},{"@type":"ListItem","position":3,"name":"Atmosphere Short Sleeve 3.0 homme"}]},{"@type":"WebSite","@id":"https:\/\/www.miomiorun.com\/fr\/#website","url":"https:\/\/www.miomiorun.com\/fr\/","name":"MioMioRun","description":"Boutique 100% running et trail","publisher":{"@id":"https:\/\/www.miomiorun.com\/fr\/#organization"},"potentialAction":[{"@type":"SearchAction","target":{"@type":"EntryPoint","urlTemplate":"https:\/\/www.miomiorun.com\/fr\/?s={search_term_string}"},"query-input":{"@type":"PropertyValueSpecification","valueRequired":true,"valueName":"search_term_string"}}],"inLanguage":"fr-FR"},{"@type":"Organization","@id":"https:\/\/www.miomiorun.com\/fr\/#organization","name":"MioMio Run","url":"https:\/\/www.miomiorun.com\/fr\/","logo":{"@type":"ImageObject","inLanguage":"fr-FR","@id":"https:\/\/www.miomiorun.com\/fr\/#\/schema\/logo\/image\/","url":"https:\/\/www.miomiorun.com\/app\/uploads\/2019\/12\/logomio.png","contentUrl":"https:\/\/www.miomiorun.com\/app\/uploads\/2019\/12\/logomio.png","width":115,"height":82,"caption":"MioMio Run"},"image":{"@id":"https:\/\/www.miomiorun.com\/fr\/#\/schema\/logo\/image\/"},"sameAs":["https:\/\/www.facebook.com\/miomiorun\/","https:\/\/www.instagram.com\/miomiorun\/"]}]}},"_links":{"self":[{"href":"https:\/\/www.miomiorun.com\/fr\/wp-json\/wp\/v2\/product\/299387","targetHints":{"allow":["GET"]}}],"collection":[{"href":"https:\/\/www.miomiorun.com\/fr\/wp-json\/wp\/v2\/product"}],"about":[{"href":"https:\/\/www.miomiorun.com\/fr\/wp-json\/wp\/v2\/types\/product"}],"wp:featuredmedia":[{"embeddable":true,"href":"https:\/\/www.miomiorun.com\/fr\/wp-json\/wp\/v2\/media\/260909"}],"wp:attachment":[{"href":"https:\/\/www.miomiorun.com\/fr\/wp-json\/wp\/v2\/media?parent=299387"}],"wp:term":[{"taxonomy":"product_brand","embeddable":true,"href":"https:\/\/www.miomiorun.com\/fr\/wp-json\/wp\/v2\/product_brand?post=299387"},{"taxonomy":"product_cat","embeddable":true,"href":"https:\/\/www.miomiorun.com\/fr\/wp-json\/wp\/v2\/product_cat?post=299387"},{"taxonomy":"product_tag","embeddable":true,"href":"https:\/\/www.miomiorun.com\/fr\/wp-json\/wp\/v2\/product_tag?post=299387"}],"curies":[{"name":"wp","href":"https:\/\/api.w.org\/{rel}","templated":true}]}}