{"id":299324,"date":"2025-03-05T10:49:41","date_gmt":"2025-03-05T09:49:41","guid":{"rendered":"https:\/\/miomiorun.com\/prodotto\/endorphin-trainer-donna\/"},"modified":"2025-05-14T17:18:44","modified_gmt":"2025-05-14T15:18:44","slug":"endorphin-trainer-femme","status":"publish","type":"product","link":"https:\/\/www.miomiorun.com\/fr\/produit\/endorphin-trainer-femme\/","title":{"rendered":"Endorphin Trainer femme"},"content":{"rendered":"<div class=\"vc-row container\"><div class=\"vc-column\"><div class=\"vc-column-text\"><\/p>\n<h4>Caract\u00e9ristiques techniques<\/h4>\n<p>Cat\u00e9gorie : amorti moyen<br \/>\nD\u00e9calage : 8mm (41\/33)<br \/>\nPoids : 227 g<br \/>\nId\u00e9al pour : coureurs interm\u00e9diaires, recherchant \u00e0 la fois performance et confort de course, pour un entra\u00eenement de qualit\u00e9.<br \/>\nPoids de l&#8217;athl\u00e8te : 55-75 kg<br \/>\nAllure de course : rapide (&gt;4.30 min\/km)<br \/>\n<a href=\"https:\/\/miomiorun.com\/fr\/guide-des-specificites\/\">Guide des sp\u00e9cifications<\/a><\/p>\n<p><\/div><\/div><div class=\"vc-column\"><div class=\"vc-column-text\"><em>Endorphin Trainer<\/em>. C&#8217;est la chaussure qui combine l&#8217;excellence de la performance, le confort sur longue distance et une l\u00e9g\u00e8ret\u00e9 qui se ressent \u00e0 chaque pas, ce qui la rend parfaite pour vos courses quotidiennes et les semaines \u00e0 fort kilom\u00e9trage.<\/p>\n<p>L&#8217;<em>Endorphin Trainer<\/em> est con\u00e7ue pour ceux qui recherchent un entra\u00eenement rapide, mais aussi pour ceux qui effectuent de longues s\u00e9ances et veulent une chaussure qui non seulement garantit la performance, mais le fait de mani\u00e8re stable et durable. Examinons ensemble quelques-unes de ses principales caract\u00e9ristiques :<\/p>\n<ol>\n<li><strong>Innovation et confort<\/strong>: La chaussure est \u00e9quip\u00e9e d&#8217;une couche sup\u00e9rieure en mousse incrediRUN, la plus l\u00e9g\u00e8re et la plus r\u00e9active de sa cat\u00e9gorie, capable de restituer l&#8217;\u00e9nergie \u00e0 chaque pas. A cela s&#8217;ajoute une couche inf\u00e9rieure PWRRUN, tr\u00e8s r\u00e9sistante, qui offre la stabilit\u00e9 n\u00e9cessaire pour les longues distances, tout en conservant un amorti qui s&#8217;adapte \u00e0 tous les types d&#8217;entra\u00eenement. La sensation que vous aurez aux pieds sera celle d&#8217;un soutien parfait \u00e0 chaque \u00e9tape de votre course.<\/li>\n<li><strong>Technologie Speedroll<\/strong>: L&#8217;une des innovations les plus int\u00e9ressantes de cette chaussure est la technologie Speedroll, con\u00e7ue pour favoriser une conduite rapide et fluide, comme celle que nous recherchons lors de nos entra\u00eenements quotidiens. Gr\u00e2ce \u00e0 la plaque en fibre de carbone de \u00be de longueur, cette chaussure permet une acc\u00e9l\u00e9ration naturelle sans compromettre le confort. De plus, la rainure \u00e0 l&#8217;arri\u00e8re est con\u00e7ue pour am\u00e9liorer le toe-off et assurer des atterrissages plus doux, sans jamais perdre de vitesse.<\/li>\n<li><strong>Durabilit\u00e9 et traction<\/strong>: Le caoutchouc carbone XT-900 est un autre point fort de l&#8217;<em>Endorphin Trainer<\/em>. Plac\u00e9 dans des zones strat\u00e9giques \u00e0 forte abrasion, il offre une traction exceptionnelle et une r\u00e9sistance sup\u00e9rieure \u00e0 l&#8217;usure, sans sacrifier l&#8217;efficacit\u00e9 de la chaussure. En cons\u00e9quence, vous aurez une chaussure pr\u00eate \u00e0 endurer vos entra\u00eenements quotidiens avec une durabilit\u00e9 qui vous permettra de parcourir des centaines de kilom\u00e8tres.<\/li>\n<li><strong>Confort durable<\/strong>: N&#8217;oublions pas l&#8217;importance d&#8217;un confort durable, m\u00eame pour les courses les plus longues. La tige en mesh technique assure un ajustement s\u00fbr et bien structur\u00e9, avec un pack de mousse plus traditionnel offrant un confort exceptionnel. De plus, cette chaussure est v\u00e9g\u00e9talienne et contient des mat\u00e9riaux recycl\u00e9s, ce qui en fait un choix conscient du point de vue du d\u00e9veloppement durable.<\/li>\n<\/ol>\n<p>En conclusion, l&#8217;<em>Endorphin Trainer<\/em> est la chaussure id\u00e9ale pour ceux qui recherchent une chaussure polyvalente qui combine innovation, haute performance et confort pour la course de tous les jours. Avec un amorti incroyable, une plateforme stable et une construction durable, elle est parfaite pour les courses rapides et de longue distance. Sa conception l\u00e9g\u00e8re la rend adapt\u00e9e \u00e0 un kilom\u00e9trage \u00e9lev\u00e9, tandis que sa r\u00e9activit\u00e9 garantit des performances optimales.<\/p>\n<p>Ne laissez pas passer cette opportunit\u00e9 ! L&#8217;<em>Endorphin<\/em> Trainer est la chaussure d&#8217;entra\u00eenement que vous recherchez.<\/div><\/div><\/div>\n","protected":false},"excerpt":{"rendered":"<ul>\n<li>con\u00e7u sp\u00e9cifiquement pour les entra\u00eenements quotidiens et les semaines \u00e0 kilom\u00e9trage \u00e9lev\u00e9.<\/li>\n<\/ul>\n","protected":false},"featured_media":385717,"template":"","meta":{"_acf_changed":false,"inline_featured_image":false},"product_brand":[],"product_cat":[22605,22606],"product_tag":[23579,33803],"class_list":{"0":"post-299324","1":"product","2":"type-product","3":"status-publish","4":"has-post-thumbnail","6":"product_cat-chaussures-pour-femmes","7":"product_cat-neutre","8":"product_tag-saucony-fr","9":"product_tag-saucony-donna-fr","10":"pa_attivita-running-fr","11":"pa_colore-endorphin-trainer-w-navy-fuchsia-fr","12":"pa_colore-endorphin-trainer-w-white-aqua-fr","13":"pa_colore-endorphin-trainer-w-white-black-fr","14":"pa_colore-endorphin-trainer-w-white-mutant-fr","15":"pa_marca-saucony-fr","16":"pa_sesso-femme","17":"pa_size-37-5-fr","18":"pa_size-38-fr","19":"pa_size-38-5-fr","20":"pa_size-39-fr","21":"pa_size-40-fr","22":"pa_size-40-5-fr","23":"pa_size-41-fr","25":"first","26":"instock","27":"sale","28":"taxable","29":"shipping-taxable","30":"purchasable","31":"product-type-variable","32":"wvs-archive-product-wrapper"},"acf":[],"yoast_head":"<!-- This site is optimized with the Yoast SEO plugin v26.8 - https:\/\/yoast.com\/product\/yoast-seo-wordpress\/ -->\n<title>Saucony Endorphin Trainer femme - chaussures de course- MioMioRun<\/title>\n<meta name=\"description\" content=\"Endorphin Trainer est une chaussure d&#039;entra\u00eenement r\u00e9active et durable, con\u00e7ue pour le confort, la haute performance et l&#039;endurance dans les courses quotidiennes.\" \/>\n<meta name=\"robots\" content=\"index, follow, max-snippet:-1, max-image-preview:large, max-video-preview:-1\" \/>\n<link rel=\"canonical\" href=\"https:\/\/www.miomiorun.com\/fr\/produit\/endorphin-trainer-femme\/\" \/>\n<meta property=\"og:locale\" content=\"fr_FR\" \/>\n<meta property=\"og:type\" content=\"article\" \/>\n<meta property=\"og:title\" content=\"Saucony Endorphin Trainer femme - chaussures de course- MioMioRun\" \/>\n<meta property=\"og:description\" content=\"Endorphin Trainer est une chaussure d&#039;entra\u00eenement r\u00e9active et durable, con\u00e7ue pour le confort, la haute performance et l&#039;endurance dans les courses quotidiennes.\" \/>\n<meta property=\"og:url\" content=\"https:\/\/www.miomiorun.com\/fr\/produit\/endorphin-trainer-femme\/\" \/>\n<meta property=\"og:site_name\" content=\"MioMioRun\" \/>\n<meta property=\"article:publisher\" content=\"https:\/\/www.facebook.com\/miomiorun\/\" \/>\n<meta property=\"article:modified_time\" content=\"2025-05-14T15:18:44+00:00\" \/>\n<meta property=\"og:image\" content=\"https:\/\/www.miomiorun.com\/app\/uploads\/2026\/01\/saucony-Endorphin-Trainer-W-white-aqua-S10996-120.webp\" \/>\n\t<meta property=\"og:image:width\" content=\"720\" \/>\n\t<meta property=\"og:image:height\" content=\"720\" \/>\n\t<meta property=\"og:image:type\" content=\"image\/webp\" \/>\n<meta name=\"twitter:card\" content=\"summary_large_image\" \/>\n<meta name=\"twitter:label1\" content=\"Est. reading time\" \/>\n\t<meta name=\"twitter:data1\" content=\"3 minutes\" \/>\n<script type=\"application\/ld+json\" class=\"yoast-schema-graph\">{\"@context\":\"https:\/\/schema.org\",\"@graph\":[{\"@type\":\"WebPage\",\"@id\":\"https:\/\/www.miomiorun.com\/fr\/produit\/endorphin-trainer-femme\/\",\"url\":\"https:\/\/www.miomiorun.com\/fr\/produit\/endorphin-trainer-femme\/\",\"name\":\"Saucony Endorphin Trainer femme - chaussures de course- MioMioRun\",\"isPartOf\":{\"@id\":\"https:\/\/www.miomiorun.com\/fr\/#website\"},\"primaryImageOfPage\":{\"@id\":\"https:\/\/www.miomiorun.com\/fr\/produit\/endorphin-trainer-femme\/#primaryimage\"},\"image\":{\"@id\":\"https:\/\/www.miomiorun.com\/fr\/produit\/endorphin-trainer-femme\/#primaryimage\"},\"thumbnailUrl\":\"https:\/\/www.miomiorun.com\/app\/uploads\/2026\/01\/saucony-Endorphin-Trainer-W-white-aqua-S10996-120.webp\",\"datePublished\":\"2025-03-05T09:49:41+00:00\",\"dateModified\":\"2025-05-14T15:18:44+00:00\",\"description\":\"Endorphin Trainer est une chaussure d'entra\u00eenement r\u00e9active et durable, con\u00e7ue pour le confort, la haute performance et l'endurance dans les courses quotidiennes.\",\"breadcrumb\":{\"@id\":\"https:\/\/www.miomiorun.com\/fr\/produit\/endorphin-trainer-femme\/#breadcrumb\"},\"inLanguage\":\"fr-FR\",\"potentialAction\":[{\"@type\":\"ReadAction\",\"target\":[\"https:\/\/www.miomiorun.com\/fr\/produit\/endorphin-trainer-femme\/\"]}]},{\"@type\":\"ImageObject\",\"inLanguage\":\"fr-FR\",\"@id\":\"https:\/\/www.miomiorun.com\/fr\/produit\/endorphin-trainer-femme\/#primaryimage\",\"url\":\"https:\/\/www.miomiorun.com\/app\/uploads\/2026\/01\/saucony-Endorphin-Trainer-W-white-aqua-S10996-120.webp\",\"contentUrl\":\"https:\/\/www.miomiorun.com\/app\/uploads\/2026\/01\/saucony-Endorphin-Trainer-W-white-aqua-S10996-120.webp\",\"width\":720,\"height\":720,\"caption\":\"saucony Endorphin Trainer W white aqua S10996-120\"},{\"@type\":\"BreadcrumbList\",\"@id\":\"https:\/\/www.miomiorun.com\/fr\/produit\/endorphin-trainer-femme\/#breadcrumb\",\"itemListElement\":[{\"@type\":\"ListItem\",\"position\":1,\"name\":\"Home\",\"item\":\"https:\/\/www.miomiorun.com\/fr\/home-page\/\"},{\"@type\":\"ListItem\",\"position\":2,\"name\":\"Shop\",\"item\":\"https:\/\/www.miomiorun.com\/shop\/\"},{\"@type\":\"ListItem\",\"position\":3,\"name\":\"Endorphin Trainer femme\"}]},{\"@type\":\"WebSite\",\"@id\":\"https:\/\/www.miomiorun.com\/fr\/#website\",\"url\":\"https:\/\/www.miomiorun.com\/fr\/\",\"name\":\"MioMioRun\",\"description\":\"Boutique 100% running et trail\",\"publisher\":{\"@id\":\"https:\/\/www.miomiorun.com\/fr\/#organization\"},\"potentialAction\":[{\"@type\":\"SearchAction\",\"target\":{\"@type\":\"EntryPoint\",\"urlTemplate\":\"https:\/\/www.miomiorun.com\/fr\/?s={search_term_string}\"},\"query-input\":{\"@type\":\"PropertyValueSpecification\",\"valueRequired\":true,\"valueName\":\"search_term_string\"}}],\"inLanguage\":\"fr-FR\"},{\"@type\":\"Organization\",\"@id\":\"https:\/\/www.miomiorun.com\/fr\/#organization\",\"name\":\"MioMio Run\",\"url\":\"https:\/\/www.miomiorun.com\/fr\/\",\"logo\":{\"@type\":\"ImageObject\",\"inLanguage\":\"fr-FR\",\"@id\":\"https:\/\/www.miomiorun.com\/fr\/#\/schema\/logo\/image\/\",\"url\":\"https:\/\/www.miomiorun.com\/app\/uploads\/2019\/12\/logomio.png\",\"contentUrl\":\"https:\/\/www.miomiorun.com\/app\/uploads\/2019\/12\/logomio.png\",\"width\":115,\"height\":82,\"caption\":\"MioMio Run\"},\"image\":{\"@id\":\"https:\/\/www.miomiorun.com\/fr\/#\/schema\/logo\/image\/\"},\"sameAs\":[\"https:\/\/www.facebook.com\/miomiorun\/\",\"https:\/\/www.instagram.com\/miomiorun\/\"]}]}<\/script>\n<!-- \/ Yoast SEO plugin. -->","yoast_head_json":{"title":"Saucony Endorphin Trainer femme - chaussures de course- MioMioRun","description":"Endorphin Trainer est une chaussure d'entra\u00eenement r\u00e9active et durable, con\u00e7ue pour le confort, la haute performance et l'endurance dans les courses quotidiennes.","robots":{"index":"index","follow":"follow","max-snippet":"max-snippet:-1","max-image-preview":"max-image-preview:large","max-video-preview":"max-video-preview:-1"},"canonical":"https:\/\/www.miomiorun.com\/fr\/produit\/endorphin-trainer-femme\/","og_locale":"fr_FR","og_type":"article","og_title":"Saucony Endorphin Trainer femme - chaussures de course- MioMioRun","og_description":"Endorphin Trainer est une chaussure d'entra\u00eenement r\u00e9active et durable, con\u00e7ue pour le confort, la haute performance et l'endurance dans les courses quotidiennes.","og_url":"https:\/\/www.miomiorun.com\/fr\/produit\/endorphin-trainer-femme\/","og_site_name":"MioMioRun","article_publisher":"https:\/\/www.facebook.com\/miomiorun\/","article_modified_time":"2025-05-14T15:18:44+00:00","og_image":[{"width":720,"height":720,"url":"https:\/\/www.miomiorun.com\/app\/uploads\/2026\/01\/saucony-Endorphin-Trainer-W-white-aqua-S10996-120.webp","type":"image\/webp"}],"twitter_card":"summary_large_image","twitter_misc":{"Est. reading time":"3 minutes"},"schema":{"@context":"https:\/\/schema.org","@graph":[{"@type":"WebPage","@id":"https:\/\/www.miomiorun.com\/fr\/produit\/endorphin-trainer-femme\/","url":"https:\/\/www.miomiorun.com\/fr\/produit\/endorphin-trainer-femme\/","name":"Saucony Endorphin Trainer femme - chaussures de course- MioMioRun","isPartOf":{"@id":"https:\/\/www.miomiorun.com\/fr\/#website"},"primaryImageOfPage":{"@id":"https:\/\/www.miomiorun.com\/fr\/produit\/endorphin-trainer-femme\/#primaryimage"},"image":{"@id":"https:\/\/www.miomiorun.com\/fr\/produit\/endorphin-trainer-femme\/#primaryimage"},"thumbnailUrl":"https:\/\/www.miomiorun.com\/app\/uploads\/2026\/01\/saucony-Endorphin-Trainer-W-white-aqua-S10996-120.webp","datePublished":"2025-03-05T09:49:41+00:00","dateModified":"2025-05-14T15:18:44+00:00","description":"Endorphin Trainer est une chaussure d'entra\u00eenement r\u00e9active et durable, con\u00e7ue pour le confort, la haute performance et l'endurance dans les courses quotidiennes.","breadcrumb":{"@id":"https:\/\/www.miomiorun.com\/fr\/produit\/endorphin-trainer-femme\/#breadcrumb"},"inLanguage":"fr-FR","potentialAction":[{"@type":"ReadAction","target":["https:\/\/www.miomiorun.com\/fr\/produit\/endorphin-trainer-femme\/"]}]},{"@type":"ImageObject","inLanguage":"fr-FR","@id":"https:\/\/www.miomiorun.com\/fr\/produit\/endorphin-trainer-femme\/#primaryimage","url":"https:\/\/www.miomiorun.com\/app\/uploads\/2026\/01\/saucony-Endorphin-Trainer-W-white-aqua-S10996-120.webp","contentUrl":"https:\/\/www.miomiorun.com\/app\/uploads\/2026\/01\/saucony-Endorphin-Trainer-W-white-aqua-S10996-120.webp","width":720,"height":720,"caption":"saucony Endorphin Trainer W white aqua S10996-120"},{"@type":"BreadcrumbList","@id":"https:\/\/www.miomiorun.com\/fr\/produit\/endorphin-trainer-femme\/#breadcrumb","itemListElement":[{"@type":"ListItem","position":1,"name":"Home","item":"https:\/\/www.miomiorun.com\/fr\/home-page\/"},{"@type":"ListItem","position":2,"name":"Shop","item":"https:\/\/www.miomiorun.com\/shop\/"},{"@type":"ListItem","position":3,"name":"Endorphin Trainer femme"}]},{"@type":"WebSite","@id":"https:\/\/www.miomiorun.com\/fr\/#website","url":"https:\/\/www.miomiorun.com\/fr\/","name":"MioMioRun","description":"Boutique 100% running et trail","publisher":{"@id":"https:\/\/www.miomiorun.com\/fr\/#organization"},"potentialAction":[{"@type":"SearchAction","target":{"@type":"EntryPoint","urlTemplate":"https:\/\/www.miomiorun.com\/fr\/?s={search_term_string}"},"query-input":{"@type":"PropertyValueSpecification","valueRequired":true,"valueName":"search_term_string"}}],"inLanguage":"fr-FR"},{"@type":"Organization","@id":"https:\/\/www.miomiorun.com\/fr\/#organization","name":"MioMio Run","url":"https:\/\/www.miomiorun.com\/fr\/","logo":{"@type":"ImageObject","inLanguage":"fr-FR","@id":"https:\/\/www.miomiorun.com\/fr\/#\/schema\/logo\/image\/","url":"https:\/\/www.miomiorun.com\/app\/uploads\/2019\/12\/logomio.png","contentUrl":"https:\/\/www.miomiorun.com\/app\/uploads\/2019\/12\/logomio.png","width":115,"height":82,"caption":"MioMio Run"},"image":{"@id":"https:\/\/www.miomiorun.com\/fr\/#\/schema\/logo\/image\/"},"sameAs":["https:\/\/www.facebook.com\/miomiorun\/","https:\/\/www.instagram.com\/miomiorun\/"]}]}},"_links":{"self":[{"href":"https:\/\/www.miomiorun.com\/fr\/wp-json\/wp\/v2\/product\/299324","targetHints":{"allow":["GET"]}}],"collection":[{"href":"https:\/\/www.miomiorun.com\/fr\/wp-json\/wp\/v2\/product"}],"about":[{"href":"https:\/\/www.miomiorun.com\/fr\/wp-json\/wp\/v2\/types\/product"}],"wp:featuredmedia":[{"embeddable":true,"href":"https:\/\/www.miomiorun.com\/fr\/wp-json\/wp\/v2\/media\/385717"}],"wp:attachment":[{"href":"https:\/\/www.miomiorun.com\/fr\/wp-json\/wp\/v2\/media?parent=299324"}],"wp:term":[{"taxonomy":"product_brand","embeddable":true,"href":"https:\/\/www.miomiorun.com\/fr\/wp-json\/wp\/v2\/product_brand?post=299324"},{"taxonomy":"product_cat","embeddable":true,"href":"https:\/\/www.miomiorun.com\/fr\/wp-json\/wp\/v2\/product_cat?post=299324"},{"taxonomy":"product_tag","embeddable":true,"href":"https:\/\/www.miomiorun.com\/fr\/wp-json\/wp\/v2\/product_tag?post=299324"}],"curies":[{"name":"wp","href":"https:\/\/api.w.org\/{rel}","templated":true}]}}