{"id":299255,"date":"2025-03-05T11:32:59","date_gmt":"2025-03-05T10:32:59","guid":{"rendered":"https:\/\/miomiorun.com\/prodotto\/endorphin-elite-2-uomo\/"},"modified":"2025-11-15T09:39:59","modified_gmt":"2025-11-15T08:39:59","slug":"endorphin-elite-2-homme","status":"publish","type":"product","link":"https:\/\/www.miomiorun.com\/fr\/produit\/endorphin-elite-2-homme\/","title":{"rendered":"Endorphin Elite 2 homme"},"content":{"rendered":"<div class=\"vc-row container\"><div class=\"vc-column\"><div class=\"vc-column-text\"><\/p>\n<h4>Caract\u00e9ristiques techniques<\/h4>\n<p>Cat\u00e9gorie : Amortissement moyen<br \/>\nD\u00e9calage : 8mm (39,5\/31,5mm)<br \/>\nPoids : 199g<br \/>\nId\u00e9al pour : coureurs avanc\u00e9s, recherchant \u00e0 la fois tr\u00e8s haute performance et confort de course, pour obtenir d&#8217;excellents r\u00e9sultats en course ou pour un entra\u00eenement \u00e0 haute intensit\u00e9.<br \/>\nPoids de l&#8217;athl\u00e8te : 50-65 kg<br \/>\nAllure de course : rapide (&gt;4.00 min\/km)<br \/>\n<a href=\"https:\/\/miomiorun.com\/fr\/guide-des-specificites\/\">Guide de sp\u00e9cification<\/a><\/p>\n<p><\/div><div style=\"height:52px\" class=\"vc-empty-space\"><\/div><div class=\"vc-column-text\"><\/p>\n<p><div style=\"width: 720px;\" class=\"wp-video\"><video class=\"wp-video-shortcode\" id=\"video-299255-1\" width=\"720\" height=\"1280\" loop autoplay preload=\"metadata\" controls=\"controls\"><source type=\"video\/mp4\" src=\"https:\/\/miomiorun.com\/wp-content\/uploads\/2025\/03\/ENDORPHINE-ELITE-2.mp4?_=1\" \/><a href=\"https:\/\/miomiorun.com\/wp-content\/uploads\/2025\/03\/ENDORPHINE-ELITE-2.mp4\">https:\/\/miomiorun.com\/wp-content\/uploads\/2025\/03\/ENDORPHINE-ELITE-2.mp4<\/a><\/video><\/div><\/p>\n<p><\/div><div style=\"height:32px\" class=\"vc-empty-space\"><\/div><\/div><div class=\"vc-column\"><div class=\"vc-column-text\"><em>Endorphin Elite 2<\/em>, la chaussure de course qui vous am\u00e8nera sur la ligne de d\u00e9part avec la certitude que personne n&#8217;est mieux \u00e9quip\u00e9 que vous. C&#8217;est la chaussure con\u00e7ue pour ceux qui veulent des performances incroyables, de la l\u00e9g\u00e8ret\u00e9 et de la vitesse, le jour de la course, quand chaque d\u00e9tail compte.<\/p>\n<p>L&#8217;<em>Endorphin Elite 2<\/em> est dot\u00e9e de la technologie r\u00e9volutionnaire SpeedRoll, aliment\u00e9e par la toute nouvelle mousse incrediRUN. Cette mousse, contrairement \u00e0 toutes celles qui l&#8217;ont pr\u00e9c\u00e9d\u00e9e, offre des niveaux de retour d&#8217;\u00e9nergie et d&#8217;amorti que vous n&#8217;avez jamais vus auparavant. Vous aurez l&#8217;impression de voler, chaque pas restituant une \u00e9nergie incroyable pour une d\u00e9marche encore plus rapide et r\u00e9active. C&#8217;est une sensation qu&#8217;il faut exp\u00e9rimenter pour y croire !<\/p>\n<p>La chaussure est \u00e9galement \u00e9quip\u00e9e d&#8217;une <strong>plaque en fibre de carbone sur toute la longueur<\/strong>, con\u00e7ue pour maximiser la flexibilit\u00e9 du milieu du pied et vous donner une pouss\u00e9e continue, \u00e9tape apr\u00e8s \u00e9tape. Et ce n&#8217;est pas tout : la bande de roulement avanc\u00e9e fait de cette chaussure notre option la plus agressive pour la course, optimisant la traction sur n&#8217;importe quelle surface, tandis que la <strong>semelle en caoutchouc PWRTRAC<\/strong>, fine et adh\u00e9rente, vous donne la confiance n\u00e9cessaire pour affronter n&#8217;importe quel terrain sans compromettre la vitesse.<\/p>\n<p>La tige est l\u00e9g\u00e8re et a\u00e9rodynamique, con\u00e7ue pour favoriser la <strong>respirabilit\u00e9<\/strong> sur les longues distances, et le talon moul\u00e9 sans couture assure un ajustement parfait, s\u00fbr et confortable pour que vous puissiez vous concentrer uniquement sur la course.<\/p>\n<p>Avec un poids incroyable de seulement <strong>199 g<\/strong>, l&#8217;Endorphin Elite 2 est la chaussure id\u00e9ale pour ceux qui veulent battre des records. Et pour ceux qui sont \u00e9galement soucieux de l&#8217;environnement, sachez que cette chaussure est <strong>v\u00e9g\u00e9talienne<\/strong> et fabriqu\u00e9e \u00e0 partir de <strong>mat\u00e9riaux recycl\u00e9s<\/strong>, ce qui repr\u00e9sente un choix durable sans compromettre la performance.<\/p>\n<p>Si vous \u00eates pr\u00eat \u00e0 tout donner le jour de la course, l&#8217;Endorphin Elite 2 est la chaussure que vous recherchez. Ne manquez pas cette opportunit\u00e9 : l&#8217;excellence vous attend au d\u00e9part !<\/div><div class=\"vc-column-text\"><a href=\"https:\/\/miomiorun.com\/wp-content\/uploads\/2025\/03\/saucony-Endorphin-Elite-2-dettaglio-2.webp\"><img loading=\"lazy\" decoding=\"async\" class=\"alignnone wp-image-263086 size-medium\" src=\"https:\/\/miomiorun.com\/wp-content\/uploads\/2025\/03\/saucony-Endorphin-Elite-2-dettaglio-2-300x300.webp\" alt=\"\" width=\"300\" height=\"300\" srcset=\"https:\/\/www.miomiorun.com\/app\/uploads\/2025\/03\/saucony-Endorphin-Elite-2-dettaglio-2-300x300.webp 300w, https:\/\/www.miomiorun.com\/app\/uploads\/2025\/03\/saucony-Endorphin-Elite-2-dettaglio-2-100x100.webp 100w, https:\/\/www.miomiorun.com\/app\/uploads\/2025\/03\/saucony-Endorphin-Elite-2-dettaglio-2-150x150.webp 150w, https:\/\/www.miomiorun.com\/app\/uploads\/2025\/03\/saucony-Endorphin-Elite-2-dettaglio-2-400x400.webp 400w, https:\/\/www.miomiorun.com\/app\/uploads\/2025\/03\/saucony-Endorphin-Elite-2-dettaglio-2-85x85.webp 85w, https:\/\/www.miomiorun.com\/app\/uploads\/2025\/03\/saucony-Endorphin-Elite-2-dettaglio-2-50x50.webp 50w, https:\/\/www.miomiorun.com\/app\/uploads\/2025\/03\/saucony-Endorphin-Elite-2-dettaglio-2-32x32.webp 32w, https:\/\/www.miomiorun.com\/app\/uploads\/2025\/03\/saucony-Endorphin-Elite-2-dettaglio-2-480x480.webp 480w, https:\/\/www.miomiorun.com\/app\/uploads\/2025\/03\/saucony-Endorphin-Elite-2-dettaglio-2.webp 600w\" sizes=\"auto, (max-width: 300px) 100vw, 300px\" \/><\/a><a href=\"https:\/\/miomiorun.com\/wp-content\/uploads\/2025\/03\/saucony-Endorphin-Elite-2-dettaglio-3.webp\"><img loading=\"lazy\" decoding=\"async\" class=\"alignnone wp-image-263091 size-medium\" src=\"https:\/\/miomiorun.com\/wp-content\/uploads\/2025\/03\/saucony-Endorphin-Elite-2-dettaglio-3-300x300.webp\" alt=\"\" width=\"300\" height=\"300\" srcset=\"https:\/\/www.miomiorun.com\/app\/uploads\/2025\/03\/saucony-Endorphin-Elite-2-dettaglio-3-300x300.webp 300w, https:\/\/www.miomiorun.com\/app\/uploads\/2025\/03\/saucony-Endorphin-Elite-2-dettaglio-3-100x100.webp 100w, https:\/\/www.miomiorun.com\/app\/uploads\/2025\/03\/saucony-Endorphin-Elite-2-dettaglio-3-150x150.webp 150w, https:\/\/www.miomiorun.com\/app\/uploads\/2025\/03\/saucony-Endorphin-Elite-2-dettaglio-3-400x400.webp 400w, https:\/\/www.miomiorun.com\/app\/uploads\/2025\/03\/saucony-Endorphin-Elite-2-dettaglio-3-85x85.webp 85w, https:\/\/www.miomiorun.com\/app\/uploads\/2025\/03\/saucony-Endorphin-Elite-2-dettaglio-3-50x50.webp 50w, https:\/\/www.miomiorun.com\/app\/uploads\/2025\/03\/saucony-Endorphin-Elite-2-dettaglio-3-32x32.webp 32w, https:\/\/www.miomiorun.com\/app\/uploads\/2025\/03\/saucony-Endorphin-Elite-2-dettaglio-3-480x480.webp 480w, https:\/\/www.miomiorun.com\/app\/uploads\/2025\/03\/saucony-Endorphin-Elite-2-dettaglio-3.webp 600w\" sizes=\"auto, (max-width: 300px) 100vw, 300px\" \/><\/a><a href=\"https:\/\/miomiorun.com\/wp-content\/uploads\/2025\/03\/saucony-Endorphin-Elite-2-dettaglio.webp\"><img loading=\"lazy\" decoding=\"async\" class=\"alignnone wp-image-263096 size-medium\" src=\"https:\/\/miomiorun.com\/wp-content\/uploads\/2025\/03\/saucony-Endorphin-Elite-2-dettaglio-300x300.webp\" alt=\"\" width=\"300\" height=\"300\" srcset=\"https:\/\/www.miomiorun.com\/app\/uploads\/2025\/03\/saucony-Endorphin-Elite-2-dettaglio-300x300.webp 300w, https:\/\/www.miomiorun.com\/app\/uploads\/2025\/03\/saucony-Endorphin-Elite-2-dettaglio-100x100.webp 100w, https:\/\/www.miomiorun.com\/app\/uploads\/2025\/03\/saucony-Endorphin-Elite-2-dettaglio-150x150.webp 150w, https:\/\/www.miomiorun.com\/app\/uploads\/2025\/03\/saucony-Endorphin-Elite-2-dettaglio-400x400.webp 400w, https:\/\/www.miomiorun.com\/app\/uploads\/2025\/03\/saucony-Endorphin-Elite-2-dettaglio-85x85.webp 85w, https:\/\/www.miomiorun.com\/app\/uploads\/2025\/03\/saucony-Endorphin-Elite-2-dettaglio-50x50.webp 50w, https:\/\/www.miomiorun.com\/app\/uploads\/2025\/03\/saucony-Endorphin-Elite-2-dettaglio-32x32.webp 32w, https:\/\/www.miomiorun.com\/app\/uploads\/2025\/03\/saucony-Endorphin-Elite-2-dettaglio-480x480.webp 480w, https:\/\/www.miomiorun.com\/app\/uploads\/2025\/03\/saucony-Endorphin-Elite-2-dettaglio.webp 600w\" sizes=\"auto, (max-width: 300px) 100vw, 300px\" \/><\/a><a href=\"https:\/\/miomiorun.com\/wp-content\/uploads\/2025\/03\/saucony-Endorphin-Elite-2-intersuola.webp\"><img loading=\"lazy\" decoding=\"async\" class=\"alignnone wp-image-263101 size-medium\" src=\"https:\/\/miomiorun.com\/wp-content\/uploads\/2025\/03\/saucony-Endorphin-Elite-2-intersuola-300x300.webp\" alt=\"\" width=\"300\" height=\"300\" srcset=\"https:\/\/www.miomiorun.com\/app\/uploads\/2025\/03\/saucony-Endorphin-Elite-2-intersuola-300x300.webp 300w, https:\/\/www.miomiorun.com\/app\/uploads\/2025\/03\/saucony-Endorphin-Elite-2-intersuola-100x100.webp 100w, https:\/\/www.miomiorun.com\/app\/uploads\/2025\/03\/saucony-Endorphin-Elite-2-intersuola-150x150.webp 150w, https:\/\/www.miomiorun.com\/app\/uploads\/2025\/03\/saucony-Endorphin-Elite-2-intersuola-400x400.webp 400w, https:\/\/www.miomiorun.com\/app\/uploads\/2025\/03\/saucony-Endorphin-Elite-2-intersuola-85x85.webp 85w, https:\/\/www.miomiorun.com\/app\/uploads\/2025\/03\/saucony-Endorphin-Elite-2-intersuola-50x50.webp 50w, https:\/\/www.miomiorun.com\/app\/uploads\/2025\/03\/saucony-Endorphin-Elite-2-intersuola-32x32.webp 32w, https:\/\/www.miomiorun.com\/app\/uploads\/2025\/03\/saucony-Endorphin-Elite-2-intersuola-480x480.webp 480w, https:\/\/www.miomiorun.com\/app\/uploads\/2025\/03\/saucony-Endorphin-Elite-2-intersuola.webp 600w\" sizes=\"auto, (max-width: 300px) 100vw, 300px\" \/><\/a><\/div><\/div><\/div>\n","protected":false},"excerpt":{"rendered":"<ul>\n<li>PWRTRAC<\/li>\n<li>CHUTE DE 8 mm<\/li>\n<li>PLAQUE DE CARBONE<\/li>\n<li>INCREDIRUN<\/li>\n<\/ul>\n","protected":false},"featured_media":385634,"template":"","meta":{"_acf_changed":false,"inline_featured_image":false},"product_brand":[],"product_cat":[22605,24448,22606,24447],"product_tag":[23579,33803,23546],"class_list":{"0":"post-299255","1":"product","2":"type-product","3":"status-publish","4":"has-post-thumbnail","6":"product_cat-chaussures-pour-femmes","7":"product_cat-chaussures-pour-hommes-fr","8":"product_cat-neutre","9":"product_cat-neutre-fr-3","10":"product_tag-saucony-fr","11":"product_tag-saucony-donna-fr","12":"product_tag-saucony-homme","13":"pa_attivita-running-fr","14":"pa_colore-endorphin-elite-2-splash-fire-fr","15":"pa_colore-endorphin-elite-2-white-crimson-fr","16":"pa_marca-saucony-fr","17":"pa_sesso-femme","18":"pa_sesso-homme","19":"pa_size-41-fr","20":"pa_size-42-fr","21":"pa_size-42-5-fr","22":"pa_size-43-fr","23":"pa_size-44-fr","24":"pa_size-44-5-fr","25":"pa_size-45-fr","27":"first","28":"instock","29":"sale","30":"taxable","31":"shipping-taxable","32":"purchasable","33":"product-type-variable","34":"wvs-archive-product-wrapper"},"acf":[],"yoast_head":"<!-- This site is optimized with the Yoast SEO plugin v26.8 - https:\/\/yoast.com\/product\/yoast-seo-wordpress\/ -->\n<title>Saucony Endorphin Elite 2 homme -chaussures de course- MioMioRun<\/title>\n<meta name=\"description\" content=\"L&#039;Endorphin Elite 2 est une chaussure de course ultra-l\u00e9g\u00e8re et r\u00e9active avec des composants de qualit\u00e9 qui vous m\u00e8neront \u00e0 la ligne d&#039;arriv\u00e9e.\" \/>\n<meta name=\"robots\" content=\"index, follow, max-snippet:-1, max-image-preview:large, max-video-preview:-1\" \/>\n<link rel=\"canonical\" href=\"https:\/\/www.miomiorun.com\/fr\/produit\/endorphin-elite-2-homme\/\" \/>\n<meta property=\"og:locale\" content=\"fr_FR\" \/>\n<meta property=\"og:type\" content=\"article\" \/>\n<meta property=\"og:title\" content=\"Saucony Endorphin Elite 2 homme -chaussures de course- MioMioRun\" \/>\n<meta property=\"og:description\" content=\"L&#039;Endorphin Elite 2 est une chaussure de course ultra-l\u00e9g\u00e8re et r\u00e9active avec des composants de qualit\u00e9 qui vous m\u00e8neront \u00e0 la ligne d&#039;arriv\u00e9e.\" \/>\n<meta property=\"og:url\" content=\"https:\/\/www.miomiorun.com\/fr\/produit\/endorphin-elite-2-homme\/\" \/>\n<meta property=\"og:site_name\" content=\"MioMioRun\" \/>\n<meta property=\"article:publisher\" content=\"https:\/\/www.facebook.com\/miomiorun\/\" \/>\n<meta property=\"article:modified_time\" content=\"2025-11-15T08:39:59+00:00\" \/>\n<meta property=\"og:image\" content=\"https:\/\/www.miomiorun.com\/app\/uploads\/2025\/03\/saucony-Endorphin-Elite-2-white-peel-S30994-130.webp\" \/>\n\t<meta property=\"og:image:width\" content=\"600\" \/>\n\t<meta property=\"og:image:height\" content=\"600\" \/>\n\t<meta property=\"og:image:type\" content=\"image\/webp\" \/>\n<meta name=\"twitter:card\" content=\"summary_large_image\" \/>\n<meta name=\"twitter:label1\" content=\"Est. reading time\" \/>\n\t<meta name=\"twitter:data1\" content=\"2 minutes\" \/>\n<script type=\"application\/ld+json\" class=\"yoast-schema-graph\">{\"@context\":\"https:\/\/schema.org\",\"@graph\":[{\"@type\":\"WebPage\",\"@id\":\"https:\/\/www.miomiorun.com\/fr\/produit\/endorphin-elite-2-homme\/\",\"url\":\"https:\/\/www.miomiorun.com\/fr\/produit\/endorphin-elite-2-homme\/\",\"name\":\"Saucony Endorphin Elite 2 homme -chaussures de course- MioMioRun\",\"isPartOf\":{\"@id\":\"https:\/\/www.miomiorun.com\/fr\/#website\"},\"primaryImageOfPage\":{\"@id\":\"https:\/\/www.miomiorun.com\/fr\/produit\/endorphin-elite-2-homme\/#primaryimage\"},\"image\":{\"@id\":\"https:\/\/www.miomiorun.com\/fr\/produit\/endorphin-elite-2-homme\/#primaryimage\"},\"thumbnailUrl\":\"https:\/\/www.miomiorun.com\/app\/uploads\/2026\/01\/saucony-Endorphin-Elite-2-splash-fire-S30994-131.webp\",\"datePublished\":\"2025-03-05T10:32:59+00:00\",\"dateModified\":\"2025-11-15T08:39:59+00:00\",\"description\":\"L'Endorphin Elite 2 est une chaussure de course ultra-l\u00e9g\u00e8re et r\u00e9active avec des composants de qualit\u00e9 qui vous m\u00e8neront \u00e0 la ligne d'arriv\u00e9e.\",\"breadcrumb\":{\"@id\":\"https:\/\/www.miomiorun.com\/fr\/produit\/endorphin-elite-2-homme\/#breadcrumb\"},\"inLanguage\":\"fr-FR\",\"potentialAction\":[{\"@type\":\"ReadAction\",\"target\":[\"https:\/\/www.miomiorun.com\/fr\/produit\/endorphin-elite-2-homme\/\"]}]},{\"@type\":\"ImageObject\",\"inLanguage\":\"fr-FR\",\"@id\":\"https:\/\/www.miomiorun.com\/fr\/produit\/endorphin-elite-2-homme\/#primaryimage\",\"url\":\"https:\/\/www.miomiorun.com\/app\/uploads\/2026\/01\/saucony-Endorphin-Elite-2-splash-fire-S30994-131.webp\",\"contentUrl\":\"https:\/\/www.miomiorun.com\/app\/uploads\/2026\/01\/saucony-Endorphin-Elite-2-splash-fire-S30994-131.webp\",\"width\":720,\"height\":720,\"caption\":\"saucony Endorphin Elite 2 splash fire S30994-131\"},{\"@type\":\"BreadcrumbList\",\"@id\":\"https:\/\/www.miomiorun.com\/fr\/produit\/endorphin-elite-2-homme\/#breadcrumb\",\"itemListElement\":[{\"@type\":\"ListItem\",\"position\":1,\"name\":\"Home\",\"item\":\"https:\/\/www.miomiorun.com\/fr\/home-page\/\"},{\"@type\":\"ListItem\",\"position\":2,\"name\":\"Shop\",\"item\":\"https:\/\/www.miomiorun.com\/shop\/\"},{\"@type\":\"ListItem\",\"position\":3,\"name\":\"Endorphin Elite 2 homme\"}]},{\"@type\":\"WebSite\",\"@id\":\"https:\/\/www.miomiorun.com\/fr\/#website\",\"url\":\"https:\/\/www.miomiorun.com\/fr\/\",\"name\":\"MioMioRun\",\"description\":\"Boutique 100% running et trail\",\"publisher\":{\"@id\":\"https:\/\/www.miomiorun.com\/fr\/#organization\"},\"potentialAction\":[{\"@type\":\"SearchAction\",\"target\":{\"@type\":\"EntryPoint\",\"urlTemplate\":\"https:\/\/www.miomiorun.com\/fr\/?s={search_term_string}\"},\"query-input\":{\"@type\":\"PropertyValueSpecification\",\"valueRequired\":true,\"valueName\":\"search_term_string\"}}],\"inLanguage\":\"fr-FR\"},{\"@type\":\"Organization\",\"@id\":\"https:\/\/www.miomiorun.com\/fr\/#organization\",\"name\":\"MioMio Run\",\"url\":\"https:\/\/www.miomiorun.com\/fr\/\",\"logo\":{\"@type\":\"ImageObject\",\"inLanguage\":\"fr-FR\",\"@id\":\"https:\/\/www.miomiorun.com\/fr\/#\/schema\/logo\/image\/\",\"url\":\"https:\/\/www.miomiorun.com\/app\/uploads\/2019\/12\/logomio.png\",\"contentUrl\":\"https:\/\/www.miomiorun.com\/app\/uploads\/2019\/12\/logomio.png\",\"width\":115,\"height\":82,\"caption\":\"MioMio Run\"},\"image\":{\"@id\":\"https:\/\/www.miomiorun.com\/fr\/#\/schema\/logo\/image\/\"},\"sameAs\":[\"https:\/\/www.facebook.com\/miomiorun\/\",\"https:\/\/www.instagram.com\/miomiorun\/\"]}]}<\/script>\n<!-- \/ Yoast SEO plugin. -->","yoast_head_json":{"title":"Saucony Endorphin Elite 2 homme -chaussures de course- MioMioRun","description":"L'Endorphin Elite 2 est une chaussure de course ultra-l\u00e9g\u00e8re et r\u00e9active avec des composants de qualit\u00e9 qui vous m\u00e8neront \u00e0 la ligne d'arriv\u00e9e.","robots":{"index":"index","follow":"follow","max-snippet":"max-snippet:-1","max-image-preview":"max-image-preview:large","max-video-preview":"max-video-preview:-1"},"canonical":"https:\/\/www.miomiorun.com\/fr\/produit\/endorphin-elite-2-homme\/","og_locale":"fr_FR","og_type":"article","og_title":"Saucony Endorphin Elite 2 homme -chaussures de course- MioMioRun","og_description":"L'Endorphin Elite 2 est une chaussure de course ultra-l\u00e9g\u00e8re et r\u00e9active avec des composants de qualit\u00e9 qui vous m\u00e8neront \u00e0 la ligne d'arriv\u00e9e.","og_url":"https:\/\/www.miomiorun.com\/fr\/produit\/endorphin-elite-2-homme\/","og_site_name":"MioMioRun","article_publisher":"https:\/\/www.facebook.com\/miomiorun\/","article_modified_time":"2025-11-15T08:39:59+00:00","og_image":[{"width":600,"height":600,"url":"https:\/\/www.miomiorun.com\/app\/uploads\/2025\/03\/saucony-Endorphin-Elite-2-white-peel-S30994-130.webp","type":"image\/webp"}],"twitter_card":"summary_large_image","twitter_misc":{"Est. reading time":"2 minutes"},"schema":{"@context":"https:\/\/schema.org","@graph":[{"@type":"WebPage","@id":"https:\/\/www.miomiorun.com\/fr\/produit\/endorphin-elite-2-homme\/","url":"https:\/\/www.miomiorun.com\/fr\/produit\/endorphin-elite-2-homme\/","name":"Saucony Endorphin Elite 2 homme -chaussures de course- MioMioRun","isPartOf":{"@id":"https:\/\/www.miomiorun.com\/fr\/#website"},"primaryImageOfPage":{"@id":"https:\/\/www.miomiorun.com\/fr\/produit\/endorphin-elite-2-homme\/#primaryimage"},"image":{"@id":"https:\/\/www.miomiorun.com\/fr\/produit\/endorphin-elite-2-homme\/#primaryimage"},"thumbnailUrl":"https:\/\/www.miomiorun.com\/app\/uploads\/2026\/01\/saucony-Endorphin-Elite-2-splash-fire-S30994-131.webp","datePublished":"2025-03-05T10:32:59+00:00","dateModified":"2025-11-15T08:39:59+00:00","description":"L'Endorphin Elite 2 est une chaussure de course ultra-l\u00e9g\u00e8re et r\u00e9active avec des composants de qualit\u00e9 qui vous m\u00e8neront \u00e0 la ligne d'arriv\u00e9e.","breadcrumb":{"@id":"https:\/\/www.miomiorun.com\/fr\/produit\/endorphin-elite-2-homme\/#breadcrumb"},"inLanguage":"fr-FR","potentialAction":[{"@type":"ReadAction","target":["https:\/\/www.miomiorun.com\/fr\/produit\/endorphin-elite-2-homme\/"]}]},{"@type":"ImageObject","inLanguage":"fr-FR","@id":"https:\/\/www.miomiorun.com\/fr\/produit\/endorphin-elite-2-homme\/#primaryimage","url":"https:\/\/www.miomiorun.com\/app\/uploads\/2026\/01\/saucony-Endorphin-Elite-2-splash-fire-S30994-131.webp","contentUrl":"https:\/\/www.miomiorun.com\/app\/uploads\/2026\/01\/saucony-Endorphin-Elite-2-splash-fire-S30994-131.webp","width":720,"height":720,"caption":"saucony Endorphin Elite 2 splash fire S30994-131"},{"@type":"BreadcrumbList","@id":"https:\/\/www.miomiorun.com\/fr\/produit\/endorphin-elite-2-homme\/#breadcrumb","itemListElement":[{"@type":"ListItem","position":1,"name":"Home","item":"https:\/\/www.miomiorun.com\/fr\/home-page\/"},{"@type":"ListItem","position":2,"name":"Shop","item":"https:\/\/www.miomiorun.com\/shop\/"},{"@type":"ListItem","position":3,"name":"Endorphin Elite 2 homme"}]},{"@type":"WebSite","@id":"https:\/\/www.miomiorun.com\/fr\/#website","url":"https:\/\/www.miomiorun.com\/fr\/","name":"MioMioRun","description":"Boutique 100% running et trail","publisher":{"@id":"https:\/\/www.miomiorun.com\/fr\/#organization"},"potentialAction":[{"@type":"SearchAction","target":{"@type":"EntryPoint","urlTemplate":"https:\/\/www.miomiorun.com\/fr\/?s={search_term_string}"},"query-input":{"@type":"PropertyValueSpecification","valueRequired":true,"valueName":"search_term_string"}}],"inLanguage":"fr-FR"},{"@type":"Organization","@id":"https:\/\/www.miomiorun.com\/fr\/#organization","name":"MioMio Run","url":"https:\/\/www.miomiorun.com\/fr\/","logo":{"@type":"ImageObject","inLanguage":"fr-FR","@id":"https:\/\/www.miomiorun.com\/fr\/#\/schema\/logo\/image\/","url":"https:\/\/www.miomiorun.com\/app\/uploads\/2019\/12\/logomio.png","contentUrl":"https:\/\/www.miomiorun.com\/app\/uploads\/2019\/12\/logomio.png","width":115,"height":82,"caption":"MioMio Run"},"image":{"@id":"https:\/\/www.miomiorun.com\/fr\/#\/schema\/logo\/image\/"},"sameAs":["https:\/\/www.facebook.com\/miomiorun\/","https:\/\/www.instagram.com\/miomiorun\/"]}]}},"_links":{"self":[{"href":"https:\/\/www.miomiorun.com\/fr\/wp-json\/wp\/v2\/product\/299255","targetHints":{"allow":["GET"]}}],"collection":[{"href":"https:\/\/www.miomiorun.com\/fr\/wp-json\/wp\/v2\/product"}],"about":[{"href":"https:\/\/www.miomiorun.com\/fr\/wp-json\/wp\/v2\/types\/product"}],"wp:featuredmedia":[{"embeddable":true,"href":"https:\/\/www.miomiorun.com\/fr\/wp-json\/wp\/v2\/media\/385634"}],"wp:attachment":[{"href":"https:\/\/www.miomiorun.com\/fr\/wp-json\/wp\/v2\/media?parent=299255"}],"wp:term":[{"taxonomy":"product_brand","embeddable":true,"href":"https:\/\/www.miomiorun.com\/fr\/wp-json\/wp\/v2\/product_brand?post=299255"},{"taxonomy":"product_cat","embeddable":true,"href":"https:\/\/www.miomiorun.com\/fr\/wp-json\/wp\/v2\/product_cat?post=299255"},{"taxonomy":"product_tag","embeddable":true,"href":"https:\/\/www.miomiorun.com\/fr\/wp-json\/wp\/v2\/product_tag?post=299255"}],"curies":[{"name":"wp","href":"https:\/\/api.w.org\/{rel}","templated":true}]}}