{"id":299251,"date":"2025-03-06T16:26:58","date_gmt":"2025-03-06T15:26:58","guid":{"rendered":"https:\/\/miomiorun.com\/prodotto\/x-ultra-5-gtx-donna\/"},"modified":"2026-05-08T22:30:43","modified_gmt":"2026-05-08T20:30:43","slug":"x-ultra-5-gtx-femme","status":"publish","type":"product","link":"https:\/\/www.miomiorun.com\/fr\/produit\/x-ultra-5-gtx-femme\/","title":{"rendered":"X Ultra 5 GTX femme"},"content":{"rendered":"<div class=\"vc-row container\"><div class=\"vc-column\"><div class=\"vc-column-text\"><\/p>\n<p><strong>Caract\u00e9ristiques techniques<\/strong><\/p>\n<p>Cat\u00e9gorie : amorti haut de gamme<br \/>\nPoids : 380 g<br \/>\nId\u00e9al pour : Les amateurs de trekking et de longues randonn\u00e9es, \u00e0 la recherche d&#8217;un mod\u00e8le bien amorti et protecteur, \u00e9quip\u00e9 de membranes Gore-tex pour garder les pieds au sec m\u00eame sous la pluie et capable de transmettre un maximum de confort sur de tr\u00e8s longues distances.<br \/>\nPoids de l&#8217;athl\u00e8te : 55-80 kg<br \/>\nAllure de course : moyenne (6.00 min\/km)<br \/>\n<a href=\"https:\/\/miomiorun.com\/fr\/guide-des-specificites\/\">Guide des sp\u00e9cifications techniques<\/a><\/p>\n<p><\/div><\/div><div class=\"vc-column\"><div class=\"vc-column-text\">Chers amateurs de randonn\u00e9e et d&#8217;aventure, nous vous pr\u00e9sentons aujourd&#8217;hui une chaussure qui non seulement promet, mais garantit fiabilit\u00e9 et performance \u00e0 chaque pas : la <strong>X-Ultra 5 GORE-TEX<\/strong>.<\/p>\n<p>Con\u00e7ue pour ceux qui aiment explorer les sentiers avec confiance et cran, la X-Ultra 5 est l&#8217;alli\u00e9e parfaite pour affronter tout type de terrain, de l&#8217;ascension la plus exigeante \u00e0 la descente la plus technique. Avec un design l\u00e9ger mais incroyablement stable, chaque mouvement sera naturel et contr\u00f4l\u00e9, pour une marche fluide et s\u00fbre.<\/p>\n<p>La <strong>tige en Matryx\u00ae<\/strong> offre une durabilit\u00e9 exceptionnelle, capable de r\u00e9sister aux d\u00e9fis les plus difficiles que les sentiers peuvent vous lancer. Associ\u00e9e \u00e0 la <strong>semelle Contagrip\u00ae<\/strong>, elle offre une adh\u00e9rence parfaite sur toutes les surfaces : boueuses, rocailleuses ou humides, ce qui vous permet d&#8217;affronter toutes les conditions m\u00e9t\u00e9orologiques en toute confiance.<\/p>\n<p>Le confort avant tout : la zone du col est con\u00e7ue pour assurer un ajustement durable sans sacrifier la protection et le soutien. <strong>GORE-TEX\u00ae<\/strong> vous prot\u00e8ge de l&#8217;humidit\u00e9, gardant vos pieds au sec m\u00eame sur les terrains les plus humides, pour que vous puissiez profiter de votre randonn\u00e9e sans vous d\u00e9concentrer.<\/p>\n<p>L\u00e9g\u00e8re, stable et imperm\u00e9able, la <strong>X-Ultra 5 GORE-TEX<\/strong> est parfaite pour les randonn\u00e9es d&#8217;une journ\u00e9e sur des terrains mixtes, faciles, boueux, rocailleux ou humides. Avec un poids de <strong>380 g<\/strong> et une <strong>haute protection du pied<\/strong>, cette chaussure est le compagnon id\u00e9al de ceux qui recherchent la performance et le confort \u00e0 chaque pas.<\/p>\n<p>Que vous partiez pour une journ\u00e9e de randonn\u00e9e ou une aventure en montagne, ne laissez pas le terrain conditionner votre exp\u00e9rience. Choisissez la <strong>X-Ultra 5 GORE-TEX<\/strong>: un pas de plus en mati\u00e8re de s\u00e9curit\u00e9, de confort et de performance.<\/p>\n<p>&nbsp;<\/div><\/div><\/div>\n","protected":false},"excerpt":{"rendered":"<ul>\n<li>Stabilit\u00e9 : Le ch\u00e2ssis avanc\u00e9, associ\u00e9 \u00e0 Active Support, assure la stabilit\u00e9 lat\u00e9rale sans compromettre la mobilit\u00e9 du pied.<\/li>\n<li>Adh\u00e9rence et traction : All-Terrain Contagrip assure une traction toujours efficace<\/li>\n<li>Protection : m\u00e9lange de matrice, tige cousue et GORE-TEX pour une protection<\/li>\n<\/ul>\n","protected":false},"featured_media":265364,"template":"","meta":{"_acf_changed":false,"inline_featured_image":false},"product_brand":[],"product_cat":[22605,22608],"product_tag":[23581,23619],"class_list":{"0":"post-299251","1":"product","2":"type-product","3":"status-publish","4":"has-post-thumbnail","6":"product_cat-chaussures-pour-femmes","7":"product_cat-trail-fr","8":"product_tag-salomon-fr","9":"product_tag-salomon-femme","10":"pa_attivita-outdoor-fr","11":"pa_colore-x-ultra-5-gtx-w-seagrass-turbul-tender-fr","12":"pa_colore-x-ultra-5-gtx-w-spellbound-mnment-duskyo","13":"pa_marca-salomon-fr","14":"pa_sesso-femme","15":"pa_size-38-fr","17":"pa_size-39-fr","18":"pa_size-40-fr","20":"pa_size-41-fr","22":"first","23":"instock","24":"sale","25":"taxable","26":"shipping-taxable","27":"purchasable","28":"product-type-variable","29":"wvs-archive-product-wrapper"},"acf":[],"yoast_head":"<!-- This site is optimized with the Yoast SEO plugin v26.8 - https:\/\/yoast.com\/product\/yoast-seo-wordpress\/ -->\n<title>Salomon X Ultra 5 GTX femme - chaussures de randonn\u00e9e - MioMioRun<\/title>\n<meta name=\"description\" content=\"La X-Ultra 5 GORE-TEX est une chaussure stable et imperm\u00e9able con\u00e7ue pour offrir confort, adh\u00e9rence et protection sur tous les terrains lors de vos randonn\u00e9es.\" \/>\n<meta name=\"robots\" content=\"index, follow, max-snippet:-1, max-image-preview:large, max-video-preview:-1\" \/>\n<link rel=\"canonical\" href=\"https:\/\/www.miomiorun.com\/fr\/produit\/x-ultra-5-gtx-femme\/\" \/>\n<meta property=\"og:locale\" content=\"fr_FR\" \/>\n<meta property=\"og:type\" content=\"article\" \/>\n<meta property=\"og:title\" content=\"Salomon X Ultra 5 GTX femme - chaussures de randonn\u00e9e - MioMioRun\" \/>\n<meta property=\"og:description\" content=\"La X-Ultra 5 GORE-TEX est une chaussure stable et imperm\u00e9able con\u00e7ue pour offrir confort, adh\u00e9rence et protection sur tous les terrains lors de vos randonn\u00e9es.\" \/>\n<meta property=\"og:url\" content=\"https:\/\/www.miomiorun.com\/fr\/produit\/x-ultra-5-gtx-femme\/\" \/>\n<meta property=\"og:site_name\" content=\"MioMioRun\" \/>\n<meta property=\"article:publisher\" content=\"https:\/\/www.facebook.com\/miomiorun\/\" \/>\n<meta property=\"article:modified_time\" content=\"2026-05-08T20:30:43+00:00\" \/>\n<meta property=\"og:image\" content=\"https:\/\/www.miomiorun.com\/app\/uploads\/2025\/03\/salomon-X-ULTRA-5-GTX-W-seagrass-turbul-tender-L47726300.webp\" \/>\n\t<meta property=\"og:image:width\" content=\"600\" \/>\n\t<meta property=\"og:image:height\" content=\"600\" \/>\n\t<meta property=\"og:image:type\" content=\"image\/webp\" \/>\n<meta name=\"twitter:card\" content=\"summary_large_image\" \/>\n<meta name=\"twitter:label1\" content=\"Est. reading time\" \/>\n\t<meta name=\"twitter:data1\" content=\"2 minutes\" \/>\n<script type=\"application\/ld+json\" class=\"yoast-schema-graph\">{\"@context\":\"https:\/\/schema.org\",\"@graph\":[{\"@type\":\"WebPage\",\"@id\":\"https:\/\/www.miomiorun.com\/fr\/produit\/x-ultra-5-gtx-femme\/\",\"url\":\"https:\/\/www.miomiorun.com\/fr\/produit\/x-ultra-5-gtx-femme\/\",\"name\":\"Salomon X Ultra 5 GTX femme - chaussures de randonn\u00e9e - MioMioRun\",\"isPartOf\":{\"@id\":\"https:\/\/www.miomiorun.com\/fr\/#website\"},\"primaryImageOfPage\":{\"@id\":\"https:\/\/www.miomiorun.com\/fr\/produit\/x-ultra-5-gtx-femme\/#primaryimage\"},\"image\":{\"@id\":\"https:\/\/www.miomiorun.com\/fr\/produit\/x-ultra-5-gtx-femme\/#primaryimage\"},\"thumbnailUrl\":\"https:\/\/www.miomiorun.com\/app\/uploads\/2025\/03\/salomon-X-ULTRA-5-GTX-W-seagrass-turbul-tender-L47726300.webp\",\"datePublished\":\"2025-03-06T15:26:58+00:00\",\"dateModified\":\"2026-05-08T20:30:43+00:00\",\"description\":\"La X-Ultra 5 GORE-TEX est une chaussure stable et imperm\u00e9able con\u00e7ue pour offrir confort, adh\u00e9rence et protection sur tous les terrains lors de vos randonn\u00e9es.\",\"breadcrumb\":{\"@id\":\"https:\/\/www.miomiorun.com\/fr\/produit\/x-ultra-5-gtx-femme\/#breadcrumb\"},\"inLanguage\":\"fr-FR\",\"potentialAction\":[{\"@type\":\"ReadAction\",\"target\":[\"https:\/\/www.miomiorun.com\/fr\/produit\/x-ultra-5-gtx-femme\/\"]}]},{\"@type\":\"ImageObject\",\"inLanguage\":\"fr-FR\",\"@id\":\"https:\/\/www.miomiorun.com\/fr\/produit\/x-ultra-5-gtx-femme\/#primaryimage\",\"url\":\"https:\/\/www.miomiorun.com\/app\/uploads\/2025\/03\/salomon-X-ULTRA-5-GTX-W-seagrass-turbul-tender-L47726300.webp\",\"contentUrl\":\"https:\/\/www.miomiorun.com\/app\/uploads\/2025\/03\/salomon-X-ULTRA-5-GTX-W-seagrass-turbul-tender-L47726300.webp\",\"width\":600,\"height\":600,\"caption\":\"salomon X ULTRA 5 GTX W seagrass turbul tender L47726300\"},{\"@type\":\"BreadcrumbList\",\"@id\":\"https:\/\/www.miomiorun.com\/fr\/produit\/x-ultra-5-gtx-femme\/#breadcrumb\",\"itemListElement\":[{\"@type\":\"ListItem\",\"position\":1,\"name\":\"Home\",\"item\":\"https:\/\/www.miomiorun.com\/fr\/home-page\/\"},{\"@type\":\"ListItem\",\"position\":2,\"name\":\"Shop\",\"item\":\"https:\/\/www.miomiorun.com\/shop\/\"},{\"@type\":\"ListItem\",\"position\":3,\"name\":\"X Ultra 5 GTX femme\"}]},{\"@type\":\"WebSite\",\"@id\":\"https:\/\/www.miomiorun.com\/fr\/#website\",\"url\":\"https:\/\/www.miomiorun.com\/fr\/\",\"name\":\"MioMioRun\",\"description\":\"Boutique 100% running et trail\",\"publisher\":{\"@id\":\"https:\/\/www.miomiorun.com\/fr\/#organization\"},\"potentialAction\":[{\"@type\":\"SearchAction\",\"target\":{\"@type\":\"EntryPoint\",\"urlTemplate\":\"https:\/\/www.miomiorun.com\/fr\/?s={search_term_string}\"},\"query-input\":{\"@type\":\"PropertyValueSpecification\",\"valueRequired\":true,\"valueName\":\"search_term_string\"}}],\"inLanguage\":\"fr-FR\"},{\"@type\":\"Organization\",\"@id\":\"https:\/\/www.miomiorun.com\/fr\/#organization\",\"name\":\"MioMio Run\",\"url\":\"https:\/\/www.miomiorun.com\/fr\/\",\"logo\":{\"@type\":\"ImageObject\",\"inLanguage\":\"fr-FR\",\"@id\":\"https:\/\/www.miomiorun.com\/fr\/#\/schema\/logo\/image\/\",\"url\":\"https:\/\/www.miomiorun.com\/app\/uploads\/2019\/12\/logomio.png\",\"contentUrl\":\"https:\/\/www.miomiorun.com\/app\/uploads\/2019\/12\/logomio.png\",\"width\":115,\"height\":82,\"caption\":\"MioMio Run\"},\"image\":{\"@id\":\"https:\/\/www.miomiorun.com\/fr\/#\/schema\/logo\/image\/\"},\"sameAs\":[\"https:\/\/www.facebook.com\/miomiorun\/\",\"https:\/\/www.instagram.com\/miomiorun\/\"]}]}<\/script>\n<!-- \/ Yoast SEO plugin. -->","yoast_head_json":{"title":"Salomon X Ultra 5 GTX femme - chaussures de randonn\u00e9e - MioMioRun","description":"La X-Ultra 5 GORE-TEX est une chaussure stable et imperm\u00e9able con\u00e7ue pour offrir confort, adh\u00e9rence et protection sur tous les terrains lors de vos randonn\u00e9es.","robots":{"index":"index","follow":"follow","max-snippet":"max-snippet:-1","max-image-preview":"max-image-preview:large","max-video-preview":"max-video-preview:-1"},"canonical":"https:\/\/www.miomiorun.com\/fr\/produit\/x-ultra-5-gtx-femme\/","og_locale":"fr_FR","og_type":"article","og_title":"Salomon X Ultra 5 GTX femme - chaussures de randonn\u00e9e - MioMioRun","og_description":"La X-Ultra 5 GORE-TEX est une chaussure stable et imperm\u00e9able con\u00e7ue pour offrir confort, adh\u00e9rence et protection sur tous les terrains lors de vos randonn\u00e9es.","og_url":"https:\/\/www.miomiorun.com\/fr\/produit\/x-ultra-5-gtx-femme\/","og_site_name":"MioMioRun","article_publisher":"https:\/\/www.facebook.com\/miomiorun\/","article_modified_time":"2026-05-08T20:30:43+00:00","og_image":[{"width":600,"height":600,"url":"https:\/\/www.miomiorun.com\/app\/uploads\/2025\/03\/salomon-X-ULTRA-5-GTX-W-seagrass-turbul-tender-L47726300.webp","type":"image\/webp"}],"twitter_card":"summary_large_image","twitter_misc":{"Est. reading time":"2 minutes"},"schema":{"@context":"https:\/\/schema.org","@graph":[{"@type":"WebPage","@id":"https:\/\/www.miomiorun.com\/fr\/produit\/x-ultra-5-gtx-femme\/","url":"https:\/\/www.miomiorun.com\/fr\/produit\/x-ultra-5-gtx-femme\/","name":"Salomon X Ultra 5 GTX femme - chaussures de randonn\u00e9e - MioMioRun","isPartOf":{"@id":"https:\/\/www.miomiorun.com\/fr\/#website"},"primaryImageOfPage":{"@id":"https:\/\/www.miomiorun.com\/fr\/produit\/x-ultra-5-gtx-femme\/#primaryimage"},"image":{"@id":"https:\/\/www.miomiorun.com\/fr\/produit\/x-ultra-5-gtx-femme\/#primaryimage"},"thumbnailUrl":"https:\/\/www.miomiorun.com\/app\/uploads\/2025\/03\/salomon-X-ULTRA-5-GTX-W-seagrass-turbul-tender-L47726300.webp","datePublished":"2025-03-06T15:26:58+00:00","dateModified":"2026-05-08T20:30:43+00:00","description":"La X-Ultra 5 GORE-TEX est une chaussure stable et imperm\u00e9able con\u00e7ue pour offrir confort, adh\u00e9rence et protection sur tous les terrains lors de vos randonn\u00e9es.","breadcrumb":{"@id":"https:\/\/www.miomiorun.com\/fr\/produit\/x-ultra-5-gtx-femme\/#breadcrumb"},"inLanguage":"fr-FR","potentialAction":[{"@type":"ReadAction","target":["https:\/\/www.miomiorun.com\/fr\/produit\/x-ultra-5-gtx-femme\/"]}]},{"@type":"ImageObject","inLanguage":"fr-FR","@id":"https:\/\/www.miomiorun.com\/fr\/produit\/x-ultra-5-gtx-femme\/#primaryimage","url":"https:\/\/www.miomiorun.com\/app\/uploads\/2025\/03\/salomon-X-ULTRA-5-GTX-W-seagrass-turbul-tender-L47726300.webp","contentUrl":"https:\/\/www.miomiorun.com\/app\/uploads\/2025\/03\/salomon-X-ULTRA-5-GTX-W-seagrass-turbul-tender-L47726300.webp","width":600,"height":600,"caption":"salomon X ULTRA 5 GTX W seagrass turbul tender L47726300"},{"@type":"BreadcrumbList","@id":"https:\/\/www.miomiorun.com\/fr\/produit\/x-ultra-5-gtx-femme\/#breadcrumb","itemListElement":[{"@type":"ListItem","position":1,"name":"Home","item":"https:\/\/www.miomiorun.com\/fr\/home-page\/"},{"@type":"ListItem","position":2,"name":"Shop","item":"https:\/\/www.miomiorun.com\/shop\/"},{"@type":"ListItem","position":3,"name":"X Ultra 5 GTX femme"}]},{"@type":"WebSite","@id":"https:\/\/www.miomiorun.com\/fr\/#website","url":"https:\/\/www.miomiorun.com\/fr\/","name":"MioMioRun","description":"Boutique 100% running et trail","publisher":{"@id":"https:\/\/www.miomiorun.com\/fr\/#organization"},"potentialAction":[{"@type":"SearchAction","target":{"@type":"EntryPoint","urlTemplate":"https:\/\/www.miomiorun.com\/fr\/?s={search_term_string}"},"query-input":{"@type":"PropertyValueSpecification","valueRequired":true,"valueName":"search_term_string"}}],"inLanguage":"fr-FR"},{"@type":"Organization","@id":"https:\/\/www.miomiorun.com\/fr\/#organization","name":"MioMio Run","url":"https:\/\/www.miomiorun.com\/fr\/","logo":{"@type":"ImageObject","inLanguage":"fr-FR","@id":"https:\/\/www.miomiorun.com\/fr\/#\/schema\/logo\/image\/","url":"https:\/\/www.miomiorun.com\/app\/uploads\/2019\/12\/logomio.png","contentUrl":"https:\/\/www.miomiorun.com\/app\/uploads\/2019\/12\/logomio.png","width":115,"height":82,"caption":"MioMio Run"},"image":{"@id":"https:\/\/www.miomiorun.com\/fr\/#\/schema\/logo\/image\/"},"sameAs":["https:\/\/www.facebook.com\/miomiorun\/","https:\/\/www.instagram.com\/miomiorun\/"]}]}},"_links":{"self":[{"href":"https:\/\/www.miomiorun.com\/fr\/wp-json\/wp\/v2\/product\/299251","targetHints":{"allow":["GET"]}}],"collection":[{"href":"https:\/\/www.miomiorun.com\/fr\/wp-json\/wp\/v2\/product"}],"about":[{"href":"https:\/\/www.miomiorun.com\/fr\/wp-json\/wp\/v2\/types\/product"}],"wp:featuredmedia":[{"embeddable":true,"href":"https:\/\/www.miomiorun.com\/fr\/wp-json\/wp\/v2\/media\/265364"}],"wp:attachment":[{"href":"https:\/\/www.miomiorun.com\/fr\/wp-json\/wp\/v2\/media?parent=299251"}],"wp:term":[{"taxonomy":"product_brand","embeddable":true,"href":"https:\/\/www.miomiorun.com\/fr\/wp-json\/wp\/v2\/product_brand?post=299251"},{"taxonomy":"product_cat","embeddable":true,"href":"https:\/\/www.miomiorun.com\/fr\/wp-json\/wp\/v2\/product_cat?post=299251"},{"taxonomy":"product_tag","embeddable":true,"href":"https:\/\/www.miomiorun.com\/fr\/wp-json\/wp\/v2\/product_tag?post=299251"}],"curies":[{"name":"wp","href":"https:\/\/api.w.org\/{rel}","templated":true}]}}