{"id":299250,"date":"2025-03-06T17:01:28","date_gmt":"2025-03-06T16:01:28","guid":{"rendered":"https:\/\/miomiorun.com\/prodotto\/x-ultra-5-mid-gtx-uomo\/"},"modified":"2026-05-08T22:30:44","modified_gmt":"2026-05-08T20:30:44","slug":"x-ultra-5-mid-gtx-homme","status":"publish","type":"product","link":"https:\/\/www.miomiorun.com\/fr\/produit\/x-ultra-5-mid-gtx-homme\/","title":{"rendered":"X Ultra 5 Mid GTX homme"},"content":{"rendered":"<p><div class=\"vc-row container\"><div class=\"vc-column\"><div class=\"vc-column-text\"><\/p>\n<p><strong>Caract\u00e9ristiques techniques<\/strong><\/p>\n<p>Cat\u00e9gorie : amorti haut de gamme<br \/>\nPoids : 440 g<br \/>\nId\u00e9al pour : Les amateurs de trekking et de longues randonn\u00e9es, \u00e0 la recherche d&#8217;un mod\u00e8le bien amorti et protecteur, \u00e9quip\u00e9 de membranes Gore-tex pour garder les pieds au sec m\u00eame sous la pluie et capable de transmettre un maximum de confort sur de tr\u00e8s longues distances.<br \/>\nPoids de l&#8217;athl\u00e8te : 55-80 kg<br \/>\nAllure de course : moyenne (6.00 min\/km)<br \/>\n<a href=\"https:\/\/miomiorun.com\/fr\/guide-des-specificites\/\">Guide des sp\u00e9cifications techniques<\/a><\/p>\n<p><\/div><\/div><div class=\"vc-column\"><div class=\"vc-column-text\">Si vous recherchez une chaussure qui vous offre s\u00e9curit\u00e9, confort et performances sup\u00e9rieures lors de vos randonn\u00e9es, la <strong>X-Ultra 5 Mid GORE-TEX<\/strong> est faite pour vous. Avec un profil Mid qui offre un excellent maintien de la cheville, cette chaussure est incroyablement stable et con\u00e7ue pour affronter les mont\u00e9es les plus exigeantes avec cran et dominer les descentes les plus techniques avec aisance.<\/p>\n<p>La <strong>tige Matryx\u00ae<\/strong> ultra-durable combin\u00e9e \u00e0 la <strong>semelle Contagrip\u00ae<\/strong> vous offre une adh\u00e9rence et une traction sup\u00e9rieures sur tous les terrains, qu&#8217;il s&#8217;agisse de sentiers boueux, rocailleux ou humides. La protection du pied est \u00e9lev\u00e9e, tandis que le soutien du pied reste stable, ce qui vous permet de marcher avec agilit\u00e9 et confiance.<\/p>\n<p>La technologie <strong>GORE-TEX\u00ae<\/strong> garantit que vos pieds resteront au sec m\u00eame dans des conditions humides, tandis que la zone du collier est con\u00e7ue pour un confort durable, afin que vous puissiez entreprendre des randonn\u00e9es d&#8217;une journ\u00e9e sur des terrains mixtes et vari\u00e9s sans sacrifier la protection. Pesant seulement <strong>440 g<\/strong>, la X-Ultra 5 Mid est parfaite pour ceux qui recherchent une chaussure qui ne se contente pas de tenir, mais qui soutient votre foul\u00e9e dans toutes vos aventures.<\/p>\n<p>Choisissez la <strong>X-Ultra 5 Mid GORE-TEX<\/strong> pour une exp\u00e9rience de randonn\u00e9e s\u00fbre, confortable et performante. Faites passer vos randonn\u00e9es au niveau sup\u00e9rieur !<\/div><\/div><\/div><div class=\"vc-row container\"><div class=\"vc-column\"><div style=\"height:32px\" class=\"vc-empty-space\"><\/div><\/div><\/div><div class=\"vc-row container\"><div class=\"vc-column\"><div class=\"vc-column-text\"><\/p>\n<div style=\"width: 516px;\" class=\"wp-video\"><video class=\"wp-video-shortcode\" id=\"video-299250-1\" width=\"516\" height=\"618\" loop autoplay preload=\"metadata\" controls=\"controls\"><source type=\"video\/webm\" src=\"https:\/\/miomiorun.com\/wp-content\/uploads\/2025\/03\/X-ULTRA-5-MID-GTX.webm?_=1\" \/><a href=\"https:\/\/miomiorun.com\/wp-content\/uploads\/2025\/03\/X-ULTRA-5-MID-GTX.webm\">https:\/\/miomiorun.com\/wp-content\/uploads\/2025\/03\/X-ULTRA-5-MID-GTX.webm<\/a><\/video><\/div>\n<p><\/div><\/div><\/div><\/p>\n","protected":false},"excerpt":{"rendered":"<ul>\n<li>Stabilit\u00e9 : Le ch\u00e2ssis avanc\u00e9, associ\u00e9 \u00e0 Active Support, assure la stabilit\u00e9 lat\u00e9rale sans compromettre la mobilit\u00e9 du pied.<\/li>\n<li>Adh\u00e9rence et traction : All-Terrain Contagrip assure une traction toujours efficace<\/li>\n<li>Protection : m\u00e9lange de matrice, tige cousue et GORE-TEX pour une protection<\/li>\n<\/ul>\n","protected":false},"featured_media":265518,"template":"","meta":{"_acf_changed":false,"inline_featured_image":false},"product_brand":[],"product_cat":[24448,24445],"product_tag":[23581,23580],"class_list":{"0":"post-299250","1":"product","2":"type-product","3":"status-publish","4":"has-post-thumbnail","6":"product_cat-chaussures-pour-hommes-fr","7":"product_cat-trail-fr-3","8":"product_tag-salomon-fr","9":"product_tag-salomon-homme","10":"pa_attivita-outdoor-fr","11":"pa_colore-x-ultra-5-mid-gtx-peat-gray-green-blue-fr","12":"pa_marca-salomon-fr","13":"pa_sesso-homme","14":"pa_size-41-fr","15":"pa_size-42-fr","16":"pa_size-43-fr","17":"pa_size-44-fr","18":"pa_size-45-fr","19":"pa_size-46-fr","21":"pa_size-47-fr","23":"first","24":"instock","25":"sale","26":"taxable","27":"shipping-taxable","28":"purchasable","29":"product-type-variable","30":"wvs-archive-product-wrapper"},"acf":[],"yoast_head":"<!-- This site is optimized with the Yoast SEO plugin v26.8 - https:\/\/yoast.com\/product\/yoast-seo-wordpress\/ -->\n<title>Salomon X Ultra 5 Mid GTX homme - chaussures de randonn\u00e9e - MioMioRun<\/title>\n<meta name=\"description\" content=\"La X-Ultra 5 Mid GORE-TEX est une chaussure stable et imperm\u00e9able con\u00e7ue pour offrir soutien, confort et adh\u00e9rence sur diff\u00e9rents terrains de randonn\u00e9e.\" \/>\n<meta name=\"robots\" content=\"index, follow, max-snippet:-1, max-image-preview:large, max-video-preview:-1\" \/>\n<link rel=\"canonical\" href=\"https:\/\/www.miomiorun.com\/fr\/produit\/x-ultra-5-mid-gtx-homme\/\" \/>\n<meta property=\"og:locale\" content=\"fr_FR\" \/>\n<meta property=\"og:type\" content=\"article\" \/>\n<meta property=\"og:title\" content=\"Salomon X Ultra 5 Mid GTX homme - chaussures de randonn\u00e9e - MioMioRun\" \/>\n<meta property=\"og:description\" content=\"La X-Ultra 5 Mid GORE-TEX est une chaussure stable et imperm\u00e9able con\u00e7ue pour offrir soutien, confort et adh\u00e9rence sur diff\u00e9rents terrains de randonn\u00e9e.\" \/>\n<meta property=\"og:url\" content=\"https:\/\/www.miomiorun.com\/fr\/produit\/x-ultra-5-mid-gtx-homme\/\" \/>\n<meta property=\"og:site_name\" content=\"MioMioRun\" \/>\n<meta property=\"article:publisher\" content=\"https:\/\/www.facebook.com\/miomiorun\/\" \/>\n<meta property=\"article:modified_time\" content=\"2026-05-08T20:30:44+00:00\" \/>\n<meta property=\"og:image\" content=\"https:\/\/www.miomiorun.com\/app\/uploads\/2025\/03\/salomon-X-ULTRA-5-MID-GTX-peat-gray-green-blue-L47754300.webp\" \/>\n\t<meta property=\"og:image:width\" content=\"600\" \/>\n\t<meta property=\"og:image:height\" content=\"600\" \/>\n\t<meta property=\"og:image:type\" content=\"image\/webp\" \/>\n<meta name=\"twitter:card\" content=\"summary_large_image\" \/>\n<meta name=\"twitter:label1\" content=\"Est. reading time\" \/>\n\t<meta name=\"twitter:data1\" content=\"2 minutes\" \/>\n<script type=\"application\/ld+json\" class=\"yoast-schema-graph\">{\"@context\":\"https:\/\/schema.org\",\"@graph\":[{\"@type\":\"WebPage\",\"@id\":\"https:\/\/www.miomiorun.com\/fr\/produit\/x-ultra-5-mid-gtx-homme\/\",\"url\":\"https:\/\/www.miomiorun.com\/fr\/produit\/x-ultra-5-mid-gtx-homme\/\",\"name\":\"Salomon X Ultra 5 Mid GTX homme - chaussures de randonn\u00e9e - MioMioRun\",\"isPartOf\":{\"@id\":\"https:\/\/www.miomiorun.com\/fr\/#website\"},\"primaryImageOfPage\":{\"@id\":\"https:\/\/www.miomiorun.com\/fr\/produit\/x-ultra-5-mid-gtx-homme\/#primaryimage\"},\"image\":{\"@id\":\"https:\/\/www.miomiorun.com\/fr\/produit\/x-ultra-5-mid-gtx-homme\/#primaryimage\"},\"thumbnailUrl\":\"https:\/\/www.miomiorun.com\/app\/uploads\/2025\/03\/salomon-X-ULTRA-5-MID-GTX-peat-gray-green-blue-L47754300.webp\",\"datePublished\":\"2025-03-06T16:01:28+00:00\",\"dateModified\":\"2026-05-08T20:30:44+00:00\",\"description\":\"La X-Ultra 5 Mid GORE-TEX est une chaussure stable et imperm\u00e9able con\u00e7ue pour offrir soutien, confort et adh\u00e9rence sur diff\u00e9rents terrains de randonn\u00e9e.\",\"breadcrumb\":{\"@id\":\"https:\/\/www.miomiorun.com\/fr\/produit\/x-ultra-5-mid-gtx-homme\/#breadcrumb\"},\"inLanguage\":\"fr-FR\",\"potentialAction\":[{\"@type\":\"ReadAction\",\"target\":[\"https:\/\/www.miomiorun.com\/fr\/produit\/x-ultra-5-mid-gtx-homme\/\"]}]},{\"@type\":\"ImageObject\",\"inLanguage\":\"fr-FR\",\"@id\":\"https:\/\/www.miomiorun.com\/fr\/produit\/x-ultra-5-mid-gtx-homme\/#primaryimage\",\"url\":\"https:\/\/www.miomiorun.com\/app\/uploads\/2025\/03\/salomon-X-ULTRA-5-MID-GTX-peat-gray-green-blue-L47754300.webp\",\"contentUrl\":\"https:\/\/www.miomiorun.com\/app\/uploads\/2025\/03\/salomon-X-ULTRA-5-MID-GTX-peat-gray-green-blue-L47754300.webp\",\"width\":600,\"height\":600,\"caption\":\"salomon X ULTRA 5 MID GTX peat gray green blue L47754300\"},{\"@type\":\"BreadcrumbList\",\"@id\":\"https:\/\/www.miomiorun.com\/fr\/produit\/x-ultra-5-mid-gtx-homme\/#breadcrumb\",\"itemListElement\":[{\"@type\":\"ListItem\",\"position\":1,\"name\":\"Home\",\"item\":\"https:\/\/www.miomiorun.com\/fr\/home-page\/\"},{\"@type\":\"ListItem\",\"position\":2,\"name\":\"Shop\",\"item\":\"https:\/\/www.miomiorun.com\/shop\/\"},{\"@type\":\"ListItem\",\"position\":3,\"name\":\"X Ultra 5 Mid GTX homme\"}]},{\"@type\":\"WebSite\",\"@id\":\"https:\/\/www.miomiorun.com\/fr\/#website\",\"url\":\"https:\/\/www.miomiorun.com\/fr\/\",\"name\":\"MioMioRun\",\"description\":\"Boutique 100% running et trail\",\"publisher\":{\"@id\":\"https:\/\/www.miomiorun.com\/fr\/#organization\"},\"potentialAction\":[{\"@type\":\"SearchAction\",\"target\":{\"@type\":\"EntryPoint\",\"urlTemplate\":\"https:\/\/www.miomiorun.com\/fr\/?s={search_term_string}\"},\"query-input\":{\"@type\":\"PropertyValueSpecification\",\"valueRequired\":true,\"valueName\":\"search_term_string\"}}],\"inLanguage\":\"fr-FR\"},{\"@type\":\"Organization\",\"@id\":\"https:\/\/www.miomiorun.com\/fr\/#organization\",\"name\":\"MioMio Run\",\"url\":\"https:\/\/www.miomiorun.com\/fr\/\",\"logo\":{\"@type\":\"ImageObject\",\"inLanguage\":\"fr-FR\",\"@id\":\"https:\/\/www.miomiorun.com\/fr\/#\/schema\/logo\/image\/\",\"url\":\"https:\/\/www.miomiorun.com\/app\/uploads\/2019\/12\/logomio.png\",\"contentUrl\":\"https:\/\/www.miomiorun.com\/app\/uploads\/2019\/12\/logomio.png\",\"width\":115,\"height\":82,\"caption\":\"MioMio Run\"},\"image\":{\"@id\":\"https:\/\/www.miomiorun.com\/fr\/#\/schema\/logo\/image\/\"},\"sameAs\":[\"https:\/\/www.facebook.com\/miomiorun\/\",\"https:\/\/www.instagram.com\/miomiorun\/\"]}]}<\/script>\n<!-- \/ Yoast SEO plugin. -->","yoast_head_json":{"title":"Salomon X Ultra 5 Mid GTX homme - chaussures de randonn\u00e9e - MioMioRun","description":"La X-Ultra 5 Mid GORE-TEX est une chaussure stable et imperm\u00e9able con\u00e7ue pour offrir soutien, confort et adh\u00e9rence sur diff\u00e9rents terrains de randonn\u00e9e.","robots":{"index":"index","follow":"follow","max-snippet":"max-snippet:-1","max-image-preview":"max-image-preview:large","max-video-preview":"max-video-preview:-1"},"canonical":"https:\/\/www.miomiorun.com\/fr\/produit\/x-ultra-5-mid-gtx-homme\/","og_locale":"fr_FR","og_type":"article","og_title":"Salomon X Ultra 5 Mid GTX homme - chaussures de randonn\u00e9e - MioMioRun","og_description":"La X-Ultra 5 Mid GORE-TEX est une chaussure stable et imperm\u00e9able con\u00e7ue pour offrir soutien, confort et adh\u00e9rence sur diff\u00e9rents terrains de randonn\u00e9e.","og_url":"https:\/\/www.miomiorun.com\/fr\/produit\/x-ultra-5-mid-gtx-homme\/","og_site_name":"MioMioRun","article_publisher":"https:\/\/www.facebook.com\/miomiorun\/","article_modified_time":"2026-05-08T20:30:44+00:00","og_image":[{"width":600,"height":600,"url":"https:\/\/www.miomiorun.com\/app\/uploads\/2025\/03\/salomon-X-ULTRA-5-MID-GTX-peat-gray-green-blue-L47754300.webp","type":"image\/webp"}],"twitter_card":"summary_large_image","twitter_misc":{"Est. reading time":"2 minutes"},"schema":{"@context":"https:\/\/schema.org","@graph":[{"@type":"WebPage","@id":"https:\/\/www.miomiorun.com\/fr\/produit\/x-ultra-5-mid-gtx-homme\/","url":"https:\/\/www.miomiorun.com\/fr\/produit\/x-ultra-5-mid-gtx-homme\/","name":"Salomon X Ultra 5 Mid GTX homme - chaussures de randonn\u00e9e - MioMioRun","isPartOf":{"@id":"https:\/\/www.miomiorun.com\/fr\/#website"},"primaryImageOfPage":{"@id":"https:\/\/www.miomiorun.com\/fr\/produit\/x-ultra-5-mid-gtx-homme\/#primaryimage"},"image":{"@id":"https:\/\/www.miomiorun.com\/fr\/produit\/x-ultra-5-mid-gtx-homme\/#primaryimage"},"thumbnailUrl":"https:\/\/www.miomiorun.com\/app\/uploads\/2025\/03\/salomon-X-ULTRA-5-MID-GTX-peat-gray-green-blue-L47754300.webp","datePublished":"2025-03-06T16:01:28+00:00","dateModified":"2026-05-08T20:30:44+00:00","description":"La X-Ultra 5 Mid GORE-TEX est une chaussure stable et imperm\u00e9able con\u00e7ue pour offrir soutien, confort et adh\u00e9rence sur diff\u00e9rents terrains de randonn\u00e9e.","breadcrumb":{"@id":"https:\/\/www.miomiorun.com\/fr\/produit\/x-ultra-5-mid-gtx-homme\/#breadcrumb"},"inLanguage":"fr-FR","potentialAction":[{"@type":"ReadAction","target":["https:\/\/www.miomiorun.com\/fr\/produit\/x-ultra-5-mid-gtx-homme\/"]}]},{"@type":"ImageObject","inLanguage":"fr-FR","@id":"https:\/\/www.miomiorun.com\/fr\/produit\/x-ultra-5-mid-gtx-homme\/#primaryimage","url":"https:\/\/www.miomiorun.com\/app\/uploads\/2025\/03\/salomon-X-ULTRA-5-MID-GTX-peat-gray-green-blue-L47754300.webp","contentUrl":"https:\/\/www.miomiorun.com\/app\/uploads\/2025\/03\/salomon-X-ULTRA-5-MID-GTX-peat-gray-green-blue-L47754300.webp","width":600,"height":600,"caption":"salomon X ULTRA 5 MID GTX peat gray green blue L47754300"},{"@type":"BreadcrumbList","@id":"https:\/\/www.miomiorun.com\/fr\/produit\/x-ultra-5-mid-gtx-homme\/#breadcrumb","itemListElement":[{"@type":"ListItem","position":1,"name":"Home","item":"https:\/\/www.miomiorun.com\/fr\/home-page\/"},{"@type":"ListItem","position":2,"name":"Shop","item":"https:\/\/www.miomiorun.com\/shop\/"},{"@type":"ListItem","position":3,"name":"X Ultra 5 Mid GTX homme"}]},{"@type":"WebSite","@id":"https:\/\/www.miomiorun.com\/fr\/#website","url":"https:\/\/www.miomiorun.com\/fr\/","name":"MioMioRun","description":"Boutique 100% running et trail","publisher":{"@id":"https:\/\/www.miomiorun.com\/fr\/#organization"},"potentialAction":[{"@type":"SearchAction","target":{"@type":"EntryPoint","urlTemplate":"https:\/\/www.miomiorun.com\/fr\/?s={search_term_string}"},"query-input":{"@type":"PropertyValueSpecification","valueRequired":true,"valueName":"search_term_string"}}],"inLanguage":"fr-FR"},{"@type":"Organization","@id":"https:\/\/www.miomiorun.com\/fr\/#organization","name":"MioMio Run","url":"https:\/\/www.miomiorun.com\/fr\/","logo":{"@type":"ImageObject","inLanguage":"fr-FR","@id":"https:\/\/www.miomiorun.com\/fr\/#\/schema\/logo\/image\/","url":"https:\/\/www.miomiorun.com\/app\/uploads\/2019\/12\/logomio.png","contentUrl":"https:\/\/www.miomiorun.com\/app\/uploads\/2019\/12\/logomio.png","width":115,"height":82,"caption":"MioMio Run"},"image":{"@id":"https:\/\/www.miomiorun.com\/fr\/#\/schema\/logo\/image\/"},"sameAs":["https:\/\/www.facebook.com\/miomiorun\/","https:\/\/www.instagram.com\/miomiorun\/"]}]}},"_links":{"self":[{"href":"https:\/\/www.miomiorun.com\/fr\/wp-json\/wp\/v2\/product\/299250","targetHints":{"allow":["GET"]}}],"collection":[{"href":"https:\/\/www.miomiorun.com\/fr\/wp-json\/wp\/v2\/product"}],"about":[{"href":"https:\/\/www.miomiorun.com\/fr\/wp-json\/wp\/v2\/types\/product"}],"wp:featuredmedia":[{"embeddable":true,"href":"https:\/\/www.miomiorun.com\/fr\/wp-json\/wp\/v2\/media\/265518"}],"wp:attachment":[{"href":"https:\/\/www.miomiorun.com\/fr\/wp-json\/wp\/v2\/media?parent=299250"}],"wp:term":[{"taxonomy":"product_brand","embeddable":true,"href":"https:\/\/www.miomiorun.com\/fr\/wp-json\/wp\/v2\/product_brand?post=299250"},{"taxonomy":"product_cat","embeddable":true,"href":"https:\/\/www.miomiorun.com\/fr\/wp-json\/wp\/v2\/product_cat?post=299250"},{"taxonomy":"product_tag","embeddable":true,"href":"https:\/\/www.miomiorun.com\/fr\/wp-json\/wp\/v2\/product_tag?post=299250"}],"curies":[{"name":"wp","href":"https:\/\/api.w.org\/{rel}","templated":true}]}}