{"id":299075,"date":"2025-01-16T13:11:17","date_gmt":"2025-01-16T12:11:17","guid":{"rendered":"https:\/\/miomiorun.com\/prodotto\/supernova-rise-2-uomo\/"},"modified":"2025-04-18T09:55:40","modified_gmt":"2025-04-18T07:55:40","slug":"supernova-rise-2-homme","status":"publish","type":"product","link":"https:\/\/www.miomiorun.com\/fr\/produit\/supernova-rise-2-homme\/","title":{"rendered":"Supernova Rise 2 homme"},"content":{"rendered":"<div class=\"vc-row container\"><div class=\"vc-column\"><div class=\"vc-column-text\">[port_content_box border_top_colour=&#8221;black&#8221; border_radius=&#8221;20&#8243; border_top_width=&#8221;3&#8243; align=&#8221;centre&#8221;]<\/p>\n<h4>Caract\u00e9ristiques techniques<\/h4>\n<p>Cat\u00e9gorie : Amortissement structur\u00e9<br \/>\nD\u00e9calage : 10mm (36mm \/ 26mm)<br \/>\nPoids : 276 g<br \/>\nId\u00e9al pour : chaussure id\u00e9ale pour les athl\u00e8tes de poids et de foul\u00e9e moyens qui recherchent un excellent amorti pour les entra\u00eenements ou les courses de moyenne \u00e0 longue distance, elle s&#8217;av\u00e8re \u00e9galement \u00eatre un excellent compagnon de marche<br \/>\nPoids de l&#8217;athl\u00e8te : 60-75 kg<br \/>\nAllure de course : 5 min\/kg<br \/>\n<a href=\"https:\/\/miomiorun.com\/fr\/guide-des-specificites\/\">Guide de sp\u00e9cification<\/a><\/p>\n<p>[\/port_content_box]<\/div><\/div><div class=\"vc-column\"><div class=\"vc-column-text\"><\/p>\n<div class=\"text-content___13aRm\">\n<section class=\"_wrapper_47lxb_8\">\n<div class=\"_statement_47lxb_12 color-theme-black\">\n<div class=\"_statement-summary_47lxb_103 _dynamic-alignment_47lxb_146\" data-auto-id=\"statement-summary\">\n<div class=\"_cell_18qu3_18 _with-content_18qu3_27\" data-auto-id=\"bs-body\">\n<div class=\"_banner-split_18qu3_31 color-theme-black\">\n<div class=\"_cell_18qu3_18 _with-content_18qu3_27\" data-auto-id=\"bs-body\">\n<div class=\"_banner-split_18qu3_31 color-theme-black\">\n<div class=\"_cell_18qu3_18 _with-content_18qu3_27\" data-auto-id=\"bs-body\">\n<div class=\"_banner-split_18qu3_31 color-theme-black\">\n<h3 class=\"subtitle___9ljbp\">SUPERCOMFORT. SUPERNOVA.<\/h3>\n<h3 class=\"gl-vspace\">Voici enfin votre premier 5 km au calendrier.<\/h3>\n<p class=\"gl-vspace\">Avec la <strong>Supernova Rise 2<\/strong> en version homme, vous ne cesserez jamais de progresser. La semelle interm\u00e9diaire Dreamstrike+ est dot\u00e9e d&#8217;un compos\u00e9 Super Foam l\u00e9ger con\u00e7u pour offrir un maximum de confort. Les barres de soutien guident le pied de l&#8217;appui \u00e0 la pouss\u00e9e, et la nouvelle tige en maille sandwich est con\u00e7ue pour optimiser la respirabilit\u00e9 et offrir un ajustement souple et confortable.<\/p>\n<p><strong>Caract\u00e9ristiques :<\/strong><\/p>\n<ul class=\"gl-list\">\n<li class=\"gl-vspace-bpall-small\">Coupe r\u00e9guli\u00e8re<\/li>\n<li class=\"gl-vspace-bpall-small\">Fermeture \u00e0 lacets<\/li>\n<li class=\"gl-vspace-bpall-small\">Tige en maille sandwich technique<\/li>\n<li class=\"gl-vspace-bpall-small\">Doublure en tissu<\/li>\n<li class=\"gl-vspace-bpall-small\">Syst\u00e8me de tiges de soutien<\/li>\n<li class=\"gl-vspace-bpall-small\">Semelle interm\u00e9diaire Dreamstrike<\/li>\n<\/ul>\n<section class=\"_wrapper_47lxb_8\">\n<div class=\"_statement_47lxb_12 color-theme-black\">\n<h2 class=\"_statement-title_47lxb_79 _dynamic-alignment_47lxb_146\">Supernova Rise 2<\/h2>\n<div class=\"_statement-summary_47lxb_103 _dynamic-alignment_47lxb_146\" data-auto-id=\"statement-summary\">\n<p>Le confort pour vos sorties quotidiennes.<\/p>\n<div class=\"_cell_18qu3_18 _with-content_18qu3_27\" data-auto-id=\"bs-body\">\n<div class=\"_banner-split_18qu3_31 color-theme-black\">\n<h2 class=\"_banner-split-title_18qu3_68 _dynamic-alignment_18qu3_126\" data-auto-id=\"bs-title\">Dreamstrike<\/h2>\n<p class=\"_banner-split-summary_18qu3_92 _dynamic-alignment_18qu3_126\" data-auto-id=\"bs-summary\">La technologie Dreamstrike+ amortit la semelle interm\u00e9diaire gr\u00e2ce \u00e0 un compos\u00e9 innovant. Qu&#8217;est-ce qui la rend si g\u00e9niale ? L&#8217;\u00e9quilibre entre le confort et le soutien qu&#8217;il offre est id\u00e9al pour courir, kilom\u00e8tre apr\u00e8s kilom\u00e8tre.<\/p>\n<div class=\"_cell_18qu3_18 _with-content_18qu3_27\" data-auto-id=\"bs-body\">\n<div class=\"_banner-split_18qu3_31 color-theme-black\">\n<h2 class=\"_banner-split-title_18qu3_68 _dynamic-alignment_18qu3_126\" data-auto-id=\"bs-title\">Barres de maintien<\/h2>\n<p class=\"_banner-split-summary_18qu3_92 _dynamic-alignment_18qu3_126\" data-auto-id=\"bs-summary\">Pour assurer une fluidit\u00e9 maximale lors de chacune de vos courses, un syst\u00e8me de support compos\u00e9 de barres denses du talon aux orteils a \u00e9t\u00e9 incorpor\u00e9.<\/p>\n<div class=\"_cell_18qu3_18 _with-content_18qu3_27\" data-auto-id=\"bs-body\">\n<div class=\"_banner-split_18qu3_31 color-theme-black\">\n<h2 class=\"_banner-split-title_18qu3_68 _dynamic-alignment_18qu3_126\" data-auto-id=\"bs-title\">Talon super confortable<\/h2>\n<p class=\"_banner-split-summary_18qu3_92 _dynamic-alignment_18qu3_126\" data-auto-id=\"bs-summary\">Le compos\u00e9 souple et le tissu l\u00e9ger soutiennent d\u00e9licatement le talon.<\/p>\n<\/div>\n<\/div>\n<\/div>\n<\/div>\n<\/div>\n<\/div>\n<\/div>\n<\/div>\n<\/section>\n<\/div>\n<\/div>\n<\/div>\n<\/div>\n<\/div>\n<\/div>\n<\/div>\n<\/div>\n<\/section>\n<\/div>\n<p><\/div><\/div><\/div>\n","protected":false},"excerpt":{"rendered":"<ul>\n<li>Chaussure id\u00e9ale pour les longues et moyennes distances, avec un<\/li>\n<li>confort et un soutien exceptionnels.<\/li>\n<\/ul>\n","protected":false},"featured_media":255167,"template":"","meta":{"_acf_changed":false,"inline_featured_image":false},"product_brand":[],"product_cat":[24254,24255],"product_tag":[23557,23564],"class_list":{"0":"post-299075","1":"product","2":"type-product","3":"status-publish","4":"has-post-thumbnail","6":"product_cat-chaussures-pour-hommes","7":"product_cat-neutre-fr","8":"product_tag-adidas-fr","9":"product_tag-adidas-homme","10":"pa_attivita-fitness-fr","11":"pa_attivita-lifestyle-fr","12":"pa_attivita-marcher","13":"pa_attivita-running-fr","14":"pa_colore-supernova-rise-2-cblack-zeromt-cblack-fr","15":"pa_colore-supernova-rise-2-ftwwht-zero-fr","16":"pa_colore-supernova-rise-2-m-cblack-ironmt-glrgrn-fr","17":"pa_marca-adidas-fr","18":"pa_sesso-homme","19":"pa_size-45-fr","20":"pa_size-46-fr","22":"pa_size-47-fr","24":"first","25":"instock","26":"sale","27":"taxable","28":"shipping-taxable","29":"purchasable","30":"product-type-variable","31":"wvs-archive-product-wrapper"},"acf":[],"yoast_head":"<!-- This site is optimized with the Yoast SEO plugin v26.8 - https:\/\/yoast.com\/product\/yoast-seo-wordpress\/ -->\n<title>Adidas Supernova Rise 2 homme - chaussures de sport MioMioRun<\/title>\n<meta name=\"description\" content=\"Avec la Supernova Rise 2 en version homme, vous ne cesserez jamais de progresser. La semelle interm\u00e9diaire Dreamstrike+ est compos\u00e9e d&#039;un m\u00e9lange l\u00e9ger de Super Foam.\" \/>\n<meta name=\"robots\" content=\"index, follow, max-snippet:-1, max-image-preview:large, max-video-preview:-1\" \/>\n<link rel=\"canonical\" href=\"https:\/\/www.miomiorun.com\/fr\/produit\/supernova-rise-2-homme\/\" \/>\n<meta property=\"og:locale\" content=\"fr_FR\" \/>\n<meta property=\"og:type\" content=\"article\" \/>\n<meta property=\"og:title\" content=\"Adidas Supernova Rise 2 homme - chaussures de sport MioMioRun\" \/>\n<meta property=\"og:description\" content=\"Avec la Supernova Rise 2 en version homme, vous ne cesserez jamais de progresser. La semelle interm\u00e9diaire Dreamstrike+ est compos\u00e9e d&#039;un m\u00e9lange l\u00e9ger de Super Foam.\" \/>\n<meta property=\"og:url\" content=\"https:\/\/www.miomiorun.com\/fr\/produit\/supernova-rise-2-homme\/\" \/>\n<meta property=\"og:site_name\" content=\"MioMioRun\" \/>\n<meta property=\"article:publisher\" content=\"https:\/\/www.facebook.com\/miomiorun\/\" \/>\n<meta property=\"article:modified_time\" content=\"2025-04-18T07:55:40+00:00\" \/>\n<meta property=\"og:image\" content=\"https:\/\/www.miomiorun.com\/app\/uploads\/2025\/02\/adidas-Supernova-Rise-2-ftwwht-zero-IH8662.webp\" \/>\n\t<meta property=\"og:image:width\" content=\"600\" \/>\n\t<meta property=\"og:image:height\" content=\"600\" \/>\n\t<meta property=\"og:image:type\" content=\"image\/webp\" \/>\n<meta name=\"twitter:card\" content=\"summary_large_image\" \/>\n<meta name=\"twitter:label1\" content=\"Est. reading time\" \/>\n\t<meta name=\"twitter:data1\" content=\"2 minutes\" \/>\n<script type=\"application\/ld+json\" class=\"yoast-schema-graph\">{\"@context\":\"https:\/\/schema.org\",\"@graph\":[{\"@type\":\"WebPage\",\"@id\":\"https:\/\/www.miomiorun.com\/fr\/produit\/supernova-rise-2-homme\/\",\"url\":\"https:\/\/www.miomiorun.com\/fr\/produit\/supernova-rise-2-homme\/\",\"name\":\"Adidas Supernova Rise 2 homme - chaussures de sport MioMioRun\",\"isPartOf\":{\"@id\":\"https:\/\/www.miomiorun.com\/fr\/#website\"},\"primaryImageOfPage\":{\"@id\":\"https:\/\/www.miomiorun.com\/fr\/produit\/supernova-rise-2-homme\/#primaryimage\"},\"image\":{\"@id\":\"https:\/\/www.miomiorun.com\/fr\/produit\/supernova-rise-2-homme\/#primaryimage\"},\"thumbnailUrl\":\"https:\/\/www.miomiorun.com\/app\/uploads\/2025\/02\/adidas-Supernova-Rise-2-ftwwht-zero-IH8662.webp\",\"datePublished\":\"2025-01-16T12:11:17+00:00\",\"dateModified\":\"2025-04-18T07:55:40+00:00\",\"description\":\"Avec la Supernova Rise 2 en version homme, vous ne cesserez jamais de progresser. La semelle interm\u00e9diaire Dreamstrike+ est compos\u00e9e d'un m\u00e9lange l\u00e9ger de Super Foam.\",\"breadcrumb\":{\"@id\":\"https:\/\/www.miomiorun.com\/fr\/produit\/supernova-rise-2-homme\/#breadcrumb\"},\"inLanguage\":\"fr-FR\",\"potentialAction\":[{\"@type\":\"ReadAction\",\"target\":[\"https:\/\/www.miomiorun.com\/fr\/produit\/supernova-rise-2-homme\/\"]}]},{\"@type\":\"ImageObject\",\"inLanguage\":\"fr-FR\",\"@id\":\"https:\/\/www.miomiorun.com\/fr\/produit\/supernova-rise-2-homme\/#primaryimage\",\"url\":\"https:\/\/www.miomiorun.com\/app\/uploads\/2025\/02\/adidas-Supernova-Rise-2-ftwwht-zero-IH8662.webp\",\"contentUrl\":\"https:\/\/www.miomiorun.com\/app\/uploads\/2025\/02\/adidas-Supernova-Rise-2-ftwwht-zero-IH8662.webp\",\"width\":600,\"height\":600,\"caption\":\"adidas Supernova Rise 2 ftwwht zero IH8662\"},{\"@type\":\"BreadcrumbList\",\"@id\":\"https:\/\/www.miomiorun.com\/fr\/produit\/supernova-rise-2-homme\/#breadcrumb\",\"itemListElement\":[{\"@type\":\"ListItem\",\"position\":1,\"name\":\"Home\",\"item\":\"https:\/\/www.miomiorun.com\/fr\/home-page\/\"},{\"@type\":\"ListItem\",\"position\":2,\"name\":\"Shop\",\"item\":\"https:\/\/www.miomiorun.com\/shop\/\"},{\"@type\":\"ListItem\",\"position\":3,\"name\":\"Supernova Rise 2 homme\"}]},{\"@type\":\"WebSite\",\"@id\":\"https:\/\/www.miomiorun.com\/fr\/#website\",\"url\":\"https:\/\/www.miomiorun.com\/fr\/\",\"name\":\"MioMioRun\",\"description\":\"Boutique 100% running et trail\",\"publisher\":{\"@id\":\"https:\/\/www.miomiorun.com\/fr\/#organization\"},\"potentialAction\":[{\"@type\":\"SearchAction\",\"target\":{\"@type\":\"EntryPoint\",\"urlTemplate\":\"https:\/\/www.miomiorun.com\/fr\/?s={search_term_string}\"},\"query-input\":{\"@type\":\"PropertyValueSpecification\",\"valueRequired\":true,\"valueName\":\"search_term_string\"}}],\"inLanguage\":\"fr-FR\"},{\"@type\":\"Organization\",\"@id\":\"https:\/\/www.miomiorun.com\/fr\/#organization\",\"name\":\"MioMio Run\",\"url\":\"https:\/\/www.miomiorun.com\/fr\/\",\"logo\":{\"@type\":\"ImageObject\",\"inLanguage\":\"fr-FR\",\"@id\":\"https:\/\/www.miomiorun.com\/fr\/#\/schema\/logo\/image\/\",\"url\":\"https:\/\/www.miomiorun.com\/app\/uploads\/2019\/12\/logomio.png\",\"contentUrl\":\"https:\/\/www.miomiorun.com\/app\/uploads\/2019\/12\/logomio.png\",\"width\":115,\"height\":82,\"caption\":\"MioMio Run\"},\"image\":{\"@id\":\"https:\/\/www.miomiorun.com\/fr\/#\/schema\/logo\/image\/\"},\"sameAs\":[\"https:\/\/www.facebook.com\/miomiorun\/\",\"https:\/\/www.instagram.com\/miomiorun\/\"]}]}<\/script>\n<!-- \/ Yoast SEO plugin. -->","yoast_head_json":{"title":"Adidas Supernova Rise 2 homme - chaussures de sport MioMioRun","description":"Avec la Supernova Rise 2 en version homme, vous ne cesserez jamais de progresser. La semelle interm\u00e9diaire Dreamstrike+ est compos\u00e9e d'un m\u00e9lange l\u00e9ger de Super Foam.","robots":{"index":"index","follow":"follow","max-snippet":"max-snippet:-1","max-image-preview":"max-image-preview:large","max-video-preview":"max-video-preview:-1"},"canonical":"https:\/\/www.miomiorun.com\/fr\/produit\/supernova-rise-2-homme\/","og_locale":"fr_FR","og_type":"article","og_title":"Adidas Supernova Rise 2 homme - chaussures de sport MioMioRun","og_description":"Avec la Supernova Rise 2 en version homme, vous ne cesserez jamais de progresser. La semelle interm\u00e9diaire Dreamstrike+ est compos\u00e9e d'un m\u00e9lange l\u00e9ger de Super Foam.","og_url":"https:\/\/www.miomiorun.com\/fr\/produit\/supernova-rise-2-homme\/","og_site_name":"MioMioRun","article_publisher":"https:\/\/www.facebook.com\/miomiorun\/","article_modified_time":"2025-04-18T07:55:40+00:00","og_image":[{"width":600,"height":600,"url":"https:\/\/www.miomiorun.com\/app\/uploads\/2025\/02\/adidas-Supernova-Rise-2-ftwwht-zero-IH8662.webp","type":"image\/webp"}],"twitter_card":"summary_large_image","twitter_misc":{"Est. reading time":"2 minutes"},"schema":{"@context":"https:\/\/schema.org","@graph":[{"@type":"WebPage","@id":"https:\/\/www.miomiorun.com\/fr\/produit\/supernova-rise-2-homme\/","url":"https:\/\/www.miomiorun.com\/fr\/produit\/supernova-rise-2-homme\/","name":"Adidas Supernova Rise 2 homme - chaussures de sport MioMioRun","isPartOf":{"@id":"https:\/\/www.miomiorun.com\/fr\/#website"},"primaryImageOfPage":{"@id":"https:\/\/www.miomiorun.com\/fr\/produit\/supernova-rise-2-homme\/#primaryimage"},"image":{"@id":"https:\/\/www.miomiorun.com\/fr\/produit\/supernova-rise-2-homme\/#primaryimage"},"thumbnailUrl":"https:\/\/www.miomiorun.com\/app\/uploads\/2025\/02\/adidas-Supernova-Rise-2-ftwwht-zero-IH8662.webp","datePublished":"2025-01-16T12:11:17+00:00","dateModified":"2025-04-18T07:55:40+00:00","description":"Avec la Supernova Rise 2 en version homme, vous ne cesserez jamais de progresser. La semelle interm\u00e9diaire Dreamstrike+ est compos\u00e9e d'un m\u00e9lange l\u00e9ger de Super Foam.","breadcrumb":{"@id":"https:\/\/www.miomiorun.com\/fr\/produit\/supernova-rise-2-homme\/#breadcrumb"},"inLanguage":"fr-FR","potentialAction":[{"@type":"ReadAction","target":["https:\/\/www.miomiorun.com\/fr\/produit\/supernova-rise-2-homme\/"]}]},{"@type":"ImageObject","inLanguage":"fr-FR","@id":"https:\/\/www.miomiorun.com\/fr\/produit\/supernova-rise-2-homme\/#primaryimage","url":"https:\/\/www.miomiorun.com\/app\/uploads\/2025\/02\/adidas-Supernova-Rise-2-ftwwht-zero-IH8662.webp","contentUrl":"https:\/\/www.miomiorun.com\/app\/uploads\/2025\/02\/adidas-Supernova-Rise-2-ftwwht-zero-IH8662.webp","width":600,"height":600,"caption":"adidas Supernova Rise 2 ftwwht zero IH8662"},{"@type":"BreadcrumbList","@id":"https:\/\/www.miomiorun.com\/fr\/produit\/supernova-rise-2-homme\/#breadcrumb","itemListElement":[{"@type":"ListItem","position":1,"name":"Home","item":"https:\/\/www.miomiorun.com\/fr\/home-page\/"},{"@type":"ListItem","position":2,"name":"Shop","item":"https:\/\/www.miomiorun.com\/shop\/"},{"@type":"ListItem","position":3,"name":"Supernova Rise 2 homme"}]},{"@type":"WebSite","@id":"https:\/\/www.miomiorun.com\/fr\/#website","url":"https:\/\/www.miomiorun.com\/fr\/","name":"MioMioRun","description":"Boutique 100% running et trail","publisher":{"@id":"https:\/\/www.miomiorun.com\/fr\/#organization"},"potentialAction":[{"@type":"SearchAction","target":{"@type":"EntryPoint","urlTemplate":"https:\/\/www.miomiorun.com\/fr\/?s={search_term_string}"},"query-input":{"@type":"PropertyValueSpecification","valueRequired":true,"valueName":"search_term_string"}}],"inLanguage":"fr-FR"},{"@type":"Organization","@id":"https:\/\/www.miomiorun.com\/fr\/#organization","name":"MioMio Run","url":"https:\/\/www.miomiorun.com\/fr\/","logo":{"@type":"ImageObject","inLanguage":"fr-FR","@id":"https:\/\/www.miomiorun.com\/fr\/#\/schema\/logo\/image\/","url":"https:\/\/www.miomiorun.com\/app\/uploads\/2019\/12\/logomio.png","contentUrl":"https:\/\/www.miomiorun.com\/app\/uploads\/2019\/12\/logomio.png","width":115,"height":82,"caption":"MioMio Run"},"image":{"@id":"https:\/\/www.miomiorun.com\/fr\/#\/schema\/logo\/image\/"},"sameAs":["https:\/\/www.facebook.com\/miomiorun\/","https:\/\/www.instagram.com\/miomiorun\/"]}]}},"_links":{"self":[{"href":"https:\/\/www.miomiorun.com\/fr\/wp-json\/wp\/v2\/product\/299075","targetHints":{"allow":["GET"]}}],"collection":[{"href":"https:\/\/www.miomiorun.com\/fr\/wp-json\/wp\/v2\/product"}],"about":[{"href":"https:\/\/www.miomiorun.com\/fr\/wp-json\/wp\/v2\/types\/product"}],"wp:featuredmedia":[{"embeddable":true,"href":"https:\/\/www.miomiorun.com\/fr\/wp-json\/wp\/v2\/media\/255167"}],"wp:attachment":[{"href":"https:\/\/www.miomiorun.com\/fr\/wp-json\/wp\/v2\/media?parent=299075"}],"wp:term":[{"taxonomy":"product_brand","embeddable":true,"href":"https:\/\/www.miomiorun.com\/fr\/wp-json\/wp\/v2\/product_brand?post=299075"},{"taxonomy":"product_cat","embeddable":true,"href":"https:\/\/www.miomiorun.com\/fr\/wp-json\/wp\/v2\/product_cat?post=299075"},{"taxonomy":"product_tag","embeddable":true,"href":"https:\/\/www.miomiorun.com\/fr\/wp-json\/wp\/v2\/product_tag?post=299075"}],"curies":[{"name":"wp","href":"https:\/\/api.w.org\/{rel}","templated":true}]}}