{"id":298990,"date":"2025-01-21T14:17:45","date_gmt":"2025-01-21T13:17:45","guid":{"rendered":"https:\/\/miomiorun.com\/prodotto\/novablast-5-uomo\/"},"modified":"2025-05-15T19:01:45","modified_gmt":"2025-05-15T17:01:45","slug":"novablast-5-homme","status":"publish","type":"product","link":"https:\/\/www.miomiorun.com\/fr\/produit\/novablast-5-homme\/","title":{"rendered":"Novablast 5 homme"},"content":{"rendered":"<div class=\"vc-row container\"><div class=\"vc-column\"><div class=\"vc-column-text\"><\/p>\n<h4>Caract\u00e9ristiques techniques<\/h4>\n<p>Cat\u00e9gorie : Amortissement r\u00e9actif<br \/>\nD\u00e9calage : 8 mm<br \/>\nPoids : 255 g<br \/>\nId\u00e9al pour : les coureurs \u00e0 la recherche d&#8217;un mod\u00e8le l\u00e9ger, polyvalent et rapide, alliant r\u00e9activit\u00e9, facilit\u00e9 de conduite et souplesse du pied, pour les activit\u00e9s de moyenne distance.<br \/>\nPoids de l&#8217;athl\u00e8te : &lt; 70 kg<br \/>\nAllure de course : &lt; 4,30 min\/km<br \/>\n<a href=\"https:\/\/miomiorun.com\/fr\/guide-des-specificites\/\">Guide des sp\u00e9cifications<\/a><\/p>\n<p><\/div><\/div><div class=\"vc-column\"><div class=\"vc-column-text\"><\/p>\n<h2 style=\"text-align: center;\"><strong>La NOVABLAST 5 pour hommes est un excellent choix pour ceux qui veulent une chaussure plus r\u00e9active.<\/strong><\/h2>\n<p>Con\u00e7ue pour courir plus vite, elle est l\u00e9g\u00e8re et offre un meilleur retour d&#8217;\u00e9nergie que la version pr\u00e9c\u00e9dente. Elle vous apportera la bonne quantit\u00e9 d&#8217;\u00e9nergie \u00e0 chaque pas. Il n&#8217;est pas surprenant qu&#8217;elle soit la chaussure d&#8217;entra\u00eenement pr\u00e9f\u00e9r\u00e9e des athl\u00e8tes.<\/p>\n<p>La mousse <strong>FF BLAST MAX<\/strong> cr\u00e9e une exp\u00e9rience de course plus douce et plus \u00e9nergique et offre plus d&#8217;\u00e9lan gr\u00e2ce \u00e0 sa semelle ext\u00e9rieure inspir\u00e9e du trampoline. Son design unique, son ajustement parfait et sa semelle interm\u00e9diaire garantissent un meilleur retour d&#8217;\u00e9nergie pendant la course.<\/p>\n<h3>Qu&#8217;est-ce qui rend la NOVABLAST 5 plus r\u00e9active ?<\/h3>\n<ul>\n<li>La mousse FF BLAST MAX offre une exp\u00e9rience de course plus douce et plus \u00e9nergique.<\/li>\n<li>La conception de la semelle ext\u00e9rieure inspir\u00e9e du trampoline donne un \u00e9lan suppl\u00e9mentaire.<\/li>\n<li>La semelle interm\u00e9diaire et le design g\u00e9om\u00e9trique unique garantissent un retour d&#8217;\u00e9nergie suppl\u00e9mentaire.<\/li>\n<\/ul>\n<h3><strong>Quelles sont les autres caract\u00e9ristiques qui font de la NOVABLAST 5 <\/strong> <strong>le choix id\u00e9al ?<\/strong><\/h3>\n<p>Cette chaussure a \u00e9t\u00e9 con\u00e7ue en tenant compte du retour d&#8217;\u00e9nergie. La NOVABLAST 5 comprend des caract\u00e9ristiques techniques suppl\u00e9mentaires pour vous aider pendant votre course.<\/p>\n<h2 style=\"text-align: center;\">Technologie et caract\u00e9ristiques<\/h2>\n<div class=\"product-features-section\">\n<ul>\n<li class=\"small-reg\">\n<div class=\"small-bold\"><strong>Mousse FF BLAST MAX<\/strong><\/div>\n<p>Offre un amorti l\u00e9ger et de haute qualit\u00e9 pour un confort accru et un rebond \u00e9nergique \u00e0 chaque pas.<\/li>\n<li class=\"small-reg\">\n<div class=\"small-bold\"><strong>Semelle ext\u00e9rieure inspir\u00e9e du trampoline<\/strong><\/div>\n<p>Offre un rebond plus r\u00e9actif.<\/li>\n<li class=\"small-reg\">\n<div class=\"small-bold\"><strong>Semelle interm\u00e9diaire et design g\u00e9om\u00e9trique exclusif<\/strong><\/div>\n<p>Assure un retour d&#8217;\u00e9nergie suppl\u00e9mentaire<\/li>\n<li class=\"small-reg\">\n<div class=\"small-bold\"><strong>Facilit\u00e9 d&#8217;enfilage<\/strong><\/div>\n<p>Les languettes sur le talon permettent d&#8217;enfiler et d&#8217;enlever les chaussures plus facilement.<\/li>\n<li class=\"small-reg\">\n<div class=\"small-bold\"><strong>Semelle ext\u00e9rieure en mat\u00e9riau AHAR LOW HARDNESS<\/strong><\/div>\n<p>Augmente la r\u00e9sistance \u00e0 l&#8217;usure.<\/li>\n<li class=\"small-reg\">\n<div class=\"small-bold\"><strong>Tige en maille jacquard renforc\u00e9e<\/strong><\/div>\n<p>Am\u00e9liore la respirabilit\u00e9 pour plus de fra\u00eecheur et de confort \u00e0 chaque course.<\/li>\n<li class=\"small-reg\">\n<div class=\"small-bold\"><strong>Syst\u00e8me de languette \u00e0 soufflet<\/strong><\/div>\n<p>Am\u00e9liore la stabilit\u00e9 du m\u00e9dio-pied et emp\u00eache la languette de glisser.<\/li>\n<li class=\"small-reg\">\n<div class=\"small-bold\"><strong>Petits d\u00e9tails r\u00e9fl\u00e9chissants<\/strong><\/div>\n<p>Ils am\u00e9liorent la visibilit\u00e9 dans des conditions de faible luminosit\u00e9.<\/li>\n<li class=\"small-reg\">\n<div class=\"small-bold\"><strong>Con\u00e7ue dans le respect de l&#8217;environnement<\/strong><\/div>\n<p>La tige de la chaussure est compos\u00e9e d&#8217;au moins 79 % de mat\u00e9riaux recycl\u00e9s. La semelle int\u00e9rieure, la bo\u00eete \u00e0 orteils, les \u0153illets, la languette et la doublure du collier sont tous fabriqu\u00e9s \u00e0 partir de mat\u00e9riaux recycl\u00e9s.<\/li>\n<\/ul>\n<\/div>\n<p><\/div><\/div><\/div>\n","protected":false},"excerpt":{"rendered":"<ul>\n<li>Con\u00e7u pour fonctionner plus rapidement.<\/li>\n<li>Id\u00e9al pour les coureurs rapides.<\/li>\n<li>Parfait pour les entra\u00eenements.<\/li>\n<\/ul>\n","protected":false},"featured_media":377892,"template":"","meta":{"_acf_changed":false,"inline_featured_image":false},"product_brand":[],"product_cat":[24448,24447],"product_tag":[23560,23667],"class_list":{"0":"post-298990","1":"product","2":"type-product","3":"status-publish","4":"has-post-thumbnail","6":"product_cat-chaussures-pour-hommes-fr","7":"product_cat-neutre-fr-3","8":"product_tag-asics-fr","9":"product_tag-asics-homme","10":"pa_attivita-running-fr","11":"pa_colore-novablast-5-gravel-white-fr","12":"pa_colore-novablast-5-sky-lemon-spark","13":"pa_colore-novablast-5-vital-green-black","14":"pa_marca-asics-fr","15":"pa_sesso-homme","16":"pa_size-41-5-fr","17":"pa_size-42-fr","18":"pa_size-43-5-fr","19":"pa_size-44-fr","20":"pa_size-45-fr","21":"pa_size-46-fr","22":"pa_size-46-5-fr","24":"first","25":"instock","26":"sale","27":"taxable","28":"shipping-taxable","29":"purchasable","30":"product-type-variable","31":"wvs-archive-product-wrapper"},"acf":[],"yoast_head":"<!-- This site is optimized with the Yoast SEO plugin v26.8 - https:\/\/yoast.com\/product\/yoast-seo-wordpress\/ -->\n<title>AsicsNovablast 5 homme - chaussures de course - MioMioRun.com<\/title>\n<meta name=\"description\" content=\"La Novablast 5 est con\u00e7ue pour courir plus vite, elle est l\u00e9g\u00e8re et offre un meilleur retour d&#039;\u00e9nergie que son pr\u00e9d\u00e9cesseur.\" \/>\n<meta name=\"robots\" content=\"index, follow, max-snippet:-1, max-image-preview:large, max-video-preview:-1\" \/>\n<link rel=\"canonical\" href=\"https:\/\/www.miomiorun.com\/fr\/produit\/novablast-5-homme\/\" \/>\n<meta property=\"og:locale\" content=\"fr_FR\" \/>\n<meta property=\"og:type\" content=\"article\" \/>\n<meta property=\"og:title\" content=\"AsicsNovablast 5 homme - chaussures de course - MioMioRun.com\" \/>\n<meta property=\"og:description\" content=\"La Novablast 5 est con\u00e7ue pour courir plus vite, elle est l\u00e9g\u00e8re et offre un meilleur retour d&#039;\u00e9nergie que son pr\u00e9d\u00e9cesseur.\" \/>\n<meta property=\"og:url\" content=\"https:\/\/www.miomiorun.com\/fr\/produit\/novablast-5-homme\/\" \/>\n<meta property=\"og:site_name\" content=\"MioMioRun\" \/>\n<meta property=\"article:publisher\" content=\"https:\/\/www.facebook.com\/miomiorun\/\" \/>\n<meta property=\"article:modified_time\" content=\"2025-05-15T17:01:45+00:00\" \/>\n<meta property=\"og:image\" content=\"https:\/\/www.miomiorun.com\/app\/uploads\/2025\/02\/asics-NOVABLAST-5-BLACK-WHITE-1011B974-001.webp\" \/>\n\t<meta property=\"og:image:width\" content=\"600\" \/>\n\t<meta property=\"og:image:height\" content=\"600\" \/>\n\t<meta property=\"og:image:type\" content=\"image\/webp\" \/>\n<meta name=\"twitter:card\" content=\"summary_large_image\" \/>\n<meta name=\"twitter:label1\" content=\"Est. reading time\" \/>\n\t<meta name=\"twitter:data1\" content=\"3 minutes\" \/>\n<script type=\"application\/ld+json\" class=\"yoast-schema-graph\">{\"@context\":\"https:\/\/schema.org\",\"@graph\":[{\"@type\":\"WebPage\",\"@id\":\"https:\/\/www.miomiorun.com\/fr\/produit\/novablast-5-homme\/\",\"url\":\"https:\/\/www.miomiorun.com\/fr\/produit\/novablast-5-homme\/\",\"name\":\"AsicsNovablast 5 homme - chaussures de course - MioMioRun.com\",\"isPartOf\":{\"@id\":\"https:\/\/www.miomiorun.com\/fr\/#website\"},\"primaryImageOfPage\":{\"@id\":\"https:\/\/www.miomiorun.com\/fr\/produit\/novablast-5-homme\/#primaryimage\"},\"image\":{\"@id\":\"https:\/\/www.miomiorun.com\/fr\/produit\/novablast-5-homme\/#primaryimage\"},\"thumbnailUrl\":\"https:\/\/www.miomiorun.com\/app\/uploads\/2025\/12\/asics-Novablast-5-gravel-white-1011B974-020.webp\",\"datePublished\":\"2025-01-21T13:17:45+00:00\",\"dateModified\":\"2025-05-15T17:01:45+00:00\",\"description\":\"La Novablast 5 est con\u00e7ue pour courir plus vite, elle est l\u00e9g\u00e8re et offre un meilleur retour d'\u00e9nergie que son pr\u00e9d\u00e9cesseur.\",\"breadcrumb\":{\"@id\":\"https:\/\/www.miomiorun.com\/fr\/produit\/novablast-5-homme\/#breadcrumb\"},\"inLanguage\":\"fr-FR\",\"potentialAction\":[{\"@type\":\"ReadAction\",\"target\":[\"https:\/\/www.miomiorun.com\/fr\/produit\/novablast-5-homme\/\"]}]},{\"@type\":\"ImageObject\",\"inLanguage\":\"fr-FR\",\"@id\":\"https:\/\/www.miomiorun.com\/fr\/produit\/novablast-5-homme\/#primaryimage\",\"url\":\"https:\/\/www.miomiorun.com\/app\/uploads\/2025\/12\/asics-Novablast-5-gravel-white-1011B974-020.webp\",\"contentUrl\":\"https:\/\/www.miomiorun.com\/app\/uploads\/2025\/12\/asics-Novablast-5-gravel-white-1011B974-020.webp\",\"width\":720,\"height\":720,\"caption\":\"asics Novablast 5 gravel white 1011B974 020\"},{\"@type\":\"BreadcrumbList\",\"@id\":\"https:\/\/www.miomiorun.com\/fr\/produit\/novablast-5-homme\/#breadcrumb\",\"itemListElement\":[{\"@type\":\"ListItem\",\"position\":1,\"name\":\"Home\",\"item\":\"https:\/\/www.miomiorun.com\/fr\/home-page\/\"},{\"@type\":\"ListItem\",\"position\":2,\"name\":\"Shop\",\"item\":\"https:\/\/www.miomiorun.com\/shop\/\"},{\"@type\":\"ListItem\",\"position\":3,\"name\":\"Novablast 5 homme\"}]},{\"@type\":\"WebSite\",\"@id\":\"https:\/\/www.miomiorun.com\/fr\/#website\",\"url\":\"https:\/\/www.miomiorun.com\/fr\/\",\"name\":\"MioMioRun\",\"description\":\"Boutique 100% running et trail\",\"publisher\":{\"@id\":\"https:\/\/www.miomiorun.com\/fr\/#organization\"},\"potentialAction\":[{\"@type\":\"SearchAction\",\"target\":{\"@type\":\"EntryPoint\",\"urlTemplate\":\"https:\/\/www.miomiorun.com\/fr\/?s={search_term_string}\"},\"query-input\":{\"@type\":\"PropertyValueSpecification\",\"valueRequired\":true,\"valueName\":\"search_term_string\"}}],\"inLanguage\":\"fr-FR\"},{\"@type\":\"Organization\",\"@id\":\"https:\/\/www.miomiorun.com\/fr\/#organization\",\"name\":\"MioMio Run\",\"url\":\"https:\/\/www.miomiorun.com\/fr\/\",\"logo\":{\"@type\":\"ImageObject\",\"inLanguage\":\"fr-FR\",\"@id\":\"https:\/\/www.miomiorun.com\/fr\/#\/schema\/logo\/image\/\",\"url\":\"https:\/\/www.miomiorun.com\/app\/uploads\/2019\/12\/logomio.png\",\"contentUrl\":\"https:\/\/www.miomiorun.com\/app\/uploads\/2019\/12\/logomio.png\",\"width\":115,\"height\":82,\"caption\":\"MioMio Run\"},\"image\":{\"@id\":\"https:\/\/www.miomiorun.com\/fr\/#\/schema\/logo\/image\/\"},\"sameAs\":[\"https:\/\/www.facebook.com\/miomiorun\/\",\"https:\/\/www.instagram.com\/miomiorun\/\"]}]}<\/script>\n<!-- \/ Yoast SEO plugin. -->","yoast_head_json":{"title":"AsicsNovablast 5 homme - chaussures de course - MioMioRun.com","description":"La Novablast 5 est con\u00e7ue pour courir plus vite, elle est l\u00e9g\u00e8re et offre un meilleur retour d'\u00e9nergie que son pr\u00e9d\u00e9cesseur.","robots":{"index":"index","follow":"follow","max-snippet":"max-snippet:-1","max-image-preview":"max-image-preview:large","max-video-preview":"max-video-preview:-1"},"canonical":"https:\/\/www.miomiorun.com\/fr\/produit\/novablast-5-homme\/","og_locale":"fr_FR","og_type":"article","og_title":"AsicsNovablast 5 homme - chaussures de course - MioMioRun.com","og_description":"La Novablast 5 est con\u00e7ue pour courir plus vite, elle est l\u00e9g\u00e8re et offre un meilleur retour d'\u00e9nergie que son pr\u00e9d\u00e9cesseur.","og_url":"https:\/\/www.miomiorun.com\/fr\/produit\/novablast-5-homme\/","og_site_name":"MioMioRun","article_publisher":"https:\/\/www.facebook.com\/miomiorun\/","article_modified_time":"2025-05-15T17:01:45+00:00","og_image":[{"width":600,"height":600,"url":"https:\/\/www.miomiorun.com\/app\/uploads\/2025\/02\/asics-NOVABLAST-5-BLACK-WHITE-1011B974-001.webp","type":"image\/webp"}],"twitter_card":"summary_large_image","twitter_misc":{"Est. reading time":"3 minutes"},"schema":{"@context":"https:\/\/schema.org","@graph":[{"@type":"WebPage","@id":"https:\/\/www.miomiorun.com\/fr\/produit\/novablast-5-homme\/","url":"https:\/\/www.miomiorun.com\/fr\/produit\/novablast-5-homme\/","name":"AsicsNovablast 5 homme - chaussures de course - MioMioRun.com","isPartOf":{"@id":"https:\/\/www.miomiorun.com\/fr\/#website"},"primaryImageOfPage":{"@id":"https:\/\/www.miomiorun.com\/fr\/produit\/novablast-5-homme\/#primaryimage"},"image":{"@id":"https:\/\/www.miomiorun.com\/fr\/produit\/novablast-5-homme\/#primaryimage"},"thumbnailUrl":"https:\/\/www.miomiorun.com\/app\/uploads\/2025\/12\/asics-Novablast-5-gravel-white-1011B974-020.webp","datePublished":"2025-01-21T13:17:45+00:00","dateModified":"2025-05-15T17:01:45+00:00","description":"La Novablast 5 est con\u00e7ue pour courir plus vite, elle est l\u00e9g\u00e8re et offre un meilleur retour d'\u00e9nergie que son pr\u00e9d\u00e9cesseur.","breadcrumb":{"@id":"https:\/\/www.miomiorun.com\/fr\/produit\/novablast-5-homme\/#breadcrumb"},"inLanguage":"fr-FR","potentialAction":[{"@type":"ReadAction","target":["https:\/\/www.miomiorun.com\/fr\/produit\/novablast-5-homme\/"]}]},{"@type":"ImageObject","inLanguage":"fr-FR","@id":"https:\/\/www.miomiorun.com\/fr\/produit\/novablast-5-homme\/#primaryimage","url":"https:\/\/www.miomiorun.com\/app\/uploads\/2025\/12\/asics-Novablast-5-gravel-white-1011B974-020.webp","contentUrl":"https:\/\/www.miomiorun.com\/app\/uploads\/2025\/12\/asics-Novablast-5-gravel-white-1011B974-020.webp","width":720,"height":720,"caption":"asics Novablast 5 gravel white 1011B974 020"},{"@type":"BreadcrumbList","@id":"https:\/\/www.miomiorun.com\/fr\/produit\/novablast-5-homme\/#breadcrumb","itemListElement":[{"@type":"ListItem","position":1,"name":"Home","item":"https:\/\/www.miomiorun.com\/fr\/home-page\/"},{"@type":"ListItem","position":2,"name":"Shop","item":"https:\/\/www.miomiorun.com\/shop\/"},{"@type":"ListItem","position":3,"name":"Novablast 5 homme"}]},{"@type":"WebSite","@id":"https:\/\/www.miomiorun.com\/fr\/#website","url":"https:\/\/www.miomiorun.com\/fr\/","name":"MioMioRun","description":"Boutique 100% running et trail","publisher":{"@id":"https:\/\/www.miomiorun.com\/fr\/#organization"},"potentialAction":[{"@type":"SearchAction","target":{"@type":"EntryPoint","urlTemplate":"https:\/\/www.miomiorun.com\/fr\/?s={search_term_string}"},"query-input":{"@type":"PropertyValueSpecification","valueRequired":true,"valueName":"search_term_string"}}],"inLanguage":"fr-FR"},{"@type":"Organization","@id":"https:\/\/www.miomiorun.com\/fr\/#organization","name":"MioMio Run","url":"https:\/\/www.miomiorun.com\/fr\/","logo":{"@type":"ImageObject","inLanguage":"fr-FR","@id":"https:\/\/www.miomiorun.com\/fr\/#\/schema\/logo\/image\/","url":"https:\/\/www.miomiorun.com\/app\/uploads\/2019\/12\/logomio.png","contentUrl":"https:\/\/www.miomiorun.com\/app\/uploads\/2019\/12\/logomio.png","width":115,"height":82,"caption":"MioMio Run"},"image":{"@id":"https:\/\/www.miomiorun.com\/fr\/#\/schema\/logo\/image\/"},"sameAs":["https:\/\/www.facebook.com\/miomiorun\/","https:\/\/www.instagram.com\/miomiorun\/"]}]}},"_links":{"self":[{"href":"https:\/\/www.miomiorun.com\/fr\/wp-json\/wp\/v2\/product\/298990","targetHints":{"allow":["GET"]}}],"collection":[{"href":"https:\/\/www.miomiorun.com\/fr\/wp-json\/wp\/v2\/product"}],"about":[{"href":"https:\/\/www.miomiorun.com\/fr\/wp-json\/wp\/v2\/types\/product"}],"wp:featuredmedia":[{"embeddable":true,"href":"https:\/\/www.miomiorun.com\/fr\/wp-json\/wp\/v2\/media\/377892"}],"wp:attachment":[{"href":"https:\/\/www.miomiorun.com\/fr\/wp-json\/wp\/v2\/media?parent=298990"}],"wp:term":[{"taxonomy":"product_brand","embeddable":true,"href":"https:\/\/www.miomiorun.com\/fr\/wp-json\/wp\/v2\/product_brand?post=298990"},{"taxonomy":"product_cat","embeddable":true,"href":"https:\/\/www.miomiorun.com\/fr\/wp-json\/wp\/v2\/product_cat?post=298990"},{"taxonomy":"product_tag","embeddable":true,"href":"https:\/\/www.miomiorun.com\/fr\/wp-json\/wp\/v2\/product_tag?post=298990"}],"curies":[{"name":"wp","href":"https:\/\/api.w.org\/{rel}","templated":true}]}}