{"id":298901,"date":"2025-01-29T11:48:10","date_gmt":"2025-01-29T10:48:10","guid":{"rendered":"https:\/\/miomiorun.com\/prodotto\/scr-one\/"},"modified":"2025-12-03T19:03:51","modified_gmt":"2025-12-03T18:03:51","slug":"scr-one","status":"publish","type":"product","link":"https:\/\/www.miomiorun.com\/fr\/produit\/scr-one\/","title":{"rendered":"Scr One"},"content":{"rendered":"<div id=\"product-description\" class=\"rte\">\n<p>La <b>CHAUSSURE SCR ONE<\/b> est <b>ultra l\u00e9g\u00e8re<\/b>, con\u00e7ue avec une <b>maille respirante<\/b> et <b>all\u00e9g\u00e9e<\/b> pour une <b>ventilation optimale<\/b> sur le dessus du pied pendant les s\u00e9ances sportives, tout en garantissant un <b>s\u00e9chage ultra rapide<\/b>.<\/p>\n<p>Sa <b>semelle anatomique renforc\u00e9e<\/b> offre un excellent <b>confort<\/b> dans les zones de contact de la semelle et un <b>soutien<\/b> pour la vo\u00fbte plantaire.<\/p>\n<p>Les <b>renforts<\/b> au niveau du <b>talon<\/b> et de la <b>pointe<\/b> am\u00e9liorent l&#8217;<b>amorti<\/b>, r\u00e9duisent les <b>frottements<\/b> et <b>pr\u00e9viennent les ampoules<\/b>. Les <b>coutures plates<\/b> garantissent un <b>confort<\/b> suppl\u00e9mentaire.<\/p>\n<p>Enfin, la <b>SCR ONE<\/b> adopte une structure <b>asym\u00e9trique<\/b> pour respecter l&#8217;anatomie et augmenter le confort.<\/p>\n<\/div>\n<p>&nbsp;<\/p>\n<p>&nbsp;<\/p>\n","protected":false},"excerpt":{"rendered":"<ul>\n<li>La chaussette courte SCR ONE est ultra l\u00e9g\u00e8re et dot\u00e9e d&#8217;un maillage respirant pour une ventilation optimale.<\/li>\n<li>La plante du pied est anatomique.<\/li>\n<li>Le talon et la pointe sont renforc\u00e9s .<\/li>\n<\/ul>\n","protected":false},"featured_media":251294,"template":"","meta":{"_acf_changed":false,"inline_featured_image":false},"product_brand":[],"product_cat":[22597,24256,22596,24482],"product_tag":[23562,24174,24175],"class_list":{"0":"post-298901","1":"product","2":"type-product","3":"status-publish","4":"has-post-thumbnail","6":"product_cat-chaussettes","7":"product_cat-chaussettes-fr","8":"product_cat-vetements-pour-femmes","9":"product_cat-vetements-pour-hommes-fr","10":"product_tag-bv-sport-fr","11":"product_tag-bv-sport-femme","12":"product_tag-bv-sport-homme","13":"pa_attivita-fitness-fr","14":"pa_attivita-marcher","15":"pa_attivita-running-fr","16":"pa_colore-scr-one-3-blanc-fr","17":"pa_colore-scr-one-3-bleu-fr","18":"pa_colore-scr-one-3-bleu-rose-fr","19":"pa_colore-scr-one-3-jaune-fr","20":"pa_colore-scr-one-3-noir-fr","21":"pa_colore-scr-one-3-noir-bleu-fr","22":"pa_colore-scr-one-3-rose-fr","23":"pa_colore-scr-one-3-rouge-fr","24":"pa_marca-bv-sport-fr","25":"pa_sesso-femme","26":"pa_sesso-homme","27":"pa_size-36-38-fr","28":"pa_size-39-41-fr","29":"pa_size-42-44-fr","30":"pa_size-45-47-fr","32":"first","33":"instock","34":"sale","35":"taxable","36":"shipping-taxable","37":"purchasable","38":"product-type-variable","39":"wvs-archive-product-wrapper"},"acf":[],"yoast_head":"<!-- This site is optimized with the Yoast SEO plugin v26.8 - https:\/\/yoast.com\/product\/yoast-seo-wordpress\/ -->\n<title>Bv SportScr One - Chaussettes de course - MioMioRun.com<\/title>\n<meta name=\"description\" content=\"D\u00e9couvrez la nouvelle SCR ONE, une chaussette ultra-l\u00e9g\u00e8re dot\u00e9e d&#039;un maillage respirant pour une ventilation optimale.\" \/>\n<meta name=\"robots\" content=\"index, follow, max-snippet:-1, max-image-preview:large, max-video-preview:-1\" \/>\n<link rel=\"canonical\" href=\"https:\/\/www.miomiorun.com\/fr\/produit\/scr-one\/\" \/>\n<meta property=\"og:locale\" content=\"fr_FR\" \/>\n<meta property=\"og:type\" content=\"article\" \/>\n<meta property=\"og:title\" content=\"Bv SportScr One - Chaussettes de course - MioMioRun.com\" \/>\n<meta property=\"og:description\" content=\"D\u00e9couvrez la nouvelle SCR ONE, une chaussette ultra-l\u00e9g\u00e8re dot\u00e9e d&#039;un maillage respirant pour une ventilation optimale.\" \/>\n<meta property=\"og:url\" content=\"https:\/\/www.miomiorun.com\/fr\/produit\/scr-one\/\" \/>\n<meta property=\"og:site_name\" content=\"MioMioRun\" \/>\n<meta property=\"article:publisher\" content=\"https:\/\/www.facebook.com\/miomiorun\/\" \/>\n<meta property=\"article:modified_time\" content=\"2025-12-03T18:03:51+00:00\" \/>\n<meta property=\"og:image\" content=\"https:\/\/www.miomiorun.com\/app\/uploads\/2025\/01\/bv-sport-SCR-One.3-noir-bleu-208-017.webp\" \/>\n\t<meta property=\"og:image:width\" content=\"600\" \/>\n\t<meta property=\"og:image:height\" content=\"600\" \/>\n\t<meta property=\"og:image:type\" content=\"image\/webp\" \/>\n<meta name=\"twitter:card\" content=\"summary_large_image\" \/>\n<meta name=\"twitter:label1\" content=\"Est. reading time\" \/>\n\t<meta name=\"twitter:data1\" content=\"1 minute\" \/>\n<script type=\"application\/ld+json\" class=\"yoast-schema-graph\">{\"@context\":\"https:\/\/schema.org\",\"@graph\":[{\"@type\":\"WebPage\",\"@id\":\"https:\/\/www.miomiorun.com\/fr\/produit\/scr-one\/\",\"url\":\"https:\/\/www.miomiorun.com\/fr\/produit\/scr-one\/\",\"name\":\"Bv SportScr One - Chaussettes de course - MioMioRun.com\",\"isPartOf\":{\"@id\":\"https:\/\/www.miomiorun.com\/fr\/#website\"},\"primaryImageOfPage\":{\"@id\":\"https:\/\/www.miomiorun.com\/fr\/produit\/scr-one\/#primaryimage\"},\"image\":{\"@id\":\"https:\/\/www.miomiorun.com\/fr\/produit\/scr-one\/#primaryimage\"},\"thumbnailUrl\":\"https:\/\/www.miomiorun.com\/app\/uploads\/2025\/01\/bv-sport-SCR-One.3-noir-bleu-208-017.webp\",\"datePublished\":\"2025-01-29T10:48:10+00:00\",\"dateModified\":\"2025-12-03T18:03:51+00:00\",\"description\":\"D\u00e9couvrez la nouvelle SCR ONE, une chaussette ultra-l\u00e9g\u00e8re dot\u00e9e d'un maillage respirant pour une ventilation optimale.\",\"breadcrumb\":{\"@id\":\"https:\/\/www.miomiorun.com\/fr\/produit\/scr-one\/#breadcrumb\"},\"inLanguage\":\"fr-FR\",\"potentialAction\":[{\"@type\":\"ReadAction\",\"target\":[\"https:\/\/www.miomiorun.com\/fr\/produit\/scr-one\/\"]}]},{\"@type\":\"ImageObject\",\"inLanguage\":\"fr-FR\",\"@id\":\"https:\/\/www.miomiorun.com\/fr\/produit\/scr-one\/#primaryimage\",\"url\":\"https:\/\/www.miomiorun.com\/app\/uploads\/2025\/01\/bv-sport-SCR-One.3-noir-bleu-208-017.webp\",\"contentUrl\":\"https:\/\/www.miomiorun.com\/app\/uploads\/2025\/01\/bv-sport-SCR-One.3-noir-bleu-208-017.webp\",\"width\":600,\"height\":600,\"caption\":\"bv sport SCR One.3 noir bleu 208 017\"},{\"@type\":\"BreadcrumbList\",\"@id\":\"https:\/\/www.miomiorun.com\/fr\/produit\/scr-one\/#breadcrumb\",\"itemListElement\":[{\"@type\":\"ListItem\",\"position\":1,\"name\":\"Home\",\"item\":\"https:\/\/www.miomiorun.com\/fr\/home-page\/\"},{\"@type\":\"ListItem\",\"position\":2,\"name\":\"Shop\",\"item\":\"https:\/\/www.miomiorun.com\/shop\/\"},{\"@type\":\"ListItem\",\"position\":3,\"name\":\"Scr One\"}]},{\"@type\":\"WebSite\",\"@id\":\"https:\/\/www.miomiorun.com\/fr\/#website\",\"url\":\"https:\/\/www.miomiorun.com\/fr\/\",\"name\":\"MioMioRun\",\"description\":\"Boutique 100% running et trail\",\"publisher\":{\"@id\":\"https:\/\/www.miomiorun.com\/fr\/#organization\"},\"potentialAction\":[{\"@type\":\"SearchAction\",\"target\":{\"@type\":\"EntryPoint\",\"urlTemplate\":\"https:\/\/www.miomiorun.com\/fr\/?s={search_term_string}\"},\"query-input\":{\"@type\":\"PropertyValueSpecification\",\"valueRequired\":true,\"valueName\":\"search_term_string\"}}],\"inLanguage\":\"fr-FR\"},{\"@type\":\"Organization\",\"@id\":\"https:\/\/www.miomiorun.com\/fr\/#organization\",\"name\":\"MioMio Run\",\"url\":\"https:\/\/www.miomiorun.com\/fr\/\",\"logo\":{\"@type\":\"ImageObject\",\"inLanguage\":\"fr-FR\",\"@id\":\"https:\/\/www.miomiorun.com\/fr\/#\/schema\/logo\/image\/\",\"url\":\"https:\/\/www.miomiorun.com\/app\/uploads\/2019\/12\/logomio.png\",\"contentUrl\":\"https:\/\/www.miomiorun.com\/app\/uploads\/2019\/12\/logomio.png\",\"width\":115,\"height\":82,\"caption\":\"MioMio Run\"},\"image\":{\"@id\":\"https:\/\/www.miomiorun.com\/fr\/#\/schema\/logo\/image\/\"},\"sameAs\":[\"https:\/\/www.facebook.com\/miomiorun\/\",\"https:\/\/www.instagram.com\/miomiorun\/\"]}]}<\/script>\n<!-- \/ Yoast SEO plugin. -->","yoast_head_json":{"title":"Bv SportScr One - Chaussettes de course - MioMioRun.com","description":"D\u00e9couvrez la nouvelle SCR ONE, une chaussette ultra-l\u00e9g\u00e8re dot\u00e9e d'un maillage respirant pour une ventilation optimale.","robots":{"index":"index","follow":"follow","max-snippet":"max-snippet:-1","max-image-preview":"max-image-preview:large","max-video-preview":"max-video-preview:-1"},"canonical":"https:\/\/www.miomiorun.com\/fr\/produit\/scr-one\/","og_locale":"fr_FR","og_type":"article","og_title":"Bv SportScr One - Chaussettes de course - MioMioRun.com","og_description":"D\u00e9couvrez la nouvelle SCR ONE, une chaussette ultra-l\u00e9g\u00e8re dot\u00e9e d'un maillage respirant pour une ventilation optimale.","og_url":"https:\/\/www.miomiorun.com\/fr\/produit\/scr-one\/","og_site_name":"MioMioRun","article_publisher":"https:\/\/www.facebook.com\/miomiorun\/","article_modified_time":"2025-12-03T18:03:51+00:00","og_image":[{"width":600,"height":600,"url":"https:\/\/www.miomiorun.com\/app\/uploads\/2025\/01\/bv-sport-SCR-One.3-noir-bleu-208-017.webp","type":"image\/webp"}],"twitter_card":"summary_large_image","twitter_misc":{"Est. reading time":"1 minute"},"schema":{"@context":"https:\/\/schema.org","@graph":[{"@type":"WebPage","@id":"https:\/\/www.miomiorun.com\/fr\/produit\/scr-one\/","url":"https:\/\/www.miomiorun.com\/fr\/produit\/scr-one\/","name":"Bv SportScr One - Chaussettes de course - MioMioRun.com","isPartOf":{"@id":"https:\/\/www.miomiorun.com\/fr\/#website"},"primaryImageOfPage":{"@id":"https:\/\/www.miomiorun.com\/fr\/produit\/scr-one\/#primaryimage"},"image":{"@id":"https:\/\/www.miomiorun.com\/fr\/produit\/scr-one\/#primaryimage"},"thumbnailUrl":"https:\/\/www.miomiorun.com\/app\/uploads\/2025\/01\/bv-sport-SCR-One.3-noir-bleu-208-017.webp","datePublished":"2025-01-29T10:48:10+00:00","dateModified":"2025-12-03T18:03:51+00:00","description":"D\u00e9couvrez la nouvelle SCR ONE, une chaussette ultra-l\u00e9g\u00e8re dot\u00e9e d'un maillage respirant pour une ventilation optimale.","breadcrumb":{"@id":"https:\/\/www.miomiorun.com\/fr\/produit\/scr-one\/#breadcrumb"},"inLanguage":"fr-FR","potentialAction":[{"@type":"ReadAction","target":["https:\/\/www.miomiorun.com\/fr\/produit\/scr-one\/"]}]},{"@type":"ImageObject","inLanguage":"fr-FR","@id":"https:\/\/www.miomiorun.com\/fr\/produit\/scr-one\/#primaryimage","url":"https:\/\/www.miomiorun.com\/app\/uploads\/2025\/01\/bv-sport-SCR-One.3-noir-bleu-208-017.webp","contentUrl":"https:\/\/www.miomiorun.com\/app\/uploads\/2025\/01\/bv-sport-SCR-One.3-noir-bleu-208-017.webp","width":600,"height":600,"caption":"bv sport SCR One.3 noir bleu 208 017"},{"@type":"BreadcrumbList","@id":"https:\/\/www.miomiorun.com\/fr\/produit\/scr-one\/#breadcrumb","itemListElement":[{"@type":"ListItem","position":1,"name":"Home","item":"https:\/\/www.miomiorun.com\/fr\/home-page\/"},{"@type":"ListItem","position":2,"name":"Shop","item":"https:\/\/www.miomiorun.com\/shop\/"},{"@type":"ListItem","position":3,"name":"Scr One"}]},{"@type":"WebSite","@id":"https:\/\/www.miomiorun.com\/fr\/#website","url":"https:\/\/www.miomiorun.com\/fr\/","name":"MioMioRun","description":"Boutique 100% running et trail","publisher":{"@id":"https:\/\/www.miomiorun.com\/fr\/#organization"},"potentialAction":[{"@type":"SearchAction","target":{"@type":"EntryPoint","urlTemplate":"https:\/\/www.miomiorun.com\/fr\/?s={search_term_string}"},"query-input":{"@type":"PropertyValueSpecification","valueRequired":true,"valueName":"search_term_string"}}],"inLanguage":"fr-FR"},{"@type":"Organization","@id":"https:\/\/www.miomiorun.com\/fr\/#organization","name":"MioMio Run","url":"https:\/\/www.miomiorun.com\/fr\/","logo":{"@type":"ImageObject","inLanguage":"fr-FR","@id":"https:\/\/www.miomiorun.com\/fr\/#\/schema\/logo\/image\/","url":"https:\/\/www.miomiorun.com\/app\/uploads\/2019\/12\/logomio.png","contentUrl":"https:\/\/www.miomiorun.com\/app\/uploads\/2019\/12\/logomio.png","width":115,"height":82,"caption":"MioMio Run"},"image":{"@id":"https:\/\/www.miomiorun.com\/fr\/#\/schema\/logo\/image\/"},"sameAs":["https:\/\/www.facebook.com\/miomiorun\/","https:\/\/www.instagram.com\/miomiorun\/"]}]}},"_links":{"self":[{"href":"https:\/\/www.miomiorun.com\/fr\/wp-json\/wp\/v2\/product\/298901","targetHints":{"allow":["GET"]}}],"collection":[{"href":"https:\/\/www.miomiorun.com\/fr\/wp-json\/wp\/v2\/product"}],"about":[{"href":"https:\/\/www.miomiorun.com\/fr\/wp-json\/wp\/v2\/types\/product"}],"wp:featuredmedia":[{"embeddable":true,"href":"https:\/\/www.miomiorun.com\/fr\/wp-json\/wp\/v2\/media\/251294"}],"wp:attachment":[{"href":"https:\/\/www.miomiorun.com\/fr\/wp-json\/wp\/v2\/media?parent=298901"}],"wp:term":[{"taxonomy":"product_brand","embeddable":true,"href":"https:\/\/www.miomiorun.com\/fr\/wp-json\/wp\/v2\/product_brand?post=298901"},{"taxonomy":"product_cat","embeddable":true,"href":"https:\/\/www.miomiorun.com\/fr\/wp-json\/wp\/v2\/product_cat?post=298901"},{"taxonomy":"product_tag","embeddable":true,"href":"https:\/\/www.miomiorun.com\/fr\/wp-json\/wp\/v2\/product_tag?post=298901"}],"curies":[{"name":"wp","href":"https:\/\/api.w.org\/{rel}","templated":true}]}}