{"id":298774,"date":"2025-01-30T10:05:17","date_gmt":"2025-01-30T09:05:17","guid":{"rendered":"https:\/\/miomiorun.com\/prodotto\/trail-ultra-c-collector-dbdb\/"},"modified":"2026-01-29T10:56:39","modified_gmt":"2026-01-29T09:56:39","slug":"trail-ultra-c-collector-dbdb","status":"publish","type":"product","link":"https:\/\/www.miomiorun.com\/fr\/produit\/trail-ultra-c-collector-dbdb\/","title":{"rendered":"TRAIL ULTRA-C Collector DBDB"},"content":{"rendered":"<p><div class=\"vc-row container\"><div class=\"vc-column\"><div class=\"vc-column-text\"><\/p>\n<div id=\"product-description-short\" class=\"full\">\n<p>Gr\u00e2ce \u00e0 son fil r\u00e9fl\u00e9chissant, la nouvelle chaussette TRAIL ULTRA DBDB rendra vos sorties nocturnes encore plus agr\u00e9ables et vous garantira une bonne visibilit\u00e9 sur les sentiers sombres.<\/p>\n<p>Fabriqu\u00e9es en France, les chaussettes de course TRAIL ULTRA-C Collector DBDB sont le fruit d&#8217;une collaboration exclusive avec Des Bosses et Des Bulles.<\/p>\n<p>Techniques, r\u00e9sistantes, confortables et ultra-renforc\u00e9es, ces chaussettes hautes s&#8217;adaptent \u00e0 la course en montagne sur toutes les distances.<\/p>\n<p>Elles pr\u00e9sentent des renforts cibl\u00e9s aux endroits strat\u00e9giques du pied et un soutien stabilisateur \u00e0 la cheville tout en conservant un confort optimal. Gr\u00e2ce \u00e0 leur conception respirante et tricot\u00e9e, elles \u00e9vacuent rapidement la transpiration pour vous garder au frais et au sec pendant vos sorties.<\/p>\n<\/div>\n<p><\/div><\/div><\/div><div class=\"vc-row container\"><div class=\"vc-column\"><div class=\"vc-column-text\"><a href=\"https:\/\/miomiorun.com\/wp-content\/uploads\/2025\/01\/bv-sport-Trail-collector-DBDB.webp\"><img loading=\"lazy\" decoding=\"async\" class=\"alignnone size-full wp-image-226671\" src=\"https:\/\/miomiorun.com\/wp-content\/uploads\/2025\/01\/bv-sport-Trail-collector-DBDB.webp\" alt=\"\" width=\"600\" height=\"600\" srcset=\"https:\/\/www.miomiorun.com\/app\/uploads\/2025\/01\/bv-sport-Trail-collector-DBDB.webp 600w, https:\/\/www.miomiorun.com\/app\/uploads\/2025\/01\/bv-sport-Trail-collector-DBDB-300x300.webp 300w, https:\/\/www.miomiorun.com\/app\/uploads\/2025\/01\/bv-sport-Trail-collector-DBDB-100x100.webp 100w, https:\/\/www.miomiorun.com\/app\/uploads\/2025\/01\/bv-sport-Trail-collector-DBDB-150x150.webp 150w, https:\/\/www.miomiorun.com\/app\/uploads\/2025\/01\/bv-sport-Trail-collector-DBDB-400x400.webp 400w, https:\/\/www.miomiorun.com\/app\/uploads\/2025\/01\/bv-sport-Trail-collector-DBDB-85x85.webp 85w, https:\/\/www.miomiorun.com\/app\/uploads\/2025\/01\/bv-sport-Trail-collector-DBDB-50x50.webp 50w, https:\/\/www.miomiorun.com\/app\/uploads\/2025\/01\/bv-sport-Trail-collector-DBDB-32x32.webp 32w, https:\/\/www.miomiorun.com\/app\/uploads\/2025\/01\/bv-sport-Trail-collector-DBDB-480x480.webp 480w\" sizes=\"auto, (max-width: 600px) 100vw, 600px\" \/><\/a><\/div><\/div><div class=\"vc-column\"><div class=\"vc-column-text\"><\/p>\n<h2><strong>Technologies :<\/strong><\/h2>\n<h3><strong>1-Semelle anatomique 3D renforc\u00e9e<\/strong><\/h3>\n<p>Technique : Combinaison de 2 types de mailles (\u00e9paisse et fine) avec tissage boucl\u00e9 int\u00e9gr\u00e9.<\/p>\n<p>Action : Prot\u00e8ge les zones de contact, optimise la proprioception et am\u00e9liore la stabilisation du pied.<\/p>\n<p>Avantages : R\u00e9duction des frottements et de l&#8217;accumulation de chaleur dans la semelle.<\/p>\n<h3><strong>2-Soutien et stabilisation \u00e0 360\u00b0 du pied et de la cheville<\/strong><\/h3>\n<p>Technique : Maille c\u00f4tel\u00e9e positionn\u00e9e au niveau de l&#8217;articulation de la cheville.<\/p>\n<p>Action : maintient et stabilise la cheville sans la comprimer.<\/p>\n<p>Avantages : soutien optimal de la cheville pendant la foul\u00e9e.<\/p>\n<h3><strong>3-Protection de la mall\u00e9ole et du tendon d&#8217;Achille<\/strong><\/h3>\n<p>Technique : maille en anneau situ\u00e9e au niveau des mall\u00e9oles et du tendon d&#8217;Achille.<\/p>\n<p>Action : Prot\u00e8ge les structures sensibles et absorbe les chocs.<\/p>\n<p>Avantages : Offre une protection cibl\u00e9e.<\/p>\n<h3><strong>4-Maillage a\u00e9r\u00e9<\/strong><\/h3>\n<p>Technique : Maillage l\u00e9ger en nid d&#8217;abeille sur le dessus du pied.<\/p>\n<p>Action : Acc\u00e9l\u00e8re la r\u00e9gulation thermique. A\u00e9ration optimale.<\/p>\n<p>Avantages : \u00c9vacue efficacement la transpiration.<\/p>\n<h3><strong>5-Renfort au talon et \u00e0 la pointe<\/strong><\/h3>\n<p>Technique : Maille sans frottement \u00e0 la pointe et au talon.<\/p>\n<p>Action : Limite l&#8217;accumulation de chaleur et les frottements aux extr\u00e9mit\u00e9s du pied.<\/p>\n<p>Avantages : Am\u00e9liore le confort et limite l&#8217;apparition d&#8217;ampoules.<\/p>\n<h3><strong>6-Renfort au niveau du la\u00e7age<\/strong><\/h3>\n<p>Technique : Tissage boucl\u00e9.<\/p>\n<p>Action : Limite l&#8217;accumulation de chaleur sur le dessus du pied au contact du la\u00e7age et de la languette de la chaussure.<\/p>\n<p>Avantages : am\u00e9liore le confort et limite la pression due au la\u00e7age.<\/p>\n<h3><strong>7-Bord large c\u00f4tel\u00e9<\/strong><\/h3>\n<p>Technique : bande de d\u00e9charge sur le bord sup\u00e9rieur de la chaussette.<\/p>\n<p>Action : maintient efficacement la chaussette sans effet garrot.<\/p>\n<p>Avantages : am\u00e9liore la r\u00e9tention de la tige.<\/p>\n<h3><strong>8-Fil r\u00e9fl\u00e9chissant<\/strong><\/h3>\n<p>Technique : Fil r\u00e9fl\u00e9chissant tricot\u00e9 dans certaines zones sp\u00e9cifiques de la chaussette.<\/p>\n<p>Action : Garantit la visibilit\u00e9 lors des sorties nocturnes.<\/p>\n<p>Avantages : \u00catre visible et rester en s\u00e9curit\u00e9 dans l&#8217;obscurit\u00e9.<\/div> <\/div><\/div><div class=\"vc-row container\"><div class=\"vc-column\"><div class=\"vc-column-text\">Con\u00e7ues pour la pratique du trail sur toutes les distances, les chaussettes TRAIL ULTRA &#8211; COLLECTOR DBDB Night Fever, fabriqu\u00e9es en France en collaboration avec \u00ab Des Bosses Des Bulles \u00bb, sont techniques, confortables, r\u00e9sistantes et renforc\u00e9es.<\/p>\n<p>Elles sont dot\u00e9es d&#8217;une semelle anatomique 3D ultra renforc\u00e9e qui am\u00e9liore la stabilit\u00e9 du pied dans la chaussure et le prot\u00e8ge des chocs lors des impacts au sol.<\/p>\n<p>Le maintien et la stabilisation \u00e0 360\u00b0 du pied et de la cheville permettent de maintenir la cheville tout en stabilisant le pied dans la chaussure.<\/p>\n<p>La TRAIL ULTRA COLLECTOR x DBDB Night Fever dispose de renforts cibl\u00e9s dans les zones sujettes \u00e0 la surchauffe ou aux points de contact strat\u00e9giques tr\u00e8s sollicit\u00e9s sur les terrains accident\u00e9s : les chevilles, le tendon d&#8217;Achille, le point de la\u00e7age, le talon et la pointe du pied.<\/p>\n<p>Le maillage l\u00e9ger et alv\u00e9ol\u00e9 permet d&#8217;\u00e9vacuer rapidement la transpiration pendant l&#8217;effort pour rester au sec le plus longtemps possible.<\/p>\n<p>Le large bord c\u00f4tel\u00e9 \u00e9vite l&#8217;effet garrot tout en maintenant efficacement la chaussette en place.<\/p>\n<p>Les chaussettes hautes TRAIL ULTRA COLLECTOR x DBDB Night Fever sont dot\u00e9es de coutures plates pour limiter les frottements et les irritations plantaires. Elles sont \u00e9galement asym\u00e9triques pour s&#8217;adapter parfaitement \u00e0 l&#8217;anatomie du pied.<\/p>\n<p>Les couleurs et les diff\u00e9rents motifs les adaptent \u00e0 votre style de vie.<\/p>\n<p>Les chaussettes DBDB Collector Night Fever sont \u00e9galement con\u00e7ues avec un fil phosphorescent qui vous rendra visible lors de vos sorties nocturnes.<\/p>\n<p>&nbsp;<\/p>\n<p>&nbsp;<\/p>\n<p><strong>BV SPORT x DBDB<\/strong><\/p>\n<p>Il n&#8217;y a pas de hasard, seulement des rendez-vous.<\/p>\n<p>Celui d&#8217;une marque saint-\u00e9tienne, qui s&#8217;impose depuis plus de vingt ans sur la plan\u00e8te Trail, et d&#8217;un dessinateur lyonnais, Matthieu Forichon, qui la d\u00e9peint avec humour et l\u00e9g\u00e8ret\u00e9 dans ses c\u00e9l\u00e8bres dessins Des bosses et Des bulles.<\/p>\n<p>Pas de querelle de clochers, en Trail, Saint\u00e9 et Lyon s&#8217;\u00e9crivent avec un trait d&#8217;union, et pas seulement par une froide nuit de d\u00e9cembre !<\/p>\n<p>Cette collaboration, qui marque \u00e9galement le d\u00e9but de la production Made in France des chaussettes BV Sport, transpose ainsi l&#8217;univers dr\u00f4le et anticonformiste de Des bosses et Des bulles sur des produits techniques, indispensables aux Trailers, dans les courses et les entra\u00eenements, mais aussi dans la vie de tous les jours.<\/p>\n<p>Partant d&#8217;une chaussette blanche, Matthieu a eu toute libert\u00e9 pour proposer une premi\u00e8re collection, que nous avons r\u00e9ussi \u00e0 transposer techniquement sur nos produits sans perdre le d\u00e9tail et la finesse des caract\u00e9ristiques.<\/p>\n<p>Un pari r\u00e9ussi. La collaboration BV SPORT x DBDB est n\u00e9e, et l&#8217;aventure ne fait que commencer !<\/p>\n<p>Parce que nous mettons un point d&#8217;honneur \u00e0 adopter une attitude \u00e9co-responsable, l&#8217;emballage de ce produit a \u00e9t\u00e9 enti\u00e8rement con\u00e7u \u00e0 partir de mat\u00e9riaux recyclables.<\/p>\n<p>&nbsp;<\/p>\n<p>&nbsp;<\/p>\n<p><\/div><\/div><\/div><\/p>\n","protected":false},"excerpt":{"rendered":"<ul>\n<li><strong>Semelle anatomique 3D ultra renforc\u00e9e :<\/strong> inspir\u00e9e des bandes de roulement automobiles, elle offre une stabilit\u00e9 optimale et une excellente absorption des chocs.\n \t<\/li>\n<li><strong>Support stabilisateur \u00e0 360\u00b0 :<\/strong> Stabilise la cheville et le pied, garantissant la s\u00e9curit\u00e9 sur tous les terrains. <\/li>\n<li><strong>Maille respirante :<\/strong> Assure une \u00e9vacuation rapide de l&#8217;humidit\u00e9, gardant les pieds au sec et \u00e0 l&#8217;aise pendant l&#8217;activit\u00e9. <\/li>\n<\/ul>\n","protected":false},"featured_media":251330,"template":"","meta":{"_acf_changed":false,"inline_featured_image":false},"product_brand":[],"product_cat":[22597,24256,22596,24482],"product_tag":[23562,24174,24175],"class_list":{"0":"post-298774","1":"product","2":"type-product","3":"status-publish","4":"has-post-thumbnail","6":"product_cat-chaussettes","7":"product_cat-chaussettes-fr","8":"product_cat-vetements-pour-femmes","9":"product_cat-vetements-pour-hommes-fr","10":"product_tag-bv-sport-fr","11":"product_tag-bv-sport-femme","12":"product_tag-bv-sport-homme","13":"pa_attivita-marcher","14":"pa_attivita-outdoor-fr","15":"pa_attivita-running-fr","16":"pa_attivita-trail-fr","17":"pa_colore-trail-collector-dbdb-beebeer-bleu-fr","18":"pa_colore-trail-collector-dbdb-night-fever-fr","19":"pa_colore-trail-collector-dbdb-pop-corail-fr","20":"pa_colore-trail-collector-dbdb-pop-jaune-fr","21":"pa_colore-trail-ultra-2-collector-dbdb-finisher","22":"pa_colore-trail-ultra-2-collector-dbdb-night-fever-fr","23":"pa_colore-trail-ultra-2-collector-dbdb-ravito","24":"pa_marca-bv-sport-fr","25":"pa_sesso-femme","26":"pa_sesso-homme","27":"pa_size-36-38-fr","28":"pa_size-39-41-fr","29":"pa_size-42-44-fr","30":"pa_size-45-47-fr","32":"first","33":"instock","34":"sale","35":"taxable","36":"shipping-taxable","37":"purchasable","38":"product-type-variable","39":"wvs-archive-product-wrapper"},"acf":[],"yoast_head":"<!-- This site is optimized with the Yoast SEO plugin v26.8 - https:\/\/yoast.com\/product\/yoast-seo-wordpress\/ -->\n<title>Bv Sport TRAIL ULTRA-C Collector DBDB - Chaussettes de course - MioMioRun .com<\/title>\n<meta name=\"description\" content=\"Chaussettes de trail fabriqu\u00e9es en France avec semelle 3D renforc\u00e9e, maintien \u00e0 360\u00b0 et maille respirante pour un confort et des performances optimaux.\" \/>\n<meta name=\"robots\" content=\"index, follow, max-snippet:-1, max-image-preview:large, max-video-preview:-1\" \/>\n<link rel=\"canonical\" href=\"https:\/\/www.miomiorun.com\/fr\/produit\/trail-ultra-c-collector-dbdb\/\" \/>\n<meta property=\"og:locale\" content=\"fr_FR\" \/>\n<meta property=\"og:type\" content=\"article\" \/>\n<meta property=\"og:title\" content=\"Bv Sport TRAIL ULTRA-C Collector DBDB - Chaussettes de course - MioMioRun .com\" \/>\n<meta property=\"og:description\" content=\"Chaussettes de trail fabriqu\u00e9es en France avec semelle 3D renforc\u00e9e, maintien \u00e0 360\u00b0 et maille respirante pour un confort et des performances optimaux.\" \/>\n<meta property=\"og:url\" content=\"https:\/\/www.miomiorun.com\/fr\/produit\/trail-ultra-c-collector-dbdb\/\" \/>\n<meta property=\"og:site_name\" content=\"MioMioRun\" \/>\n<meta property=\"article:publisher\" content=\"https:\/\/www.facebook.com\/miomiorun\/\" \/>\n<meta property=\"article:modified_time\" content=\"2026-01-29T09:56:39+00:00\" \/>\n<meta property=\"og:image\" content=\"https:\/\/www.miomiorun.com\/app\/uploads\/2025\/01\/bv-sport-Trail-collector-DBDB-night-fever-292-042.webp\" \/>\n\t<meta property=\"og:image:width\" content=\"600\" \/>\n\t<meta property=\"og:image:height\" content=\"600\" \/>\n\t<meta property=\"og:image:type\" content=\"image\/webp\" \/>\n<meta name=\"twitter:card\" content=\"summary_large_image\" \/>\n<meta name=\"twitter:label1\" content=\"Est. reading time\" \/>\n\t<meta name=\"twitter:data1\" content=\"5 minutes\" \/>\n<script type=\"application\/ld+json\" class=\"yoast-schema-graph\">{\"@context\":\"https:\/\/schema.org\",\"@graph\":[{\"@type\":\"WebPage\",\"@id\":\"https:\/\/www.miomiorun.com\/fr\/produit\/trail-ultra-c-collector-dbdb\/\",\"url\":\"https:\/\/www.miomiorun.com\/fr\/produit\/trail-ultra-c-collector-dbdb\/\",\"name\":\"Bv Sport TRAIL ULTRA-C Collector DBDB - Chaussettes de course - MioMioRun .com\",\"isPartOf\":{\"@id\":\"https:\/\/www.miomiorun.com\/fr\/#website\"},\"primaryImageOfPage\":{\"@id\":\"https:\/\/www.miomiorun.com\/fr\/produit\/trail-ultra-c-collector-dbdb\/#primaryimage\"},\"image\":{\"@id\":\"https:\/\/www.miomiorun.com\/fr\/produit\/trail-ultra-c-collector-dbdb\/#primaryimage\"},\"thumbnailUrl\":\"https:\/\/www.miomiorun.com\/app\/uploads\/2025\/01\/bv-sport-Trail-collector-DBDB-night-fever-292-042.webp\",\"datePublished\":\"2025-01-30T09:05:17+00:00\",\"dateModified\":\"2026-01-29T09:56:39+00:00\",\"description\":\"Chaussettes de trail fabriqu\u00e9es en France avec semelle 3D renforc\u00e9e, maintien \u00e0 360\u00b0 et maille respirante pour un confort et des performances optimaux.\",\"breadcrumb\":{\"@id\":\"https:\/\/www.miomiorun.com\/fr\/produit\/trail-ultra-c-collector-dbdb\/#breadcrumb\"},\"inLanguage\":\"fr-FR\",\"potentialAction\":[{\"@type\":\"ReadAction\",\"target\":[\"https:\/\/www.miomiorun.com\/fr\/produit\/trail-ultra-c-collector-dbdb\/\"]}]},{\"@type\":\"ImageObject\",\"inLanguage\":\"fr-FR\",\"@id\":\"https:\/\/www.miomiorun.com\/fr\/produit\/trail-ultra-c-collector-dbdb\/#primaryimage\",\"url\":\"https:\/\/www.miomiorun.com\/app\/uploads\/2025\/01\/bv-sport-Trail-collector-DBDB-night-fever-292-042.webp\",\"contentUrl\":\"https:\/\/www.miomiorun.com\/app\/uploads\/2025\/01\/bv-sport-Trail-collector-DBDB-night-fever-292-042.webp\",\"width\":600,\"height\":600,\"caption\":\"bv sport Trail collector DBDB night fever 292 042\"},{\"@type\":\"BreadcrumbList\",\"@id\":\"https:\/\/www.miomiorun.com\/fr\/produit\/trail-ultra-c-collector-dbdb\/#breadcrumb\",\"itemListElement\":[{\"@type\":\"ListItem\",\"position\":1,\"name\":\"Home\",\"item\":\"https:\/\/www.miomiorun.com\/fr\/home-page\/\"},{\"@type\":\"ListItem\",\"position\":2,\"name\":\"Shop\",\"item\":\"https:\/\/www.miomiorun.com\/shop\/\"},{\"@type\":\"ListItem\",\"position\":3,\"name\":\"TRAIL ULTRA-C Collector DBDB\"}]},{\"@type\":\"WebSite\",\"@id\":\"https:\/\/www.miomiorun.com\/fr\/#website\",\"url\":\"https:\/\/www.miomiorun.com\/fr\/\",\"name\":\"MioMioRun\",\"description\":\"Boutique 100% running et trail\",\"publisher\":{\"@id\":\"https:\/\/www.miomiorun.com\/fr\/#organization\"},\"potentialAction\":[{\"@type\":\"SearchAction\",\"target\":{\"@type\":\"EntryPoint\",\"urlTemplate\":\"https:\/\/www.miomiorun.com\/fr\/?s={search_term_string}\"},\"query-input\":{\"@type\":\"PropertyValueSpecification\",\"valueRequired\":true,\"valueName\":\"search_term_string\"}}],\"inLanguage\":\"fr-FR\"},{\"@type\":\"Organization\",\"@id\":\"https:\/\/www.miomiorun.com\/fr\/#organization\",\"name\":\"MioMio Run\",\"url\":\"https:\/\/www.miomiorun.com\/fr\/\",\"logo\":{\"@type\":\"ImageObject\",\"inLanguage\":\"fr-FR\",\"@id\":\"https:\/\/www.miomiorun.com\/fr\/#\/schema\/logo\/image\/\",\"url\":\"https:\/\/www.miomiorun.com\/app\/uploads\/2019\/12\/logomio.png\",\"contentUrl\":\"https:\/\/www.miomiorun.com\/app\/uploads\/2019\/12\/logomio.png\",\"width\":115,\"height\":82,\"caption\":\"MioMio Run\"},\"image\":{\"@id\":\"https:\/\/www.miomiorun.com\/fr\/#\/schema\/logo\/image\/\"},\"sameAs\":[\"https:\/\/www.facebook.com\/miomiorun\/\",\"https:\/\/www.instagram.com\/miomiorun\/\"]}]}<\/script>\n<!-- \/ Yoast SEO plugin. -->","yoast_head_json":{"title":"Bv Sport TRAIL ULTRA-C Collector DBDB - Chaussettes de course - MioMioRun .com","description":"Chaussettes de trail fabriqu\u00e9es en France avec semelle 3D renforc\u00e9e, maintien \u00e0 360\u00b0 et maille respirante pour un confort et des performances optimaux.","robots":{"index":"index","follow":"follow","max-snippet":"max-snippet:-1","max-image-preview":"max-image-preview:large","max-video-preview":"max-video-preview:-1"},"canonical":"https:\/\/www.miomiorun.com\/fr\/produit\/trail-ultra-c-collector-dbdb\/","og_locale":"fr_FR","og_type":"article","og_title":"Bv Sport TRAIL ULTRA-C Collector DBDB - Chaussettes de course - MioMioRun .com","og_description":"Chaussettes de trail fabriqu\u00e9es en France avec semelle 3D renforc\u00e9e, maintien \u00e0 360\u00b0 et maille respirante pour un confort et des performances optimaux.","og_url":"https:\/\/www.miomiorun.com\/fr\/produit\/trail-ultra-c-collector-dbdb\/","og_site_name":"MioMioRun","article_publisher":"https:\/\/www.facebook.com\/miomiorun\/","article_modified_time":"2026-01-29T09:56:39+00:00","og_image":[{"width":600,"height":600,"url":"https:\/\/www.miomiorun.com\/app\/uploads\/2025\/01\/bv-sport-Trail-collector-DBDB-night-fever-292-042.webp","type":"image\/webp"}],"twitter_card":"summary_large_image","twitter_misc":{"Est. reading time":"5 minutes"},"schema":{"@context":"https:\/\/schema.org","@graph":[{"@type":"WebPage","@id":"https:\/\/www.miomiorun.com\/fr\/produit\/trail-ultra-c-collector-dbdb\/","url":"https:\/\/www.miomiorun.com\/fr\/produit\/trail-ultra-c-collector-dbdb\/","name":"Bv Sport TRAIL ULTRA-C Collector DBDB - Chaussettes de course - MioMioRun .com","isPartOf":{"@id":"https:\/\/www.miomiorun.com\/fr\/#website"},"primaryImageOfPage":{"@id":"https:\/\/www.miomiorun.com\/fr\/produit\/trail-ultra-c-collector-dbdb\/#primaryimage"},"image":{"@id":"https:\/\/www.miomiorun.com\/fr\/produit\/trail-ultra-c-collector-dbdb\/#primaryimage"},"thumbnailUrl":"https:\/\/www.miomiorun.com\/app\/uploads\/2025\/01\/bv-sport-Trail-collector-DBDB-night-fever-292-042.webp","datePublished":"2025-01-30T09:05:17+00:00","dateModified":"2026-01-29T09:56:39+00:00","description":"Chaussettes de trail fabriqu\u00e9es en France avec semelle 3D renforc\u00e9e, maintien \u00e0 360\u00b0 et maille respirante pour un confort et des performances optimaux.","breadcrumb":{"@id":"https:\/\/www.miomiorun.com\/fr\/produit\/trail-ultra-c-collector-dbdb\/#breadcrumb"},"inLanguage":"fr-FR","potentialAction":[{"@type":"ReadAction","target":["https:\/\/www.miomiorun.com\/fr\/produit\/trail-ultra-c-collector-dbdb\/"]}]},{"@type":"ImageObject","inLanguage":"fr-FR","@id":"https:\/\/www.miomiorun.com\/fr\/produit\/trail-ultra-c-collector-dbdb\/#primaryimage","url":"https:\/\/www.miomiorun.com\/app\/uploads\/2025\/01\/bv-sport-Trail-collector-DBDB-night-fever-292-042.webp","contentUrl":"https:\/\/www.miomiorun.com\/app\/uploads\/2025\/01\/bv-sport-Trail-collector-DBDB-night-fever-292-042.webp","width":600,"height":600,"caption":"bv sport Trail collector DBDB night fever 292 042"},{"@type":"BreadcrumbList","@id":"https:\/\/www.miomiorun.com\/fr\/produit\/trail-ultra-c-collector-dbdb\/#breadcrumb","itemListElement":[{"@type":"ListItem","position":1,"name":"Home","item":"https:\/\/www.miomiorun.com\/fr\/home-page\/"},{"@type":"ListItem","position":2,"name":"Shop","item":"https:\/\/www.miomiorun.com\/shop\/"},{"@type":"ListItem","position":3,"name":"TRAIL ULTRA-C Collector DBDB"}]},{"@type":"WebSite","@id":"https:\/\/www.miomiorun.com\/fr\/#website","url":"https:\/\/www.miomiorun.com\/fr\/","name":"MioMioRun","description":"Boutique 100% running et trail","publisher":{"@id":"https:\/\/www.miomiorun.com\/fr\/#organization"},"potentialAction":[{"@type":"SearchAction","target":{"@type":"EntryPoint","urlTemplate":"https:\/\/www.miomiorun.com\/fr\/?s={search_term_string}"},"query-input":{"@type":"PropertyValueSpecification","valueRequired":true,"valueName":"search_term_string"}}],"inLanguage":"fr-FR"},{"@type":"Organization","@id":"https:\/\/www.miomiorun.com\/fr\/#organization","name":"MioMio Run","url":"https:\/\/www.miomiorun.com\/fr\/","logo":{"@type":"ImageObject","inLanguage":"fr-FR","@id":"https:\/\/www.miomiorun.com\/fr\/#\/schema\/logo\/image\/","url":"https:\/\/www.miomiorun.com\/app\/uploads\/2019\/12\/logomio.png","contentUrl":"https:\/\/www.miomiorun.com\/app\/uploads\/2019\/12\/logomio.png","width":115,"height":82,"caption":"MioMio Run"},"image":{"@id":"https:\/\/www.miomiorun.com\/fr\/#\/schema\/logo\/image\/"},"sameAs":["https:\/\/www.facebook.com\/miomiorun\/","https:\/\/www.instagram.com\/miomiorun\/"]}]}},"_links":{"self":[{"href":"https:\/\/www.miomiorun.com\/fr\/wp-json\/wp\/v2\/product\/298774","targetHints":{"allow":["GET"]}}],"collection":[{"href":"https:\/\/www.miomiorun.com\/fr\/wp-json\/wp\/v2\/product"}],"about":[{"href":"https:\/\/www.miomiorun.com\/fr\/wp-json\/wp\/v2\/types\/product"}],"wp:featuredmedia":[{"embeddable":true,"href":"https:\/\/www.miomiorun.com\/fr\/wp-json\/wp\/v2\/media\/251330"}],"wp:attachment":[{"href":"https:\/\/www.miomiorun.com\/fr\/wp-json\/wp\/v2\/media?parent=298774"}],"wp:term":[{"taxonomy":"product_brand","embeddable":true,"href":"https:\/\/www.miomiorun.com\/fr\/wp-json\/wp\/v2\/product_brand?post=298774"},{"taxonomy":"product_cat","embeddable":true,"href":"https:\/\/www.miomiorun.com\/fr\/wp-json\/wp\/v2\/product_cat?post=298774"},{"taxonomy":"product_tag","embeddable":true,"href":"https:\/\/www.miomiorun.com\/fr\/wp-json\/wp\/v2\/product_tag?post=298774"}],"curies":[{"name":"wp","href":"https:\/\/api.w.org\/{rel}","templated":true}]}}