{"id":298768,"date":"2025-01-30T13:32:11","date_gmt":"2025-01-30T12:32:11","guid":{"rendered":"https:\/\/miomiorun.com\/prodotto\/run-marathon-low\/"},"modified":"2025-12-04T10:58:55","modified_gmt":"2025-12-04T09:58:55","slug":"run-marathon-low","status":"publish","type":"product","link":"https:\/\/www.miomiorun.com\/fr\/produit\/run-marathon-low\/","title":{"rendered":"RUN MARATHON Low"},"content":{"rendered":"<p><div class=\"vc-row container\"><div class=\"vc-column\"><div class=\"vc-column-text\"><\/p>\n<div id=\"product-description-short\" class=\"full\">\n<div id=\"product-description-short\" class=\"full\">\n<p>La <b>nouvelle chaussette RUN MARATHON LOW&nbsp;<\/b>est l&#8217;excellence pour les coureurs !<\/p>\n<p><b>Fabriqu\u00e9e avec soin en France<\/b>, cette chaussette est dot\u00e9e d&#8217;une <b>nouvelle semelle 3D ultra-technique<\/b> con\u00e7ue dans le <b>centre R&amp;D<\/b>, id\u00e9ale pour affronter les <b>longues distances<\/b> sur <b>asphalte.<\/b><\/p>\n<p><b>Technologie, l\u00e9g\u00e8ret\u00e9, confort<\/b> et <b>r\u00e9sistance<\/b> s&#8217;allient pour offrir une exp\u00e9rience in\u00e9gal\u00e9e.<\/p>\n<p>Ses <b>renforts cibl\u00e9s<\/b> garantissent un <b>soutien optimal<\/b> \u00e0 chaque pas, tandis que son design <b>l\u00e9ger<\/b> et <b>ergonomique<\/b> vous permet de <b>parcourir des kilom\u00e8tres<\/b> sans compromettre votre <b>confort. <\/b><\/p>\n<\/div>\n<\/div>\n<p><\/div><\/div><\/div><div class=\"vc-row container\"><div class=\"vc-column\"><div class=\"vc-column-text\"><a href=\"https:\/\/miomiorun.com\/wp-content\/uploads\/2025\/01\/bv-sport-Run-marathon.2-low.webp\"><img loading=\"lazy\" decoding=\"async\" class=\"alignnone size-full wp-image-226885\" src=\"https:\/\/miomiorun.com\/wp-content\/uploads\/2025\/01\/bv-sport-Run-marathon.2-low.webp\" alt=\"\" width=\"600\" height=\"600\" srcset=\"https:\/\/www.miomiorun.com\/app\/uploads\/2025\/01\/bv-sport-Run-marathon.2-low.webp 600w, https:\/\/www.miomiorun.com\/app\/uploads\/2025\/01\/bv-sport-Run-marathon.2-low-300x300.webp 300w, https:\/\/www.miomiorun.com\/app\/uploads\/2025\/01\/bv-sport-Run-marathon.2-low-100x100.webp 100w, https:\/\/www.miomiorun.com\/app\/uploads\/2025\/01\/bv-sport-Run-marathon.2-low-150x150.webp 150w, https:\/\/www.miomiorun.com\/app\/uploads\/2025\/01\/bv-sport-Run-marathon.2-low-400x400.webp 400w, https:\/\/www.miomiorun.com\/app\/uploads\/2025\/01\/bv-sport-Run-marathon.2-low-85x85.webp 85w, https:\/\/www.miomiorun.com\/app\/uploads\/2025\/01\/bv-sport-Run-marathon.2-low-50x50.webp 50w, https:\/\/www.miomiorun.com\/app\/uploads\/2025\/01\/bv-sport-Run-marathon.2-low-32x32.webp 32w, https:\/\/www.miomiorun.com\/app\/uploads\/2025\/01\/bv-sport-Run-marathon.2-low-480x480.webp 480w\" sizes=\"auto, (max-width: 600px) 100vw, 600px\" \/><\/a><\/div> <\/div><div class=\"vc-column\"><div class=\"vc-column-text\"><\/p>\n<h3>Technologies :<\/h3>\n<div class=\"col-sm-5 col-12\">\n<h3 class=\"title\">1-Semelle anatomique 3D renforc\u00e9e<\/h3>\n<p>Technique : combinaison de 2 types de mailles (\u00e9paisse et fine) avec anneaux int\u00e9gr\u00e9s. Inspir\u00e9e des bandes de roulement des voitures.<\/p>\n<p>Action : prot\u00e8ge les zones de contact, optimise la proprioception et am\u00e9liore la stabilisation du pied.<\/p>\n<p>Avantages : r\u00e9duit les frottements et la surchauffe de la semelle.<\/p>\n<h3 class=\"title\">2-Soutien et stabilisation \u00e0 360\u00b0 du pied et de la cheville<\/h3>\n<p>Technique : maille c\u00f4tel\u00e9e positionn\u00e9e au niveau de l&#8217;articulation de la cheville.<\/p>\n<p>Action : soutient et stabilise la cheville sans la comprimer. <\/p>\n<p>Avantages : garantit un soutien optimal de la cheville pendant la course. <\/p>\n<h3 class=\"title\">3-Protection du tendon d&#8217;Achille<\/h3>\n<p>Technique : maille \u00e9ponge positionn\u00e9e au niveau du tendon d&#8217;Achille. <\/p>\n<p>Action : prot\u00e8ge les structures sensibles et absorbe les chocs. <\/p>\n<p>Avantages : offre une protection cibl\u00e9e. <\/p>\n<h3 class=\"title\">4-Maille respirante<\/h3>\n<p>Technique : maille l\u00e9g\u00e8re et alv\u00e9ol\u00e9e sur le dessus du pied. <\/p>\n<p>Action : acc\u00e9l\u00e8re la r\u00e9gulation thermique. Ventilation optimale. <\/p>\n<p>Avantages : \u00e9vacue efficacement la transpiration. <\/p>\n<h3 class=\"title\">5-Renforts au talon et \u00e0 la pointe<\/h3>\n<p>Technique : maille \u00e9ponge positionn\u00e9e \u00e0 la pointe du pied et au talon. <\/p>\n<p>Action : R\u00e9duit la surchauffe et les frottements sur les extr\u00e9mit\u00e9s du pied.<\/p>\n<p>Avantages : Am\u00e9liore le confort et limite la formation d&#8217;ampoules.<\/p>\n<h3 class=\"title\">6-Renforts au niveau du la\u00e7age<\/p>\n<p>Technique : maille \u00e9ponge. <\/p>\n<p>Action : r\u00e9duit la surchauffe sur le dessus du pied en contact avec la zone de la\u00e7age et la languette de la chaussure. <\/p>\n<p>Avantages : am\u00e9liore le confort et r\u00e9duit les pressions dues au la\u00e7age.<\/p>\n<h3 class=\"title\">7-Bord large<\/h3>\n<p>Technique : bande de d\u00e9charge sur le bord sup\u00e9rieur de la chaussette.<\/p>\n<p>Action : maintient efficacement la chaussette sans effet contraignant. <\/p>\n<p>Avantages : am\u00e9liore le maintien du bord sup\u00e9rieur. <\/p>\n<\/h3>\n<\/p>\n<\/div>\n<p><\/div><\/div><\/div><div class=\"vc-row container\"><div class=\"vc-column\"><div class=\"vc-column-text\"> La chaussette <b>RUN MARATHON LOW<\/b> se distingue par sa <b>nouvelle semelle anatomique 3D renforc\u00e9e<\/b>, d\u00e9velopp\u00e9e dans notre <b>centre R&amp;D<\/b> pour offrir un <b>soutien<\/b> et un <b>confort in\u00e9gal\u00e9s<\/b>. Inspir\u00e9e des <b>bandes de roulement des voitures<\/b>, cette <b>innovation technique<\/b> garantit une <b>adh\u00e9rence optimale<\/b> et un <b>amorti<\/b> \u00e0 chaque pas.<\/p>\n<p>Gr\u00e2ce \u00e0 son <b>soutien \u00e0 360\u00b0<\/b>, elle enveloppe parfaitement la <b>cheville<\/b> et le <b>pied<\/b>, vous permettant de <b>d\u00e9passer vos limites<\/b> en toute s\u00e9r\u00e9nit\u00e9.<\/p>\n<p>Con\u00e7ue pour les <b>longues distances<\/b>, elle int\u00e8gre des <b>renforts cibl\u00e9s<\/b> dans des zones strat\u00e9giques telles que le <b>tendon d&#8217;Achille<\/b>, la <b>zone de la\u00e7age<\/b>, la <b>talon<\/b> et la <b>pointe<\/b>, offrant une <b>protection optimale<\/b> contre la <b>surchauffe<\/b>.<\/p>\n<p>Sa <b>maille ventil\u00e9e et structur\u00e9e<\/b> assure une excellente <b>\u00e9vacuation de la transpiration<\/b>, tandis que son <b>bord large anti-compression<\/b> offre un <b>maintien parfait<\/b> sans contrainte.<\/p>\n<p>Avec ses <b>coutures plates<\/b> pour <b>r\u00e9duire les frottements<\/b> et son <b>design asym\u00e9trique<\/b> adapt\u00e9 \u00e0 l&#8217;anatomie du pied, la <b>RUN MARATHON LOW<\/b> transforme chaque foul\u00e9e en une exp\u00e9rience unique. <\/p>\n<p>Fruit de l&#8217;<b>innovation fran\u00e7aise<\/b>, cette chaussette allie <b>technicit\u00e9, l\u00e9g\u00e8ret\u00e9<\/b> et <b>r\u00e9sistance<\/b> pour vous accompagner dans tous vos d\u00e9fis, kilom\u00e8tre apr\u00e8s kilom\u00e8tre.<\/p>\n<p><\/div><\/div><\/div><\/p><\/p>\n","protected":false},"excerpt":{"rendered":"<ul>\n<li>Semelle anatomique 3D renforc\u00e9e pour une adh\u00e9rence et un amorti sup\u00e9rieurs.<\/li>\n<li>Soutien \u00e0 360\u00b0 qui enveloppe la cheville et le pied pour une stabilit\u00e9 optimale.<\/li>\n<li>Maille respirante qui garantit une excellente \u00e9vacuation de la transpiration.<\/li>\n<\/ul>\n","protected":false},"featured_media":251338,"template":"","meta":{"_acf_changed":false,"inline_featured_image":false},"product_brand":[],"product_cat":[22597,24256,22596,24482],"product_tag":[23562,24174,24175],"class_list":{"0":"post-298768","1":"product","2":"type-product","3":"status-publish","4":"has-post-thumbnail","6":"product_cat-chaussettes","7":"product_cat-chaussettes-fr","8":"product_cat-vetements-pour-femmes","9":"product_cat-vetements-pour-hommes-fr","10":"product_tag-bv-sport-fr","11":"product_tag-bv-sport-femme","12":"product_tag-bv-sport-homme","13":"pa_attivita-marcher","14":"pa_attivita-outdoor-fr","15":"pa_attivita-running-fr","16":"pa_attivita-trail-fr","17":"pa_colore-run-marathon-2-low-bleu-marine-fr","18":"pa_colore-run-marathon-2-low-jaune-bleu-fr","19":"pa_colore-run-marathon-2-low-noir-gris-fr","20":"pa_colore-run-marathon-2-low-vert-bleu-fr","21":"pa_marca-bv-sport-fr","22":"pa_sesso-femme","23":"pa_sesso-homme","24":"pa_size-36-38-fr","25":"pa_size-39-41-fr","26":"pa_size-42-44-fr","27":"pa_size-45-47-fr","29":"first","30":"instock","31":"sale","32":"taxable","33":"shipping-taxable","34":"purchasable","35":"product-type-variable","36":"wvs-archive-product-wrapper"},"acf":[],"yoast_head":"<!-- This site is optimized with the Yoast SEO plugin v26.8 - https:\/\/yoast.com\/product\/yoast-seo-wordpress\/ -->\n<title>Bv Sport RUN MARATHON Low - Chaussettes de course - MioMioRun .com<\/title>\n<meta name=\"description\" content=\"Chaussettes RUN MARATHON Low : semelle 3D renforc\u00e9e, maintien \u00e0 360\u00b0 pour plus de stabilit\u00e9 et maille respirante pour un confort et des performances optimaux.\" \/>\n<meta name=\"robots\" content=\"index, follow, max-snippet:-1, max-image-preview:large, max-video-preview:-1\" \/>\n<link rel=\"canonical\" href=\"https:\/\/www.miomiorun.com\/fr\/produit\/run-marathon-low\/\" \/>\n<meta property=\"og:locale\" content=\"fr_FR\" \/>\n<meta property=\"og:type\" content=\"article\" \/>\n<meta property=\"og:title\" content=\"Bv Sport RUN MARATHON Low - Chaussettes de course - MioMioRun .com\" \/>\n<meta property=\"og:description\" content=\"Chaussettes RUN MARATHON Low : semelle 3D renforc\u00e9e, maintien \u00e0 360\u00b0 pour plus de stabilit\u00e9 et maille respirante pour un confort et des performances optimaux.\" \/>\n<meta property=\"og:url\" content=\"https:\/\/www.miomiorun.com\/fr\/produit\/run-marathon-low\/\" \/>\n<meta property=\"og:site_name\" content=\"MioMioRun\" \/>\n<meta property=\"article:publisher\" content=\"https:\/\/www.facebook.com\/miomiorun\/\" \/>\n<meta property=\"article:modified_time\" content=\"2025-12-04T09:58:55+00:00\" \/>\n<meta property=\"og:image\" content=\"https:\/\/www.miomiorun.com\/app\/uploads\/2025\/01\/bv-sport-Run-marathon.2-low-bleu-marine-293-016.webp\" \/>\n\t<meta property=\"og:image:width\" content=\"600\" \/>\n\t<meta property=\"og:image:height\" content=\"600\" \/>\n\t<meta property=\"og:image:type\" content=\"image\/webp\" \/>\n<meta name=\"twitter:card\" content=\"summary_large_image\" \/>\n<meta name=\"twitter:label1\" content=\"Est. reading time\" \/>\n\t<meta name=\"twitter:data1\" content=\"3 minutes\" \/>\n<script type=\"application\/ld+json\" class=\"yoast-schema-graph\">{\"@context\":\"https:\/\/schema.org\",\"@graph\":[{\"@type\":\"WebPage\",\"@id\":\"https:\/\/www.miomiorun.com\/fr\/produit\/run-marathon-low\/\",\"url\":\"https:\/\/www.miomiorun.com\/fr\/produit\/run-marathon-low\/\",\"name\":\"Bv Sport RUN MARATHON Low - Chaussettes de course - MioMioRun .com\",\"isPartOf\":{\"@id\":\"https:\/\/www.miomiorun.com\/fr\/#website\"},\"primaryImageOfPage\":{\"@id\":\"https:\/\/www.miomiorun.com\/fr\/produit\/run-marathon-low\/#primaryimage\"},\"image\":{\"@id\":\"https:\/\/www.miomiorun.com\/fr\/produit\/run-marathon-low\/#primaryimage\"},\"thumbnailUrl\":\"https:\/\/www.miomiorun.com\/app\/uploads\/2025\/01\/bv-sport-Run-marathon.2-low-bleu-marine-293-016.webp\",\"datePublished\":\"2025-01-30T12:32:11+00:00\",\"dateModified\":\"2025-12-04T09:58:55+00:00\",\"description\":\"Chaussettes RUN MARATHON Low : semelle 3D renforc\u00e9e, maintien \u00e0 360\u00b0 pour plus de stabilit\u00e9 et maille respirante pour un confort et des performances optimaux.\",\"breadcrumb\":{\"@id\":\"https:\/\/www.miomiorun.com\/fr\/produit\/run-marathon-low\/#breadcrumb\"},\"inLanguage\":\"fr-FR\",\"potentialAction\":[{\"@type\":\"ReadAction\",\"target\":[\"https:\/\/www.miomiorun.com\/fr\/produit\/run-marathon-low\/\"]}]},{\"@type\":\"ImageObject\",\"inLanguage\":\"fr-FR\",\"@id\":\"https:\/\/www.miomiorun.com\/fr\/produit\/run-marathon-low\/#primaryimage\",\"url\":\"https:\/\/www.miomiorun.com\/app\/uploads\/2025\/01\/bv-sport-Run-marathon.2-low-bleu-marine-293-016.webp\",\"contentUrl\":\"https:\/\/www.miomiorun.com\/app\/uploads\/2025\/01\/bv-sport-Run-marathon.2-low-bleu-marine-293-016.webp\",\"width\":600,\"height\":600,\"caption\":\"bv sport Run marathon.2 low bleu marine 293 016\"},{\"@type\":\"BreadcrumbList\",\"@id\":\"https:\/\/www.miomiorun.com\/fr\/produit\/run-marathon-low\/#breadcrumb\",\"itemListElement\":[{\"@type\":\"ListItem\",\"position\":1,\"name\":\"Home\",\"item\":\"https:\/\/www.miomiorun.com\/fr\/home-page\/\"},{\"@type\":\"ListItem\",\"position\":2,\"name\":\"Shop\",\"item\":\"https:\/\/www.miomiorun.com\/shop\/\"},{\"@type\":\"ListItem\",\"position\":3,\"name\":\"RUN MARATHON Low\"}]},{\"@type\":\"WebSite\",\"@id\":\"https:\/\/www.miomiorun.com\/fr\/#website\",\"url\":\"https:\/\/www.miomiorun.com\/fr\/\",\"name\":\"MioMioRun\",\"description\":\"Boutique 100% running et trail\",\"publisher\":{\"@id\":\"https:\/\/www.miomiorun.com\/fr\/#organization\"},\"potentialAction\":[{\"@type\":\"SearchAction\",\"target\":{\"@type\":\"EntryPoint\",\"urlTemplate\":\"https:\/\/www.miomiorun.com\/fr\/?s={search_term_string}\"},\"query-input\":{\"@type\":\"PropertyValueSpecification\",\"valueRequired\":true,\"valueName\":\"search_term_string\"}}],\"inLanguage\":\"fr-FR\"},{\"@type\":\"Organization\",\"@id\":\"https:\/\/www.miomiorun.com\/fr\/#organization\",\"name\":\"MioMio Run\",\"url\":\"https:\/\/www.miomiorun.com\/fr\/\",\"logo\":{\"@type\":\"ImageObject\",\"inLanguage\":\"fr-FR\",\"@id\":\"https:\/\/www.miomiorun.com\/fr\/#\/schema\/logo\/image\/\",\"url\":\"https:\/\/www.miomiorun.com\/app\/uploads\/2019\/12\/logomio.png\",\"contentUrl\":\"https:\/\/www.miomiorun.com\/app\/uploads\/2019\/12\/logomio.png\",\"width\":115,\"height\":82,\"caption\":\"MioMio Run\"},\"image\":{\"@id\":\"https:\/\/www.miomiorun.com\/fr\/#\/schema\/logo\/image\/\"},\"sameAs\":[\"https:\/\/www.facebook.com\/miomiorun\/\",\"https:\/\/www.instagram.com\/miomiorun\/\"]}]}<\/script>\n<!-- \/ Yoast SEO plugin. -->","yoast_head_json":{"title":"Bv Sport RUN MARATHON Low - Chaussettes de course - MioMioRun .com","description":"Chaussettes RUN MARATHON Low : semelle 3D renforc\u00e9e, maintien \u00e0 360\u00b0 pour plus de stabilit\u00e9 et maille respirante pour un confort et des performances optimaux.","robots":{"index":"index","follow":"follow","max-snippet":"max-snippet:-1","max-image-preview":"max-image-preview:large","max-video-preview":"max-video-preview:-1"},"canonical":"https:\/\/www.miomiorun.com\/fr\/produit\/run-marathon-low\/","og_locale":"fr_FR","og_type":"article","og_title":"Bv Sport RUN MARATHON Low - Chaussettes de course - MioMioRun .com","og_description":"Chaussettes RUN MARATHON Low : semelle 3D renforc\u00e9e, maintien \u00e0 360\u00b0 pour plus de stabilit\u00e9 et maille respirante pour un confort et des performances optimaux.","og_url":"https:\/\/www.miomiorun.com\/fr\/produit\/run-marathon-low\/","og_site_name":"MioMioRun","article_publisher":"https:\/\/www.facebook.com\/miomiorun\/","article_modified_time":"2025-12-04T09:58:55+00:00","og_image":[{"width":600,"height":600,"url":"https:\/\/www.miomiorun.com\/app\/uploads\/2025\/01\/bv-sport-Run-marathon.2-low-bleu-marine-293-016.webp","type":"image\/webp"}],"twitter_card":"summary_large_image","twitter_misc":{"Est. reading time":"3 minutes"},"schema":{"@context":"https:\/\/schema.org","@graph":[{"@type":"WebPage","@id":"https:\/\/www.miomiorun.com\/fr\/produit\/run-marathon-low\/","url":"https:\/\/www.miomiorun.com\/fr\/produit\/run-marathon-low\/","name":"Bv Sport RUN MARATHON Low - Chaussettes de course - MioMioRun .com","isPartOf":{"@id":"https:\/\/www.miomiorun.com\/fr\/#website"},"primaryImageOfPage":{"@id":"https:\/\/www.miomiorun.com\/fr\/produit\/run-marathon-low\/#primaryimage"},"image":{"@id":"https:\/\/www.miomiorun.com\/fr\/produit\/run-marathon-low\/#primaryimage"},"thumbnailUrl":"https:\/\/www.miomiorun.com\/app\/uploads\/2025\/01\/bv-sport-Run-marathon.2-low-bleu-marine-293-016.webp","datePublished":"2025-01-30T12:32:11+00:00","dateModified":"2025-12-04T09:58:55+00:00","description":"Chaussettes RUN MARATHON Low : semelle 3D renforc\u00e9e, maintien \u00e0 360\u00b0 pour plus de stabilit\u00e9 et maille respirante pour un confort et des performances optimaux.","breadcrumb":{"@id":"https:\/\/www.miomiorun.com\/fr\/produit\/run-marathon-low\/#breadcrumb"},"inLanguage":"fr-FR","potentialAction":[{"@type":"ReadAction","target":["https:\/\/www.miomiorun.com\/fr\/produit\/run-marathon-low\/"]}]},{"@type":"ImageObject","inLanguage":"fr-FR","@id":"https:\/\/www.miomiorun.com\/fr\/produit\/run-marathon-low\/#primaryimage","url":"https:\/\/www.miomiorun.com\/app\/uploads\/2025\/01\/bv-sport-Run-marathon.2-low-bleu-marine-293-016.webp","contentUrl":"https:\/\/www.miomiorun.com\/app\/uploads\/2025\/01\/bv-sport-Run-marathon.2-low-bleu-marine-293-016.webp","width":600,"height":600,"caption":"bv sport Run marathon.2 low bleu marine 293 016"},{"@type":"BreadcrumbList","@id":"https:\/\/www.miomiorun.com\/fr\/produit\/run-marathon-low\/#breadcrumb","itemListElement":[{"@type":"ListItem","position":1,"name":"Home","item":"https:\/\/www.miomiorun.com\/fr\/home-page\/"},{"@type":"ListItem","position":2,"name":"Shop","item":"https:\/\/www.miomiorun.com\/shop\/"},{"@type":"ListItem","position":3,"name":"RUN MARATHON Low"}]},{"@type":"WebSite","@id":"https:\/\/www.miomiorun.com\/fr\/#website","url":"https:\/\/www.miomiorun.com\/fr\/","name":"MioMioRun","description":"Boutique 100% running et trail","publisher":{"@id":"https:\/\/www.miomiorun.com\/fr\/#organization"},"potentialAction":[{"@type":"SearchAction","target":{"@type":"EntryPoint","urlTemplate":"https:\/\/www.miomiorun.com\/fr\/?s={search_term_string}"},"query-input":{"@type":"PropertyValueSpecification","valueRequired":true,"valueName":"search_term_string"}}],"inLanguage":"fr-FR"},{"@type":"Organization","@id":"https:\/\/www.miomiorun.com\/fr\/#organization","name":"MioMio Run","url":"https:\/\/www.miomiorun.com\/fr\/","logo":{"@type":"ImageObject","inLanguage":"fr-FR","@id":"https:\/\/www.miomiorun.com\/fr\/#\/schema\/logo\/image\/","url":"https:\/\/www.miomiorun.com\/app\/uploads\/2019\/12\/logomio.png","contentUrl":"https:\/\/www.miomiorun.com\/app\/uploads\/2019\/12\/logomio.png","width":115,"height":82,"caption":"MioMio Run"},"image":{"@id":"https:\/\/www.miomiorun.com\/fr\/#\/schema\/logo\/image\/"},"sameAs":["https:\/\/www.facebook.com\/miomiorun\/","https:\/\/www.instagram.com\/miomiorun\/"]}]}},"_links":{"self":[{"href":"https:\/\/www.miomiorun.com\/fr\/wp-json\/wp\/v2\/product\/298768","targetHints":{"allow":["GET"]}}],"collection":[{"href":"https:\/\/www.miomiorun.com\/fr\/wp-json\/wp\/v2\/product"}],"about":[{"href":"https:\/\/www.miomiorun.com\/fr\/wp-json\/wp\/v2\/types\/product"}],"wp:featuredmedia":[{"embeddable":true,"href":"https:\/\/www.miomiorun.com\/fr\/wp-json\/wp\/v2\/media\/251338"}],"wp:attachment":[{"href":"https:\/\/www.miomiorun.com\/fr\/wp-json\/wp\/v2\/media?parent=298768"}],"wp:term":[{"taxonomy":"product_brand","embeddable":true,"href":"https:\/\/www.miomiorun.com\/fr\/wp-json\/wp\/v2\/product_brand?post=298768"},{"taxonomy":"product_cat","embeddable":true,"href":"https:\/\/www.miomiorun.com\/fr\/wp-json\/wp\/v2\/product_cat?post=298768"},{"taxonomy":"product_tag","embeddable":true,"href":"https:\/\/www.miomiorun.com\/fr\/wp-json\/wp\/v2\/product_tag?post=298768"}],"curies":[{"name":"wp","href":"https:\/\/api.w.org\/{rel}","templated":true}]}}