{"id":298761,"date":"2025-01-30T16:37:24","date_gmt":"2025-01-30T15:37:24","guid":{"rendered":"https:\/\/miomiorun.com\/prodotto\/trail-ultra-c-collector-nutrisocks\/"},"modified":"2026-01-29T11:08:42","modified_gmt":"2026-01-29T10:08:42","slug":"trail-ultra-c-collector-nutrisocks","status":"publish","type":"product","link":"https:\/\/www.miomiorun.com\/fr\/produit\/trail-ultra-c-collector-nutrisocks\/","title":{"rendered":"TRAIL ULTRA-C Collector Nutrisocks"},"content":{"rendered":"<p><div class=\"vc-row container\"><div class=\"vc-column\"><div class=\"vc-column-text\">TRAIL ULTRA COLLECTOR NUTRISOCKS \u2013 Quand l&#8217;innovation Trail rencontre l&#8217;\u00e9l\u00e9gance des cocktails !<\/p>\n<p>Fabriqu\u00e9e en France, cette chaussette allie technicit\u00e9, confort, r\u00e9sistance et style pour une performance optimale sur tous les terrains.<\/p>\n<p>Sa nouvelle semelle anatomique 3D garantit une adh\u00e9rence et une protection maximales \u00e0 chaque pas.<\/p>\n<p>Le soutien stabilisateur \u00e0 360\u00b0 enveloppe le pied et la cheville pour un ajustement parfait, tandis que les renforts cibl\u00e9s prot\u00e8gent les zones sensibles des d\u00e9fis des sentiers les plus accident\u00e9s.<\/p>\n<p>Sa maille respirante assure une \u00e9vacuation efficace de l&#8217;humidit\u00e9, vous gardant au frais et au sec pendant l&#8217;activit\u00e9.<\/p>\n<p><\/div><\/div><\/div><div class=\"vc-row container\"><div class=\"vc-column\"><div class=\"vc-column-text\"><a href=\"https:\/\/miomiorun.com\/wp-content\/uploads\/2025\/01\/bv-sport-Trail-ultra.2-collector-nutri.webp\"><img loading=\"lazy\" decoding=\"async\" class=\"alignnone size-full wp-image-226928\" src=\"https:\/\/miomiorun.com\/wp-content\/uploads\/2025\/01\/bv-sport-Trail-ultra.2-collector-nutri.webp\" alt=\"\" width=\"600\" height=\"600\" srcset=\"https:\/\/www.miomiorun.com\/app\/uploads\/2025\/01\/bv-sport-Trail-ultra.2-collector-nutri.webp 600w, https:\/\/www.miomiorun.com\/app\/uploads\/2025\/01\/bv-sport-Trail-ultra.2-collector-nutri-300x300.webp 300w, https:\/\/www.miomiorun.com\/app\/uploads\/2025\/01\/bv-sport-Trail-ultra.2-collector-nutri-100x100.webp 100w, https:\/\/www.miomiorun.com\/app\/uploads\/2025\/01\/bv-sport-Trail-ultra.2-collector-nutri-150x150.webp 150w, https:\/\/www.miomiorun.com\/app\/uploads\/2025\/01\/bv-sport-Trail-ultra.2-collector-nutri-400x400.webp 400w, https:\/\/www.miomiorun.com\/app\/uploads\/2025\/01\/bv-sport-Trail-ultra.2-collector-nutri-85x85.webp 85w, https:\/\/www.miomiorun.com\/app\/uploads\/2025\/01\/bv-sport-Trail-ultra.2-collector-nutri-50x50.webp 50w, https:\/\/www.miomiorun.com\/app\/uploads\/2025\/01\/bv-sport-Trail-ultra.2-collector-nutri-32x32.webp 32w, https:\/\/www.miomiorun.com\/app\/uploads\/2025\/01\/bv-sport-Trail-ultra.2-collector-nutri-480x480.webp 480w\" sizes=\"auto, (max-width: 600px) 100vw, 600px\" \/><\/a><\/div><\/div><div class=\"vc-column\"><div class=\"vc-column-text\"><\/p>\n<p><strong>Technologies :<\/strong><br \/>\n<strong>1-Semelle anatomique 3D ultra renforc\u00e9e.<\/strong><\/p>\n<p>Technique : Combinaison de 2 types de mailles (\u00e9paisse et fine).<\/p>\n<p>Action : Prot\u00e8ge les zones de contact, optimise la proprioception et am\u00e9liore la stabilisation du pied.<\/p>\n<p>Avantages : R\u00e9duit les frottements et la surchauffe de la semelle.<\/p>\n<p>&nbsp;<\/p>\n<p><strong>2-Soutien et stabilisation \u00e0 360\u00b0 du pied et de la cheville<\/strong><\/p>\n<p>Technique : Maille c\u00f4tel\u00e9e positionn\u00e9e au niveau de l&#8217;articulation de la cheville.<\/p>\n<p>Action : Soutient et stabilise la cheville sans compression.<\/p>\n<p>Avantages : Soutien optimal de la cheville pendant la course.<\/p>\n<p>&nbsp;<\/p>\n<p><strong>3-Protection de la mall\u00e9ole et du tendon d&#8217;Achille<\/strong><\/p>\n<p>Technique : maille \u00e9ponge situ\u00e9e au niveau des mall\u00e9oles et du tendon d&#8217;Achille.<\/p>\n<p>Action : prot\u00e8ge les zones sensibles et absorbe les chocs.<\/p>\n<p>Avantages : offre une protection cibl\u00e9e.<\/p>\n<p>&nbsp;<\/p>\n<p><strong>4-Maille respirante<\/strong><\/p>\n<p>Technique : maille l\u00e9g\u00e8re et alv\u00e9ol\u00e9e sur le dessus du pied.<\/p>\n<p>Action : Acc\u00e9l\u00e8re la r\u00e9gulation thermique. Ventilation optimale.<\/p>\n<p>Avantages : \u00c9vacue efficacement la transpiration.<\/p>\n<p>&nbsp;<\/p>\n<p><strong>5-Renfort au talon et \u00e0 la pointe<\/strong><\/p>\n<p>Technique : Maille \u00e9ponge situ\u00e9e au niveau de la pointe et du talon.<\/p>\n<p>Action : Limite la surchauffe et les frottements aux extr\u00e9mit\u00e9s du pied.<\/p>\n<p>Avantages : am\u00e9liore le confort et r\u00e9duit la formation d&#8217;ampoules.<\/p>\n<p>&nbsp;<\/p>\n<p><strong>6-Renforts au niveau du la\u00e7age<\/strong><\/p>\n<p>Technique : maille \u00e9ponge.<\/p>\n<p>Action : r\u00e9duit la surchauffe sur le dessus du pied en contact avec le la\u00e7age et la languette de la chaussure.<\/p>\n<p>Avantages : am\u00e9liore le confort et limite la pression due au la\u00e7age.<\/p>\n<p>&nbsp;<\/p>\n<p><strong>7-Bord large c\u00f4tel\u00e9<\/strong><\/p>\n<p>Technique : bande de d\u00e9charge sur le bord sup\u00e9rieur de la chaussette.<\/p>\n<p>Action : maintient la chaussette en place sans effet garrot.<\/p>\n<p>Avantages : am\u00e9liore le maintien de la tige.<\/p>\n<p>&nbsp;<\/p>\n<p><\/div><\/div><\/div><div class=\"vc-row container\"><div class=\"vc-column\"><div class=\"vc-column-text\"><\/p>\n<p><strong>TRAIL ULTRA COLLECTOR NUTRISOCKS<\/strong> \u2013 Quand l&#8217;ap\u00e9ritif rencontre la performance du trail<\/p>\n<p>D\u00e9couvrez la nouvelle g\u00e9n\u00e9ration de chaussettes techniques <strong>TRAIL ULTRA COLLECTOR NUTRISOCKS<\/strong>, o\u00f9 l&#8217;univers de l&#8217;ap\u00e9ritif inspire des designs audacieux pour vos aventures sur les sentiers.<\/p>\n<p>Fabriqu\u00e9es en France, ces chaussettes allient technicit\u00e9, confort, r\u00e9sistance et style pour toutes les distances.<\/p>\n<p>Dot\u00e9es d&#8217;une nouvelle semelle anatomique 3D ultra renforc\u00e9e, elles garantissent une stabilit\u00e9 accrue et une protection optimale contre les chocs, m\u00eame sur les terrains accident\u00e9s.<\/p>\n<p>Le soutien stabilisateur \u00e0 360\u00b0 soutient efficacement la cheville et le pied, permettant une foul\u00e9e s\u00fbre et contr\u00f4l\u00e9e.<\/p>\n<p>Des renforts cibl\u00e9s prot\u00e8gent les zones sensibles telles que le tendon d&#8217;Achille, les mall\u00e9oles, la zone de la\u00e7age, le talon et la pointe, limitant ainsi la surchauffe caus\u00e9e par les frottements.<\/p>\n<p>Le tricot respirant et l\u00e9ger assure une \u00e9vacuation rapide de l&#8217;humidit\u00e9, vous gardant au sec pendant les efforts intenses.<\/p>\n<p>La conception \u00e0 tige haute offre une protection suppl\u00e9mentaire, tandis que le bord c\u00f4tel\u00e9 large \u00e9vite l&#8217;effet lacet en maintenant la chaussette bien en place.<\/p>\n<p>Les coutures plates r\u00e9duisent les frottements et les irritations, tandis que la conception asym\u00e9trique s&#8217;adapte parfaitement \u00e0 l&#8217;anatomie du pied pour un confort absolu.<\/p>\n<p>L&#8217;utilisation excessive des NUTRISOCKS est fortement recommand\u00e9e pour le bien-\u00eatre de vos pieds &#8211; profitez-en sans mod\u00e9ration sur tous les sentiers !<\/p>\n<p>&nbsp;<\/p>\n<p>Parce que nous mettons un point d&#8217;honneur \u00e0 adopter une attitude \u00e9co-responsable, l&#8217;emballage de ce produit a \u00e9t\u00e9 enti\u00e8rement con\u00e7u \u00e0 partir de mat\u00e9riaux recyclables.<\/p>\n<p><strong><br \/>\n<\/strong><\/div><\/div><\/div><\/p>\n","protected":false},"excerpt":{"rendered":"<ul>\n<li>Semelle anatomique 3D pour une adh\u00e9rence et une protection maximales.<\/li>\n<li>Support stabilisateur \u00e0 360\u00b0 qui enveloppe le pied et la cheville.<\/li>\n<li>Renforts cibl\u00e9s sur les mall\u00e9oles, le tendon d&#8217;Achille, le talon et la pointe pour plus de confort.<\/li>\n<\/ul>\n","protected":false},"featured_media":251352,"template":"","meta":{"_acf_changed":false,"inline_featured_image":false},"product_brand":[],"product_cat":[22597,24256,22596,24482],"product_tag":[23562,24174,24175],"class_list":{"0":"post-298761","1":"product","2":"type-product","3":"status-publish","4":"has-post-thumbnail","6":"product_cat-chaussettes","7":"product_cat-chaussettes-fr","8":"product_cat-vetements-pour-femmes","9":"product_cat-vetements-pour-hommes-fr","10":"product_tag-bv-sport-fr","11":"product_tag-bv-sport-femme","12":"product_tag-bv-sport-homme","13":"pa_attivita-marcher","14":"pa_attivita-outdoor-fr","15":"pa_attivita-running-fr","16":"pa_attivita-trail-fr","17":"pa_colore-trail-ultra-2-collector-blue-lagoon-fr","18":"pa_colore-trail-ultra-2-collector-nutri-biere-blon-fr","19":"pa_colore-trail-ultra-2-collector-nutri-mojito-fr","20":"pa_colore-trail-ultra-2-collector-nutri-moscow-mul-fr","21":"pa_colore-trail-ultra-2-collector-nutri-tequila-fr","22":"pa_marca-bv-sport-fr","23":"pa_sesso-femme","24":"pa_sesso-homme","25":"pa_size-36-38-fr","26":"pa_size-39-41-fr","27":"pa_size-42-44-fr","28":"pa_size-45-47-fr","30":"first","31":"instock","32":"sale","33":"taxable","34":"shipping-taxable","35":"purchasable","36":"product-type-variable","37":"wvs-archive-product-wrapper"},"acf":[],"yoast_head":"<!-- This site is optimized with the Yoast SEO plugin v26.8 - https:\/\/yoast.com\/product\/yoast-seo-wordpress\/ -->\n<title>Bv Sport TRAIL ULTRA-C Collector Nutrisocks - Chaussettes de course - MioMioRun .com<\/title>\n<meta name=\"description\" content=\"Les chaussettes TRAIL ULTRA NUTRISOCKS offrent adh\u00e9rence, protection et soutien stabilisateur \u00e0 360\u00b0 pour des performances optimales.\" \/>\n<meta name=\"robots\" content=\"index, follow, max-snippet:-1, max-image-preview:large, max-video-preview:-1\" \/>\n<link rel=\"canonical\" href=\"https:\/\/www.miomiorun.com\/fr\/produit\/trail-ultra-c-collector-nutrisocks\/\" \/>\n<meta property=\"og:locale\" content=\"fr_FR\" \/>\n<meta property=\"og:type\" content=\"article\" \/>\n<meta property=\"og:title\" content=\"Bv Sport TRAIL ULTRA-C Collector Nutrisocks - Chaussettes de course - MioMioRun .com\" \/>\n<meta property=\"og:description\" content=\"Les chaussettes TRAIL ULTRA NUTRISOCKS offrent adh\u00e9rence, protection et soutien stabilisateur \u00e0 360\u00b0 pour des performances optimales.\" \/>\n<meta property=\"og:url\" content=\"https:\/\/www.miomiorun.com\/fr\/produit\/trail-ultra-c-collector-nutrisocks\/\" \/>\n<meta property=\"og:site_name\" content=\"MioMioRun\" \/>\n<meta property=\"article:publisher\" content=\"https:\/\/www.facebook.com\/miomiorun\/\" \/>\n<meta property=\"article:modified_time\" content=\"2026-01-29T10:08:42+00:00\" \/>\n<meta property=\"og:image\" content=\"https:\/\/www.miomiorun.com\/app\/uploads\/2025\/01\/bv-sport-Trail-ultra.2-collector-nutri-tequila-299-014.webp\" \/>\n\t<meta property=\"og:image:width\" content=\"600\" \/>\n\t<meta property=\"og:image:height\" content=\"600\" \/>\n\t<meta property=\"og:image:type\" content=\"image\/webp\" \/>\n<meta name=\"twitter:card\" content=\"summary_large_image\" \/>\n<meta name=\"twitter:label1\" content=\"Est. reading time\" \/>\n\t<meta name=\"twitter:data1\" content=\"4 minutes\" \/>\n<script type=\"application\/ld+json\" class=\"yoast-schema-graph\">{\"@context\":\"https:\/\/schema.org\",\"@graph\":[{\"@type\":\"WebPage\",\"@id\":\"https:\/\/www.miomiorun.com\/fr\/produit\/trail-ultra-c-collector-nutrisocks\/\",\"url\":\"https:\/\/www.miomiorun.com\/fr\/produit\/trail-ultra-c-collector-nutrisocks\/\",\"name\":\"Bv Sport TRAIL ULTRA-C Collector Nutrisocks - Chaussettes de course - MioMioRun .com\",\"isPartOf\":{\"@id\":\"https:\/\/www.miomiorun.com\/fr\/#website\"},\"primaryImageOfPage\":{\"@id\":\"https:\/\/www.miomiorun.com\/fr\/produit\/trail-ultra-c-collector-nutrisocks\/#primaryimage\"},\"image\":{\"@id\":\"https:\/\/www.miomiorun.com\/fr\/produit\/trail-ultra-c-collector-nutrisocks\/#primaryimage\"},\"thumbnailUrl\":\"https:\/\/www.miomiorun.com\/app\/uploads\/2025\/01\/bv-sport-Trail-ultra.2-collector-nutri-tequila-299-014.webp\",\"datePublished\":\"2025-01-30T15:37:24+00:00\",\"dateModified\":\"2026-01-29T10:08:42+00:00\",\"description\":\"Les chaussettes TRAIL ULTRA NUTRISOCKS offrent adh\u00e9rence, protection et soutien stabilisateur \u00e0 360\u00b0 pour des performances optimales.\",\"breadcrumb\":{\"@id\":\"https:\/\/www.miomiorun.com\/fr\/produit\/trail-ultra-c-collector-nutrisocks\/#breadcrumb\"},\"inLanguage\":\"fr-FR\",\"potentialAction\":[{\"@type\":\"ReadAction\",\"target\":[\"https:\/\/www.miomiorun.com\/fr\/produit\/trail-ultra-c-collector-nutrisocks\/\"]}]},{\"@type\":\"ImageObject\",\"inLanguage\":\"fr-FR\",\"@id\":\"https:\/\/www.miomiorun.com\/fr\/produit\/trail-ultra-c-collector-nutrisocks\/#primaryimage\",\"url\":\"https:\/\/www.miomiorun.com\/app\/uploads\/2025\/01\/bv-sport-Trail-ultra.2-collector-nutri-tequila-299-014.webp\",\"contentUrl\":\"https:\/\/www.miomiorun.com\/app\/uploads\/2025\/01\/bv-sport-Trail-ultra.2-collector-nutri-tequila-299-014.webp\",\"width\":600,\"height\":600,\"caption\":\"bv sport Trail ultra.2 collector nutri tequila 299 014\"},{\"@type\":\"BreadcrumbList\",\"@id\":\"https:\/\/www.miomiorun.com\/fr\/produit\/trail-ultra-c-collector-nutrisocks\/#breadcrumb\",\"itemListElement\":[{\"@type\":\"ListItem\",\"position\":1,\"name\":\"Home\",\"item\":\"https:\/\/www.miomiorun.com\/fr\/home-page\/\"},{\"@type\":\"ListItem\",\"position\":2,\"name\":\"Shop\",\"item\":\"https:\/\/www.miomiorun.com\/shop\/\"},{\"@type\":\"ListItem\",\"position\":3,\"name\":\"TRAIL ULTRA-C Collector Nutrisocks\"}]},{\"@type\":\"WebSite\",\"@id\":\"https:\/\/www.miomiorun.com\/fr\/#website\",\"url\":\"https:\/\/www.miomiorun.com\/fr\/\",\"name\":\"MioMioRun\",\"description\":\"Boutique 100% running et trail\",\"publisher\":{\"@id\":\"https:\/\/www.miomiorun.com\/fr\/#organization\"},\"potentialAction\":[{\"@type\":\"SearchAction\",\"target\":{\"@type\":\"EntryPoint\",\"urlTemplate\":\"https:\/\/www.miomiorun.com\/fr\/?s={search_term_string}\"},\"query-input\":{\"@type\":\"PropertyValueSpecification\",\"valueRequired\":true,\"valueName\":\"search_term_string\"}}],\"inLanguage\":\"fr-FR\"},{\"@type\":\"Organization\",\"@id\":\"https:\/\/www.miomiorun.com\/fr\/#organization\",\"name\":\"MioMio Run\",\"url\":\"https:\/\/www.miomiorun.com\/fr\/\",\"logo\":{\"@type\":\"ImageObject\",\"inLanguage\":\"fr-FR\",\"@id\":\"https:\/\/www.miomiorun.com\/fr\/#\/schema\/logo\/image\/\",\"url\":\"https:\/\/www.miomiorun.com\/app\/uploads\/2019\/12\/logomio.png\",\"contentUrl\":\"https:\/\/www.miomiorun.com\/app\/uploads\/2019\/12\/logomio.png\",\"width\":115,\"height\":82,\"caption\":\"MioMio Run\"},\"image\":{\"@id\":\"https:\/\/www.miomiorun.com\/fr\/#\/schema\/logo\/image\/\"},\"sameAs\":[\"https:\/\/www.facebook.com\/miomiorun\/\",\"https:\/\/www.instagram.com\/miomiorun\/\"]}]}<\/script>\n<!-- \/ Yoast SEO plugin. -->","yoast_head_json":{"title":"Bv Sport TRAIL ULTRA-C Collector Nutrisocks - Chaussettes de course - MioMioRun .com","description":"Les chaussettes TRAIL ULTRA NUTRISOCKS offrent adh\u00e9rence, protection et soutien stabilisateur \u00e0 360\u00b0 pour des performances optimales.","robots":{"index":"index","follow":"follow","max-snippet":"max-snippet:-1","max-image-preview":"max-image-preview:large","max-video-preview":"max-video-preview:-1"},"canonical":"https:\/\/www.miomiorun.com\/fr\/produit\/trail-ultra-c-collector-nutrisocks\/","og_locale":"fr_FR","og_type":"article","og_title":"Bv Sport TRAIL ULTRA-C Collector Nutrisocks - Chaussettes de course - MioMioRun .com","og_description":"Les chaussettes TRAIL ULTRA NUTRISOCKS offrent adh\u00e9rence, protection et soutien stabilisateur \u00e0 360\u00b0 pour des performances optimales.","og_url":"https:\/\/www.miomiorun.com\/fr\/produit\/trail-ultra-c-collector-nutrisocks\/","og_site_name":"MioMioRun","article_publisher":"https:\/\/www.facebook.com\/miomiorun\/","article_modified_time":"2026-01-29T10:08:42+00:00","og_image":[{"width":600,"height":600,"url":"https:\/\/www.miomiorun.com\/app\/uploads\/2025\/01\/bv-sport-Trail-ultra.2-collector-nutri-tequila-299-014.webp","type":"image\/webp"}],"twitter_card":"summary_large_image","twitter_misc":{"Est. reading time":"4 minutes"},"schema":{"@context":"https:\/\/schema.org","@graph":[{"@type":"WebPage","@id":"https:\/\/www.miomiorun.com\/fr\/produit\/trail-ultra-c-collector-nutrisocks\/","url":"https:\/\/www.miomiorun.com\/fr\/produit\/trail-ultra-c-collector-nutrisocks\/","name":"Bv Sport TRAIL ULTRA-C Collector Nutrisocks - Chaussettes de course - MioMioRun .com","isPartOf":{"@id":"https:\/\/www.miomiorun.com\/fr\/#website"},"primaryImageOfPage":{"@id":"https:\/\/www.miomiorun.com\/fr\/produit\/trail-ultra-c-collector-nutrisocks\/#primaryimage"},"image":{"@id":"https:\/\/www.miomiorun.com\/fr\/produit\/trail-ultra-c-collector-nutrisocks\/#primaryimage"},"thumbnailUrl":"https:\/\/www.miomiorun.com\/app\/uploads\/2025\/01\/bv-sport-Trail-ultra.2-collector-nutri-tequila-299-014.webp","datePublished":"2025-01-30T15:37:24+00:00","dateModified":"2026-01-29T10:08:42+00:00","description":"Les chaussettes TRAIL ULTRA NUTRISOCKS offrent adh\u00e9rence, protection et soutien stabilisateur \u00e0 360\u00b0 pour des performances optimales.","breadcrumb":{"@id":"https:\/\/www.miomiorun.com\/fr\/produit\/trail-ultra-c-collector-nutrisocks\/#breadcrumb"},"inLanguage":"fr-FR","potentialAction":[{"@type":"ReadAction","target":["https:\/\/www.miomiorun.com\/fr\/produit\/trail-ultra-c-collector-nutrisocks\/"]}]},{"@type":"ImageObject","inLanguage":"fr-FR","@id":"https:\/\/www.miomiorun.com\/fr\/produit\/trail-ultra-c-collector-nutrisocks\/#primaryimage","url":"https:\/\/www.miomiorun.com\/app\/uploads\/2025\/01\/bv-sport-Trail-ultra.2-collector-nutri-tequila-299-014.webp","contentUrl":"https:\/\/www.miomiorun.com\/app\/uploads\/2025\/01\/bv-sport-Trail-ultra.2-collector-nutri-tequila-299-014.webp","width":600,"height":600,"caption":"bv sport Trail ultra.2 collector nutri tequila 299 014"},{"@type":"BreadcrumbList","@id":"https:\/\/www.miomiorun.com\/fr\/produit\/trail-ultra-c-collector-nutrisocks\/#breadcrumb","itemListElement":[{"@type":"ListItem","position":1,"name":"Home","item":"https:\/\/www.miomiorun.com\/fr\/home-page\/"},{"@type":"ListItem","position":2,"name":"Shop","item":"https:\/\/www.miomiorun.com\/shop\/"},{"@type":"ListItem","position":3,"name":"TRAIL ULTRA-C Collector Nutrisocks"}]},{"@type":"WebSite","@id":"https:\/\/www.miomiorun.com\/fr\/#website","url":"https:\/\/www.miomiorun.com\/fr\/","name":"MioMioRun","description":"Boutique 100% running et trail","publisher":{"@id":"https:\/\/www.miomiorun.com\/fr\/#organization"},"potentialAction":[{"@type":"SearchAction","target":{"@type":"EntryPoint","urlTemplate":"https:\/\/www.miomiorun.com\/fr\/?s={search_term_string}"},"query-input":{"@type":"PropertyValueSpecification","valueRequired":true,"valueName":"search_term_string"}}],"inLanguage":"fr-FR"},{"@type":"Organization","@id":"https:\/\/www.miomiorun.com\/fr\/#organization","name":"MioMio Run","url":"https:\/\/www.miomiorun.com\/fr\/","logo":{"@type":"ImageObject","inLanguage":"fr-FR","@id":"https:\/\/www.miomiorun.com\/fr\/#\/schema\/logo\/image\/","url":"https:\/\/www.miomiorun.com\/app\/uploads\/2019\/12\/logomio.png","contentUrl":"https:\/\/www.miomiorun.com\/app\/uploads\/2019\/12\/logomio.png","width":115,"height":82,"caption":"MioMio Run"},"image":{"@id":"https:\/\/www.miomiorun.com\/fr\/#\/schema\/logo\/image\/"},"sameAs":["https:\/\/www.facebook.com\/miomiorun\/","https:\/\/www.instagram.com\/miomiorun\/"]}]}},"_links":{"self":[{"href":"https:\/\/www.miomiorun.com\/fr\/wp-json\/wp\/v2\/product\/298761","targetHints":{"allow":["GET"]}}],"collection":[{"href":"https:\/\/www.miomiorun.com\/fr\/wp-json\/wp\/v2\/product"}],"about":[{"href":"https:\/\/www.miomiorun.com\/fr\/wp-json\/wp\/v2\/types\/product"}],"wp:featuredmedia":[{"embeddable":true,"href":"https:\/\/www.miomiorun.com\/fr\/wp-json\/wp\/v2\/media\/251352"}],"wp:attachment":[{"href":"https:\/\/www.miomiorun.com\/fr\/wp-json\/wp\/v2\/media?parent=298761"}],"wp:term":[{"taxonomy":"product_brand","embeddable":true,"href":"https:\/\/www.miomiorun.com\/fr\/wp-json\/wp\/v2\/product_brand?post=298761"},{"taxonomy":"product_cat","embeddable":true,"href":"https:\/\/www.miomiorun.com\/fr\/wp-json\/wp\/v2\/product_cat?post=298761"},{"taxonomy":"product_tag","embeddable":true,"href":"https:\/\/www.miomiorun.com\/fr\/wp-json\/wp\/v2\/product_tag?post=298761"}],"curies":[{"name":"wp","href":"https:\/\/api.w.org\/{rel}","templated":true}]}}