{"id":298681,"date":"2025-01-31T17:05:37","date_gmt":"2025-01-31T16:05:37","guid":{"rendered":"https:\/\/miomiorun.com\/prodotto\/guide-18-donna\/"},"modified":"2026-01-21T20:16:06","modified_gmt":"2026-01-21T19:16:06","slug":"guide-18-femme","status":"publish","type":"product","link":"https:\/\/www.miomiorun.com\/fr\/produit\/guide-18-femme\/","title":{"rendered":"Guide 18 femme"},"content":{"rendered":"<p><div class=\"vc-row container\"><div class=\"vc-column\"><div class=\"vc-column-text\"><\/p>\n<h4>Caract\u00e9ristiques techniques<\/h4>\n<p>Cat\u00e9gorie : amorti maximal<br \/>\nD\u00e9calage : 6 mm (35\/29 mm)<br \/>\nPoids : 245 g<br \/>\nId\u00e9al pour : les coureurs ayant tendance \u00e0 la pronation, \u00e0 la recherche d&#8217;un mod\u00e8le offrant soutien et protection, sans pour autant renoncer \u00e0 la performance gr\u00e2ce au poids r\u00e9duit de la chaussure.<br \/>\nPoids de l&#8217;athl\u00e8te : &gt;60 kg<br \/>\nAllure de course : moyenne (5-6 min\/km)<br \/>\n<a href=\"https:\/\/miomiorun.com\/fr\/guide-des-specificites\/\">Guide des caract\u00e9ristiques techniques<\/a><\/p>\n<p><\/div><\/div><div class=\"vc-column\"><div class=\"vc-column-text\"><\/p>\n<h2 style=\"text-align: center\">La Guide 18 est la chaussure d&#8217;entra\u00eenement offrant un amorti maximal.<br \/>\nCon\u00e7ue pour garantir confort et protection, la <strong>Guide 18<\/strong> pour femme est une chaussure d&#8217;entra\u00eenement amortie pour tous les jours qui combine notre mousse <strong>PWRRUN<\/strong>, souple et r\u00e9active, \u00e0 notre technologie exclusive <strong>Center Path<\/strong>, qui maintient le pied centr\u00e9 et soutenu pour offrir une exp\u00e9rience optimale sous le pied, en conservant une ligne centrale standard, en augmentant la hauteur des hanches et en la construisant sur une forme rocker pour faciliter le rel\u00e2chement.<\/p>\n<h3>Caract\u00e9ristiques et avantages :<\/h3>\n<ul>\n<li>Les chaussures Maximal Cushioning ont une g\u00e9om\u00e9trie \u00e0 base large, dans laquelle le pied est profond\u00e9ment ancr\u00e9 dans une plateforme stable qui garantit une course exceptionnellement amortie, mais aussi une protection et un soutien intrins\u00e8ques.<\/li>\n<li>\u00c9quip\u00e9es de la technologie Center Path, une g\u00e9om\u00e9trie asym\u00e9trique qui centre le pied de l&#8217;impact lat\u00e9ral jusqu&#8217;\u00e0 l&#8217;orteil pour offrir une exp\u00e9rience plus coh\u00e9rente, \u00e9quilibr\u00e9e et soutenue. <\/li>\n<li>Mousse PWRRUN souple et r\u00e9active en abondance sous le pied, pour des kilom\u00e8tres fluides et confortables et une protection optimale. <\/li>\n<li>Semelle ext\u00e9rieure en caoutchouc carbone XT-900 pour une traction durable<\/li>\n<li>Tige en mesh technique respirante et offrant un bon maintien pour un ajustement polyvalent<\/li>\n<li>Id\u00e9ale pour les courses quotidiennes<\/li>\n<li>AMORTISSEMENT PWRRUN<\/li>\n<li>SEMELLE INT\u00c9RIEURE PWRRUN+<\/li>\n<\/ul>\n<h2>Technologies<\/h2>\n<h3>Technologie Center Path<\/h3>\n<ul>\n<li>La technologie Center Path offre confort et protection gr\u00e2ce \u00e0 une plateforme plus large, des flancs plus hauts, un profil asym\u00e9trique et une forme rocker qui guide la foul\u00e9e de l&#8217;impact au d\u00e9collage.<\/li>\n<\/ul>\n<h3>Pwrrun<\/h3>\n<ul>\n<li>La derni\u00e8re mise \u00e0 jour de l&#8217;amorti \u00e0 base d&#8217;EVA qui offre encore plus de rebond et de durabilit\u00e9 que les formulations pr\u00e9c\u00e9dentes. <\/li>\n<\/ul>\n<h3>Pwrrun+<\/h3>\n<ul>\n<li>La derni\u00e8re innovation en mati\u00e8re d&#8217;amorti \u00e0 base de PU, formul\u00e9e avec une densit\u00e9 plus faible pour augmenter la souplesse et r\u00e9duire le poids de l&#8217;amorti ultra-r\u00e9sistant. Elle offre le meilleur dans les six aspects de l&#8217;amorti : absorption des chocs, r\u00e9ponse \u00e0 la foul\u00e9e, r\u00e9duction de la pression, retour d&#8217;\u00e9nergie, durabilit\u00e9 et poids. <\/li>\n<\/ul>\n<p><\/div><\/div><\/div><\/h2>\n","protected":false},"excerpt":{"rendered":"<ul>\n<li>Chaussure de course offrant un amorti maximal pour les pronateurs.<\/li>\n<li>\u00c9quip\u00e9es de la technologie Center Path, une g\u00e9om\u00e9trie asym\u00e9trique qui centre le pied pour offrir une exp\u00e9rience plus coh\u00e9rente, \u00e9quilibr\u00e9e et un meilleur soutien.<\/li>\n<\/ul>\n","protected":false},"featured_media":251492,"template":"","meta":{"_acf_changed":false,"inline_featured_image":false},"product_brand":[],"product_cat":[22605,22607],"product_tag":[23579,33803],"class_list":{"0":"post-298681","1":"product","2":"type-product","3":"status-publish","4":"has-post-thumbnail","6":"product_cat-chaussures-pour-femmes","7":"product_cat-ecuries","8":"product_tag-saucony-fr","9":"product_tag-saucony-donna-fr","10":"pa_attivita-marcher","11":"pa_attivita-running-fr","12":"pa_colore-guide-18-w-white-crocus-fr","13":"pa_colore-guide-18-w-white-ice-melt-fr","14":"pa_marca-saucony-fr","15":"pa_sesso-femme","16":"pa_size-38-fr","17":"pa_size-41-fr","19":"first","20":"outofstock","21":"sale","22":"taxable","23":"shipping-taxable","24":"purchasable","25":"product-type-variable","26":"wvs-archive-product-wrapper"},"acf":[],"yoast_head":"<!-- This site is optimized with the Yoast SEO plugin v26.8 - https:\/\/yoast.com\/product\/yoast-seo-wordpress\/ -->\n<title>Saucony Guide 18 femme - chaussures de course - MioMioRun.com<\/title>\n<meta name=\"description\" content=\"La Guide 18 pour femme est une chaussure d&#039;entra\u00eenement amortissante pour tous les jours qui combine notre mousse PWRRUN\" \/>\n<meta name=\"robots\" content=\"index, follow, max-snippet:-1, max-image-preview:large, max-video-preview:-1\" \/>\n<link rel=\"canonical\" href=\"https:\/\/www.miomiorun.com\/fr\/produit\/guide-18-femme\/\" \/>\n<meta property=\"og:locale\" content=\"fr_FR\" \/>\n<meta property=\"og:type\" content=\"article\" \/>\n<meta property=\"og:title\" content=\"Saucony Guide 18 femme - chaussures de course - MioMioRun.com\" \/>\n<meta property=\"og:description\" content=\"La Guide 18 pour femme est une chaussure d&#039;entra\u00eenement amortissante pour tous les jours qui combine notre mousse PWRRUN\" \/>\n<meta property=\"og:url\" content=\"https:\/\/www.miomiorun.com\/fr\/produit\/guide-18-femme\/\" \/>\n<meta property=\"og:site_name\" content=\"MioMioRun\" \/>\n<meta property=\"article:publisher\" content=\"https:\/\/www.facebook.com\/miomiorun\/\" \/>\n<meta property=\"article:modified_time\" content=\"2026-01-21T19:16:06+00:00\" \/>\n<meta property=\"og:image\" content=\"https:\/\/www.miomiorun.com\/app\/uploads\/2025\/02\/saucony-Guide-18-W-fuchsia-navy-S10998-161.webp\" \/>\n\t<meta property=\"og:image:width\" content=\"600\" \/>\n\t<meta property=\"og:image:height\" content=\"600\" \/>\n\t<meta property=\"og:image:type\" content=\"image\/webp\" \/>\n<meta name=\"twitter:card\" content=\"summary_large_image\" \/>\n<meta name=\"twitter:label1\" content=\"Est. reading time\" \/>\n\t<meta name=\"twitter:data1\" content=\"2 minutes\" \/>\n<script type=\"application\/ld+json\" class=\"yoast-schema-graph\">{\"@context\":\"https:\/\/schema.org\",\"@graph\":[{\"@type\":\"WebPage\",\"@id\":\"https:\/\/www.miomiorun.com\/fr\/produit\/guide-18-femme\/\",\"url\":\"https:\/\/www.miomiorun.com\/fr\/produit\/guide-18-femme\/\",\"name\":\"Saucony Guide 18 femme - chaussures de course - MioMioRun.com\",\"isPartOf\":{\"@id\":\"https:\/\/www.miomiorun.com\/fr\/#website\"},\"primaryImageOfPage\":{\"@id\":\"https:\/\/www.miomiorun.com\/fr\/produit\/guide-18-femme\/#primaryimage\"},\"image\":{\"@id\":\"https:\/\/www.miomiorun.com\/fr\/produit\/guide-18-femme\/#primaryimage\"},\"thumbnailUrl\":\"https:\/\/www.miomiorun.com\/app\/uploads\/2025\/02\/saucony-Guide-18-W-fuchsia-navy-S10998-161.webp\",\"datePublished\":\"2025-01-31T16:05:37+00:00\",\"dateModified\":\"2026-01-21T19:16:06+00:00\",\"description\":\"La Guide 18 pour femme est une chaussure d'entra\u00eenement amortissante pour tous les jours qui combine notre mousse PWRRUN\",\"breadcrumb\":{\"@id\":\"https:\/\/www.miomiorun.com\/fr\/produit\/guide-18-femme\/#breadcrumb\"},\"inLanguage\":\"fr-FR\",\"potentialAction\":[{\"@type\":\"ReadAction\",\"target\":[\"https:\/\/www.miomiorun.com\/fr\/produit\/guide-18-femme\/\"]}]},{\"@type\":\"ImageObject\",\"inLanguage\":\"fr-FR\",\"@id\":\"https:\/\/www.miomiorun.com\/fr\/produit\/guide-18-femme\/#primaryimage\",\"url\":\"https:\/\/www.miomiorun.com\/app\/uploads\/2025\/02\/saucony-Guide-18-W-fuchsia-navy-S10998-161.webp\",\"contentUrl\":\"https:\/\/www.miomiorun.com\/app\/uploads\/2025\/02\/saucony-Guide-18-W-fuchsia-navy-S10998-161.webp\",\"width\":600,\"height\":600,\"caption\":\"saucony Guide 18 W fuchsia navy S10998-161\"},{\"@type\":\"BreadcrumbList\",\"@id\":\"https:\/\/www.miomiorun.com\/fr\/produit\/guide-18-femme\/#breadcrumb\",\"itemListElement\":[{\"@type\":\"ListItem\",\"position\":1,\"name\":\"Home\",\"item\":\"https:\/\/www.miomiorun.com\/fr\/home-page\/\"},{\"@type\":\"ListItem\",\"position\":2,\"name\":\"Shop\",\"item\":\"https:\/\/www.miomiorun.com\/shop\/\"},{\"@type\":\"ListItem\",\"position\":3,\"name\":\"Guide 18 femme\"}]},{\"@type\":\"WebSite\",\"@id\":\"https:\/\/www.miomiorun.com\/fr\/#website\",\"url\":\"https:\/\/www.miomiorun.com\/fr\/\",\"name\":\"MioMioRun\",\"description\":\"Boutique 100% running et trail\",\"publisher\":{\"@id\":\"https:\/\/www.miomiorun.com\/fr\/#organization\"},\"potentialAction\":[{\"@type\":\"SearchAction\",\"target\":{\"@type\":\"EntryPoint\",\"urlTemplate\":\"https:\/\/www.miomiorun.com\/fr\/?s={search_term_string}\"},\"query-input\":{\"@type\":\"PropertyValueSpecification\",\"valueRequired\":true,\"valueName\":\"search_term_string\"}}],\"inLanguage\":\"fr-FR\"},{\"@type\":\"Organization\",\"@id\":\"https:\/\/www.miomiorun.com\/fr\/#organization\",\"name\":\"MioMio Run\",\"url\":\"https:\/\/www.miomiorun.com\/fr\/\",\"logo\":{\"@type\":\"ImageObject\",\"inLanguage\":\"fr-FR\",\"@id\":\"https:\/\/www.miomiorun.com\/fr\/#\/schema\/logo\/image\/\",\"url\":\"https:\/\/www.miomiorun.com\/app\/uploads\/2019\/12\/logomio.png\",\"contentUrl\":\"https:\/\/www.miomiorun.com\/app\/uploads\/2019\/12\/logomio.png\",\"width\":115,\"height\":82,\"caption\":\"MioMio Run\"},\"image\":{\"@id\":\"https:\/\/www.miomiorun.com\/fr\/#\/schema\/logo\/image\/\"},\"sameAs\":[\"https:\/\/www.facebook.com\/miomiorun\/\",\"https:\/\/www.instagram.com\/miomiorun\/\"]}]}<\/script>\n<!-- \/ Yoast SEO plugin. -->","yoast_head_json":{"title":"Saucony Guide 18 femme - chaussures de course - MioMioRun.com","description":"La Guide 18 pour femme est une chaussure d'entra\u00eenement amortissante pour tous les jours qui combine notre mousse PWRRUN","robots":{"index":"index","follow":"follow","max-snippet":"max-snippet:-1","max-image-preview":"max-image-preview:large","max-video-preview":"max-video-preview:-1"},"canonical":"https:\/\/www.miomiorun.com\/fr\/produit\/guide-18-femme\/","og_locale":"fr_FR","og_type":"article","og_title":"Saucony Guide 18 femme - chaussures de course - MioMioRun.com","og_description":"La Guide 18 pour femme est une chaussure d'entra\u00eenement amortissante pour tous les jours qui combine notre mousse PWRRUN","og_url":"https:\/\/www.miomiorun.com\/fr\/produit\/guide-18-femme\/","og_site_name":"MioMioRun","article_publisher":"https:\/\/www.facebook.com\/miomiorun\/","article_modified_time":"2026-01-21T19:16:06+00:00","og_image":[{"width":600,"height":600,"url":"https:\/\/www.miomiorun.com\/app\/uploads\/2025\/02\/saucony-Guide-18-W-fuchsia-navy-S10998-161.webp","type":"image\/webp"}],"twitter_card":"summary_large_image","twitter_misc":{"Est. reading time":"2 minutes"},"schema":{"@context":"https:\/\/schema.org","@graph":[{"@type":"WebPage","@id":"https:\/\/www.miomiorun.com\/fr\/produit\/guide-18-femme\/","url":"https:\/\/www.miomiorun.com\/fr\/produit\/guide-18-femme\/","name":"Saucony Guide 18 femme - chaussures de course - MioMioRun.com","isPartOf":{"@id":"https:\/\/www.miomiorun.com\/fr\/#website"},"primaryImageOfPage":{"@id":"https:\/\/www.miomiorun.com\/fr\/produit\/guide-18-femme\/#primaryimage"},"image":{"@id":"https:\/\/www.miomiorun.com\/fr\/produit\/guide-18-femme\/#primaryimage"},"thumbnailUrl":"https:\/\/www.miomiorun.com\/app\/uploads\/2025\/02\/saucony-Guide-18-W-fuchsia-navy-S10998-161.webp","datePublished":"2025-01-31T16:05:37+00:00","dateModified":"2026-01-21T19:16:06+00:00","description":"La Guide 18 pour femme est une chaussure d'entra\u00eenement amortissante pour tous les jours qui combine notre mousse PWRRUN","breadcrumb":{"@id":"https:\/\/www.miomiorun.com\/fr\/produit\/guide-18-femme\/#breadcrumb"},"inLanguage":"fr-FR","potentialAction":[{"@type":"ReadAction","target":["https:\/\/www.miomiorun.com\/fr\/produit\/guide-18-femme\/"]}]},{"@type":"ImageObject","inLanguage":"fr-FR","@id":"https:\/\/www.miomiorun.com\/fr\/produit\/guide-18-femme\/#primaryimage","url":"https:\/\/www.miomiorun.com\/app\/uploads\/2025\/02\/saucony-Guide-18-W-fuchsia-navy-S10998-161.webp","contentUrl":"https:\/\/www.miomiorun.com\/app\/uploads\/2025\/02\/saucony-Guide-18-W-fuchsia-navy-S10998-161.webp","width":600,"height":600,"caption":"saucony Guide 18 W fuchsia navy S10998-161"},{"@type":"BreadcrumbList","@id":"https:\/\/www.miomiorun.com\/fr\/produit\/guide-18-femme\/#breadcrumb","itemListElement":[{"@type":"ListItem","position":1,"name":"Home","item":"https:\/\/www.miomiorun.com\/fr\/home-page\/"},{"@type":"ListItem","position":2,"name":"Shop","item":"https:\/\/www.miomiorun.com\/shop\/"},{"@type":"ListItem","position":3,"name":"Guide 18 femme"}]},{"@type":"WebSite","@id":"https:\/\/www.miomiorun.com\/fr\/#website","url":"https:\/\/www.miomiorun.com\/fr\/","name":"MioMioRun","description":"Boutique 100% running et trail","publisher":{"@id":"https:\/\/www.miomiorun.com\/fr\/#organization"},"potentialAction":[{"@type":"SearchAction","target":{"@type":"EntryPoint","urlTemplate":"https:\/\/www.miomiorun.com\/fr\/?s={search_term_string}"},"query-input":{"@type":"PropertyValueSpecification","valueRequired":true,"valueName":"search_term_string"}}],"inLanguage":"fr-FR"},{"@type":"Organization","@id":"https:\/\/www.miomiorun.com\/fr\/#organization","name":"MioMio Run","url":"https:\/\/www.miomiorun.com\/fr\/","logo":{"@type":"ImageObject","inLanguage":"fr-FR","@id":"https:\/\/www.miomiorun.com\/fr\/#\/schema\/logo\/image\/","url":"https:\/\/www.miomiorun.com\/app\/uploads\/2019\/12\/logomio.png","contentUrl":"https:\/\/www.miomiorun.com\/app\/uploads\/2019\/12\/logomio.png","width":115,"height":82,"caption":"MioMio Run"},"image":{"@id":"https:\/\/www.miomiorun.com\/fr\/#\/schema\/logo\/image\/"},"sameAs":["https:\/\/www.facebook.com\/miomiorun\/","https:\/\/www.instagram.com\/miomiorun\/"]}]}},"_links":{"self":[{"href":"https:\/\/www.miomiorun.com\/fr\/wp-json\/wp\/v2\/product\/298681","targetHints":{"allow":["GET"]}}],"collection":[{"href":"https:\/\/www.miomiorun.com\/fr\/wp-json\/wp\/v2\/product"}],"about":[{"href":"https:\/\/www.miomiorun.com\/fr\/wp-json\/wp\/v2\/types\/product"}],"wp:featuredmedia":[{"embeddable":true,"href":"https:\/\/www.miomiorun.com\/fr\/wp-json\/wp\/v2\/media\/251492"}],"wp:attachment":[{"href":"https:\/\/www.miomiorun.com\/fr\/wp-json\/wp\/v2\/media?parent=298681"}],"wp:term":[{"taxonomy":"product_brand","embeddable":true,"href":"https:\/\/www.miomiorun.com\/fr\/wp-json\/wp\/v2\/product_brand?post=298681"},{"taxonomy":"product_cat","embeddable":true,"href":"https:\/\/www.miomiorun.com\/fr\/wp-json\/wp\/v2\/product_cat?post=298681"},{"taxonomy":"product_tag","embeddable":true,"href":"https:\/\/www.miomiorun.com\/fr\/wp-json\/wp\/v2\/product_tag?post=298681"}],"curies":[{"name":"wp","href":"https:\/\/api.w.org\/{rel}","templated":true}]}}