{"id":298674,"date":"2025-02-01T16:01:52","date_gmt":"2025-02-01T15:01:52","guid":{"rendered":"https:\/\/miomiorun.com\/prodotto\/infinite-elite-2-uomo\/"},"modified":"2025-05-03T19:05:43","modified_gmt":"2025-05-03T17:05:43","slug":"infinite-elite-2-homme","status":"publish","type":"product","link":"https:\/\/www.miomiorun.com\/fr\/produit\/infinite-elite-2-homme\/","title":{"rendered":"Infinite Elite 2 homme"},"content":{"rendered":"<div class=\"vc-row container\"><div class=\"vc-column\"><div class=\"vc-column-text\"><\/p>\n<h4>Caract\u00e9ristiques techniques<\/h4>\n<p>Cat\u00e9gorie : super amorti<br \/>\nD\u00e9calage : 8 mm<br \/>\nPoids : 283 g<br \/>\nId\u00e9al pour : les coureurs passionn\u00e9s et professionnels \u00e0 la recherche d&#8217;une chaussure de pointe pour am\u00e9liorer leurs performances, offrant confort, maintien et r\u00e9activit\u00e9 lors des entra\u00eenements et des comp\u00e9titions.<br \/>\nPoids de l&#8217;athl\u00e8te : &gt; 80 kg<br \/>\nAllure de course : &gt; 5.30 min\/km<br \/>\n<a href=\"https:\/\/miomiorun.com\/fr\/guide-des-specificites\/\">Guide des sp\u00e9cifications<\/a><\/p>\n<p><\/div><\/div><div class=\"vc-column\"><div class=\"vc-column-text\">Les <strong>chaussures de course \u00e0 pied UA Infinite Elite 2 pour hommes<\/strong> repr\u00e9sentent le summum de l&#8217;innovation en mati\u00e8re de course \u00e0 pied, con\u00e7ues pour offrir une exp\u00e9rience de course \u00e0 pied in\u00e9gal\u00e9e. La tige adaptative UA IntelliKnit offre un ajustement personnalis\u00e9, enveloppant le pied de micro d\u00e9tails et de textures qui assurent un confort et une stabilit\u00e9 optimaux. Cette technologie maintient le pied en place, ce qui vous permet de repousser vos limites.<\/p>\n<p>L&#8217;amorti UA HOVR+ a \u00e9t\u00e9 am\u00e9lior\u00e9 pour augmenter l&#8217;\u00e9lasticit\u00e9 et restituer l&#8217;\u00e9nergie \u00e0 chaque pas, r\u00e9duisant ainsi l&#8217;impact et favorisant une conduite plus efficace. Le talon inclin\u00e9 r\u00e9duit non seulement l&#8217;impact au sol, mais am\u00e9liore \u00e9galement la stabilit\u00e9 g\u00e9n\u00e9rale, offrant des atterrissages plus doux et plus s\u00fbrs.<\/p>\n<p>La semelle ext\u00e9rieure l\u00e9g\u00e8re en caoutchouc Thinweb est con\u00e7ue pour offrir durabilit\u00e9 et retour d&#8217;\u00e9nergie l\u00e0 o\u00f9 vous en avez besoin, offrant une excellente traction sur une vari\u00e9t\u00e9 de surfaces. Avec un diff\u00e9rentiel de 8 mm et un poids de 326 g, ces chaussures sont id\u00e9ales pour les coureurs \u00e0 la recherche d&#8217;un bon \u00e9quilibre entre flexibilit\u00e9 et amorti.<\/p>\n<p>De plus, la semelle int\u00e9rieure moul\u00e9e en 3D enveloppe le pied pour un ajustement encore plus confortable, tandis que le clip de talon TPU offre un soutien et une stabilit\u00e9 suppl\u00e9mentaires, et que l&#8217;arrachement asym\u00e9trique facilite l&#8217;ajustement.<\/p>\n<p>Avec la UA Infinite Elite 2, chaque course devient une exp\u00e9rience sup\u00e9rieure, combinant une technologie avanc\u00e9e et un design ergonomique pour soutenir votre performance.<\/div><\/div><\/div>\n","protected":false},"excerpt":{"rendered":"<ul>\n<li>Amortissement UA HOVR+ pour plus d&#8217;\u00e9lasticit\u00e9 et de retour d&#8217;\u00e9nergie.<\/li>\n<li>Tige UA IntelliKnit adaptative pour un ajustement personnalis\u00e9 et stable.<\/li>\n<li>Le talon inclin\u00e9 r\u00e9duit l&#8217;impact et am\u00e9liore la stabilit\u00e9.<\/li>\n<\/ul>\n","protected":false},"featured_media":251458,"template":"","meta":{"_acf_changed":false,"inline_featured_image":false},"product_brand":[],"product_cat":[24448,24447],"product_tag":[23530,23574],"class_list":{"0":"post-298674","1":"product","2":"type-product","3":"status-publish","4":"has-post-thumbnail","6":"product_cat-chaussures-pour-hommes-fr","7":"product_cat-neutre-fr-3","8":"product_tag-under-armour-fr","9":"product_tag-under-armour-homme","10":"pa_attivita-lifestyle-fr","11":"pa_attivita-marcher","12":"pa_attivita-running-fr","13":"pa_colore-infinite-elite-2-distant-gray-hyper-gree-fr","14":"pa_colore-infinite-elite-2-white-hyper-green-black-fr","15":"pa_marca-under-armour-fr","16":"pa_sesso-homme","17":"pa_size-41-fr","18":"pa_size-42-5-fr","19":"pa_size-45-5-fr","21":"first","22":"instock","23":"sale","24":"taxable","25":"shipping-taxable","26":"purchasable","27":"product-type-variable","28":"wvs-archive-product-wrapper"},"acf":[],"yoast_head":"<!-- This site is optimized with the Yoast SEO plugin v26.8 - https:\/\/yoast.com\/product\/yoast-seo-wordpress\/ -->\n<title>Under Armour Infinite Elite 2 homme - chaussures de course - MioMioRun.com<\/title>\n<meta name=\"description\" content=\"Chaussure de course \u00e0 pied UA Infinite Elite 2 pour homme : amorti UA HOVR+, tige UA IntelliKnit adaptative, talon inclin\u00e9 pour une course de qualit\u00e9 sup\u00e9rieure.\" \/>\n<meta name=\"robots\" content=\"index, follow, max-snippet:-1, max-image-preview:large, max-video-preview:-1\" \/>\n<link rel=\"canonical\" href=\"https:\/\/www.miomiorun.com\/fr\/produit\/infinite-elite-2-homme\/\" \/>\n<meta property=\"og:locale\" content=\"fr_FR\" \/>\n<meta property=\"og:type\" content=\"article\" \/>\n<meta property=\"og:title\" content=\"Under Armour Infinite Elite 2 homme - chaussures de course - MioMioRun.com\" \/>\n<meta property=\"og:description\" content=\"Chaussure de course \u00e0 pied UA Infinite Elite 2 pour homme : amorti UA HOVR+, tige UA IntelliKnit adaptative, talon inclin\u00e9 pour une course de qualit\u00e9 sup\u00e9rieure.\" \/>\n<meta property=\"og:url\" content=\"https:\/\/www.miomiorun.com\/fr\/produit\/infinite-elite-2-homme\/\" \/>\n<meta property=\"og:site_name\" content=\"MioMioRun\" \/>\n<meta property=\"article:publisher\" content=\"https:\/\/www.facebook.com\/miomiorun\/\" \/>\n<meta property=\"article:modified_time\" content=\"2025-05-03T17:05:43+00:00\" \/>\n<meta property=\"og:image\" content=\"https:\/\/www.miomiorun.com\/app\/uploads\/2025\/02\/under-armour-Infinite-Elite-2-white-Hyper-Green-Black-3028169-0101.webp\" \/>\n\t<meta property=\"og:image:width\" content=\"600\" \/>\n\t<meta property=\"og:image:height\" content=\"600\" \/>\n\t<meta property=\"og:image:type\" content=\"image\/webp\" \/>\n<meta name=\"twitter:card\" content=\"summary_large_image\" \/>\n<meta name=\"twitter:label1\" content=\"Est. reading time\" \/>\n\t<meta name=\"twitter:data1\" content=\"2 minutes\" \/>\n<script type=\"application\/ld+json\" class=\"yoast-schema-graph\">{\"@context\":\"https:\/\/schema.org\",\"@graph\":[{\"@type\":\"WebPage\",\"@id\":\"https:\/\/www.miomiorun.com\/fr\/produit\/infinite-elite-2-homme\/\",\"url\":\"https:\/\/www.miomiorun.com\/fr\/produit\/infinite-elite-2-homme\/\",\"name\":\"Under Armour Infinite Elite 2 homme - chaussures de course - MioMioRun.com\",\"isPartOf\":{\"@id\":\"https:\/\/www.miomiorun.com\/fr\/#website\"},\"primaryImageOfPage\":{\"@id\":\"https:\/\/www.miomiorun.com\/fr\/produit\/infinite-elite-2-homme\/#primaryimage\"},\"image\":{\"@id\":\"https:\/\/www.miomiorun.com\/fr\/produit\/infinite-elite-2-homme\/#primaryimage\"},\"thumbnailUrl\":\"https:\/\/www.miomiorun.com\/app\/uploads\/2025\/02\/under-armour-Infinite-Elite-2-white-Hyper-Green-Black-3028169-0101.webp\",\"datePublished\":\"2025-02-01T15:01:52+00:00\",\"dateModified\":\"2025-05-03T17:05:43+00:00\",\"description\":\"Chaussure de course \u00e0 pied UA Infinite Elite 2 pour homme : amorti UA HOVR+, tige UA IntelliKnit adaptative, talon inclin\u00e9 pour une course de qualit\u00e9 sup\u00e9rieure.\",\"breadcrumb\":{\"@id\":\"https:\/\/www.miomiorun.com\/fr\/produit\/infinite-elite-2-homme\/#breadcrumb\"},\"inLanguage\":\"fr-FR\",\"potentialAction\":[{\"@type\":\"ReadAction\",\"target\":[\"https:\/\/www.miomiorun.com\/fr\/produit\/infinite-elite-2-homme\/\"]}]},{\"@type\":\"ImageObject\",\"inLanguage\":\"fr-FR\",\"@id\":\"https:\/\/www.miomiorun.com\/fr\/produit\/infinite-elite-2-homme\/#primaryimage\",\"url\":\"https:\/\/www.miomiorun.com\/app\/uploads\/2025\/02\/under-armour-Infinite-Elite-2-white-Hyper-Green-Black-3028169-0101.webp\",\"contentUrl\":\"https:\/\/www.miomiorun.com\/app\/uploads\/2025\/02\/under-armour-Infinite-Elite-2-white-Hyper-Green-Black-3028169-0101.webp\",\"width\":600,\"height\":600,\"caption\":\"under armour Infinite Elite 2 white Hyper Green Black 3028169 0101\"},{\"@type\":\"BreadcrumbList\",\"@id\":\"https:\/\/www.miomiorun.com\/fr\/produit\/infinite-elite-2-homme\/#breadcrumb\",\"itemListElement\":[{\"@type\":\"ListItem\",\"position\":1,\"name\":\"Home\",\"item\":\"https:\/\/www.miomiorun.com\/fr\/home-page\/\"},{\"@type\":\"ListItem\",\"position\":2,\"name\":\"Shop\",\"item\":\"https:\/\/www.miomiorun.com\/shop\/\"},{\"@type\":\"ListItem\",\"position\":3,\"name\":\"Infinite Elite 2 homme\"}]},{\"@type\":\"WebSite\",\"@id\":\"https:\/\/www.miomiorun.com\/fr\/#website\",\"url\":\"https:\/\/www.miomiorun.com\/fr\/\",\"name\":\"MioMioRun\",\"description\":\"Boutique 100% running et trail\",\"publisher\":{\"@id\":\"https:\/\/www.miomiorun.com\/fr\/#organization\"},\"potentialAction\":[{\"@type\":\"SearchAction\",\"target\":{\"@type\":\"EntryPoint\",\"urlTemplate\":\"https:\/\/www.miomiorun.com\/fr\/?s={search_term_string}\"},\"query-input\":{\"@type\":\"PropertyValueSpecification\",\"valueRequired\":true,\"valueName\":\"search_term_string\"}}],\"inLanguage\":\"fr-FR\"},{\"@type\":\"Organization\",\"@id\":\"https:\/\/www.miomiorun.com\/fr\/#organization\",\"name\":\"MioMio Run\",\"url\":\"https:\/\/www.miomiorun.com\/fr\/\",\"logo\":{\"@type\":\"ImageObject\",\"inLanguage\":\"fr-FR\",\"@id\":\"https:\/\/www.miomiorun.com\/fr\/#\/schema\/logo\/image\/\",\"url\":\"https:\/\/www.miomiorun.com\/app\/uploads\/2019\/12\/logomio.png\",\"contentUrl\":\"https:\/\/www.miomiorun.com\/app\/uploads\/2019\/12\/logomio.png\",\"width\":115,\"height\":82,\"caption\":\"MioMio Run\"},\"image\":{\"@id\":\"https:\/\/www.miomiorun.com\/fr\/#\/schema\/logo\/image\/\"},\"sameAs\":[\"https:\/\/www.facebook.com\/miomiorun\/\",\"https:\/\/www.instagram.com\/miomiorun\/\"]}]}<\/script>\n<!-- \/ Yoast SEO plugin. -->","yoast_head_json":{"title":"Under Armour Infinite Elite 2 homme - chaussures de course - MioMioRun.com","description":"Chaussure de course \u00e0 pied UA Infinite Elite 2 pour homme : amorti UA HOVR+, tige UA IntelliKnit adaptative, talon inclin\u00e9 pour une course de qualit\u00e9 sup\u00e9rieure.","robots":{"index":"index","follow":"follow","max-snippet":"max-snippet:-1","max-image-preview":"max-image-preview:large","max-video-preview":"max-video-preview:-1"},"canonical":"https:\/\/www.miomiorun.com\/fr\/produit\/infinite-elite-2-homme\/","og_locale":"fr_FR","og_type":"article","og_title":"Under Armour Infinite Elite 2 homme - chaussures de course - MioMioRun.com","og_description":"Chaussure de course \u00e0 pied UA Infinite Elite 2 pour homme : amorti UA HOVR+, tige UA IntelliKnit adaptative, talon inclin\u00e9 pour une course de qualit\u00e9 sup\u00e9rieure.","og_url":"https:\/\/www.miomiorun.com\/fr\/produit\/infinite-elite-2-homme\/","og_site_name":"MioMioRun","article_publisher":"https:\/\/www.facebook.com\/miomiorun\/","article_modified_time":"2025-05-03T17:05:43+00:00","og_image":[{"width":600,"height":600,"url":"https:\/\/www.miomiorun.com\/app\/uploads\/2025\/02\/under-armour-Infinite-Elite-2-white-Hyper-Green-Black-3028169-0101.webp","type":"image\/webp"}],"twitter_card":"summary_large_image","twitter_misc":{"Est. reading time":"2 minutes"},"schema":{"@context":"https:\/\/schema.org","@graph":[{"@type":"WebPage","@id":"https:\/\/www.miomiorun.com\/fr\/produit\/infinite-elite-2-homme\/","url":"https:\/\/www.miomiorun.com\/fr\/produit\/infinite-elite-2-homme\/","name":"Under Armour Infinite Elite 2 homme - chaussures de course - MioMioRun.com","isPartOf":{"@id":"https:\/\/www.miomiorun.com\/fr\/#website"},"primaryImageOfPage":{"@id":"https:\/\/www.miomiorun.com\/fr\/produit\/infinite-elite-2-homme\/#primaryimage"},"image":{"@id":"https:\/\/www.miomiorun.com\/fr\/produit\/infinite-elite-2-homme\/#primaryimage"},"thumbnailUrl":"https:\/\/www.miomiorun.com\/app\/uploads\/2025\/02\/under-armour-Infinite-Elite-2-white-Hyper-Green-Black-3028169-0101.webp","datePublished":"2025-02-01T15:01:52+00:00","dateModified":"2025-05-03T17:05:43+00:00","description":"Chaussure de course \u00e0 pied UA Infinite Elite 2 pour homme : amorti UA HOVR+, tige UA IntelliKnit adaptative, talon inclin\u00e9 pour une course de qualit\u00e9 sup\u00e9rieure.","breadcrumb":{"@id":"https:\/\/www.miomiorun.com\/fr\/produit\/infinite-elite-2-homme\/#breadcrumb"},"inLanguage":"fr-FR","potentialAction":[{"@type":"ReadAction","target":["https:\/\/www.miomiorun.com\/fr\/produit\/infinite-elite-2-homme\/"]}]},{"@type":"ImageObject","inLanguage":"fr-FR","@id":"https:\/\/www.miomiorun.com\/fr\/produit\/infinite-elite-2-homme\/#primaryimage","url":"https:\/\/www.miomiorun.com\/app\/uploads\/2025\/02\/under-armour-Infinite-Elite-2-white-Hyper-Green-Black-3028169-0101.webp","contentUrl":"https:\/\/www.miomiorun.com\/app\/uploads\/2025\/02\/under-armour-Infinite-Elite-2-white-Hyper-Green-Black-3028169-0101.webp","width":600,"height":600,"caption":"under armour Infinite Elite 2 white Hyper Green Black 3028169 0101"},{"@type":"BreadcrumbList","@id":"https:\/\/www.miomiorun.com\/fr\/produit\/infinite-elite-2-homme\/#breadcrumb","itemListElement":[{"@type":"ListItem","position":1,"name":"Home","item":"https:\/\/www.miomiorun.com\/fr\/home-page\/"},{"@type":"ListItem","position":2,"name":"Shop","item":"https:\/\/www.miomiorun.com\/shop\/"},{"@type":"ListItem","position":3,"name":"Infinite Elite 2 homme"}]},{"@type":"WebSite","@id":"https:\/\/www.miomiorun.com\/fr\/#website","url":"https:\/\/www.miomiorun.com\/fr\/","name":"MioMioRun","description":"Boutique 100% running et trail","publisher":{"@id":"https:\/\/www.miomiorun.com\/fr\/#organization"},"potentialAction":[{"@type":"SearchAction","target":{"@type":"EntryPoint","urlTemplate":"https:\/\/www.miomiorun.com\/fr\/?s={search_term_string}"},"query-input":{"@type":"PropertyValueSpecification","valueRequired":true,"valueName":"search_term_string"}}],"inLanguage":"fr-FR"},{"@type":"Organization","@id":"https:\/\/www.miomiorun.com\/fr\/#organization","name":"MioMio Run","url":"https:\/\/www.miomiorun.com\/fr\/","logo":{"@type":"ImageObject","inLanguage":"fr-FR","@id":"https:\/\/www.miomiorun.com\/fr\/#\/schema\/logo\/image\/","url":"https:\/\/www.miomiorun.com\/app\/uploads\/2019\/12\/logomio.png","contentUrl":"https:\/\/www.miomiorun.com\/app\/uploads\/2019\/12\/logomio.png","width":115,"height":82,"caption":"MioMio Run"},"image":{"@id":"https:\/\/www.miomiorun.com\/fr\/#\/schema\/logo\/image\/"},"sameAs":["https:\/\/www.facebook.com\/miomiorun\/","https:\/\/www.instagram.com\/miomiorun\/"]}]}},"_links":{"self":[{"href":"https:\/\/www.miomiorun.com\/fr\/wp-json\/wp\/v2\/product\/298674","targetHints":{"allow":["GET"]}}],"collection":[{"href":"https:\/\/www.miomiorun.com\/fr\/wp-json\/wp\/v2\/product"}],"about":[{"href":"https:\/\/www.miomiorun.com\/fr\/wp-json\/wp\/v2\/types\/product"}],"wp:featuredmedia":[{"embeddable":true,"href":"https:\/\/www.miomiorun.com\/fr\/wp-json\/wp\/v2\/media\/251458"}],"wp:attachment":[{"href":"https:\/\/www.miomiorun.com\/fr\/wp-json\/wp\/v2\/media?parent=298674"}],"wp:term":[{"taxonomy":"product_brand","embeddable":true,"href":"https:\/\/www.miomiorun.com\/fr\/wp-json\/wp\/v2\/product_brand?post=298674"},{"taxonomy":"product_cat","embeddable":true,"href":"https:\/\/www.miomiorun.com\/fr\/wp-json\/wp\/v2\/product_cat?post=298674"},{"taxonomy":"product_tag","embeddable":true,"href":"https:\/\/www.miomiorun.com\/fr\/wp-json\/wp\/v2\/product_tag?post=298674"}],"curies":[{"name":"wp","href":"https:\/\/api.w.org\/{rel}","templated":true}]}}