{"id":298605,"date":"2025-02-03T17:00:11","date_gmt":"2025-02-03T16:00:11","guid":{"rendered":"https:\/\/miomiorun.com\/prodotto\/velociti-4-uomo\/"},"modified":"2025-05-20T12:19:31","modified_gmt":"2025-05-20T10:19:31","slug":"velociti-4-homme","status":"publish","type":"product","link":"https:\/\/www.miomiorun.com\/fr\/produit\/velociti-4-homme\/","title":{"rendered":"Velociti 4 homme"},"content":{"rendered":"<div class=\"vc-row container\"><div class=\"vc-column\"><div class=\"vc-column-text\"><\/p>\n<p><strong>Caract\u00e9ristiques techniques<\/strong><\/p>\n<p>Cat\u00e9gorie : amorti r\u00e9actif<br \/>\nD\u00e9calage : 8 mm<br \/>\nPoids : 218 g<br \/>\nId\u00e9al pour : les coureurs au pied neutre et \u00e0 la semelle moyenne recherchant une chaussure polyvalente, l\u00e9g\u00e8re et ultra-rapide pour aborder avec aisance les distances moyennes et m\u00eame les entra\u00eenements de qualit\u00e9.<br \/>\nPoids de l&#8217;athl\u00e8te : 60-75 kg<br \/>\nAllure de course : moyenne-rapide (4.00-5.30 min\/km)<br \/>\n<a href=\"https:\/\/miomiorun.com\/fr\/guide-des-specificites\/\">Guide de sp\u00e9cification<\/a><\/p>\n<p>.<\/div><div class=\"vc-column-text\"><div style=\"width: 640px;\" class=\"wp-video\"><video class=\"wp-video-shortcode\" id=\"video-298605-1\" width=\"640\" height=\"480\" loop autoplay preload=\"metadata\" controls=\"controls\"><source type=\"video\/mp4\" src=\"https:\/\/miomiorun.com\/wp-content\/uploads\/2025\/02\/under-armour-Velociti-4-white.mp4?_=1\" \/><a href=\"https:\/\/miomiorun.com\/wp-content\/uploads\/2025\/02\/under-armour-Velociti-4-white.mp4\">https:\/\/miomiorun.com\/wp-content\/uploads\/2025\/02\/under-armour-Velociti-4-white.mp4<\/a><\/video><\/div><\/div><\/div><div class=\"vc-column\"><div class=\"vc-column-text\">La toute nouvelle <strong>Velociti 4<\/strong> pour hommes est construite avec un amorti r\u00e9volutionnaire, l\u00e9ger, sans caoutchouc et durable qui offre une sensation de rapidit\u00e9 et une adh\u00e9rence au sol exceptionnelle lorsque vous vous entra\u00eenez pour donner le meilleur de vous-m\u00eame.<\/p>\n<p><strong>Caract\u00e9ristiques :<\/strong><\/p>\n<div id=\"acc-1\" class=\"g-accordion-content collapse show\">\n<ul class=\"t-tabs_data\">\n<li class=\"t-tabs_list\">La tige en tricot plat offre une extensibilit\u00e9 dynamique, un ajustement serr\u00e9 et une respirabilit\u00e9 dans les zones qui en ont le plus besoin.<\/li>\n<li class=\"t-tabs_list\">Collier en mousse \u00e0 la structure et \u00e0 l&#8217;\u00e9paisseur renforc\u00e9es pour un confort et une stabilit\u00e9 sup\u00e9rieurs \u00e0 l&#8217;impact du talon<\/li>\n<li class=\"t-tabs_list\">L&#8217;assise plantaire en EVA ajoute de l&#8217;\u00e9lasticit\u00e9 et du rebond \u00e0 chaque pas.<\/li>\n<li class=\"t-tabs_list\">Plus souple et plus l\u00e9g\u00e8re, la semelle interm\u00e9diaire Flow d&#8217;une seule pi\u00e8ce offre un amorti r\u00e9actif et durable.<\/li>\n<li class=\"t-tabs_list\">La technologie Flow \u00e9limine la semelle ext\u00e9rieure en caoutchouc, ce qui favorise une conduite plus l\u00e9g\u00e8re et plus fluide sur n&#8217;importe quelle surface.<\/li>\n<li class=\"t-tabs_list\">Le motif de la semelle est tr\u00e8s r\u00e9sistant et adh\u00e9rent pour une d\u00e9marche fluide et naturelle.<\/li>\n<\/ul>\n<p>&nbsp;<\/p>\n<\/div>\n<p><\/div><\/div><\/div>\n","protected":false},"excerpt":{"rendered":"<ul>\n<li>Chaussure l\u00e9g\u00e8re.<\/li>\n<li>Parfait pour vos entra\u00eenements rapides.<\/li>\n<\/ul>\n","protected":false},"featured_media":251464,"template":"","meta":{"_acf_changed":false,"inline_featured_image":false},"product_brand":[],"product_cat":[24448,24447],"product_tag":[23530,23574],"class_list":{"0":"post-298605","1":"product","2":"type-product","3":"status-publish","4":"has-post-thumbnail","6":"product_cat-chaussures-pour-hommes-fr","7":"product_cat-neutre-fr-3","8":"product_tag-under-armour-fr","9":"product_tag-under-armour-homme","10":"pa_attivita-fitness-fr","11":"pa_attivita-marcher","12":"pa_attivita-running-fr","13":"pa_colore-velociti-4-white-fr","14":"pa_marca-under-armour-fr","15":"pa_sesso-homme","16":"pa_size-41-fr","17":"pa_size-44-fr","19":"first","20":"instock","21":"sale","22":"taxable","23":"shipping-taxable","24":"purchasable","25":"product-type-variable","26":"wvs-archive-product-wrapper"},"acf":[],"yoast_head":"<!-- This site is optimized with the Yoast SEO plugin v26.8 - https:\/\/yoast.com\/product\/yoast-seo-wordpress\/ -->\n<title>Under Armour Velociti 4 homme - Chaussures de course - MioMioRun<\/title>\n<meta name=\"description\" content=\"La toute nouvelle Velociti 4 pour hommes est dot\u00e9e d&#039;un amorti r\u00e9volutionnaire, l\u00e9ger, sans caoutchouc et durable, offrant une sensation de rapidit\u00e9.\" \/>\n<meta name=\"robots\" content=\"index, follow, max-snippet:-1, max-image-preview:large, max-video-preview:-1\" \/>\n<link rel=\"canonical\" href=\"https:\/\/www.miomiorun.com\/fr\/produit\/velociti-4-homme\/\" \/>\n<meta property=\"og:locale\" content=\"fr_FR\" \/>\n<meta property=\"og:type\" content=\"article\" \/>\n<meta property=\"og:title\" content=\"Under Armour Velociti 4 homme - Chaussures de course - MioMioRun\" \/>\n<meta property=\"og:description\" content=\"La toute nouvelle Velociti 4 pour hommes est dot\u00e9e d&#039;un amorti r\u00e9volutionnaire, l\u00e9ger, sans caoutchouc et durable, offrant une sensation de rapidit\u00e9.\" \/>\n<meta property=\"og:url\" content=\"https:\/\/www.miomiorun.com\/fr\/produit\/velociti-4-homme\/\" \/>\n<meta property=\"og:site_name\" content=\"MioMioRun\" \/>\n<meta property=\"article:publisher\" content=\"https:\/\/www.facebook.com\/miomiorun\/\" \/>\n<meta property=\"article:modified_time\" content=\"2025-05-20T10:19:31+00:00\" \/>\n<meta property=\"og:image\" content=\"https:\/\/www.miomiorun.com\/app\/uploads\/2025\/02\/under-armour-Velociti-4-black-Anthracite-Ares-Red-3027585-0003.webp\" \/>\n\t<meta property=\"og:image:width\" content=\"600\" \/>\n\t<meta property=\"og:image:height\" content=\"600\" \/>\n\t<meta property=\"og:image:type\" content=\"image\/webp\" \/>\n<meta name=\"twitter:card\" content=\"summary_large_image\" \/>\n<meta name=\"twitter:label1\" content=\"Est. reading time\" \/>\n\t<meta name=\"twitter:data1\" content=\"2 minutes\" \/>\n<script type=\"application\/ld+json\" class=\"yoast-schema-graph\">{\"@context\":\"https:\/\/schema.org\",\"@graph\":[{\"@type\":\"WebPage\",\"@id\":\"https:\/\/www.miomiorun.com\/fr\/produit\/velociti-4-homme\/\",\"url\":\"https:\/\/www.miomiorun.com\/fr\/produit\/velociti-4-homme\/\",\"name\":\"Under Armour Velociti 4 homme - Chaussures de course - MioMioRun\",\"isPartOf\":{\"@id\":\"https:\/\/www.miomiorun.com\/fr\/#website\"},\"primaryImageOfPage\":{\"@id\":\"https:\/\/www.miomiorun.com\/fr\/produit\/velociti-4-homme\/#primaryimage\"},\"image\":{\"@id\":\"https:\/\/www.miomiorun.com\/fr\/produit\/velociti-4-homme\/#primaryimage\"},\"thumbnailUrl\":\"https:\/\/www.miomiorun.com\/app\/uploads\/2025\/02\/under-armour-Velociti-4-black-Anthracite-Ares-Red-3027585-0003.webp\",\"datePublished\":\"2025-02-03T16:00:11+00:00\",\"dateModified\":\"2025-05-20T10:19:31+00:00\",\"description\":\"La toute nouvelle Velociti 4 pour hommes est dot\u00e9e d'un amorti r\u00e9volutionnaire, l\u00e9ger, sans caoutchouc et durable, offrant une sensation de rapidit\u00e9.\",\"breadcrumb\":{\"@id\":\"https:\/\/www.miomiorun.com\/fr\/produit\/velociti-4-homme\/#breadcrumb\"},\"inLanguage\":\"fr-FR\",\"potentialAction\":[{\"@type\":\"ReadAction\",\"target\":[\"https:\/\/www.miomiorun.com\/fr\/produit\/velociti-4-homme\/\"]}]},{\"@type\":\"ImageObject\",\"inLanguage\":\"fr-FR\",\"@id\":\"https:\/\/www.miomiorun.com\/fr\/produit\/velociti-4-homme\/#primaryimage\",\"url\":\"https:\/\/www.miomiorun.com\/app\/uploads\/2025\/02\/under-armour-Velociti-4-black-Anthracite-Ares-Red-3027585-0003.webp\",\"contentUrl\":\"https:\/\/www.miomiorun.com\/app\/uploads\/2025\/02\/under-armour-Velociti-4-black-Anthracite-Ares-Red-3027585-0003.webp\",\"width\":600,\"height\":600,\"caption\":\"under armour Velociti 4 black Anthracite Ares Red 3027585 0003\"},{\"@type\":\"BreadcrumbList\",\"@id\":\"https:\/\/www.miomiorun.com\/fr\/produit\/velociti-4-homme\/#breadcrumb\",\"itemListElement\":[{\"@type\":\"ListItem\",\"position\":1,\"name\":\"Home\",\"item\":\"https:\/\/www.miomiorun.com\/fr\/home-page\/\"},{\"@type\":\"ListItem\",\"position\":2,\"name\":\"Shop\",\"item\":\"https:\/\/www.miomiorun.com\/shop\/\"},{\"@type\":\"ListItem\",\"position\":3,\"name\":\"Velociti 4 homme\"}]},{\"@type\":\"WebSite\",\"@id\":\"https:\/\/www.miomiorun.com\/fr\/#website\",\"url\":\"https:\/\/www.miomiorun.com\/fr\/\",\"name\":\"MioMioRun\",\"description\":\"Boutique 100% running et trail\",\"publisher\":{\"@id\":\"https:\/\/www.miomiorun.com\/fr\/#organization\"},\"potentialAction\":[{\"@type\":\"SearchAction\",\"target\":{\"@type\":\"EntryPoint\",\"urlTemplate\":\"https:\/\/www.miomiorun.com\/fr\/?s={search_term_string}\"},\"query-input\":{\"@type\":\"PropertyValueSpecification\",\"valueRequired\":true,\"valueName\":\"search_term_string\"}}],\"inLanguage\":\"fr-FR\"},{\"@type\":\"Organization\",\"@id\":\"https:\/\/www.miomiorun.com\/fr\/#organization\",\"name\":\"MioMio Run\",\"url\":\"https:\/\/www.miomiorun.com\/fr\/\",\"logo\":{\"@type\":\"ImageObject\",\"inLanguage\":\"fr-FR\",\"@id\":\"https:\/\/www.miomiorun.com\/fr\/#\/schema\/logo\/image\/\",\"url\":\"https:\/\/www.miomiorun.com\/app\/uploads\/2019\/12\/logomio.png\",\"contentUrl\":\"https:\/\/www.miomiorun.com\/app\/uploads\/2019\/12\/logomio.png\",\"width\":115,\"height\":82,\"caption\":\"MioMio Run\"},\"image\":{\"@id\":\"https:\/\/www.miomiorun.com\/fr\/#\/schema\/logo\/image\/\"},\"sameAs\":[\"https:\/\/www.facebook.com\/miomiorun\/\",\"https:\/\/www.instagram.com\/miomiorun\/\"]}]}<\/script>\n<!-- \/ Yoast SEO plugin. -->","yoast_head_json":{"title":"Under Armour Velociti 4 homme - Chaussures de course - MioMioRun","description":"La toute nouvelle Velociti 4 pour hommes est dot\u00e9e d'un amorti r\u00e9volutionnaire, l\u00e9ger, sans caoutchouc et durable, offrant une sensation de rapidit\u00e9.","robots":{"index":"index","follow":"follow","max-snippet":"max-snippet:-1","max-image-preview":"max-image-preview:large","max-video-preview":"max-video-preview:-1"},"canonical":"https:\/\/www.miomiorun.com\/fr\/produit\/velociti-4-homme\/","og_locale":"fr_FR","og_type":"article","og_title":"Under Armour Velociti 4 homme - Chaussures de course - MioMioRun","og_description":"La toute nouvelle Velociti 4 pour hommes est dot\u00e9e d'un amorti r\u00e9volutionnaire, l\u00e9ger, sans caoutchouc et durable, offrant une sensation de rapidit\u00e9.","og_url":"https:\/\/www.miomiorun.com\/fr\/produit\/velociti-4-homme\/","og_site_name":"MioMioRun","article_publisher":"https:\/\/www.facebook.com\/miomiorun\/","article_modified_time":"2025-05-20T10:19:31+00:00","og_image":[{"width":600,"height":600,"url":"https:\/\/www.miomiorun.com\/app\/uploads\/2025\/02\/under-armour-Velociti-4-black-Anthracite-Ares-Red-3027585-0003.webp","type":"image\/webp"}],"twitter_card":"summary_large_image","twitter_misc":{"Est. reading time":"2 minutes"},"schema":{"@context":"https:\/\/schema.org","@graph":[{"@type":"WebPage","@id":"https:\/\/www.miomiorun.com\/fr\/produit\/velociti-4-homme\/","url":"https:\/\/www.miomiorun.com\/fr\/produit\/velociti-4-homme\/","name":"Under Armour Velociti 4 homme - Chaussures de course - MioMioRun","isPartOf":{"@id":"https:\/\/www.miomiorun.com\/fr\/#website"},"primaryImageOfPage":{"@id":"https:\/\/www.miomiorun.com\/fr\/produit\/velociti-4-homme\/#primaryimage"},"image":{"@id":"https:\/\/www.miomiorun.com\/fr\/produit\/velociti-4-homme\/#primaryimage"},"thumbnailUrl":"https:\/\/www.miomiorun.com\/app\/uploads\/2025\/02\/under-armour-Velociti-4-black-Anthracite-Ares-Red-3027585-0003.webp","datePublished":"2025-02-03T16:00:11+00:00","dateModified":"2025-05-20T10:19:31+00:00","description":"La toute nouvelle Velociti 4 pour hommes est dot\u00e9e d'un amorti r\u00e9volutionnaire, l\u00e9ger, sans caoutchouc et durable, offrant une sensation de rapidit\u00e9.","breadcrumb":{"@id":"https:\/\/www.miomiorun.com\/fr\/produit\/velociti-4-homme\/#breadcrumb"},"inLanguage":"fr-FR","potentialAction":[{"@type":"ReadAction","target":["https:\/\/www.miomiorun.com\/fr\/produit\/velociti-4-homme\/"]}]},{"@type":"ImageObject","inLanguage":"fr-FR","@id":"https:\/\/www.miomiorun.com\/fr\/produit\/velociti-4-homme\/#primaryimage","url":"https:\/\/www.miomiorun.com\/app\/uploads\/2025\/02\/under-armour-Velociti-4-black-Anthracite-Ares-Red-3027585-0003.webp","contentUrl":"https:\/\/www.miomiorun.com\/app\/uploads\/2025\/02\/under-armour-Velociti-4-black-Anthracite-Ares-Red-3027585-0003.webp","width":600,"height":600,"caption":"under armour Velociti 4 black Anthracite Ares Red 3027585 0003"},{"@type":"BreadcrumbList","@id":"https:\/\/www.miomiorun.com\/fr\/produit\/velociti-4-homme\/#breadcrumb","itemListElement":[{"@type":"ListItem","position":1,"name":"Home","item":"https:\/\/www.miomiorun.com\/fr\/home-page\/"},{"@type":"ListItem","position":2,"name":"Shop","item":"https:\/\/www.miomiorun.com\/shop\/"},{"@type":"ListItem","position":3,"name":"Velociti 4 homme"}]},{"@type":"WebSite","@id":"https:\/\/www.miomiorun.com\/fr\/#website","url":"https:\/\/www.miomiorun.com\/fr\/","name":"MioMioRun","description":"Boutique 100% running et trail","publisher":{"@id":"https:\/\/www.miomiorun.com\/fr\/#organization"},"potentialAction":[{"@type":"SearchAction","target":{"@type":"EntryPoint","urlTemplate":"https:\/\/www.miomiorun.com\/fr\/?s={search_term_string}"},"query-input":{"@type":"PropertyValueSpecification","valueRequired":true,"valueName":"search_term_string"}}],"inLanguage":"fr-FR"},{"@type":"Organization","@id":"https:\/\/www.miomiorun.com\/fr\/#organization","name":"MioMio Run","url":"https:\/\/www.miomiorun.com\/fr\/","logo":{"@type":"ImageObject","inLanguage":"fr-FR","@id":"https:\/\/www.miomiorun.com\/fr\/#\/schema\/logo\/image\/","url":"https:\/\/www.miomiorun.com\/app\/uploads\/2019\/12\/logomio.png","contentUrl":"https:\/\/www.miomiorun.com\/app\/uploads\/2019\/12\/logomio.png","width":115,"height":82,"caption":"MioMio Run"},"image":{"@id":"https:\/\/www.miomiorun.com\/fr\/#\/schema\/logo\/image\/"},"sameAs":["https:\/\/www.facebook.com\/miomiorun\/","https:\/\/www.instagram.com\/miomiorun\/"]}]}},"_links":{"self":[{"href":"https:\/\/www.miomiorun.com\/fr\/wp-json\/wp\/v2\/product\/298605","targetHints":{"allow":["GET"]}}],"collection":[{"href":"https:\/\/www.miomiorun.com\/fr\/wp-json\/wp\/v2\/product"}],"about":[{"href":"https:\/\/www.miomiorun.com\/fr\/wp-json\/wp\/v2\/types\/product"}],"wp:featuredmedia":[{"embeddable":true,"href":"https:\/\/www.miomiorun.com\/fr\/wp-json\/wp\/v2\/media\/251464"}],"wp:attachment":[{"href":"https:\/\/www.miomiorun.com\/fr\/wp-json\/wp\/v2\/media?parent=298605"}],"wp:term":[{"taxonomy":"product_brand","embeddable":true,"href":"https:\/\/www.miomiorun.com\/fr\/wp-json\/wp\/v2\/product_brand?post=298605"},{"taxonomy":"product_cat","embeddable":true,"href":"https:\/\/www.miomiorun.com\/fr\/wp-json\/wp\/v2\/product_cat?post=298605"},{"taxonomy":"product_tag","embeddable":true,"href":"https:\/\/www.miomiorun.com\/fr\/wp-json\/wp\/v2\/product_tag?post=298605"}],"curies":[{"name":"wp","href":"https:\/\/api.w.org\/{rel}","templated":true}]}}