{"id":298551,"date":"2025-02-06T10:04:15","date_gmt":"2025-02-06T09:04:15","guid":{"rendered":"https:\/\/miomiorun.com\/prodotto\/gel-nimbus-27-uomo\/"},"modified":"2026-05-08T22:29:01","modified_gmt":"2026-05-08T20:29:01","slug":"gel-nimbus-27-homme","status":"publish","type":"product","link":"https:\/\/www.miomiorun.com\/fr\/produit\/gel-nimbus-27-homme\/","title":{"rendered":"Gel-Nimbus 27 homme"},"content":{"rendered":"<div class=\"vc-row container\"><div class=\"vc-column\"><div class=\"vc-column-text\"><\/p>\n<h4>Caract\u00e9ristiques techniques<\/h4>\n<p>Cat\u00e9gorie : super amorti<br \/>\nD\u00e9calage : 8 mm<br \/>\nPoids : 305 g<br \/>\nId\u00e9al pour : les coureurs qui recherchent une chaussure avec un maximum de confort gr\u00e2ce aux am\u00e9liorations sur la tige et un amorti maximal pour r\u00e9duire l&#8217;impact au sol \u00e0 z\u00e9ro<br \/>\nPoids de l&#8217;athl\u00e8te : &gt; 80 kg<br \/>\nAllure de course : &gt; 5,30 min\/km<br \/>\n<a href=\"https:\/\/miomiorun.com\/fr\/guide-des-specificites\/\">Guide des sp\u00e9cifications<\/a><\/p>\n<p><\/div><\/div><div class=\"vc-column\"><div class=\"vc-column-text\">La <strong>GEL-NIMBUS 27 d&#8217;ASICS<\/strong> est plus qu&#8217;une simple chaussure de course. Con\u00e7ue pour ceux qui recherchent le summum du confort, de l&#8217;amorti et de la r\u00e9activit\u00e9, si vous avez aim\u00e9 la <strong>GEL-NIMBUS 26<\/strong>, pr\u00e9parez-vous \u00e0 une exp\u00e9rience de course encore plus douce, plus enveloppante et plus performante. Cette nouvelle version conserve tout ce que vous aimiez dans le mod\u00e8le pr\u00e9c\u00e9dent, mais avec des am\u00e9liorations qui vous donneront l&#8217;impression de courir sur un nuage.<\/p>\n<h3><strong>Quelles sont les nouveaut\u00e9s par rapport \u00e0 la GEL-NIMBUS 26 ?<\/strong><\/h3>\n<ul>\n<li class=\"small-reg\">\n<div class=\"small-bold\">\n<p>Technologie PureGEL renouvel\u00e9e au niveau du talon<\/p>\n<p>Am\u00e9liore la souplesse et l&#8217;absorption des chocs pour r\u00e9duire l&#8217;impact.<\/p>\n<\/div>\n<\/li>\n<li class=\"small-reg\">\n<div class=\"small-bold\">Mousse FF BLAST PLUS ECO<\/div>\n<p>Offre un confort in\u00e9gal\u00e9.<\/li>\n<li class=\"small-reg\">\n<div class=\"small-bold\">Tige en maille jacquard renforc\u00e9e<\/div>\n<p>Am\u00e9liore la respirabilit\u00e9 pour plus de fra\u00eecheur et de confort \u00e0 chaque course<\/li>\n<li class=\"small-reg\">\n<div class=\"small-bold\">Col c\u00f4tel\u00e9<\/div>\n<p>Augmente le confort de l&#8217;ajustement et la chaussure est plus facile \u00e0 enfiler gr\u00e2ce \u00e0 la languette int\u00e9gr\u00e9e.<\/li>\n<li class=\"small-reg\">\n<div class=\"small-bold\">Semelle ext\u00e9rieure hybride ASICSGRIP<\/div>\n<p>Am\u00e9liore la souplesse, la traction et la durabilit\u00e9.<\/li>\n<li class=\"small-reg\">\n<div class=\"small-bold\">Semelle OrthoLite X-55<\/div>\n<p>Offre un confort accru et am\u00e9liore le contr\u00f4le de l&#8217;humidit\u00e9.<\/li>\n<li class=\"small-reg\">\n<div class=\"small-bold\">Syst\u00e8me de languette \u00e0 soufflet<\/div>\n<p>Assure un ajustement confortable et emp\u00eache la languette de glisser.<\/li>\n<li class=\"small-reg\">\n<div class=\"small-bold\">Con\u00e7ue dans le respect de l&#8217;environnement<\/div>\n<p>La tige de la chaussure est compos\u00e9e \u00e0 100 % de mat\u00e9riaux recycl\u00e9s et des mat\u00e9riaux biosourc\u00e9s ont \u00e9t\u00e9 utilis\u00e9s pour l&#8217;amorti. La consommation d&#8217;eau et les \u00e9missions de carbone ont \u00e9galement \u00e9t\u00e9 r\u00e9duites lors de la production de la semelle int\u00e9rieure de la chaussure. Mieux pour vous, mieux pour l&#8217;environnement.<\/li>\n<\/ul>\n<p>Si vous avez d\u00e9j\u00e0 essay\u00e9 la <strong>GEL-NIMBUS 26<\/strong>, vous savez qu&#8217;il s&#8217;agit d&#8217;une chaussure qui allie confort et performance de mani\u00e8re exceptionnelle. La <strong>GEL-NIMBUS 27<\/strong> reprend tout cela et l&#8217;\u00e9l\u00e8ve \u00e0 un niveau sup\u00e9rieur. C&#8217;est la chaussure id\u00e9ale pour ceux qui recherchent<\/p>\n<ul>\n<li><strong>un confort maximal<\/strong><\/li>\n<li><strong>Am\u00e9lioration de la r\u00e9activit\u00e9<\/strong><\/li>\n<li><strong>Durabilit\u00e9<\/strong><\/li>\n<li><strong>Le style sans compromis<\/strong><\/li>\n<\/ul>\n<h3>L&#8217;avenir du confort est l\u00e0<\/h3>\n<p>La <strong>GEL-NIMBUS 27 d&#8217;ASICS<\/strong> n&#8217;est pas seulement une \u00e9volution de la GEL-NIMBUS 26 : c&#8217;est une r\u00e9volution dans le monde des chaussures de course. Avec des am\u00e9liorations significatives en termes de confort, de r\u00e9activit\u00e9 et d&#8217;adaptabilit\u00e9, ces chaussures sont le compagnon id\u00e9al pour ceux qui veulent aller plus loin sans sacrifier le plaisir d&#8217;une course fluide et sans effort.<\/p>\n<p>Si vous cherchez une chaussure qui vous donne l&#8217;impression de courir sur un nuage, la <strong>GEL-NIMBUS 27<\/strong> est le choix id\u00e9al. D\u00e9collez et d\u00e9couvrez l&#8217;avenir de la course \u00e0 pied !<\/div><\/div><\/div>\n","protected":false},"excerpt":{"rendered":"<ul>\n<li>Pour ceux qui aiment le GEL-NIMBUS 26 et souhaitent une exp\u00e9rience de course encore plus raffin\u00e9e.<\/li>\n<li>Ceux qui recherchent une chaussure polyvalente, adapt\u00e9e aussi bien \u00e0 l&#8217;entra\u00eenement qu&#8217;\u00e0 un usage quotidien.<\/li>\n<li>Pour ceux qui veulent un amorti haut de gamme sans sacrifier la l\u00e9g\u00e8ret\u00e9.<\/li>\n<\/ul>\n","protected":false},"featured_media":352339,"template":"","meta":{"_acf_changed":false,"inline_featured_image":false},"product_brand":[],"product_cat":[24448,24447],"product_tag":[23560,23667],"class_list":{"0":"post-298551","1":"product","2":"type-product","3":"status-publish","4":"has-post-thumbnail","6":"product_cat-chaussures-pour-hommes-fr","7":"product_cat-neutre-fr-3","8":"product_tag-asics-fr","9":"product_tag-asics-homme","10":"pa_attivita-marcher","11":"pa_attivita-running-fr","12":"pa_colore-nimbus-27-tokyo-cream-edo-purple-fr","13":"pa_marca-asics-fr","14":"pa_sesso-homme","15":"pa_size-44-5-fr","17":"first","18":"instock","19":"taxable","20":"shipping-taxable","21":"purchasable","22":"product-type-variable","23":"wvs-archive-product-wrapper"},"acf":[],"yoast_head":"<!-- This site is optimized with the Yoast SEO plugin v26.8 - https:\/\/yoast.com\/product\/yoast-seo-wordpress\/ -->\n<title>Asics Gel-Nimbus 27 homme - chaussures de course- MioMioRun .com<\/title>\n<meta name=\"description\" content=\"La chaussure GEL-NIMBUS 27 pour hommes offre un grand confort, absorbant les impacts et assurant une conduite stable et souple, m\u00eame sur de longues distances.\" \/>\n<meta name=\"robots\" content=\"index, follow, max-snippet:-1, max-image-preview:large, max-video-preview:-1\" \/>\n<link rel=\"canonical\" href=\"https:\/\/www.miomiorun.com\/fr\/produit\/gel-nimbus-27-homme\/\" \/>\n<meta property=\"og:locale\" content=\"fr_FR\" \/>\n<meta property=\"og:type\" content=\"article\" \/>\n<meta property=\"og:title\" content=\"Asics Gel-Nimbus 27 homme - chaussures de course- MioMioRun .com\" \/>\n<meta property=\"og:description\" content=\"La chaussure GEL-NIMBUS 27 pour hommes offre un grand confort, absorbant les impacts et assurant une conduite stable et souple, m\u00eame sur de longues distances.\" \/>\n<meta property=\"og:url\" content=\"https:\/\/www.miomiorun.com\/fr\/produit\/gel-nimbus-27-homme\/\" \/>\n<meta property=\"og:site_name\" content=\"MioMioRun\" \/>\n<meta property=\"article:publisher\" content=\"https:\/\/www.facebook.com\/miomiorun\/\" \/>\n<meta property=\"article:modified_time\" content=\"2026-05-08T20:29:01+00:00\" \/>\n<meta property=\"og:image\" content=\"https:\/\/www.miomiorun.com\/app\/uploads\/2025\/09\/asics-Nimbus-27-tokyo-cream-edo-purple-1011C120-500.webp\" \/>\n\t<meta property=\"og:image:width\" content=\"720\" \/>\n\t<meta property=\"og:image:height\" content=\"720\" \/>\n\t<meta property=\"og:image:type\" content=\"image\/webp\" \/>\n<meta name=\"twitter:card\" content=\"summary_large_image\" \/>\n<meta name=\"twitter:label1\" content=\"Est. reading time\" \/>\n\t<meta name=\"twitter:data1\" content=\"3 minutes\" \/>\n<script type=\"application\/ld+json\" class=\"yoast-schema-graph\">{\"@context\":\"https:\/\/schema.org\",\"@graph\":[{\"@type\":\"WebPage\",\"@id\":\"https:\/\/www.miomiorun.com\/fr\/produit\/gel-nimbus-27-homme\/\",\"url\":\"https:\/\/www.miomiorun.com\/fr\/produit\/gel-nimbus-27-homme\/\",\"name\":\"Asics Gel-Nimbus 27 homme - chaussures de course- MioMioRun .com\",\"isPartOf\":{\"@id\":\"https:\/\/www.miomiorun.com\/fr\/#website\"},\"primaryImageOfPage\":{\"@id\":\"https:\/\/www.miomiorun.com\/fr\/produit\/gel-nimbus-27-homme\/#primaryimage\"},\"image\":{\"@id\":\"https:\/\/www.miomiorun.com\/fr\/produit\/gel-nimbus-27-homme\/#primaryimage\"},\"thumbnailUrl\":\"https:\/\/www.miomiorun.com\/app\/uploads\/2025\/09\/asics-Nimbus-27-tokyo-cream-edo-purple-1011C120-500.webp\",\"datePublished\":\"2025-02-06T09:04:15+00:00\",\"dateModified\":\"2026-05-08T20:29:01+00:00\",\"description\":\"La chaussure GEL-NIMBUS 27 pour hommes offre un grand confort, absorbant les impacts et assurant une conduite stable et souple, m\u00eame sur de longues distances.\",\"breadcrumb\":{\"@id\":\"https:\/\/www.miomiorun.com\/fr\/produit\/gel-nimbus-27-homme\/#breadcrumb\"},\"inLanguage\":\"fr-FR\",\"potentialAction\":[{\"@type\":\"ReadAction\",\"target\":[\"https:\/\/www.miomiorun.com\/fr\/produit\/gel-nimbus-27-homme\/\"]}]},{\"@type\":\"ImageObject\",\"inLanguage\":\"fr-FR\",\"@id\":\"https:\/\/www.miomiorun.com\/fr\/produit\/gel-nimbus-27-homme\/#primaryimage\",\"url\":\"https:\/\/www.miomiorun.com\/app\/uploads\/2025\/09\/asics-Nimbus-27-tokyo-cream-edo-purple-1011C120-500.webp\",\"contentUrl\":\"https:\/\/www.miomiorun.com\/app\/uploads\/2025\/09\/asics-Nimbus-27-tokyo-cream-edo-purple-1011C120-500.webp\",\"width\":720,\"height\":720,\"caption\":\"asics Nimbus 27 tokyo cream edo purple 1011C120 500\"},{\"@type\":\"BreadcrumbList\",\"@id\":\"https:\/\/www.miomiorun.com\/fr\/produit\/gel-nimbus-27-homme\/#breadcrumb\",\"itemListElement\":[{\"@type\":\"ListItem\",\"position\":1,\"name\":\"Home\",\"item\":\"https:\/\/www.miomiorun.com\/fr\/home-page\/\"},{\"@type\":\"ListItem\",\"position\":2,\"name\":\"Shop\",\"item\":\"https:\/\/www.miomiorun.com\/shop\/\"},{\"@type\":\"ListItem\",\"position\":3,\"name\":\"Gel-Nimbus 27 homme\"}]},{\"@type\":\"WebSite\",\"@id\":\"https:\/\/www.miomiorun.com\/fr\/#website\",\"url\":\"https:\/\/www.miomiorun.com\/fr\/\",\"name\":\"MioMioRun\",\"description\":\"Boutique 100% running et trail\",\"publisher\":{\"@id\":\"https:\/\/www.miomiorun.com\/fr\/#organization\"},\"potentialAction\":[{\"@type\":\"SearchAction\",\"target\":{\"@type\":\"EntryPoint\",\"urlTemplate\":\"https:\/\/www.miomiorun.com\/fr\/?s={search_term_string}\"},\"query-input\":{\"@type\":\"PropertyValueSpecification\",\"valueRequired\":true,\"valueName\":\"search_term_string\"}}],\"inLanguage\":\"fr-FR\"},{\"@type\":\"Organization\",\"@id\":\"https:\/\/www.miomiorun.com\/fr\/#organization\",\"name\":\"MioMio Run\",\"url\":\"https:\/\/www.miomiorun.com\/fr\/\",\"logo\":{\"@type\":\"ImageObject\",\"inLanguage\":\"fr-FR\",\"@id\":\"https:\/\/www.miomiorun.com\/fr\/#\/schema\/logo\/image\/\",\"url\":\"https:\/\/www.miomiorun.com\/app\/uploads\/2019\/12\/logomio.png\",\"contentUrl\":\"https:\/\/www.miomiorun.com\/app\/uploads\/2019\/12\/logomio.png\",\"width\":115,\"height\":82,\"caption\":\"MioMio Run\"},\"image\":{\"@id\":\"https:\/\/www.miomiorun.com\/fr\/#\/schema\/logo\/image\/\"},\"sameAs\":[\"https:\/\/www.facebook.com\/miomiorun\/\",\"https:\/\/www.instagram.com\/miomiorun\/\"]}]}<\/script>\n<!-- \/ Yoast SEO plugin. -->","yoast_head_json":{"title":"Asics Gel-Nimbus 27 homme - chaussures de course- MioMioRun .com","description":"La chaussure GEL-NIMBUS 27 pour hommes offre un grand confort, absorbant les impacts et assurant une conduite stable et souple, m\u00eame sur de longues distances.","robots":{"index":"index","follow":"follow","max-snippet":"max-snippet:-1","max-image-preview":"max-image-preview:large","max-video-preview":"max-video-preview:-1"},"canonical":"https:\/\/www.miomiorun.com\/fr\/produit\/gel-nimbus-27-homme\/","og_locale":"fr_FR","og_type":"article","og_title":"Asics Gel-Nimbus 27 homme - chaussures de course- MioMioRun .com","og_description":"La chaussure GEL-NIMBUS 27 pour hommes offre un grand confort, absorbant les impacts et assurant une conduite stable et souple, m\u00eame sur de longues distances.","og_url":"https:\/\/www.miomiorun.com\/fr\/produit\/gel-nimbus-27-homme\/","og_site_name":"MioMioRun","article_publisher":"https:\/\/www.facebook.com\/miomiorun\/","article_modified_time":"2026-05-08T20:29:01+00:00","og_image":[{"width":720,"height":720,"url":"https:\/\/www.miomiorun.com\/app\/uploads\/2025\/09\/asics-Nimbus-27-tokyo-cream-edo-purple-1011C120-500.webp","type":"image\/webp"}],"twitter_card":"summary_large_image","twitter_misc":{"Est. reading time":"3 minutes"},"schema":{"@context":"https:\/\/schema.org","@graph":[{"@type":"WebPage","@id":"https:\/\/www.miomiorun.com\/fr\/produit\/gel-nimbus-27-homme\/","url":"https:\/\/www.miomiorun.com\/fr\/produit\/gel-nimbus-27-homme\/","name":"Asics Gel-Nimbus 27 homme - chaussures de course- MioMioRun .com","isPartOf":{"@id":"https:\/\/www.miomiorun.com\/fr\/#website"},"primaryImageOfPage":{"@id":"https:\/\/www.miomiorun.com\/fr\/produit\/gel-nimbus-27-homme\/#primaryimage"},"image":{"@id":"https:\/\/www.miomiorun.com\/fr\/produit\/gel-nimbus-27-homme\/#primaryimage"},"thumbnailUrl":"https:\/\/www.miomiorun.com\/app\/uploads\/2025\/09\/asics-Nimbus-27-tokyo-cream-edo-purple-1011C120-500.webp","datePublished":"2025-02-06T09:04:15+00:00","dateModified":"2026-05-08T20:29:01+00:00","description":"La chaussure GEL-NIMBUS 27 pour hommes offre un grand confort, absorbant les impacts et assurant une conduite stable et souple, m\u00eame sur de longues distances.","breadcrumb":{"@id":"https:\/\/www.miomiorun.com\/fr\/produit\/gel-nimbus-27-homme\/#breadcrumb"},"inLanguage":"fr-FR","potentialAction":[{"@type":"ReadAction","target":["https:\/\/www.miomiorun.com\/fr\/produit\/gel-nimbus-27-homme\/"]}]},{"@type":"ImageObject","inLanguage":"fr-FR","@id":"https:\/\/www.miomiorun.com\/fr\/produit\/gel-nimbus-27-homme\/#primaryimage","url":"https:\/\/www.miomiorun.com\/app\/uploads\/2025\/09\/asics-Nimbus-27-tokyo-cream-edo-purple-1011C120-500.webp","contentUrl":"https:\/\/www.miomiorun.com\/app\/uploads\/2025\/09\/asics-Nimbus-27-tokyo-cream-edo-purple-1011C120-500.webp","width":720,"height":720,"caption":"asics Nimbus 27 tokyo cream edo purple 1011C120 500"},{"@type":"BreadcrumbList","@id":"https:\/\/www.miomiorun.com\/fr\/produit\/gel-nimbus-27-homme\/#breadcrumb","itemListElement":[{"@type":"ListItem","position":1,"name":"Home","item":"https:\/\/www.miomiorun.com\/fr\/home-page\/"},{"@type":"ListItem","position":2,"name":"Shop","item":"https:\/\/www.miomiorun.com\/shop\/"},{"@type":"ListItem","position":3,"name":"Gel-Nimbus 27 homme"}]},{"@type":"WebSite","@id":"https:\/\/www.miomiorun.com\/fr\/#website","url":"https:\/\/www.miomiorun.com\/fr\/","name":"MioMioRun","description":"Boutique 100% running et trail","publisher":{"@id":"https:\/\/www.miomiorun.com\/fr\/#organization"},"potentialAction":[{"@type":"SearchAction","target":{"@type":"EntryPoint","urlTemplate":"https:\/\/www.miomiorun.com\/fr\/?s={search_term_string}"},"query-input":{"@type":"PropertyValueSpecification","valueRequired":true,"valueName":"search_term_string"}}],"inLanguage":"fr-FR"},{"@type":"Organization","@id":"https:\/\/www.miomiorun.com\/fr\/#organization","name":"MioMio Run","url":"https:\/\/www.miomiorun.com\/fr\/","logo":{"@type":"ImageObject","inLanguage":"fr-FR","@id":"https:\/\/www.miomiorun.com\/fr\/#\/schema\/logo\/image\/","url":"https:\/\/www.miomiorun.com\/app\/uploads\/2019\/12\/logomio.png","contentUrl":"https:\/\/www.miomiorun.com\/app\/uploads\/2019\/12\/logomio.png","width":115,"height":82,"caption":"MioMio Run"},"image":{"@id":"https:\/\/www.miomiorun.com\/fr\/#\/schema\/logo\/image\/"},"sameAs":["https:\/\/www.facebook.com\/miomiorun\/","https:\/\/www.instagram.com\/miomiorun\/"]}]}},"_links":{"self":[{"href":"https:\/\/www.miomiorun.com\/fr\/wp-json\/wp\/v2\/product\/298551","targetHints":{"allow":["GET"]}}],"collection":[{"href":"https:\/\/www.miomiorun.com\/fr\/wp-json\/wp\/v2\/product"}],"about":[{"href":"https:\/\/www.miomiorun.com\/fr\/wp-json\/wp\/v2\/types\/product"}],"wp:featuredmedia":[{"embeddable":true,"href":"https:\/\/www.miomiorun.com\/fr\/wp-json\/wp\/v2\/media\/352339"}],"wp:attachment":[{"href":"https:\/\/www.miomiorun.com\/fr\/wp-json\/wp\/v2\/media?parent=298551"}],"wp:term":[{"taxonomy":"product_brand","embeddable":true,"href":"https:\/\/www.miomiorun.com\/fr\/wp-json\/wp\/v2\/product_brand?post=298551"},{"taxonomy":"product_cat","embeddable":true,"href":"https:\/\/www.miomiorun.com\/fr\/wp-json\/wp\/v2\/product_cat?post=298551"},{"taxonomy":"product_tag","embeddable":true,"href":"https:\/\/www.miomiorun.com\/fr\/wp-json\/wp\/v2\/product_tag?post=298551"}],"curies":[{"name":"wp","href":"https:\/\/api.w.org\/{rel}","templated":true}]}}