{"id":298542,"date":"2025-02-07T10:17:38","date_gmt":"2025-02-07T09:17:38","guid":{"rendered":"https:\/\/miomiorun.com\/prodotto\/launch-elite-tank-donna\/"},"modified":"2025-12-04T10:15:14","modified_gmt":"2025-12-04T09:15:14","slug":"launch-elite-tank-femme","status":"publish","type":"product","link":"https:\/\/www.miomiorun.com\/fr\/produit\/launch-elite-tank-femme\/","title":{"rendered":"Launch Elite tank femme"},"content":{"rendered":"<div id=\"acc-1\" class=\"g-accordion-content collapse show\">\n<div id=\"acc-3\" class=\"g-accordion-content collapse\">\n<p>D\u00e9couvrez le <strong>d\u00e9bardeur UA Launch Elite pour femme<\/strong>, le v\u00eatement id\u00e9al pour celles qui recherchent confort, performance et design moderne. Fabriqu\u00e9 \u00e0 partir des mat\u00e9riaux technologiques <strong>Under Armour<\/strong>, ce d\u00e9bardeur est con\u00e7u pour vous accompagner dans tous vos entra\u00eenements, en vous garantissant une libert\u00e9 de mouvement et une respirabilit\u00e9 maximales.<\/p>\n<p>Cette version est dot\u00e9e du tissu <strong>Iso-Chill<\/strong> qui aide \u00e0 dissiper la chaleur corporelle, pour une sensation de fra\u00eecheur maximale \u00e0 chaque pas. \u00c0 cela s&#8217;ajoutent un <strong>tissu extensible dans les 4 sens<\/strong>, un <strong>ourlet profil\u00e9 avec fentes lat\u00e9rales<\/strong>, des <strong>perforations au laser<\/strong> dans les zones strat\u00e9giques pour une meilleure ventilation et une <strong>absorption de la transpiration avec s\u00e9chage rapide<\/strong> et ta-da ! Voici le d\u00e9bardeur Launch Elite<\/p>\n<p>Avec le logo Under Armour bien en \u00e9vidence, le d\u00e9bardeur UA Launch Elite est l&#8217;alli\u00e9 id\u00e9al pour ceux qui veulent allier performance et look sportif. Que vous soyez \u00e0 la salle de sport, sur la piste ou simplement en mouvement, ce d\u00e9bardeur est pr\u00eat \u00e0 d\u00e9fier toutes les limites avec vous.<\/p>\n<\/div>\n<\/div>\n<p><strong>UA Launch Elite : votre alli\u00e9 pour atteindre tous vos objectifs<\/strong><\/p>\n<p>&nbsp;<\/p>\n<ul class=\"t-tabs_data\">\n<li class=\"t-tabs_list\">Laver \u00e0 froid en machine avec des couleurs similaires<\/li>\n<li class=\"t-tabs_list\">Ne pas utiliser d&#8217;adoucissant<\/li>\n<li class=\"t-tabs_list\">Si n\u00e9cessaire, utiliser uniquement de l&#8217;eau de Javel sans chlore<\/li>\n<li class=\"t-tabs_list\">S\u00e9cher en machine \u00e0 basse temp\u00e9rature<\/li>\n<li class=\"t-tabs_list\">Ne pas repasser<\/li>\n<li class=\"t-tabs_list\">Ne pas nettoyer \u00e0 sec<\/li>\n<\/ul>\n","protected":false},"excerpt":{"rendered":"<ul class=\"feature-benefits_data\" role=\"list\">\n<li class=\"feature-benefits_list flex-grow \" role=\"listitem\"><span class=\"feature-icon-label\">Fra\u00eecheur maximale<\/span><\/li>\n<li class=\"feature-benefits_list flex-grow \" role=\"listitem\"><span class=\"feature-icon-label\">D\u00e9tails r\u00e9fl\u00e9chissants<\/span><\/li>\n<li class=\"feature-benefits_list flex-grow \" role=\"listitem\"><span class=\"feature-icon-label\">A\u00e9r\u00e9<\/span><\/li>\n<li class=\"feature-benefits_list flex-grow \" role=\"listitem\"><span class=\"feature-icon-label\">Extensible dans 4 directions<\/span><\/li>\n<\/ul>\n","protected":false},"featured_media":253010,"template":"","meta":{"_acf_changed":false,"inline_featured_image":false},"product_brand":[],"product_cat":[22598,22596],"product_tag":[23530,23575],"class_list":{"0":"post-298542","1":"product","2":"type-product","3":"status-publish","4":"has-post-thumbnail","6":"product_cat-gilets","7":"product_cat-vetements-pour-femmes","8":"product_tag-under-armour-fr","9":"product_tag-under-armour-femme","10":"pa_attivita-fitness-fr","11":"pa_attivita-lifestyle-fr","12":"pa_attivita-marcher","13":"pa_attivita-running-fr","14":"pa_colore-launch-elite-tank-w-black-fr","15":"pa_marca-under-armour-fr","16":"pa_sesso-femme","17":"pa_size-extra-small-fr","18":"pa_size-small-fr","19":"pa_size-medium-fr","20":"pa_size-large-fr","22":"first","23":"instock","24":"sale","25":"taxable","26":"shipping-taxable","27":"purchasable","28":"product-type-variable","29":"wvs-archive-product-wrapper"},"acf":[],"yoast_head":"<!-- This site is optimized with the Yoast SEO plugin v26.8 - https:\/\/yoast.com\/product\/yoast-seo-wordpress\/ -->\n<title>Under Armour Launch Elite tank femme - d\u00e9bardeur de course \u00e0 pied- MioMioRun<\/title>\n<meta name=\"description\" content=\"L\u00e9ger, respirant, dot\u00e9 d&#039;une technologie de s\u00e9chage rapide, \u00e9quip\u00e9 de fen\u00eatres pour une meilleure a\u00e9ration et de perforations au laser. Tout cela dans Launch Elite.\" \/>\n<meta name=\"robots\" content=\"index, follow, max-snippet:-1, max-image-preview:large, max-video-preview:-1\" \/>\n<link rel=\"canonical\" href=\"https:\/\/www.miomiorun.com\/fr\/produit\/launch-elite-tank-femme\/\" \/>\n<meta property=\"og:locale\" content=\"fr_FR\" \/>\n<meta property=\"og:type\" content=\"article\" \/>\n<meta property=\"og:title\" content=\"Under Armour Launch Elite tank femme - d\u00e9bardeur de course \u00e0 pied- MioMioRun\" \/>\n<meta property=\"og:description\" content=\"L\u00e9ger, respirant, dot\u00e9 d&#039;une technologie de s\u00e9chage rapide, \u00e9quip\u00e9 de fen\u00eatres pour une meilleure a\u00e9ration et de perforations au laser. Tout cela dans Launch Elite.\" \/>\n<meta property=\"og:url\" content=\"https:\/\/www.miomiorun.com\/fr\/produit\/launch-elite-tank-femme\/\" \/>\n<meta property=\"og:site_name\" content=\"MioMioRun\" \/>\n<meta property=\"article:publisher\" content=\"https:\/\/www.facebook.com\/miomiorun\/\" \/>\n<meta property=\"article:modified_time\" content=\"2025-12-04T09:15:14+00:00\" \/>\n<meta property=\"og:image\" content=\"https:\/\/www.miomiorun.com\/app\/uploads\/2025\/02\/under-armour-Launch-Elite-tank-W-black-1389563-0001.webp\" \/>\n\t<meta property=\"og:image:width\" content=\"600\" \/>\n\t<meta property=\"og:image:height\" content=\"600\" \/>\n\t<meta property=\"og:image:type\" content=\"image\/webp\" \/>\n<meta name=\"twitter:card\" content=\"summary_large_image\" \/>\n<meta name=\"twitter:label1\" content=\"Est. reading time\" \/>\n\t<meta name=\"twitter:data1\" content=\"1 minute\" \/>\n<script type=\"application\/ld+json\" class=\"yoast-schema-graph\">{\"@context\":\"https:\/\/schema.org\",\"@graph\":[{\"@type\":\"WebPage\",\"@id\":\"https:\/\/www.miomiorun.com\/fr\/produit\/launch-elite-tank-femme\/\",\"url\":\"https:\/\/www.miomiorun.com\/fr\/produit\/launch-elite-tank-femme\/\",\"name\":\"Under Armour Launch Elite tank femme - d\u00e9bardeur de course \u00e0 pied- MioMioRun\",\"isPartOf\":{\"@id\":\"https:\/\/www.miomiorun.com\/fr\/#website\"},\"primaryImageOfPage\":{\"@id\":\"https:\/\/www.miomiorun.com\/fr\/produit\/launch-elite-tank-femme\/#primaryimage\"},\"image\":{\"@id\":\"https:\/\/www.miomiorun.com\/fr\/produit\/launch-elite-tank-femme\/#primaryimage\"},\"thumbnailUrl\":\"https:\/\/www.miomiorun.com\/app\/uploads\/2025\/02\/under-armour-Launch-Elite-tank-W-black-1389563-0001.webp\",\"datePublished\":\"2025-02-07T09:17:38+00:00\",\"dateModified\":\"2025-12-04T09:15:14+00:00\",\"description\":\"L\u00e9ger, respirant, dot\u00e9 d'une technologie de s\u00e9chage rapide, \u00e9quip\u00e9 de fen\u00eatres pour une meilleure a\u00e9ration et de perforations au laser. Tout cela dans Launch Elite.\",\"breadcrumb\":{\"@id\":\"https:\/\/www.miomiorun.com\/fr\/produit\/launch-elite-tank-femme\/#breadcrumb\"},\"inLanguage\":\"fr-FR\",\"potentialAction\":[{\"@type\":\"ReadAction\",\"target\":[\"https:\/\/www.miomiorun.com\/fr\/produit\/launch-elite-tank-femme\/\"]}]},{\"@type\":\"ImageObject\",\"inLanguage\":\"fr-FR\",\"@id\":\"https:\/\/www.miomiorun.com\/fr\/produit\/launch-elite-tank-femme\/#primaryimage\",\"url\":\"https:\/\/www.miomiorun.com\/app\/uploads\/2025\/02\/under-armour-Launch-Elite-tank-W-black-1389563-0001.webp\",\"contentUrl\":\"https:\/\/www.miomiorun.com\/app\/uploads\/2025\/02\/under-armour-Launch-Elite-tank-W-black-1389563-0001.webp\",\"width\":600,\"height\":600,\"caption\":\"under armour Launch Elite tank W black 1389563-0001\"},{\"@type\":\"BreadcrumbList\",\"@id\":\"https:\/\/www.miomiorun.com\/fr\/produit\/launch-elite-tank-femme\/#breadcrumb\",\"itemListElement\":[{\"@type\":\"ListItem\",\"position\":1,\"name\":\"Home\",\"item\":\"https:\/\/www.miomiorun.com\/fr\/home-page\/\"},{\"@type\":\"ListItem\",\"position\":2,\"name\":\"Shop\",\"item\":\"https:\/\/www.miomiorun.com\/shop\/\"},{\"@type\":\"ListItem\",\"position\":3,\"name\":\"Launch Elite tank femme\"}]},{\"@type\":\"WebSite\",\"@id\":\"https:\/\/www.miomiorun.com\/fr\/#website\",\"url\":\"https:\/\/www.miomiorun.com\/fr\/\",\"name\":\"MioMioRun\",\"description\":\"Boutique 100% running et trail\",\"publisher\":{\"@id\":\"https:\/\/www.miomiorun.com\/fr\/#organization\"},\"potentialAction\":[{\"@type\":\"SearchAction\",\"target\":{\"@type\":\"EntryPoint\",\"urlTemplate\":\"https:\/\/www.miomiorun.com\/fr\/?s={search_term_string}\"},\"query-input\":{\"@type\":\"PropertyValueSpecification\",\"valueRequired\":true,\"valueName\":\"search_term_string\"}}],\"inLanguage\":\"fr-FR\"},{\"@type\":\"Organization\",\"@id\":\"https:\/\/www.miomiorun.com\/fr\/#organization\",\"name\":\"MioMio Run\",\"url\":\"https:\/\/www.miomiorun.com\/fr\/\",\"logo\":{\"@type\":\"ImageObject\",\"inLanguage\":\"fr-FR\",\"@id\":\"https:\/\/www.miomiorun.com\/fr\/#\/schema\/logo\/image\/\",\"url\":\"https:\/\/www.miomiorun.com\/app\/uploads\/2019\/12\/logomio.png\",\"contentUrl\":\"https:\/\/www.miomiorun.com\/app\/uploads\/2019\/12\/logomio.png\",\"width\":115,\"height\":82,\"caption\":\"MioMio Run\"},\"image\":{\"@id\":\"https:\/\/www.miomiorun.com\/fr\/#\/schema\/logo\/image\/\"},\"sameAs\":[\"https:\/\/www.facebook.com\/miomiorun\/\",\"https:\/\/www.instagram.com\/miomiorun\/\"]}]}<\/script>\n<!-- \/ Yoast SEO plugin. -->","yoast_head_json":{"title":"Under Armour Launch Elite tank femme - d\u00e9bardeur de course \u00e0 pied- MioMioRun","description":"L\u00e9ger, respirant, dot\u00e9 d'une technologie de s\u00e9chage rapide, \u00e9quip\u00e9 de fen\u00eatres pour une meilleure a\u00e9ration et de perforations au laser. Tout cela dans Launch Elite.","robots":{"index":"index","follow":"follow","max-snippet":"max-snippet:-1","max-image-preview":"max-image-preview:large","max-video-preview":"max-video-preview:-1"},"canonical":"https:\/\/www.miomiorun.com\/fr\/produit\/launch-elite-tank-femme\/","og_locale":"fr_FR","og_type":"article","og_title":"Under Armour Launch Elite tank femme - d\u00e9bardeur de course \u00e0 pied- MioMioRun","og_description":"L\u00e9ger, respirant, dot\u00e9 d'une technologie de s\u00e9chage rapide, \u00e9quip\u00e9 de fen\u00eatres pour une meilleure a\u00e9ration et de perforations au laser. Tout cela dans Launch Elite.","og_url":"https:\/\/www.miomiorun.com\/fr\/produit\/launch-elite-tank-femme\/","og_site_name":"MioMioRun","article_publisher":"https:\/\/www.facebook.com\/miomiorun\/","article_modified_time":"2025-12-04T09:15:14+00:00","og_image":[{"width":600,"height":600,"url":"https:\/\/www.miomiorun.com\/app\/uploads\/2025\/02\/under-armour-Launch-Elite-tank-W-black-1389563-0001.webp","type":"image\/webp"}],"twitter_card":"summary_large_image","twitter_misc":{"Est. reading time":"1 minute"},"schema":{"@context":"https:\/\/schema.org","@graph":[{"@type":"WebPage","@id":"https:\/\/www.miomiorun.com\/fr\/produit\/launch-elite-tank-femme\/","url":"https:\/\/www.miomiorun.com\/fr\/produit\/launch-elite-tank-femme\/","name":"Under Armour Launch Elite tank femme - d\u00e9bardeur de course \u00e0 pied- MioMioRun","isPartOf":{"@id":"https:\/\/www.miomiorun.com\/fr\/#website"},"primaryImageOfPage":{"@id":"https:\/\/www.miomiorun.com\/fr\/produit\/launch-elite-tank-femme\/#primaryimage"},"image":{"@id":"https:\/\/www.miomiorun.com\/fr\/produit\/launch-elite-tank-femme\/#primaryimage"},"thumbnailUrl":"https:\/\/www.miomiorun.com\/app\/uploads\/2025\/02\/under-armour-Launch-Elite-tank-W-black-1389563-0001.webp","datePublished":"2025-02-07T09:17:38+00:00","dateModified":"2025-12-04T09:15:14+00:00","description":"L\u00e9ger, respirant, dot\u00e9 d'une technologie de s\u00e9chage rapide, \u00e9quip\u00e9 de fen\u00eatres pour une meilleure a\u00e9ration et de perforations au laser. Tout cela dans Launch Elite.","breadcrumb":{"@id":"https:\/\/www.miomiorun.com\/fr\/produit\/launch-elite-tank-femme\/#breadcrumb"},"inLanguage":"fr-FR","potentialAction":[{"@type":"ReadAction","target":["https:\/\/www.miomiorun.com\/fr\/produit\/launch-elite-tank-femme\/"]}]},{"@type":"ImageObject","inLanguage":"fr-FR","@id":"https:\/\/www.miomiorun.com\/fr\/produit\/launch-elite-tank-femme\/#primaryimage","url":"https:\/\/www.miomiorun.com\/app\/uploads\/2025\/02\/under-armour-Launch-Elite-tank-W-black-1389563-0001.webp","contentUrl":"https:\/\/www.miomiorun.com\/app\/uploads\/2025\/02\/under-armour-Launch-Elite-tank-W-black-1389563-0001.webp","width":600,"height":600,"caption":"under armour Launch Elite tank W black 1389563-0001"},{"@type":"BreadcrumbList","@id":"https:\/\/www.miomiorun.com\/fr\/produit\/launch-elite-tank-femme\/#breadcrumb","itemListElement":[{"@type":"ListItem","position":1,"name":"Home","item":"https:\/\/www.miomiorun.com\/fr\/home-page\/"},{"@type":"ListItem","position":2,"name":"Shop","item":"https:\/\/www.miomiorun.com\/shop\/"},{"@type":"ListItem","position":3,"name":"Launch Elite tank femme"}]},{"@type":"WebSite","@id":"https:\/\/www.miomiorun.com\/fr\/#website","url":"https:\/\/www.miomiorun.com\/fr\/","name":"MioMioRun","description":"Boutique 100% running et trail","publisher":{"@id":"https:\/\/www.miomiorun.com\/fr\/#organization"},"potentialAction":[{"@type":"SearchAction","target":{"@type":"EntryPoint","urlTemplate":"https:\/\/www.miomiorun.com\/fr\/?s={search_term_string}"},"query-input":{"@type":"PropertyValueSpecification","valueRequired":true,"valueName":"search_term_string"}}],"inLanguage":"fr-FR"},{"@type":"Organization","@id":"https:\/\/www.miomiorun.com\/fr\/#organization","name":"MioMio Run","url":"https:\/\/www.miomiorun.com\/fr\/","logo":{"@type":"ImageObject","inLanguage":"fr-FR","@id":"https:\/\/www.miomiorun.com\/fr\/#\/schema\/logo\/image\/","url":"https:\/\/www.miomiorun.com\/app\/uploads\/2019\/12\/logomio.png","contentUrl":"https:\/\/www.miomiorun.com\/app\/uploads\/2019\/12\/logomio.png","width":115,"height":82,"caption":"MioMio Run"},"image":{"@id":"https:\/\/www.miomiorun.com\/fr\/#\/schema\/logo\/image\/"},"sameAs":["https:\/\/www.facebook.com\/miomiorun\/","https:\/\/www.instagram.com\/miomiorun\/"]}]}},"_links":{"self":[{"href":"https:\/\/www.miomiorun.com\/fr\/wp-json\/wp\/v2\/product\/298542","targetHints":{"allow":["GET"]}}],"collection":[{"href":"https:\/\/www.miomiorun.com\/fr\/wp-json\/wp\/v2\/product"}],"about":[{"href":"https:\/\/www.miomiorun.com\/fr\/wp-json\/wp\/v2\/types\/product"}],"wp:featuredmedia":[{"embeddable":true,"href":"https:\/\/www.miomiorun.com\/fr\/wp-json\/wp\/v2\/media\/253010"}],"wp:attachment":[{"href":"https:\/\/www.miomiorun.com\/fr\/wp-json\/wp\/v2\/media?parent=298542"}],"wp:term":[{"taxonomy":"product_brand","embeddable":true,"href":"https:\/\/www.miomiorun.com\/fr\/wp-json\/wp\/v2\/product_brand?post=298542"},{"taxonomy":"product_cat","embeddable":true,"href":"https:\/\/www.miomiorun.com\/fr\/wp-json\/wp\/v2\/product_cat?post=298542"},{"taxonomy":"product_tag","embeddable":true,"href":"https:\/\/www.miomiorun.com\/fr\/wp-json\/wp\/v2\/product_tag?post=298542"}],"curies":[{"name":"wp","href":"https:\/\/api.w.org\/{rel}","templated":true}]}}