{"id":298518,"date":"2025-02-07T11:09:42","date_gmt":"2025-02-07T10:09:42","guid":{"rendered":"https:\/\/miomiorun.com\/prodotto\/bps-rogue-5-al-kdz\/"},"modified":"2025-12-04T10:16:05","modified_gmt":"2025-12-04T09:16:05","slug":"bps-rogue-5-al-kdz","status":"publish","type":"product","link":"https:\/\/www.miomiorun.com\/fr\/produit\/bps-rogue-5-al-kdz\/","title":{"rendered":"BPS Rogue 5 AL KDZ"},"content":{"rendered":"<div class=\"vc-row container\"><div class=\"vc-column\"><div class=\"vc-column-text\"><\/p>\n<h4>Caract\u00e9ristiques techniques<\/h4>\n<p>Cat\u00e9gorie : Amorti structur\u00e9<br \/>\nD\u00e9calage : 8 mm<br \/>\nId\u00e9al pour : les enfants qui ont besoin d&#8217;une chaussure offrant un bon amorti et une bonne structure. Id\u00e9al pour les premiers pas dans la pratique sportive<br \/>\n<a href=\"https:\/\/miomiorun.com\/fr\/guide-des-specificites\/\">Guide des caract\u00e9ristiques techniques<\/a><\/p>\n<p><\/div><\/div><div class=\"vc-column\"><div class=\"vc-column-text\"><\/p>\n<div id=\"acc-1\" class=\"g-accordion-content collapse show\">\n<p>Les chaussures pour enfants BPS Rogue 5 AL sont con\u00e7ues pour offrir un confort prolong\u00e9, avec une maille pour une respirabilit\u00e9 optimale et un amorti souple.<\/p>\n<p>Sp\u00e9cifications techniques :<\/p>\n<\/div>\n<ul class=\"t-tabs_data\">\n<li class=\"t-tabs_list\">Tige en maille l\u00e9g\u00e8re et respirante<\/li>\n<li class=\"t-tabs_list\">Contrefort externe pour plus de stabilit\u00e9<\/li>\n<li class=\"t-tabs_list\">Syst\u00e8me de lacets \u00e9lastiques pour enfiler et retirer facilement les chaussures<\/li>\n<li class=\"t-tabs_list\">La semelle int\u00e9rieure souple conserve sa forme pour offrir un confort prolong\u00e9<\/li>\n<li class=\"t-tabs_list\">La semelle interm\u00e9diaire en EVA amortissante sur toute la longueur favorise une course tr\u00e8s r\u00e9active et l\u00e9g\u00e8re<\/li>\n<li class=\"t-tabs_list\">Semelle l\u00e9g\u00e8re et r\u00e9sistante<\/li>\n<\/ul>\n<div id=\"acc-1\" class=\"g-accordion-content collapse show\">\n<p>&nbsp;<\/p>\n<\/div>\n<p><\/div><\/div><\/div>\n","protected":false},"excerpt":{"rendered":"<ul>\n<li>Chaussure pour enfant destin\u00e9e aux premiers pas dans la pratique sportive.<\/li>\n<li>confort et maintien<\/li>\n<li>semelle souple et semelle interm\u00e9diaire amortissante<\/li>\n<\/ul>\n","protected":false},"featured_media":252957,"template":"","meta":{"_acf_changed":false,"inline_featured_image":false},"product_brand":[],"product_cat":[22594,22593,22590],"product_tag":[23530,24183,24190],"class_list":{"0":"post-298518","1":"product","2":"type-product","3":"status-publish","4":"has-post-thumbnail","6":"product_cat-chaussures-pour-enfants","7":"product_cat-chaussures-pour-filles","8":"product_cat-enfant","9":"product_tag-under-armour-fr","10":"product_tag-under-armour-fille","11":"product_tag-under-armour-garcon","12":"pa_attivita-lifestyle-fr","13":"pa_attivita-marcher","14":"pa_attivita-running-fr","15":"pa_colore-bps-rogue-5-al-white-black-hyper-green-fr","16":"pa_marca-under-armour-fr","17":"pa_sesso-femme","18":"pa_sesso-homme","19":"pa_size-32-fr","20":"pa_size-34-fr","21":"pa_size-35-fr","23":"first","24":"instock","25":"sale","26":"taxable","27":"shipping-taxable","28":"purchasable","29":"product-type-variable","30":"wvs-archive-product-wrapper"},"acf":[],"yoast_head":"<!-- This site is optimized with the Yoast SEO plugin v26.8 - https:\/\/yoast.com\/product\/yoast-seo-wordpress\/ -->\n<title>Under Armour BPS Rogue 5 AL KDZ - course \u00e0 pied enfant - MioMioRun<\/title>\n<meta name=\"description\" content=\"Con\u00e7ue pour les jeunes athl\u00e8tes, elle offre confort et maintien gr\u00e2ce \u00e0 sa semelle souple et \u00e0 sa semelle interm\u00e9diaire amortissante. Id\u00e9ale pour ses premiers entra\u00eenements.\" \/>\n<meta name=\"robots\" content=\"index, follow, max-snippet:-1, max-image-preview:large, max-video-preview:-1\" \/>\n<link rel=\"canonical\" href=\"https:\/\/www.miomiorun.com\/fr\/produit\/bps-rogue-5-al-kdz\/\" \/>\n<meta property=\"og:locale\" content=\"fr_FR\" \/>\n<meta property=\"og:type\" content=\"article\" \/>\n<meta property=\"og:title\" content=\"Under Armour BPS Rogue 5 AL KDZ - course \u00e0 pied enfant - MioMioRun\" \/>\n<meta property=\"og:description\" content=\"Con\u00e7ue pour les jeunes athl\u00e8tes, elle offre confort et maintien gr\u00e2ce \u00e0 sa semelle souple et \u00e0 sa semelle interm\u00e9diaire amortissante. Id\u00e9ale pour ses premiers entra\u00eenements.\" \/>\n<meta property=\"og:url\" content=\"https:\/\/www.miomiorun.com\/fr\/produit\/bps-rogue-5-al-kdz\/\" \/>\n<meta property=\"og:site_name\" content=\"MioMioRun\" \/>\n<meta property=\"article:publisher\" content=\"https:\/\/www.facebook.com\/miomiorun\/\" \/>\n<meta property=\"article:modified_time\" content=\"2025-12-04T09:16:05+00:00\" \/>\n<meta property=\"og:image\" content=\"https:\/\/www.miomiorun.com\/app\/uploads\/2025\/02\/under-armour-BPS-Rogue-5-AL-white-Black-Hyper-Green-3028268-0100.webp\" \/>\n\t<meta property=\"og:image:width\" content=\"600\" \/>\n\t<meta property=\"og:image:height\" content=\"600\" \/>\n\t<meta property=\"og:image:type\" content=\"image\/webp\" \/>\n<meta name=\"twitter:card\" content=\"summary_large_image\" \/>\n<meta name=\"twitter:label1\" content=\"Est. reading time\" \/>\n\t<meta name=\"twitter:data1\" content=\"1 minute\" \/>\n<script type=\"application\/ld+json\" class=\"yoast-schema-graph\">{\"@context\":\"https:\/\/schema.org\",\"@graph\":[{\"@type\":\"WebPage\",\"@id\":\"https:\/\/www.miomiorun.com\/fr\/produit\/bps-rogue-5-al-kdz\/\",\"url\":\"https:\/\/www.miomiorun.com\/fr\/produit\/bps-rogue-5-al-kdz\/\",\"name\":\"Under Armour BPS Rogue 5 AL KDZ - course \u00e0 pied enfant - MioMioRun\",\"isPartOf\":{\"@id\":\"https:\/\/www.miomiorun.com\/fr\/#website\"},\"primaryImageOfPage\":{\"@id\":\"https:\/\/www.miomiorun.com\/fr\/produit\/bps-rogue-5-al-kdz\/#primaryimage\"},\"image\":{\"@id\":\"https:\/\/www.miomiorun.com\/fr\/produit\/bps-rogue-5-al-kdz\/#primaryimage\"},\"thumbnailUrl\":\"https:\/\/www.miomiorun.com\/app\/uploads\/2025\/02\/under-armour-BPS-Rogue-5-AL-white-Black-Hyper-Green-3028268-0100.webp\",\"datePublished\":\"2025-02-07T10:09:42+00:00\",\"dateModified\":\"2025-12-04T09:16:05+00:00\",\"description\":\"Con\u00e7ue pour les jeunes athl\u00e8tes, elle offre confort et maintien gr\u00e2ce \u00e0 sa semelle souple et \u00e0 sa semelle interm\u00e9diaire amortissante. Id\u00e9ale pour ses premiers entra\u00eenements.\",\"breadcrumb\":{\"@id\":\"https:\/\/www.miomiorun.com\/fr\/produit\/bps-rogue-5-al-kdz\/#breadcrumb\"},\"inLanguage\":\"fr-FR\",\"potentialAction\":[{\"@type\":\"ReadAction\",\"target\":[\"https:\/\/www.miomiorun.com\/fr\/produit\/bps-rogue-5-al-kdz\/\"]}]},{\"@type\":\"ImageObject\",\"inLanguage\":\"fr-FR\",\"@id\":\"https:\/\/www.miomiorun.com\/fr\/produit\/bps-rogue-5-al-kdz\/#primaryimage\",\"url\":\"https:\/\/www.miomiorun.com\/app\/uploads\/2025\/02\/under-armour-BPS-Rogue-5-AL-white-Black-Hyper-Green-3028268-0100.webp\",\"contentUrl\":\"https:\/\/www.miomiorun.com\/app\/uploads\/2025\/02\/under-armour-BPS-Rogue-5-AL-white-Black-Hyper-Green-3028268-0100.webp\",\"width\":600,\"height\":600,\"caption\":\"under armour BPS Rogue 5 AL white Black Hyper Green 3028268 0100\"},{\"@type\":\"BreadcrumbList\",\"@id\":\"https:\/\/www.miomiorun.com\/fr\/produit\/bps-rogue-5-al-kdz\/#breadcrumb\",\"itemListElement\":[{\"@type\":\"ListItem\",\"position\":1,\"name\":\"Home\",\"item\":\"https:\/\/www.miomiorun.com\/fr\/home-page\/\"},{\"@type\":\"ListItem\",\"position\":2,\"name\":\"Shop\",\"item\":\"https:\/\/www.miomiorun.com\/shop\/\"},{\"@type\":\"ListItem\",\"position\":3,\"name\":\"BPS Rogue 5 AL KDZ\"}]},{\"@type\":\"WebSite\",\"@id\":\"https:\/\/www.miomiorun.com\/fr\/#website\",\"url\":\"https:\/\/www.miomiorun.com\/fr\/\",\"name\":\"MioMioRun\",\"description\":\"Boutique 100% running et trail\",\"publisher\":{\"@id\":\"https:\/\/www.miomiorun.com\/fr\/#organization\"},\"potentialAction\":[{\"@type\":\"SearchAction\",\"target\":{\"@type\":\"EntryPoint\",\"urlTemplate\":\"https:\/\/www.miomiorun.com\/fr\/?s={search_term_string}\"},\"query-input\":{\"@type\":\"PropertyValueSpecification\",\"valueRequired\":true,\"valueName\":\"search_term_string\"}}],\"inLanguage\":\"fr-FR\"},{\"@type\":\"Organization\",\"@id\":\"https:\/\/www.miomiorun.com\/fr\/#organization\",\"name\":\"MioMio Run\",\"url\":\"https:\/\/www.miomiorun.com\/fr\/\",\"logo\":{\"@type\":\"ImageObject\",\"inLanguage\":\"fr-FR\",\"@id\":\"https:\/\/www.miomiorun.com\/fr\/#\/schema\/logo\/image\/\",\"url\":\"https:\/\/www.miomiorun.com\/app\/uploads\/2019\/12\/logomio.png\",\"contentUrl\":\"https:\/\/www.miomiorun.com\/app\/uploads\/2019\/12\/logomio.png\",\"width\":115,\"height\":82,\"caption\":\"MioMio Run\"},\"image\":{\"@id\":\"https:\/\/www.miomiorun.com\/fr\/#\/schema\/logo\/image\/\"},\"sameAs\":[\"https:\/\/www.facebook.com\/miomiorun\/\",\"https:\/\/www.instagram.com\/miomiorun\/\"]}]}<\/script>\n<!-- \/ Yoast SEO plugin. -->","yoast_head_json":{"title":"Under Armour BPS Rogue 5 AL KDZ - course \u00e0 pied enfant - MioMioRun","description":"Con\u00e7ue pour les jeunes athl\u00e8tes, elle offre confort et maintien gr\u00e2ce \u00e0 sa semelle souple et \u00e0 sa semelle interm\u00e9diaire amortissante. Id\u00e9ale pour ses premiers entra\u00eenements.","robots":{"index":"index","follow":"follow","max-snippet":"max-snippet:-1","max-image-preview":"max-image-preview:large","max-video-preview":"max-video-preview:-1"},"canonical":"https:\/\/www.miomiorun.com\/fr\/produit\/bps-rogue-5-al-kdz\/","og_locale":"fr_FR","og_type":"article","og_title":"Under Armour BPS Rogue 5 AL KDZ - course \u00e0 pied enfant - MioMioRun","og_description":"Con\u00e7ue pour les jeunes athl\u00e8tes, elle offre confort et maintien gr\u00e2ce \u00e0 sa semelle souple et \u00e0 sa semelle interm\u00e9diaire amortissante. Id\u00e9ale pour ses premiers entra\u00eenements.","og_url":"https:\/\/www.miomiorun.com\/fr\/produit\/bps-rogue-5-al-kdz\/","og_site_name":"MioMioRun","article_publisher":"https:\/\/www.facebook.com\/miomiorun\/","article_modified_time":"2025-12-04T09:16:05+00:00","og_image":[{"width":600,"height":600,"url":"https:\/\/www.miomiorun.com\/app\/uploads\/2025\/02\/under-armour-BPS-Rogue-5-AL-white-Black-Hyper-Green-3028268-0100.webp","type":"image\/webp"}],"twitter_card":"summary_large_image","twitter_misc":{"Est. reading time":"1 minute"},"schema":{"@context":"https:\/\/schema.org","@graph":[{"@type":"WebPage","@id":"https:\/\/www.miomiorun.com\/fr\/produit\/bps-rogue-5-al-kdz\/","url":"https:\/\/www.miomiorun.com\/fr\/produit\/bps-rogue-5-al-kdz\/","name":"Under Armour BPS Rogue 5 AL KDZ - course \u00e0 pied enfant - MioMioRun","isPartOf":{"@id":"https:\/\/www.miomiorun.com\/fr\/#website"},"primaryImageOfPage":{"@id":"https:\/\/www.miomiorun.com\/fr\/produit\/bps-rogue-5-al-kdz\/#primaryimage"},"image":{"@id":"https:\/\/www.miomiorun.com\/fr\/produit\/bps-rogue-5-al-kdz\/#primaryimage"},"thumbnailUrl":"https:\/\/www.miomiorun.com\/app\/uploads\/2025\/02\/under-armour-BPS-Rogue-5-AL-white-Black-Hyper-Green-3028268-0100.webp","datePublished":"2025-02-07T10:09:42+00:00","dateModified":"2025-12-04T09:16:05+00:00","description":"Con\u00e7ue pour les jeunes athl\u00e8tes, elle offre confort et maintien gr\u00e2ce \u00e0 sa semelle souple et \u00e0 sa semelle interm\u00e9diaire amortissante. Id\u00e9ale pour ses premiers entra\u00eenements.","breadcrumb":{"@id":"https:\/\/www.miomiorun.com\/fr\/produit\/bps-rogue-5-al-kdz\/#breadcrumb"},"inLanguage":"fr-FR","potentialAction":[{"@type":"ReadAction","target":["https:\/\/www.miomiorun.com\/fr\/produit\/bps-rogue-5-al-kdz\/"]}]},{"@type":"ImageObject","inLanguage":"fr-FR","@id":"https:\/\/www.miomiorun.com\/fr\/produit\/bps-rogue-5-al-kdz\/#primaryimage","url":"https:\/\/www.miomiorun.com\/app\/uploads\/2025\/02\/under-armour-BPS-Rogue-5-AL-white-Black-Hyper-Green-3028268-0100.webp","contentUrl":"https:\/\/www.miomiorun.com\/app\/uploads\/2025\/02\/under-armour-BPS-Rogue-5-AL-white-Black-Hyper-Green-3028268-0100.webp","width":600,"height":600,"caption":"under armour BPS Rogue 5 AL white Black Hyper Green 3028268 0100"},{"@type":"BreadcrumbList","@id":"https:\/\/www.miomiorun.com\/fr\/produit\/bps-rogue-5-al-kdz\/#breadcrumb","itemListElement":[{"@type":"ListItem","position":1,"name":"Home","item":"https:\/\/www.miomiorun.com\/fr\/home-page\/"},{"@type":"ListItem","position":2,"name":"Shop","item":"https:\/\/www.miomiorun.com\/shop\/"},{"@type":"ListItem","position":3,"name":"BPS Rogue 5 AL KDZ"}]},{"@type":"WebSite","@id":"https:\/\/www.miomiorun.com\/fr\/#website","url":"https:\/\/www.miomiorun.com\/fr\/","name":"MioMioRun","description":"Boutique 100% running et trail","publisher":{"@id":"https:\/\/www.miomiorun.com\/fr\/#organization"},"potentialAction":[{"@type":"SearchAction","target":{"@type":"EntryPoint","urlTemplate":"https:\/\/www.miomiorun.com\/fr\/?s={search_term_string}"},"query-input":{"@type":"PropertyValueSpecification","valueRequired":true,"valueName":"search_term_string"}}],"inLanguage":"fr-FR"},{"@type":"Organization","@id":"https:\/\/www.miomiorun.com\/fr\/#organization","name":"MioMio Run","url":"https:\/\/www.miomiorun.com\/fr\/","logo":{"@type":"ImageObject","inLanguage":"fr-FR","@id":"https:\/\/www.miomiorun.com\/fr\/#\/schema\/logo\/image\/","url":"https:\/\/www.miomiorun.com\/app\/uploads\/2019\/12\/logomio.png","contentUrl":"https:\/\/www.miomiorun.com\/app\/uploads\/2019\/12\/logomio.png","width":115,"height":82,"caption":"MioMio Run"},"image":{"@id":"https:\/\/www.miomiorun.com\/fr\/#\/schema\/logo\/image\/"},"sameAs":["https:\/\/www.facebook.com\/miomiorun\/","https:\/\/www.instagram.com\/miomiorun\/"]}]}},"_links":{"self":[{"href":"https:\/\/www.miomiorun.com\/fr\/wp-json\/wp\/v2\/product\/298518","targetHints":{"allow":["GET"]}}],"collection":[{"href":"https:\/\/www.miomiorun.com\/fr\/wp-json\/wp\/v2\/product"}],"about":[{"href":"https:\/\/www.miomiorun.com\/fr\/wp-json\/wp\/v2\/types\/product"}],"wp:featuredmedia":[{"embeddable":true,"href":"https:\/\/www.miomiorun.com\/fr\/wp-json\/wp\/v2\/media\/252957"}],"wp:attachment":[{"href":"https:\/\/www.miomiorun.com\/fr\/wp-json\/wp\/v2\/media?parent=298518"}],"wp:term":[{"taxonomy":"product_brand","embeddable":true,"href":"https:\/\/www.miomiorun.com\/fr\/wp-json\/wp\/v2\/product_brand?post=298518"},{"taxonomy":"product_cat","embeddable":true,"href":"https:\/\/www.miomiorun.com\/fr\/wp-json\/wp\/v2\/product_cat?post=298518"},{"taxonomy":"product_tag","embeddable":true,"href":"https:\/\/www.miomiorun.com\/fr\/wp-json\/wp\/v2\/product_tag?post=298518"}],"curies":[{"name":"wp","href":"https:\/\/api.w.org\/{rel}","templated":true}]}}