{"id":298416,"date":"2025-02-07T18:18:24","date_gmt":"2025-02-07T17:18:24","guid":{"rendered":"https:\/\/miomiorun.com\/prodotto\/trail-guard-pants-uomo\/"},"modified":"2026-05-08T22:28:11","modified_gmt":"2026-05-08T20:28:11","slug":"trail-guard-pants-homme","status":"publish","type":"product","link":"https:\/\/www.miomiorun.com\/fr\/produit\/trail-guard-pants-homme\/","title":{"rendered":"Trail guard pants homme"},"content":{"rendered":"<p><strong>La Sportiva Trail Guard Pants : Protection et polyvalence pour chaque aventure<\/strong><\/p>\n<p>Le <strong>Trail Guard<\/strong> Pants de La Sportiva est un pantalon technique con\u00e7u pour ceux qui recherchent un maximum de protection et de confort lors de leurs activit\u00e9s de plein air. Id\u00e9al pour la randonn\u00e9e ou les aventures en montagne, il offre une combinaison parfaite de fonctionnalit\u00e9 et de durabilit\u00e9.<\/p>\n<p>Il est \u00e9galement dot\u00e9 d&#8217;un cordon de serrage qui facilite le maintien du pantalon \u00e0 la taille. Il est compos\u00e9 de 85 % de polyamide et de 15 % d&#8217;\u00e9lasth\u00e8ne pour le tissu principal, de 90 % de polyester et de 10 % d&#8217;\u00e9lasth\u00e8ne pour les empi\u00e8cements et de 100 % de polyester pour les poches. Ses principales caract\u00e9ristiques sont la respirabilit\u00e9 et l&#8217;\u00e9lasticit\u00e9, qui garantissent un ajustement confortable. Il p\u00e8se 239 g et dispose d&#8217;une poche zipp\u00e9e sur les fesses et de deux poches frontales.<\/p>\n","protected":false},"excerpt":{"rendered":"<ul>\n<li>fonctionnel<\/li>\n<li>respirant<\/li>\n<\/ul>\n","protected":false},"featured_media":255732,"template":"","meta":{"_acf_changed":false,"inline_featured_image":false},"product_brand":[],"product_cat":[24450,24482],"product_tag":[23597,23599],"class_list":{"0":"post-298416","1":"product","2":"type-product","3":"status-publish","4":"has-post-thumbnail","6":"product_cat-pantalon-long-fr-3","7":"product_cat-vetements-pour-hommes-fr","8":"product_tag-la-sportiva-fr","9":"product_tag-la-sportiva-homme","10":"pa_attivita-marcher","11":"pa_attivita-outdoor-fr","12":"pa_colore-trail-guard-pants-m-night-sky-chalk-fr","13":"pa_colore-trail-guard-pants-m-onyx-chalk-fr","14":"pa_marca-la-sportiva-fr","15":"pa_sesso-homme","16":"pa_size-small-fr","17":"pa_size-medium-fr","18":"pa_size-large-fr","20":"first","21":"instock","22":"sale","23":"taxable","24":"shipping-taxable","25":"purchasable","26":"product-type-variable","27":"wvs-archive-product-wrapper"},"acf":[],"yoast_head":"<!-- This site is optimized with the Yoast SEO plugin v26.8 - https:\/\/yoast.com\/product\/yoast-seo-wordpress\/ -->\n<title>La sportiva Trail guard pants homme - pantalons pour hommes - MioMioRun<\/title>\n<meta name=\"description\" content=\"Pantalon technique l\u00e9ger et durable, id\u00e9al pour vos randonn\u00e9es pr\u00e9f\u00e9r\u00e9es. Les poches fonctionnelles et les mat\u00e9riaux robustes offrent une protection lors de chaque aventure.\" \/>\n<meta name=\"robots\" content=\"index, follow, max-snippet:-1, max-image-preview:large, max-video-preview:-1\" \/>\n<link rel=\"canonical\" href=\"https:\/\/www.miomiorun.com\/fr\/produit\/trail-guard-pants-homme\/\" \/>\n<meta property=\"og:locale\" content=\"fr_FR\" \/>\n<meta property=\"og:type\" content=\"article\" \/>\n<meta property=\"og:title\" content=\"La sportiva Trail guard pants homme - pantalons pour hommes - MioMioRun\" \/>\n<meta property=\"og:description\" content=\"Pantalon technique l\u00e9ger et durable, id\u00e9al pour vos randonn\u00e9es pr\u00e9f\u00e9r\u00e9es. Les poches fonctionnelles et les mat\u00e9riaux robustes offrent une protection lors de chaque aventure.\" \/>\n<meta property=\"og:url\" content=\"https:\/\/www.miomiorun.com\/fr\/produit\/trail-guard-pants-homme\/\" \/>\n<meta property=\"og:site_name\" content=\"MioMioRun\" \/>\n<meta property=\"article:publisher\" content=\"https:\/\/www.facebook.com\/miomiorun\/\" \/>\n<meta property=\"article:modified_time\" content=\"2026-05-08T20:28:11+00:00\" \/>\n<meta property=\"og:image\" content=\"https:\/\/www.miomiorun.com\/app\/uploads\/2025\/02\/la-sportiva-Trail-guard-pants-M-night-sky-chalk-U07646004.webp\" \/>\n\t<meta property=\"og:image:width\" content=\"600\" \/>\n\t<meta property=\"og:image:height\" content=\"600\" \/>\n\t<meta property=\"og:image:type\" content=\"image\/webp\" \/>\n<meta name=\"twitter:card\" content=\"summary_large_image\" \/>\n<meta name=\"twitter:label1\" content=\"Est. reading time\" \/>\n\t<meta name=\"twitter:data1\" content=\"1 minute\" \/>\n<script type=\"application\/ld+json\" class=\"yoast-schema-graph\">{\"@context\":\"https:\/\/schema.org\",\"@graph\":[{\"@type\":\"WebPage\",\"@id\":\"https:\/\/www.miomiorun.com\/fr\/produit\/trail-guard-pants-homme\/\",\"url\":\"https:\/\/www.miomiorun.com\/fr\/produit\/trail-guard-pants-homme\/\",\"name\":\"La sportiva Trail guard pants homme - pantalons pour hommes - MioMioRun\",\"isPartOf\":{\"@id\":\"https:\/\/www.miomiorun.com\/fr\/#website\"},\"primaryImageOfPage\":{\"@id\":\"https:\/\/www.miomiorun.com\/fr\/produit\/trail-guard-pants-homme\/#primaryimage\"},\"image\":{\"@id\":\"https:\/\/www.miomiorun.com\/fr\/produit\/trail-guard-pants-homme\/#primaryimage\"},\"thumbnailUrl\":\"https:\/\/www.miomiorun.com\/app\/uploads\/2025\/02\/la-sportiva-Trail-guard-pants-M-night-sky-chalk-U07646004.webp\",\"datePublished\":\"2025-02-07T17:18:24+00:00\",\"dateModified\":\"2026-05-08T20:28:11+00:00\",\"description\":\"Pantalon technique l\u00e9ger et durable, id\u00e9al pour vos randonn\u00e9es pr\u00e9f\u00e9r\u00e9es. Les poches fonctionnelles et les mat\u00e9riaux robustes offrent une protection lors de chaque aventure.\",\"breadcrumb\":{\"@id\":\"https:\/\/www.miomiorun.com\/fr\/produit\/trail-guard-pants-homme\/#breadcrumb\"},\"inLanguage\":\"fr-FR\",\"potentialAction\":[{\"@type\":\"ReadAction\",\"target\":[\"https:\/\/www.miomiorun.com\/fr\/produit\/trail-guard-pants-homme\/\"]}]},{\"@type\":\"ImageObject\",\"inLanguage\":\"fr-FR\",\"@id\":\"https:\/\/www.miomiorun.com\/fr\/produit\/trail-guard-pants-homme\/#primaryimage\",\"url\":\"https:\/\/www.miomiorun.com\/app\/uploads\/2025\/02\/la-sportiva-Trail-guard-pants-M-night-sky-chalk-U07646004.webp\",\"contentUrl\":\"https:\/\/www.miomiorun.com\/app\/uploads\/2025\/02\/la-sportiva-Trail-guard-pants-M-night-sky-chalk-U07646004.webp\",\"width\":600,\"height\":600,\"caption\":\"la sportiva Trail guard pants M night sky chalk U07646004\"},{\"@type\":\"BreadcrumbList\",\"@id\":\"https:\/\/www.miomiorun.com\/fr\/produit\/trail-guard-pants-homme\/#breadcrumb\",\"itemListElement\":[{\"@type\":\"ListItem\",\"position\":1,\"name\":\"Home\",\"item\":\"https:\/\/www.miomiorun.com\/fr\/home-page\/\"},{\"@type\":\"ListItem\",\"position\":2,\"name\":\"Shop\",\"item\":\"https:\/\/www.miomiorun.com\/shop\/\"},{\"@type\":\"ListItem\",\"position\":3,\"name\":\"Trail guard pants homme\"}]},{\"@type\":\"WebSite\",\"@id\":\"https:\/\/www.miomiorun.com\/fr\/#website\",\"url\":\"https:\/\/www.miomiorun.com\/fr\/\",\"name\":\"MioMioRun\",\"description\":\"Boutique 100% running et trail\",\"publisher\":{\"@id\":\"https:\/\/www.miomiorun.com\/fr\/#organization\"},\"potentialAction\":[{\"@type\":\"SearchAction\",\"target\":{\"@type\":\"EntryPoint\",\"urlTemplate\":\"https:\/\/www.miomiorun.com\/fr\/?s={search_term_string}\"},\"query-input\":{\"@type\":\"PropertyValueSpecification\",\"valueRequired\":true,\"valueName\":\"search_term_string\"}}],\"inLanguage\":\"fr-FR\"},{\"@type\":\"Organization\",\"@id\":\"https:\/\/www.miomiorun.com\/fr\/#organization\",\"name\":\"MioMio Run\",\"url\":\"https:\/\/www.miomiorun.com\/fr\/\",\"logo\":{\"@type\":\"ImageObject\",\"inLanguage\":\"fr-FR\",\"@id\":\"https:\/\/www.miomiorun.com\/fr\/#\/schema\/logo\/image\/\",\"url\":\"https:\/\/www.miomiorun.com\/app\/uploads\/2019\/12\/logomio.png\",\"contentUrl\":\"https:\/\/www.miomiorun.com\/app\/uploads\/2019\/12\/logomio.png\",\"width\":115,\"height\":82,\"caption\":\"MioMio Run\"},\"image\":{\"@id\":\"https:\/\/www.miomiorun.com\/fr\/#\/schema\/logo\/image\/\"},\"sameAs\":[\"https:\/\/www.facebook.com\/miomiorun\/\",\"https:\/\/www.instagram.com\/miomiorun\/\"]}]}<\/script>\n<!-- \/ Yoast SEO plugin. -->","yoast_head_json":{"title":"La sportiva Trail guard pants homme - pantalons pour hommes - MioMioRun","description":"Pantalon technique l\u00e9ger et durable, id\u00e9al pour vos randonn\u00e9es pr\u00e9f\u00e9r\u00e9es. Les poches fonctionnelles et les mat\u00e9riaux robustes offrent une protection lors de chaque aventure.","robots":{"index":"index","follow":"follow","max-snippet":"max-snippet:-1","max-image-preview":"max-image-preview:large","max-video-preview":"max-video-preview:-1"},"canonical":"https:\/\/www.miomiorun.com\/fr\/produit\/trail-guard-pants-homme\/","og_locale":"fr_FR","og_type":"article","og_title":"La sportiva Trail guard pants homme - pantalons pour hommes - MioMioRun","og_description":"Pantalon technique l\u00e9ger et durable, id\u00e9al pour vos randonn\u00e9es pr\u00e9f\u00e9r\u00e9es. Les poches fonctionnelles et les mat\u00e9riaux robustes offrent une protection lors de chaque aventure.","og_url":"https:\/\/www.miomiorun.com\/fr\/produit\/trail-guard-pants-homme\/","og_site_name":"MioMioRun","article_publisher":"https:\/\/www.facebook.com\/miomiorun\/","article_modified_time":"2026-05-08T20:28:11+00:00","og_image":[{"width":600,"height":600,"url":"https:\/\/www.miomiorun.com\/app\/uploads\/2025\/02\/la-sportiva-Trail-guard-pants-M-night-sky-chalk-U07646004.webp","type":"image\/webp"}],"twitter_card":"summary_large_image","twitter_misc":{"Est. reading time":"1 minute"},"schema":{"@context":"https:\/\/schema.org","@graph":[{"@type":"WebPage","@id":"https:\/\/www.miomiorun.com\/fr\/produit\/trail-guard-pants-homme\/","url":"https:\/\/www.miomiorun.com\/fr\/produit\/trail-guard-pants-homme\/","name":"La sportiva Trail guard pants homme - pantalons pour hommes - MioMioRun","isPartOf":{"@id":"https:\/\/www.miomiorun.com\/fr\/#website"},"primaryImageOfPage":{"@id":"https:\/\/www.miomiorun.com\/fr\/produit\/trail-guard-pants-homme\/#primaryimage"},"image":{"@id":"https:\/\/www.miomiorun.com\/fr\/produit\/trail-guard-pants-homme\/#primaryimage"},"thumbnailUrl":"https:\/\/www.miomiorun.com\/app\/uploads\/2025\/02\/la-sportiva-Trail-guard-pants-M-night-sky-chalk-U07646004.webp","datePublished":"2025-02-07T17:18:24+00:00","dateModified":"2026-05-08T20:28:11+00:00","description":"Pantalon technique l\u00e9ger et durable, id\u00e9al pour vos randonn\u00e9es pr\u00e9f\u00e9r\u00e9es. Les poches fonctionnelles et les mat\u00e9riaux robustes offrent une protection lors de chaque aventure.","breadcrumb":{"@id":"https:\/\/www.miomiorun.com\/fr\/produit\/trail-guard-pants-homme\/#breadcrumb"},"inLanguage":"fr-FR","potentialAction":[{"@type":"ReadAction","target":["https:\/\/www.miomiorun.com\/fr\/produit\/trail-guard-pants-homme\/"]}]},{"@type":"ImageObject","inLanguage":"fr-FR","@id":"https:\/\/www.miomiorun.com\/fr\/produit\/trail-guard-pants-homme\/#primaryimage","url":"https:\/\/www.miomiorun.com\/app\/uploads\/2025\/02\/la-sportiva-Trail-guard-pants-M-night-sky-chalk-U07646004.webp","contentUrl":"https:\/\/www.miomiorun.com\/app\/uploads\/2025\/02\/la-sportiva-Trail-guard-pants-M-night-sky-chalk-U07646004.webp","width":600,"height":600,"caption":"la sportiva Trail guard pants M night sky chalk U07646004"},{"@type":"BreadcrumbList","@id":"https:\/\/www.miomiorun.com\/fr\/produit\/trail-guard-pants-homme\/#breadcrumb","itemListElement":[{"@type":"ListItem","position":1,"name":"Home","item":"https:\/\/www.miomiorun.com\/fr\/home-page\/"},{"@type":"ListItem","position":2,"name":"Shop","item":"https:\/\/www.miomiorun.com\/shop\/"},{"@type":"ListItem","position":3,"name":"Trail guard pants homme"}]},{"@type":"WebSite","@id":"https:\/\/www.miomiorun.com\/fr\/#website","url":"https:\/\/www.miomiorun.com\/fr\/","name":"MioMioRun","description":"Boutique 100% running et trail","publisher":{"@id":"https:\/\/www.miomiorun.com\/fr\/#organization"},"potentialAction":[{"@type":"SearchAction","target":{"@type":"EntryPoint","urlTemplate":"https:\/\/www.miomiorun.com\/fr\/?s={search_term_string}"},"query-input":{"@type":"PropertyValueSpecification","valueRequired":true,"valueName":"search_term_string"}}],"inLanguage":"fr-FR"},{"@type":"Organization","@id":"https:\/\/www.miomiorun.com\/fr\/#organization","name":"MioMio Run","url":"https:\/\/www.miomiorun.com\/fr\/","logo":{"@type":"ImageObject","inLanguage":"fr-FR","@id":"https:\/\/www.miomiorun.com\/fr\/#\/schema\/logo\/image\/","url":"https:\/\/www.miomiorun.com\/app\/uploads\/2019\/12\/logomio.png","contentUrl":"https:\/\/www.miomiorun.com\/app\/uploads\/2019\/12\/logomio.png","width":115,"height":82,"caption":"MioMio Run"},"image":{"@id":"https:\/\/www.miomiorun.com\/fr\/#\/schema\/logo\/image\/"},"sameAs":["https:\/\/www.facebook.com\/miomiorun\/","https:\/\/www.instagram.com\/miomiorun\/"]}]}},"_links":{"self":[{"href":"https:\/\/www.miomiorun.com\/fr\/wp-json\/wp\/v2\/product\/298416","targetHints":{"allow":["GET"]}}],"collection":[{"href":"https:\/\/www.miomiorun.com\/fr\/wp-json\/wp\/v2\/product"}],"about":[{"href":"https:\/\/www.miomiorun.com\/fr\/wp-json\/wp\/v2\/types\/product"}],"wp:featuredmedia":[{"embeddable":true,"href":"https:\/\/www.miomiorun.com\/fr\/wp-json\/wp\/v2\/media\/255732"}],"wp:attachment":[{"href":"https:\/\/www.miomiorun.com\/fr\/wp-json\/wp\/v2\/media?parent=298416"}],"wp:term":[{"taxonomy":"product_brand","embeddable":true,"href":"https:\/\/www.miomiorun.com\/fr\/wp-json\/wp\/v2\/product_brand?post=298416"},{"taxonomy":"product_cat","embeddable":true,"href":"https:\/\/www.miomiorun.com\/fr\/wp-json\/wp\/v2\/product_cat?post=298416"},{"taxonomy":"product_tag","embeddable":true,"href":"https:\/\/www.miomiorun.com\/fr\/wp-json\/wp\/v2\/product_tag?post=298416"}],"curies":[{"name":"wp","href":"https:\/\/api.w.org\/{rel}","templated":true}]}}