{"id":298415,"date":"2025-02-07T19:01:18","date_gmt":"2025-02-07T18:01:18","guid":{"rendered":"https:\/\/miomiorun.com\/prodotto\/strobelight-2-pack\/"},"modified":"2025-05-14T12:17:42","modified_gmt":"2025-05-14T10:17:42","slug":"strobelight-2-pack","status":"publish","type":"product","link":"https:\/\/www.miomiorun.com\/fr\/produit\/strobelight-2-pack\/","title":{"rendered":"Strobelight 2 pack"},"content":{"rendered":"<p><strong>Strobe Light 2 Pack : Illuminez vos nuits avec style et s\u00e9curit\u00e9<\/strong><\/p>\n<p>Transformez vos sorties nocturnes en une exp\u00e9rience s\u00fbre et \u00e9l\u00e9gante avec le <strong>Strobe Light 2 Pack de<\/strong> Nathan Sport ! Ce kit comprend deux lampes stroboscopiques super lumineuses, compactes et ultra l\u00e9g\u00e8res, parfaites pour vous faire remarquer m\u00eame dans les rues les plus sombres.<\/p>\n<ul>\n<li><strong>Lumi\u00e8res intenses et personnalisables<\/strong>: choisissez parmi diff\u00e9rents modes d&#8217;\u00e9clairage (fixe, clignotant ou clignotant) pour vous adapter \u00e0 toutes les situations.<\/li>\n<li><strong>Montage instantan\u00e9<\/strong>: les clips r\u00e9glables se fixent partout : v\u00eatements, chaussures, sac \u00e0 dos ou chapeau, sans g\u00eaner vos mouvements.<\/li>\n<li><strong>Durable et \u00e9tanche<\/strong>: pr\u00eate \u00e0 affronter toutes les conditions, m\u00eame sous la pluie ou sur un terrain accident\u00e9.<\/li>\n<li><strong>Piles longue dur\u00e9e<\/strong>: Gr\u00e2ce aux piles bouton rempla\u00e7ables, vous aurez de la lumi\u00e8re pour des heures d&#8217;aventure.<\/li>\n<\/ul>\n<p>Avec le <strong>pack de 2 lampes stroboscopiques<\/strong>, vous serez non seulement visible, mais aussi tr\u00e8s \u00e0 la mode. Parce que la s\u00e9curit\u00e9 ne doit jamais faire de compromis sur le style !<\/p>\n<p>LED <strong>:<\/strong> 3 LED 8+ lumens max.<br \/>\n<strong>Batterie :<\/strong> 2 x 3V lithium 2032 &#8211; pile bouton rempla\u00e7able<br \/>\n<strong>Autonomie :<\/strong> allum\u00e9e en permanence = 57+ heures, stroboscopique = 110+ heures<br \/>\n<strong>Etanche :<\/strong> IPX3 &#8211; r\u00e9sistante aux intemp\u00e9ries<\/p>\n","protected":false},"excerpt":{"rendered":"<ul>\n<li>projecteur \u00e0 double LED<\/li>\n<li>dur\u00e9e prolong\u00e9e<\/li>\n<li>\u00e9tanche<\/li>\n<\/ul>\n","protected":false},"featured_media":255822,"template":"","meta":{"_acf_changed":false,"inline_featured_image":false},"product_brand":[],"product_cat":[22585,22538],"product_tag":[23511],"class_list":{"0":"post-298415","1":"product","2":"type-product","3":"status-publish","4":"has-post-thumbnail","6":"product_cat-torches-fr","7":"product_cat-accessoires","8":"product_tag-nathan-fr","9":"pa_attivita-outdoor-fr","10":"pa_attivita-running-fr","11":"pa_attivita-trail-fr","12":"pa_marca-nathan-fr","13":"pa_sesso-femme","14":"pa_sesso-homme","16":"first","17":"instock","18":"sale","19":"taxable","20":"shipping-taxable","21":"purchasable","22":"product-type-simple"},"acf":[],"yoast_head":"<!-- This site is optimized with the Yoast SEO plugin v26.8 - https:\/\/yoast.com\/product\/yoast-seo-wordpress\/ -->\n<title>Nathan Strobelight 2 pack - feux de circulation - MioMioRun<\/title>\n<meta name=\"description\" content=\"Deux lampes stroboscopiques l\u00e9g\u00e8res, r\u00e9glables et durables, parfaites pour augmenter la visibilit\u00e9 et la s\u00e9curit\u00e9 pendant les courses de nuit ou \u00e0 faible luminosit\u00e9.\" \/>\n<meta name=\"robots\" content=\"index, follow, max-snippet:-1, max-image-preview:large, max-video-preview:-1\" \/>\n<link rel=\"canonical\" href=\"https:\/\/www.miomiorun.com\/fr\/produit\/strobelight-2-pack\/\" \/>\n<meta property=\"og:locale\" content=\"fr_FR\" \/>\n<meta property=\"og:type\" content=\"article\" \/>\n<meta property=\"og:title\" content=\"Nathan Strobelight 2 pack - feux de circulation - MioMioRun\" \/>\n<meta property=\"og:description\" content=\"Deux lampes stroboscopiques l\u00e9g\u00e8res, r\u00e9glables et durables, parfaites pour augmenter la visibilit\u00e9 et la s\u00e9curit\u00e9 pendant les courses de nuit ou \u00e0 faible luminosit\u00e9.\" \/>\n<meta property=\"og:url\" content=\"https:\/\/www.miomiorun.com\/fr\/produit\/strobelight-2-pack\/\" \/>\n<meta property=\"og:site_name\" content=\"MioMioRun\" \/>\n<meta property=\"article:publisher\" content=\"https:\/\/www.facebook.com\/miomiorun\/\" \/>\n<meta property=\"article:modified_time\" content=\"2025-05-14T10:17:42+00:00\" \/>\n<meta property=\"og:image\" content=\"https:\/\/www.miomiorun.com\/app\/uploads\/2025\/02\/nathan-Strobelight-2-pack-5114.webp\" \/>\n\t<meta property=\"og:image:width\" content=\"600\" \/>\n\t<meta property=\"og:image:height\" content=\"600\" \/>\n\t<meta property=\"og:image:type\" content=\"image\/webp\" \/>\n<meta name=\"twitter:card\" content=\"summary_large_image\" \/>\n<meta name=\"twitter:label1\" content=\"Est. reading time\" \/>\n\t<meta name=\"twitter:data1\" content=\"1 minute\" \/>\n<script type=\"application\/ld+json\" class=\"yoast-schema-graph\">{\"@context\":\"https:\/\/schema.org\",\"@graph\":[{\"@type\":\"WebPage\",\"@id\":\"https:\/\/www.miomiorun.com\/fr\/produit\/strobelight-2-pack\/\",\"url\":\"https:\/\/www.miomiorun.com\/fr\/produit\/strobelight-2-pack\/\",\"name\":\"Nathan Strobelight 2 pack - feux de circulation - MioMioRun\",\"isPartOf\":{\"@id\":\"https:\/\/www.miomiorun.com\/fr\/#website\"},\"primaryImageOfPage\":{\"@id\":\"https:\/\/www.miomiorun.com\/fr\/produit\/strobelight-2-pack\/#primaryimage\"},\"image\":{\"@id\":\"https:\/\/www.miomiorun.com\/fr\/produit\/strobelight-2-pack\/#primaryimage\"},\"thumbnailUrl\":\"https:\/\/www.miomiorun.com\/app\/uploads\/2025\/02\/nathan-Strobelight-2-pack-5114.webp\",\"datePublished\":\"2025-02-07T18:01:18+00:00\",\"dateModified\":\"2025-05-14T10:17:42+00:00\",\"description\":\"Deux lampes stroboscopiques l\u00e9g\u00e8res, r\u00e9glables et durables, parfaites pour augmenter la visibilit\u00e9 et la s\u00e9curit\u00e9 pendant les courses de nuit ou \u00e0 faible luminosit\u00e9.\",\"breadcrumb\":{\"@id\":\"https:\/\/www.miomiorun.com\/fr\/produit\/strobelight-2-pack\/#breadcrumb\"},\"inLanguage\":\"fr-FR\",\"potentialAction\":[{\"@type\":\"ReadAction\",\"target\":[\"https:\/\/www.miomiorun.com\/fr\/produit\/strobelight-2-pack\/\"]}]},{\"@type\":\"ImageObject\",\"inLanguage\":\"fr-FR\",\"@id\":\"https:\/\/www.miomiorun.com\/fr\/produit\/strobelight-2-pack\/#primaryimage\",\"url\":\"https:\/\/www.miomiorun.com\/app\/uploads\/2025\/02\/nathan-Strobelight-2-pack-5114.webp\",\"contentUrl\":\"https:\/\/www.miomiorun.com\/app\/uploads\/2025\/02\/nathan-Strobelight-2-pack-5114.webp\",\"width\":600,\"height\":600,\"caption\":\"nathan Strobelight 2 pack 5114\"},{\"@type\":\"BreadcrumbList\",\"@id\":\"https:\/\/www.miomiorun.com\/fr\/produit\/strobelight-2-pack\/#breadcrumb\",\"itemListElement\":[{\"@type\":\"ListItem\",\"position\":1,\"name\":\"Home\",\"item\":\"https:\/\/www.miomiorun.com\/fr\/home-page\/\"},{\"@type\":\"ListItem\",\"position\":2,\"name\":\"Shop\",\"item\":\"https:\/\/www.miomiorun.com\/shop\/\"},{\"@type\":\"ListItem\",\"position\":3,\"name\":\"Strobelight 2 pack\"}]},{\"@type\":\"WebSite\",\"@id\":\"https:\/\/www.miomiorun.com\/fr\/#website\",\"url\":\"https:\/\/www.miomiorun.com\/fr\/\",\"name\":\"MioMioRun\",\"description\":\"Boutique 100% running et trail\",\"publisher\":{\"@id\":\"https:\/\/www.miomiorun.com\/fr\/#organization\"},\"potentialAction\":[{\"@type\":\"SearchAction\",\"target\":{\"@type\":\"EntryPoint\",\"urlTemplate\":\"https:\/\/www.miomiorun.com\/fr\/?s={search_term_string}\"},\"query-input\":{\"@type\":\"PropertyValueSpecification\",\"valueRequired\":true,\"valueName\":\"search_term_string\"}}],\"inLanguage\":\"fr-FR\"},{\"@type\":\"Organization\",\"@id\":\"https:\/\/www.miomiorun.com\/fr\/#organization\",\"name\":\"MioMio Run\",\"url\":\"https:\/\/www.miomiorun.com\/fr\/\",\"logo\":{\"@type\":\"ImageObject\",\"inLanguage\":\"fr-FR\",\"@id\":\"https:\/\/www.miomiorun.com\/fr\/#\/schema\/logo\/image\/\",\"url\":\"https:\/\/www.miomiorun.com\/app\/uploads\/2019\/12\/logomio.png\",\"contentUrl\":\"https:\/\/www.miomiorun.com\/app\/uploads\/2019\/12\/logomio.png\",\"width\":115,\"height\":82,\"caption\":\"MioMio Run\"},\"image\":{\"@id\":\"https:\/\/www.miomiorun.com\/fr\/#\/schema\/logo\/image\/\"},\"sameAs\":[\"https:\/\/www.facebook.com\/miomiorun\/\",\"https:\/\/www.instagram.com\/miomiorun\/\"]}]}<\/script>\n<!-- \/ Yoast SEO plugin. -->","yoast_head_json":{"title":"Nathan Strobelight 2 pack - feux de circulation - MioMioRun","description":"Deux lampes stroboscopiques l\u00e9g\u00e8res, r\u00e9glables et durables, parfaites pour augmenter la visibilit\u00e9 et la s\u00e9curit\u00e9 pendant les courses de nuit ou \u00e0 faible luminosit\u00e9.","robots":{"index":"index","follow":"follow","max-snippet":"max-snippet:-1","max-image-preview":"max-image-preview:large","max-video-preview":"max-video-preview:-1"},"canonical":"https:\/\/www.miomiorun.com\/fr\/produit\/strobelight-2-pack\/","og_locale":"fr_FR","og_type":"article","og_title":"Nathan Strobelight 2 pack - feux de circulation - MioMioRun","og_description":"Deux lampes stroboscopiques l\u00e9g\u00e8res, r\u00e9glables et durables, parfaites pour augmenter la visibilit\u00e9 et la s\u00e9curit\u00e9 pendant les courses de nuit ou \u00e0 faible luminosit\u00e9.","og_url":"https:\/\/www.miomiorun.com\/fr\/produit\/strobelight-2-pack\/","og_site_name":"MioMioRun","article_publisher":"https:\/\/www.facebook.com\/miomiorun\/","article_modified_time":"2025-05-14T10:17:42+00:00","og_image":[{"width":600,"height":600,"url":"https:\/\/www.miomiorun.com\/app\/uploads\/2025\/02\/nathan-Strobelight-2-pack-5114.webp","type":"image\/webp"}],"twitter_card":"summary_large_image","twitter_misc":{"Est. reading time":"1 minute"},"schema":{"@context":"https:\/\/schema.org","@graph":[{"@type":"WebPage","@id":"https:\/\/www.miomiorun.com\/fr\/produit\/strobelight-2-pack\/","url":"https:\/\/www.miomiorun.com\/fr\/produit\/strobelight-2-pack\/","name":"Nathan Strobelight 2 pack - feux de circulation - MioMioRun","isPartOf":{"@id":"https:\/\/www.miomiorun.com\/fr\/#website"},"primaryImageOfPage":{"@id":"https:\/\/www.miomiorun.com\/fr\/produit\/strobelight-2-pack\/#primaryimage"},"image":{"@id":"https:\/\/www.miomiorun.com\/fr\/produit\/strobelight-2-pack\/#primaryimage"},"thumbnailUrl":"https:\/\/www.miomiorun.com\/app\/uploads\/2025\/02\/nathan-Strobelight-2-pack-5114.webp","datePublished":"2025-02-07T18:01:18+00:00","dateModified":"2025-05-14T10:17:42+00:00","description":"Deux lampes stroboscopiques l\u00e9g\u00e8res, r\u00e9glables et durables, parfaites pour augmenter la visibilit\u00e9 et la s\u00e9curit\u00e9 pendant les courses de nuit ou \u00e0 faible luminosit\u00e9.","breadcrumb":{"@id":"https:\/\/www.miomiorun.com\/fr\/produit\/strobelight-2-pack\/#breadcrumb"},"inLanguage":"fr-FR","potentialAction":[{"@type":"ReadAction","target":["https:\/\/www.miomiorun.com\/fr\/produit\/strobelight-2-pack\/"]}]},{"@type":"ImageObject","inLanguage":"fr-FR","@id":"https:\/\/www.miomiorun.com\/fr\/produit\/strobelight-2-pack\/#primaryimage","url":"https:\/\/www.miomiorun.com\/app\/uploads\/2025\/02\/nathan-Strobelight-2-pack-5114.webp","contentUrl":"https:\/\/www.miomiorun.com\/app\/uploads\/2025\/02\/nathan-Strobelight-2-pack-5114.webp","width":600,"height":600,"caption":"nathan Strobelight 2 pack 5114"},{"@type":"BreadcrumbList","@id":"https:\/\/www.miomiorun.com\/fr\/produit\/strobelight-2-pack\/#breadcrumb","itemListElement":[{"@type":"ListItem","position":1,"name":"Home","item":"https:\/\/www.miomiorun.com\/fr\/home-page\/"},{"@type":"ListItem","position":2,"name":"Shop","item":"https:\/\/www.miomiorun.com\/shop\/"},{"@type":"ListItem","position":3,"name":"Strobelight 2 pack"}]},{"@type":"WebSite","@id":"https:\/\/www.miomiorun.com\/fr\/#website","url":"https:\/\/www.miomiorun.com\/fr\/","name":"MioMioRun","description":"Boutique 100% running et trail","publisher":{"@id":"https:\/\/www.miomiorun.com\/fr\/#organization"},"potentialAction":[{"@type":"SearchAction","target":{"@type":"EntryPoint","urlTemplate":"https:\/\/www.miomiorun.com\/fr\/?s={search_term_string}"},"query-input":{"@type":"PropertyValueSpecification","valueRequired":true,"valueName":"search_term_string"}}],"inLanguage":"fr-FR"},{"@type":"Organization","@id":"https:\/\/www.miomiorun.com\/fr\/#organization","name":"MioMio Run","url":"https:\/\/www.miomiorun.com\/fr\/","logo":{"@type":"ImageObject","inLanguage":"fr-FR","@id":"https:\/\/www.miomiorun.com\/fr\/#\/schema\/logo\/image\/","url":"https:\/\/www.miomiorun.com\/app\/uploads\/2019\/12\/logomio.png","contentUrl":"https:\/\/www.miomiorun.com\/app\/uploads\/2019\/12\/logomio.png","width":115,"height":82,"caption":"MioMio Run"},"image":{"@id":"https:\/\/www.miomiorun.com\/fr\/#\/schema\/logo\/image\/"},"sameAs":["https:\/\/www.facebook.com\/miomiorun\/","https:\/\/www.instagram.com\/miomiorun\/"]}]}},"_links":{"self":[{"href":"https:\/\/www.miomiorun.com\/fr\/wp-json\/wp\/v2\/product\/298415","targetHints":{"allow":["GET"]}}],"collection":[{"href":"https:\/\/www.miomiorun.com\/fr\/wp-json\/wp\/v2\/product"}],"about":[{"href":"https:\/\/www.miomiorun.com\/fr\/wp-json\/wp\/v2\/types\/product"}],"wp:featuredmedia":[{"embeddable":true,"href":"https:\/\/www.miomiorun.com\/fr\/wp-json\/wp\/v2\/media\/255822"}],"wp:attachment":[{"href":"https:\/\/www.miomiorun.com\/fr\/wp-json\/wp\/v2\/media?parent=298415"}],"wp:term":[{"taxonomy":"product_brand","embeddable":true,"href":"https:\/\/www.miomiorun.com\/fr\/wp-json\/wp\/v2\/product_brand?post=298415"},{"taxonomy":"product_cat","embeddable":true,"href":"https:\/\/www.miomiorun.com\/fr\/wp-json\/wp\/v2\/product_cat?post=298415"},{"taxonomy":"product_tag","embeddable":true,"href":"https:\/\/www.miomiorun.com\/fr\/wp-json\/wp\/v2\/product_tag?post=298415"}],"curies":[{"name":"wp","href":"https:\/\/api.w.org\/{rel}","templated":true}]}}