{"id":298411,"date":"2025-02-07T19:16:36","date_gmt":"2025-02-07T18:16:36","guid":{"rendered":"https:\/\/miomiorun.com\/prodotto\/lightbender-mini-r\/"},"modified":"2025-05-14T12:18:20","modified_gmt":"2025-05-14T10:18:20","slug":"lightbender-mini-r","status":"publish","type":"product","link":"https:\/\/www.miomiorun.com\/fr\/produit\/lightbender-mini-r\/","title":{"rendered":"LightBender mini R"},"content":{"rendered":"<div class=\"dad65929\">\n<div class=\"f9bf7997 d7dc56a8 c05b5566\">\n<div class=\"ds-markdown ds-markdown--block\">\n<p>Avec la <strong>Lightbender Mini R<\/strong> de Nathan Sport, vos sorties nocturnes deviennent une exp\u00e9rience lumineuse et pleine d&#8217;adr\u00e9naline ! Cette lampe frontale compacte et ultra-l\u00e9g\u00e8re est le compagnon id\u00e9al de ceux qui ne s&#8217;arr\u00eatent pas dans l&#8217;obscurit\u00e9.<\/p>\n<p>LED <strong>:<\/strong> 2 LED &#8211; puissance maximale de 6 lumens<br \/>\n<strong>Autonomie :<\/strong> 30 heures (allum\u00e9e), 48 heures (stroboscopique)<br \/>\nR\u00e9sistance \u00e0 l&#8217;eau<strong>:<\/strong> IPX4<\/p>\n<p>&#8211; Lumi\u00e8re RVB : options de LED rouges, vertes et bleues<br \/>\n&#8211; Courroie plus courte pour les coureurs avec des bras plus petits<br \/>\n&#8211; S&#8217;attache rapidement et en toute s\u00e9curit\u00e9 au bras ou \u00e0 la cheville<br \/>\n&#8211; R\u00e9glages multiples pour une lumi\u00e8re clignotante ou fixe<br \/>\n&#8211; Batterie charg\u00e9e<\/p>\n<p>Avec le <strong>Lightbender Mini R<\/strong>, vous ne vous contentez pas de courir dans l&#8217;obscurit\u00e9 : vous dominez la nuit avec style et en toute s\u00e9curit\u00e9.<\/p>\n<p>&nbsp;<\/p>\n<\/div>\n<div class=\"ds-flex\">\n<div class=\"ds-flex abe97156\">\n<div class=\"ds-icon-button\" tabindex=\"0\">\n<div class=\"ds-icon\"><\/div>\n<\/div>\n<div class=\"ds-icon-button\" tabindex=\"0\">\n<div class=\"ds-icon\"><\/div>\n<\/div>\n<div class=\"ds-icon-button\" tabindex=\"0\">\n<div class=\"ds-icon\"><\/div>\n<\/div>\n<div class=\"ds-icon-button\" tabindex=\"0\">\n<div class=\"ds-icon\"><\/div>\n<\/div>\n<\/div>\n<div><\/div>\n<\/div>\n<\/div>\n<\/div>\n<div class=\"e886deb9\">\n<div class=\"e214291b\">\n<\/div>\n<\/div>\n","protected":false},"excerpt":{"rendered":"<ul>\n<li>dur\u00e9e prolong\u00e9e<\/li>\n<li>\u00e9tanche<\/li>\n<\/ul>\n","protected":false},"featured_media":255832,"template":"","meta":{"_acf_changed":false,"inline_featured_image":false},"product_brand":[],"product_cat":[22585,22538],"product_tag":[23511],"class_list":{"0":"post-298411","1":"product","2":"type-product","3":"status-publish","4":"has-post-thumbnail","6":"product_cat-torches-fr","7":"product_cat-accessoires","8":"product_tag-nathan-fr","9":"pa_attivita-outdoor-fr","10":"pa_attivita-running-fr","11":"pa_attivita-trail-fr","12":"pa_marca-nathan-fr","13":"pa_sesso-femme","14":"pa_sesso-homme","16":"first","17":"instock","18":"sale","19":"taxable","20":"shipping-taxable","21":"purchasable","22":"product-type-simple"},"acf":[],"yoast_head":"<!-- This site is optimized with the Yoast SEO plugin v26.8 - https:\/\/yoast.com\/product\/yoast-seo-wordpress\/ -->\n<title>Nathan LightBender mini R - feux de circulation - MioMioRun<\/title>\n<meta name=\"description\" content=\"Lampe frontale compacte et l\u00e9g\u00e8re, batterie rechargeable et conception \u00e9tanche, parfaite pour les courses et les aventures nocturnes\" \/>\n<meta name=\"robots\" content=\"index, follow, max-snippet:-1, max-image-preview:large, max-video-preview:-1\" \/>\n<link rel=\"canonical\" href=\"https:\/\/www.miomiorun.com\/fr\/produit\/lightbender-mini-r\/\" \/>\n<meta property=\"og:locale\" content=\"fr_FR\" \/>\n<meta property=\"og:type\" content=\"article\" \/>\n<meta property=\"og:title\" content=\"Nathan LightBender mini R - feux de circulation - MioMioRun\" \/>\n<meta property=\"og:description\" content=\"Lampe frontale compacte et l\u00e9g\u00e8re, batterie rechargeable et conception \u00e9tanche, parfaite pour les courses et les aventures nocturnes\" \/>\n<meta property=\"og:url\" content=\"https:\/\/www.miomiorun.com\/fr\/produit\/lightbender-mini-r\/\" \/>\n<meta property=\"og:site_name\" content=\"MioMioRun\" \/>\n<meta property=\"article:publisher\" content=\"https:\/\/www.facebook.com\/miomiorun\/\" \/>\n<meta property=\"article:modified_time\" content=\"2025-05-14T10:18:20+00:00\" \/>\n<meta property=\"og:image\" content=\"https:\/\/www.miomiorun.com\/app\/uploads\/2025\/02\/nathan-LightBender-mini-R-5061.webp\" \/>\n\t<meta property=\"og:image:width\" content=\"600\" \/>\n\t<meta property=\"og:image:height\" content=\"600\" \/>\n\t<meta property=\"og:image:type\" content=\"image\/webp\" \/>\n<meta name=\"twitter:card\" content=\"summary_large_image\" \/>\n<meta name=\"twitter:label1\" content=\"Est. reading time\" \/>\n\t<meta name=\"twitter:data1\" content=\"1 minute\" \/>\n<script type=\"application\/ld+json\" class=\"yoast-schema-graph\">{\"@context\":\"https:\/\/schema.org\",\"@graph\":[{\"@type\":\"WebPage\",\"@id\":\"https:\/\/www.miomiorun.com\/fr\/produit\/lightbender-mini-r\/\",\"url\":\"https:\/\/www.miomiorun.com\/fr\/produit\/lightbender-mini-r\/\",\"name\":\"Nathan LightBender mini R - feux de circulation - MioMioRun\",\"isPartOf\":{\"@id\":\"https:\/\/www.miomiorun.com\/fr\/#website\"},\"primaryImageOfPage\":{\"@id\":\"https:\/\/www.miomiorun.com\/fr\/produit\/lightbender-mini-r\/#primaryimage\"},\"image\":{\"@id\":\"https:\/\/www.miomiorun.com\/fr\/produit\/lightbender-mini-r\/#primaryimage\"},\"thumbnailUrl\":\"https:\/\/www.miomiorun.com\/app\/uploads\/2025\/02\/nathan-LightBender-mini-R-5061.webp\",\"datePublished\":\"2025-02-07T18:16:36+00:00\",\"dateModified\":\"2025-05-14T10:18:20+00:00\",\"description\":\"Lampe frontale compacte et l\u00e9g\u00e8re, batterie rechargeable et conception \u00e9tanche, parfaite pour les courses et les aventures nocturnes\",\"breadcrumb\":{\"@id\":\"https:\/\/www.miomiorun.com\/fr\/produit\/lightbender-mini-r\/#breadcrumb\"},\"inLanguage\":\"fr-FR\",\"potentialAction\":[{\"@type\":\"ReadAction\",\"target\":[\"https:\/\/www.miomiorun.com\/fr\/produit\/lightbender-mini-r\/\"]}]},{\"@type\":\"ImageObject\",\"inLanguage\":\"fr-FR\",\"@id\":\"https:\/\/www.miomiorun.com\/fr\/produit\/lightbender-mini-r\/#primaryimage\",\"url\":\"https:\/\/www.miomiorun.com\/app\/uploads\/2025\/02\/nathan-LightBender-mini-R-5061.webp\",\"contentUrl\":\"https:\/\/www.miomiorun.com\/app\/uploads\/2025\/02\/nathan-LightBender-mini-R-5061.webp\",\"width\":600,\"height\":600,\"caption\":\"nathan LightBender mini R 5061\"},{\"@type\":\"BreadcrumbList\",\"@id\":\"https:\/\/www.miomiorun.com\/fr\/produit\/lightbender-mini-r\/#breadcrumb\",\"itemListElement\":[{\"@type\":\"ListItem\",\"position\":1,\"name\":\"Home\",\"item\":\"https:\/\/www.miomiorun.com\/fr\/home-page\/\"},{\"@type\":\"ListItem\",\"position\":2,\"name\":\"Shop\",\"item\":\"https:\/\/www.miomiorun.com\/shop\/\"},{\"@type\":\"ListItem\",\"position\":3,\"name\":\"LightBender mini R\"}]},{\"@type\":\"WebSite\",\"@id\":\"https:\/\/www.miomiorun.com\/fr\/#website\",\"url\":\"https:\/\/www.miomiorun.com\/fr\/\",\"name\":\"MioMioRun\",\"description\":\"Boutique 100% running et trail\",\"publisher\":{\"@id\":\"https:\/\/www.miomiorun.com\/fr\/#organization\"},\"potentialAction\":[{\"@type\":\"SearchAction\",\"target\":{\"@type\":\"EntryPoint\",\"urlTemplate\":\"https:\/\/www.miomiorun.com\/fr\/?s={search_term_string}\"},\"query-input\":{\"@type\":\"PropertyValueSpecification\",\"valueRequired\":true,\"valueName\":\"search_term_string\"}}],\"inLanguage\":\"fr-FR\"},{\"@type\":\"Organization\",\"@id\":\"https:\/\/www.miomiorun.com\/fr\/#organization\",\"name\":\"MioMio Run\",\"url\":\"https:\/\/www.miomiorun.com\/fr\/\",\"logo\":{\"@type\":\"ImageObject\",\"inLanguage\":\"fr-FR\",\"@id\":\"https:\/\/www.miomiorun.com\/fr\/#\/schema\/logo\/image\/\",\"url\":\"https:\/\/www.miomiorun.com\/app\/uploads\/2019\/12\/logomio.png\",\"contentUrl\":\"https:\/\/www.miomiorun.com\/app\/uploads\/2019\/12\/logomio.png\",\"width\":115,\"height\":82,\"caption\":\"MioMio Run\"},\"image\":{\"@id\":\"https:\/\/www.miomiorun.com\/fr\/#\/schema\/logo\/image\/\"},\"sameAs\":[\"https:\/\/www.facebook.com\/miomiorun\/\",\"https:\/\/www.instagram.com\/miomiorun\/\"]}]}<\/script>\n<!-- \/ Yoast SEO plugin. -->","yoast_head_json":{"title":"Nathan LightBender mini R - feux de circulation - MioMioRun","description":"Lampe frontale compacte et l\u00e9g\u00e8re, batterie rechargeable et conception \u00e9tanche, parfaite pour les courses et les aventures nocturnes","robots":{"index":"index","follow":"follow","max-snippet":"max-snippet:-1","max-image-preview":"max-image-preview:large","max-video-preview":"max-video-preview:-1"},"canonical":"https:\/\/www.miomiorun.com\/fr\/produit\/lightbender-mini-r\/","og_locale":"fr_FR","og_type":"article","og_title":"Nathan LightBender mini R - feux de circulation - MioMioRun","og_description":"Lampe frontale compacte et l\u00e9g\u00e8re, batterie rechargeable et conception \u00e9tanche, parfaite pour les courses et les aventures nocturnes","og_url":"https:\/\/www.miomiorun.com\/fr\/produit\/lightbender-mini-r\/","og_site_name":"MioMioRun","article_publisher":"https:\/\/www.facebook.com\/miomiorun\/","article_modified_time":"2025-05-14T10:18:20+00:00","og_image":[{"width":600,"height":600,"url":"https:\/\/www.miomiorun.com\/app\/uploads\/2025\/02\/nathan-LightBender-mini-R-5061.webp","type":"image\/webp"}],"twitter_card":"summary_large_image","twitter_misc":{"Est. reading time":"1 minute"},"schema":{"@context":"https:\/\/schema.org","@graph":[{"@type":"WebPage","@id":"https:\/\/www.miomiorun.com\/fr\/produit\/lightbender-mini-r\/","url":"https:\/\/www.miomiorun.com\/fr\/produit\/lightbender-mini-r\/","name":"Nathan LightBender mini R - feux de circulation - MioMioRun","isPartOf":{"@id":"https:\/\/www.miomiorun.com\/fr\/#website"},"primaryImageOfPage":{"@id":"https:\/\/www.miomiorun.com\/fr\/produit\/lightbender-mini-r\/#primaryimage"},"image":{"@id":"https:\/\/www.miomiorun.com\/fr\/produit\/lightbender-mini-r\/#primaryimage"},"thumbnailUrl":"https:\/\/www.miomiorun.com\/app\/uploads\/2025\/02\/nathan-LightBender-mini-R-5061.webp","datePublished":"2025-02-07T18:16:36+00:00","dateModified":"2025-05-14T10:18:20+00:00","description":"Lampe frontale compacte et l\u00e9g\u00e8re, batterie rechargeable et conception \u00e9tanche, parfaite pour les courses et les aventures nocturnes","breadcrumb":{"@id":"https:\/\/www.miomiorun.com\/fr\/produit\/lightbender-mini-r\/#breadcrumb"},"inLanguage":"fr-FR","potentialAction":[{"@type":"ReadAction","target":["https:\/\/www.miomiorun.com\/fr\/produit\/lightbender-mini-r\/"]}]},{"@type":"ImageObject","inLanguage":"fr-FR","@id":"https:\/\/www.miomiorun.com\/fr\/produit\/lightbender-mini-r\/#primaryimage","url":"https:\/\/www.miomiorun.com\/app\/uploads\/2025\/02\/nathan-LightBender-mini-R-5061.webp","contentUrl":"https:\/\/www.miomiorun.com\/app\/uploads\/2025\/02\/nathan-LightBender-mini-R-5061.webp","width":600,"height":600,"caption":"nathan LightBender mini R 5061"},{"@type":"BreadcrumbList","@id":"https:\/\/www.miomiorun.com\/fr\/produit\/lightbender-mini-r\/#breadcrumb","itemListElement":[{"@type":"ListItem","position":1,"name":"Home","item":"https:\/\/www.miomiorun.com\/fr\/home-page\/"},{"@type":"ListItem","position":2,"name":"Shop","item":"https:\/\/www.miomiorun.com\/shop\/"},{"@type":"ListItem","position":3,"name":"LightBender mini R"}]},{"@type":"WebSite","@id":"https:\/\/www.miomiorun.com\/fr\/#website","url":"https:\/\/www.miomiorun.com\/fr\/","name":"MioMioRun","description":"Boutique 100% running et trail","publisher":{"@id":"https:\/\/www.miomiorun.com\/fr\/#organization"},"potentialAction":[{"@type":"SearchAction","target":{"@type":"EntryPoint","urlTemplate":"https:\/\/www.miomiorun.com\/fr\/?s={search_term_string}"},"query-input":{"@type":"PropertyValueSpecification","valueRequired":true,"valueName":"search_term_string"}}],"inLanguage":"fr-FR"},{"@type":"Organization","@id":"https:\/\/www.miomiorun.com\/fr\/#organization","name":"MioMio Run","url":"https:\/\/www.miomiorun.com\/fr\/","logo":{"@type":"ImageObject","inLanguage":"fr-FR","@id":"https:\/\/www.miomiorun.com\/fr\/#\/schema\/logo\/image\/","url":"https:\/\/www.miomiorun.com\/app\/uploads\/2019\/12\/logomio.png","contentUrl":"https:\/\/www.miomiorun.com\/app\/uploads\/2019\/12\/logomio.png","width":115,"height":82,"caption":"MioMio Run"},"image":{"@id":"https:\/\/www.miomiorun.com\/fr\/#\/schema\/logo\/image\/"},"sameAs":["https:\/\/www.facebook.com\/miomiorun\/","https:\/\/www.instagram.com\/miomiorun\/"]}]}},"_links":{"self":[{"href":"https:\/\/www.miomiorun.com\/fr\/wp-json\/wp\/v2\/product\/298411","targetHints":{"allow":["GET"]}}],"collection":[{"href":"https:\/\/www.miomiorun.com\/fr\/wp-json\/wp\/v2\/product"}],"about":[{"href":"https:\/\/www.miomiorun.com\/fr\/wp-json\/wp\/v2\/types\/product"}],"wp:featuredmedia":[{"embeddable":true,"href":"https:\/\/www.miomiorun.com\/fr\/wp-json\/wp\/v2\/media\/255832"}],"wp:attachment":[{"href":"https:\/\/www.miomiorun.com\/fr\/wp-json\/wp\/v2\/media?parent=298411"}],"wp:term":[{"taxonomy":"product_brand","embeddable":true,"href":"https:\/\/www.miomiorun.com\/fr\/wp-json\/wp\/v2\/product_brand?post=298411"},{"taxonomy":"product_cat","embeddable":true,"href":"https:\/\/www.miomiorun.com\/fr\/wp-json\/wp\/v2\/product_cat?post=298411"},{"taxonomy":"product_tag","embeddable":true,"href":"https:\/\/www.miomiorun.com\/fr\/wp-json\/wp\/v2\/product_tag?post=298411"}],"curies":[{"name":"wp","href":"https:\/\/api.w.org\/{rel}","templated":true}]}}