{"id":298402,"date":"2025-02-08T16:13:33","date_gmt":"2025-02-08T15:13:33","guid":{"rendered":"https:\/\/miomiorun.com\/prodotto\/lean-arm-band\/"},"modified":"2025-05-14T10:20:51","modified_gmt":"2025-05-14T08:20:51","slug":"lean-arm-band","status":"publish","type":"product","link":"https:\/\/www.miomiorun.com\/fr\/produit\/lean-arm-band\/","title":{"rendered":"Lean arm band"},"content":{"rendered":"<p>Le brassard Nike Lean est compatible avec la plupart des smartphones. Il est dot\u00e9 d&#8217;une poche avec fermeture velcro pour plus de s\u00e9curit\u00e9. Une fen\u00eatre transparente permet de prot\u00e9ger l&#8217;\u00e9cran et d&#8217;y acc\u00e9der.<\/p>\n<p><strong>Caract\u00e9ristiques :<br \/>\n<\/strong><\/p>\n<p>&#8211; Sangle de bras r\u00e9glable pour un ajustement personnalis\u00e9<\/p>\n<p>&#8211; D\u00e9tails r\u00e9fl\u00e9chissants visibles dans des conditions de faible luminosit\u00e9<\/p>\n<p>&#8211; Mati\u00e8re : 38% n\u00e9opr\u00e8ne, 25% polyester, 13% nylon, 13% alliage d&#8217;aluminium, 11% polyur\u00e9thane thermoplastique<\/p>\n","protected":false},"excerpt":{"rendered":"<p>Le brassard Nike Lean est compatible avec la plupart des smartphones. Il est dot\u00e9 d&#8217;une poche avec fermeture velcro pour plus de s\u00e9curit\u00e9. Une fen\u00eatre transparente permet de prot\u00e9ger l&#8217;\u00e9cran et d&#8217;y acc\u00e9der. Caract\u00e9ristiques : &#8211; Sangle de bras r\u00e9glable pour un ajustement personnalis\u00e9 &#8211; D\u00e9tails r\u00e9fl\u00e9chissants visibles dans des conditions de faible luminosit\u00e9 &#8211; &hellip; <a href=\"https:\/\/www.miomiorun.com\/fr\/produit\/lean-arm-band\/\">Continued<\/a><\/p>\n","protected":false},"featured_media":255998,"template":"","meta":{"_acf_changed":false,"inline_featured_image":false},"product_brand":[],"product_cat":[22586,22538],"product_tag":[23507],"class_list":{"0":"post-298402","1":"product","2":"type-product","3":"status-publish","4":"has-post-thumbnail","6":"product_cat-divers","7":"product_cat-accessoires","8":"product_tag-nike-fr","9":"pa_attivita-fitness-fr","10":"pa_attivita-marcher","11":"pa_attivita-running-fr","12":"pa_marca-nike-fr","13":"pa_sesso-femme","14":"pa_sesso-homme","16":"first","17":"instock","18":"sale","19":"taxable","20":"shipping-taxable","21":"purchasable","22":"product-type-simple"},"acf":[],"yoast_head":"<!-- This site is optimized with the Yoast SEO plugin v26.8 - https:\/\/yoast.com\/product\/yoast-seo-wordpress\/ -->\n<title>NikeLean arm band -Brassard - MioMioRun<\/title>\n<meta name=\"description\" content=\"Le brassard l\u00e9ger vous permet de garder votre t\u00e9l\u00e9phone \u00e0 port\u00e9e de main sans occuper vos mains, o\u00f9 que vous soyez, sur la piste, dans la rue ou lors d&#039;une marche en montagne.\" \/>\n<meta name=\"robots\" content=\"index, follow, max-snippet:-1, max-image-preview:large, max-video-preview:-1\" \/>\n<link rel=\"canonical\" href=\"https:\/\/www.miomiorun.com\/fr\/produit\/lean-arm-band\/\" \/>\n<meta property=\"og:locale\" content=\"fr_FR\" \/>\n<meta property=\"og:type\" content=\"article\" \/>\n<meta property=\"og:title\" content=\"NikeLean arm band -Brassard - MioMioRun\" \/>\n<meta property=\"og:description\" content=\"Le brassard l\u00e9ger vous permet de garder votre t\u00e9l\u00e9phone \u00e0 port\u00e9e de main sans occuper vos mains, o\u00f9 que vous soyez, sur la piste, dans la rue ou lors d&#039;une marche en montagne.\" \/>\n<meta property=\"og:url\" content=\"https:\/\/www.miomiorun.com\/fr\/produit\/lean-arm-band\/\" \/>\n<meta property=\"og:site_name\" content=\"MioMioRun\" \/>\n<meta property=\"article:publisher\" content=\"https:\/\/www.facebook.com\/miomiorun\/\" \/>\n<meta property=\"article:modified_time\" content=\"2025-05-14T08:20:51+00:00\" \/>\n<meta property=\"og:image\" content=\"https:\/\/www.miomiorun.com\/app\/uploads\/2025\/02\/nike-lean-arm-band-BK-BK-SL-NRN650820S.webp\" \/>\n\t<meta property=\"og:image:width\" content=\"600\" \/>\n\t<meta property=\"og:image:height\" content=\"600\" \/>\n\t<meta property=\"og:image:type\" content=\"image\/webp\" \/>\n<meta name=\"twitter:card\" content=\"summary_large_image\" \/>\n<script type=\"application\/ld+json\" class=\"yoast-schema-graph\">{\"@context\":\"https:\/\/schema.org\",\"@graph\":[{\"@type\":\"WebPage\",\"@id\":\"https:\/\/www.miomiorun.com\/fr\/produit\/lean-arm-band\/\",\"url\":\"https:\/\/www.miomiorun.com\/fr\/produit\/lean-arm-band\/\",\"name\":\"NikeLean arm band -Brassard - MioMioRun\",\"isPartOf\":{\"@id\":\"https:\/\/www.miomiorun.com\/fr\/#website\"},\"primaryImageOfPage\":{\"@id\":\"https:\/\/www.miomiorun.com\/fr\/produit\/lean-arm-band\/#primaryimage\"},\"image\":{\"@id\":\"https:\/\/www.miomiorun.com\/fr\/produit\/lean-arm-band\/#primaryimage\"},\"thumbnailUrl\":\"https:\/\/www.miomiorun.com\/app\/uploads\/2025\/02\/nike-lean-arm-band-BK-BK-SL-NRN650820S.webp\",\"datePublished\":\"2025-02-08T15:13:33+00:00\",\"dateModified\":\"2025-05-14T08:20:51+00:00\",\"description\":\"Le brassard l\u00e9ger vous permet de garder votre t\u00e9l\u00e9phone \u00e0 port\u00e9e de main sans occuper vos mains, o\u00f9 que vous soyez, sur la piste, dans la rue ou lors d'une marche en montagne.\",\"breadcrumb\":{\"@id\":\"https:\/\/www.miomiorun.com\/fr\/produit\/lean-arm-band\/#breadcrumb\"},\"inLanguage\":\"fr-FR\",\"potentialAction\":[{\"@type\":\"ReadAction\",\"target\":[\"https:\/\/www.miomiorun.com\/fr\/produit\/lean-arm-band\/\"]}]},{\"@type\":\"ImageObject\",\"inLanguage\":\"fr-FR\",\"@id\":\"https:\/\/www.miomiorun.com\/fr\/produit\/lean-arm-band\/#primaryimage\",\"url\":\"https:\/\/www.miomiorun.com\/app\/uploads\/2025\/02\/nike-lean-arm-band-BK-BK-SL-NRN650820S.webp\",\"contentUrl\":\"https:\/\/www.miomiorun.com\/app\/uploads\/2025\/02\/nike-lean-arm-band-BK-BK-SL-NRN650820S.webp\",\"width\":600,\"height\":600,\"caption\":\"nike lean arm band BK BK SL NRN650820S\"},{\"@type\":\"BreadcrumbList\",\"@id\":\"https:\/\/www.miomiorun.com\/fr\/produit\/lean-arm-band\/#breadcrumb\",\"itemListElement\":[{\"@type\":\"ListItem\",\"position\":1,\"name\":\"Home\",\"item\":\"https:\/\/www.miomiorun.com\/fr\/home-page\/\"},{\"@type\":\"ListItem\",\"position\":2,\"name\":\"Shop\",\"item\":\"https:\/\/www.miomiorun.com\/shop\/\"},{\"@type\":\"ListItem\",\"position\":3,\"name\":\"Lean arm band\"}]},{\"@type\":\"WebSite\",\"@id\":\"https:\/\/www.miomiorun.com\/fr\/#website\",\"url\":\"https:\/\/www.miomiorun.com\/fr\/\",\"name\":\"MioMioRun\",\"description\":\"Boutique 100% running et trail\",\"publisher\":{\"@id\":\"https:\/\/www.miomiorun.com\/fr\/#organization\"},\"potentialAction\":[{\"@type\":\"SearchAction\",\"target\":{\"@type\":\"EntryPoint\",\"urlTemplate\":\"https:\/\/www.miomiorun.com\/fr\/?s={search_term_string}\"},\"query-input\":{\"@type\":\"PropertyValueSpecification\",\"valueRequired\":true,\"valueName\":\"search_term_string\"}}],\"inLanguage\":\"fr-FR\"},{\"@type\":\"Organization\",\"@id\":\"https:\/\/www.miomiorun.com\/fr\/#organization\",\"name\":\"MioMio Run\",\"url\":\"https:\/\/www.miomiorun.com\/fr\/\",\"logo\":{\"@type\":\"ImageObject\",\"inLanguage\":\"fr-FR\",\"@id\":\"https:\/\/www.miomiorun.com\/fr\/#\/schema\/logo\/image\/\",\"url\":\"https:\/\/www.miomiorun.com\/app\/uploads\/2019\/12\/logomio.png\",\"contentUrl\":\"https:\/\/www.miomiorun.com\/app\/uploads\/2019\/12\/logomio.png\",\"width\":115,\"height\":82,\"caption\":\"MioMio Run\"},\"image\":{\"@id\":\"https:\/\/www.miomiorun.com\/fr\/#\/schema\/logo\/image\/\"},\"sameAs\":[\"https:\/\/www.facebook.com\/miomiorun\/\",\"https:\/\/www.instagram.com\/miomiorun\/\"]}]}<\/script>\n<!-- \/ Yoast SEO plugin. -->","yoast_head_json":{"title":"NikeLean arm band -Brassard - MioMioRun","description":"Le brassard l\u00e9ger vous permet de garder votre t\u00e9l\u00e9phone \u00e0 port\u00e9e de main sans occuper vos mains, o\u00f9 que vous soyez, sur la piste, dans la rue ou lors d'une marche en montagne.","robots":{"index":"index","follow":"follow","max-snippet":"max-snippet:-1","max-image-preview":"max-image-preview:large","max-video-preview":"max-video-preview:-1"},"canonical":"https:\/\/www.miomiorun.com\/fr\/produit\/lean-arm-band\/","og_locale":"fr_FR","og_type":"article","og_title":"NikeLean arm band -Brassard - MioMioRun","og_description":"Le brassard l\u00e9ger vous permet de garder votre t\u00e9l\u00e9phone \u00e0 port\u00e9e de main sans occuper vos mains, o\u00f9 que vous soyez, sur la piste, dans la rue ou lors d'une marche en montagne.","og_url":"https:\/\/www.miomiorun.com\/fr\/produit\/lean-arm-band\/","og_site_name":"MioMioRun","article_publisher":"https:\/\/www.facebook.com\/miomiorun\/","article_modified_time":"2025-05-14T08:20:51+00:00","og_image":[{"width":600,"height":600,"url":"https:\/\/www.miomiorun.com\/app\/uploads\/2025\/02\/nike-lean-arm-band-BK-BK-SL-NRN650820S.webp","type":"image\/webp"}],"twitter_card":"summary_large_image","schema":{"@context":"https:\/\/schema.org","@graph":[{"@type":"WebPage","@id":"https:\/\/www.miomiorun.com\/fr\/produit\/lean-arm-band\/","url":"https:\/\/www.miomiorun.com\/fr\/produit\/lean-arm-band\/","name":"NikeLean arm band -Brassard - MioMioRun","isPartOf":{"@id":"https:\/\/www.miomiorun.com\/fr\/#website"},"primaryImageOfPage":{"@id":"https:\/\/www.miomiorun.com\/fr\/produit\/lean-arm-band\/#primaryimage"},"image":{"@id":"https:\/\/www.miomiorun.com\/fr\/produit\/lean-arm-band\/#primaryimage"},"thumbnailUrl":"https:\/\/www.miomiorun.com\/app\/uploads\/2025\/02\/nike-lean-arm-band-BK-BK-SL-NRN650820S.webp","datePublished":"2025-02-08T15:13:33+00:00","dateModified":"2025-05-14T08:20:51+00:00","description":"Le brassard l\u00e9ger vous permet de garder votre t\u00e9l\u00e9phone \u00e0 port\u00e9e de main sans occuper vos mains, o\u00f9 que vous soyez, sur la piste, dans la rue ou lors d'une marche en montagne.","breadcrumb":{"@id":"https:\/\/www.miomiorun.com\/fr\/produit\/lean-arm-band\/#breadcrumb"},"inLanguage":"fr-FR","potentialAction":[{"@type":"ReadAction","target":["https:\/\/www.miomiorun.com\/fr\/produit\/lean-arm-band\/"]}]},{"@type":"ImageObject","inLanguage":"fr-FR","@id":"https:\/\/www.miomiorun.com\/fr\/produit\/lean-arm-band\/#primaryimage","url":"https:\/\/www.miomiorun.com\/app\/uploads\/2025\/02\/nike-lean-arm-band-BK-BK-SL-NRN650820S.webp","contentUrl":"https:\/\/www.miomiorun.com\/app\/uploads\/2025\/02\/nike-lean-arm-band-BK-BK-SL-NRN650820S.webp","width":600,"height":600,"caption":"nike lean arm band BK BK SL NRN650820S"},{"@type":"BreadcrumbList","@id":"https:\/\/www.miomiorun.com\/fr\/produit\/lean-arm-band\/#breadcrumb","itemListElement":[{"@type":"ListItem","position":1,"name":"Home","item":"https:\/\/www.miomiorun.com\/fr\/home-page\/"},{"@type":"ListItem","position":2,"name":"Shop","item":"https:\/\/www.miomiorun.com\/shop\/"},{"@type":"ListItem","position":3,"name":"Lean arm band"}]},{"@type":"WebSite","@id":"https:\/\/www.miomiorun.com\/fr\/#website","url":"https:\/\/www.miomiorun.com\/fr\/","name":"MioMioRun","description":"Boutique 100% running et trail","publisher":{"@id":"https:\/\/www.miomiorun.com\/fr\/#organization"},"potentialAction":[{"@type":"SearchAction","target":{"@type":"EntryPoint","urlTemplate":"https:\/\/www.miomiorun.com\/fr\/?s={search_term_string}"},"query-input":{"@type":"PropertyValueSpecification","valueRequired":true,"valueName":"search_term_string"}}],"inLanguage":"fr-FR"},{"@type":"Organization","@id":"https:\/\/www.miomiorun.com\/fr\/#organization","name":"MioMio Run","url":"https:\/\/www.miomiorun.com\/fr\/","logo":{"@type":"ImageObject","inLanguage":"fr-FR","@id":"https:\/\/www.miomiorun.com\/fr\/#\/schema\/logo\/image\/","url":"https:\/\/www.miomiorun.com\/app\/uploads\/2019\/12\/logomio.png","contentUrl":"https:\/\/www.miomiorun.com\/app\/uploads\/2019\/12\/logomio.png","width":115,"height":82,"caption":"MioMio Run"},"image":{"@id":"https:\/\/www.miomiorun.com\/fr\/#\/schema\/logo\/image\/"},"sameAs":["https:\/\/www.facebook.com\/miomiorun\/","https:\/\/www.instagram.com\/miomiorun\/"]}]}},"_links":{"self":[{"href":"https:\/\/www.miomiorun.com\/fr\/wp-json\/wp\/v2\/product\/298402","targetHints":{"allow":["GET"]}}],"collection":[{"href":"https:\/\/www.miomiorun.com\/fr\/wp-json\/wp\/v2\/product"}],"about":[{"href":"https:\/\/www.miomiorun.com\/fr\/wp-json\/wp\/v2\/types\/product"}],"wp:featuredmedia":[{"embeddable":true,"href":"https:\/\/www.miomiorun.com\/fr\/wp-json\/wp\/v2\/media\/255998"}],"wp:attachment":[{"href":"https:\/\/www.miomiorun.com\/fr\/wp-json\/wp\/v2\/media?parent=298402"}],"wp:term":[{"taxonomy":"product_brand","embeddable":true,"href":"https:\/\/www.miomiorun.com\/fr\/wp-json\/wp\/v2\/product_brand?post=298402"},{"taxonomy":"product_cat","embeddable":true,"href":"https:\/\/www.miomiorun.com\/fr\/wp-json\/wp\/v2\/product_cat?post=298402"},{"taxonomy":"product_tag","embeddable":true,"href":"https:\/\/www.miomiorun.com\/fr\/wp-json\/wp\/v2\/product_tag?post=298402"}],"curies":[{"name":"wp","href":"https:\/\/api.w.org\/{rel}","templated":true}]}}