{"id":298342,"date":"2025-02-10T17:43:03","date_gmt":"2025-02-10T16:43:03","guid":{"rendered":"https:\/\/miomiorun.com\/prodotto\/extreme-fitness-gloves\/"},"modified":"2025-05-13T18:33:27","modified_gmt":"2025-05-13T16:33:27","slug":"extreme-fitness-gloves","status":"publish","type":"product","link":"https:\/\/www.miomiorun.com\/fr\/produit\/extreme-fitness-gloves\/","title":{"rendered":"extreme fitness gloves"},"content":{"rendered":"<p>Les gants de fitness extr\u00eame combinent un rembourrage en mousse de faible densit\u00e9 et des mat\u00e9riaux l\u00e9gers pour des mouvements naturels. La maille respirante sur le dos de la main et les inserts perfor\u00e9s sur la paume assurent une bonne circulation de l&#8217;air pour une peau s\u00e8che et un confort d&#8217;entra\u00eenement maximal.<\/p>\n<p>AVANTAGES<\/p>\n<p>Mousse basse densit\u00e9 qui prot\u00e8ge la paume sans compromettre la sensibilit\u00e9 ni la souplesse.<br \/>\nFermeture auto-agrippante r\u00e9glable au poignet, en maille pour une peau toujours s\u00e8che.<br \/>\nPattes int\u00e9gr\u00e9es pour faciliter l&#8217;enfilage des gants.<\/p>\n<p>ONGLETS INT\u00c9GR\u00c9S POUR FACILITER L&#8217;ENFILAGE DES GANTS :<\/p>\n<p>Mat\u00e9riaux : Paume : 51 % polyester\/22 % nylon\/27 % polyur\u00e9thane.<\/p>\n<p>Dos : 94% polyester\/4% nylon\/2% polyur\u00e9thane.<\/p>\n<p>Autres : 52% polyester\/37% nylon\/9% spandex\/2% polyur\u00e9thane.<\/p>\n","protected":false},"excerpt":{"rendered":"<ul class=\"selling-points\">\n<li>gants id\u00e9aux pour le fitness<\/li>\n<li>\u00e9quip\u00e9 d&#8217;un coussin sur la paume<\/li>\n<\/ul>\n","protected":false},"featured_media":256019,"template":"","meta":{"_acf_changed":false,"inline_featured_image":false},"product_brand":[],"product_cat":[22581,22538],"product_tag":[23507,23505,23519],"class_list":{"0":"post-298342","1":"product","2":"type-product","3":"status-publish","4":"has-post-thumbnail","6":"product_cat-gants","7":"product_cat-accessoires","8":"product_tag-nike-fr","9":"product_tag-nike-femme","10":"product_tag-nike-homme","11":"pa_attivita-fitness-fr","12":"pa_marca-nike-fr","13":"pa_sesso-femme","14":"pa_sesso-homme","15":"pa_size-small-fr","16":"pa_size-medium-fr","18":"first","19":"instock","20":"sale","21":"taxable","22":"shipping-taxable","23":"purchasable","24":"product-type-variable","25":"wvs-archive-product-wrapper"},"acf":[],"yoast_head":"<!-- This site is optimized with the Yoast SEO plugin v26.8 - https:\/\/yoast.com\/product\/yoast-seo-wordpress\/ -->\n<title>Nike extreme fitness gloves - gants de course - MioMioRun.com<\/title>\n<meta name=\"description\" content=\"Gants avec mousse de faible densit\u00e9 pour la protection de la paume. Fermeture auto-agrippante r\u00e9glable au poignet et languettes int\u00e9gr\u00e9es pour faciliter l&#039;enfilage des gants.\" \/>\n<meta name=\"robots\" content=\"index, follow, max-snippet:-1, max-image-preview:large, max-video-preview:-1\" \/>\n<link rel=\"canonical\" href=\"https:\/\/www.miomiorun.com\/fr\/produit\/extreme-fitness-gloves\/\" \/>\n<meta property=\"og:locale\" content=\"fr_FR\" \/>\n<meta property=\"og:type\" content=\"article\" \/>\n<meta property=\"og:title\" content=\"Nike extreme fitness gloves - gants de course - MioMioRun.com\" \/>\n<meta property=\"og:description\" content=\"Gants avec mousse de faible densit\u00e9 pour la protection de la paume. Fermeture auto-agrippante r\u00e9glable au poignet et languettes int\u00e9gr\u00e9es pour faciliter l&#039;enfilage des gants.\" \/>\n<meta property=\"og:url\" content=\"https:\/\/www.miomiorun.com\/fr\/produit\/extreme-fitness-gloves\/\" \/>\n<meta property=\"og:site_name\" content=\"MioMioRun\" \/>\n<meta property=\"article:publisher\" content=\"https:\/\/www.facebook.com\/miomiorun\/\" \/>\n<meta property=\"article:modified_time\" content=\"2025-05-13T16:33:27+00:00\" \/>\n<meta property=\"og:image\" content=\"https:\/\/www.miomiorun.com\/app\/uploads\/2025\/02\/nike-extreme-fitness-gloves-BK-AT-WH-NLGC4945.webp\" \/>\n\t<meta property=\"og:image:width\" content=\"600\" \/>\n\t<meta property=\"og:image:height\" content=\"600\" \/>\n\t<meta property=\"og:image:type\" content=\"image\/webp\" \/>\n<meta name=\"twitter:card\" content=\"summary_large_image\" \/>\n<meta name=\"twitter:label1\" content=\"Est. reading time\" \/>\n\t<meta name=\"twitter:data1\" content=\"1 minute\" \/>\n<script type=\"application\/ld+json\" class=\"yoast-schema-graph\">{\"@context\":\"https:\/\/schema.org\",\"@graph\":[{\"@type\":\"WebPage\",\"@id\":\"https:\/\/www.miomiorun.com\/fr\/produit\/extreme-fitness-gloves\/\",\"url\":\"https:\/\/www.miomiorun.com\/fr\/produit\/extreme-fitness-gloves\/\",\"name\":\"Nike extreme fitness gloves - gants de course - MioMioRun.com\",\"isPartOf\":{\"@id\":\"https:\/\/www.miomiorun.com\/fr\/#website\"},\"primaryImageOfPage\":{\"@id\":\"https:\/\/www.miomiorun.com\/fr\/produit\/extreme-fitness-gloves\/#primaryimage\"},\"image\":{\"@id\":\"https:\/\/www.miomiorun.com\/fr\/produit\/extreme-fitness-gloves\/#primaryimage\"},\"thumbnailUrl\":\"https:\/\/www.miomiorun.com\/app\/uploads\/2025\/02\/nike-extreme-fitness-gloves-BK-AT-WH-NLGC4945.webp\",\"datePublished\":\"2025-02-10T16:43:03+00:00\",\"dateModified\":\"2025-05-13T16:33:27+00:00\",\"description\":\"Gants avec mousse de faible densit\u00e9 pour la protection de la paume. Fermeture auto-agrippante r\u00e9glable au poignet et languettes int\u00e9gr\u00e9es pour faciliter l'enfilage des gants.\",\"breadcrumb\":{\"@id\":\"https:\/\/www.miomiorun.com\/fr\/produit\/extreme-fitness-gloves\/#breadcrumb\"},\"inLanguage\":\"fr-FR\",\"potentialAction\":[{\"@type\":\"ReadAction\",\"target\":[\"https:\/\/www.miomiorun.com\/fr\/produit\/extreme-fitness-gloves\/\"]}]},{\"@type\":\"ImageObject\",\"inLanguage\":\"fr-FR\",\"@id\":\"https:\/\/www.miomiorun.com\/fr\/produit\/extreme-fitness-gloves\/#primaryimage\",\"url\":\"https:\/\/www.miomiorun.com\/app\/uploads\/2025\/02\/nike-extreme-fitness-gloves-BK-AT-WH-NLGC4945.webp\",\"contentUrl\":\"https:\/\/www.miomiorun.com\/app\/uploads\/2025\/02\/nike-extreme-fitness-gloves-BK-AT-WH-NLGC4945.webp\",\"width\":600,\"height\":600,\"caption\":\"nike extreme fitness gloves BK AT WH NLGC4945\"},{\"@type\":\"BreadcrumbList\",\"@id\":\"https:\/\/www.miomiorun.com\/fr\/produit\/extreme-fitness-gloves\/#breadcrumb\",\"itemListElement\":[{\"@type\":\"ListItem\",\"position\":1,\"name\":\"Home\",\"item\":\"https:\/\/www.miomiorun.com\/fr\/home-page\/\"},{\"@type\":\"ListItem\",\"position\":2,\"name\":\"Shop\",\"item\":\"https:\/\/www.miomiorun.com\/shop\/\"},{\"@type\":\"ListItem\",\"position\":3,\"name\":\"extreme fitness gloves\"}]},{\"@type\":\"WebSite\",\"@id\":\"https:\/\/www.miomiorun.com\/fr\/#website\",\"url\":\"https:\/\/www.miomiorun.com\/fr\/\",\"name\":\"MioMioRun\",\"description\":\"Boutique 100% running et trail\",\"publisher\":{\"@id\":\"https:\/\/www.miomiorun.com\/fr\/#organization\"},\"potentialAction\":[{\"@type\":\"SearchAction\",\"target\":{\"@type\":\"EntryPoint\",\"urlTemplate\":\"https:\/\/www.miomiorun.com\/fr\/?s={search_term_string}\"},\"query-input\":{\"@type\":\"PropertyValueSpecification\",\"valueRequired\":true,\"valueName\":\"search_term_string\"}}],\"inLanguage\":\"fr-FR\"},{\"@type\":\"Organization\",\"@id\":\"https:\/\/www.miomiorun.com\/fr\/#organization\",\"name\":\"MioMio Run\",\"url\":\"https:\/\/www.miomiorun.com\/fr\/\",\"logo\":{\"@type\":\"ImageObject\",\"inLanguage\":\"fr-FR\",\"@id\":\"https:\/\/www.miomiorun.com\/fr\/#\/schema\/logo\/image\/\",\"url\":\"https:\/\/www.miomiorun.com\/app\/uploads\/2019\/12\/logomio.png\",\"contentUrl\":\"https:\/\/www.miomiorun.com\/app\/uploads\/2019\/12\/logomio.png\",\"width\":115,\"height\":82,\"caption\":\"MioMio Run\"},\"image\":{\"@id\":\"https:\/\/www.miomiorun.com\/fr\/#\/schema\/logo\/image\/\"},\"sameAs\":[\"https:\/\/www.facebook.com\/miomiorun\/\",\"https:\/\/www.instagram.com\/miomiorun\/\"]}]}<\/script>\n<!-- \/ Yoast SEO plugin. -->","yoast_head_json":{"title":"Nike extreme fitness gloves - gants de course - MioMioRun.com","description":"Gants avec mousse de faible densit\u00e9 pour la protection de la paume. Fermeture auto-agrippante r\u00e9glable au poignet et languettes int\u00e9gr\u00e9es pour faciliter l'enfilage des gants.","robots":{"index":"index","follow":"follow","max-snippet":"max-snippet:-1","max-image-preview":"max-image-preview:large","max-video-preview":"max-video-preview:-1"},"canonical":"https:\/\/www.miomiorun.com\/fr\/produit\/extreme-fitness-gloves\/","og_locale":"fr_FR","og_type":"article","og_title":"Nike extreme fitness gloves - gants de course - MioMioRun.com","og_description":"Gants avec mousse de faible densit\u00e9 pour la protection de la paume. Fermeture auto-agrippante r\u00e9glable au poignet et languettes int\u00e9gr\u00e9es pour faciliter l'enfilage des gants.","og_url":"https:\/\/www.miomiorun.com\/fr\/produit\/extreme-fitness-gloves\/","og_site_name":"MioMioRun","article_publisher":"https:\/\/www.facebook.com\/miomiorun\/","article_modified_time":"2025-05-13T16:33:27+00:00","og_image":[{"width":600,"height":600,"url":"https:\/\/www.miomiorun.com\/app\/uploads\/2025\/02\/nike-extreme-fitness-gloves-BK-AT-WH-NLGC4945.webp","type":"image\/webp"}],"twitter_card":"summary_large_image","twitter_misc":{"Est. reading time":"1 minute"},"schema":{"@context":"https:\/\/schema.org","@graph":[{"@type":"WebPage","@id":"https:\/\/www.miomiorun.com\/fr\/produit\/extreme-fitness-gloves\/","url":"https:\/\/www.miomiorun.com\/fr\/produit\/extreme-fitness-gloves\/","name":"Nike extreme fitness gloves - gants de course - MioMioRun.com","isPartOf":{"@id":"https:\/\/www.miomiorun.com\/fr\/#website"},"primaryImageOfPage":{"@id":"https:\/\/www.miomiorun.com\/fr\/produit\/extreme-fitness-gloves\/#primaryimage"},"image":{"@id":"https:\/\/www.miomiorun.com\/fr\/produit\/extreme-fitness-gloves\/#primaryimage"},"thumbnailUrl":"https:\/\/www.miomiorun.com\/app\/uploads\/2025\/02\/nike-extreme-fitness-gloves-BK-AT-WH-NLGC4945.webp","datePublished":"2025-02-10T16:43:03+00:00","dateModified":"2025-05-13T16:33:27+00:00","description":"Gants avec mousse de faible densit\u00e9 pour la protection de la paume. Fermeture auto-agrippante r\u00e9glable au poignet et languettes int\u00e9gr\u00e9es pour faciliter l'enfilage des gants.","breadcrumb":{"@id":"https:\/\/www.miomiorun.com\/fr\/produit\/extreme-fitness-gloves\/#breadcrumb"},"inLanguage":"fr-FR","potentialAction":[{"@type":"ReadAction","target":["https:\/\/www.miomiorun.com\/fr\/produit\/extreme-fitness-gloves\/"]}]},{"@type":"ImageObject","inLanguage":"fr-FR","@id":"https:\/\/www.miomiorun.com\/fr\/produit\/extreme-fitness-gloves\/#primaryimage","url":"https:\/\/www.miomiorun.com\/app\/uploads\/2025\/02\/nike-extreme-fitness-gloves-BK-AT-WH-NLGC4945.webp","contentUrl":"https:\/\/www.miomiorun.com\/app\/uploads\/2025\/02\/nike-extreme-fitness-gloves-BK-AT-WH-NLGC4945.webp","width":600,"height":600,"caption":"nike extreme fitness gloves BK AT WH NLGC4945"},{"@type":"BreadcrumbList","@id":"https:\/\/www.miomiorun.com\/fr\/produit\/extreme-fitness-gloves\/#breadcrumb","itemListElement":[{"@type":"ListItem","position":1,"name":"Home","item":"https:\/\/www.miomiorun.com\/fr\/home-page\/"},{"@type":"ListItem","position":2,"name":"Shop","item":"https:\/\/www.miomiorun.com\/shop\/"},{"@type":"ListItem","position":3,"name":"extreme fitness gloves"}]},{"@type":"WebSite","@id":"https:\/\/www.miomiorun.com\/fr\/#website","url":"https:\/\/www.miomiorun.com\/fr\/","name":"MioMioRun","description":"Boutique 100% running et trail","publisher":{"@id":"https:\/\/www.miomiorun.com\/fr\/#organization"},"potentialAction":[{"@type":"SearchAction","target":{"@type":"EntryPoint","urlTemplate":"https:\/\/www.miomiorun.com\/fr\/?s={search_term_string}"},"query-input":{"@type":"PropertyValueSpecification","valueRequired":true,"valueName":"search_term_string"}}],"inLanguage":"fr-FR"},{"@type":"Organization","@id":"https:\/\/www.miomiorun.com\/fr\/#organization","name":"MioMio Run","url":"https:\/\/www.miomiorun.com\/fr\/","logo":{"@type":"ImageObject","inLanguage":"fr-FR","@id":"https:\/\/www.miomiorun.com\/fr\/#\/schema\/logo\/image\/","url":"https:\/\/www.miomiorun.com\/app\/uploads\/2019\/12\/logomio.png","contentUrl":"https:\/\/www.miomiorun.com\/app\/uploads\/2019\/12\/logomio.png","width":115,"height":82,"caption":"MioMio Run"},"image":{"@id":"https:\/\/www.miomiorun.com\/fr\/#\/schema\/logo\/image\/"},"sameAs":["https:\/\/www.facebook.com\/miomiorun\/","https:\/\/www.instagram.com\/miomiorun\/"]}]}},"_links":{"self":[{"href":"https:\/\/www.miomiorun.com\/fr\/wp-json\/wp\/v2\/product\/298342","targetHints":{"allow":["GET"]}}],"collection":[{"href":"https:\/\/www.miomiorun.com\/fr\/wp-json\/wp\/v2\/product"}],"about":[{"href":"https:\/\/www.miomiorun.com\/fr\/wp-json\/wp\/v2\/types\/product"}],"wp:featuredmedia":[{"embeddable":true,"href":"https:\/\/www.miomiorun.com\/fr\/wp-json\/wp\/v2\/media\/256019"}],"wp:attachment":[{"href":"https:\/\/www.miomiorun.com\/fr\/wp-json\/wp\/v2\/media?parent=298342"}],"wp:term":[{"taxonomy":"product_brand","embeddable":true,"href":"https:\/\/www.miomiorun.com\/fr\/wp-json\/wp\/v2\/product_brand?post=298342"},{"taxonomy":"product_cat","embeddable":true,"href":"https:\/\/www.miomiorun.com\/fr\/wp-json\/wp\/v2\/product_cat?post=298342"},{"taxonomy":"product_tag","embeddable":true,"href":"https:\/\/www.miomiorun.com\/fr\/wp-json\/wp\/v2\/product_tag?post=298342"}],"curies":[{"name":"wp","href":"https:\/\/api.w.org\/{rel}","templated":true}]}}