{"id":298220,"date":"2025-02-10T19:09:52","date_gmt":"2025-02-10T18:09:52","guid":{"rendered":"https:\/\/miomiorun.com\/prodotto\/journey-7-2-in-1-short-uomo\/"},"modified":"2026-05-08T22:27:45","modified_gmt":"2026-05-08T20:27:45","slug":"journey-7-2-in-1-short-homme","status":"publish","type":"product","link":"https:\/\/www.miomiorun.com\/fr\/produit\/journey-7-2-in-1-short-homme\/","title":{"rendered":"Journey 7&#8243; 2-in-1 Short homme"},"content":{"rendered":"<p>Ce short de course 2-en-1 Journey 7&#8243; est id\u00e9al pour ceux qui recherchent une protection suppl\u00e9mentaire sans compromettre leur libert\u00e9 de mouvement. Compos\u00e9 d&#8217;un cale\u00e7on int\u00e9rieur en maille ultra-l\u00e9g\u00e8re, il offre une sensation de compression qui soutient sans alourdir, garantissant un confort maximal pendant l&#8217;activit\u00e9 physique. Le tissu extensible dans les 4 sens permet un ajustement parfait, s&#8217;adaptant au corps pour des mouvements fluides et naturels. La taille \u00e9lastiqu\u00e9e, associ\u00e9e \u00e0 un cordon de serrage interne r\u00e9glable, permet de personnaliser l&#8217;ajustement, tandis que les nombreuses poches, tant \u00e0 l&#8217;int\u00e9rieur qu&#8217;\u00e0 l&#8217;ext\u00e9rieur, offrent suffisamment d&#8217;espace pour ranger vos affaires essentielles. Une poche zipp\u00e9e, int\u00e9gr\u00e9e dans le tissu de compression, assure une fermeture stable et s\u00fbre, id\u00e9ale pour garder vos affaires en s\u00e9curit\u00e9 pendant la course. Avec ce short, chaque course devient plus pratique et plus confortable.<\/p>\n<p><strong>Caract\u00e9ristiques :<\/strong><\/p>\n<ul>\n<li>Doublure de boxer extensible<\/li>\n<li>Libert\u00e9 de mouvement maximale<\/li>\n<li>Multiples poches<\/li>\n<\/ul>\n<h3><\/h3>\n<p>La coupe est semi-ajust\u00e9e, ce qui signifie que le v\u00eatement \u00e9pouse la forme du corps tout en laissant de la place pour les mouvements.<\/p>\n<div aria-hidden=\"true\"><\/div>\n<div class=\"m-long-description__feature--bullets\" aria-hidden=\"true\"><\/div>\n<div class=\"m-long-description__sustainability\">\n<div class=\"m-long-description__sustainability--value\"><\/div>\n<div class=\"m-long-description__sustainability--value\"><\/div>\n<\/div>\n<div class=\"m-long-description__sustainability--text\"><\/div>\n<div><\/div>\n<div><\/div>\n<p>&nbsp;<\/p>\n<div><\/div>\n<p>&nbsp;<\/p>\n","protected":false},"excerpt":{"rendered":"<ul class=\"m-long-description__features\">\n<li class=\"m-long-description__feature\">Libert\u00e9 de mouvement maximale<\/li>\n<li class=\"m-long-description__feature\">Espace pour ranger vos essentiels<\/li>\n<\/ul>\n","protected":false},"featured_media":254003,"template":"","meta":{"_acf_changed":false,"inline_featured_image":false},"product_brand":[],"product_cat":[24477,24482,24484],"product_tag":[23462,23655],"class_list":{"0":"post-298220","1":"product","2":"type-product","3":"status-publish","4":"has-post-thumbnail","6":"product_cat-pantalon-court-fr-3","7":"product_cat-vetements-pour-hommes-fr","8":"product_cat-homme","9":"product_tag-brooks-fr","10":"product_tag-brooks-homme","11":"pa_attivita-running-fr","12":"pa_attivita-trail-fr","13":"pa_colore-journey-7-2-in-1-short-blue-slate-fr","14":"pa_marca-brooks-fr","15":"pa_sesso-homme","16":"pa_size-large-fr","17":"pa_size-extra-large-fr","19":"first","20":"instock","21":"sale","22":"taxable","23":"shipping-taxable","24":"purchasable","25":"product-type-variable","26":"wvs-archive-product-wrapper"},"acf":[],"yoast_head":"<!-- This site is optimized with the Yoast SEO plugin v26.8 - https:\/\/yoast.com\/product\/yoast-seo-wordpress\/ -->\n<title>Brooks Journey 7&quot; 2-in-1 Short homme -Pantalon court d&#039;\u00e9t\u00e9- MioMioRun<\/title>\n<meta name=\"description\" content=\"Short avec cale\u00e7on en maille int\u00e9rieure, tissu extensible dans les 4 sens, ceinture r\u00e9glable, poches multiples et poche zipp\u00e9e pour une course en toute s\u00e9curit\u00e9.\" \/>\n<meta name=\"robots\" content=\"index, follow, max-snippet:-1, max-image-preview:large, max-video-preview:-1\" \/>\n<link rel=\"canonical\" href=\"https:\/\/www.miomiorun.com\/fr\/produit\/journey-7-2-in-1-short-homme\/\" \/>\n<meta property=\"og:locale\" content=\"fr_FR\" \/>\n<meta property=\"og:type\" content=\"article\" \/>\n<meta property=\"og:title\" content=\"Brooks Journey 7&quot; 2-in-1 Short homme -Pantalon court d&#039;\u00e9t\u00e9- MioMioRun\" \/>\n<meta property=\"og:description\" content=\"Short avec cale\u00e7on en maille int\u00e9rieure, tissu extensible dans les 4 sens, ceinture r\u00e9glable, poches multiples et poche zipp\u00e9e pour une course en toute s\u00e9curit\u00e9.\" \/>\n<meta property=\"og:url\" content=\"https:\/\/www.miomiorun.com\/fr\/produit\/journey-7-2-in-1-short-homme\/\" \/>\n<meta property=\"og:site_name\" content=\"MioMioRun\" \/>\n<meta property=\"article:publisher\" content=\"https:\/\/www.facebook.com\/miomiorun\/\" \/>\n<meta property=\"article:modified_time\" content=\"2026-05-08T20:27:45+00:00\" \/>\n<meta property=\"og:image\" content=\"https:\/\/www.miomiorun.com\/app\/uploads\/2025\/02\/brooks-Journey-7-2-in-1-short-blue-slate-211543455.webp\" \/>\n\t<meta property=\"og:image:width\" content=\"600\" \/>\n\t<meta property=\"og:image:height\" content=\"600\" \/>\n\t<meta property=\"og:image:type\" content=\"image\/webp\" \/>\n<meta name=\"twitter:card\" content=\"summary_large_image\" \/>\n<meta name=\"twitter:label1\" content=\"Est. reading time\" \/>\n\t<meta name=\"twitter:data1\" content=\"1 minute\" \/>\n<script type=\"application\/ld+json\" class=\"yoast-schema-graph\">{\"@context\":\"https:\/\/schema.org\",\"@graph\":[{\"@type\":\"WebPage\",\"@id\":\"https:\/\/www.miomiorun.com\/fr\/produit\/journey-7-2-in-1-short-homme\/\",\"url\":\"https:\/\/www.miomiorun.com\/fr\/produit\/journey-7-2-in-1-short-homme\/\",\"name\":\"Brooks Journey 7\\\" 2-in-1 Short homme -Pantalon court d'\u00e9t\u00e9- MioMioRun\",\"isPartOf\":{\"@id\":\"https:\/\/www.miomiorun.com\/fr\/#website\"},\"primaryImageOfPage\":{\"@id\":\"https:\/\/www.miomiorun.com\/fr\/produit\/journey-7-2-in-1-short-homme\/#primaryimage\"},\"image\":{\"@id\":\"https:\/\/www.miomiorun.com\/fr\/produit\/journey-7-2-in-1-short-homme\/#primaryimage\"},\"thumbnailUrl\":\"https:\/\/www.miomiorun.com\/app\/uploads\/2025\/02\/brooks-Journey-7-2-in-1-short-blue-slate-211543455.webp\",\"datePublished\":\"2025-02-10T18:09:52+00:00\",\"dateModified\":\"2026-05-08T20:27:45+00:00\",\"description\":\"Short avec cale\u00e7on en maille int\u00e9rieure, tissu extensible dans les 4 sens, ceinture r\u00e9glable, poches multiples et poche zipp\u00e9e pour une course en toute s\u00e9curit\u00e9.\",\"breadcrumb\":{\"@id\":\"https:\/\/www.miomiorun.com\/fr\/produit\/journey-7-2-in-1-short-homme\/#breadcrumb\"},\"inLanguage\":\"fr-FR\",\"potentialAction\":[{\"@type\":\"ReadAction\",\"target\":[\"https:\/\/www.miomiorun.com\/fr\/produit\/journey-7-2-in-1-short-homme\/\"]}]},{\"@type\":\"ImageObject\",\"inLanguage\":\"fr-FR\",\"@id\":\"https:\/\/www.miomiorun.com\/fr\/produit\/journey-7-2-in-1-short-homme\/#primaryimage\",\"url\":\"https:\/\/www.miomiorun.com\/app\/uploads\/2025\/02\/brooks-Journey-7-2-in-1-short-blue-slate-211543455.webp\",\"contentUrl\":\"https:\/\/www.miomiorun.com\/app\/uploads\/2025\/02\/brooks-Journey-7-2-in-1-short-blue-slate-211543455.webp\",\"width\":600,\"height\":600,\"caption\":\"brooks Journey 7 2-in-1 short blue slate 211543455\"},{\"@type\":\"BreadcrumbList\",\"@id\":\"https:\/\/www.miomiorun.com\/fr\/produit\/journey-7-2-in-1-short-homme\/#breadcrumb\",\"itemListElement\":[{\"@type\":\"ListItem\",\"position\":1,\"name\":\"Home\",\"item\":\"https:\/\/www.miomiorun.com\/fr\/home-page\/\"},{\"@type\":\"ListItem\",\"position\":2,\"name\":\"Shop\",\"item\":\"https:\/\/www.miomiorun.com\/shop\/\"},{\"@type\":\"ListItem\",\"position\":3,\"name\":\"Journey 7&#8243; 2-in-1 Short homme\"}]},{\"@type\":\"WebSite\",\"@id\":\"https:\/\/www.miomiorun.com\/fr\/#website\",\"url\":\"https:\/\/www.miomiorun.com\/fr\/\",\"name\":\"MioMioRun\",\"description\":\"Boutique 100% running et trail\",\"publisher\":{\"@id\":\"https:\/\/www.miomiorun.com\/fr\/#organization\"},\"potentialAction\":[{\"@type\":\"SearchAction\",\"target\":{\"@type\":\"EntryPoint\",\"urlTemplate\":\"https:\/\/www.miomiorun.com\/fr\/?s={search_term_string}\"},\"query-input\":{\"@type\":\"PropertyValueSpecification\",\"valueRequired\":true,\"valueName\":\"search_term_string\"}}],\"inLanguage\":\"fr-FR\"},{\"@type\":\"Organization\",\"@id\":\"https:\/\/www.miomiorun.com\/fr\/#organization\",\"name\":\"MioMio Run\",\"url\":\"https:\/\/www.miomiorun.com\/fr\/\",\"logo\":{\"@type\":\"ImageObject\",\"inLanguage\":\"fr-FR\",\"@id\":\"https:\/\/www.miomiorun.com\/fr\/#\/schema\/logo\/image\/\",\"url\":\"https:\/\/www.miomiorun.com\/app\/uploads\/2019\/12\/logomio.png\",\"contentUrl\":\"https:\/\/www.miomiorun.com\/app\/uploads\/2019\/12\/logomio.png\",\"width\":115,\"height\":82,\"caption\":\"MioMio Run\"},\"image\":{\"@id\":\"https:\/\/www.miomiorun.com\/fr\/#\/schema\/logo\/image\/\"},\"sameAs\":[\"https:\/\/www.facebook.com\/miomiorun\/\",\"https:\/\/www.instagram.com\/miomiorun\/\"]}]}<\/script>\n<!-- \/ Yoast SEO plugin. -->","yoast_head_json":{"title":"Brooks Journey 7\" 2-in-1 Short homme -Pantalon court d'\u00e9t\u00e9- MioMioRun","description":"Short avec cale\u00e7on en maille int\u00e9rieure, tissu extensible dans les 4 sens, ceinture r\u00e9glable, poches multiples et poche zipp\u00e9e pour une course en toute s\u00e9curit\u00e9.","robots":{"index":"index","follow":"follow","max-snippet":"max-snippet:-1","max-image-preview":"max-image-preview:large","max-video-preview":"max-video-preview:-1"},"canonical":"https:\/\/www.miomiorun.com\/fr\/produit\/journey-7-2-in-1-short-homme\/","og_locale":"fr_FR","og_type":"article","og_title":"Brooks Journey 7\" 2-in-1 Short homme -Pantalon court d'\u00e9t\u00e9- MioMioRun","og_description":"Short avec cale\u00e7on en maille int\u00e9rieure, tissu extensible dans les 4 sens, ceinture r\u00e9glable, poches multiples et poche zipp\u00e9e pour une course en toute s\u00e9curit\u00e9.","og_url":"https:\/\/www.miomiorun.com\/fr\/produit\/journey-7-2-in-1-short-homme\/","og_site_name":"MioMioRun","article_publisher":"https:\/\/www.facebook.com\/miomiorun\/","article_modified_time":"2026-05-08T20:27:45+00:00","og_image":[{"width":600,"height":600,"url":"https:\/\/www.miomiorun.com\/app\/uploads\/2025\/02\/brooks-Journey-7-2-in-1-short-blue-slate-211543455.webp","type":"image\/webp"}],"twitter_card":"summary_large_image","twitter_misc":{"Est. reading time":"1 minute"},"schema":{"@context":"https:\/\/schema.org","@graph":[{"@type":"WebPage","@id":"https:\/\/www.miomiorun.com\/fr\/produit\/journey-7-2-in-1-short-homme\/","url":"https:\/\/www.miomiorun.com\/fr\/produit\/journey-7-2-in-1-short-homme\/","name":"Brooks Journey 7\" 2-in-1 Short homme -Pantalon court d'\u00e9t\u00e9- MioMioRun","isPartOf":{"@id":"https:\/\/www.miomiorun.com\/fr\/#website"},"primaryImageOfPage":{"@id":"https:\/\/www.miomiorun.com\/fr\/produit\/journey-7-2-in-1-short-homme\/#primaryimage"},"image":{"@id":"https:\/\/www.miomiorun.com\/fr\/produit\/journey-7-2-in-1-short-homme\/#primaryimage"},"thumbnailUrl":"https:\/\/www.miomiorun.com\/app\/uploads\/2025\/02\/brooks-Journey-7-2-in-1-short-blue-slate-211543455.webp","datePublished":"2025-02-10T18:09:52+00:00","dateModified":"2026-05-08T20:27:45+00:00","description":"Short avec cale\u00e7on en maille int\u00e9rieure, tissu extensible dans les 4 sens, ceinture r\u00e9glable, poches multiples et poche zipp\u00e9e pour une course en toute s\u00e9curit\u00e9.","breadcrumb":{"@id":"https:\/\/www.miomiorun.com\/fr\/produit\/journey-7-2-in-1-short-homme\/#breadcrumb"},"inLanguage":"fr-FR","potentialAction":[{"@type":"ReadAction","target":["https:\/\/www.miomiorun.com\/fr\/produit\/journey-7-2-in-1-short-homme\/"]}]},{"@type":"ImageObject","inLanguage":"fr-FR","@id":"https:\/\/www.miomiorun.com\/fr\/produit\/journey-7-2-in-1-short-homme\/#primaryimage","url":"https:\/\/www.miomiorun.com\/app\/uploads\/2025\/02\/brooks-Journey-7-2-in-1-short-blue-slate-211543455.webp","contentUrl":"https:\/\/www.miomiorun.com\/app\/uploads\/2025\/02\/brooks-Journey-7-2-in-1-short-blue-slate-211543455.webp","width":600,"height":600,"caption":"brooks Journey 7 2-in-1 short blue slate 211543455"},{"@type":"BreadcrumbList","@id":"https:\/\/www.miomiorun.com\/fr\/produit\/journey-7-2-in-1-short-homme\/#breadcrumb","itemListElement":[{"@type":"ListItem","position":1,"name":"Home","item":"https:\/\/www.miomiorun.com\/fr\/home-page\/"},{"@type":"ListItem","position":2,"name":"Shop","item":"https:\/\/www.miomiorun.com\/shop\/"},{"@type":"ListItem","position":3,"name":"Journey 7&#8243; 2-in-1 Short homme"}]},{"@type":"WebSite","@id":"https:\/\/www.miomiorun.com\/fr\/#website","url":"https:\/\/www.miomiorun.com\/fr\/","name":"MioMioRun","description":"Boutique 100% running et trail","publisher":{"@id":"https:\/\/www.miomiorun.com\/fr\/#organization"},"potentialAction":[{"@type":"SearchAction","target":{"@type":"EntryPoint","urlTemplate":"https:\/\/www.miomiorun.com\/fr\/?s={search_term_string}"},"query-input":{"@type":"PropertyValueSpecification","valueRequired":true,"valueName":"search_term_string"}}],"inLanguage":"fr-FR"},{"@type":"Organization","@id":"https:\/\/www.miomiorun.com\/fr\/#organization","name":"MioMio Run","url":"https:\/\/www.miomiorun.com\/fr\/","logo":{"@type":"ImageObject","inLanguage":"fr-FR","@id":"https:\/\/www.miomiorun.com\/fr\/#\/schema\/logo\/image\/","url":"https:\/\/www.miomiorun.com\/app\/uploads\/2019\/12\/logomio.png","contentUrl":"https:\/\/www.miomiorun.com\/app\/uploads\/2019\/12\/logomio.png","width":115,"height":82,"caption":"MioMio Run"},"image":{"@id":"https:\/\/www.miomiorun.com\/fr\/#\/schema\/logo\/image\/"},"sameAs":["https:\/\/www.facebook.com\/miomiorun\/","https:\/\/www.instagram.com\/miomiorun\/"]}]}},"_links":{"self":[{"href":"https:\/\/www.miomiorun.com\/fr\/wp-json\/wp\/v2\/product\/298220","targetHints":{"allow":["GET"]}}],"collection":[{"href":"https:\/\/www.miomiorun.com\/fr\/wp-json\/wp\/v2\/product"}],"about":[{"href":"https:\/\/www.miomiorun.com\/fr\/wp-json\/wp\/v2\/types\/product"}],"wp:featuredmedia":[{"embeddable":true,"href":"https:\/\/www.miomiorun.com\/fr\/wp-json\/wp\/v2\/media\/254003"}],"wp:attachment":[{"href":"https:\/\/www.miomiorun.com\/fr\/wp-json\/wp\/v2\/media?parent=298220"}],"wp:term":[{"taxonomy":"product_brand","embeddable":true,"href":"https:\/\/www.miomiorun.com\/fr\/wp-json\/wp\/v2\/product_brand?post=298220"},{"taxonomy":"product_cat","embeddable":true,"href":"https:\/\/www.miomiorun.com\/fr\/wp-json\/wp\/v2\/product_cat?post=298220"},{"taxonomy":"product_tag","embeddable":true,"href":"https:\/\/www.miomiorun.com\/fr\/wp-json\/wp\/v2\/product_tag?post=298220"}],"curies":[{"name":"wp","href":"https:\/\/api.w.org\/{rel}","templated":true}]}}