{"id":298217,"date":"2025-02-10T19:18:57","date_gmt":"2025-02-10T18:18:57","guid":{"rendered":"https:\/\/miomiorun.com\/prodotto\/chaser-3-short-2-0-donna\/"},"modified":"2025-05-14T10:23:39","modified_gmt":"2025-05-14T08:23:39","slug":"chaser-3-short-2-0-femme","status":"publish","type":"product","link":"https:\/\/www.miomiorun.com\/fr\/produit\/chaser-3-short-2-0-femme\/","title":{"rendered":"Chaser 3&#8243; Short 2.0 femme"},"content":{"rendered":"<div class=\"m-long-description__sustainability\">\n<div><\/div>\n<div class=\"m-long-description__sustainability--value\">Le short Brooks Women&#8217;s Chaser 3&#8243; Short 2.0 est un short de course polyvalent con\u00e7u pour le confort et la performance. Dot\u00e9 d&#8217;un tissu l\u00e9ger et respirant, ce short est parfait pour les entra\u00eenements actifs ou les longues courses. Il est dot\u00e9 d&#8217;une ceinture r\u00e9glable pour un ajustement s\u00fbr. Ce short allie style, praticit\u00e9 et durabilit\u00e9, garantissant un maximum de confort pendant la course ou l&#8217;entra\u00eenement.<\/div>\n<div>De plus, il est dot\u00e9 d&#8217;une \u00e9lasticit\u00e9 dans les 4 sens pour s&#8217;adapter \u00e0 nos mouvements les plus impr\u00e9visibles, tout en laissant de la place pour de simples poches afin de transporter nos objets essentiels \u00e0 la course.<\/div>\n<\/div>\n<div>Il pr\u00e9sente une coupe semi-ajust\u00e9e qui maintient la ligne du corps tout en le laissant libre de ses mouvements.<\/div>\n<div class=\"m-long-description__sustainability--text\"><\/div>\n<div><\/div>\n<div><\/div>\n<p>&nbsp;<\/p>\n<div><\/div>\n<p>&nbsp;<\/p>\n","protected":false},"excerpt":{"rendered":"<p>Le short Brooks Women&#8217;s Chaser 3&#8243; Short 2.0 est un short de course polyvalent con\u00e7u pour le confort et la performance. Dot\u00e9 d&#8217;un tissu l\u00e9ger et respirant, ce short est parfait pour les entra\u00eenements actifs ou les longues courses. Il est dot\u00e9 d&#8217;une ceinture r\u00e9glable pour un ajustement s\u00fbr. Ce short allie style, praticit\u00e9 et &hellip; <a href=\"https:\/\/www.miomiorun.com\/fr\/produit\/chaser-3-short-2-0-femme\/\">Continued<\/a><\/p>\n","protected":false},"featured_media":254051,"template":"","meta":{"_acf_changed":false,"inline_featured_image":false},"product_brand":[],"product_cat":[22602,22596],"product_tag":[23462,23656],"class_list":{"0":"post-298217","1":"product","2":"type-product","3":"status-publish","4":"has-post-thumbnail","6":"product_cat-pantalon-court","7":"product_cat-vetements-pour-femmes","8":"product_tag-brooks-fr","9":"product_tag-brooks-femme","10":"pa_attivita-running-fr","11":"pa_attivita-trail-fr","12":"pa_colore-chaser-3-short-2-0-w-black-fr","13":"pa_colore-chaser-3-short-2-0-w-neo-cayenne-fr","14":"pa_marca-brooks-fr","15":"pa_sesso-femme","16":"pa_size-extra-small-fr","17":"pa_size-small-fr","18":"pa_size-medium-fr","20":"first","21":"instock","22":"sale","23":"taxable","24":"shipping-taxable","25":"purchasable","26":"product-type-variable","27":"wvs-archive-product-wrapper"},"acf":[],"yoast_head":"<!-- This site is optimized with the Yoast SEO plugin v26.8 - https:\/\/yoast.com\/product\/yoast-seo-wordpress\/ -->\n<title>Brooks Chaser 3&quot; Short 2.0 femme - Pantalon court d&#039;\u00e9t\u00e9 - MioMioRun<\/title>\n<meta name=\"description\" content=\"Con\u00e7u pour laisser vos jambes libres, ce short de course pour femmes offre une couverture minimale pour des performances maximales. Pour en savoir plus, rendez-vous sur\" \/>\n<meta name=\"robots\" content=\"index, follow, max-snippet:-1, max-image-preview:large, max-video-preview:-1\" \/>\n<link rel=\"canonical\" href=\"https:\/\/www.miomiorun.com\/fr\/produit\/chaser-3-short-2-0-femme\/\" \/>\n<meta property=\"og:locale\" content=\"fr_FR\" \/>\n<meta property=\"og:type\" content=\"article\" \/>\n<meta property=\"og:title\" content=\"Brooks Chaser 3&quot; Short 2.0 femme - Pantalon court d&#039;\u00e9t\u00e9 - MioMioRun\" \/>\n<meta property=\"og:description\" content=\"Con\u00e7u pour laisser vos jambes libres, ce short de course pour femmes offre une couverture minimale pour des performances maximales. Pour en savoir plus, rendez-vous sur\" \/>\n<meta property=\"og:url\" content=\"https:\/\/www.miomiorun.com\/fr\/produit\/chaser-3-short-2-0-femme\/\" \/>\n<meta property=\"og:site_name\" content=\"MioMioRun\" \/>\n<meta property=\"article:publisher\" content=\"https:\/\/www.facebook.com\/miomiorun\/\" \/>\n<meta property=\"article:modified_time\" content=\"2025-05-14T08:23:39+00:00\" \/>\n<meta property=\"og:image\" content=\"https:\/\/www.miomiorun.com\/app\/uploads\/2025\/02\/brooks-Chaser-3-short-2.0-W-neo-cayenne-221705698.webp\" \/>\n\t<meta property=\"og:image:width\" content=\"600\" \/>\n\t<meta property=\"og:image:height\" content=\"600\" \/>\n\t<meta property=\"og:image:type\" content=\"image\/webp\" \/>\n<meta name=\"twitter:card\" content=\"summary_large_image\" \/>\n<meta name=\"twitter:label1\" content=\"Est. reading time\" \/>\n\t<meta name=\"twitter:data1\" content=\"1 minute\" \/>\n<script type=\"application\/ld+json\" class=\"yoast-schema-graph\">{\"@context\":\"https:\/\/schema.org\",\"@graph\":[{\"@type\":\"WebPage\",\"@id\":\"https:\/\/www.miomiorun.com\/fr\/produit\/chaser-3-short-2-0-femme\/\",\"url\":\"https:\/\/www.miomiorun.com\/fr\/produit\/chaser-3-short-2-0-femme\/\",\"name\":\"Brooks Chaser 3\\\" Short 2.0 femme - Pantalon court d'\u00e9t\u00e9 - MioMioRun\",\"isPartOf\":{\"@id\":\"https:\/\/www.miomiorun.com\/fr\/#website\"},\"primaryImageOfPage\":{\"@id\":\"https:\/\/www.miomiorun.com\/fr\/produit\/chaser-3-short-2-0-femme\/#primaryimage\"},\"image\":{\"@id\":\"https:\/\/www.miomiorun.com\/fr\/produit\/chaser-3-short-2-0-femme\/#primaryimage\"},\"thumbnailUrl\":\"https:\/\/www.miomiorun.com\/app\/uploads\/2025\/02\/brooks-Chaser-3-short-2.0-W-neo-cayenne-221705698.webp\",\"datePublished\":\"2025-02-10T18:18:57+00:00\",\"dateModified\":\"2025-05-14T08:23:39+00:00\",\"description\":\"Con\u00e7u pour laisser vos jambes libres, ce short de course pour femmes offre une couverture minimale pour des performances maximales. Pour en savoir plus, rendez-vous sur\",\"breadcrumb\":{\"@id\":\"https:\/\/www.miomiorun.com\/fr\/produit\/chaser-3-short-2-0-femme\/#breadcrumb\"},\"inLanguage\":\"fr-FR\",\"potentialAction\":[{\"@type\":\"ReadAction\",\"target\":[\"https:\/\/www.miomiorun.com\/fr\/produit\/chaser-3-short-2-0-femme\/\"]}]},{\"@type\":\"ImageObject\",\"inLanguage\":\"fr-FR\",\"@id\":\"https:\/\/www.miomiorun.com\/fr\/produit\/chaser-3-short-2-0-femme\/#primaryimage\",\"url\":\"https:\/\/www.miomiorun.com\/app\/uploads\/2025\/02\/brooks-Chaser-3-short-2.0-W-neo-cayenne-221705698.webp\",\"contentUrl\":\"https:\/\/www.miomiorun.com\/app\/uploads\/2025\/02\/brooks-Chaser-3-short-2.0-W-neo-cayenne-221705698.webp\",\"width\":600,\"height\":600,\"caption\":\"brooks Chaser 3 short 2.0 W neo cayenne 221705698\"},{\"@type\":\"BreadcrumbList\",\"@id\":\"https:\/\/www.miomiorun.com\/fr\/produit\/chaser-3-short-2-0-femme\/#breadcrumb\",\"itemListElement\":[{\"@type\":\"ListItem\",\"position\":1,\"name\":\"Home\",\"item\":\"https:\/\/www.miomiorun.com\/fr\/home-page\/\"},{\"@type\":\"ListItem\",\"position\":2,\"name\":\"Shop\",\"item\":\"https:\/\/www.miomiorun.com\/shop\/\"},{\"@type\":\"ListItem\",\"position\":3,\"name\":\"Chaser 3&#8243; Short 2.0 femme\"}]},{\"@type\":\"WebSite\",\"@id\":\"https:\/\/www.miomiorun.com\/fr\/#website\",\"url\":\"https:\/\/www.miomiorun.com\/fr\/\",\"name\":\"MioMioRun\",\"description\":\"Boutique 100% running et trail\",\"publisher\":{\"@id\":\"https:\/\/www.miomiorun.com\/fr\/#organization\"},\"potentialAction\":[{\"@type\":\"SearchAction\",\"target\":{\"@type\":\"EntryPoint\",\"urlTemplate\":\"https:\/\/www.miomiorun.com\/fr\/?s={search_term_string}\"},\"query-input\":{\"@type\":\"PropertyValueSpecification\",\"valueRequired\":true,\"valueName\":\"search_term_string\"}}],\"inLanguage\":\"fr-FR\"},{\"@type\":\"Organization\",\"@id\":\"https:\/\/www.miomiorun.com\/fr\/#organization\",\"name\":\"MioMio Run\",\"url\":\"https:\/\/www.miomiorun.com\/fr\/\",\"logo\":{\"@type\":\"ImageObject\",\"inLanguage\":\"fr-FR\",\"@id\":\"https:\/\/www.miomiorun.com\/fr\/#\/schema\/logo\/image\/\",\"url\":\"https:\/\/www.miomiorun.com\/app\/uploads\/2019\/12\/logomio.png\",\"contentUrl\":\"https:\/\/www.miomiorun.com\/app\/uploads\/2019\/12\/logomio.png\",\"width\":115,\"height\":82,\"caption\":\"MioMio Run\"},\"image\":{\"@id\":\"https:\/\/www.miomiorun.com\/fr\/#\/schema\/logo\/image\/\"},\"sameAs\":[\"https:\/\/www.facebook.com\/miomiorun\/\",\"https:\/\/www.instagram.com\/miomiorun\/\"]}]}<\/script>\n<!-- \/ Yoast SEO plugin. -->","yoast_head_json":{"title":"Brooks Chaser 3\" Short 2.0 femme - Pantalon court d'\u00e9t\u00e9 - MioMioRun","description":"Con\u00e7u pour laisser vos jambes libres, ce short de course pour femmes offre une couverture minimale pour des performances maximales. Pour en savoir plus, rendez-vous sur","robots":{"index":"index","follow":"follow","max-snippet":"max-snippet:-1","max-image-preview":"max-image-preview:large","max-video-preview":"max-video-preview:-1"},"canonical":"https:\/\/www.miomiorun.com\/fr\/produit\/chaser-3-short-2-0-femme\/","og_locale":"fr_FR","og_type":"article","og_title":"Brooks Chaser 3\" Short 2.0 femme - Pantalon court d'\u00e9t\u00e9 - MioMioRun","og_description":"Con\u00e7u pour laisser vos jambes libres, ce short de course pour femmes offre une couverture minimale pour des performances maximales. Pour en savoir plus, rendez-vous sur","og_url":"https:\/\/www.miomiorun.com\/fr\/produit\/chaser-3-short-2-0-femme\/","og_site_name":"MioMioRun","article_publisher":"https:\/\/www.facebook.com\/miomiorun\/","article_modified_time":"2025-05-14T08:23:39+00:00","og_image":[{"width":600,"height":600,"url":"https:\/\/www.miomiorun.com\/app\/uploads\/2025\/02\/brooks-Chaser-3-short-2.0-W-neo-cayenne-221705698.webp","type":"image\/webp"}],"twitter_card":"summary_large_image","twitter_misc":{"Est. reading time":"1 minute"},"schema":{"@context":"https:\/\/schema.org","@graph":[{"@type":"WebPage","@id":"https:\/\/www.miomiorun.com\/fr\/produit\/chaser-3-short-2-0-femme\/","url":"https:\/\/www.miomiorun.com\/fr\/produit\/chaser-3-short-2-0-femme\/","name":"Brooks Chaser 3\" Short 2.0 femme - Pantalon court d'\u00e9t\u00e9 - MioMioRun","isPartOf":{"@id":"https:\/\/www.miomiorun.com\/fr\/#website"},"primaryImageOfPage":{"@id":"https:\/\/www.miomiorun.com\/fr\/produit\/chaser-3-short-2-0-femme\/#primaryimage"},"image":{"@id":"https:\/\/www.miomiorun.com\/fr\/produit\/chaser-3-short-2-0-femme\/#primaryimage"},"thumbnailUrl":"https:\/\/www.miomiorun.com\/app\/uploads\/2025\/02\/brooks-Chaser-3-short-2.0-W-neo-cayenne-221705698.webp","datePublished":"2025-02-10T18:18:57+00:00","dateModified":"2025-05-14T08:23:39+00:00","description":"Con\u00e7u pour laisser vos jambes libres, ce short de course pour femmes offre une couverture minimale pour des performances maximales. Pour en savoir plus, rendez-vous sur","breadcrumb":{"@id":"https:\/\/www.miomiorun.com\/fr\/produit\/chaser-3-short-2-0-femme\/#breadcrumb"},"inLanguage":"fr-FR","potentialAction":[{"@type":"ReadAction","target":["https:\/\/www.miomiorun.com\/fr\/produit\/chaser-3-short-2-0-femme\/"]}]},{"@type":"ImageObject","inLanguage":"fr-FR","@id":"https:\/\/www.miomiorun.com\/fr\/produit\/chaser-3-short-2-0-femme\/#primaryimage","url":"https:\/\/www.miomiorun.com\/app\/uploads\/2025\/02\/brooks-Chaser-3-short-2.0-W-neo-cayenne-221705698.webp","contentUrl":"https:\/\/www.miomiorun.com\/app\/uploads\/2025\/02\/brooks-Chaser-3-short-2.0-W-neo-cayenne-221705698.webp","width":600,"height":600,"caption":"brooks Chaser 3 short 2.0 W neo cayenne 221705698"},{"@type":"BreadcrumbList","@id":"https:\/\/www.miomiorun.com\/fr\/produit\/chaser-3-short-2-0-femme\/#breadcrumb","itemListElement":[{"@type":"ListItem","position":1,"name":"Home","item":"https:\/\/www.miomiorun.com\/fr\/home-page\/"},{"@type":"ListItem","position":2,"name":"Shop","item":"https:\/\/www.miomiorun.com\/shop\/"},{"@type":"ListItem","position":3,"name":"Chaser 3&#8243; Short 2.0 femme"}]},{"@type":"WebSite","@id":"https:\/\/www.miomiorun.com\/fr\/#website","url":"https:\/\/www.miomiorun.com\/fr\/","name":"MioMioRun","description":"Boutique 100% running et trail","publisher":{"@id":"https:\/\/www.miomiorun.com\/fr\/#organization"},"potentialAction":[{"@type":"SearchAction","target":{"@type":"EntryPoint","urlTemplate":"https:\/\/www.miomiorun.com\/fr\/?s={search_term_string}"},"query-input":{"@type":"PropertyValueSpecification","valueRequired":true,"valueName":"search_term_string"}}],"inLanguage":"fr-FR"},{"@type":"Organization","@id":"https:\/\/www.miomiorun.com\/fr\/#organization","name":"MioMio Run","url":"https:\/\/www.miomiorun.com\/fr\/","logo":{"@type":"ImageObject","inLanguage":"fr-FR","@id":"https:\/\/www.miomiorun.com\/fr\/#\/schema\/logo\/image\/","url":"https:\/\/www.miomiorun.com\/app\/uploads\/2019\/12\/logomio.png","contentUrl":"https:\/\/www.miomiorun.com\/app\/uploads\/2019\/12\/logomio.png","width":115,"height":82,"caption":"MioMio Run"},"image":{"@id":"https:\/\/www.miomiorun.com\/fr\/#\/schema\/logo\/image\/"},"sameAs":["https:\/\/www.facebook.com\/miomiorun\/","https:\/\/www.instagram.com\/miomiorun\/"]}]}},"_links":{"self":[{"href":"https:\/\/www.miomiorun.com\/fr\/wp-json\/wp\/v2\/product\/298217","targetHints":{"allow":["GET"]}}],"collection":[{"href":"https:\/\/www.miomiorun.com\/fr\/wp-json\/wp\/v2\/product"}],"about":[{"href":"https:\/\/www.miomiorun.com\/fr\/wp-json\/wp\/v2\/types\/product"}],"wp:featuredmedia":[{"embeddable":true,"href":"https:\/\/www.miomiorun.com\/fr\/wp-json\/wp\/v2\/media\/254051"}],"wp:attachment":[{"href":"https:\/\/www.miomiorun.com\/fr\/wp-json\/wp\/v2\/media?parent=298217"}],"wp:term":[{"taxonomy":"product_brand","embeddable":true,"href":"https:\/\/www.miomiorun.com\/fr\/wp-json\/wp\/v2\/product_brand?post=298217"},{"taxonomy":"product_cat","embeddable":true,"href":"https:\/\/www.miomiorun.com\/fr\/wp-json\/wp\/v2\/product_cat?post=298217"},{"taxonomy":"product_tag","embeddable":true,"href":"https:\/\/www.miomiorun.com\/fr\/wp-json\/wp\/v2\/product_tag?post=298217"}],"curies":[{"name":"wp","href":"https:\/\/api.w.org\/{rel}","templated":true}]}}