{"id":298091,"date":"2025-02-11T18:02:49","date_gmt":"2025-02-11T17:02:49","guid":{"rendered":"https:\/\/miomiorun.com\/prodotto\/sprint-free-tank-3-0-donna\/"},"modified":"2025-05-14T10:27:04","modified_gmt":"2025-05-14T08:27:04","slug":"sprint-free-tank-3-0-femme","status":"publish","type":"product","link":"https:\/\/www.miomiorun.com\/fr\/produit\/sprint-free-tank-3-0-femme\/","title":{"rendered":"Sprint free tank 3.0 femme"},"content":{"rendered":"<p>Cette veste de course \u00e0 pied sans manches pour femmes est le m\u00e9lange parfait de l\u00e9g\u00e8ret\u00e9, de respirabilit\u00e9 et de fra\u00eecheur. Fabriqu\u00e9e dans un tissu super-respirant, elle vous aidera \u00e0 rester au sec m\u00eame pendant les courses les plus intenses. De plus, gr\u00e2ce \u00e0 la technologie anti-odeur, le tissu minimise les odeurs d\u00e9sagr\u00e9ables, ce qui vous permet de repousser le jour de la lessive sans souci. Avec son design minimaliste et performant, il est id\u00e9al pour toutes les athl\u00e8tes f\u00e9minines qui recherchent le confort et la praticit\u00e9 \u00e0 chaque entra\u00eenement. Sentez la libert\u00e9 de courir sans souci !<\/p>\n<p>CARACT\u00c9RISTIQUES TECHNIQUES :<\/p>\n<ul>\n<li>Respirabilit\u00e9 l\u00e9g\u00e8re<\/li>\n<li>Coupe orient\u00e9e vers la performance<\/li>\n<li>R\u00e9sistant aux odeurs<\/li>\n<\/ul>\n<p>AJUSTEMENT : Semi-ajust\u00e9<\/p>\n<p>ce qui signifie que le v\u00eatement suit la forme du corps tout en laissant de la place pour les mouvements.<\/p>\n","protected":false},"excerpt":{"rendered":"<ul class=\"m-long-description__features\">\n<li class=\"m-long-description__feature\">Ultra respirant<\/li>\n<li class=\"m-long-description__feature\">Coupe id\u00e9ale pour la course \u00e0 pied<\/li>\n<li class=\"m-long-description__feature\">R\u00e9sistant aux odeurs<\/li>\n<\/ul>\n","protected":false},"featured_media":254204,"template":"","meta":{"_acf_changed":false,"inline_featured_image":false},"product_brand":[],"product_cat":[22598,22596,22595],"product_tag":[23462,23656],"class_list":{"0":"post-298091","1":"product","2":"type-product","3":"status-publish","4":"has-post-thumbnail","6":"product_cat-gilets","7":"product_cat-vetements-pour-femmes","8":"product_cat-femme","9":"product_tag-brooks-fr","10":"product_tag-brooks-femme","11":"pa_attivita-fitness-fr","12":"pa_attivita-marcher","13":"pa_attivita-running-fr","14":"pa_colore-sprint-free-tank-3-0-w-neo-cayenne-speed-fr","15":"pa_colore-sprint-free-tank-3-0-w-white-fr","16":"pa_marca-brooks-fr","17":"pa_sesso-femme","18":"pa_size-extra-small-fr","19":"pa_size-small-fr","21":"first","22":"instock","23":"sale","24":"taxable","25":"shipping-taxable","26":"purchasable","27":"product-type-variable","28":"wvs-archive-product-wrapper"},"acf":[],"yoast_head":"<!-- This site is optimized with the Yoast SEO plugin v26.8 - https:\/\/yoast.com\/product\/yoast-seo-wordpress\/ -->\n<title>Brooks Sprint free tank 3.0 femme -T-shirt de course - MioMioRun<\/title>\n<meta name=\"description\" content=\"D\u00e9couvrez le Sprint free tank 3.0. L\u00e9ger, super-respirant et anti-odeur, il vous garde au frais et au sec m\u00eame pendant les s\u00e9ances d&#039;entra\u00eenement les plus intenses.\" \/>\n<meta name=\"robots\" content=\"index, follow, max-snippet:-1, max-image-preview:large, max-video-preview:-1\" \/>\n<link rel=\"canonical\" href=\"https:\/\/www.miomiorun.com\/fr\/produit\/sprint-free-tank-3-0-femme\/\" \/>\n<meta property=\"og:locale\" content=\"fr_FR\" \/>\n<meta property=\"og:type\" content=\"article\" \/>\n<meta property=\"og:title\" content=\"Brooks Sprint free tank 3.0 femme -T-shirt de course - MioMioRun\" \/>\n<meta property=\"og:description\" content=\"D\u00e9couvrez le Sprint free tank 3.0. L\u00e9ger, super-respirant et anti-odeur, il vous garde au frais et au sec m\u00eame pendant les s\u00e9ances d&#039;entra\u00eenement les plus intenses.\" \/>\n<meta property=\"og:url\" content=\"https:\/\/www.miomiorun.com\/fr\/produit\/sprint-free-tank-3-0-femme\/\" \/>\n<meta property=\"og:site_name\" content=\"MioMioRun\" \/>\n<meta property=\"article:publisher\" content=\"https:\/\/www.facebook.com\/miomiorun\/\" \/>\n<meta property=\"article:modified_time\" content=\"2025-05-14T08:27:04+00:00\" \/>\n<meta property=\"og:image\" content=\"https:\/\/www.miomiorun.com\/app\/uploads\/2025\/02\/brooks-Sprint-free-tank-3.0-W-neo-cayenne-speed-221713622.webp\" \/>\n\t<meta property=\"og:image:width\" content=\"600\" \/>\n\t<meta property=\"og:image:height\" content=\"600\" \/>\n\t<meta property=\"og:image:type\" content=\"image\/webp\" \/>\n<meta name=\"twitter:card\" content=\"summary_large_image\" \/>\n<meta name=\"twitter:label1\" content=\"Est. reading time\" \/>\n\t<meta name=\"twitter:data1\" content=\"1 minute\" \/>\n<script type=\"application\/ld+json\" class=\"yoast-schema-graph\">{\"@context\":\"https:\/\/schema.org\",\"@graph\":[{\"@type\":\"WebPage\",\"@id\":\"https:\/\/www.miomiorun.com\/fr\/produit\/sprint-free-tank-3-0-femme\/\",\"url\":\"https:\/\/www.miomiorun.com\/fr\/produit\/sprint-free-tank-3-0-femme\/\",\"name\":\"Brooks Sprint free tank 3.0 femme -T-shirt de course - MioMioRun\",\"isPartOf\":{\"@id\":\"https:\/\/www.miomiorun.com\/fr\/#website\"},\"primaryImageOfPage\":{\"@id\":\"https:\/\/www.miomiorun.com\/fr\/produit\/sprint-free-tank-3-0-femme\/#primaryimage\"},\"image\":{\"@id\":\"https:\/\/www.miomiorun.com\/fr\/produit\/sprint-free-tank-3-0-femme\/#primaryimage\"},\"thumbnailUrl\":\"https:\/\/www.miomiorun.com\/app\/uploads\/2025\/02\/brooks-Sprint-free-tank-3.0-W-neo-cayenne-speed-221713622.webp\",\"datePublished\":\"2025-02-11T17:02:49+00:00\",\"dateModified\":\"2025-05-14T08:27:04+00:00\",\"description\":\"D\u00e9couvrez le Sprint free tank 3.0. L\u00e9ger, super-respirant et anti-odeur, il vous garde au frais et au sec m\u00eame pendant les s\u00e9ances d'entra\u00eenement les plus intenses.\",\"breadcrumb\":{\"@id\":\"https:\/\/www.miomiorun.com\/fr\/produit\/sprint-free-tank-3-0-femme\/#breadcrumb\"},\"inLanguage\":\"fr-FR\",\"potentialAction\":[{\"@type\":\"ReadAction\",\"target\":[\"https:\/\/www.miomiorun.com\/fr\/produit\/sprint-free-tank-3-0-femme\/\"]}]},{\"@type\":\"ImageObject\",\"inLanguage\":\"fr-FR\",\"@id\":\"https:\/\/www.miomiorun.com\/fr\/produit\/sprint-free-tank-3-0-femme\/#primaryimage\",\"url\":\"https:\/\/www.miomiorun.com\/app\/uploads\/2025\/02\/brooks-Sprint-free-tank-3.0-W-neo-cayenne-speed-221713622.webp\",\"contentUrl\":\"https:\/\/www.miomiorun.com\/app\/uploads\/2025\/02\/brooks-Sprint-free-tank-3.0-W-neo-cayenne-speed-221713622.webp\",\"width\":600,\"height\":600,\"caption\":\"brooks Sprint free tank 3.0 W neo cayenne speed 221713622\"},{\"@type\":\"BreadcrumbList\",\"@id\":\"https:\/\/www.miomiorun.com\/fr\/produit\/sprint-free-tank-3-0-femme\/#breadcrumb\",\"itemListElement\":[{\"@type\":\"ListItem\",\"position\":1,\"name\":\"Home\",\"item\":\"https:\/\/www.miomiorun.com\/fr\/home-page\/\"},{\"@type\":\"ListItem\",\"position\":2,\"name\":\"Shop\",\"item\":\"https:\/\/www.miomiorun.com\/shop\/\"},{\"@type\":\"ListItem\",\"position\":3,\"name\":\"Sprint free tank 3.0 femme\"}]},{\"@type\":\"WebSite\",\"@id\":\"https:\/\/www.miomiorun.com\/fr\/#website\",\"url\":\"https:\/\/www.miomiorun.com\/fr\/\",\"name\":\"MioMioRun\",\"description\":\"Boutique 100% running et trail\",\"publisher\":{\"@id\":\"https:\/\/www.miomiorun.com\/fr\/#organization\"},\"potentialAction\":[{\"@type\":\"SearchAction\",\"target\":{\"@type\":\"EntryPoint\",\"urlTemplate\":\"https:\/\/www.miomiorun.com\/fr\/?s={search_term_string}\"},\"query-input\":{\"@type\":\"PropertyValueSpecification\",\"valueRequired\":true,\"valueName\":\"search_term_string\"}}],\"inLanguage\":\"fr-FR\"},{\"@type\":\"Organization\",\"@id\":\"https:\/\/www.miomiorun.com\/fr\/#organization\",\"name\":\"MioMio Run\",\"url\":\"https:\/\/www.miomiorun.com\/fr\/\",\"logo\":{\"@type\":\"ImageObject\",\"inLanguage\":\"fr-FR\",\"@id\":\"https:\/\/www.miomiorun.com\/fr\/#\/schema\/logo\/image\/\",\"url\":\"https:\/\/www.miomiorun.com\/app\/uploads\/2019\/12\/logomio.png\",\"contentUrl\":\"https:\/\/www.miomiorun.com\/app\/uploads\/2019\/12\/logomio.png\",\"width\":115,\"height\":82,\"caption\":\"MioMio Run\"},\"image\":{\"@id\":\"https:\/\/www.miomiorun.com\/fr\/#\/schema\/logo\/image\/\"},\"sameAs\":[\"https:\/\/www.facebook.com\/miomiorun\/\",\"https:\/\/www.instagram.com\/miomiorun\/\"]}]}<\/script>\n<!-- \/ Yoast SEO plugin. -->","yoast_head_json":{"title":"Brooks Sprint free tank 3.0 femme -T-shirt de course - MioMioRun","description":"D\u00e9couvrez le Sprint free tank 3.0. L\u00e9ger, super-respirant et anti-odeur, il vous garde au frais et au sec m\u00eame pendant les s\u00e9ances d'entra\u00eenement les plus intenses.","robots":{"index":"index","follow":"follow","max-snippet":"max-snippet:-1","max-image-preview":"max-image-preview:large","max-video-preview":"max-video-preview:-1"},"canonical":"https:\/\/www.miomiorun.com\/fr\/produit\/sprint-free-tank-3-0-femme\/","og_locale":"fr_FR","og_type":"article","og_title":"Brooks Sprint free tank 3.0 femme -T-shirt de course - MioMioRun","og_description":"D\u00e9couvrez le Sprint free tank 3.0. L\u00e9ger, super-respirant et anti-odeur, il vous garde au frais et au sec m\u00eame pendant les s\u00e9ances d'entra\u00eenement les plus intenses.","og_url":"https:\/\/www.miomiorun.com\/fr\/produit\/sprint-free-tank-3-0-femme\/","og_site_name":"MioMioRun","article_publisher":"https:\/\/www.facebook.com\/miomiorun\/","article_modified_time":"2025-05-14T08:27:04+00:00","og_image":[{"width":600,"height":600,"url":"https:\/\/www.miomiorun.com\/app\/uploads\/2025\/02\/brooks-Sprint-free-tank-3.0-W-neo-cayenne-speed-221713622.webp","type":"image\/webp"}],"twitter_card":"summary_large_image","twitter_misc":{"Est. reading time":"1 minute"},"schema":{"@context":"https:\/\/schema.org","@graph":[{"@type":"WebPage","@id":"https:\/\/www.miomiorun.com\/fr\/produit\/sprint-free-tank-3-0-femme\/","url":"https:\/\/www.miomiorun.com\/fr\/produit\/sprint-free-tank-3-0-femme\/","name":"Brooks Sprint free tank 3.0 femme -T-shirt de course - MioMioRun","isPartOf":{"@id":"https:\/\/www.miomiorun.com\/fr\/#website"},"primaryImageOfPage":{"@id":"https:\/\/www.miomiorun.com\/fr\/produit\/sprint-free-tank-3-0-femme\/#primaryimage"},"image":{"@id":"https:\/\/www.miomiorun.com\/fr\/produit\/sprint-free-tank-3-0-femme\/#primaryimage"},"thumbnailUrl":"https:\/\/www.miomiorun.com\/app\/uploads\/2025\/02\/brooks-Sprint-free-tank-3.0-W-neo-cayenne-speed-221713622.webp","datePublished":"2025-02-11T17:02:49+00:00","dateModified":"2025-05-14T08:27:04+00:00","description":"D\u00e9couvrez le Sprint free tank 3.0. L\u00e9ger, super-respirant et anti-odeur, il vous garde au frais et au sec m\u00eame pendant les s\u00e9ances d'entra\u00eenement les plus intenses.","breadcrumb":{"@id":"https:\/\/www.miomiorun.com\/fr\/produit\/sprint-free-tank-3-0-femme\/#breadcrumb"},"inLanguage":"fr-FR","potentialAction":[{"@type":"ReadAction","target":["https:\/\/www.miomiorun.com\/fr\/produit\/sprint-free-tank-3-0-femme\/"]}]},{"@type":"ImageObject","inLanguage":"fr-FR","@id":"https:\/\/www.miomiorun.com\/fr\/produit\/sprint-free-tank-3-0-femme\/#primaryimage","url":"https:\/\/www.miomiorun.com\/app\/uploads\/2025\/02\/brooks-Sprint-free-tank-3.0-W-neo-cayenne-speed-221713622.webp","contentUrl":"https:\/\/www.miomiorun.com\/app\/uploads\/2025\/02\/brooks-Sprint-free-tank-3.0-W-neo-cayenne-speed-221713622.webp","width":600,"height":600,"caption":"brooks Sprint free tank 3.0 W neo cayenne speed 221713622"},{"@type":"BreadcrumbList","@id":"https:\/\/www.miomiorun.com\/fr\/produit\/sprint-free-tank-3-0-femme\/#breadcrumb","itemListElement":[{"@type":"ListItem","position":1,"name":"Home","item":"https:\/\/www.miomiorun.com\/fr\/home-page\/"},{"@type":"ListItem","position":2,"name":"Shop","item":"https:\/\/www.miomiorun.com\/shop\/"},{"@type":"ListItem","position":3,"name":"Sprint free tank 3.0 femme"}]},{"@type":"WebSite","@id":"https:\/\/www.miomiorun.com\/fr\/#website","url":"https:\/\/www.miomiorun.com\/fr\/","name":"MioMioRun","description":"Boutique 100% running et trail","publisher":{"@id":"https:\/\/www.miomiorun.com\/fr\/#organization"},"potentialAction":[{"@type":"SearchAction","target":{"@type":"EntryPoint","urlTemplate":"https:\/\/www.miomiorun.com\/fr\/?s={search_term_string}"},"query-input":{"@type":"PropertyValueSpecification","valueRequired":true,"valueName":"search_term_string"}}],"inLanguage":"fr-FR"},{"@type":"Organization","@id":"https:\/\/www.miomiorun.com\/fr\/#organization","name":"MioMio Run","url":"https:\/\/www.miomiorun.com\/fr\/","logo":{"@type":"ImageObject","inLanguage":"fr-FR","@id":"https:\/\/www.miomiorun.com\/fr\/#\/schema\/logo\/image\/","url":"https:\/\/www.miomiorun.com\/app\/uploads\/2019\/12\/logomio.png","contentUrl":"https:\/\/www.miomiorun.com\/app\/uploads\/2019\/12\/logomio.png","width":115,"height":82,"caption":"MioMio Run"},"image":{"@id":"https:\/\/www.miomiorun.com\/fr\/#\/schema\/logo\/image\/"},"sameAs":["https:\/\/www.facebook.com\/miomiorun\/","https:\/\/www.instagram.com\/miomiorun\/"]}]}},"_links":{"self":[{"href":"https:\/\/www.miomiorun.com\/fr\/wp-json\/wp\/v2\/product\/298091","targetHints":{"allow":["GET"]}}],"collection":[{"href":"https:\/\/www.miomiorun.com\/fr\/wp-json\/wp\/v2\/product"}],"about":[{"href":"https:\/\/www.miomiorun.com\/fr\/wp-json\/wp\/v2\/types\/product"}],"wp:featuredmedia":[{"embeddable":true,"href":"https:\/\/www.miomiorun.com\/fr\/wp-json\/wp\/v2\/media\/254204"}],"wp:attachment":[{"href":"https:\/\/www.miomiorun.com\/fr\/wp-json\/wp\/v2\/media?parent=298091"}],"wp:term":[{"taxonomy":"product_brand","embeddable":true,"href":"https:\/\/www.miomiorun.com\/fr\/wp-json\/wp\/v2\/product_brand?post=298091"},{"taxonomy":"product_cat","embeddable":true,"href":"https:\/\/www.miomiorun.com\/fr\/wp-json\/wp\/v2\/product_cat?post=298091"},{"taxonomy":"product_tag","embeddable":true,"href":"https:\/\/www.miomiorun.com\/fr\/wp-json\/wp\/v2\/product_tag?post=298091"}],"curies":[{"name":"wp","href":"https:\/\/api.w.org\/{rel}","templated":true}]}}