{"id":298066,"date":"2024-10-29T15:34:53","date_gmt":"2024-10-29T14:34:53","guid":{"rendered":"https:\/\/miomiorun.com\/prodotto\/limited-2024-mid-cut-socks-donna\/"},"modified":"2026-05-08T22:27:20","modified_gmt":"2026-05-08T20:27:20","slug":"limited-2024-mid-cut-socks-femme","status":"publish","type":"product","link":"https:\/\/www.miomiorun.com\/fr\/produit\/limited-2024-mid-cut-socks-femme\/","title":{"rendered":"Limited 2024 Mid Cut Socks femme"},"content":{"rendered":"<h2>Contr\u00f4le maximal, r\u00e9duction du risque de blessure et du risque v\u00e9sical gr\u00e2ce aux chaussettes Run Limited 2024 Mid Cut pour femmes.<\/h2>\n<p>Les chaussettes <strong>Run Limited 2024 Mid Cut pour<\/strong> femmes se distinguent toujours par leurs \u00e9l\u00e9gants accents n\u00e9on. Le PROFIL ANTI-GLISSE offre plus d&#8217;adh\u00e9rence et de contr\u00f4le dans la chaussure. A cela s&#8217;ajoute l&#8217;effet de compression : les articulations stabilis\u00e9es par les capteurs de profondeur sont moins sujettes aux blessures et le risque d&#8217;ampoules est \u00e9galement r\u00e9duit.<\/p>\n<h3>Un meilleur contr\u00f4le et une sensation de course directe<\/h3>\n<p>Lorsque vous testez votre nouvelle limite de course, vous ne voulez pas perdre un seul millim\u00e8tre. Vous voulez transf\u00e9rer l&#8217;\u00e9nergie directement sur la route. Le fait de glisser d&#8217;avant en arri\u00e8re dans la chaussure ne serait qu&#8217;un obstacle. Les chaussettes Run Limited 2024 emp\u00eachent pr\u00e9cis\u00e9ment cela gr\u00e2ce aux bandes \u00e9l\u00e9gamment dispos\u00e9es de l&#8217;ANTI-SLIP PROFILE. Vous ressentez plus de soutien et de contr\u00f4le dans la chaussure et b\u00e9n\u00e9ficiez d&#8217;une sensation de course directe.<\/p>\n<h3>Plus de stabilit\u00e9 gr\u00e2ce \u00e0 la compression<\/h3>\n<p>Les articulations bien irrigu\u00e9es sont plus mobiles et plus r\u00e9sistantes. Les chaussettes de course mi-hautes y parviennent gr\u00e2ce \u00e0 leur compression pr\u00e8s de la peau. Elles assurent une stimulation sensorielle profonde des articulations de la cheville. Augmente la stabilit\u00e9 des articulations et contribue \u00e0 r\u00e9duire le risque de blessure.<\/p>\n<h3>Moins d&#8217;ampoules, plus de plaisir \u00e0 courir<\/h3>\n<p>Les ampoules ne g\u00e2chent pas seulement le plaisir du coureur, elles g\u00e2chent aussi les courses suivantes. Parce qu&#8217;elles vous emp\u00eachent de poursuivre votre objectif personnel. L&#8217;antidote : la combinaison de mat\u00e9riaux recycl\u00e9s confortables et certifi\u00e9s \u00d6kotex dans les chaussettes de course et leur coupe compressive. Pas de frottements et le risque d&#8217;ampoules est r\u00e9duit.<\/p>\n<h3>Caract\u00e9ristiques :<\/h3>\n<ul class=\"selling-points\">\n<li>ANTI-SLIP-PROFIL augmente l&#8217;adh\u00e9rence de la chaussure gr\u00e2ce \u00e0 des bandes dispos\u00e9es diff\u00e9remment pour plus de contr\u00f4le et une sensation de course directe.<\/li>\n<li>L&#8217;ajustement par compression stimule les articulations par une stimulation sensorielle profonde et cr\u00e9e plus de stabilit\u00e9. Le risque de blessure est r\u00e9duit.<\/li>\n<li>Le mat\u00e9riau recycl\u00e9 confortable et la coupe compressive minimisent la formation d&#8217;ampoules.<\/li>\n<\/ul>\n<h3>Mati\u00e8re :<\/h3>\n<ul>\n<li>86 % polyamide, 14 % \u00e9lasthanne.<\/li>\n<\/ul>\n","protected":false},"excerpt":{"rendered":"<ul>\n<li>Meilleur contr\u00f4le et stabilit\u00e9 : le PROFIL ANTID\u00c9RAPANT am\u00e9liore l&#8217;adh\u00e9rence dans la chaussure, assurant une conduite plus stable et pr\u00e9cise.<\/li>\n<li>R\u00e9duire le risque de blessure : la compression stimule les articulations, augmentant la stabilit\u00e9 et diminuant le risque de blessure.<\/li>\n<li>Mat\u00e9riaux confortables et anti-ampoules : la coupe compressive et les mat\u00e9riaux recycl\u00e9s minimisent le risque d&#8217;ampoules, pour une course non-stop.<\/li>\n<\/ul>\n","protected":false},"featured_media":250642,"template":"","meta":{"_acf_changed":false,"inline_featured_image":false},"product_brand":[],"product_cat":[22597,22596,22595],"product_tag":[23469,23651],"class_list":{"0":"post-298066","1":"product","2":"type-product","3":"status-publish","4":"has-post-thumbnail","6":"product_cat-chaussettes","7":"product_cat-vetements-pour-femmes","8":"product_cat-femme","9":"product_tag-cep-fr","10":"product_tag-cep-femme","11":"pa_attivita-marcher","12":"pa_attivita-running-fr","13":"pa_colore-ltd-edition-2024-mid-cut-black-neon-pi-w-fr","14":"pa_colore-ltd-edition-2024-mid-cut-cream-neon-w-fr","15":"pa_marca-cep-fr","16":"pa_sesso-femme","17":"pa_size-34-37-fr","18":"pa_size-37-40-fr","19":"pa_size-40-43-fr","21":"first","22":"instock","23":"sale","24":"taxable","25":"shipping-taxable","26":"purchasable","27":"product-type-variable","28":"wvs-archive-product-wrapper"},"acf":[],"yoast_head":"<!-- This site is optimized with the Yoast SEO plugin v26.8 - https:\/\/yoast.com\/product\/yoast-seo-wordpress\/ -->\n<title>Cep Limited 2024 Mid Cut Socks femme - Chaussettes de course- MioMioRun<\/title>\n<meta name=\"description\" content=\"Les chaussettes Run Limited 2024 Mid Cut pour femmes se distinguent toujours par leurs \u00e9l\u00e9gants accents n\u00e9on. Le PROFIL ANTI-GLISSE offre plus d&#039;adh\u00e9rence.\" \/>\n<meta name=\"robots\" content=\"index, follow, max-snippet:-1, max-image-preview:large, max-video-preview:-1\" \/>\n<link rel=\"canonical\" href=\"https:\/\/www.miomiorun.com\/fr\/produit\/limited-2024-mid-cut-socks-femme\/\" \/>\n<meta property=\"og:locale\" content=\"fr_FR\" \/>\n<meta property=\"og:type\" content=\"article\" \/>\n<meta property=\"og:title\" content=\"Cep Limited 2024 Mid Cut Socks femme - Chaussettes de course- MioMioRun\" \/>\n<meta property=\"og:description\" content=\"Les chaussettes Run Limited 2024 Mid Cut pour femmes se distinguent toujours par leurs \u00e9l\u00e9gants accents n\u00e9on. Le PROFIL ANTI-GLISSE offre plus d&#039;adh\u00e9rence.\" \/>\n<meta property=\"og:url\" content=\"https:\/\/www.miomiorun.com\/fr\/produit\/limited-2024-mid-cut-socks-femme\/\" \/>\n<meta property=\"og:site_name\" content=\"MioMioRun\" \/>\n<meta property=\"article:publisher\" content=\"https:\/\/www.facebook.com\/miomiorun\/\" \/>\n<meta property=\"article:modified_time\" content=\"2026-05-08T20:27:20+00:00\" \/>\n<meta property=\"og:image\" content=\"https:\/\/www.miomiorun.com\/app\/uploads\/2024\/12\/cep-Ltd-edition-2024-mid-cut-black-neon-pi-W-CPWP7CEC-891.webp\" \/>\n\t<meta property=\"og:image:width\" content=\"600\" \/>\n\t<meta property=\"og:image:height\" content=\"600\" \/>\n\t<meta property=\"og:image:type\" content=\"image\/webp\" \/>\n<meta name=\"twitter:card\" content=\"summary_large_image\" \/>\n<meta name=\"twitter:label1\" content=\"Est. reading time\" \/>\n\t<meta name=\"twitter:data1\" content=\"2 minutes\" \/>\n<script type=\"application\/ld+json\" class=\"yoast-schema-graph\">{\"@context\":\"https:\/\/schema.org\",\"@graph\":[{\"@type\":\"WebPage\",\"@id\":\"https:\/\/www.miomiorun.com\/fr\/produit\/limited-2024-mid-cut-socks-femme\/\",\"url\":\"https:\/\/www.miomiorun.com\/fr\/produit\/limited-2024-mid-cut-socks-femme\/\",\"name\":\"Cep Limited 2024 Mid Cut Socks femme - Chaussettes de course- MioMioRun\",\"isPartOf\":{\"@id\":\"https:\/\/www.miomiorun.com\/fr\/#website\"},\"primaryImageOfPage\":{\"@id\":\"https:\/\/www.miomiorun.com\/fr\/produit\/limited-2024-mid-cut-socks-femme\/#primaryimage\"},\"image\":{\"@id\":\"https:\/\/www.miomiorun.com\/fr\/produit\/limited-2024-mid-cut-socks-femme\/#primaryimage\"},\"thumbnailUrl\":\"https:\/\/www.miomiorun.com\/app\/uploads\/2024\/12\/cep-Ltd-edition-2024-mid-cut-black-neon-pi-W-CPWP7CEC-891.webp\",\"datePublished\":\"2024-10-29T14:34:53+00:00\",\"dateModified\":\"2026-05-08T20:27:20+00:00\",\"description\":\"Les chaussettes Run Limited 2024 Mid Cut pour femmes se distinguent toujours par leurs \u00e9l\u00e9gants accents n\u00e9on. Le PROFIL ANTI-GLISSE offre plus d'adh\u00e9rence.\",\"breadcrumb\":{\"@id\":\"https:\/\/www.miomiorun.com\/fr\/produit\/limited-2024-mid-cut-socks-femme\/#breadcrumb\"},\"inLanguage\":\"fr-FR\",\"potentialAction\":[{\"@type\":\"ReadAction\",\"target\":[\"https:\/\/www.miomiorun.com\/fr\/produit\/limited-2024-mid-cut-socks-femme\/\"]}]},{\"@type\":\"ImageObject\",\"inLanguage\":\"fr-FR\",\"@id\":\"https:\/\/www.miomiorun.com\/fr\/produit\/limited-2024-mid-cut-socks-femme\/#primaryimage\",\"url\":\"https:\/\/www.miomiorun.com\/app\/uploads\/2024\/12\/cep-Ltd-edition-2024-mid-cut-black-neon-pi-W-CPWP7CEC-891.webp\",\"contentUrl\":\"https:\/\/www.miomiorun.com\/app\/uploads\/2024\/12\/cep-Ltd-edition-2024-mid-cut-black-neon-pi-W-CPWP7CEC-891.webp\",\"width\":600,\"height\":600,\"caption\":\"cep Ltd edition 2024 mid cut black neon pi W CPWP7CEC-891\"},{\"@type\":\"BreadcrumbList\",\"@id\":\"https:\/\/www.miomiorun.com\/fr\/produit\/limited-2024-mid-cut-socks-femme\/#breadcrumb\",\"itemListElement\":[{\"@type\":\"ListItem\",\"position\":1,\"name\":\"Home\",\"item\":\"https:\/\/www.miomiorun.com\/fr\/home-page\/\"},{\"@type\":\"ListItem\",\"position\":2,\"name\":\"Shop\",\"item\":\"https:\/\/www.miomiorun.com\/shop\/\"},{\"@type\":\"ListItem\",\"position\":3,\"name\":\"Limited 2024 Mid Cut Socks femme\"}]},{\"@type\":\"WebSite\",\"@id\":\"https:\/\/www.miomiorun.com\/fr\/#website\",\"url\":\"https:\/\/www.miomiorun.com\/fr\/\",\"name\":\"MioMioRun\",\"description\":\"Boutique 100% running et trail\",\"publisher\":{\"@id\":\"https:\/\/www.miomiorun.com\/fr\/#organization\"},\"potentialAction\":[{\"@type\":\"SearchAction\",\"target\":{\"@type\":\"EntryPoint\",\"urlTemplate\":\"https:\/\/www.miomiorun.com\/fr\/?s={search_term_string}\"},\"query-input\":{\"@type\":\"PropertyValueSpecification\",\"valueRequired\":true,\"valueName\":\"search_term_string\"}}],\"inLanguage\":\"fr-FR\"},{\"@type\":\"Organization\",\"@id\":\"https:\/\/www.miomiorun.com\/fr\/#organization\",\"name\":\"MioMio Run\",\"url\":\"https:\/\/www.miomiorun.com\/fr\/\",\"logo\":{\"@type\":\"ImageObject\",\"inLanguage\":\"fr-FR\",\"@id\":\"https:\/\/www.miomiorun.com\/fr\/#\/schema\/logo\/image\/\",\"url\":\"https:\/\/www.miomiorun.com\/app\/uploads\/2019\/12\/logomio.png\",\"contentUrl\":\"https:\/\/www.miomiorun.com\/app\/uploads\/2019\/12\/logomio.png\",\"width\":115,\"height\":82,\"caption\":\"MioMio Run\"},\"image\":{\"@id\":\"https:\/\/www.miomiorun.com\/fr\/#\/schema\/logo\/image\/\"},\"sameAs\":[\"https:\/\/www.facebook.com\/miomiorun\/\",\"https:\/\/www.instagram.com\/miomiorun\/\"]}]}<\/script>\n<!-- \/ Yoast SEO plugin. -->","yoast_head_json":{"title":"Cep Limited 2024 Mid Cut Socks femme - Chaussettes de course- MioMioRun","description":"Les chaussettes Run Limited 2024 Mid Cut pour femmes se distinguent toujours par leurs \u00e9l\u00e9gants accents n\u00e9on. Le PROFIL ANTI-GLISSE offre plus d'adh\u00e9rence.","robots":{"index":"index","follow":"follow","max-snippet":"max-snippet:-1","max-image-preview":"max-image-preview:large","max-video-preview":"max-video-preview:-1"},"canonical":"https:\/\/www.miomiorun.com\/fr\/produit\/limited-2024-mid-cut-socks-femme\/","og_locale":"fr_FR","og_type":"article","og_title":"Cep Limited 2024 Mid Cut Socks femme - Chaussettes de course- MioMioRun","og_description":"Les chaussettes Run Limited 2024 Mid Cut pour femmes se distinguent toujours par leurs \u00e9l\u00e9gants accents n\u00e9on. Le PROFIL ANTI-GLISSE offre plus d'adh\u00e9rence.","og_url":"https:\/\/www.miomiorun.com\/fr\/produit\/limited-2024-mid-cut-socks-femme\/","og_site_name":"MioMioRun","article_publisher":"https:\/\/www.facebook.com\/miomiorun\/","article_modified_time":"2026-05-08T20:27:20+00:00","og_image":[{"width":600,"height":600,"url":"https:\/\/www.miomiorun.com\/app\/uploads\/2024\/12\/cep-Ltd-edition-2024-mid-cut-black-neon-pi-W-CPWP7CEC-891.webp","type":"image\/webp"}],"twitter_card":"summary_large_image","twitter_misc":{"Est. reading time":"2 minutes"},"schema":{"@context":"https:\/\/schema.org","@graph":[{"@type":"WebPage","@id":"https:\/\/www.miomiorun.com\/fr\/produit\/limited-2024-mid-cut-socks-femme\/","url":"https:\/\/www.miomiorun.com\/fr\/produit\/limited-2024-mid-cut-socks-femme\/","name":"Cep Limited 2024 Mid Cut Socks femme - Chaussettes de course- MioMioRun","isPartOf":{"@id":"https:\/\/www.miomiorun.com\/fr\/#website"},"primaryImageOfPage":{"@id":"https:\/\/www.miomiorun.com\/fr\/produit\/limited-2024-mid-cut-socks-femme\/#primaryimage"},"image":{"@id":"https:\/\/www.miomiorun.com\/fr\/produit\/limited-2024-mid-cut-socks-femme\/#primaryimage"},"thumbnailUrl":"https:\/\/www.miomiorun.com\/app\/uploads\/2024\/12\/cep-Ltd-edition-2024-mid-cut-black-neon-pi-W-CPWP7CEC-891.webp","datePublished":"2024-10-29T14:34:53+00:00","dateModified":"2026-05-08T20:27:20+00:00","description":"Les chaussettes Run Limited 2024 Mid Cut pour femmes se distinguent toujours par leurs \u00e9l\u00e9gants accents n\u00e9on. Le PROFIL ANTI-GLISSE offre plus d'adh\u00e9rence.","breadcrumb":{"@id":"https:\/\/www.miomiorun.com\/fr\/produit\/limited-2024-mid-cut-socks-femme\/#breadcrumb"},"inLanguage":"fr-FR","potentialAction":[{"@type":"ReadAction","target":["https:\/\/www.miomiorun.com\/fr\/produit\/limited-2024-mid-cut-socks-femme\/"]}]},{"@type":"ImageObject","inLanguage":"fr-FR","@id":"https:\/\/www.miomiorun.com\/fr\/produit\/limited-2024-mid-cut-socks-femme\/#primaryimage","url":"https:\/\/www.miomiorun.com\/app\/uploads\/2024\/12\/cep-Ltd-edition-2024-mid-cut-black-neon-pi-W-CPWP7CEC-891.webp","contentUrl":"https:\/\/www.miomiorun.com\/app\/uploads\/2024\/12\/cep-Ltd-edition-2024-mid-cut-black-neon-pi-W-CPWP7CEC-891.webp","width":600,"height":600,"caption":"cep Ltd edition 2024 mid cut black neon pi W CPWP7CEC-891"},{"@type":"BreadcrumbList","@id":"https:\/\/www.miomiorun.com\/fr\/produit\/limited-2024-mid-cut-socks-femme\/#breadcrumb","itemListElement":[{"@type":"ListItem","position":1,"name":"Home","item":"https:\/\/www.miomiorun.com\/fr\/home-page\/"},{"@type":"ListItem","position":2,"name":"Shop","item":"https:\/\/www.miomiorun.com\/shop\/"},{"@type":"ListItem","position":3,"name":"Limited 2024 Mid Cut Socks femme"}]},{"@type":"WebSite","@id":"https:\/\/www.miomiorun.com\/fr\/#website","url":"https:\/\/www.miomiorun.com\/fr\/","name":"MioMioRun","description":"Boutique 100% running et trail","publisher":{"@id":"https:\/\/www.miomiorun.com\/fr\/#organization"},"potentialAction":[{"@type":"SearchAction","target":{"@type":"EntryPoint","urlTemplate":"https:\/\/www.miomiorun.com\/fr\/?s={search_term_string}"},"query-input":{"@type":"PropertyValueSpecification","valueRequired":true,"valueName":"search_term_string"}}],"inLanguage":"fr-FR"},{"@type":"Organization","@id":"https:\/\/www.miomiorun.com\/fr\/#organization","name":"MioMio Run","url":"https:\/\/www.miomiorun.com\/fr\/","logo":{"@type":"ImageObject","inLanguage":"fr-FR","@id":"https:\/\/www.miomiorun.com\/fr\/#\/schema\/logo\/image\/","url":"https:\/\/www.miomiorun.com\/app\/uploads\/2019\/12\/logomio.png","contentUrl":"https:\/\/www.miomiorun.com\/app\/uploads\/2019\/12\/logomio.png","width":115,"height":82,"caption":"MioMio Run"},"image":{"@id":"https:\/\/www.miomiorun.com\/fr\/#\/schema\/logo\/image\/"},"sameAs":["https:\/\/www.facebook.com\/miomiorun\/","https:\/\/www.instagram.com\/miomiorun\/"]}]}},"_links":{"self":[{"href":"https:\/\/www.miomiorun.com\/fr\/wp-json\/wp\/v2\/product\/298066","targetHints":{"allow":["GET"]}}],"collection":[{"href":"https:\/\/www.miomiorun.com\/fr\/wp-json\/wp\/v2\/product"}],"about":[{"href":"https:\/\/www.miomiorun.com\/fr\/wp-json\/wp\/v2\/types\/product"}],"wp:featuredmedia":[{"embeddable":true,"href":"https:\/\/www.miomiorun.com\/fr\/wp-json\/wp\/v2\/media\/250642"}],"wp:attachment":[{"href":"https:\/\/www.miomiorun.com\/fr\/wp-json\/wp\/v2\/media?parent=298066"}],"wp:term":[{"taxonomy":"product_brand","embeddable":true,"href":"https:\/\/www.miomiorun.com\/fr\/wp-json\/wp\/v2\/product_brand?post=298066"},{"taxonomy":"product_cat","embeddable":true,"href":"https:\/\/www.miomiorun.com\/fr\/wp-json\/wp\/v2\/product_cat?post=298066"},{"taxonomy":"product_tag","embeddable":true,"href":"https:\/\/www.miomiorun.com\/fr\/wp-json\/wp\/v2\/product_tag?post=298066"}],"curies":[{"name":"wp","href":"https:\/\/api.w.org\/{rel}","templated":true}]}}