{"id":297907,"date":"2024-12-03T13:56:47","date_gmt":"2024-12-03T12:56:47","guid":{"rendered":"https:\/\/miomiorun.com\/prodotto\/ride-18-uomo\/"},"modified":"2026-01-24T16:48:38","modified_gmt":"2026-01-24T15:48:38","slug":"ride-18-homme","status":"publish","type":"product","link":"https:\/\/www.miomiorun.com\/fr\/produit\/ride-18-homme\/","title":{"rendered":"Ride 18 homme"},"content":{"rendered":"<div class=\"vc-row container\"><div class=\"vc-column\"><div class=\"vc-column-text\"><\/p>\n<h4>Caract\u00e9ristiques techniques<\/h4>\n<p>Cat\u00e9gorie : Amortissement structur\u00e9<br \/>\nD\u00e9calage : 8mm (35\/27)<br \/>\nPoids : 259 g<br \/>\nId\u00e9al pour : Ride est la chaussure id\u00e9ale pour les athl\u00e8tes de poids et de foul\u00e9e moyens qui recherchent un excellent amorti pour aborder les entra\u00eenements ou les courses de moyenne \u00e0 longue distance, elle s&#8217;av\u00e8re \u00e9galement \u00eatre un excellent compagnon de marche<br \/>\nPoids de l&#8217;athl\u00e8te : 60-75 kg<br \/>\nRythme de course : 5 min\/kg<br \/>\n<a href=\"https:\/\/miomiorun.com\/fr\/guide-des-specificites\/\">Guide des sp\u00e9cifications<\/a><\/p>\n<p><\/div><\/div><div class=\"vc-column\"><div class=\"vc-column-text\"><\/p>\n<h3>Ride 18, la chaussure avec un amorti neutre et une forme traditionnelle en sablier pour offrir une conduite confortable et une transition en douceur du talon aux orteils.<\/h3>\n<p>La Ride 18 pour hommes est la chaussure d&#8217;entra\u00eenement avec un amorti neutre. Con\u00e7ue comme la chaussure la plus polyvalente de la ligne de course de Saucony, elle offre l&#8217;innovation d&#8217;une mousse de premi\u00e8re qualit\u00e9 et un confort qui permet de se sentir aussi bien pendant une course de 10 miles que pendant une s\u00e9ance de gym ou une marche de r\u00e9cup\u00e9ration bien m\u00e9rit\u00e9e.<\/p>\n<h3>Caract\u00e9ristiques :<\/h3>\n<ul>\n<li>Les chaussures Neutral Cushioning ont une forme traditionnelle en sablier pour offrir un bon amorti tout en assurant une transition agile du talon aux orteils.<\/li>\n<li>Elles sont d\u00e9sormais dot\u00e9es de PWRRUN+, notre mousse perl\u00e9e avanc\u00e9e qui offre un m\u00e9lange exceptionnel d&#8217;amorti et de durabilit\u00e9. Apr\u00e8s plus de 20 ans, la Ride 18 est la Ride la plus confortable et la plus r\u00e9active qui soit.<\/li>\n<li>Protection et durabilit\u00e9 accrues gr\u00e2ce \u00e0 la couverture XT-900 du talon aux orteils.<\/li>\n<li>Conception nette et moderne en mesh avec un ajustement s\u00fbr et confortable.<\/li>\n<li>Id\u00e9al pour la course de tous les jours<\/li>\n<li>AMORTI PWRRUN<\/li>\n<li>SEMELLE INT\u00c9RIEURE PWRRUN<\/li>\n<li>DURABILIT\u00c9 : Ce mod\u00e8le est v\u00e9g\u00e9talien et contient des mat\u00e9riaux recycl\u00e9s.<\/li>\n<\/ul>\n<p><\/div><\/div><\/div>\n","protected":false},"excerpt":{"rendered":"<ul>\n<li>Une chaussure id\u00e9ale pour les longues distances, mais aussi pour les promenades de d\u00e9tente et la gymnastique.<\/li>\n<li>Confort exceptionnel.<\/li>\n<\/ul>\n","protected":false},"featured_media":342681,"template":"","meta":{"_acf_changed":false,"inline_featured_image":false},"product_brand":[],"product_cat":[24254,24255],"product_tag":[23579,23546],"class_list":{"0":"post-297907","1":"product","2":"type-product","3":"status-publish","4":"has-post-thumbnail","6":"product_cat-chaussures-pour-hommes","7":"product_cat-neutre-fr","8":"product_tag-saucony-fr","9":"product_tag-saucony-homme","10":"pa_attivita-lifestyle-fr","11":"pa_attivita-marcher","12":"pa_attivita-running-fr","13":"pa_colore-ride-18-azurite-peel","14":"pa_colore-ride-18-cool-white-fr","15":"pa_marca-saucony-fr","16":"pa_sesso-homme","17":"pa_size-44-5-fr","18":"pa_size-46-5-fr","20":"first","21":"instock","22":"sale","23":"taxable","24":"shipping-taxable","25":"purchasable","26":"product-type-variable","27":"wvs-archive-product-wrapper"},"acf":[],"yoast_head":"<!-- This site is optimized with the Yoast SEO plugin v26.8 - https:\/\/yoast.com\/product\/yoast-seo-wordpress\/ -->\n<title>Saucony Ride 18 homme - chaussures de sport - MioMioRun<\/title>\n<meta name=\"description\" content=\"La Ride 18 pour homme est une chaussure d&#039;entra\u00eenement avec un amorti neutre. La Ride 18 est la chaussure la plus polyvalente de la gamme Saucony.\" \/>\n<meta name=\"robots\" content=\"index, follow, max-snippet:-1, max-image-preview:large, max-video-preview:-1\" \/>\n<link rel=\"canonical\" href=\"https:\/\/www.miomiorun.com\/fr\/produit\/ride-18-homme\/\" \/>\n<meta property=\"og:locale\" content=\"fr_FR\" \/>\n<meta property=\"og:type\" content=\"article\" \/>\n<meta property=\"og:title\" content=\"Saucony Ride 18 homme - chaussures de sport - MioMioRun\" \/>\n<meta property=\"og:description\" content=\"La Ride 18 pour homme est une chaussure d&#039;entra\u00eenement avec un amorti neutre. La Ride 18 est la chaussure la plus polyvalente de la gamme Saucony.\" \/>\n<meta property=\"og:url\" content=\"https:\/\/www.miomiorun.com\/fr\/produit\/ride-18-homme\/\" \/>\n<meta property=\"og:site_name\" content=\"MioMioRun\" \/>\n<meta property=\"article:publisher\" content=\"https:\/\/www.facebook.com\/miomiorun\/\" \/>\n<meta property=\"article:modified_time\" content=\"2026-01-24T15:48:38+00:00\" \/>\n<meta property=\"og:image\" content=\"https:\/\/www.miomiorun.com\/app\/uploads\/2025\/09\/saucony-Ride-18-lapis-citron-S21000-285.webp\" \/>\n\t<meta property=\"og:image:width\" content=\"720\" \/>\n\t<meta property=\"og:image:height\" content=\"720\" \/>\n\t<meta property=\"og:image:type\" content=\"image\/webp\" \/>\n<meta name=\"twitter:card\" content=\"summary_large_image\" \/>\n<meta name=\"twitter:label1\" content=\"Est. reading time\" \/>\n\t<meta name=\"twitter:data1\" content=\"2 minutes\" \/>\n<script type=\"application\/ld+json\" class=\"yoast-schema-graph\">{\"@context\":\"https:\/\/schema.org\",\"@graph\":[{\"@type\":\"WebPage\",\"@id\":\"https:\/\/www.miomiorun.com\/fr\/produit\/ride-18-homme\/\",\"url\":\"https:\/\/www.miomiorun.com\/fr\/produit\/ride-18-homme\/\",\"name\":\"Saucony Ride 18 homme - chaussures de sport - MioMioRun\",\"isPartOf\":{\"@id\":\"https:\/\/www.miomiorun.com\/fr\/#website\"},\"primaryImageOfPage\":{\"@id\":\"https:\/\/www.miomiorun.com\/fr\/produit\/ride-18-homme\/#primaryimage\"},\"image\":{\"@id\":\"https:\/\/www.miomiorun.com\/fr\/produit\/ride-18-homme\/#primaryimage\"},\"thumbnailUrl\":\"https:\/\/www.miomiorun.com\/app\/uploads\/2025\/09\/saucony-Ride-18-lapis-citron-S21000-285.webp\",\"datePublished\":\"2024-12-03T12:56:47+00:00\",\"dateModified\":\"2026-01-24T15:48:38+00:00\",\"description\":\"La Ride 18 pour homme est une chaussure d'entra\u00eenement avec un amorti neutre. La Ride 18 est la chaussure la plus polyvalente de la gamme Saucony.\",\"breadcrumb\":{\"@id\":\"https:\/\/www.miomiorun.com\/fr\/produit\/ride-18-homme\/#breadcrumb\"},\"inLanguage\":\"fr-FR\",\"potentialAction\":[{\"@type\":\"ReadAction\",\"target\":[\"https:\/\/www.miomiorun.com\/fr\/produit\/ride-18-homme\/\"]}]},{\"@type\":\"ImageObject\",\"inLanguage\":\"fr-FR\",\"@id\":\"https:\/\/www.miomiorun.com\/fr\/produit\/ride-18-homme\/#primaryimage\",\"url\":\"https:\/\/www.miomiorun.com\/app\/uploads\/2025\/09\/saucony-Ride-18-lapis-citron-S21000-285.webp\",\"contentUrl\":\"https:\/\/www.miomiorun.com\/app\/uploads\/2025\/09\/saucony-Ride-18-lapis-citron-S21000-285.webp\",\"width\":720,\"height\":720,\"caption\":\"saucony Ride 18 lapis citron S21000-285\"},{\"@type\":\"BreadcrumbList\",\"@id\":\"https:\/\/www.miomiorun.com\/fr\/produit\/ride-18-homme\/#breadcrumb\",\"itemListElement\":[{\"@type\":\"ListItem\",\"position\":1,\"name\":\"Home\",\"item\":\"https:\/\/www.miomiorun.com\/fr\/home-page\/\"},{\"@type\":\"ListItem\",\"position\":2,\"name\":\"Shop\",\"item\":\"https:\/\/www.miomiorun.com\/shop\/\"},{\"@type\":\"ListItem\",\"position\":3,\"name\":\"Ride 18 homme\"}]},{\"@type\":\"WebSite\",\"@id\":\"https:\/\/www.miomiorun.com\/fr\/#website\",\"url\":\"https:\/\/www.miomiorun.com\/fr\/\",\"name\":\"MioMioRun\",\"description\":\"Boutique 100% running et trail\",\"publisher\":{\"@id\":\"https:\/\/www.miomiorun.com\/fr\/#organization\"},\"potentialAction\":[{\"@type\":\"SearchAction\",\"target\":{\"@type\":\"EntryPoint\",\"urlTemplate\":\"https:\/\/www.miomiorun.com\/fr\/?s={search_term_string}\"},\"query-input\":{\"@type\":\"PropertyValueSpecification\",\"valueRequired\":true,\"valueName\":\"search_term_string\"}}],\"inLanguage\":\"fr-FR\"},{\"@type\":\"Organization\",\"@id\":\"https:\/\/www.miomiorun.com\/fr\/#organization\",\"name\":\"MioMio Run\",\"url\":\"https:\/\/www.miomiorun.com\/fr\/\",\"logo\":{\"@type\":\"ImageObject\",\"inLanguage\":\"fr-FR\",\"@id\":\"https:\/\/www.miomiorun.com\/fr\/#\/schema\/logo\/image\/\",\"url\":\"https:\/\/www.miomiorun.com\/app\/uploads\/2019\/12\/logomio.png\",\"contentUrl\":\"https:\/\/www.miomiorun.com\/app\/uploads\/2019\/12\/logomio.png\",\"width\":115,\"height\":82,\"caption\":\"MioMio Run\"},\"image\":{\"@id\":\"https:\/\/www.miomiorun.com\/fr\/#\/schema\/logo\/image\/\"},\"sameAs\":[\"https:\/\/www.facebook.com\/miomiorun\/\",\"https:\/\/www.instagram.com\/miomiorun\/\"]}]}<\/script>\n<!-- \/ Yoast SEO plugin. -->","yoast_head_json":{"title":"Saucony Ride 18 homme - chaussures de sport - MioMioRun","description":"La Ride 18 pour homme est une chaussure d'entra\u00eenement avec un amorti neutre. La Ride 18 est la chaussure la plus polyvalente de la gamme Saucony.","robots":{"index":"index","follow":"follow","max-snippet":"max-snippet:-1","max-image-preview":"max-image-preview:large","max-video-preview":"max-video-preview:-1"},"canonical":"https:\/\/www.miomiorun.com\/fr\/produit\/ride-18-homme\/","og_locale":"fr_FR","og_type":"article","og_title":"Saucony Ride 18 homme - chaussures de sport - MioMioRun","og_description":"La Ride 18 pour homme est une chaussure d'entra\u00eenement avec un amorti neutre. La Ride 18 est la chaussure la plus polyvalente de la gamme Saucony.","og_url":"https:\/\/www.miomiorun.com\/fr\/produit\/ride-18-homme\/","og_site_name":"MioMioRun","article_publisher":"https:\/\/www.facebook.com\/miomiorun\/","article_modified_time":"2026-01-24T15:48:38+00:00","og_image":[{"width":720,"height":720,"url":"https:\/\/www.miomiorun.com\/app\/uploads\/2025\/09\/saucony-Ride-18-lapis-citron-S21000-285.webp","type":"image\/webp"}],"twitter_card":"summary_large_image","twitter_misc":{"Est. reading time":"2 minutes"},"schema":{"@context":"https:\/\/schema.org","@graph":[{"@type":"WebPage","@id":"https:\/\/www.miomiorun.com\/fr\/produit\/ride-18-homme\/","url":"https:\/\/www.miomiorun.com\/fr\/produit\/ride-18-homme\/","name":"Saucony Ride 18 homme - chaussures de sport - MioMioRun","isPartOf":{"@id":"https:\/\/www.miomiorun.com\/fr\/#website"},"primaryImageOfPage":{"@id":"https:\/\/www.miomiorun.com\/fr\/produit\/ride-18-homme\/#primaryimage"},"image":{"@id":"https:\/\/www.miomiorun.com\/fr\/produit\/ride-18-homme\/#primaryimage"},"thumbnailUrl":"https:\/\/www.miomiorun.com\/app\/uploads\/2025\/09\/saucony-Ride-18-lapis-citron-S21000-285.webp","datePublished":"2024-12-03T12:56:47+00:00","dateModified":"2026-01-24T15:48:38+00:00","description":"La Ride 18 pour homme est une chaussure d'entra\u00eenement avec un amorti neutre. La Ride 18 est la chaussure la plus polyvalente de la gamme Saucony.","breadcrumb":{"@id":"https:\/\/www.miomiorun.com\/fr\/produit\/ride-18-homme\/#breadcrumb"},"inLanguage":"fr-FR","potentialAction":[{"@type":"ReadAction","target":["https:\/\/www.miomiorun.com\/fr\/produit\/ride-18-homme\/"]}]},{"@type":"ImageObject","inLanguage":"fr-FR","@id":"https:\/\/www.miomiorun.com\/fr\/produit\/ride-18-homme\/#primaryimage","url":"https:\/\/www.miomiorun.com\/app\/uploads\/2025\/09\/saucony-Ride-18-lapis-citron-S21000-285.webp","contentUrl":"https:\/\/www.miomiorun.com\/app\/uploads\/2025\/09\/saucony-Ride-18-lapis-citron-S21000-285.webp","width":720,"height":720,"caption":"saucony Ride 18 lapis citron S21000-285"},{"@type":"BreadcrumbList","@id":"https:\/\/www.miomiorun.com\/fr\/produit\/ride-18-homme\/#breadcrumb","itemListElement":[{"@type":"ListItem","position":1,"name":"Home","item":"https:\/\/www.miomiorun.com\/fr\/home-page\/"},{"@type":"ListItem","position":2,"name":"Shop","item":"https:\/\/www.miomiorun.com\/shop\/"},{"@type":"ListItem","position":3,"name":"Ride 18 homme"}]},{"@type":"WebSite","@id":"https:\/\/www.miomiorun.com\/fr\/#website","url":"https:\/\/www.miomiorun.com\/fr\/","name":"MioMioRun","description":"Boutique 100% running et trail","publisher":{"@id":"https:\/\/www.miomiorun.com\/fr\/#organization"},"potentialAction":[{"@type":"SearchAction","target":{"@type":"EntryPoint","urlTemplate":"https:\/\/www.miomiorun.com\/fr\/?s={search_term_string}"},"query-input":{"@type":"PropertyValueSpecification","valueRequired":true,"valueName":"search_term_string"}}],"inLanguage":"fr-FR"},{"@type":"Organization","@id":"https:\/\/www.miomiorun.com\/fr\/#organization","name":"MioMio Run","url":"https:\/\/www.miomiorun.com\/fr\/","logo":{"@type":"ImageObject","inLanguage":"fr-FR","@id":"https:\/\/www.miomiorun.com\/fr\/#\/schema\/logo\/image\/","url":"https:\/\/www.miomiorun.com\/app\/uploads\/2019\/12\/logomio.png","contentUrl":"https:\/\/www.miomiorun.com\/app\/uploads\/2019\/12\/logomio.png","width":115,"height":82,"caption":"MioMio Run"},"image":{"@id":"https:\/\/www.miomiorun.com\/fr\/#\/schema\/logo\/image\/"},"sameAs":["https:\/\/www.facebook.com\/miomiorun\/","https:\/\/www.instagram.com\/miomiorun\/"]}]}},"_links":{"self":[{"href":"https:\/\/www.miomiorun.com\/fr\/wp-json\/wp\/v2\/product\/297907","targetHints":{"allow":["GET"]}}],"collection":[{"href":"https:\/\/www.miomiorun.com\/fr\/wp-json\/wp\/v2\/product"}],"about":[{"href":"https:\/\/www.miomiorun.com\/fr\/wp-json\/wp\/v2\/types\/product"}],"wp:featuredmedia":[{"embeddable":true,"href":"https:\/\/www.miomiorun.com\/fr\/wp-json\/wp\/v2\/media\/342681"}],"wp:attachment":[{"href":"https:\/\/www.miomiorun.com\/fr\/wp-json\/wp\/v2\/media?parent=297907"}],"wp:term":[{"taxonomy":"product_brand","embeddable":true,"href":"https:\/\/www.miomiorun.com\/fr\/wp-json\/wp\/v2\/product_brand?post=297907"},{"taxonomy":"product_cat","embeddable":true,"href":"https:\/\/www.miomiorun.com\/fr\/wp-json\/wp\/v2\/product_cat?post=297907"},{"taxonomy":"product_tag","embeddable":true,"href":"https:\/\/www.miomiorun.com\/fr\/wp-json\/wp\/v2\/product_tag?post=297907"}],"curies":[{"name":"wp","href":"https:\/\/api.w.org\/{rel}","templated":true}]}}