{"id":297746,"date":"2024-12-03T14:31:05","date_gmt":"2024-12-03T13:31:05","guid":{"rendered":"https:\/\/miomiorun.com\/prodotto\/peregrine-15-uomo\/"},"modified":"2026-03-19T17:39:44","modified_gmt":"2026-03-19T16:39:44","slug":"peregrine-15-homme","status":"publish","type":"product","link":"https:\/\/www.miomiorun.com\/fr\/produit\/peregrine-15-homme\/","title":{"rendered":"Peregrine 15 homme"},"content":{"rendered":"<div class=\"vc-row container\"><div class=\"vc-column\"><div class=\"vc-column-text\"><\/p>\n<p><strong>Caract\u00e9ristiques techniques<\/strong><\/p>\n<p>Cat\u00e9gorie : amorti sup\u00e9rieur<br \/>\nD\u00e9calage : 4 mm (28\/24mm)<br \/>\nPoids : 277 g<br \/>\nId\u00e9al pour : coureurs, trail runners et marcheurs \u00e0 la recherche d&#8217;un mod\u00e8le pas trop lourd, capable de fournir un soutien souple et \u00e9lastique, avec une bonne traction sur les terrains de montagne m\u00eame exigeants.<br \/>\nPoids de l&#8217;athl\u00e8te : 70-80 kg<br \/>\nAllure de course : moyenne (5.00-5.30 min\/km<a href=\"https:\/\/miomiorun.com\/fr\/guide-des-specificites\/\">)<\/a><br \/>\n<a href=\"https:\/\/miomiorun.com\/fr\/guide-des-specificites\/\">Guide des caract\u00e9ristiques techniques<\/a><\/p>\n<p><\/div><\/div><div class=\"vc-column\"><div class=\"vc-column-text\"><\/p>\n<h3 style=\"text-align: center;\">La Peregrine 15 pour homme est une chaussure de trail \u00e0 amorti neutre qui porte le nom de l&#8217;oiseau le plus rapide de la plan\u00e8te.<\/h3>\n<p>La Peregrine 15 est con\u00e7ue pour affronter les terrains les plus difficiles avec des crampons agressifs de 5 mm, un syst\u00e8me d&#8217;amorti PWRRUN nouvellement formul\u00e9 et une protection in\u00e9gal\u00e9e contre la salet\u00e9 et les d\u00e9bris, le tout dans un ensemble l\u00e9ger et discret.<\/p>\n<h3>Caract\u00e9ristiques :<\/h3>\n<ul>\n<li>Un nouveau m\u00e9lange de mousse PWRRUN offre plus d&#8217;amorti, de confort et de flexibilit\u00e9 que jamais.<\/li>\n<li>La semelle ext\u00e9rieure en caoutchouc PWRTRAC, nouvellement formul\u00e9e, offre une durabilit\u00e9 et une traction maximales.<\/li>\n<li>Tige en mesh haute r\u00e9sistance avec protection suppl\u00e9mentaire dans les zones de forte abrasion et anneau en D pour la compatibilit\u00e9 avec les gu\u00eatres.<\/li>\n<li>Id\u00e9al pour le trail technique<\/li>\n<li>AMORTI PWRRUN<\/li>\n<li>SEMELLE INT\u00c9RIEURE PWRRUN<\/li>\n<li>DURABILIT\u00c9 : Ce mod\u00e8le est v\u00e9g\u00e9talien et contient des mat\u00e9riaux recycl\u00e9s.<\/li>\n<\/ul>\n<p><\/div><\/div><\/div>\n","protected":false},"excerpt":{"rendered":"<ul>\n<li>Chaussure de trail id\u00e9ale pour tout type d&#8217;excursion sur les sentiers de montagne.<\/li>\n<li>Super adh\u00e9rent au sol et durable.<\/li>\n<\/ul>\n","protected":false},"featured_media":250232,"template":"","meta":{"_acf_changed":false,"inline_featured_image":false},"product_brand":[],"product_cat":[24254,24481],"product_tag":[23579,23546],"class_list":{"0":"post-297746","1":"product","2":"type-product","3":"status-publish","4":"has-post-thumbnail","6":"product_cat-chaussures-pour-hommes","7":"product_cat-trail-fr-4","8":"product_tag-saucony-fr","9":"product_tag-saucony-homme","10":"pa_attivita-outdoor-fr","11":"pa_attivita-trail-fr","12":"pa_colore-peregrine-15-kodiak-black-fr","13":"pa_colore-peregrine-15-ridge-olivine-fr","14":"pa_marca-saucony-fr","15":"pa_sesso-homme","16":"pa_size-41-fr","17":"pa_size-46-fr","19":"first","20":"instock","21":"sale","22":"taxable","23":"shipping-taxable","24":"purchasable","25":"product-type-variable","26":"wvs-archive-product-wrapper"},"acf":[],"yoast_head":"<!-- This site is optimized with the Yoast SEO plugin v26.8 - https:\/\/yoast.com\/product\/yoast-seo-wordpress\/ -->\n<title>Saucony Peregrine 15 homme - chaussures de trail - MioMioRun<\/title>\n<meta name=\"description\" content=\"La Peregrine 15 est con\u00e7ue pour affronter les terrains les plus difficiles gr\u00e2ce \u00e0 des crampons agressifs de 5 mm et au syst\u00e8me d&#039;amorti PWRRUN.\" \/>\n<meta name=\"robots\" content=\"index, follow, max-snippet:-1, max-image-preview:large, max-video-preview:-1\" \/>\n<link rel=\"canonical\" href=\"https:\/\/www.miomiorun.com\/fr\/produit\/peregrine-15-homme\/\" \/>\n<meta property=\"og:locale\" content=\"fr_FR\" \/>\n<meta property=\"og:type\" content=\"article\" \/>\n<meta property=\"og:title\" content=\"Saucony Peregrine 15 homme - chaussures de trail - MioMioRun\" \/>\n<meta property=\"og:description\" content=\"La Peregrine 15 est con\u00e7ue pour affronter les terrains les plus difficiles gr\u00e2ce \u00e0 des crampons agressifs de 5 mm et au syst\u00e8me d&#039;amorti PWRRUN.\" \/>\n<meta property=\"og:url\" content=\"https:\/\/www.miomiorun.com\/fr\/produit\/peregrine-15-homme\/\" \/>\n<meta property=\"og:site_name\" content=\"MioMioRun\" \/>\n<meta property=\"article:publisher\" content=\"https:\/\/www.facebook.com\/miomiorun\/\" \/>\n<meta property=\"article:modified_time\" content=\"2026-03-19T16:39:44+00:00\" \/>\n<meta property=\"og:image\" content=\"https:\/\/www.miomiorun.com\/app\/uploads\/2024\/12\/saucony-Peregrine-15-peel-navy-S20990-164.webp\" \/>\n\t<meta property=\"og:image:width\" content=\"600\" \/>\n\t<meta property=\"og:image:height\" content=\"600\" \/>\n\t<meta property=\"og:image:type\" content=\"image\/webp\" \/>\n<meta name=\"twitter:card\" content=\"summary_large_image\" \/>\n<meta name=\"twitter:label1\" content=\"Est. reading time\" \/>\n\t<meta name=\"twitter:data1\" content=\"1 minute\" \/>\n<script type=\"application\/ld+json\" class=\"yoast-schema-graph\">{\"@context\":\"https:\/\/schema.org\",\"@graph\":[{\"@type\":\"WebPage\",\"@id\":\"https:\/\/www.miomiorun.com\/fr\/produit\/peregrine-15-homme\/\",\"url\":\"https:\/\/www.miomiorun.com\/fr\/produit\/peregrine-15-homme\/\",\"name\":\"Saucony Peregrine 15 homme - chaussures de trail - MioMioRun\",\"isPartOf\":{\"@id\":\"https:\/\/www.miomiorun.com\/fr\/#website\"},\"primaryImageOfPage\":{\"@id\":\"https:\/\/www.miomiorun.com\/fr\/produit\/peregrine-15-homme\/#primaryimage\"},\"image\":{\"@id\":\"https:\/\/www.miomiorun.com\/fr\/produit\/peregrine-15-homme\/#primaryimage\"},\"thumbnailUrl\":\"https:\/\/www.miomiorun.com\/app\/uploads\/2024\/12\/saucony-Peregrine-15-peel-navy-S20990-164.webp\",\"datePublished\":\"2024-12-03T13:31:05+00:00\",\"dateModified\":\"2026-03-19T16:39:44+00:00\",\"description\":\"La Peregrine 15 est con\u00e7ue pour affronter les terrains les plus difficiles gr\u00e2ce \u00e0 des crampons agressifs de 5 mm et au syst\u00e8me d'amorti PWRRUN.\",\"breadcrumb\":{\"@id\":\"https:\/\/www.miomiorun.com\/fr\/produit\/peregrine-15-homme\/#breadcrumb\"},\"inLanguage\":\"fr-FR\",\"potentialAction\":[{\"@type\":\"ReadAction\",\"target\":[\"https:\/\/www.miomiorun.com\/fr\/produit\/peregrine-15-homme\/\"]}]},{\"@type\":\"ImageObject\",\"inLanguage\":\"fr-FR\",\"@id\":\"https:\/\/www.miomiorun.com\/fr\/produit\/peregrine-15-homme\/#primaryimage\",\"url\":\"https:\/\/www.miomiorun.com\/app\/uploads\/2024\/12\/saucony-Peregrine-15-peel-navy-S20990-164.webp\",\"contentUrl\":\"https:\/\/www.miomiorun.com\/app\/uploads\/2024\/12\/saucony-Peregrine-15-peel-navy-S20990-164.webp\",\"width\":600,\"height\":600,\"caption\":\"saucony Peregrine 15 peel navy S20990-164\"},{\"@type\":\"BreadcrumbList\",\"@id\":\"https:\/\/www.miomiorun.com\/fr\/produit\/peregrine-15-homme\/#breadcrumb\",\"itemListElement\":[{\"@type\":\"ListItem\",\"position\":1,\"name\":\"Home\",\"item\":\"https:\/\/www.miomiorun.com\/fr\/home-page\/\"},{\"@type\":\"ListItem\",\"position\":2,\"name\":\"Shop\",\"item\":\"https:\/\/www.miomiorun.com\/shop\/\"},{\"@type\":\"ListItem\",\"position\":3,\"name\":\"Peregrine 15 homme\"}]},{\"@type\":\"WebSite\",\"@id\":\"https:\/\/www.miomiorun.com\/fr\/#website\",\"url\":\"https:\/\/www.miomiorun.com\/fr\/\",\"name\":\"MioMioRun\",\"description\":\"Boutique 100% running et trail\",\"publisher\":{\"@id\":\"https:\/\/www.miomiorun.com\/fr\/#organization\"},\"potentialAction\":[{\"@type\":\"SearchAction\",\"target\":{\"@type\":\"EntryPoint\",\"urlTemplate\":\"https:\/\/www.miomiorun.com\/fr\/?s={search_term_string}\"},\"query-input\":{\"@type\":\"PropertyValueSpecification\",\"valueRequired\":true,\"valueName\":\"search_term_string\"}}],\"inLanguage\":\"fr-FR\"},{\"@type\":\"Organization\",\"@id\":\"https:\/\/www.miomiorun.com\/fr\/#organization\",\"name\":\"MioMio Run\",\"url\":\"https:\/\/www.miomiorun.com\/fr\/\",\"logo\":{\"@type\":\"ImageObject\",\"inLanguage\":\"fr-FR\",\"@id\":\"https:\/\/www.miomiorun.com\/fr\/#\/schema\/logo\/image\/\",\"url\":\"https:\/\/www.miomiorun.com\/app\/uploads\/2019\/12\/logomio.png\",\"contentUrl\":\"https:\/\/www.miomiorun.com\/app\/uploads\/2019\/12\/logomio.png\",\"width\":115,\"height\":82,\"caption\":\"MioMio Run\"},\"image\":{\"@id\":\"https:\/\/www.miomiorun.com\/fr\/#\/schema\/logo\/image\/\"},\"sameAs\":[\"https:\/\/www.facebook.com\/miomiorun\/\",\"https:\/\/www.instagram.com\/miomiorun\/\"]}]}<\/script>\n<!-- \/ Yoast SEO plugin. -->","yoast_head_json":{"title":"Saucony Peregrine 15 homme - chaussures de trail - MioMioRun","description":"La Peregrine 15 est con\u00e7ue pour affronter les terrains les plus difficiles gr\u00e2ce \u00e0 des crampons agressifs de 5 mm et au syst\u00e8me d'amorti PWRRUN.","robots":{"index":"index","follow":"follow","max-snippet":"max-snippet:-1","max-image-preview":"max-image-preview:large","max-video-preview":"max-video-preview:-1"},"canonical":"https:\/\/www.miomiorun.com\/fr\/produit\/peregrine-15-homme\/","og_locale":"fr_FR","og_type":"article","og_title":"Saucony Peregrine 15 homme - chaussures de trail - MioMioRun","og_description":"La Peregrine 15 est con\u00e7ue pour affronter les terrains les plus difficiles gr\u00e2ce \u00e0 des crampons agressifs de 5 mm et au syst\u00e8me d'amorti PWRRUN.","og_url":"https:\/\/www.miomiorun.com\/fr\/produit\/peregrine-15-homme\/","og_site_name":"MioMioRun","article_publisher":"https:\/\/www.facebook.com\/miomiorun\/","article_modified_time":"2026-03-19T16:39:44+00:00","og_image":[{"width":600,"height":600,"url":"https:\/\/www.miomiorun.com\/app\/uploads\/2024\/12\/saucony-Peregrine-15-peel-navy-S20990-164.webp","type":"image\/webp"}],"twitter_card":"summary_large_image","twitter_misc":{"Est. reading time":"1 minute"},"schema":{"@context":"https:\/\/schema.org","@graph":[{"@type":"WebPage","@id":"https:\/\/www.miomiorun.com\/fr\/produit\/peregrine-15-homme\/","url":"https:\/\/www.miomiorun.com\/fr\/produit\/peregrine-15-homme\/","name":"Saucony Peregrine 15 homme - chaussures de trail - MioMioRun","isPartOf":{"@id":"https:\/\/www.miomiorun.com\/fr\/#website"},"primaryImageOfPage":{"@id":"https:\/\/www.miomiorun.com\/fr\/produit\/peregrine-15-homme\/#primaryimage"},"image":{"@id":"https:\/\/www.miomiorun.com\/fr\/produit\/peregrine-15-homme\/#primaryimage"},"thumbnailUrl":"https:\/\/www.miomiorun.com\/app\/uploads\/2024\/12\/saucony-Peregrine-15-peel-navy-S20990-164.webp","datePublished":"2024-12-03T13:31:05+00:00","dateModified":"2026-03-19T16:39:44+00:00","description":"La Peregrine 15 est con\u00e7ue pour affronter les terrains les plus difficiles gr\u00e2ce \u00e0 des crampons agressifs de 5 mm et au syst\u00e8me d'amorti PWRRUN.","breadcrumb":{"@id":"https:\/\/www.miomiorun.com\/fr\/produit\/peregrine-15-homme\/#breadcrumb"},"inLanguage":"fr-FR","potentialAction":[{"@type":"ReadAction","target":["https:\/\/www.miomiorun.com\/fr\/produit\/peregrine-15-homme\/"]}]},{"@type":"ImageObject","inLanguage":"fr-FR","@id":"https:\/\/www.miomiorun.com\/fr\/produit\/peregrine-15-homme\/#primaryimage","url":"https:\/\/www.miomiorun.com\/app\/uploads\/2024\/12\/saucony-Peregrine-15-peel-navy-S20990-164.webp","contentUrl":"https:\/\/www.miomiorun.com\/app\/uploads\/2024\/12\/saucony-Peregrine-15-peel-navy-S20990-164.webp","width":600,"height":600,"caption":"saucony Peregrine 15 peel navy S20990-164"},{"@type":"BreadcrumbList","@id":"https:\/\/www.miomiorun.com\/fr\/produit\/peregrine-15-homme\/#breadcrumb","itemListElement":[{"@type":"ListItem","position":1,"name":"Home","item":"https:\/\/www.miomiorun.com\/fr\/home-page\/"},{"@type":"ListItem","position":2,"name":"Shop","item":"https:\/\/www.miomiorun.com\/shop\/"},{"@type":"ListItem","position":3,"name":"Peregrine 15 homme"}]},{"@type":"WebSite","@id":"https:\/\/www.miomiorun.com\/fr\/#website","url":"https:\/\/www.miomiorun.com\/fr\/","name":"MioMioRun","description":"Boutique 100% running et trail","publisher":{"@id":"https:\/\/www.miomiorun.com\/fr\/#organization"},"potentialAction":[{"@type":"SearchAction","target":{"@type":"EntryPoint","urlTemplate":"https:\/\/www.miomiorun.com\/fr\/?s={search_term_string}"},"query-input":{"@type":"PropertyValueSpecification","valueRequired":true,"valueName":"search_term_string"}}],"inLanguage":"fr-FR"},{"@type":"Organization","@id":"https:\/\/www.miomiorun.com\/fr\/#organization","name":"MioMio Run","url":"https:\/\/www.miomiorun.com\/fr\/","logo":{"@type":"ImageObject","inLanguage":"fr-FR","@id":"https:\/\/www.miomiorun.com\/fr\/#\/schema\/logo\/image\/","url":"https:\/\/www.miomiorun.com\/app\/uploads\/2019\/12\/logomio.png","contentUrl":"https:\/\/www.miomiorun.com\/app\/uploads\/2019\/12\/logomio.png","width":115,"height":82,"caption":"MioMio Run"},"image":{"@id":"https:\/\/www.miomiorun.com\/fr\/#\/schema\/logo\/image\/"},"sameAs":["https:\/\/www.facebook.com\/miomiorun\/","https:\/\/www.instagram.com\/miomiorun\/"]}]}},"_links":{"self":[{"href":"https:\/\/www.miomiorun.com\/fr\/wp-json\/wp\/v2\/product\/297746","targetHints":{"allow":["GET"]}}],"collection":[{"href":"https:\/\/www.miomiorun.com\/fr\/wp-json\/wp\/v2\/product"}],"about":[{"href":"https:\/\/www.miomiorun.com\/fr\/wp-json\/wp\/v2\/types\/product"}],"wp:featuredmedia":[{"embeddable":true,"href":"https:\/\/www.miomiorun.com\/fr\/wp-json\/wp\/v2\/media\/250232"}],"wp:attachment":[{"href":"https:\/\/www.miomiorun.com\/fr\/wp-json\/wp\/v2\/media?parent=297746"}],"wp:term":[{"taxonomy":"product_brand","embeddable":true,"href":"https:\/\/www.miomiorun.com\/fr\/wp-json\/wp\/v2\/product_brand?post=297746"},{"taxonomy":"product_cat","embeddable":true,"href":"https:\/\/www.miomiorun.com\/fr\/wp-json\/wp\/v2\/product_cat?post=297746"},{"taxonomy":"product_tag","embeddable":true,"href":"https:\/\/www.miomiorun.com\/fr\/wp-json\/wp\/v2\/product_tag?post=297746"}],"curies":[{"name":"wp","href":"https:\/\/api.w.org\/{rel}","templated":true}]}}