{"id":297696,"date":"2024-12-04T11:50:46","date_gmt":"2024-12-04T10:50:46","guid":{"rendered":"https:\/\/miomiorun.com\/prodotto\/launch-elite-cold-weather-tights-uomo\/"},"modified":"2025-05-21T11:51:28","modified_gmt":"2025-05-21T09:51:28","slug":"launch-elite-cold-weather-tights-homme","status":"publish","type":"product","link":"https:\/\/www.miomiorun.com\/fr\/produit\/launch-elite-cold-weather-tights-homme\/","title":{"rendered":"Launch elite Cold Weather tights homme"},"content":{"rendered":"<div class=\"vc-row container\"><div class=\"vc-column\"><div class=\"vc-column-text\"><strong>La performance au plus haut niveau, m\u00eame les jours les plus froids.<\/strong><br \/>\nLe UA Launch Elite Cold Weather Men&#8217;s Leggings est le choix id\u00e9al pour ceux qui ne se laissent pas arr\u00eater par les temp\u00e9ratures froides. Con\u00e7u avec des technologies avanc\u00e9es, ce legging offre un \u00e9quilibre parfait entre confort, chaleur et respirabilit\u00e9, vous permettant de donner le meilleur de vous-m\u00eame \u00e0 chaque entra\u00eenement, m\u00eame dans les conditions les plus difficiles.<\/p>\n<p><strong>Caract\u00e9ristiques principales :<\/strong><\/p>\n<ol>\n<li><strong>Mat\u00e9riaux de haute qualit\u00e9 :<\/strong><br \/>\nFabriqu\u00e9 \u00e0 partir de tissus innovants et thermor\u00e9gulateurs, ce legging emprisonne la chaleur du corps pour vous garder au chaud sans sacrifier la l\u00e9g\u00e8ret\u00e9. La respirabilit\u00e9 est garantie, ce qui vous \u00e9vite de surchauffer pendant les activit\u00e9s intenses.<\/li>\n<li><strong>Coupe et confort exceptionnels :<\/strong><br \/>\nLa coupe pr\u00e8s du corps et le design ergonomique offrent un ajustement parfait, suivant les mouvements naturels du corps. Les coutures sont con\u00e7ues pour minimiser les frottements et \u00e9viter les irritations, ce qui garantit un confort optimal, m\u00eame pendant les s\u00e9ances les plus longues.<\/li>\n<li><strong>D\u00e9tails intelligents :<\/strong>\n<ul>\n<li><strong>Panneaux r\u00e9fl\u00e9chissants :<\/strong> Plac\u00e9s \u00e0 des endroits strat\u00e9giques, ils augmentent la visibilit\u00e9 dans des conditions de faible luminosit\u00e9, pour une plus grande s\u00e9curit\u00e9 lors des promenades matinales ou nocturnes.<\/li>\n<li><strong>Poches fonctionnelles :<\/strong> id\u00e9ales pour transporter de petits objets essentiels, tels que des cl\u00e9s ou des cartes, sans sacrifier l&#8217;aspect pratique.<\/li>\n<\/ul>\n<\/li>\n<li><strong>Technologie anti-humidit\u00e9 :<\/strong><br \/>\nLe tissu a \u00e9t\u00e9 trait\u00e9 pour \u00e9vacuer rapidement la transpiration, laissant la peau s\u00e8che m\u00eame pendant les entra\u00eenements les plus intenses.<\/li>\n<\/ol>\n<p><strong>Id\u00e9al pour :<\/strong><br \/>\nCe legging est con\u00e7u pour les coureurs et les athl\u00e8tes \u00e0 la recherche d&#8217;un v\u00eatement polyvalent et performant pour relever les d\u00e9fis de l&#8217;hiver. Que vous couriez \u00e0 l&#8217;ext\u00e9rieur ou que vous vous entra\u00eeniez \u00e0 l&#8217;int\u00e9rieur, le UA Launch Elite Cold Weather Leggings est le compagnon id\u00e9al pour am\u00e9liorer vos performances.<\/div><\/div><\/div>\n","protected":false},"excerpt":{"rendered":"<ul class=\"m-long-description__features\">\n<li>Garde votre corps au chaud pendant les journ\u00e9es plus froides sans compromettre la respirabilit\u00e9, id\u00e9al pour les entra\u00eenements intenses en hiver.<\/li>\n<li>Coupe ajust\u00e9e et coutures anti-frottements pour un mouvement naturel et sans irritation, m\u00eame pendant les s\u00e9ances les plus longues.<\/li>\n<li>D\u00e9tails r\u00e9fl\u00e9chissants pour une visibilit\u00e9 accrue dans des conditions de faible luminosit\u00e9 et poches pratiques pour l&#8217;essentiel.<\/li>\n<\/ul>\n","protected":false},"featured_media":250210,"template":"","meta":{"_acf_changed":false,"inline_featured_image":false},"product_brand":[],"product_cat":[24450,24482],"product_tag":[23530,23574],"class_list":{"0":"post-297696","1":"product","2":"type-product","3":"status-publish","4":"has-post-thumbnail","6":"product_cat-pantalon-long-fr-3","7":"product_cat-vetements-pour-hommes-fr","8":"product_tag-under-armour-fr","9":"product_tag-under-armour-homme","10":"pa_attivita-marcher","11":"pa_attivita-running-fr","12":"pa_colore-launch-elite-cw-tights-m-fr","13":"pa_marca-under-armour-fr","14":"pa_sesso-homme","15":"pa_size-medium-fr","17":"first","18":"instock","19":"sale","20":"taxable","21":"shipping-taxable","22":"purchasable","23":"product-type-variable","24":"wvs-archive-product-wrapper"},"acf":[],"yoast_head":"<!-- This site is optimized with the Yoast SEO plugin v26.8 - https:\/\/yoast.com\/product\/yoast-seo-wordpress\/ -->\n<title>Under Armour Launch elite Cold Weather tights homme -leggings - MioMioRun<\/title>\n<meta name=\"description\" content=\"D\u00e9couvrez le legging UA Launch Elite Cold Weather Leggings pour hommes : avec des tissus thermor\u00e9gulateurs, des d\u00e9tails r\u00e9fl\u00e9chissants et un confort in\u00e9gal\u00e9.\" \/>\n<meta name=\"robots\" content=\"index, follow, max-snippet:-1, max-image-preview:large, max-video-preview:-1\" \/>\n<link rel=\"canonical\" href=\"https:\/\/www.miomiorun.com\/fr\/produit\/launch-elite-cold-weather-tights-homme\/\" \/>\n<meta property=\"og:locale\" content=\"fr_FR\" \/>\n<meta property=\"og:type\" content=\"article\" \/>\n<meta property=\"og:title\" content=\"Under Armour Launch elite Cold Weather tights homme -leggings - MioMioRun\" \/>\n<meta property=\"og:description\" content=\"D\u00e9couvrez le legging UA Launch Elite Cold Weather Leggings pour hommes : avec des tissus thermor\u00e9gulateurs, des d\u00e9tails r\u00e9fl\u00e9chissants et un confort in\u00e9gal\u00e9.\" \/>\n<meta property=\"og:url\" content=\"https:\/\/www.miomiorun.com\/fr\/produit\/launch-elite-cold-weather-tights-homme\/\" \/>\n<meta property=\"og:site_name\" content=\"MioMioRun\" \/>\n<meta property=\"article:publisher\" content=\"https:\/\/www.facebook.com\/miomiorun\/\" \/>\n<meta property=\"article:modified_time\" content=\"2025-05-21T09:51:28+00:00\" \/>\n<meta property=\"og:image\" content=\"https:\/\/www.miomiorun.com\/app\/uploads\/2024\/12\/under-armour-Launch-elite-CW-tights-M-1386678-001.webp\" \/>\n\t<meta property=\"og:image:width\" content=\"600\" \/>\n\t<meta property=\"og:image:height\" content=\"600\" \/>\n\t<meta property=\"og:image:type\" content=\"image\/webp\" \/>\n<meta name=\"twitter:card\" content=\"summary_large_image\" \/>\n<meta name=\"twitter:label1\" content=\"Est. reading time\" \/>\n\t<meta name=\"twitter:data1\" content=\"2 minutes\" \/>\n<script type=\"application\/ld+json\" class=\"yoast-schema-graph\">{\"@context\":\"https:\/\/schema.org\",\"@graph\":[{\"@type\":\"WebPage\",\"@id\":\"https:\/\/www.miomiorun.com\/fr\/produit\/launch-elite-cold-weather-tights-homme\/\",\"url\":\"https:\/\/www.miomiorun.com\/fr\/produit\/launch-elite-cold-weather-tights-homme\/\",\"name\":\"Under Armour Launch elite Cold Weather tights homme -leggings - MioMioRun\",\"isPartOf\":{\"@id\":\"https:\/\/www.miomiorun.com\/fr\/#website\"},\"primaryImageOfPage\":{\"@id\":\"https:\/\/www.miomiorun.com\/fr\/produit\/launch-elite-cold-weather-tights-homme\/#primaryimage\"},\"image\":{\"@id\":\"https:\/\/www.miomiorun.com\/fr\/produit\/launch-elite-cold-weather-tights-homme\/#primaryimage\"},\"thumbnailUrl\":\"https:\/\/www.miomiorun.com\/app\/uploads\/2024\/12\/under-armour-Launch-elite-CW-tights-M-1386678-001.webp\",\"datePublished\":\"2024-12-04T10:50:46+00:00\",\"dateModified\":\"2025-05-21T09:51:28+00:00\",\"description\":\"D\u00e9couvrez le legging UA Launch Elite Cold Weather Leggings pour hommes : avec des tissus thermor\u00e9gulateurs, des d\u00e9tails r\u00e9fl\u00e9chissants et un confort in\u00e9gal\u00e9.\",\"breadcrumb\":{\"@id\":\"https:\/\/www.miomiorun.com\/fr\/produit\/launch-elite-cold-weather-tights-homme\/#breadcrumb\"},\"inLanguage\":\"fr-FR\",\"potentialAction\":[{\"@type\":\"ReadAction\",\"target\":[\"https:\/\/www.miomiorun.com\/fr\/produit\/launch-elite-cold-weather-tights-homme\/\"]}]},{\"@type\":\"ImageObject\",\"inLanguage\":\"fr-FR\",\"@id\":\"https:\/\/www.miomiorun.com\/fr\/produit\/launch-elite-cold-weather-tights-homme\/#primaryimage\",\"url\":\"https:\/\/www.miomiorun.com\/app\/uploads\/2024\/12\/under-armour-Launch-elite-CW-tights-M-1386678-001.webp\",\"contentUrl\":\"https:\/\/www.miomiorun.com\/app\/uploads\/2024\/12\/under-armour-Launch-elite-CW-tights-M-1386678-001.webp\",\"width\":600,\"height\":600,\"caption\":\"under armour Launch elite CW tights M 1386678-001\"},{\"@type\":\"BreadcrumbList\",\"@id\":\"https:\/\/www.miomiorun.com\/fr\/produit\/launch-elite-cold-weather-tights-homme\/#breadcrumb\",\"itemListElement\":[{\"@type\":\"ListItem\",\"position\":1,\"name\":\"Home\",\"item\":\"https:\/\/www.miomiorun.com\/fr\/home-page\/\"},{\"@type\":\"ListItem\",\"position\":2,\"name\":\"Shop\",\"item\":\"https:\/\/www.miomiorun.com\/shop\/\"},{\"@type\":\"ListItem\",\"position\":3,\"name\":\"Launch elite Cold Weather tights homme\"}]},{\"@type\":\"WebSite\",\"@id\":\"https:\/\/www.miomiorun.com\/fr\/#website\",\"url\":\"https:\/\/www.miomiorun.com\/fr\/\",\"name\":\"MioMioRun\",\"description\":\"Boutique 100% running et trail\",\"publisher\":{\"@id\":\"https:\/\/www.miomiorun.com\/fr\/#organization\"},\"potentialAction\":[{\"@type\":\"SearchAction\",\"target\":{\"@type\":\"EntryPoint\",\"urlTemplate\":\"https:\/\/www.miomiorun.com\/fr\/?s={search_term_string}\"},\"query-input\":{\"@type\":\"PropertyValueSpecification\",\"valueRequired\":true,\"valueName\":\"search_term_string\"}}],\"inLanguage\":\"fr-FR\"},{\"@type\":\"Organization\",\"@id\":\"https:\/\/www.miomiorun.com\/fr\/#organization\",\"name\":\"MioMio Run\",\"url\":\"https:\/\/www.miomiorun.com\/fr\/\",\"logo\":{\"@type\":\"ImageObject\",\"inLanguage\":\"fr-FR\",\"@id\":\"https:\/\/www.miomiorun.com\/fr\/#\/schema\/logo\/image\/\",\"url\":\"https:\/\/www.miomiorun.com\/app\/uploads\/2019\/12\/logomio.png\",\"contentUrl\":\"https:\/\/www.miomiorun.com\/app\/uploads\/2019\/12\/logomio.png\",\"width\":115,\"height\":82,\"caption\":\"MioMio Run\"},\"image\":{\"@id\":\"https:\/\/www.miomiorun.com\/fr\/#\/schema\/logo\/image\/\"},\"sameAs\":[\"https:\/\/www.facebook.com\/miomiorun\/\",\"https:\/\/www.instagram.com\/miomiorun\/\"]}]}<\/script>\n<!-- \/ Yoast SEO plugin. -->","yoast_head_json":{"title":"Under Armour Launch elite Cold Weather tights homme -leggings - MioMioRun","description":"D\u00e9couvrez le legging UA Launch Elite Cold Weather Leggings pour hommes : avec des tissus thermor\u00e9gulateurs, des d\u00e9tails r\u00e9fl\u00e9chissants et un confort in\u00e9gal\u00e9.","robots":{"index":"index","follow":"follow","max-snippet":"max-snippet:-1","max-image-preview":"max-image-preview:large","max-video-preview":"max-video-preview:-1"},"canonical":"https:\/\/www.miomiorun.com\/fr\/produit\/launch-elite-cold-weather-tights-homme\/","og_locale":"fr_FR","og_type":"article","og_title":"Under Armour Launch elite Cold Weather tights homme -leggings - MioMioRun","og_description":"D\u00e9couvrez le legging UA Launch Elite Cold Weather Leggings pour hommes : avec des tissus thermor\u00e9gulateurs, des d\u00e9tails r\u00e9fl\u00e9chissants et un confort in\u00e9gal\u00e9.","og_url":"https:\/\/www.miomiorun.com\/fr\/produit\/launch-elite-cold-weather-tights-homme\/","og_site_name":"MioMioRun","article_publisher":"https:\/\/www.facebook.com\/miomiorun\/","article_modified_time":"2025-05-21T09:51:28+00:00","og_image":[{"width":600,"height":600,"url":"https:\/\/www.miomiorun.com\/app\/uploads\/2024\/12\/under-armour-Launch-elite-CW-tights-M-1386678-001.webp","type":"image\/webp"}],"twitter_card":"summary_large_image","twitter_misc":{"Est. reading time":"2 minutes"},"schema":{"@context":"https:\/\/schema.org","@graph":[{"@type":"WebPage","@id":"https:\/\/www.miomiorun.com\/fr\/produit\/launch-elite-cold-weather-tights-homme\/","url":"https:\/\/www.miomiorun.com\/fr\/produit\/launch-elite-cold-weather-tights-homme\/","name":"Under Armour Launch elite Cold Weather tights homme -leggings - MioMioRun","isPartOf":{"@id":"https:\/\/www.miomiorun.com\/fr\/#website"},"primaryImageOfPage":{"@id":"https:\/\/www.miomiorun.com\/fr\/produit\/launch-elite-cold-weather-tights-homme\/#primaryimage"},"image":{"@id":"https:\/\/www.miomiorun.com\/fr\/produit\/launch-elite-cold-weather-tights-homme\/#primaryimage"},"thumbnailUrl":"https:\/\/www.miomiorun.com\/app\/uploads\/2024\/12\/under-armour-Launch-elite-CW-tights-M-1386678-001.webp","datePublished":"2024-12-04T10:50:46+00:00","dateModified":"2025-05-21T09:51:28+00:00","description":"D\u00e9couvrez le legging UA Launch Elite Cold Weather Leggings pour hommes : avec des tissus thermor\u00e9gulateurs, des d\u00e9tails r\u00e9fl\u00e9chissants et un confort in\u00e9gal\u00e9.","breadcrumb":{"@id":"https:\/\/www.miomiorun.com\/fr\/produit\/launch-elite-cold-weather-tights-homme\/#breadcrumb"},"inLanguage":"fr-FR","potentialAction":[{"@type":"ReadAction","target":["https:\/\/www.miomiorun.com\/fr\/produit\/launch-elite-cold-weather-tights-homme\/"]}]},{"@type":"ImageObject","inLanguage":"fr-FR","@id":"https:\/\/www.miomiorun.com\/fr\/produit\/launch-elite-cold-weather-tights-homme\/#primaryimage","url":"https:\/\/www.miomiorun.com\/app\/uploads\/2024\/12\/under-armour-Launch-elite-CW-tights-M-1386678-001.webp","contentUrl":"https:\/\/www.miomiorun.com\/app\/uploads\/2024\/12\/under-armour-Launch-elite-CW-tights-M-1386678-001.webp","width":600,"height":600,"caption":"under armour Launch elite CW tights M 1386678-001"},{"@type":"BreadcrumbList","@id":"https:\/\/www.miomiorun.com\/fr\/produit\/launch-elite-cold-weather-tights-homme\/#breadcrumb","itemListElement":[{"@type":"ListItem","position":1,"name":"Home","item":"https:\/\/www.miomiorun.com\/fr\/home-page\/"},{"@type":"ListItem","position":2,"name":"Shop","item":"https:\/\/www.miomiorun.com\/shop\/"},{"@type":"ListItem","position":3,"name":"Launch elite Cold Weather tights homme"}]},{"@type":"WebSite","@id":"https:\/\/www.miomiorun.com\/fr\/#website","url":"https:\/\/www.miomiorun.com\/fr\/","name":"MioMioRun","description":"Boutique 100% running et trail","publisher":{"@id":"https:\/\/www.miomiorun.com\/fr\/#organization"},"potentialAction":[{"@type":"SearchAction","target":{"@type":"EntryPoint","urlTemplate":"https:\/\/www.miomiorun.com\/fr\/?s={search_term_string}"},"query-input":{"@type":"PropertyValueSpecification","valueRequired":true,"valueName":"search_term_string"}}],"inLanguage":"fr-FR"},{"@type":"Organization","@id":"https:\/\/www.miomiorun.com\/fr\/#organization","name":"MioMio Run","url":"https:\/\/www.miomiorun.com\/fr\/","logo":{"@type":"ImageObject","inLanguage":"fr-FR","@id":"https:\/\/www.miomiorun.com\/fr\/#\/schema\/logo\/image\/","url":"https:\/\/www.miomiorun.com\/app\/uploads\/2019\/12\/logomio.png","contentUrl":"https:\/\/www.miomiorun.com\/app\/uploads\/2019\/12\/logomio.png","width":115,"height":82,"caption":"MioMio Run"},"image":{"@id":"https:\/\/www.miomiorun.com\/fr\/#\/schema\/logo\/image\/"},"sameAs":["https:\/\/www.facebook.com\/miomiorun\/","https:\/\/www.instagram.com\/miomiorun\/"]}]}},"_links":{"self":[{"href":"https:\/\/www.miomiorun.com\/fr\/wp-json\/wp\/v2\/product\/297696","targetHints":{"allow":["GET"]}}],"collection":[{"href":"https:\/\/www.miomiorun.com\/fr\/wp-json\/wp\/v2\/product"}],"about":[{"href":"https:\/\/www.miomiorun.com\/fr\/wp-json\/wp\/v2\/types\/product"}],"wp:featuredmedia":[{"embeddable":true,"href":"https:\/\/www.miomiorun.com\/fr\/wp-json\/wp\/v2\/media\/250210"}],"wp:attachment":[{"href":"https:\/\/www.miomiorun.com\/fr\/wp-json\/wp\/v2\/media?parent=297696"}],"wp:term":[{"taxonomy":"product_brand","embeddable":true,"href":"https:\/\/www.miomiorun.com\/fr\/wp-json\/wp\/v2\/product_brand?post=297696"},{"taxonomy":"product_cat","embeddable":true,"href":"https:\/\/www.miomiorun.com\/fr\/wp-json\/wp\/v2\/product_cat?post=297696"},{"taxonomy":"product_tag","embeddable":true,"href":"https:\/\/www.miomiorun.com\/fr\/wp-json\/wp\/v2\/product_tag?post=297696"}],"curies":[{"name":"wp","href":"https:\/\/api.w.org\/{rel}","templated":true}]}}