{"id":297649,"date":"2024-12-12T14:48:06","date_gmt":"2024-12-12T13:48:06","guid":{"rendered":"https:\/\/miomiorun.com\/prodotto\/x-ultra-360-mid-gore-tex-uomo\/"},"modified":"2026-05-08T22:26:26","modified_gmt":"2026-05-08T20:26:26","slug":"x-ultra-360-mid-gore-tex-homme","status":"publish","type":"product","link":"https:\/\/www.miomiorun.com\/fr\/produit\/x-ultra-360-mid-gore-tex-homme\/","title":{"rendered":"X Ultra 360 Mid GTX homme"},"content":{"rendered":"<div class=\"vc-row container\"><div class=\"vc-column\"><div class=\"vc-column-text\"><\/p>\n<p><strong>Caract\u00e9ristiques techniques<\/strong><\/p>\n<p>Cat\u00e9gorie : amorti haut de gamme<br \/>\nPoids : 393 g<br \/>\nId\u00e9al pour : Les amateurs de trekking et de longues randonn\u00e9es, \u00e0 la recherche d&#8217;un mod\u00e8le bien amorti et protecteur, \u00e9quip\u00e9 de membranes Gore-tex pour garder les pieds au sec m\u00eame sous la pluie et capable de transmettre un maximum de confort sur de tr\u00e8s longues distances.<br \/>\nPoids de l&#8217;athl\u00e8te : 70-90 kg<br \/>\nAllure de course : lente (6.00 min\/km)<br \/>\n<a href=\"https:\/\/miomiorun.com\/fr\/guide-des-specificites\/\">Guide des sp\u00e9cifications techniques<\/a><\/p>\n<p><\/div><\/div><div class=\"vc-column\"><div class=\"vc-column-text\">Tirant le meilleur d&#8217;une gamme ultra test\u00e9e, la chaussure de randonn\u00e9e <strong>X Ultra 360 Mid GORE-TEX<\/strong> pour homme est pr\u00eate \u00e0 affronter les longues distances.<\/p>\n<p>Bas\u00e9e sur l&#8217;h\u00e9ritage des mod\u00e8les X Ultra, elle offre une adh\u00e9rence, une stabilit\u00e9 et une protection tout-terrain o\u00f9 que vous vouliez vous aventurer. Elle est dot\u00e9e d&#8217;une semelle interm\u00e9diaire amortie, d&#8217;une protection GORE-TEX imperm\u00e9able, d&#8217;une coupe m\u00e9diane protectrice et d&#8217;une tige robuste fabriqu\u00e9e \u00e0 partir de mat\u00e9riaux recycl\u00e9s.<\/p>\n<h2 class=\"best-for_title\">Parfaite pour :<\/h2>\n<ul>\n<li>Excursions d&#8217;une journ\u00e9e<\/li>\n<li>Randonn\u00e9e<\/li>\n<li>Sentiers faciles, terrain mixte<\/li>\n<\/ul>\n<p><strong>Hauteur : <\/strong>Profil moyen<\/p>\n<p><strong>Protection du pied :<\/strong> Haute<\/p>\n<p><strong>Soutien du pied :<\/strong> Stable<\/p>\n<p><strong>Terrain ext\u00e9rieur : <\/strong>Terrain mixte, sentiers faciles<\/p>\n<p><strong>Imperm\u00e9abilit\u00e9 :<\/strong> GORE-TEX<\/p>\n<h2><\/h2>\n<h2>Caract\u00e9ristiques :<\/h2>\n<div class=\"pdp-gap-m\">\n<p class=\"pdp-sidebar-popin-details_subtitle\"><strong>SEMELLE<\/strong><\/p>\n<p>All <b>Terrain<\/b> Contagrip\u00ae : La semelle All Terrain Contagrip\u00ae est adapt\u00e9e \u00e0 une grande vari\u00e9t\u00e9 de surfaces. Elle garantit r\u00e9sistance et s\u00e9curit\u00e9 sur les surfaces humides, s\u00e8ches, dures ou molles.<\/p>\n<\/div>\n<div class=\"pdp-gap-m\">\n<p class=\"pdp-sidebar-popin-details_subtitle\"><strong>SEMELLE<\/strong><\/p>\n<p><b>EnergyCell\u2122<\/b>: Mousse EVA haute performance pour une excellente absorption des chocs.<\/p>\n<\/div>\n<div class=\"pdp-gap-m\">\n<p class=\"pdp-sidebar-popin-details_subtitle\"><strong>CHASSIS\u2122<\/strong><\/p>\n<p><b>advancedCHASSIS\u2122<\/b>: L&#8217;Advanced Chassis\u2122 est un insert profil\u00e9 int\u00e9gr\u00e9 \u00e0 la semelle. En plus d&#8217;offrir un excellent maintien lat\u00e9ral et une protection rassurante, il permet une libert\u00e9 de mouvement et une flexibilit\u00e9 optimales.<\/p>\n<\/div>\n<div class=\"pdp-gap-m\">\n<p class=\"pdp-sidebar-popin-details_subtitle\"><strong>MATI\u00c8RE SUP\u00c9RIEURE<\/strong><\/p>\n<p>Tige <b>synth\u00e9tique<\/b>: Tige synth\u00e9tique pour une grande durabilit\u00e9 et protection dans les sports de plein air.<\/p>\n<\/div>\n<div class=\"pdp-gap-m\">\n<p class=\"pdp-sidebar-popin-details_subtitle\"><strong>MAT\u00c9RIAU DE LA DOUBLURE<\/strong><\/p>\n<p>Doublure <b>en tissu<\/b>: Doublure souple et respirante pour un confort extr\u00eame.<\/p>\n<\/div>\n<div class=\"pdp-gap-m\">\n<p class=\"pdp-sidebar-popin-details_subtitle\"><strong>CONSTRUCTION DE LA TIGE<\/strong><\/p>\n<ul>\n<li><b>Poche \u00e0 lacet<\/b>: pour ranger le syst\u00e8me de la\u00e7age Quicklace\u2122.<\/li>\n<li>Protection des orteils<\/li>\n<li><b>SensiFIT\u2122<\/b>: La construction SensiFit\u2122 enveloppe le pied de la semelle interm\u00e9diaire au syst\u00e8me de la\u00e7age, assurant un ajustement pr\u00e9cis, s\u00fbr et quasiment personnalis\u00e9.<\/li>\n<li>Tige <b>soud\u00e9e<\/b>: La construction sans couture de la tige offre un ajustement et une sensation aussi douce qu&#8217;un gant.<\/li>\n<li><b>Garde-boue de protection<\/b>: Couche de cuir, de mat\u00e9riau synth\u00e9tique ou de caoutchouc entourant la base du pied et prot\u00e9geant les c\u00f4t\u00e9s m\u00e9dial et lat\u00e9ral.<\/li>\n<\/ul>\n<\/div>\n<div class=\"pdp-gap-m\">\n<p class=\"pdp-sidebar-popin-details_subtitle\"><strong>SEMELLE<\/strong><\/p>\n<p>Semelle <b>OrthoLite\u00ae<\/b> moul\u00e9e : Fa\u00e7onn\u00e9e pour \u00e9pouser les contours de votre pied, cette semelle OrthoLite\u00ae offre un niveau sup\u00e9rieur d&#8217;amorti, de respirabilit\u00e9 et de durabilit\u00e9 afin d&#8217;optimiser le confort et les performances de nos chaussures.<\/p>\n<\/div>\n<div class=\"pdp-gap-m\">\n<p class=\"pdp-sidebar-popin-details_subtitle\"><strong>SYST\u00c8ME D&#8217;AMORTI<\/strong><\/p>\n<p><b>QuickLACE\u2122<\/b>: lacet fin et solide pour un la\u00e7age en une seule fois. Simplifie la mise en place et le retrait de la chaussure.<\/p>\n<\/div>\n<div class=\"pdp-gap-m\">\n<p class=\"pdp-sidebar-popin-details_subtitle\"><strong>MEMBRANE<\/strong><\/p>\n<p><b>GORE-TEX\u00ae<\/b>: GORE-TEX\u00ae garde les pieds au sec, \u00e0 l&#8217;int\u00e9rieur comme \u00e0 l&#8217;ext\u00e9rieur.<\/p>\n<\/div>\n<div class=\"pdp-gap-m\">\n<p class=\"pdp-sidebar-popin-details_subtitle\"><strong>DURABILIT\u00c9<\/strong><\/p>\n<ul>\n<li>Mat\u00e9riaux <b>recycl\u00e9s<\/b>: mat\u00e9riaux obtenus \u00e0 partir de produits recycl\u00e9s tels que des bouteilles en PET ou des mat\u00e9riaux de r\u00e9cup\u00e9ration.<\/li>\n<li>Sans PFC<\/li>\n<\/ul>\n<\/div>\n<p><\/div><\/div><\/div>\n","protected":false},"excerpt":{"rendered":"","protected":false},"featured_media":250572,"template":"","meta":{"_acf_changed":false,"inline_featured_image":false},"product_brand":[],"product_cat":[24448,24445],"product_tag":[23581,23580],"class_list":{"0":"post-297649","1":"product","2":"type-product","3":"status-publish","4":"has-post-thumbnail","6":"product_cat-chaussures-pour-hommes-fr","7":"product_cat-trail-fr-3","8":"product_tag-salomon-fr","9":"product_tag-salomon-homme","10":"pa_attivita-outdoor-fr","11":"pa_colore-x-ultra-360-mid-gtx-black-magnet-pewter-fr","12":"pa_colore-x-ultra-360-mid-gtx-phantm-drstan-rum-ra-fr","13":"pa_marca-salomon-fr","14":"pa_sesso-homme","15":"pa_size-41-fr","16":"pa_size-44-fr","17":"pa_size-46-fr","18":"pa_size-47-fr","20":"first","21":"instock","22":"sale","23":"taxable","24":"shipping-taxable","25":"purchasable","26":"product-type-variable","27":"wvs-archive-product-wrapper"},"acf":[],"yoast_head":"<!-- This site is optimized with the Yoast SEO plugin v26.8 - https:\/\/yoast.com\/product\/yoast-seo-wordpress\/ -->\n<title>Salomon X Ultra 360 Mid GTX homme - chaussures de randonn\u00e9e - MioMioRun<\/title>\n<meta name=\"description\" content=\"La chaussure de randonn\u00e9e X Ultra 360 Mid GORE-TEX pour homme est pr\u00eate \u00e0 affronter les longues distances. Elle s&#039;appuie sur le meilleur d&#039;une gamme ultra test\u00e9e.\" \/>\n<meta name=\"robots\" content=\"index, follow, max-snippet:-1, max-image-preview:large, max-video-preview:-1\" \/>\n<link rel=\"canonical\" href=\"https:\/\/www.miomiorun.com\/fr\/produit\/x-ultra-360-mid-gore-tex-homme\/\" \/>\n<meta property=\"og:locale\" content=\"fr_FR\" \/>\n<meta property=\"og:type\" content=\"article\" \/>\n<meta property=\"og:title\" content=\"Salomon X Ultra 360 Mid GTX homme - chaussures de randonn\u00e9e - MioMioRun\" \/>\n<meta property=\"og:description\" content=\"La chaussure de randonn\u00e9e X Ultra 360 Mid GORE-TEX pour homme est pr\u00eate \u00e0 affronter les longues distances. Elle s&#039;appuie sur le meilleur d&#039;une gamme ultra test\u00e9e.\" \/>\n<meta property=\"og:url\" content=\"https:\/\/www.miomiorun.com\/fr\/produit\/x-ultra-360-mid-gore-tex-homme\/\" \/>\n<meta property=\"og:site_name\" content=\"MioMioRun\" \/>\n<meta property=\"article:publisher\" content=\"https:\/\/www.facebook.com\/miomiorun\/\" \/>\n<meta property=\"article:modified_time\" content=\"2026-05-08T20:26:26+00:00\" \/>\n<meta property=\"og:image\" content=\"https:\/\/www.miomiorun.com\/app\/uploads\/2024\/12\/salomon-X-ULTRA-360-MID-GTX-Black-Magnet-Pewter-L47447600.webp\" \/>\n\t<meta property=\"og:image:width\" content=\"600\" \/>\n\t<meta property=\"og:image:height\" content=\"600\" \/>\n\t<meta property=\"og:image:type\" content=\"image\/webp\" \/>\n<meta name=\"twitter:card\" content=\"summary_large_image\" \/>\n<meta name=\"twitter:label1\" content=\"Est. reading time\" \/>\n\t<meta name=\"twitter:data1\" content=\"3 minutes\" \/>\n<script type=\"application\/ld+json\" class=\"yoast-schema-graph\">{\"@context\":\"https:\/\/schema.org\",\"@graph\":[{\"@type\":\"WebPage\",\"@id\":\"https:\/\/www.miomiorun.com\/fr\/produit\/x-ultra-360-mid-gore-tex-homme\/\",\"url\":\"https:\/\/www.miomiorun.com\/fr\/produit\/x-ultra-360-mid-gore-tex-homme\/\",\"name\":\"Salomon X Ultra 360 Mid GTX homme - chaussures de randonn\u00e9e - MioMioRun\",\"isPartOf\":{\"@id\":\"https:\/\/www.miomiorun.com\/fr\/#website\"},\"primaryImageOfPage\":{\"@id\":\"https:\/\/www.miomiorun.com\/fr\/produit\/x-ultra-360-mid-gore-tex-homme\/#primaryimage\"},\"image\":{\"@id\":\"https:\/\/www.miomiorun.com\/fr\/produit\/x-ultra-360-mid-gore-tex-homme\/#primaryimage\"},\"thumbnailUrl\":\"https:\/\/www.miomiorun.com\/app\/uploads\/2024\/12\/salomon-X-ULTRA-360-MID-GTX-Black-Magnet-Pewter-L47447600.webp\",\"datePublished\":\"2024-12-12T13:48:06+00:00\",\"dateModified\":\"2026-05-08T20:26:26+00:00\",\"description\":\"La chaussure de randonn\u00e9e X Ultra 360 Mid GORE-TEX pour homme est pr\u00eate \u00e0 affronter les longues distances. Elle s'appuie sur le meilleur d'une gamme ultra test\u00e9e.\",\"breadcrumb\":{\"@id\":\"https:\/\/www.miomiorun.com\/fr\/produit\/x-ultra-360-mid-gore-tex-homme\/#breadcrumb\"},\"inLanguage\":\"fr-FR\",\"potentialAction\":[{\"@type\":\"ReadAction\",\"target\":[\"https:\/\/www.miomiorun.com\/fr\/produit\/x-ultra-360-mid-gore-tex-homme\/\"]}]},{\"@type\":\"ImageObject\",\"inLanguage\":\"fr-FR\",\"@id\":\"https:\/\/www.miomiorun.com\/fr\/produit\/x-ultra-360-mid-gore-tex-homme\/#primaryimage\",\"url\":\"https:\/\/www.miomiorun.com\/app\/uploads\/2024\/12\/salomon-X-ULTRA-360-MID-GTX-Black-Magnet-Pewter-L47447600.webp\",\"contentUrl\":\"https:\/\/www.miomiorun.com\/app\/uploads\/2024\/12\/salomon-X-ULTRA-360-MID-GTX-Black-Magnet-Pewter-L47447600.webp\",\"width\":600,\"height\":600,\"caption\":\"salomon X ULTRA 360 MID GTX Black Magnet Pewter L47447600\"},{\"@type\":\"BreadcrumbList\",\"@id\":\"https:\/\/www.miomiorun.com\/fr\/produit\/x-ultra-360-mid-gore-tex-homme\/#breadcrumb\",\"itemListElement\":[{\"@type\":\"ListItem\",\"position\":1,\"name\":\"Home\",\"item\":\"https:\/\/www.miomiorun.com\/fr\/home-page\/\"},{\"@type\":\"ListItem\",\"position\":2,\"name\":\"Shop\",\"item\":\"https:\/\/www.miomiorun.com\/shop\/\"},{\"@type\":\"ListItem\",\"position\":3,\"name\":\"X Ultra 360 Mid GTX homme\"}]},{\"@type\":\"WebSite\",\"@id\":\"https:\/\/www.miomiorun.com\/fr\/#website\",\"url\":\"https:\/\/www.miomiorun.com\/fr\/\",\"name\":\"MioMioRun\",\"description\":\"Boutique 100% running et trail\",\"publisher\":{\"@id\":\"https:\/\/www.miomiorun.com\/fr\/#organization\"},\"potentialAction\":[{\"@type\":\"SearchAction\",\"target\":{\"@type\":\"EntryPoint\",\"urlTemplate\":\"https:\/\/www.miomiorun.com\/fr\/?s={search_term_string}\"},\"query-input\":{\"@type\":\"PropertyValueSpecification\",\"valueRequired\":true,\"valueName\":\"search_term_string\"}}],\"inLanguage\":\"fr-FR\"},{\"@type\":\"Organization\",\"@id\":\"https:\/\/www.miomiorun.com\/fr\/#organization\",\"name\":\"MioMio Run\",\"url\":\"https:\/\/www.miomiorun.com\/fr\/\",\"logo\":{\"@type\":\"ImageObject\",\"inLanguage\":\"fr-FR\",\"@id\":\"https:\/\/www.miomiorun.com\/fr\/#\/schema\/logo\/image\/\",\"url\":\"https:\/\/www.miomiorun.com\/app\/uploads\/2019\/12\/logomio.png\",\"contentUrl\":\"https:\/\/www.miomiorun.com\/app\/uploads\/2019\/12\/logomio.png\",\"width\":115,\"height\":82,\"caption\":\"MioMio Run\"},\"image\":{\"@id\":\"https:\/\/www.miomiorun.com\/fr\/#\/schema\/logo\/image\/\"},\"sameAs\":[\"https:\/\/www.facebook.com\/miomiorun\/\",\"https:\/\/www.instagram.com\/miomiorun\/\"]}]}<\/script>\n<!-- \/ Yoast SEO plugin. -->","yoast_head_json":{"title":"Salomon X Ultra 360 Mid GTX homme - chaussures de randonn\u00e9e - MioMioRun","description":"La chaussure de randonn\u00e9e X Ultra 360 Mid GORE-TEX pour homme est pr\u00eate \u00e0 affronter les longues distances. Elle s'appuie sur le meilleur d'une gamme ultra test\u00e9e.","robots":{"index":"index","follow":"follow","max-snippet":"max-snippet:-1","max-image-preview":"max-image-preview:large","max-video-preview":"max-video-preview:-1"},"canonical":"https:\/\/www.miomiorun.com\/fr\/produit\/x-ultra-360-mid-gore-tex-homme\/","og_locale":"fr_FR","og_type":"article","og_title":"Salomon X Ultra 360 Mid GTX homme - chaussures de randonn\u00e9e - MioMioRun","og_description":"La chaussure de randonn\u00e9e X Ultra 360 Mid GORE-TEX pour homme est pr\u00eate \u00e0 affronter les longues distances. Elle s'appuie sur le meilleur d'une gamme ultra test\u00e9e.","og_url":"https:\/\/www.miomiorun.com\/fr\/produit\/x-ultra-360-mid-gore-tex-homme\/","og_site_name":"MioMioRun","article_publisher":"https:\/\/www.facebook.com\/miomiorun\/","article_modified_time":"2026-05-08T20:26:26+00:00","og_image":[{"width":600,"height":600,"url":"https:\/\/www.miomiorun.com\/app\/uploads\/2024\/12\/salomon-X-ULTRA-360-MID-GTX-Black-Magnet-Pewter-L47447600.webp","type":"image\/webp"}],"twitter_card":"summary_large_image","twitter_misc":{"Est. reading time":"3 minutes"},"schema":{"@context":"https:\/\/schema.org","@graph":[{"@type":"WebPage","@id":"https:\/\/www.miomiorun.com\/fr\/produit\/x-ultra-360-mid-gore-tex-homme\/","url":"https:\/\/www.miomiorun.com\/fr\/produit\/x-ultra-360-mid-gore-tex-homme\/","name":"Salomon X Ultra 360 Mid GTX homme - chaussures de randonn\u00e9e - MioMioRun","isPartOf":{"@id":"https:\/\/www.miomiorun.com\/fr\/#website"},"primaryImageOfPage":{"@id":"https:\/\/www.miomiorun.com\/fr\/produit\/x-ultra-360-mid-gore-tex-homme\/#primaryimage"},"image":{"@id":"https:\/\/www.miomiorun.com\/fr\/produit\/x-ultra-360-mid-gore-tex-homme\/#primaryimage"},"thumbnailUrl":"https:\/\/www.miomiorun.com\/app\/uploads\/2024\/12\/salomon-X-ULTRA-360-MID-GTX-Black-Magnet-Pewter-L47447600.webp","datePublished":"2024-12-12T13:48:06+00:00","dateModified":"2026-05-08T20:26:26+00:00","description":"La chaussure de randonn\u00e9e X Ultra 360 Mid GORE-TEX pour homme est pr\u00eate \u00e0 affronter les longues distances. Elle s'appuie sur le meilleur d'une gamme ultra test\u00e9e.","breadcrumb":{"@id":"https:\/\/www.miomiorun.com\/fr\/produit\/x-ultra-360-mid-gore-tex-homme\/#breadcrumb"},"inLanguage":"fr-FR","potentialAction":[{"@type":"ReadAction","target":["https:\/\/www.miomiorun.com\/fr\/produit\/x-ultra-360-mid-gore-tex-homme\/"]}]},{"@type":"ImageObject","inLanguage":"fr-FR","@id":"https:\/\/www.miomiorun.com\/fr\/produit\/x-ultra-360-mid-gore-tex-homme\/#primaryimage","url":"https:\/\/www.miomiorun.com\/app\/uploads\/2024\/12\/salomon-X-ULTRA-360-MID-GTX-Black-Magnet-Pewter-L47447600.webp","contentUrl":"https:\/\/www.miomiorun.com\/app\/uploads\/2024\/12\/salomon-X-ULTRA-360-MID-GTX-Black-Magnet-Pewter-L47447600.webp","width":600,"height":600,"caption":"salomon X ULTRA 360 MID GTX Black Magnet Pewter L47447600"},{"@type":"BreadcrumbList","@id":"https:\/\/www.miomiorun.com\/fr\/produit\/x-ultra-360-mid-gore-tex-homme\/#breadcrumb","itemListElement":[{"@type":"ListItem","position":1,"name":"Home","item":"https:\/\/www.miomiorun.com\/fr\/home-page\/"},{"@type":"ListItem","position":2,"name":"Shop","item":"https:\/\/www.miomiorun.com\/shop\/"},{"@type":"ListItem","position":3,"name":"X Ultra 360 Mid GTX homme"}]},{"@type":"WebSite","@id":"https:\/\/www.miomiorun.com\/fr\/#website","url":"https:\/\/www.miomiorun.com\/fr\/","name":"MioMioRun","description":"Boutique 100% running et trail","publisher":{"@id":"https:\/\/www.miomiorun.com\/fr\/#organization"},"potentialAction":[{"@type":"SearchAction","target":{"@type":"EntryPoint","urlTemplate":"https:\/\/www.miomiorun.com\/fr\/?s={search_term_string}"},"query-input":{"@type":"PropertyValueSpecification","valueRequired":true,"valueName":"search_term_string"}}],"inLanguage":"fr-FR"},{"@type":"Organization","@id":"https:\/\/www.miomiorun.com\/fr\/#organization","name":"MioMio Run","url":"https:\/\/www.miomiorun.com\/fr\/","logo":{"@type":"ImageObject","inLanguage":"fr-FR","@id":"https:\/\/www.miomiorun.com\/fr\/#\/schema\/logo\/image\/","url":"https:\/\/www.miomiorun.com\/app\/uploads\/2019\/12\/logomio.png","contentUrl":"https:\/\/www.miomiorun.com\/app\/uploads\/2019\/12\/logomio.png","width":115,"height":82,"caption":"MioMio Run"},"image":{"@id":"https:\/\/www.miomiorun.com\/fr\/#\/schema\/logo\/image\/"},"sameAs":["https:\/\/www.facebook.com\/miomiorun\/","https:\/\/www.instagram.com\/miomiorun\/"]}]}},"_links":{"self":[{"href":"https:\/\/www.miomiorun.com\/fr\/wp-json\/wp\/v2\/product\/297649","targetHints":{"allow":["GET"]}}],"collection":[{"href":"https:\/\/www.miomiorun.com\/fr\/wp-json\/wp\/v2\/product"}],"about":[{"href":"https:\/\/www.miomiorun.com\/fr\/wp-json\/wp\/v2\/types\/product"}],"wp:featuredmedia":[{"embeddable":true,"href":"https:\/\/www.miomiorun.com\/fr\/wp-json\/wp\/v2\/media\/250572"}],"wp:attachment":[{"href":"https:\/\/www.miomiorun.com\/fr\/wp-json\/wp\/v2\/media?parent=297649"}],"wp:term":[{"taxonomy":"product_brand","embeddable":true,"href":"https:\/\/www.miomiorun.com\/fr\/wp-json\/wp\/v2\/product_brand?post=297649"},{"taxonomy":"product_cat","embeddable":true,"href":"https:\/\/www.miomiorun.com\/fr\/wp-json\/wp\/v2\/product_cat?post=297649"},{"taxonomy":"product_tag","embeddable":true,"href":"https:\/\/www.miomiorun.com\/fr\/wp-json\/wp\/v2\/product_tag?post=297649"}],"curies":[{"name":"wp","href":"https:\/\/api.w.org\/{rel}","templated":true}]}}