{"id":297644,"date":"2024-12-04T12:13:53","date_gmt":"2024-12-04T11:13:53","guid":{"rendered":"https:\/\/miomiorun.com\/prodotto\/rival-terry-jogger-uomo\/"},"modified":"2025-05-21T11:55:34","modified_gmt":"2025-05-21T09:55:34","slug":"rival-terry-jogger-homme","status":"publish","type":"product","link":"https:\/\/www.miomiorun.com\/fr\/produit\/rival-terry-jogger-homme\/","title":{"rendered":"Rival terry jogger homme"},"content":{"rendered":"<p><strong>Confort sup\u00e9rieur, style intemporel.<\/strong><br \/>\nLe jogging \u00e9ponge Rival pour homme est con\u00e7u pour offrir une combinaison parfaite de praticit\u00e9, de performance et de style. Id\u00e9al pour vous accompagner \u00e0 tout moment de la journ\u00e9e, de l&#8217;\u00e9chauffement avant l&#8217;entra\u00eenement \u00e0 l&#8217;apr\u00e8s-midi de d\u00e9tente, ce jogging est un must pour ceux qui recherchent un v\u00eatement polyvalent et performant.<\/p>\n<p><strong>Caract\u00e9ristiques principales :<\/strong><\/p>\n<ol>\n<li><strong>Tissu \u00e9ponge de haute qualit\u00e9 :<\/strong><br \/>\nFabriqu\u00e9 dans un tissu l\u00e9ger et polyvalent, le jogging \u00e9ponge Rival offre une couche ext\u00e9rieure lisse pour un look propre et moderne, tandis que la couche int\u00e9rieure douce et chaude vous enveloppe de confort. C&#8217;est la mati\u00e8re id\u00e9ale pour vous apporter de la chaleur sans vous alourdir.<\/li>\n<li><strong>Technologie avanc\u00e9e de gestion de l&#8217;humidit\u00e9 :<\/strong><br \/>\nLe tissu est con\u00e7u pour absorber rapidement la transpiration et favoriser un s\u00e9chage rapide, ce qui vous permet de rester au sec et \u00e0 l&#8217;aise pendant toute activit\u00e9, que vous transpiriez \u00e0 la salle de sport ou que vous vous d\u00e9tendiez \u00e0 la maison.<\/li>\n<li><strong>Conception ergonomique pour un maximum de confort :<\/strong>\n<ul>\n<li>La ceinture \u00e9lastiqu\u00e9e, r\u00e9glable par un cordon de serrage ext\u00e9rieur, permet d&#8217;obtenir une coupe personnalis\u00e9e, assurant un ajustement parfait sans resserrer.<\/li>\n<li>Les poignets \u00e9lastiqu\u00e9s aux chevilles maintiennent le pantalon en place et offrent un look moderne et ajust\u00e9, parfait pour le style streetwear.<\/li>\n<li>La coupe fusel\u00e9e n&#8217;est ni trop serr\u00e9e ni trop ample, elle s&#8217;adapte \u00e0 vos mouvements sans les entraver.<\/li>\n<\/ul>\n<\/li>\n<li><strong>D\u00e9tails fonctionnels :<\/strong>\n<ul>\n<li><strong>Poches lat\u00e9rales ouvertes :<\/strong> id\u00e9ales pour transporter de petits objets essentiels, tels que votre t\u00e9l\u00e9phone, vos cl\u00e9s ou votre portefeuille, sans sacrifier l&#8217;aspect pratique.<\/li>\n<li><strong>Polyvalence d&#8217;utilisation :<\/strong> Parfait pour l&#8217;\u00e9chauffement, la r\u00e9cup\u00e9ration post-entra\u00eenement ou les journ\u00e9es de d\u00e9tente. Ce jogging s&#8217;adapte \u00e0 toutes les situations.<\/li>\n<\/ul>\n<\/li>\n<li><strong>Un m\u00e9lange de style et de fonctionnalit\u00e9 :<\/strong><br \/>\nPropos\u00e9 dans un design \u00e9pur\u00e9 et essentiel, le jogging \u00e9ponge Rival permet d&#8217;allier performance et style dans un m\u00eame v\u00eatement. La simplicit\u00e9 des lignes permet de les associer \u00e0 n&#8217;importe quelle tenue, qu&#8217;il s&#8217;agisse d&#8217;un sweat d\u00e9contract\u00e9 ou d&#8217;un tee-shirt de sport.<\/li>\n<\/ol>\n<p><strong>Parfait pour :<\/strong><br \/>\nCes joggers sont id\u00e9aux pour tous les hommes actifs qui recherchent un v\u00eatement polyvalent, confortable et fonctionnel. Ils sont con\u00e7us pour le fitness, le sport et les journ\u00e9es d\u00e9contract\u00e9es, ce qui en fait un choix parfait \u00e0 tout moment de la journ\u00e9e. Peu importe o\u00f9 votre style de vie vous m\u00e8ne : les joggers UA Rival Terry seront toujours \u00e0 vos c\u00f4t\u00e9s.<\/p>\n","protected":false},"excerpt":{"rendered":"<ul class=\"m-long-description__features\">\n<li>Il offre une couche ext\u00e9rieure lisse et une couche int\u00e9rieure chaude et douce, assurant un confort dans toutes les situations.<\/li>\n<li>Le mat\u00e9riau absorbe efficacement la transpiration et s\u00e8che rapidement, vous gardant au sec pendant l&#8217;activit\u00e9 physique.<\/li>\n<li>La taille \u00e9lastiqu\u00e9e avec cordon de serrage ext\u00e9rieur et la coupe essentielle assurent un ajustement confortable et adaptable.<\/li>\n<\/ul>\n","protected":false},"featured_media":250214,"template":"","meta":{"_acf_changed":false,"inline_featured_image":false},"product_brand":[],"product_cat":[24450,24482],"product_tag":[23530,23574],"class_list":{"0":"post-297644","1":"product","2":"type-product","3":"status-publish","4":"has-post-thumbnail","6":"product_cat-pantalon-long-fr-3","7":"product_cat-vetements-pour-hommes-fr","8":"product_tag-under-armour-fr","9":"product_tag-under-armour-homme","10":"pa_attivita-lifestyle-fr","11":"pa_attivita-marcher","12":"pa_attivita-running-fr","13":"pa_colore-rival-terry-jogger-black-m-fr","14":"pa_marca-under-armour-fr","15":"pa_sesso-homme","16":"pa_size-extra-small-fr","17":"pa_size-medium-fr","19":"first","20":"instock","21":"sale","22":"taxable","23":"shipping-taxable","24":"purchasable","25":"product-type-variable","26":"wvs-archive-product-wrapper"},"acf":[],"yoast_head":"<!-- This site is optimized with the Yoast SEO plugin v26.8 - https:\/\/yoast.com\/product\/yoast-seo-wordpress\/ -->\n<title>Under Armour Rival terry jogger homme - Pantalon long - MioMioRun<\/title>\n<meta name=\"description\" content=\"D\u00e9couvrez les joggers UA Rival Terry pour hommes : confort et chaleur dans un tissu French Terry l\u00e9ger, absorbant la transpiration et s\u00e9chant rapidement.\" \/>\n<meta name=\"robots\" content=\"index, follow, max-snippet:-1, max-image-preview:large, max-video-preview:-1\" \/>\n<link rel=\"canonical\" href=\"https:\/\/www.miomiorun.com\/fr\/produit\/rival-terry-jogger-homme\/\" \/>\n<meta property=\"og:locale\" content=\"fr_FR\" \/>\n<meta property=\"og:type\" content=\"article\" \/>\n<meta property=\"og:title\" content=\"Under Armour Rival terry jogger homme - Pantalon long - MioMioRun\" \/>\n<meta property=\"og:description\" content=\"D\u00e9couvrez les joggers UA Rival Terry pour hommes : confort et chaleur dans un tissu French Terry l\u00e9ger, absorbant la transpiration et s\u00e9chant rapidement.\" \/>\n<meta property=\"og:url\" content=\"https:\/\/www.miomiorun.com\/fr\/produit\/rival-terry-jogger-homme\/\" \/>\n<meta property=\"og:site_name\" content=\"MioMioRun\" \/>\n<meta property=\"article:publisher\" content=\"https:\/\/www.facebook.com\/miomiorun\/\" \/>\n<meta property=\"article:modified_time\" content=\"2025-05-21T09:55:34+00:00\" \/>\n<meta property=\"og:image\" content=\"https:\/\/www.miomiorun.com\/app\/uploads\/2024\/12\/under-armour-Rival-terry-jogger-black-M-1380843-0001.webp\" \/>\n\t<meta property=\"og:image:width\" content=\"600\" \/>\n\t<meta property=\"og:image:height\" content=\"600\" \/>\n\t<meta property=\"og:image:type\" content=\"image\/webp\" \/>\n<meta name=\"twitter:card\" content=\"summary_large_image\" \/>\n<meta name=\"twitter:label1\" content=\"Est. reading time\" \/>\n\t<meta name=\"twitter:data1\" content=\"2 minutes\" \/>\n<script type=\"application\/ld+json\" class=\"yoast-schema-graph\">{\"@context\":\"https:\/\/schema.org\",\"@graph\":[{\"@type\":\"WebPage\",\"@id\":\"https:\/\/www.miomiorun.com\/fr\/produit\/rival-terry-jogger-homme\/\",\"url\":\"https:\/\/www.miomiorun.com\/fr\/produit\/rival-terry-jogger-homme\/\",\"name\":\"Under Armour Rival terry jogger homme - Pantalon long - MioMioRun\",\"isPartOf\":{\"@id\":\"https:\/\/www.miomiorun.com\/fr\/#website\"},\"primaryImageOfPage\":{\"@id\":\"https:\/\/www.miomiorun.com\/fr\/produit\/rival-terry-jogger-homme\/#primaryimage\"},\"image\":{\"@id\":\"https:\/\/www.miomiorun.com\/fr\/produit\/rival-terry-jogger-homme\/#primaryimage\"},\"thumbnailUrl\":\"https:\/\/www.miomiorun.com\/app\/uploads\/2024\/12\/under-armour-Rival-terry-jogger-black-M-1380843-0001.webp\",\"datePublished\":\"2024-12-04T11:13:53+00:00\",\"dateModified\":\"2025-05-21T09:55:34+00:00\",\"description\":\"D\u00e9couvrez les joggers UA Rival Terry pour hommes : confort et chaleur dans un tissu French Terry l\u00e9ger, absorbant la transpiration et s\u00e9chant rapidement.\",\"breadcrumb\":{\"@id\":\"https:\/\/www.miomiorun.com\/fr\/produit\/rival-terry-jogger-homme\/#breadcrumb\"},\"inLanguage\":\"fr-FR\",\"potentialAction\":[{\"@type\":\"ReadAction\",\"target\":[\"https:\/\/www.miomiorun.com\/fr\/produit\/rival-terry-jogger-homme\/\"]}]},{\"@type\":\"ImageObject\",\"inLanguage\":\"fr-FR\",\"@id\":\"https:\/\/www.miomiorun.com\/fr\/produit\/rival-terry-jogger-homme\/#primaryimage\",\"url\":\"https:\/\/www.miomiorun.com\/app\/uploads\/2024\/12\/under-armour-Rival-terry-jogger-black-M-1380843-0001.webp\",\"contentUrl\":\"https:\/\/www.miomiorun.com\/app\/uploads\/2024\/12\/under-armour-Rival-terry-jogger-black-M-1380843-0001.webp\",\"width\":600,\"height\":600,\"caption\":\"under armour Rival terry jogger black M 1380843-0001\"},{\"@type\":\"BreadcrumbList\",\"@id\":\"https:\/\/www.miomiorun.com\/fr\/produit\/rival-terry-jogger-homme\/#breadcrumb\",\"itemListElement\":[{\"@type\":\"ListItem\",\"position\":1,\"name\":\"Home\",\"item\":\"https:\/\/www.miomiorun.com\/fr\/home-page\/\"},{\"@type\":\"ListItem\",\"position\":2,\"name\":\"Shop\",\"item\":\"https:\/\/www.miomiorun.com\/shop\/\"},{\"@type\":\"ListItem\",\"position\":3,\"name\":\"Rival terry jogger homme\"}]},{\"@type\":\"WebSite\",\"@id\":\"https:\/\/www.miomiorun.com\/fr\/#website\",\"url\":\"https:\/\/www.miomiorun.com\/fr\/\",\"name\":\"MioMioRun\",\"description\":\"Boutique 100% running et trail\",\"publisher\":{\"@id\":\"https:\/\/www.miomiorun.com\/fr\/#organization\"},\"potentialAction\":[{\"@type\":\"SearchAction\",\"target\":{\"@type\":\"EntryPoint\",\"urlTemplate\":\"https:\/\/www.miomiorun.com\/fr\/?s={search_term_string}\"},\"query-input\":{\"@type\":\"PropertyValueSpecification\",\"valueRequired\":true,\"valueName\":\"search_term_string\"}}],\"inLanguage\":\"fr-FR\"},{\"@type\":\"Organization\",\"@id\":\"https:\/\/www.miomiorun.com\/fr\/#organization\",\"name\":\"MioMio Run\",\"url\":\"https:\/\/www.miomiorun.com\/fr\/\",\"logo\":{\"@type\":\"ImageObject\",\"inLanguage\":\"fr-FR\",\"@id\":\"https:\/\/www.miomiorun.com\/fr\/#\/schema\/logo\/image\/\",\"url\":\"https:\/\/www.miomiorun.com\/app\/uploads\/2019\/12\/logomio.png\",\"contentUrl\":\"https:\/\/www.miomiorun.com\/app\/uploads\/2019\/12\/logomio.png\",\"width\":115,\"height\":82,\"caption\":\"MioMio Run\"},\"image\":{\"@id\":\"https:\/\/www.miomiorun.com\/fr\/#\/schema\/logo\/image\/\"},\"sameAs\":[\"https:\/\/www.facebook.com\/miomiorun\/\",\"https:\/\/www.instagram.com\/miomiorun\/\"]}]}<\/script>\n<!-- \/ Yoast SEO plugin. -->","yoast_head_json":{"title":"Under Armour Rival terry jogger homme - Pantalon long - MioMioRun","description":"D\u00e9couvrez les joggers UA Rival Terry pour hommes : confort et chaleur dans un tissu French Terry l\u00e9ger, absorbant la transpiration et s\u00e9chant rapidement.","robots":{"index":"index","follow":"follow","max-snippet":"max-snippet:-1","max-image-preview":"max-image-preview:large","max-video-preview":"max-video-preview:-1"},"canonical":"https:\/\/www.miomiorun.com\/fr\/produit\/rival-terry-jogger-homme\/","og_locale":"fr_FR","og_type":"article","og_title":"Under Armour Rival terry jogger homme - Pantalon long - MioMioRun","og_description":"D\u00e9couvrez les joggers UA Rival Terry pour hommes : confort et chaleur dans un tissu French Terry l\u00e9ger, absorbant la transpiration et s\u00e9chant rapidement.","og_url":"https:\/\/www.miomiorun.com\/fr\/produit\/rival-terry-jogger-homme\/","og_site_name":"MioMioRun","article_publisher":"https:\/\/www.facebook.com\/miomiorun\/","article_modified_time":"2025-05-21T09:55:34+00:00","og_image":[{"width":600,"height":600,"url":"https:\/\/www.miomiorun.com\/app\/uploads\/2024\/12\/under-armour-Rival-terry-jogger-black-M-1380843-0001.webp","type":"image\/webp"}],"twitter_card":"summary_large_image","twitter_misc":{"Est. reading time":"2 minutes"},"schema":{"@context":"https:\/\/schema.org","@graph":[{"@type":"WebPage","@id":"https:\/\/www.miomiorun.com\/fr\/produit\/rival-terry-jogger-homme\/","url":"https:\/\/www.miomiorun.com\/fr\/produit\/rival-terry-jogger-homme\/","name":"Under Armour Rival terry jogger homme - Pantalon long - MioMioRun","isPartOf":{"@id":"https:\/\/www.miomiorun.com\/fr\/#website"},"primaryImageOfPage":{"@id":"https:\/\/www.miomiorun.com\/fr\/produit\/rival-terry-jogger-homme\/#primaryimage"},"image":{"@id":"https:\/\/www.miomiorun.com\/fr\/produit\/rival-terry-jogger-homme\/#primaryimage"},"thumbnailUrl":"https:\/\/www.miomiorun.com\/app\/uploads\/2024\/12\/under-armour-Rival-terry-jogger-black-M-1380843-0001.webp","datePublished":"2024-12-04T11:13:53+00:00","dateModified":"2025-05-21T09:55:34+00:00","description":"D\u00e9couvrez les joggers UA Rival Terry pour hommes : confort et chaleur dans un tissu French Terry l\u00e9ger, absorbant la transpiration et s\u00e9chant rapidement.","breadcrumb":{"@id":"https:\/\/www.miomiorun.com\/fr\/produit\/rival-terry-jogger-homme\/#breadcrumb"},"inLanguage":"fr-FR","potentialAction":[{"@type":"ReadAction","target":["https:\/\/www.miomiorun.com\/fr\/produit\/rival-terry-jogger-homme\/"]}]},{"@type":"ImageObject","inLanguage":"fr-FR","@id":"https:\/\/www.miomiorun.com\/fr\/produit\/rival-terry-jogger-homme\/#primaryimage","url":"https:\/\/www.miomiorun.com\/app\/uploads\/2024\/12\/under-armour-Rival-terry-jogger-black-M-1380843-0001.webp","contentUrl":"https:\/\/www.miomiorun.com\/app\/uploads\/2024\/12\/under-armour-Rival-terry-jogger-black-M-1380843-0001.webp","width":600,"height":600,"caption":"under armour Rival terry jogger black M 1380843-0001"},{"@type":"BreadcrumbList","@id":"https:\/\/www.miomiorun.com\/fr\/produit\/rival-terry-jogger-homme\/#breadcrumb","itemListElement":[{"@type":"ListItem","position":1,"name":"Home","item":"https:\/\/www.miomiorun.com\/fr\/home-page\/"},{"@type":"ListItem","position":2,"name":"Shop","item":"https:\/\/www.miomiorun.com\/shop\/"},{"@type":"ListItem","position":3,"name":"Rival terry jogger homme"}]},{"@type":"WebSite","@id":"https:\/\/www.miomiorun.com\/fr\/#website","url":"https:\/\/www.miomiorun.com\/fr\/","name":"MioMioRun","description":"Boutique 100% running et trail","publisher":{"@id":"https:\/\/www.miomiorun.com\/fr\/#organization"},"potentialAction":[{"@type":"SearchAction","target":{"@type":"EntryPoint","urlTemplate":"https:\/\/www.miomiorun.com\/fr\/?s={search_term_string}"},"query-input":{"@type":"PropertyValueSpecification","valueRequired":true,"valueName":"search_term_string"}}],"inLanguage":"fr-FR"},{"@type":"Organization","@id":"https:\/\/www.miomiorun.com\/fr\/#organization","name":"MioMio Run","url":"https:\/\/www.miomiorun.com\/fr\/","logo":{"@type":"ImageObject","inLanguage":"fr-FR","@id":"https:\/\/www.miomiorun.com\/fr\/#\/schema\/logo\/image\/","url":"https:\/\/www.miomiorun.com\/app\/uploads\/2019\/12\/logomio.png","contentUrl":"https:\/\/www.miomiorun.com\/app\/uploads\/2019\/12\/logomio.png","width":115,"height":82,"caption":"MioMio Run"},"image":{"@id":"https:\/\/www.miomiorun.com\/fr\/#\/schema\/logo\/image\/"},"sameAs":["https:\/\/www.facebook.com\/miomiorun\/","https:\/\/www.instagram.com\/miomiorun\/"]}]}},"_links":{"self":[{"href":"https:\/\/www.miomiorun.com\/fr\/wp-json\/wp\/v2\/product\/297644","targetHints":{"allow":["GET"]}}],"collection":[{"href":"https:\/\/www.miomiorun.com\/fr\/wp-json\/wp\/v2\/product"}],"about":[{"href":"https:\/\/www.miomiorun.com\/fr\/wp-json\/wp\/v2\/types\/product"}],"wp:featuredmedia":[{"embeddable":true,"href":"https:\/\/www.miomiorun.com\/fr\/wp-json\/wp\/v2\/media\/250214"}],"wp:attachment":[{"href":"https:\/\/www.miomiorun.com\/fr\/wp-json\/wp\/v2\/media?parent=297644"}],"wp:term":[{"taxonomy":"product_brand","embeddable":true,"href":"https:\/\/www.miomiorun.com\/fr\/wp-json\/wp\/v2\/product_brand?post=297644"},{"taxonomy":"product_cat","embeddable":true,"href":"https:\/\/www.miomiorun.com\/fr\/wp-json\/wp\/v2\/product_cat?post=297644"},{"taxonomy":"product_tag","embeddable":true,"href":"https:\/\/www.miomiorun.com\/fr\/wp-json\/wp\/v2\/product_tag?post=297644"}],"curies":[{"name":"wp","href":"https:\/\/api.w.org\/{rel}","templated":true}]}}