{"id":297642,"date":"2024-12-05T14:18:11","date_gmt":"2024-12-05T13:18:11","guid":{"rendered":"https:\/\/miomiorun.com\/prodotto\/sherpa-reversible-jacket-uomo\/"},"modified":"2025-11-21T16:08:09","modified_gmt":"2025-11-21T15:08:09","slug":"sherpa-reversible-jacket-homme","status":"publish","type":"product","link":"https:\/\/www.miomiorun.com\/fr\/produit\/sherpa-reversible-jacket-homme\/","title":{"rendered":"Sherpa Reversible Jacket homme"},"content":{"rendered":"<h2>Veste Sherpa r\u00e9versible coupe-vent et d\u00e9perlante pour homme : con\u00e7ue pour les aventures de tous les jours.<\/h2>\n<p>Fabriqu\u00e9e en tissu Pro-Meteo monocouche, cette veste vous prot\u00e8ge du vent lors de vos trajets quotidiens et de vos randonn\u00e9es de plusieurs jours. Le tissu en nylon avec traitement d\u00e9perlant DWR sans PFAS vous prot\u00e8ge de la pluie. Gr\u00e2ce \u00e0 la conception enti\u00e8rement r\u00e9versible, vous pouvez choisir votre look en fonction de la journ\u00e9e. Le tricot thermique respirant vous garde au chaud les jours les plus froids. De plus, vous pouvez la laver et la s\u00e9cher \u00e0 basse temp\u00e9rature et avec peu de d\u00e9tergent. Deux poches zipp\u00e9es pour les mains et une poche zipp\u00e9e sur la poitrine prot\u00e8gent les objets personnels, tandis que la capuche, les poignets et l&#8217;ourlet \u00e9lastiques maintiennent la veste en place \u00e0 tout moment. La veste Sherpa r\u00e9versible pour hommes est un v\u00eatement confortable et tendance qui ajoute une touche de style \u00e0 vos aventures et \u00e0 vos journ\u00e9es de farniente.<\/p>\n<p><strong>Caract\u00e9ristiques :<\/strong><\/p>\n<ul class=\"tw-list-disc\">\n<li class=\"tw-text-xs\">Veste \u00e0 capuche pour homme<\/li>\n<li class=\"tw-text-xs\">Tissu en nylon DWR<\/li>\n<li class=\"tw-text-xs\">Tissu thermique tricot\u00e9 avec effet peau d&#8217;agneau, respirant et facile d&#8217;entretien<\/li>\n<li class=\"tw-text-xs\">Fermeture centrale zipp\u00e9e, poches mains zipp\u00e9es, poche poitrine zipp\u00e9e<\/li>\n<li class=\"tw-text-xs\">Capuche, poignets et ourlet termin\u00e9s par un \u00e9lastique<\/li>\n<li class=\"tw-text-xs\">Enti\u00e8rement r\u00e9versible<\/li>\n<li class=\"tw-text-xs\">V\u00eatement id\u00e9al pour diverses activit\u00e9s de plein air et de loisirs<\/li>\n<li>Poids : 730,0 g<\/li>\n<\/ul>\n<h3 style=\"text-align: center;\">Avantages<\/h3>\n<p>&nbsp;<\/p>\n<div class=\"content__image-wrapper tw-w-fit\">\n<div class=\"content__image tw-relative tw-w-[3.2rem]\"><img loading=\"lazy\" decoding=\"async\" class=\"tw-absolute tw-top-0 tw-left-0 tw-w-full tw-h-full\" src=\"https:\/\/www.montura.com\/cdn\/shop\/files\/002_WaterResistantDWR_Black.svg?v=1709125500&amp;width=200\" srcset=\"\/\/www.montura.com\/cdn\/shop\/files\/002_WaterResistantDWR_Black.svg?v=1709125500&amp;width=200 200w\" alt=\"\" width=\"50\" height=\"50\" \/><\/div>\n<div>\n<h3 class=\"tw-text-s tw-pt-[1.2rem] tw-pb-[0.4rem] tw-font-medium\">D\u00e9perlant (DWR)<\/h3>\n<p class=\"tw-text-greyish-brown tw-text-xs tw-pt-[0.4rem]\">Une couche d\u00e9perlante appliqu\u00e9e sur le tissu offre une l\u00e9g\u00e8re protection contre l&#8217;humidit\u00e9 ext\u00e9rieure.<\/p>\n<\/div>\n<\/div>\n<div class=\"content__image-wrapper tw-w-fit\">\n<div><\/div>\n<div class=\"content__image tw-relative tw-w-[3.2rem]\"><img loading=\"lazy\" decoding=\"async\" class=\"tw-absolute tw-top-0 tw-left-0 tw-w-full tw-h-full\" src=\"https:\/\/www.montura.com\/cdn\/shop\/files\/003_Windproof_Black.svg?v=1709125529&amp;width=200\" srcset=\"\/\/www.montura.com\/cdn\/shop\/files\/003_Windproof_Black.svg?v=1709125529&amp;width=200 200w\" alt=\"\" width=\"50\" height=\"50\" \/><\/div>\n<div>\n<h3 class=\"tw-text-s tw-pt-[1.2rem] tw-pb-[0.4rem] tw-font-medium\">Coupe-vent<\/h3>\n<p class=\"tw-text-greyish-brown tw-text-xs tw-pt-[0.4rem]\">Le tissu emp\u00eache le vent de p\u00e9n\u00e9trer, r\u00e9duisant ainsi le risque de refroidissement.<\/p>\n<\/div>\n<\/div>\n<p>&nbsp;<\/p>\n<p><img loading=\"lazy\" decoding=\"async\" class=\"tw-absolute tw-top-0 tw-left-0 tw-w-full tw-h-full\" src=\"https:\/\/www.montura.com\/cdn\/shop\/files\/012_RecycledMaterial_Black.svg?v=1709125426&amp;width=200\" srcset=\"\/\/www.montura.com\/cdn\/shop\/files\/012_RecycledMaterial_Black.svg?v=1709125426&amp;width=200 200w\" alt=\"\" width=\"49\" height=\"49\" \/><\/p>\n<div class=\"content__image-wrapper tw-w-fit\">\n<div>\n<h3 class=\"tw-text-s tw-pt-[1.2rem] tw-pb-[0.4rem] tw-font-medium\">Mat\u00e9riaux recycl\u00e9s<\/h3>\n<p class=\"tw-text-greyish-brown tw-text-xs tw-pt-[0.4rem]\">Fabriqu\u00e9 \u00e0 partir de mat\u00e9riaux recycl\u00e9s, ce produit contribue \u00e0 r\u00e9duire les d\u00e9chets et l&#8217;utilisation de mat\u00e9riaux vierges.<\/p>\n<\/div>\n<\/div>\n<p>&nbsp;<\/p>\n<p>&nbsp;<\/p>\n","protected":false},"excerpt":{"rendered":"<ul>\n<li>Veste parfaite pour la randonn\u00e9e en montagne.<\/li>\n<li>Il vous prot\u00e8ge du vent et de la pluie l\u00e9g\u00e8re.<\/li>\n<li>Veste r\u00e9versible.<\/li>\n<\/ul>\n","protected":false},"featured_media":380746,"template":"","meta":{"_acf_changed":false,"inline_featured_image":false},"product_brand":[],"product_cat":[24480,24482,24484],"product_tag":[23512,23524],"class_list":{"0":"post-297642","1":"product","2":"type-product","3":"status-publish","4":"has-post-thumbnail","6":"product_cat-vestes-fr-2","7":"product_cat-vetements-pour-hommes-fr","8":"product_cat-homme","9":"product_tag-montura-fr","10":"product_tag-montura-homme","11":"pa_attivita-lifestyle-fr","12":"pa_attivita-marcher","13":"pa_attivita-outdoor-fr","14":"pa_colore-sherpa-reversible-jacket-black-verde-sal-fr","15":"pa_marca-montura-fr","16":"pa_sesso-homme","17":"pa_size-medium-fr","18":"pa_size-extra-large-fr","20":"first","21":"outofstock","22":"taxable","23":"shipping-taxable","24":"purchasable","25":"product-type-variable","26":"wvs-archive-product-wrapper"},"acf":[],"yoast_head":"<!-- This site is optimized with the Yoast SEO plugin v26.8 - https:\/\/yoast.com\/product\/yoast-seo-wordpress\/ -->\n<title>Montura Sherpa Reversible Jacket homme - Veste pour homme - MioMioRun<\/title>\n<meta name=\"description\" content=\"Veste Sherpa r\u00e9versible coupe-vent et d\u00e9perlante pour homme : con\u00e7ue pour les aventures de tous les jours. Fabriqu\u00e9e en tissu Pro-Meteo monocouche.\" \/>\n<meta name=\"robots\" content=\"index, follow, max-snippet:-1, max-image-preview:large, max-video-preview:-1\" \/>\n<link rel=\"canonical\" href=\"https:\/\/www.miomiorun.com\/fr\/produit\/sherpa-reversible-jacket-homme\/\" \/>\n<meta property=\"og:locale\" content=\"fr_FR\" \/>\n<meta property=\"og:type\" content=\"article\" \/>\n<meta property=\"og:title\" content=\"Montura Sherpa Reversible Jacket homme - Veste pour homme - MioMioRun\" \/>\n<meta property=\"og:description\" content=\"Veste Sherpa r\u00e9versible coupe-vent et d\u00e9perlante pour homme : con\u00e7ue pour les aventures de tous les jours. Fabriqu\u00e9e en tissu Pro-Meteo monocouche.\" \/>\n<meta property=\"og:url\" content=\"https:\/\/www.miomiorun.com\/fr\/produit\/sherpa-reversible-jacket-homme\/\" \/>\n<meta property=\"og:site_name\" content=\"MioMioRun\" \/>\n<meta property=\"article:publisher\" content=\"https:\/\/www.facebook.com\/miomiorun\/\" \/>\n<meta property=\"article:modified_time\" content=\"2025-11-21T15:08:09+00:00\" \/>\n<meta property=\"og:image\" content=\"https:\/\/www.miomiorun.com\/app\/uploads\/2024\/12\/montura-Sherpa-reversible-jacket-verde-salvia-br-MJAC78X.49140.webp\" \/>\n\t<meta property=\"og:image:width\" content=\"600\" \/>\n\t<meta property=\"og:image:height\" content=\"600\" \/>\n\t<meta property=\"og:image:type\" content=\"image\/webp\" \/>\n<meta name=\"twitter:card\" content=\"summary_large_image\" \/>\n<meta name=\"twitter:label1\" content=\"Est. reading time\" \/>\n\t<meta name=\"twitter:data1\" content=\"2 minutes\" \/>\n<script type=\"application\/ld+json\" class=\"yoast-schema-graph\">{\"@context\":\"https:\/\/schema.org\",\"@graph\":[{\"@type\":\"WebPage\",\"@id\":\"https:\/\/www.miomiorun.com\/fr\/produit\/sherpa-reversible-jacket-homme\/\",\"url\":\"https:\/\/www.miomiorun.com\/fr\/produit\/sherpa-reversible-jacket-homme\/\",\"name\":\"Montura Sherpa Reversible Jacket homme - Veste pour homme - MioMioRun\",\"isPartOf\":{\"@id\":\"https:\/\/www.miomiorun.com\/fr\/#website\"},\"primaryImageOfPage\":{\"@id\":\"https:\/\/www.miomiorun.com\/fr\/produit\/sherpa-reversible-jacket-homme\/#primaryimage\"},\"image\":{\"@id\":\"https:\/\/www.miomiorun.com\/fr\/produit\/sherpa-reversible-jacket-homme\/#primaryimage\"},\"thumbnailUrl\":\"https:\/\/www.miomiorun.com\/app\/uploads\/2025\/12\/montura-Sherpa-reversible-jacket-black-verde-sal-MJAC78X.9049.webp\",\"datePublished\":\"2024-12-05T13:18:11+00:00\",\"dateModified\":\"2025-11-21T15:08:09+00:00\",\"description\":\"Veste Sherpa r\u00e9versible coupe-vent et d\u00e9perlante pour homme : con\u00e7ue pour les aventures de tous les jours. Fabriqu\u00e9e en tissu Pro-Meteo monocouche.\",\"breadcrumb\":{\"@id\":\"https:\/\/www.miomiorun.com\/fr\/produit\/sherpa-reversible-jacket-homme\/#breadcrumb\"},\"inLanguage\":\"fr-FR\",\"potentialAction\":[{\"@type\":\"ReadAction\",\"target\":[\"https:\/\/www.miomiorun.com\/fr\/produit\/sherpa-reversible-jacket-homme\/\"]}]},{\"@type\":\"ImageObject\",\"inLanguage\":\"fr-FR\",\"@id\":\"https:\/\/www.miomiorun.com\/fr\/produit\/sherpa-reversible-jacket-homme\/#primaryimage\",\"url\":\"https:\/\/www.miomiorun.com\/app\/uploads\/2025\/12\/montura-Sherpa-reversible-jacket-black-verde-sal-MJAC78X.9049.webp\",\"contentUrl\":\"https:\/\/www.miomiorun.com\/app\/uploads\/2025\/12\/montura-Sherpa-reversible-jacket-black-verde-sal-MJAC78X.9049.webp\",\"width\":720,\"height\":720,\"caption\":\"montura Sherpa reversible jacket black verde sal MJAC78X.9049\"},{\"@type\":\"BreadcrumbList\",\"@id\":\"https:\/\/www.miomiorun.com\/fr\/produit\/sherpa-reversible-jacket-homme\/#breadcrumb\",\"itemListElement\":[{\"@type\":\"ListItem\",\"position\":1,\"name\":\"Home\",\"item\":\"https:\/\/www.miomiorun.com\/fr\/home-page\/\"},{\"@type\":\"ListItem\",\"position\":2,\"name\":\"Shop\",\"item\":\"https:\/\/www.miomiorun.com\/shop\/\"},{\"@type\":\"ListItem\",\"position\":3,\"name\":\"Sherpa Reversible Jacket homme\"}]},{\"@type\":\"WebSite\",\"@id\":\"https:\/\/www.miomiorun.com\/fr\/#website\",\"url\":\"https:\/\/www.miomiorun.com\/fr\/\",\"name\":\"MioMioRun\",\"description\":\"Boutique 100% running et trail\",\"publisher\":{\"@id\":\"https:\/\/www.miomiorun.com\/fr\/#organization\"},\"potentialAction\":[{\"@type\":\"SearchAction\",\"target\":{\"@type\":\"EntryPoint\",\"urlTemplate\":\"https:\/\/www.miomiorun.com\/fr\/?s={search_term_string}\"},\"query-input\":{\"@type\":\"PropertyValueSpecification\",\"valueRequired\":true,\"valueName\":\"search_term_string\"}}],\"inLanguage\":\"fr-FR\"},{\"@type\":\"Organization\",\"@id\":\"https:\/\/www.miomiorun.com\/fr\/#organization\",\"name\":\"MioMio Run\",\"url\":\"https:\/\/www.miomiorun.com\/fr\/\",\"logo\":{\"@type\":\"ImageObject\",\"inLanguage\":\"fr-FR\",\"@id\":\"https:\/\/www.miomiorun.com\/fr\/#\/schema\/logo\/image\/\",\"url\":\"https:\/\/www.miomiorun.com\/app\/uploads\/2019\/12\/logomio.png\",\"contentUrl\":\"https:\/\/www.miomiorun.com\/app\/uploads\/2019\/12\/logomio.png\",\"width\":115,\"height\":82,\"caption\":\"MioMio Run\"},\"image\":{\"@id\":\"https:\/\/www.miomiorun.com\/fr\/#\/schema\/logo\/image\/\"},\"sameAs\":[\"https:\/\/www.facebook.com\/miomiorun\/\",\"https:\/\/www.instagram.com\/miomiorun\/\"]}]}<\/script>\n<!-- \/ Yoast SEO plugin. -->","yoast_head_json":{"title":"Montura Sherpa Reversible Jacket homme - Veste pour homme - MioMioRun","description":"Veste Sherpa r\u00e9versible coupe-vent et d\u00e9perlante pour homme : con\u00e7ue pour les aventures de tous les jours. Fabriqu\u00e9e en tissu Pro-Meteo monocouche.","robots":{"index":"index","follow":"follow","max-snippet":"max-snippet:-1","max-image-preview":"max-image-preview:large","max-video-preview":"max-video-preview:-1"},"canonical":"https:\/\/www.miomiorun.com\/fr\/produit\/sherpa-reversible-jacket-homme\/","og_locale":"fr_FR","og_type":"article","og_title":"Montura Sherpa Reversible Jacket homme - Veste pour homme - MioMioRun","og_description":"Veste Sherpa r\u00e9versible coupe-vent et d\u00e9perlante pour homme : con\u00e7ue pour les aventures de tous les jours. Fabriqu\u00e9e en tissu Pro-Meteo monocouche.","og_url":"https:\/\/www.miomiorun.com\/fr\/produit\/sherpa-reversible-jacket-homme\/","og_site_name":"MioMioRun","article_publisher":"https:\/\/www.facebook.com\/miomiorun\/","article_modified_time":"2025-11-21T15:08:09+00:00","og_image":[{"width":600,"height":600,"url":"https:\/\/www.miomiorun.com\/app\/uploads\/2024\/12\/montura-Sherpa-reversible-jacket-verde-salvia-br-MJAC78X.49140.webp","type":"image\/webp"}],"twitter_card":"summary_large_image","twitter_misc":{"Est. reading time":"2 minutes"},"schema":{"@context":"https:\/\/schema.org","@graph":[{"@type":"WebPage","@id":"https:\/\/www.miomiorun.com\/fr\/produit\/sherpa-reversible-jacket-homme\/","url":"https:\/\/www.miomiorun.com\/fr\/produit\/sherpa-reversible-jacket-homme\/","name":"Montura Sherpa Reversible Jacket homme - Veste pour homme - MioMioRun","isPartOf":{"@id":"https:\/\/www.miomiorun.com\/fr\/#website"},"primaryImageOfPage":{"@id":"https:\/\/www.miomiorun.com\/fr\/produit\/sherpa-reversible-jacket-homme\/#primaryimage"},"image":{"@id":"https:\/\/www.miomiorun.com\/fr\/produit\/sherpa-reversible-jacket-homme\/#primaryimage"},"thumbnailUrl":"https:\/\/www.miomiorun.com\/app\/uploads\/2025\/12\/montura-Sherpa-reversible-jacket-black-verde-sal-MJAC78X.9049.webp","datePublished":"2024-12-05T13:18:11+00:00","dateModified":"2025-11-21T15:08:09+00:00","description":"Veste Sherpa r\u00e9versible coupe-vent et d\u00e9perlante pour homme : con\u00e7ue pour les aventures de tous les jours. Fabriqu\u00e9e en tissu Pro-Meteo monocouche.","breadcrumb":{"@id":"https:\/\/www.miomiorun.com\/fr\/produit\/sherpa-reversible-jacket-homme\/#breadcrumb"},"inLanguage":"fr-FR","potentialAction":[{"@type":"ReadAction","target":["https:\/\/www.miomiorun.com\/fr\/produit\/sherpa-reversible-jacket-homme\/"]}]},{"@type":"ImageObject","inLanguage":"fr-FR","@id":"https:\/\/www.miomiorun.com\/fr\/produit\/sherpa-reversible-jacket-homme\/#primaryimage","url":"https:\/\/www.miomiorun.com\/app\/uploads\/2025\/12\/montura-Sherpa-reversible-jacket-black-verde-sal-MJAC78X.9049.webp","contentUrl":"https:\/\/www.miomiorun.com\/app\/uploads\/2025\/12\/montura-Sherpa-reversible-jacket-black-verde-sal-MJAC78X.9049.webp","width":720,"height":720,"caption":"montura Sherpa reversible jacket black verde sal MJAC78X.9049"},{"@type":"BreadcrumbList","@id":"https:\/\/www.miomiorun.com\/fr\/produit\/sherpa-reversible-jacket-homme\/#breadcrumb","itemListElement":[{"@type":"ListItem","position":1,"name":"Home","item":"https:\/\/www.miomiorun.com\/fr\/home-page\/"},{"@type":"ListItem","position":2,"name":"Shop","item":"https:\/\/www.miomiorun.com\/shop\/"},{"@type":"ListItem","position":3,"name":"Sherpa Reversible Jacket homme"}]},{"@type":"WebSite","@id":"https:\/\/www.miomiorun.com\/fr\/#website","url":"https:\/\/www.miomiorun.com\/fr\/","name":"MioMioRun","description":"Boutique 100% running et trail","publisher":{"@id":"https:\/\/www.miomiorun.com\/fr\/#organization"},"potentialAction":[{"@type":"SearchAction","target":{"@type":"EntryPoint","urlTemplate":"https:\/\/www.miomiorun.com\/fr\/?s={search_term_string}"},"query-input":{"@type":"PropertyValueSpecification","valueRequired":true,"valueName":"search_term_string"}}],"inLanguage":"fr-FR"},{"@type":"Organization","@id":"https:\/\/www.miomiorun.com\/fr\/#organization","name":"MioMio Run","url":"https:\/\/www.miomiorun.com\/fr\/","logo":{"@type":"ImageObject","inLanguage":"fr-FR","@id":"https:\/\/www.miomiorun.com\/fr\/#\/schema\/logo\/image\/","url":"https:\/\/www.miomiorun.com\/app\/uploads\/2019\/12\/logomio.png","contentUrl":"https:\/\/www.miomiorun.com\/app\/uploads\/2019\/12\/logomio.png","width":115,"height":82,"caption":"MioMio Run"},"image":{"@id":"https:\/\/www.miomiorun.com\/fr\/#\/schema\/logo\/image\/"},"sameAs":["https:\/\/www.facebook.com\/miomiorun\/","https:\/\/www.instagram.com\/miomiorun\/"]}]}},"_links":{"self":[{"href":"https:\/\/www.miomiorun.com\/fr\/wp-json\/wp\/v2\/product\/297642","targetHints":{"allow":["GET"]}}],"collection":[{"href":"https:\/\/www.miomiorun.com\/fr\/wp-json\/wp\/v2\/product"}],"about":[{"href":"https:\/\/www.miomiorun.com\/fr\/wp-json\/wp\/v2\/types\/product"}],"wp:featuredmedia":[{"embeddable":true,"href":"https:\/\/www.miomiorun.com\/fr\/wp-json\/wp\/v2\/media\/380746"}],"wp:attachment":[{"href":"https:\/\/www.miomiorun.com\/fr\/wp-json\/wp\/v2\/media?parent=297642"}],"wp:term":[{"taxonomy":"product_brand","embeddable":true,"href":"https:\/\/www.miomiorun.com\/fr\/wp-json\/wp\/v2\/product_brand?post=297642"},{"taxonomy":"product_cat","embeddable":true,"href":"https:\/\/www.miomiorun.com\/fr\/wp-json\/wp\/v2\/product_cat?post=297642"},{"taxonomy":"product_tag","embeddable":true,"href":"https:\/\/www.miomiorun.com\/fr\/wp-json\/wp\/v2\/product_tag?post=297642"}],"curies":[{"name":"wp","href":"https:\/\/api.w.org\/{rel}","templated":true}]}}