{"id":297640,"date":"2024-12-11T16:55:28","date_gmt":"2024-12-11T15:55:28","guid":{"rendered":"https:\/\/miomiorun.com\/prodotto\/t-shirt-running-adizero-uomo\/"},"modified":"2025-05-21T12:04:38","modified_gmt":"2025-05-21T10:04:38","slug":"t-shirt-running-adizero-homme","status":"publish","type":"product","link":"https:\/\/www.miomiorun.com\/fr\/produit\/t-shirt-running-adizero-homme\/","title":{"rendered":"T-shirt running adizero homme"},"content":{"rendered":"<div class=\"vc-row container\"><div class=\"vc-column\"><div class=\"vc-column-text\"><\/p>\n<div class=\"text-content___13aRm\">\n<p>Con\u00e7u pour ceux qui recherchent des performances sup\u00e9rieures et un confort sans compromis, le T-shirt de course Adizero d&#8217;adidas repr\u00e9sente l&#8217;\u00e9quilibre parfait entre la technologie et le style. Fabriqu\u00e9 \u00e0 partir de mat\u00e9riaux ultra-l\u00e9gers, ce t-shirt offre une sensation de fra\u00eecheur et une grande libert\u00e9 de mouvement, ce qui vous permet de vous concentrer uniquement sur vos performances.<\/p>\n<p>Gr\u00e2ce \u00e0 son tissu \u00e0 s\u00e9chage rapide, le T-shirt Adizero \u00e9vacue la transpiration de la peau, garantissant une sensation de s\u00e9cheresse m\u00eame lors des sorties les plus exigeantes. La conception respirante favorise une ventilation optimale, maintenant une temp\u00e9rature corporelle id\u00e9ale \u00e0 tout moment. Parfait pour les journ\u00e9es chaudes ou les entra\u00eenements de haute intensit\u00e9, il s&#8217;adapte aux besoins des coureurs les plus exigeants.<\/p>\n<p>Le style minimaliste est un hommage \u00e0 la simplicit\u00e9 fonctionnelle : des lignes \u00e9pur\u00e9es et des d\u00e9tails discrets, rehauss\u00e9s par le logo adidas embl\u00e9matique, font de ce maillot un v\u00eatement polyvalent pour l&#8217;entra\u00eenement comme pour un look sportif de tous les jours. La coupe optimale et la construction ergonomique garantissent un ajustement parfait au corps, r\u00e9duisant les frottements et l&#8217;inconfort.<\/p>\n<p>Que vous vous attaquiez \u00e0 une course, \u00e0 une longue s\u00e9ance d&#8217;entra\u00eenement ou \u00e0 un simple footing en soir\u00e9e, le T-shirt de course Adizero est le compagnon id\u00e9al pour atteindre vos objectifs avec style et confort. Choisissez le meilleur pour vos s\u00e9ances de course et d\u00e9couvrez la diff\u00e9rence que fait le port d&#8217;un v\u00eatement con\u00e7u pour l&#8217;athl\u00e8te.<\/p>\n<h3>Caract\u00e9ristiques :<\/h3>\n<ul class=\"gl-list\">\n<li class=\"gl-vspace-bpall-small\">Coupe ajust\u00e9e<\/li>\n<li class=\"gl-vspace-bpall-small\">Col ras du cou<\/li>\n<li class=\"gl-vspace-bpall-small\">83% polyester (recycl\u00e9) \/ 17% \u00e9lasthanne<\/li>\n<li class=\"gl-vspace-bpall-small\">Tissu l\u00e9ger<\/li>\n<\/ul>\n<ul class=\"gl-list\">\n<li class=\"gl-vspace-bpall-small\">AEROREADY<\/li>\n<li class=\"gl-vspace-bpall-small\">Logo r\u00e9fl\u00e9chissant<\/li>\n<\/ul>\n<\/div>\n<div class=\"accordion__content___29x9h\">\n<div class=\"content-padding___2kVWQ\">\n<div class=\"care___2GwB4\" data-auto-id=\"pdp-content-care\">\n<div class=\"care-instructions___3scEd\">\n<h4 class=\"care-title___2YJe1 gl-no-margin-bottom\">Instructions de lavage<\/h4>\n<ul class=\"\">\n<li class=\"gl-vspace-bpall-small\"><img loading=\"lazy\" decoding=\"async\" src=\"https:\/\/www.adidas.it\/glass\/react\/7ef7926\/assets\/img\/washing-instructions\/B1.svg\" alt=\"\" width=\"24\" height=\"24\" \/>Ne pas javelliser<\/li>\n<li class=\"gl-vspace-bpall-small\"><img loading=\"lazy\" decoding=\"async\" src=\"https:\/\/www.adidas.it\/glass\/react\/7ef7926\/assets\/img\/washing-instructions\/C1.svg\" alt=\"\" width=\"24\" height=\"24\" \/>Ne pas s\u00e9cher au s\u00e8che-linge<\/li>\n<li class=\"gl-vspace-bpall-small\"><img loading=\"lazy\" decoding=\"async\" src=\"https:\/\/www.adidas.it\/glass\/react\/7ef7926\/assets\/img\/washing-instructions\/E1.svg\" alt=\"\" width=\"24\" height=\"24\" \/>Ne pas nettoyer \u00e0 sec<\/li>\n<li class=\"gl-vspace-bpall-small\"><img loading=\"lazy\" decoding=\"async\" src=\"https:\/\/www.adidas.it\/glass\/react\/7ef7926\/assets\/img\/washing-instructions\/D1.svg\" alt=\"\" width=\"24\" height=\"24\" \/>Ne pas repasser<\/li>\n<li class=\"gl-vspace-bpall-small\"><img loading=\"lazy\" decoding=\"async\" src=\"https:\/\/www.adidas.it\/glass\/react\/7ef7926\/assets\/img\/washing-instructions\/A3.svg\" alt=\"\" width=\"24\" height=\"24\" \/>Lavage en machine \u00e0 l&#8217;eau froide<\/li>\n<\/ul>\n<\/div>\n<\/div>\n<\/div>\n<\/div>\n<p><\/div><\/div><\/div>\n","protected":false},"excerpt":{"rendered":"<ul>\n<li>Mat\u00e9riaux ultra-l\u00e9gers et respirants : garantissent une sensation de fra\u00eecheur et de libert\u00e9 \u00e0 chaque course.<\/li>\n<li>Tissu \u00e0 s\u00e9chage rapide : garde votre peau au sec m\u00eame pendant les entra\u00eenements les plus intenses.<\/li>\n<li>Conception ergonomique et minimaliste : offre du confort, r\u00e9duit les frottements et s&#8217;adapte \u00e0 un style sportif polyvalent.<\/li>\n<\/ul>\n","protected":false},"featured_media":250370,"template":"","meta":{"_acf_changed":false,"inline_featured_image":false},"product_brand":[],"product_cat":[24449,24482],"product_tag":[23557,23564],"class_list":{"0":"post-297640","1":"product","2":"type-product","3":"status-publish","4":"has-post-thumbnail","6":"product_cat-t-shirt-fr-3","7":"product_cat-vetements-pour-hommes-fr","8":"product_tag-adidas-fr","9":"product_tag-adidas-homme","10":"pa_attivita-marcher","11":"pa_attivita-running-fr","12":"pa_colore-adizero-tee-black-m-fr","13":"pa_marca-adidas-fr","14":"pa_sesso-homme","15":"pa_size-small-fr","16":"pa_size-large-fr","18":"first","19":"instock","20":"sale","21":"taxable","22":"shipping-taxable","23":"purchasable","24":"product-type-variable","25":"wvs-archive-product-wrapper"},"acf":[],"yoast_head":"<!-- This site is optimized with the Yoast SEO plugin v26.8 - https:\/\/yoast.com\/product\/yoast-seo-wordpress\/ -->\n<title>Adidas T-shirt running adizero homme - T-shirt de course - MioMioRun<\/title>\n<meta name=\"description\" content=\"T-shirt de course Adizero : l\u00e9g\u00e8ret\u00e9 et respirabilit\u00e9 pour vos courses. Tissu \u00e0 s\u00e9chage rapide et design ergonomique pour des performances \u00e9lev\u00e9es.\" \/>\n<meta name=\"robots\" content=\"index, follow, max-snippet:-1, max-image-preview:large, max-video-preview:-1\" \/>\n<link rel=\"canonical\" href=\"https:\/\/www.miomiorun.com\/fr\/produit\/t-shirt-running-adizero-homme\/\" \/>\n<meta property=\"og:locale\" content=\"fr_FR\" \/>\n<meta property=\"og:type\" content=\"article\" \/>\n<meta property=\"og:title\" content=\"Adidas T-shirt running adizero homme - T-shirt de course - MioMioRun\" \/>\n<meta property=\"og:description\" content=\"T-shirt de course Adizero : l\u00e9g\u00e8ret\u00e9 et respirabilit\u00e9 pour vos courses. Tissu \u00e0 s\u00e9chage rapide et design ergonomique pour des performances \u00e9lev\u00e9es.\" \/>\n<meta property=\"og:url\" content=\"https:\/\/www.miomiorun.com\/fr\/produit\/t-shirt-running-adizero-homme\/\" \/>\n<meta property=\"og:site_name\" content=\"MioMioRun\" \/>\n<meta property=\"article:publisher\" content=\"https:\/\/www.facebook.com\/miomiorun\/\" \/>\n<meta property=\"article:modified_time\" content=\"2025-05-21T10:04:38+00:00\" \/>\n<meta property=\"og:image\" content=\"https:\/\/www.miomiorun.com\/app\/uploads\/2024\/12\/adidas-Adizero-tee-black-M-IX2831.webp\" \/>\n\t<meta property=\"og:image:width\" content=\"600\" \/>\n\t<meta property=\"og:image:height\" content=\"600\" \/>\n\t<meta property=\"og:image:type\" content=\"image\/webp\" \/>\n<meta name=\"twitter:card\" content=\"summary_large_image\" \/>\n<meta name=\"twitter:label1\" content=\"Est. reading time\" \/>\n\t<meta name=\"twitter:data1\" content=\"2 minutes\" \/>\n<script type=\"application\/ld+json\" class=\"yoast-schema-graph\">{\"@context\":\"https:\/\/schema.org\",\"@graph\":[{\"@type\":\"WebPage\",\"@id\":\"https:\/\/www.miomiorun.com\/fr\/produit\/t-shirt-running-adizero-homme\/\",\"url\":\"https:\/\/www.miomiorun.com\/fr\/produit\/t-shirt-running-adizero-homme\/\",\"name\":\"Adidas T-shirt running adizero homme - T-shirt de course - MioMioRun\",\"isPartOf\":{\"@id\":\"https:\/\/www.miomiorun.com\/fr\/#website\"},\"primaryImageOfPage\":{\"@id\":\"https:\/\/www.miomiorun.com\/fr\/produit\/t-shirt-running-adizero-homme\/#primaryimage\"},\"image\":{\"@id\":\"https:\/\/www.miomiorun.com\/fr\/produit\/t-shirt-running-adizero-homme\/#primaryimage\"},\"thumbnailUrl\":\"https:\/\/www.miomiorun.com\/app\/uploads\/2024\/12\/adidas-Adizero-tee-black-M-IX2831.webp\",\"datePublished\":\"2024-12-11T15:55:28+00:00\",\"dateModified\":\"2025-05-21T10:04:38+00:00\",\"description\":\"T-shirt de course Adizero : l\u00e9g\u00e8ret\u00e9 et respirabilit\u00e9 pour vos courses. Tissu \u00e0 s\u00e9chage rapide et design ergonomique pour des performances \u00e9lev\u00e9es.\",\"breadcrumb\":{\"@id\":\"https:\/\/www.miomiorun.com\/fr\/produit\/t-shirt-running-adizero-homme\/#breadcrumb\"},\"inLanguage\":\"fr-FR\",\"potentialAction\":[{\"@type\":\"ReadAction\",\"target\":[\"https:\/\/www.miomiorun.com\/fr\/produit\/t-shirt-running-adizero-homme\/\"]}]},{\"@type\":\"ImageObject\",\"inLanguage\":\"fr-FR\",\"@id\":\"https:\/\/www.miomiorun.com\/fr\/produit\/t-shirt-running-adizero-homme\/#primaryimage\",\"url\":\"https:\/\/www.miomiorun.com\/app\/uploads\/2024\/12\/adidas-Adizero-tee-black-M-IX2831.webp\",\"contentUrl\":\"https:\/\/www.miomiorun.com\/app\/uploads\/2024\/12\/adidas-Adizero-tee-black-M-IX2831.webp\",\"width\":600,\"height\":600,\"caption\":\"adidas Adizero tee black M IX2831\"},{\"@type\":\"BreadcrumbList\",\"@id\":\"https:\/\/www.miomiorun.com\/fr\/produit\/t-shirt-running-adizero-homme\/#breadcrumb\",\"itemListElement\":[{\"@type\":\"ListItem\",\"position\":1,\"name\":\"Home\",\"item\":\"https:\/\/www.miomiorun.com\/fr\/home-page\/\"},{\"@type\":\"ListItem\",\"position\":2,\"name\":\"Shop\",\"item\":\"https:\/\/www.miomiorun.com\/shop\/\"},{\"@type\":\"ListItem\",\"position\":3,\"name\":\"T-shirt running adizero homme\"}]},{\"@type\":\"WebSite\",\"@id\":\"https:\/\/www.miomiorun.com\/fr\/#website\",\"url\":\"https:\/\/www.miomiorun.com\/fr\/\",\"name\":\"MioMioRun\",\"description\":\"Boutique 100% running et trail\",\"publisher\":{\"@id\":\"https:\/\/www.miomiorun.com\/fr\/#organization\"},\"potentialAction\":[{\"@type\":\"SearchAction\",\"target\":{\"@type\":\"EntryPoint\",\"urlTemplate\":\"https:\/\/www.miomiorun.com\/fr\/?s={search_term_string}\"},\"query-input\":{\"@type\":\"PropertyValueSpecification\",\"valueRequired\":true,\"valueName\":\"search_term_string\"}}],\"inLanguage\":\"fr-FR\"},{\"@type\":\"Organization\",\"@id\":\"https:\/\/www.miomiorun.com\/fr\/#organization\",\"name\":\"MioMio Run\",\"url\":\"https:\/\/www.miomiorun.com\/fr\/\",\"logo\":{\"@type\":\"ImageObject\",\"inLanguage\":\"fr-FR\",\"@id\":\"https:\/\/www.miomiorun.com\/fr\/#\/schema\/logo\/image\/\",\"url\":\"https:\/\/www.miomiorun.com\/app\/uploads\/2019\/12\/logomio.png\",\"contentUrl\":\"https:\/\/www.miomiorun.com\/app\/uploads\/2019\/12\/logomio.png\",\"width\":115,\"height\":82,\"caption\":\"MioMio Run\"},\"image\":{\"@id\":\"https:\/\/www.miomiorun.com\/fr\/#\/schema\/logo\/image\/\"},\"sameAs\":[\"https:\/\/www.facebook.com\/miomiorun\/\",\"https:\/\/www.instagram.com\/miomiorun\/\"]}]}<\/script>\n<!-- \/ Yoast SEO plugin. -->","yoast_head_json":{"title":"Adidas T-shirt running adizero homme - T-shirt de course - MioMioRun","description":"T-shirt de course Adizero : l\u00e9g\u00e8ret\u00e9 et respirabilit\u00e9 pour vos courses. Tissu \u00e0 s\u00e9chage rapide et design ergonomique pour des performances \u00e9lev\u00e9es.","robots":{"index":"index","follow":"follow","max-snippet":"max-snippet:-1","max-image-preview":"max-image-preview:large","max-video-preview":"max-video-preview:-1"},"canonical":"https:\/\/www.miomiorun.com\/fr\/produit\/t-shirt-running-adizero-homme\/","og_locale":"fr_FR","og_type":"article","og_title":"Adidas T-shirt running adizero homme - T-shirt de course - MioMioRun","og_description":"T-shirt de course Adizero : l\u00e9g\u00e8ret\u00e9 et respirabilit\u00e9 pour vos courses. Tissu \u00e0 s\u00e9chage rapide et design ergonomique pour des performances \u00e9lev\u00e9es.","og_url":"https:\/\/www.miomiorun.com\/fr\/produit\/t-shirt-running-adizero-homme\/","og_site_name":"MioMioRun","article_publisher":"https:\/\/www.facebook.com\/miomiorun\/","article_modified_time":"2025-05-21T10:04:38+00:00","og_image":[{"width":600,"height":600,"url":"https:\/\/www.miomiorun.com\/app\/uploads\/2024\/12\/adidas-Adizero-tee-black-M-IX2831.webp","type":"image\/webp"}],"twitter_card":"summary_large_image","twitter_misc":{"Est. reading time":"2 minutes"},"schema":{"@context":"https:\/\/schema.org","@graph":[{"@type":"WebPage","@id":"https:\/\/www.miomiorun.com\/fr\/produit\/t-shirt-running-adizero-homme\/","url":"https:\/\/www.miomiorun.com\/fr\/produit\/t-shirt-running-adizero-homme\/","name":"Adidas T-shirt running adizero homme - T-shirt de course - MioMioRun","isPartOf":{"@id":"https:\/\/www.miomiorun.com\/fr\/#website"},"primaryImageOfPage":{"@id":"https:\/\/www.miomiorun.com\/fr\/produit\/t-shirt-running-adizero-homme\/#primaryimage"},"image":{"@id":"https:\/\/www.miomiorun.com\/fr\/produit\/t-shirt-running-adizero-homme\/#primaryimage"},"thumbnailUrl":"https:\/\/www.miomiorun.com\/app\/uploads\/2024\/12\/adidas-Adizero-tee-black-M-IX2831.webp","datePublished":"2024-12-11T15:55:28+00:00","dateModified":"2025-05-21T10:04:38+00:00","description":"T-shirt de course Adizero : l\u00e9g\u00e8ret\u00e9 et respirabilit\u00e9 pour vos courses. Tissu \u00e0 s\u00e9chage rapide et design ergonomique pour des performances \u00e9lev\u00e9es.","breadcrumb":{"@id":"https:\/\/www.miomiorun.com\/fr\/produit\/t-shirt-running-adizero-homme\/#breadcrumb"},"inLanguage":"fr-FR","potentialAction":[{"@type":"ReadAction","target":["https:\/\/www.miomiorun.com\/fr\/produit\/t-shirt-running-adizero-homme\/"]}]},{"@type":"ImageObject","inLanguage":"fr-FR","@id":"https:\/\/www.miomiorun.com\/fr\/produit\/t-shirt-running-adizero-homme\/#primaryimage","url":"https:\/\/www.miomiorun.com\/app\/uploads\/2024\/12\/adidas-Adizero-tee-black-M-IX2831.webp","contentUrl":"https:\/\/www.miomiorun.com\/app\/uploads\/2024\/12\/adidas-Adizero-tee-black-M-IX2831.webp","width":600,"height":600,"caption":"adidas Adizero tee black M IX2831"},{"@type":"BreadcrumbList","@id":"https:\/\/www.miomiorun.com\/fr\/produit\/t-shirt-running-adizero-homme\/#breadcrumb","itemListElement":[{"@type":"ListItem","position":1,"name":"Home","item":"https:\/\/www.miomiorun.com\/fr\/home-page\/"},{"@type":"ListItem","position":2,"name":"Shop","item":"https:\/\/www.miomiorun.com\/shop\/"},{"@type":"ListItem","position":3,"name":"T-shirt running adizero homme"}]},{"@type":"WebSite","@id":"https:\/\/www.miomiorun.com\/fr\/#website","url":"https:\/\/www.miomiorun.com\/fr\/","name":"MioMioRun","description":"Boutique 100% running et trail","publisher":{"@id":"https:\/\/www.miomiorun.com\/fr\/#organization"},"potentialAction":[{"@type":"SearchAction","target":{"@type":"EntryPoint","urlTemplate":"https:\/\/www.miomiorun.com\/fr\/?s={search_term_string}"},"query-input":{"@type":"PropertyValueSpecification","valueRequired":true,"valueName":"search_term_string"}}],"inLanguage":"fr-FR"},{"@type":"Organization","@id":"https:\/\/www.miomiorun.com\/fr\/#organization","name":"MioMio Run","url":"https:\/\/www.miomiorun.com\/fr\/","logo":{"@type":"ImageObject","inLanguage":"fr-FR","@id":"https:\/\/www.miomiorun.com\/fr\/#\/schema\/logo\/image\/","url":"https:\/\/www.miomiorun.com\/app\/uploads\/2019\/12\/logomio.png","contentUrl":"https:\/\/www.miomiorun.com\/app\/uploads\/2019\/12\/logomio.png","width":115,"height":82,"caption":"MioMio Run"},"image":{"@id":"https:\/\/www.miomiorun.com\/fr\/#\/schema\/logo\/image\/"},"sameAs":["https:\/\/www.facebook.com\/miomiorun\/","https:\/\/www.instagram.com\/miomiorun\/"]}]}},"_links":{"self":[{"href":"https:\/\/www.miomiorun.com\/fr\/wp-json\/wp\/v2\/product\/297640","targetHints":{"allow":["GET"]}}],"collection":[{"href":"https:\/\/www.miomiorun.com\/fr\/wp-json\/wp\/v2\/product"}],"about":[{"href":"https:\/\/www.miomiorun.com\/fr\/wp-json\/wp\/v2\/types\/product"}],"wp:featuredmedia":[{"embeddable":true,"href":"https:\/\/www.miomiorun.com\/fr\/wp-json\/wp\/v2\/media\/250370"}],"wp:attachment":[{"href":"https:\/\/www.miomiorun.com\/fr\/wp-json\/wp\/v2\/media?parent=297640"}],"wp:term":[{"taxonomy":"product_brand","embeddable":true,"href":"https:\/\/www.miomiorun.com\/fr\/wp-json\/wp\/v2\/product_brand?post=297640"},{"taxonomy":"product_cat","embeddable":true,"href":"https:\/\/www.miomiorun.com\/fr\/wp-json\/wp\/v2\/product_cat?post=297640"},{"taxonomy":"product_tag","embeddable":true,"href":"https:\/\/www.miomiorun.com\/fr\/wp-json\/wp\/v2\/product_tag?post=297640"}],"curies":[{"name":"wp","href":"https:\/\/api.w.org\/{rel}","templated":true}]}}