{"id":297509,"date":"2024-12-12T15:00:45","date_gmt":"2024-12-12T14:00:45","guid":{"rendered":"https:\/\/miomiorun.com\/prodotto\/x-ultra-4-gtx-donna\/"},"modified":"2026-05-08T22:25:53","modified_gmt":"2026-05-08T20:25:53","slug":"x-ultra-4-gtx-femme","status":"publish","type":"product","link":"https:\/\/www.miomiorun.com\/fr\/produit\/x-ultra-4-gtx-femme\/","title":{"rendered":"X Ultra 4 GTX femme"},"content":{"rendered":"<div class=\"vc-row container\"><div class=\"vc-column\"><div class=\"vc-column-text\"><\/p>\n<p><strong>Caract\u00e9ristiques techniques<\/strong><\/p>\n<p>Cat\u00e9gorie : amorti sup\u00e9rieur<br \/>\nPoids : 313 g<br \/>\nId\u00e9al pour : les coureurs de montagne \u00e0 la recherche d&#8217;un mod\u00e8le solide et robuste qui offre traction, protection et confort sur les longues et moyennes distances pendant la saison hivernale, et avec une membrane Gore-tex pour vous prot\u00e9ger de la pluie.<br \/>\nPoids de l&#8217;athl\u00e8te : 55-75 kg<br \/>\nAllure de course : moyenne-lente (&gt;5.30 min\/km)<br \/>\n<a href=\"https:\/\/miomiorun.com\/fr\/guide-des-specificites\/\">Guide de sp\u00e9cification<\/a><\/p>\n<p><\/div><\/div><div class=\"vc-column\"><div class=\"vc-column-text\">La <strong>X Ultra 4 Gtx<\/strong> est une chaussure pour femme qui s&#8217;adapte parfaitement \u00e0 la morphologie du pied f\u00e9minin : manchette plus souple, conception anatomique enveloppante et densit\u00e9 plus faible Advanced Chassis\u2122 pour une plus grande stabilit\u00e9.<\/p>\n<p>En version f\u00e9minine, la X ULTRA 4 ajoute \u00e0 tout cela une protection GORE-TEX et une semelle \u00e0 forte adh\u00e9rence pour aborder les mont\u00e9es et les descentes \u00e0 toute vitesse, en vous laissant vivre votre soif d&#8217;aventure \u00e0 360\u00b0.<\/p>\n<h3>Parfait pour :<\/h3>\n<p><span class=\"\">Randonn\u00e9e de<\/span> <span class=\"\">jour<\/span> <span class=\"\">,<\/span> <span class=\"\">randonn\u00e9e, terrain alpin, terrain mixte<\/span>.<\/p>\n<p><strong>Hauteur :<\/strong> Profil bas<\/p>\n<p><strong>Protection du pied :<\/strong> \u00e9lev\u00e9e<\/p>\n<p><strong>Soutien du pied :<\/strong> \u00c9lev\u00e9<\/p>\n<p><strong>Terrain :<\/strong> Terrain alpin, Terrain mixte<\/p>\n<p><strong>Imperm\u00e9abilit\u00e9 :<\/strong> GORE-TEX<\/p>\n<p>&nbsp;<\/p>\n<h2>Caract\u00e9ristiques :<\/h2>\n<div class=\"pdp-gap-m\">\n<p class=\"pdp-sidebar-popin-details_subtitle\"><strong>SEMELLE<\/strong><\/p>\n<ul>\n<li><b>Crampons Chevron<\/b>: Crampons profonds avec adh\u00e9rence multidirectionnelle pour une meilleure traction sur les surfaces molles telles que la boue ou les sols meubles.<\/li>\n<li>All <b>Terrain<\/b> Contagrip\u00ae : La semelle All Terrain Contagrip\u00ae convient \u00e0 une grande vari\u00e9t\u00e9 de surfaces. Elle garantit durabilit\u00e9 et s\u00e9curit\u00e9 sur les surfaces humides, s\u00e8ches, dures ou molles.<\/li>\n<\/ul>\n<\/div>\n<div class=\"pdp-gap-m\">\n<p class=\"pdp-sidebar-popin-details_subtitle\"><strong>CHASSIS\u2122<\/strong><\/p>\n<p><b>AdvancedCHASSIS\u2122<\/b>: L&#8217;Advanced Chassis\u2122 est un insert profil\u00e9 int\u00e9gr\u00e9 \u00e0 la semelle. En plus d&#8217;offrir un excellent maintien lat\u00e9ral et une protection rassurante, il permet une libert\u00e9 de mouvement et une flexibilit\u00e9 optimales.<\/p>\n<\/div>\n<div class=\"pdp-gap-m\">\n<p class=\"pdp-sidebar-popin-details_subtitle\"><strong>MATI\u00c8RE SUP\u00c9RIEURE<\/strong><\/p>\n<ul>\n<li><b>Maille anti-d\u00e9bris<\/b>: Maille ajust\u00e9e qui emp\u00eache les d\u00e9bris de se coincer entre le pied et l&#8217;assise plantaire.<\/li>\n<li>Tige <b>synth\u00e9tique<\/b>: Tige synth\u00e9tique pour une grande durabilit\u00e9 et protection dans les sports de plein air.<\/li>\n<li><b>Hydrofuge<\/b>: Traitement sp\u00e9cial qui emp\u00eache le tissu d&#8217;absorber l&#8217;eau en cas de pluie l\u00e9g\u00e8re ou d&#8217;averse, offrant ainsi une protection suppl\u00e9mentaire.<\/li>\n<\/ul>\n<\/div>\n<div class=\"pdp-gap-m\">\n<p class=\"pdp-sidebar-popin-details_subtitle\"><strong>MAT\u00c9RIAU DE LA DOUBLURE<\/strong><\/p>\n<p>Doublure <b>en tissu<\/b>: Doublure souple et respirante pour un confort extr\u00eame.<\/p>\n<\/div>\n<div class=\"pdp-gap-m\">\n<p class=\"pdp-sidebar-popin-details_subtitle\"><strong>CONSTRUCTION DE LA TIGE<\/strong><\/p>\n<ul>\n<li><b>Poche \u00e0 lacet<\/b>: pour ranger le syst\u00e8me de la\u00e7age Quicklace\u2122.<\/li>\n<li><strong>Protection des orteils<\/strong><\/li>\n<li><b>SensiFIT\u2122<\/b>: La construction SensiFit\u2122 enveloppe le pied de la semelle interm\u00e9diaire au syst\u00e8me de la\u00e7age, assurant un ajustement pr\u00e9cis, s\u00fbr et quasiment personnalis\u00e9.<\/li>\n<li>Tige <b>soud\u00e9e<\/b>: La construction de la tige sans couture offre un ajustement et une sensation aussi douce qu&#8217;un gant.<\/li>\n<li><strong>Construction sp\u00e9cifique aux femmes<\/strong><\/li>\n<li><b>Garde-boue protecteur<\/b>: Une couche de cuir, de mat\u00e9riau synth\u00e9tique ou de caoutchouc autour de la base du pied qui prot\u00e8ge les c\u00f4t\u00e9s m\u00e9dial et lat\u00e9ral.<\/li>\n<li><b>Active Support\u2122<\/b>: Ces ailettes mobiles permettent de maintenir le pied en place et de soutenir ses mouvements, en s&#8217;adaptant \u00e0 sa forme et \u00e0 son volume.<\/li>\n<\/ul>\n<\/div>\n<div class=\"pdp-gap-m\">\n<p class=\"pdp-sidebar-popin-details_subtitle\"><strong>LIT PLANTAIRE<\/strong><\/p>\n<p>Semelle <b>OrthoLite\u00ae<\/b> moul\u00e9e : Fa\u00e7onn\u00e9e pour \u00e9pouser les contours de votre pied, cette semelle OrthoLite\u00ae offre un amorti, une respirabilit\u00e9 et une durabilit\u00e9 sup\u00e9rieurs afin d&#8217;optimiser le confort et les performances de nos chaussures.<\/p>\n<\/div>\n<div class=\"pdp-gap-m\">\n<p class=\"pdp-sidebar-popin-details_subtitle\"><strong>SYST\u00c8ME D&#8217;ANCRAGE<\/strong><\/p>\n<p><b>quickLACE\u2122<\/b>: lacet fin et solide pour un la\u00e7age en une seule fois. Simplifie la mise en place et le retrait de la chaussure.<\/p>\n<\/div>\n<div class=\"pdp-gap-m\">\n<p class=\"pdp-sidebar-popin-details_subtitle\"><strong>MEMBRANE<\/strong><\/p>\n<p><b>GORE-TEX\u00ae<\/b>: GORE-TEX\u00ae garde les pieds au sec, \u00e0 l&#8217;int\u00e9rieur comme \u00e0 l&#8217;ext\u00e9rieur.<\/p>\n<\/div>\n<div class=\"pdp-gap-m\">\n<p class=\"pdp-sidebar-popin-details_subtitle\"><strong>DURABILIT\u00c9<\/strong><\/p>\n<p><b>Sans PFC<\/b>: Afin de r\u00e9duire notre impact sur l&#8217;environnement, nous garantissons l&#8217;imperm\u00e9abilit\u00e9 de nos chaussures sans utiliser de PFC nocifs. Nos mod\u00e8les GORE-TEX imperm\u00e9ables sont exempts de PFC.<\/p>\n<\/div>\n<p><\/div><\/div><\/div>\n","protected":false},"excerpt":{"rendered":"<ul>\n<li>Chaussures id\u00e9ales pour affronter les mont\u00e9es et les descentes \u00e0 toute vitesse.<\/li>\n<li>Avec membrane Gore-Tex pour vous prot\u00e9ger de l&#8217;humidit\u00e9.<\/li>\n<\/ul>\n","protected":false},"featured_media":250548,"template":"","meta":{"_acf_changed":false,"inline_featured_image":false},"product_brand":[],"product_cat":[24435,24432],"product_tag":[23581,23619],"class_list":{"0":"post-297509","1":"product","2":"type-product","3":"status-publish","4":"has-post-thumbnail","6":"product_cat-chaussures-pour-femmes-fr","7":"product_cat-trail-fr-2","8":"product_tag-salomon-fr","9":"product_tag-salomon-femme","10":"pa_attivita-outdoor-fr","11":"pa_colore-x-ultra-4-gtx-w-black-stowea-opal-fr","12":"pa_marca-salomon-fr","13":"pa_sesso-femme","14":"pa_size-41-fr","16":"first","17":"instock","18":"taxable","19":"shipping-taxable","20":"purchasable","21":"product-type-variable","22":"wvs-archive-product-wrapper"},"acf":[],"yoast_head":"<!-- This site is optimized with the Yoast SEO plugin v26.8 - https:\/\/yoast.com\/product\/yoast-seo-wordpress\/ -->\n<title>Salomon X Ultra 4 GTX femme - chaussures de trail pour femmes - MioMioRun<\/title>\n<meta name=\"description\" content=\"Salomon X ULTRA 4 GTX W : chaussure de randonn\u00e9e pour femme, protection GORE-TEX, stabilit\u00e9 et forte adh\u00e9rence pour la randonn\u00e9e sur tous les terrains.\" \/>\n<meta name=\"robots\" content=\"index, follow, max-snippet:-1, max-image-preview:large, max-video-preview:-1\" \/>\n<link rel=\"canonical\" href=\"https:\/\/www.miomiorun.com\/fr\/produit\/x-ultra-4-gtx-femme\/\" \/>\n<meta property=\"og:locale\" content=\"fr_FR\" \/>\n<meta property=\"og:type\" content=\"article\" \/>\n<meta property=\"og:title\" content=\"Salomon X Ultra 4 GTX femme - chaussures de trail pour femmes - MioMioRun\" \/>\n<meta property=\"og:description\" content=\"Salomon X ULTRA 4 GTX W : chaussure de randonn\u00e9e pour femme, protection GORE-TEX, stabilit\u00e9 et forte adh\u00e9rence pour la randonn\u00e9e sur tous les terrains.\" \/>\n<meta property=\"og:url\" content=\"https:\/\/www.miomiorun.com\/fr\/produit\/x-ultra-4-gtx-femme\/\" \/>\n<meta property=\"og:site_name\" content=\"MioMioRun\" \/>\n<meta property=\"article:publisher\" content=\"https:\/\/www.facebook.com\/miomiorun\/\" \/>\n<meta property=\"article:modified_time\" content=\"2026-05-08T20:25:53+00:00\" \/>\n<meta property=\"og:image\" content=\"https:\/\/www.miomiorun.com\/app\/uploads\/2024\/12\/salomon-X-ULTRA-4-GTX-W-black-stowea-opal-L41289600.webp\" \/>\n\t<meta property=\"og:image:width\" content=\"600\" \/>\n\t<meta property=\"og:image:height\" content=\"600\" \/>\n\t<meta property=\"og:image:type\" content=\"image\/webp\" \/>\n<meta name=\"twitter:card\" content=\"summary_large_image\" \/>\n<meta name=\"twitter:label1\" content=\"Est. reading time\" \/>\n\t<meta name=\"twitter:data1\" content=\"3 minutes\" \/>\n<script type=\"application\/ld+json\" class=\"yoast-schema-graph\">{\"@context\":\"https:\/\/schema.org\",\"@graph\":[{\"@type\":\"WebPage\",\"@id\":\"https:\/\/www.miomiorun.com\/fr\/produit\/x-ultra-4-gtx-femme\/\",\"url\":\"https:\/\/www.miomiorun.com\/fr\/produit\/x-ultra-4-gtx-femme\/\",\"name\":\"Salomon X Ultra 4 GTX femme - chaussures de trail pour femmes - MioMioRun\",\"isPartOf\":{\"@id\":\"https:\/\/www.miomiorun.com\/fr\/#website\"},\"primaryImageOfPage\":{\"@id\":\"https:\/\/www.miomiorun.com\/fr\/produit\/x-ultra-4-gtx-femme\/#primaryimage\"},\"image\":{\"@id\":\"https:\/\/www.miomiorun.com\/fr\/produit\/x-ultra-4-gtx-femme\/#primaryimage\"},\"thumbnailUrl\":\"https:\/\/www.miomiorun.com\/app\/uploads\/2024\/12\/salomon-X-ULTRA-4-GTX-W-black-stowea-opal-L41289600.webp\",\"datePublished\":\"2024-12-12T14:00:45+00:00\",\"dateModified\":\"2026-05-08T20:25:53+00:00\",\"description\":\"Salomon X ULTRA 4 GTX W : chaussure de randonn\u00e9e pour femme, protection GORE-TEX, stabilit\u00e9 et forte adh\u00e9rence pour la randonn\u00e9e sur tous les terrains.\",\"breadcrumb\":{\"@id\":\"https:\/\/www.miomiorun.com\/fr\/produit\/x-ultra-4-gtx-femme\/#breadcrumb\"},\"inLanguage\":\"fr-FR\",\"potentialAction\":[{\"@type\":\"ReadAction\",\"target\":[\"https:\/\/www.miomiorun.com\/fr\/produit\/x-ultra-4-gtx-femme\/\"]}]},{\"@type\":\"ImageObject\",\"inLanguage\":\"fr-FR\",\"@id\":\"https:\/\/www.miomiorun.com\/fr\/produit\/x-ultra-4-gtx-femme\/#primaryimage\",\"url\":\"https:\/\/www.miomiorun.com\/app\/uploads\/2024\/12\/salomon-X-ULTRA-4-GTX-W-black-stowea-opal-L41289600.webp\",\"contentUrl\":\"https:\/\/www.miomiorun.com\/app\/uploads\/2024\/12\/salomon-X-ULTRA-4-GTX-W-black-stowea-opal-L41289600.webp\",\"width\":600,\"height\":600,\"caption\":\"salomon X ULTRA 4 GTX W black stowea opal L41289600\"},{\"@type\":\"BreadcrumbList\",\"@id\":\"https:\/\/www.miomiorun.com\/fr\/produit\/x-ultra-4-gtx-femme\/#breadcrumb\",\"itemListElement\":[{\"@type\":\"ListItem\",\"position\":1,\"name\":\"Home\",\"item\":\"https:\/\/www.miomiorun.com\/fr\/home-page\/\"},{\"@type\":\"ListItem\",\"position\":2,\"name\":\"Shop\",\"item\":\"https:\/\/www.miomiorun.com\/shop\/\"},{\"@type\":\"ListItem\",\"position\":3,\"name\":\"X Ultra 4 GTX femme\"}]},{\"@type\":\"WebSite\",\"@id\":\"https:\/\/www.miomiorun.com\/fr\/#website\",\"url\":\"https:\/\/www.miomiorun.com\/fr\/\",\"name\":\"MioMioRun\",\"description\":\"Boutique 100% running et trail\",\"publisher\":{\"@id\":\"https:\/\/www.miomiorun.com\/fr\/#organization\"},\"potentialAction\":[{\"@type\":\"SearchAction\",\"target\":{\"@type\":\"EntryPoint\",\"urlTemplate\":\"https:\/\/www.miomiorun.com\/fr\/?s={search_term_string}\"},\"query-input\":{\"@type\":\"PropertyValueSpecification\",\"valueRequired\":true,\"valueName\":\"search_term_string\"}}],\"inLanguage\":\"fr-FR\"},{\"@type\":\"Organization\",\"@id\":\"https:\/\/www.miomiorun.com\/fr\/#organization\",\"name\":\"MioMio Run\",\"url\":\"https:\/\/www.miomiorun.com\/fr\/\",\"logo\":{\"@type\":\"ImageObject\",\"inLanguage\":\"fr-FR\",\"@id\":\"https:\/\/www.miomiorun.com\/fr\/#\/schema\/logo\/image\/\",\"url\":\"https:\/\/www.miomiorun.com\/app\/uploads\/2019\/12\/logomio.png\",\"contentUrl\":\"https:\/\/www.miomiorun.com\/app\/uploads\/2019\/12\/logomio.png\",\"width\":115,\"height\":82,\"caption\":\"MioMio Run\"},\"image\":{\"@id\":\"https:\/\/www.miomiorun.com\/fr\/#\/schema\/logo\/image\/\"},\"sameAs\":[\"https:\/\/www.facebook.com\/miomiorun\/\",\"https:\/\/www.instagram.com\/miomiorun\/\"]}]}<\/script>\n<!-- \/ Yoast SEO plugin. -->","yoast_head_json":{"title":"Salomon X Ultra 4 GTX femme - chaussures de trail pour femmes - MioMioRun","description":"Salomon X ULTRA 4 GTX W : chaussure de randonn\u00e9e pour femme, protection GORE-TEX, stabilit\u00e9 et forte adh\u00e9rence pour la randonn\u00e9e sur tous les terrains.","robots":{"index":"index","follow":"follow","max-snippet":"max-snippet:-1","max-image-preview":"max-image-preview:large","max-video-preview":"max-video-preview:-1"},"canonical":"https:\/\/www.miomiorun.com\/fr\/produit\/x-ultra-4-gtx-femme\/","og_locale":"fr_FR","og_type":"article","og_title":"Salomon X Ultra 4 GTX femme - chaussures de trail pour femmes - MioMioRun","og_description":"Salomon X ULTRA 4 GTX W : chaussure de randonn\u00e9e pour femme, protection GORE-TEX, stabilit\u00e9 et forte adh\u00e9rence pour la randonn\u00e9e sur tous les terrains.","og_url":"https:\/\/www.miomiorun.com\/fr\/produit\/x-ultra-4-gtx-femme\/","og_site_name":"MioMioRun","article_publisher":"https:\/\/www.facebook.com\/miomiorun\/","article_modified_time":"2026-05-08T20:25:53+00:00","og_image":[{"width":600,"height":600,"url":"https:\/\/www.miomiorun.com\/app\/uploads\/2024\/12\/salomon-X-ULTRA-4-GTX-W-black-stowea-opal-L41289600.webp","type":"image\/webp"}],"twitter_card":"summary_large_image","twitter_misc":{"Est. reading time":"3 minutes"},"schema":{"@context":"https:\/\/schema.org","@graph":[{"@type":"WebPage","@id":"https:\/\/www.miomiorun.com\/fr\/produit\/x-ultra-4-gtx-femme\/","url":"https:\/\/www.miomiorun.com\/fr\/produit\/x-ultra-4-gtx-femme\/","name":"Salomon X Ultra 4 GTX femme - chaussures de trail pour femmes - MioMioRun","isPartOf":{"@id":"https:\/\/www.miomiorun.com\/fr\/#website"},"primaryImageOfPage":{"@id":"https:\/\/www.miomiorun.com\/fr\/produit\/x-ultra-4-gtx-femme\/#primaryimage"},"image":{"@id":"https:\/\/www.miomiorun.com\/fr\/produit\/x-ultra-4-gtx-femme\/#primaryimage"},"thumbnailUrl":"https:\/\/www.miomiorun.com\/app\/uploads\/2024\/12\/salomon-X-ULTRA-4-GTX-W-black-stowea-opal-L41289600.webp","datePublished":"2024-12-12T14:00:45+00:00","dateModified":"2026-05-08T20:25:53+00:00","description":"Salomon X ULTRA 4 GTX W : chaussure de randonn\u00e9e pour femme, protection GORE-TEX, stabilit\u00e9 et forte adh\u00e9rence pour la randonn\u00e9e sur tous les terrains.","breadcrumb":{"@id":"https:\/\/www.miomiorun.com\/fr\/produit\/x-ultra-4-gtx-femme\/#breadcrumb"},"inLanguage":"fr-FR","potentialAction":[{"@type":"ReadAction","target":["https:\/\/www.miomiorun.com\/fr\/produit\/x-ultra-4-gtx-femme\/"]}]},{"@type":"ImageObject","inLanguage":"fr-FR","@id":"https:\/\/www.miomiorun.com\/fr\/produit\/x-ultra-4-gtx-femme\/#primaryimage","url":"https:\/\/www.miomiorun.com\/app\/uploads\/2024\/12\/salomon-X-ULTRA-4-GTX-W-black-stowea-opal-L41289600.webp","contentUrl":"https:\/\/www.miomiorun.com\/app\/uploads\/2024\/12\/salomon-X-ULTRA-4-GTX-W-black-stowea-opal-L41289600.webp","width":600,"height":600,"caption":"salomon X ULTRA 4 GTX W black stowea opal L41289600"},{"@type":"BreadcrumbList","@id":"https:\/\/www.miomiorun.com\/fr\/produit\/x-ultra-4-gtx-femme\/#breadcrumb","itemListElement":[{"@type":"ListItem","position":1,"name":"Home","item":"https:\/\/www.miomiorun.com\/fr\/home-page\/"},{"@type":"ListItem","position":2,"name":"Shop","item":"https:\/\/www.miomiorun.com\/shop\/"},{"@type":"ListItem","position":3,"name":"X Ultra 4 GTX femme"}]},{"@type":"WebSite","@id":"https:\/\/www.miomiorun.com\/fr\/#website","url":"https:\/\/www.miomiorun.com\/fr\/","name":"MioMioRun","description":"Boutique 100% running et trail","publisher":{"@id":"https:\/\/www.miomiorun.com\/fr\/#organization"},"potentialAction":[{"@type":"SearchAction","target":{"@type":"EntryPoint","urlTemplate":"https:\/\/www.miomiorun.com\/fr\/?s={search_term_string}"},"query-input":{"@type":"PropertyValueSpecification","valueRequired":true,"valueName":"search_term_string"}}],"inLanguage":"fr-FR"},{"@type":"Organization","@id":"https:\/\/www.miomiorun.com\/fr\/#organization","name":"MioMio Run","url":"https:\/\/www.miomiorun.com\/fr\/","logo":{"@type":"ImageObject","inLanguage":"fr-FR","@id":"https:\/\/www.miomiorun.com\/fr\/#\/schema\/logo\/image\/","url":"https:\/\/www.miomiorun.com\/app\/uploads\/2019\/12\/logomio.png","contentUrl":"https:\/\/www.miomiorun.com\/app\/uploads\/2019\/12\/logomio.png","width":115,"height":82,"caption":"MioMio Run"},"image":{"@id":"https:\/\/www.miomiorun.com\/fr\/#\/schema\/logo\/image\/"},"sameAs":["https:\/\/www.facebook.com\/miomiorun\/","https:\/\/www.instagram.com\/miomiorun\/"]}]}},"_links":{"self":[{"href":"https:\/\/www.miomiorun.com\/fr\/wp-json\/wp\/v2\/product\/297509","targetHints":{"allow":["GET"]}}],"collection":[{"href":"https:\/\/www.miomiorun.com\/fr\/wp-json\/wp\/v2\/product"}],"about":[{"href":"https:\/\/www.miomiorun.com\/fr\/wp-json\/wp\/v2\/types\/product"}],"wp:featuredmedia":[{"embeddable":true,"href":"https:\/\/www.miomiorun.com\/fr\/wp-json\/wp\/v2\/media\/250548"}],"wp:attachment":[{"href":"https:\/\/www.miomiorun.com\/fr\/wp-json\/wp\/v2\/media?parent=297509"}],"wp:term":[{"taxonomy":"product_brand","embeddable":true,"href":"https:\/\/www.miomiorun.com\/fr\/wp-json\/wp\/v2\/product_brand?post=297509"},{"taxonomy":"product_cat","embeddable":true,"href":"https:\/\/www.miomiorun.com\/fr\/wp-json\/wp\/v2\/product_cat?post=297509"},{"taxonomy":"product_tag","embeddable":true,"href":"https:\/\/www.miomiorun.com\/fr\/wp-json\/wp\/v2\/product_tag?post=297509"}],"curies":[{"name":"wp","href":"https:\/\/api.w.org\/{rel}","templated":true}]}}